{"id":59590,"date":"2025-03-19T09:33:23","date_gmt":"2025-03-19T09:33:23","guid":{"rendered":"https:\/\/www.bestbrokers.com\/?page_id=59590"},"modified":"2025-10-22T13:20:36","modified_gmt":"2025-10-22T13:20:36","slug":"account-opening","status":"publish","type":"page","link":"https:\/\/www.bestbrokers.com\/fr\/reviews\/ig\/account-opening\/","title":{"rendered":"Comment cr\u00e9er un compte sur IG"},"content":{"rendered":"<div class=\"author-line\">\u00c9crit par <span class=\"author\">Naylyan Nazifova<div class=\"author-sub-box\"><div class=\"author-info-wrapper\"><div class=\"author-name\"><a href=\"https:\/\/www.bestbrokers.com\/fr\/authors\/naylyan-nazifova\/\">Naylyan Nazifova<\/a><\/div><div class=\"author-bio\">Naylyan Nazifova est une experte reconnue dans le domaine du trading en ligne. Elle est l\u2019auteur de nombreuses publications et analyses portant sur le trading Forex, l\u2019investissement en actions et les finances personnelles.<\/div><\/div><\/div><\/span>,  <a rel=\"nofollow\" target=\"_blank\" href=\"https:\/\/www.linkedin.com\/in\/naylian-nazifova-58562a272\/\"><img decoding=\"async\" class=\"social-icon\" src=\"https:\/\/www.bestbrokers.com\/wp-content\/themes\/best-brokers\/assets\/images\/icon-linkedin.svg\" data-no-lazy=\"1\"><\/a> <span class=\"sep\">|<\/span> Traduit par <span class=\"author\">Agnes Orieux<div class=\"author-sub-box\"><div class=\"author-info-wrapper\"><div class=\"author-name\"><a href=\"https:\/\/www.bestbrokers.com\/fr\/authors\/agnes-orieux\/\">Agnes Orieux<\/a><\/div><div class=\"author-bio\">Agnes Orieux est une traductrice et r\u00e9dactrice de l'anglais vers le fran\u00e7ais, avec une exp\u00e9rience dans les march\u00e9s financiers. Elle est la r\u00e9dactrice principale de la version fran\u00e7aise de BestBrokers.com.<\/div><\/div><\/div><\/span> <span class=\"sep\">|<\/span> Mis \u00e0 jour : <time class=\"entry-date\" datetime=\"2025-10-22T13:20:36+00:00\">octobre 22, 2025<\/time><\/div>\n<h2 id=\"brief\"><i class=\"ico ico--assets\"><\/i>Types de compte propos\u00e9s par IG<\/h2>\n<p>En tant que courtier en ligne bien \u00e9tabli, IG propose une gamme de types de compte pour r\u00e9pondre aux besoins et objectifs vari\u00e9s de ses clients. Lors du choix d\u2019un type de compte, le courtier conseille aux clients de tenir compte de plusieurs aspects importants, notamment leurs objectifs et horizons de trading, les march\u00e9s privil\u00e9gi\u00e9s, l\u2019exp\u00e9rience, la tol\u00e9rance au risque et le budget disponible. Les traders peuvent choisir entre deux grandes cat\u00e9gories de comptes de trading : avec effet de levier et sans effet de levier.<\/p>\n<p>La premi\u00e8re cat\u00e9gorie de comptes \u00e0 effet de levier inclut le spread betting et les comptes CFD :<\/p>\n<ul class=\"list-checks\">\n<li><strong>Spread betting :<\/strong> ce type de compte permet aux traders de tirer profit des fluctuations de prix des actifs en prenant des positions longues ou courtes sans acheter l\u2019actif sous-jacent. Le spread betting est particuli\u00e8rement populaire aupr\u00e8s des traders britanniques, car il constitue au Royaume-Uni un moyen de trading exempt d\u2019imp\u00f4t.<\/li>\n<li><strong>Compte CFD :<\/strong> il s\u2019agit d\u2019une autre forme de trading sp\u00e9culatif ; tout comme le spread betting, il n\u2019implique pas la propri\u00e9t\u00e9 des actifs concern\u00e9s. Contrairement au spread betting, exempt d\u2019imp\u00f4t sur les plus-values, les b\u00e9n\u00e9fices issus des CFD peuvent \u00eatre compens\u00e9s par les pertes.<\/li>\n<\/ul>\n<p>Aucun de ces instruments n\u2019exige le paiement du droit de timbre. Les clients d\u2019IG peuvent n\u00e9gocier, via un compte de spread betting ou de CFD, le Forex, des actions, indices boursiers, m\u00e9taux, \u00e9nergies, cryptomonnaies et mati\u00e8res premi\u00e8res, soit plus de 17 000 instruments au total.<\/p>\n<p>Il n\u2019y a pas d\u2019exigence de d\u00e9p\u00f4t minimum pour ouvrir un compte CFD chez IG. Le courtier se r\u00e9mun\u00e8re via le spread ou, \u00e0 d\u00e9faut, une petite commission appliqu\u00e9e sur les transactions d\u2019actions.<\/p>\n<p>Quant \u00e0 la seconde grande cat\u00e9gorie de comptes IG, les comptes sans effet de levier (d\u2019investissement), les options incluent un compte de n\u00e9gociation d\u2019actions (Share dealing account), un compte Stocks and Shares ISA, le compte IG Smart Portfolio et le compte IG Smart ISA Portfolio. En outre, les clients d\u2019IG peuvent opter pour un compte d\u00e9mo, particuli\u00e8rement utile pour leur formation, car il permet de s\u2019exercer au trading avec 20 000 USD de fonds virtuels.<\/p>\n<p>Les traders doivent noter que la disponibilit\u00e9 de ces comptes peut varier selon leur localisation et la r\u00e9glementation de leur pays.<\/p>\n\n\t\t\t\t<div class=\"table\">\n\t\t\t\t\t<table class=\"table table-striped table-bordered\">\n\t\t\t\t\t\t<tr>\n\t\t\t\t\t\t\t<td style=\"width: 250px;\"><strong>Compte d\u00e9mo<\/strong><\/td>\n\t\t\t\t\t\t\t<td><img decoding=\"async\" width=\"24\" height=\"24\" src=\"\/wp-content\/themes\/best-brokers\/assets\/images\/ico-check.svg\" alt=\"Available\" \/><\/td>\n\t\t\t\t\t\t<\/tr>\n\t\t\t\t\t\t<tr>\n\t\t\t\t\t\t\t<td><strong>Islamic Account<\/strong><\/td>\n\t\t\t\t\t\t\t<td><img decoding=\"async\" width=\"24\" height=\"24\" src=\"\/wp-content\/themes\/best-brokers\/assets\/images\/ico-xmark.svg\" alt=\"Not Available\" \/><\/td>\n\t\t\t\t\t\t<\/tr>\n\t\t\t\t\t\t<tr>\n\t\t\t\t\t\t\t<td><strong>Compte ECN<\/strong><\/td>\n\t\t\t\t\t\t\t<td><img decoding=\"async\" width=\"24\" height=\"24\" src=\"\/wp-content\/themes\/best-brokers\/assets\/images\/ico-xmark.svg\" alt=\"Not Available\" \/><\/td>\n\t\t\t\t\t\t<\/tr>\n\t\t\t\t\t\t<tr>\n\t\t\t\t\t\t\t<td><strong>Compte pro<\/strong><\/td>\n\t\t\t\t\t\t\t<td><img decoding=\"async\" width=\"24\" height=\"24\" src=\"\/wp-content\/themes\/best-brokers\/assets\/images\/ico-check.svg\" alt=\"Available\" \/><\/td>\n\t\t\t\t\t\t<\/tr>\n\t\t\t\t\t\t<tr>\n\t\t\t\t\t\t\t<td><strong>MAM Account<\/strong><\/td>\n\t\t\t\t\t\t\t<td><img decoding=\"async\" width=\"24\" height=\"24\" src=\"\/wp-content\/themes\/best-brokers\/assets\/images\/ico-xmark.svg\" alt=\"Not Available\" \/><\/td>\n\t\t\t\t\t\t<\/tr>\n\t\t\t\t\t<\/table>\n\t\t\t\t<\/div>\n\t\t\t\n<h2 id=\"deposit\"><i class=\"ico ico--money-supply\"><\/i>Exigences minimales de d\u00e9p\u00f4t de compte<\/h2>\n<p>Comme indiqu\u00e9 ci-dessus, il n\u2019existe aucune exigence de solde minimum pour le compte CFD chez IG. Une fois leur compte r\u00e9el ouvert et leur activit\u00e9 de trading lanc\u00e9e, les traders n\u2019ont \u00e0 payer que le spread ou une petite commission sur les transactions d\u2019actions. Bien que le courtier n\u2019impose pas de solde minimum, les traders doivent noter qu\u2019un contrat minimal est requis.<\/p>\n<p>Les clients peuvent choisir la valeur par contrat, avec des tailles minimales diff\u00e9rentes pour les nouveaux clients. La taille de contrat chez IG varie selon le march\u00e9 et l\u2019instrument n\u00e9goci\u00e9. Sur le march\u00e9 des changes, un lot standard correspond g\u00e9n\u00e9ralement \u00e0 100 000 unit\u00e9s de la devise de base.<\/p>\n<p>Il convient toutefois de noter qu\u2019IG propose des contrats mini et micro sur certains march\u00e9s. Un mini-contrat Forex repr\u00e9sente 10 000 unit\u00e9s de la devise de base, tandis qu\u2019un micro-contrat en repr\u00e9sente 1 000.<\/p>\n<h2 id=\"instruments\"><i class=\"ico ico--common-technical-analysis-tools\"><\/i>Instruments n\u00e9gociables<\/h2>\n<p>IG ouvre un monde d\u2019opportunit\u00e9s avec plus de 17 000 march\u00e9s. Selon leurs pr\u00e9f\u00e9rences, les traders peuvent explorer les indices, le Forex, plus de 13 000 actions, les mati\u00e8res premi\u00e8res et les cryptomonnaies. Les march\u00e9s sp\u00e9cialis\u00e9s du courtier, tels que les obligations, taux et options, peuvent \u00e9galement susciter de l\u2019int\u00e9r\u00eat. Les traders peuvent profiter des hausses comme des baisses de prix sur plus de 90 paires majeures, mineures et exotiques.<\/p>\n<p>Les plateformes tierces partenaires d\u2019IG incluent L2 Dealer, ProRealTime, MetaTrader 4 et TradingView. Quant aux outils disponibles, les clients d\u2019IG disposent d\u2019un screener d\u2019actions, d\u2019un calendrier \u00e9conomique, d\u2019un outil d\u2019analyse des trades, d\u2019alertes, de graphiques, de signaux de trading et de signaux Forex.<\/p>\n<p>Les clients peuvent explorer ces march\u00e9s et outils avec un compte d\u00e9mo, leur permettant de d\u00e9velopper leurs comp\u00e9tences sur des milliers de march\u00e9s dans un environnement simul\u00e9. Leur solde virtuel s\u2019\u00e9l\u00e8ve \u00e0 20 000 USD, avec en prime des contenus \u00e9ducatifs exclusifs via IG Academy. Les applications mobiles, disponibles gratuitement, permettent de tester des strat\u00e9gies en d\u00e9placement.<\/p>\n<h2 id=\"steps\"><i class=\"ico ico--account\"><\/i>Processus d&rsquo;inscription sur IG \u2013 environ 5 minutes<\/h2>\n<ol class=\"list list--steps\">\n<li>Pour ouvrir un compte chez IG, cliquez sur le bouton \u00ab Ouvrir un compte \u00bb situ\u00e9 dans l\u2019angle sup\u00e9rieur droit de la page d\u2019accueil du courtier.<img decoding=\"async\" class=\"aligncenter\" src=\"https:\/\/www.bestbrokers.com\/wp-content\/uploads\/2025\/02\/ig-registration-1.webp\" alt=\"IG Registration Step 1\" \/><\/li>\n<li>Vous serez redirig\u00e9 vers un formulaire gr\u00e2ce auquel vous pourrez configurer votre compte r\u00e9el en quelques minutes. Les informations requises comprennent votre pr\u00e9nom, nom de famille et adresse e-mail. Vous devez cr\u00e9er un nom d\u2019utilisateur et d\u00e9finir un mot de passe. Ensuite, s\u00e9lectionnez votre pays de r\u00e9sidence dans un menu d\u00e9roulant ainsi que le type de compte que vous souhaitez ouvrir.<img decoding=\"async\" class=\"aligncenter\" src=\"https:\/\/www.bestbrokers.com\/wp-content\/uploads\/2025\/02\/ig-registration-2.webp\" alt=\"IG Registration Step 2\" \/><\/li>\n<li>Une fois le formulaire rempli, quelques informations suppl\u00e9mentaires seront n\u00e9cessaires avant de pouvoir commencer le trading. Dans le formulaire suivant, vous devez indiquer : votre date de naissance, l\u2019indicatif t\u00e9l\u00e9phonique international de votre pays, votre num\u00e9ro de t\u00e9l\u00e9phone, le mode de r\u00e9ception des relev\u00e9s et votre nationalit\u00e9.<img decoding=\"async\" class=\"aligncenter\" src=\"https:\/\/www.bestbrokers.com\/wp-content\/uploads\/2025\/02\/ig-registration-3.webp\" alt=\"IG Registration Step 3\" \/><\/li>\n<li>Cette \u00e9tape du processus d\u2019inscription consiste \u00e0 renseigner votre adresse compl\u00e8te et votre code postal.<img decoding=\"async\" class=\"aligncenter\" src=\"https:\/\/www.bestbrokers.com\/wp-content\/uploads\/2025\/02\/ig-registration-4.webp\" alt=\"IG Registration Step 4\" \/><\/li>\n<li>Lors de l\u2019\u00e9tape suivante, vous devrez fournir des informations sur votre situation financi\u00e8re : revenu annuel, valeur de votre \u00e9pargne et de vos investissements, ainsi que la provenance des fonds utilis\u00e9s pour trader. Quelques d\u00e9tails professionnels seront \u00e9galement demand\u00e9s, notamment votre statut d\u2019emploi, votre secteur d\u2019activit\u00e9 et votre profession.<img decoding=\"async\" class=\"aligncenter\" src=\"https:\/\/www.bestbrokers.com\/wp-content\/uploads\/2025\/02\/ig-registration-5.webp\" alt=\"IG Registration Step 5\" \/><\/li>\n<li>La sixi\u00e8me et derni\u00e8re \u00e9tape concerne votre exp\u00e9rience pertinente, \u00e0 la suite de laquelle le courtier pourra, le cas \u00e9ch\u00e9ant, demander des informations compl\u00e9mentaires. Vous devez indiquer votre exp\u00e9rience de trading sur plusieurs produits \u2014 actions et obligations, produits d\u00e9riv\u00e9s n\u00e9goci\u00e9s en bourse et d\u00e9riv\u00e9s OTC \u2014 au cours des trois derni\u00e8res ann\u00e9es. Vous devez \u00e9galement pr\u00e9ciser si vous poss\u00e9dez une quelconque exp\u00e9rience ou qualification relative aux produits propos\u00e9s par la soci\u00e9t\u00e9.Enfin, vous devez lire et accepter un formulaire attestant que vous \u00eates conscient des risques li\u00e9s au trading de CFD et d\u2019options, puis indiquer vos pr\u00e9f\u00e9rences marketing.\n<p><img decoding=\"async\" class=\"aligncenter\" src=\"https:\/\/www.bestbrokers.com\/wp-content\/uploads\/2025\/02\/ig-registration-6.webp\" alt=\"IG Registration Step 6\" \/><\/li>\n<\/ol>\n<h2 id=\"verification\"><i class=\"ico ico--approve\"><\/i>Processus de v\u00e9rification d\u2019identit\u00e9 \u2013 environ 5 minutes<\/h2>\n<p>Une fois la cr\u00e9ation du compte achev\u00e9e, le trader doit passer \u00e0 la v\u00e9rification d\u2019identit\u00e9. IG exige g\u00e9n\u00e9ralement deux documents : l\u2019un pour confirmer l\u2019identit\u00e9 et l\u2019autre comme justificatif de domicile. Il est \u00e9galement possible de fournir deux justificatifs d\u2019identit\u00e9. Le t\u00e9l\u00e9versement de ces documents prend peu de temps et, une fois approuv\u00e9s, les clients peuvent effectuer leur premi\u00e8re transaction aupr\u00e8s du courtier.<\/p>\n<p>Lors du t\u00e9l\u00e9versement des documents prouvant votre identit\u00e9 et votre adresse, veillez \u00e0 ce que toutes les informations soient nettes et lisibles.<\/p>\n<ol class=\"list list--steps\">\n<li>\n<h3>Justificatif d\u2019identit\u00e9<\/h3>\n<p>Comme justificatif d\u2019identit\u00e9, les clients d\u2019IG peuvent utiliser un passeport, une carte d\u2019identit\u00e9 ou un permis de conduire comportant leur photo ainsi que la date d\u2019expiration du document. Plusieurs fichiers peuvent \u00eatre t\u00e9l\u00e9vers\u00e9s simultan\u00e9ment. Si votre pi\u00e8ce d\u2019identit\u00e9 est recto-verso, n\u2019oubliez pas d\u2019envoyer les deux faces.<\/li>\n<li>\n<h3>Justificatif de domicile<\/h3>\n<p>Comme justificatif de domicile, les traders peuvent utiliser diff\u00e9rents documents couramment accept\u00e9s tels qu\u2019une facture de services publics, un relev\u00e9 bancaire, un relev\u00e9 de carte de cr\u00e9dit, une facture Internet, un bail ou contrat de location ou encore une lettre issue d&rsquo;une administration, entre autres. Quel que soit le document choisi, assurez-vous que le nom et l\u2019adresse correspondent \u00e0 ceux du formulaire d\u2019inscription. Concernant la validit\u00e9, le document doit dater de moins de trois mois. Les traders doivent \u00e9galement v\u00e9rifier que le nom et le logo de l\u2019institution \u00e9mettrice soient clairement visibles.<\/p>\n<p>Pour les relev\u00e9s bancaires et autres documents \u00e9mis par des \u00e9tablissements financiers, il est n\u00e9cessaire qu\u2019ils incluent le nom du titulaire, le num\u00e9ro de compte, le code banque et le nom de la banque \u00e9mettrice. Les captures d\u2019\u00e9cran de la banque en ligne sont accept\u00e9es \u00e0 condition de faire appara\u00eetre les informations personnelles du compte ainsi que les d\u00e9tails de la banque.<\/li>\n<\/ol>\n<h2 id=\"conclusion\"><i class=\"ico ico--pen\"><\/i>Conclusion<\/h2>\n<p>Dans l\u2019ensemble, nous estimons que le processus d\u2019ouverture et de v\u00e9rification de compte chez IG est relativement simple et fluide. Le site Web et l\u2019application mobile du courtier sont bien con\u00e7us et faciles \u00e0 naviguer, ce qui rend la cr\u00e9ation de compte sans tracas. Le courtier fournit des instructions claires tout au long de la proc\u00e9dure, avec des sections consacr\u00e9es aux informations personnelles, \u00e0 l\u2019adresse, aux donn\u00e9es financi\u00e8res et \u00e0 l\u2019historique de trading. Le t\u00e9l\u00e9versement des documents requis pour la v\u00e9rification d\u2019identit\u00e9 et de domicile est tout aussi rationalis\u00e9 ; la plupart des v\u00e9rifications de compte sont trait\u00e9es en 1 \u00e0 2 jours ouvr\u00e9s. Enfin, il convient de noter que l\u2019\u00e9quipe support du courtier est disponible pour r\u00e9pondre \u00e0 toute question ou r\u00e9soudre d\u2019\u00e9ventuels probl\u00e8mes durant l\u2019inscription et la v\u00e9rification.<\/p>\n","protected":false},"excerpt":{"rendered":"<p>Types de compte propos\u00e9s par IG En tant que courtier en ligne bien \u00e9tabli, IG propose une gamme de types de compte pour r\u00e9pondre aux besoins et objectifs vari\u00e9s de ses clients. Lors du choix d\u2019un type de compte, le courtier conseille aux clients de tenir compte de plusieurs aspects importants, notamment leurs objectifs et [&hellip;]<\/p>\n","protected":false},"author":2,"featured_media":0,"parent":11983,"menu_order":0,"comment_status":"closed","ping_status":"closed","template":"templates\/review.php","meta":{"footnotes":""},"class_list":["post-59590","page","type-page","status-publish","hentry"],"aioseo_notices":[],"_links":{"self":[{"href":"https:\/\/www.bestbrokers.com\/fr\/wp-json\/wp\/v2\/pages\/59590","targetHints":{"allow":["GET"]}}],"collection":[{"href":"https:\/\/www.bestbrokers.com\/fr\/wp-json\/wp\/v2\/pages"}],"about":[{"href":"https:\/\/www.bestbrokers.com\/fr\/wp-json\/wp\/v2\/types\/page"}],"author":[{"embeddable":true,"href":"https:\/\/www.bestbrokers.com\/fr\/wp-json\/wp\/v2\/users\/2"}],"replies":[{"embeddable":true,"href":"https:\/\/www.bestbrokers.com\/fr\/wp-json\/wp\/v2\/comments?post=59590"}],"version-history":[{"count":5,"href":"https:\/\/www.bestbrokers.com\/fr\/wp-json\/wp\/v2\/pages\/59590\/revisions"}],"predecessor-version":[{"id":71777,"href":"https:\/\/www.bestbrokers.com\/fr\/wp-json\/wp\/v2\/pages\/59590\/revisions\/71777"}],"up":[{"embeddable":true,"href":"https:\/\/www.bestbrokers.com\/fr\/wp-json\/wp\/v2\/pages\/11983"}],"wp:attachment":[{"href":"https:\/\/www.bestbrokers.com\/fr\/wp-json\/wp\/v2\/media?parent=59590"}],"curies":[{"name":"wp","href":"https:\/\/api.w.org\/{rel}","templated":true}]}}