{"id":59591,"date":"2025-03-19T09:33:23","date_gmt":"2025-03-19T09:33:23","guid":{"rendered":"https:\/\/www.bestbrokers.com\/?page_id=59591"},"modified":"2025-11-20T08:15:53","modified_gmt":"2025-11-20T08:15:53","slug":"account-opening","status":"publish","type":"page","link":"https:\/\/www.bestbrokers.com\/fr\/reviews\/blackbull-markets\/account-opening\/","title":{"rendered":"Comment cr\u00e9er un compte sur BlackBull Markets"},"content":{"rendered":"<div class=\"author-line\">\u00c9crit par <span class=\"author\">Naylyan Nazifova<div class=\"author-sub-box\"><div class=\"author-avatar\"><img decoding=\"async\" src=\"https:\/\/www.bestbrokers.com\/wp-content\/uploads\/2026\/04\/nnazifova.webp\" \/><\/div><div class=\"author-info-wrapper\"><div class=\"author-name\"><a href=\"https:\/\/www.bestbrokers.com\/fr\/authors\/naylyan-nazifova\/\">Naylyan Nazifova<\/a><\/div><div class=\"author-bio\">Naylyan Nazifova est une experte reconnue dans le domaine du trading en ligne. Elle est l\u2019auteur de nombreuses publications et analyses portant sur le trading Forex, l\u2019investissement en actions et les finances personnelles.<\/div><\/div><\/div><\/span>,  <a rel=\"nofollow\" target=\"_blank\" href=\"https:\/\/www.linkedin.com\/in\/naylian-nazifova-58562a272\/\"><img decoding=\"async\" class=\"social-icon\" src=\"https:\/\/www.bestbrokers.com\/wp-content\/themes\/best-brokers\/assets\/images\/icon-linkedin.svg\" data-no-lazy=\"1\"><\/a> <span class=\"sep\">|<\/span> Traduit par <span class=\"author\">Agnes Orieux<div class=\"author-sub-box\"><div class=\"author-info-wrapper\"><div class=\"author-name\"><a href=\"https:\/\/www.bestbrokers.com\/fr\/authors\/agnes-orieux\/\">Agnes Orieux<\/a><\/div><div class=\"author-bio\">Agnes Orieux est une traductrice et r\u00e9dactrice de l'anglais vers le fran\u00e7ais, avec une exp\u00e9rience dans les march\u00e9s financiers. Elle est la r\u00e9dactrice principale de la version fran\u00e7aise de BestBrokers.com.<\/div><\/div><\/div><\/span> <span class=\"sep\">|<\/span> Mis \u00e0 jour : <time class=\"entry-date\" datetime=\"2025-11-20T08:15:53+00:00\">novembre 20, 2025<\/time><\/div>\n<h2 id=\"brief\"><i class=\"ico ico--assets\"><\/i>Types de compte propos\u00e9s par BlackBull Markets<\/h2>\n<p>Selon votre exp\u00e9rience, votre tol\u00e9rance au risque et vos objectifs de trading, vous pouvez cr\u00e9er diff\u00e9rents comptes sur BlackBull Markets. D\u00e8s que vous ouvrez le formulaire d\u2019inscription, vous avez la possibilit\u00e9 de configurer un compte d\u00e9mo, qui vous permettra de vous entra\u00eener avec des fonds virtuels, et ainsi d&rsquo;\u00e9liminer le risque de perdre de l\u2019argent r\u00e9el tout en apprenant les bases du march\u00e9 Forex.<\/p>\n<p>Bien entendu, le trading en direct reste l\u2019objectif principal ; c\u2019est pourquoi le courtier propose plusieurs types de compte qui correspondent aux styles de diff\u00e9rents traders. Il existe trois types de comptes r\u00e9els que l\u2019on peut ouvrir sur BlackBull :<\/p>\n<ol class=\"list list--steps orange\">\n<li><strong>ECN Standard :<\/strong> la premi\u00e8re option, ECN Standard, convient aux d\u00e9butants, car elle ne comporte aucune exigence de d\u00e9p\u00f4t minimum. Les traders peuvent donc d\u00e9poser le montant avec lequel ils se sentent \u00e0 l\u2019aise. Le trading en micro-lots est possible avec une taille minimale de 0,01 lot. Les spreads commencent \u00e0 0,8 pip et aucune commission n\u2019est pr\u00e9lev\u00e9e par ordre.<\/li>\n<li><strong>ECN Prime :<\/strong> si vous souhaitez r\u00e9duire vos frais de trading, vous pouvez opter pour l\u2019ECN Prime, qui propose des spreads plus serr\u00e9s \u00e0 partir de 0,0 pip. Une petite commission aller-retour de 6 USD par lot s\u2019applique, mais le co\u00fbt total reste inf\u00e9rieur.<\/li>\n<li><strong>ECN Institutional :<\/strong> ceux qui pr\u00e9f\u00e8rent n\u00e9gocier des volumes plus importants pour des rendements plus \u00e9lev\u00e9s peuvent se tourner vers le compte ECN Institutional. Les spreads descendent jusqu\u2019\u00e0 0,0 pip et la commission aller-retour n\u2019est que de 4 USD.<\/li>\n<\/ol>\n<p>Comme vous pouvez le constater, tous ces comptes proposent une ex\u00e9cution ECN. Ils permettent le trading en micro-lots et offrent le m\u00eame levier maximal de 1:500. De plus, les comptes ECN Standard et ECN Prime prennent en charge le trading sans swap pour les traders musulmans. Si vous vous demandez quel type de compte vous convient le mieux, BlackBull Markets met \u00e0 votre disposition un court questionnaire pour vous aider \u00e0 d\u00e9cider.<\/p>\n\n\t\t\t\t<div class=\"table\">\n\t\t\t\t\t<table class=\"table table-striped table-bordered\">\n\t\t\t\t\t\t<tr>\n\t\t\t\t\t\t\t<td style=\"width: 250px;\"><strong>Compte d\u00e9mo<\/strong><\/td>\n\t\t\t\t\t\t\t<td><img decoding=\"async\" width=\"24\" height=\"24\" src=\"\/wp-content\/themes\/best-brokers\/assets\/images\/ico-check.svg\" alt=\"Available\" \/><\/td>\n\t\t\t\t\t\t<\/tr>\n\t\t\t\t\t\t<tr>\n\t\t\t\t\t\t\t<td><strong>Islamic Account<\/strong><\/td>\n\t\t\t\t\t\t\t<td><img decoding=\"async\" width=\"24\" height=\"24\" src=\"\/wp-content\/themes\/best-brokers\/assets\/images\/ico-check.svg\" alt=\"Available\" \/><\/td>\n\t\t\t\t\t\t<\/tr>\n\t\t\t\t\t\t<tr>\n\t\t\t\t\t\t\t<td><strong>Compte ECN<\/strong><\/td>\n\t\t\t\t\t\t\t<td><img decoding=\"async\" width=\"24\" height=\"24\" src=\"\/wp-content\/themes\/best-brokers\/assets\/images\/ico-check.svg\" alt=\"Available\" \/><\/td>\n\t\t\t\t\t\t<\/tr>\n\t\t\t\t\t\t<tr>\n\t\t\t\t\t\t\t<td><strong>Compte pro<\/strong><\/td>\n\t\t\t\t\t\t\t<td><img decoding=\"async\" width=\"24\" height=\"24\" src=\"\/wp-content\/themes\/best-brokers\/assets\/images\/ico-check.svg\" alt=\"Available\" \/><\/td>\n\t\t\t\t\t\t<\/tr>\n\t\t\t\t\t\t<tr>\n\t\t\t\t\t\t\t<td><strong>MAM Account<\/strong><\/td>\n\t\t\t\t\t\t\t<td><img decoding=\"async\" width=\"24\" height=\"24\" src=\"\/wp-content\/themes\/best-brokers\/assets\/images\/ico-check.svg\" alt=\"Available\" \/><\/td>\n\t\t\t\t\t\t<\/tr>\n\t\t\t\t\t<\/table>\n\t\t\t\t<\/div>\n\t\t\t\n<h2 id=\"deposit\"><i class=\"ico ico--money-supply\"><\/i>Exigences minimales de d\u00e9p\u00f4t<\/h2>\n<p>BlackBull Markets a adapt\u00e9 son offre de comptes aux volumes d\u2019\u00e9change et aux pr\u00e9f\u00e9rences de d\u00e9p\u00f4t des diff\u00e9rents traders. Nous conseillons aux d\u00e9butants de choisir le compte ECN Standard, car il n\u2019impose aucun d\u00e9p\u00f4t minimum et leur permet donc de verser le montant de leur choix. Cela dit, il convient de souligner que la taille minimale d\u2019un contrat sur ce compte est de 0,01 lot, soit l\u2019\u00e9quivalent de 1 000 unit\u00e9s dans la devise de base du compte. Les traders doivent donc disposer d\u2019au moins 1 000 USD sur leur solde pour pouvoir passer des ordres.<\/p>\n<p>Si vous \u00eates plus exp\u00e9riment\u00e9 et souhaitez diminuer vos co\u00fbts de trading, vous pouvez ouvrir un compte ECN Prime chez BlackBull Markets, lequel requiert un d\u00e9p\u00f4t d\u2019au moins 2 000 USD. Compte tenu de la taille minimale de contrat de 0,01 lot, nous estimons que ce d\u00e9p\u00f4t minimum de 2 000 USD est plus que raisonnable pour ce type de compte.<\/p>\n<p>Comme indiqu\u00e9 pr\u00e9c\u00e9demment, le compte ECN Institutional convient surtout aux traders \u00e0 gros volumes car il exige un d\u00e9p\u00f4t minimum de 20 000 USD. Cela dit, ex\u00e9cuter des ordres plus importants peut s\u2019av\u00e9rer tr\u00e8s rentable, puisque les frais de trading sont consid\u00e9rablement r\u00e9duits.<\/p>\n<h2 id=\"instruments\"><i class=\"ico ico--common-technical-analysis-tools\"><\/i>Instruments n\u00e9gociables<\/h2>\n<p>Quel que soit le type de compte, vous pouvez acc\u00e9der \u00e0 un large \u00e9ventail de plateformes de trading, ce qui vous offre l\u2019opportunit\u00e9 de n\u00e9gocier 26 000 instruments. Les march\u00e9s disponibles pour les clients comprennent le Forex, les actions, les mati\u00e8res premi\u00e8res, les indices, les contrats \u00e0 terme et les crypto-actifs. Le courtier s\u2019est associ\u00e9 \u00e0 des solutions tierces populaires telles que cTrader, MT4, MT5 et TradingView. En plus de ces plateformes, BlackBull Markets a lanc\u00e9 sa propre solution CopyTrader, id\u00e9ale pour suivre des fournisseurs de signaux performants et r\u00e9pliquer leurs transactions.<\/p>\n<p>Si vous souhaitez n\u00e9gocier des paires de devises, la section Forex dispose de plus de 60 paires, incluant des majeures, des mineures et des exotiques. Si c\u2019est plut\u00f4t le march\u00e9 boursier qui vous attire, vous pouvez \u00e9galement essayer la plateforme BlackBull Invest du courtier, qui donne acc\u00e8s \u00e0 des milliers d\u2019actions, d\u2019obligations, d\u2019ETF, d\u2019options et d\u2019autres actifs.<\/p>\n<h2 id=\"steps\"><i class=\"ico ico--account\"><\/i>Processus d\u2019inscription sur BlackBull Markets &#8211; environ 1 \u00e0 2 minutes<\/h2>\n<ol class=\"list list--steps\">\n<li>Pour rejoindre BlackBull Markets, cliquez sur le bouton \u00ab Join Now \u00bb situ\u00e9 sur la page d\u2019accueil du site du courtier.<img decoding=\"async\" class=\"aligncenter\" src=\"https:\/\/www.bestbrokers.com\/wp-content\/uploads\/2025\/02\/blackbull-markets-registration-1.webp\" alt=\"BlackBull Markets Registration Step 1\" \/><\/li>\n<li>Vous serez redirig\u00e9 vers la page d\u2019inscription, o\u00f9 l\u2019on vous demandera de saisir votre adresse e-mail pour continuer. Vous pouvez \u00e9galement choisir de vous inscrire via votre compte Google, Apple ou Facebook.<img decoding=\"async\" class=\"aligncenter\" src=\"https:\/\/www.bestbrokers.com\/wp-content\/uploads\/2025\/02\/blackbull-markets-registration-2.webp\" alt=\"BlackBull Markets Registration Step 2\" \/><\/li>\n<li>Renseignez les informations requises pour l\u2019inscription et choisissez si vous souhaitez ouvrir un compte D\u00e9mo ou un compte R\u00e9el. Confirmez que vous n\u2019\u00eates pas r\u00e9sident des \u00c9tats-Unis et acceptez les politiques de BlackBull Markets.<img decoding=\"async\" class=\"aligncenter\" src=\"https:\/\/www.bestbrokers.com\/wp-content\/uploads\/2025\/02\/blackbull-markets-registration-3.webp\" alt=\"BlackBull Markets Registration Step 3\" \/><\/li>\n<li>L\u2019\u00e9tape suivante consiste \u00e0 saisir des informations compl\u00e9mentaires sur votre compte de trading, votre adresse et certaines donn\u00e9es permettant de vous identifier.<img decoding=\"async\" class=\"aligncenter\" src=\"https:\/\/www.bestbrokers.com\/wp-content\/uploads\/2025\/02\/blackbull-markets-registration-4.webp\" alt=\"BlackBull Markets Registration Step 4\" \/><\/li>\n<li>Une fois ces informations ajout\u00e9es, vous pouvez passer \u00e0 l\u2019\u00e9tape suivante, qui consiste \u00e0 choisir vos pr\u00e9f\u00e9rences de trading : type de compte, devise de base, effet de levier et plateforme.<img decoding=\"async\" class=\"aligncenter\" src=\"https:\/\/www.bestbrokers.com\/wp-content\/uploads\/2025\/02\/blackbull-markets-registration-5.webp\" alt=\"BlackBull Markets Registration Step 5\" \/><\/li>\n<li>L\u2019\u00e9tape suivante vise \u00e0 fournir \u00e0 BlackBull des renseignements sur votre emploi et les fonds dont vous disposez. Cela aidera le courtier \u00e0 \u00e9valuer vos capacit\u00e9s de trading.<img decoding=\"async\" class=\"aligncenter\" src=\"https:\/\/www.bestbrokers.com\/wp-content\/uploads\/2025\/02\/blackbull-markets-registration-6.webp\" alt=\"BlackBull Markets Registration Step 6\" \/><\/li>\n<\/ol>\n<h2 id=\"verification\"><i class=\"ico ico--approve\"><\/i>Processus de v\u00e9rification d\u2019identit\u00e9 &#8211; environ 5 minutes<\/h2>\n<p>Pour ouvrir un compte r\u00e9el chez BlackBull Markets, vous devez \u00e9galement passer par une v\u00e9rification d\u2019identit\u00e9 et d\u2019adresse. M\u00eame si cette \u00e9tape peut prendre un peu plus de temps que l\u2019inscription, nous allons d\u00e9tailler les documents requis et vous guider pour la r\u00e9aliser le plus rapidement possible.<\/p>\n<ol class=\"list list--steps\">\n<li>Apr\u00e8s avoir rempli le questionnaire sur l\u2019emploi, vous pouvez passer \u00e0 l\u2019\u00e9tape demandant une preuve d\u2019identit\u00e9, laquelle consiste \u00e0 t\u00e9l\u00e9charger des photos d\u2019un document tel qu\u2019un permis de conduire ou un passeport. Veillez \u00e0 suivre les instructions de cette section pour mener \u00e0 bien cette \u00e9tape.\n<p><img decoding=\"async\" class=\"aligncenter\" src=\"https:\/\/www.bestbrokers.com\/wp-content\/uploads\/2025\/02\/blackbull-markets-registration-7.webp\" alt=\"BlackBull Markets Registration Step 7\" \/><\/li>\n<li>Les traders doivent \u00e9galement fournir une preuve d\u2019adresse, en t\u00e9l\u00e9chargeant une facture de services publics, un relev\u00e9 bancaire ou tout autre document pertinent. Notez que le document doit satisfaire aux exigences indiqu\u00e9es dans la section Informations importantes.<img decoding=\"async\" class=\"aligncenter\" src=\"https:\/\/www.bestbrokers.com\/wp-content\/uploads\/2025\/02\/blackbull-markets-registration-8.webp\" alt=\"BlackBull Markets Registration Step 8\" \/><\/li>\n<li>Une fois les documents requis t\u00e9l\u00e9charg\u00e9s, votre demande de compte r\u00e9el sera pr\u00eate pour l\u2019approbation de l\u2019\u00e9quipe BlackBull Markets. Entre-temps, vous pouvez proc\u00e9der au financement de votre compte en choisissant parmi plusieurs moyens de paiement pratiques.<img decoding=\"async\" class=\"aligncenter\" src=\"https:\/\/www.bestbrokers.com\/wp-content\/uploads\/2025\/02\/blackbull-markets-registration-9.webp\" alt=\"BlackBull Markets Registration Step 9\" \/><\/li>\n<\/ol>\n<h2 id=\"conclusion\"><i class=\"ico ico--pen\"><\/i>Conclusion<\/h2>\n<p>Nous pensons que la plupart des passionn\u00e9s de Forex appr\u00e9cieront la simplicit\u00e9 de l\u2019inscription chez BlackBull Markets : ceux qui souhaitent ouvrir un compte D\u00e9mo peuvent commencer \u00e0 n\u00e9gocier avec de l\u2019argent virtuel quelques minutes seulement apr\u00e8s le d\u00e9but de la proc\u00e9dure. De leur c\u00f4t\u00e9, les traders pr\u00eats \u00e0 investir de l\u2019argent r\u00e9el peuvent \u00e9galement ouvrir un compte en direct en quelques \u00e9tapes. La v\u00e9rification d\u2019identit\u00e9 est elle aussi simple et, si vous avez pr\u00e9par\u00e9 les documents requis, vous pouvez l\u2019achever en 5 minutes, voire moins.<\/p>\n","protected":false},"excerpt":{"rendered":"<p>Types de compte propos\u00e9s par BlackBull Markets Selon votre exp\u00e9rience, votre tol\u00e9rance au risque et vos objectifs de trading, vous pouvez cr\u00e9er diff\u00e9rents comptes sur BlackBull Markets. D\u00e8s que vous ouvrez le formulaire d\u2019inscription, vous avez la possibilit\u00e9 de configurer un compte d\u00e9mo, qui vous permettra de vous entra\u00eener avec des fonds virtuels, et ainsi [&hellip;]<\/p>\n","protected":false},"author":2,"featured_media":0,"parent":11999,"menu_order":0,"comment_status":"closed","ping_status":"closed","template":"templates\/review.php","meta":{"footnotes":""},"class_list":["post-59591","page","type-page","status-publish","hentry"],"aioseo_notices":[],"_links":{"self":[{"href":"https:\/\/www.bestbrokers.com\/fr\/wp-json\/wp\/v2\/pages\/59591","targetHints":{"allow":["GET"]}}],"collection":[{"href":"https:\/\/www.bestbrokers.com\/fr\/wp-json\/wp\/v2\/pages"}],"about":[{"href":"https:\/\/www.bestbrokers.com\/fr\/wp-json\/wp\/v2\/types\/page"}],"author":[{"embeddable":true,"href":"https:\/\/www.bestbrokers.com\/fr\/wp-json\/wp\/v2\/users\/2"}],"replies":[{"embeddable":true,"href":"https:\/\/www.bestbrokers.com\/fr\/wp-json\/wp\/v2\/comments?post=59591"}],"version-history":[{"count":7,"href":"https:\/\/www.bestbrokers.com\/fr\/wp-json\/wp\/v2\/pages\/59591\/revisions"}],"predecessor-version":[{"id":74100,"href":"https:\/\/www.bestbrokers.com\/fr\/wp-json\/wp\/v2\/pages\/59591\/revisions\/74100"}],"up":[{"embeddable":true,"href":"https:\/\/www.bestbrokers.com\/fr\/wp-json\/wp\/v2\/pages\/11999"}],"wp:attachment":[{"href":"https:\/\/www.bestbrokers.com\/fr\/wp-json\/wp\/v2\/media?parent=59591"}],"curies":[{"name":"wp","href":"https:\/\/api.w.org\/{rel}","templated":true}]}}