{"id":59593,"date":"2025-03-19T09:33:23","date_gmt":"2025-03-19T09:33:23","guid":{"rendered":"https:\/\/www.bestbrokers.com\/?page_id=59593"},"modified":"2025-10-22T13:20:38","modified_gmt":"2025-10-22T13:20:38","slug":"account-opening","status":"publish","type":"page","link":"https:\/\/www.bestbrokers.com\/fr\/reviews\/pepperstone\/account-opening\/","title":{"rendered":"Comment cr\u00e9er un compte sur Pepperstone"},"content":{"rendered":"<div class=\"author-line\">\u00c9crit par <span class=\"author\">Naylyan Nazifova<div class=\"author-sub-box\"><div class=\"author-avatar\"><img decoding=\"async\" src=\"https:\/\/www.bestbrokers.com\/wp-content\/uploads\/2026\/04\/nnazifova.webp\" \/><\/div><div class=\"author-info-wrapper\"><div class=\"author-name\"><a href=\"https:\/\/www.bestbrokers.com\/fr\/authors\/naylyan-nazifova\/\">Naylyan Nazifova<\/a><\/div><div class=\"author-bio\">Naylyan Nazifova est une experte reconnue dans le domaine du trading en ligne. Elle est l\u2019auteur de nombreuses publications et analyses portant sur le trading Forex, l\u2019investissement en actions et les finances personnelles.<\/div><\/div><\/div><\/span>,  <a rel=\"nofollow\" target=\"_blank\" href=\"https:\/\/www.linkedin.com\/in\/naylian-nazifova-58562a272\/\"><img decoding=\"async\" class=\"social-icon\" src=\"https:\/\/www.bestbrokers.com\/wp-content\/themes\/best-brokers\/assets\/images\/icon-linkedin.svg\" data-no-lazy=\"1\"><\/a> <span class=\"sep\">|<\/span> Traduit par <span class=\"author\">Agnes Orieux<div class=\"author-sub-box\"><div class=\"author-info-wrapper\"><div class=\"author-name\"><a href=\"https:\/\/www.bestbrokers.com\/fr\/authors\/agnes-orieux\/\">Agnes Orieux<\/a><\/div><div class=\"author-bio\">Agnes Orieux est une traductrice et r\u00e9dactrice de l'anglais vers le fran\u00e7ais, avec une exp\u00e9rience dans les march\u00e9s financiers. Elle est la r\u00e9dactrice principale de la version fran\u00e7aise de BestBrokers.com.<\/div><\/div><\/div><\/span> <span class=\"sep\">|<\/span> Mis \u00e0 jour : <time class=\"entry-date\" datetime=\"2025-10-22T13:20:38+00:00\">octobre 22, 2025<\/time><\/div>\n<h2 id=\"brief\"><i class=\"ico ico--assets\"><\/i>Types de compte propos\u00e9s par Pepperstone<\/h2>\n<p>Lors de l\u2019ouverture d\u2019un compte sur Pepperstone, les traders disposent de plusieurs options selon leurs objectifs de trading. Les choix incluent Individual, Joint, Company et Introducing Broker. Comme leurs noms l\u2019indiquent, les traders particuliers qui souhaitent g\u00e9rer eux-m\u00eames leurs transactions doivent choisir Individual, tandis que les autres options s\u2019adressent aux institutions financi\u00e8res et aux professionnels qui g\u00e8rent plusieurs portefeuilles.<\/p>\n<p>Les traders particuliers peuvent commencer leur parcours chez Pepperstone avec un compte d\u00e9mo, qui leur permet de tester les conditions de trading, les plateformes et les strat\u00e9gies avec de l\u2019argent virtuel. Le trading en conditions r\u00e9elles est possible via les comptes Standard et Razor. Les deux types de compte prennent en charge les micro-lots, plusieurs devises de base, le hedging, le scalping et un large \u00e9ventail d\u2019instruments n\u00e9gociables.<\/p>\n<p>Les comptes Standard appliquent une majoration de 1 pip au spread brut et ne comportent aucune commission. Le compte Razor r\u00e9duit les spreads jusqu\u2019\u00e0 0,0 pip, avec une petite commission de 2,60 \u20ac \/ 3,50 USD par lot et par c\u00f4t\u00e9 sur chaque transaction Forex. Les plates-formes prises en charge incluent la plate-forme propri\u00e9taire du courtier, TradingView, MT5, MT4 et cTrader.<\/p>\n<p>Comme les traders particuliers ne sont pas autoris\u00e9s \u00e0 utiliser un effet de levier sup\u00e9rieur \u00e0 1:30 sur les principales paires Forex, Pepperstone offre la possibilit\u00e9 d\u2019ouvrir un compte professionnel pour b\u00e9n\u00e9ficier de ratios plus \u00e9lev\u00e9s. Le trading professionnel exige toutefois de satisfaire \u00e0 certaines conditions de fonds et d\u2019exp\u00e9rience.<\/p>\n\n\t\t\t\t<div class=\"table\">\n\t\t\t\t\t<table class=\"table table-striped table-bordered\">\n\t\t\t\t\t\t<tr>\n\t\t\t\t\t\t\t<td style=\"width: 250px;\"><strong>Compte d\u00e9mo<\/strong><\/td>\n\t\t\t\t\t\t\t<td><img decoding=\"async\" width=\"24\" height=\"24\" src=\"\/wp-content\/themes\/best-brokers\/assets\/images\/ico-check.svg\" alt=\"Available\" \/><\/td>\n\t\t\t\t\t\t<\/tr>\n\t\t\t\t\t\t<tr>\n\t\t\t\t\t\t\t<td><strong>Islamic Account<\/strong><\/td>\n\t\t\t\t\t\t\t<td><img decoding=\"async\" width=\"24\" height=\"24\" src=\"\/wp-content\/themes\/best-brokers\/assets\/images\/ico-check.svg\" alt=\"Available\" \/><\/td>\n\t\t\t\t\t\t<\/tr>\n\t\t\t\t\t\t<tr>\n\t\t\t\t\t\t\t<td><strong>Compte ECN<\/strong><\/td>\n\t\t\t\t\t\t\t<td><img decoding=\"async\" width=\"24\" height=\"24\" src=\"\/wp-content\/themes\/best-brokers\/assets\/images\/ico-check.svg\" alt=\"Available\" \/><\/td>\n\t\t\t\t\t\t<\/tr>\n\t\t\t\t\t\t<tr>\n\t\t\t\t\t\t\t<td><strong>Compte pro<\/strong><\/td>\n\t\t\t\t\t\t\t<td><img decoding=\"async\" width=\"24\" height=\"24\" src=\"\/wp-content\/themes\/best-brokers\/assets\/images\/ico-check.svg\" alt=\"Available\" \/><\/td>\n\t\t\t\t\t\t<\/tr>\n\t\t\t\t\t\t<tr>\n\t\t\t\t\t\t\t<td><strong>MAM Account<\/strong><\/td>\n\t\t\t\t\t\t\t<td><img decoding=\"async\" width=\"24\" height=\"24\" src=\"\/wp-content\/themes\/best-brokers\/assets\/images\/ico-check.svg\" alt=\"Available\" \/><\/td>\n\t\t\t\t\t\t<\/tr>\n\t\t\t\t\t<\/table>\n\t\t\t\t<\/div>\n\t\t\t\n<h2 id=\"deposit\"><i class=\"ico ico--money-supply\"><\/i>Conditions de d\u00e9p\u00f4t minimum<\/h2>\n<p>Pour passer en conditions r\u00e9elles, vous devez approvisionner votre compte Pepperstone, ce qui peut se faire via plusieurs m\u00e9thodes de paiement fiables et faciles \u00e0 utiliser. Le courtier n\u2019impose aucun d\u00e9p\u00f4t minimum obligatoire pour activer votre compte ; vous pouvez donc cr\u00e9diter votre compte Standard ou Razor du montant qui vous convient.<\/p>\n<p>Gardez \u00e0 l\u2019esprit que chaque m\u00e9thode peut toutefois pr\u00e9voir son propre montant minimum. M\u00eame si aucun d\u00e9p\u00f4t pr\u00e9cis n\u2019est exig\u00e9 pour activer votre compte, assurez-vous de d\u00e9poser suffisamment pour pouvoir ouvrir des positions. Quel que soit le type de compte choisi, la taille de contrat minimale chez Pepperstone est de 0,01 lot, soit 1 000 unit\u00e9s dans votre devise de base. Les devises de base disponibles pour les comptes Standard et Raw sont l\u2019EUR, l\u2019USD, la GBP et le CHF. Cela signifie qu\u2019il vous faudra au moins 1 000 \u20ac ou 1 000 USD sur votre solde pour ouvrir une position.<\/p>\n<h2 id=\"instruments\"><i class=\"ico ico--common-technical-analysis-tools\"><\/i>Instruments n\u00e9gociables<\/h2>\n<p>Sur Pepperstone, que vous optiez pour un compte Standard ou Razor, vous aurez acc\u00e8s \u00e0 plus de 1 200 instruments n\u00e9gociables. Ces instruments couvrent plusieurs march\u00e9s CFD, parmi lesquels le Forex, les mati\u00e8res premi\u00e8res, les indices, les cryptomonnaies, les ETF et les actions. En outre, Pepperstone offre une exposition \u00e9largie par le biais d\u2019indices de devises, de contrats \u00e0 terme sur CFD et de dividendes pour les CFD sur indices et actions. Sur le march\u00e9 Forex, les traders peuvent prendre des positions longues ou courtes sur plus de 90 paires de devises et tenter de profiter aussi bien de la baisse que de la hausse des cours.<\/p>\n<h2 id=\"steps\"><i class=\"ico ico--account\"><\/i>Processus d&rsquo;inscription \u2013 environ 1 \u00e0 2 minutes (compte d\u00e9mo)<\/h2>\n<ol class=\"list list--steps\">\n<li>Si vous \u00eates pr\u00eat \u00e0 rejoindre Pepperstone, cliquez sur le bouton \u00ab Ouvrir u n compte \u00bb situ\u00e9 sur la page d&rsquo;accueil du site du courtier pour acc\u00e9der au formulaire d\u2019inscription.<br \/>\n<img decoding=\"async\" class=\"aligncenter\" src=\"https:\/\/www.bestbrokers.com\/wp-content\/uploads\/2025\/02\/pepperstone-registration-1.webp\" alt=\"Pepperstone Registration Step 1\" \/><\/li>\n<li>L\u2019\u00e9tape suivante consiste \u00e0 choisir votre mode d\u2019inscription : vous pouvez utiliser votre compte Apple, Google ou Facebook. Vous pouvez \u00e9galement vous enregistrer avec votre adresse mail, ce qui vous redirigera vers l\u2019\u00e9tape suivante.<br \/>\n<img decoding=\"async\" class=\"aligncenter\" src=\"https:\/\/www.bestbrokers.com\/wp-content\/uploads\/2025\/02\/pepperstone-registration-2.webp\" alt=\"Pepperstone Registration Step 2\" \/><\/li>\n<li>Indiquez quelques renseignements personnels, votre adresse mail et le mot de passe que vous utiliserez pour vous connecter \u00e0 l&rsquo;avenir. Choisissez ensuite le type de compte en fonction de la forme de trading envisag\u00e9e ; pour un trader particulier, l&rsquo;option appropri\u00e9e est Individual.<br \/>\n<img decoding=\"async\" class=\"aligncenter\" src=\"https:\/\/www.bestbrokers.com\/wp-content\/uploads\/2025\/02\/pepperstone-registration-3.webp\" alt=\"Pepperstone Registration Step 3\" \/><br \/>\n<img decoding=\"async\" class=\"aligncenter\" src=\"https:\/\/www.bestbrokers.com\/wp-content\/uploads\/2025\/02\/pepperstone-registration-4.webp\" alt=\"Pepperstone Registration Step 4\" \/><\/li>\n<li>Votre profil est pr\u00eat ; vous pouvez commencer \u00e0 n\u00e9gocier imm\u00e9diatement avec un compte d\u00e9mo.<br \/>\n<img decoding=\"async\" class=\"aligncenter\" src=\"https:\/\/www.bestbrokers.com\/wp-content\/uploads\/2025\/02\/pepperstone-registration-5.webp\" alt=\"Pepperstone Registration Step 5\" \/><br \/>\n<img decoding=\"async\" class=\"aligncenter\" src=\"https:\/\/www.bestbrokers.com\/wp-content\/uploads\/2025\/02\/pepperstone-registration-6.webp\" alt=\"Pepperstone Registration Step 6\" \/><\/li>\n<li>Si vous souhaitez ouvrir un compte r\u00e9el, vous devrez passer par un processus suppl\u00e9mentaire d&rsquo;\u00e9valuation de votre capacit\u00e9 financi\u00e8re et de v\u00e9rification d&rsquo;identit\u00e9. La premi\u00e8re \u00e9tape consiste \u00e0 configurer votre compte de trading r\u00e9el en choisissant : plateforme, type de compte, devise de base et autres param\u00e8tres.<br \/>\n<img decoding=\"async\" class=\"aligncenter\" src=\"https:\/\/www.bestbrokers.com\/wp-content\/uploads\/2025\/02\/pepperstone-registration-7.webp\" alt=\"Pepperstone Registration Step 7\" \/><br \/>\n<img decoding=\"async\" class=\"aligncenter\" src=\"https:\/\/www.bestbrokers.com\/wp-content\/uploads\/2025\/02\/pepperstone-registration-8.webp\" alt=\"Pepperstone Registration Step 8\" \/><\/li>\n<li>Vous devrez ensuite fournir des informations sur votre emploi et vos revenus.<br \/>\n<img decoding=\"async\" class=\"aligncenter\" src=\"https:\/\/www.bestbrokers.com\/wp-content\/uploads\/2025\/02\/pepperstone-registration-9.webp\" alt=\"Pepperstone Registration Step 9\" \/><br \/>\n<img decoding=\"async\" class=\"aligncenter\" src=\"https:\/\/www.bestbrokers.com\/wp-content\/uploads\/2025\/02\/pepperstone-registration-10.webp\" alt=\"Pepperstone Registration Step 10\" \/><br \/>\n<img decoding=\"async\" class=\"aligncenter\" src=\"https:\/\/www.bestbrokers.com\/wp-content\/uploads\/2025\/02\/pepperstone-registration-11.webp\" alt=\"Pepperstone Registration Step 11\" \/><\/li>\n<li>L&rsquo;\u00e9tape suivante consiste \u00e0 remplir un test d&rsquo;ad\u00e9quation, au cours duquel vous devrez r\u00e9pondre \u00e0 quelques questions afin de d\u00e9terminer si le trading vous convient.<br \/>\n<img decoding=\"async\" class=\"aligncenter\" src=\"https:\/\/www.bestbrokers.com\/wp-content\/uploads\/2025\/02\/pepperstone-registration-12.webp\" alt=\"Pepperstone Registration Step 12\" \/><br \/>\n<img decoding=\"async\" class=\"aligncenter\" src=\"https:\/\/www.bestbrokers.com\/wp-content\/uploads\/2025\/02\/pepperstone-registration-13.webp\" alt=\"Pepperstone Registration Step 13\" \/><br \/>\n<img decoding=\"async\" class=\"aligncenter\" src=\"https:\/\/www.bestbrokers.com\/wp-content\/uploads\/2025\/02\/pepperstone-registration-14.webp\" alt=\"Pepperstone Registration Step 14\" \/><br \/>\n<img decoding=\"async\" class=\"aligncenter\" src=\"https:\/\/www.bestbrokers.com\/wp-content\/uploads\/2025\/02\/pepperstone-registration-15.webp\" alt=\"Pepperstone Registration Step 15\" \/><br \/>\n<img decoding=\"async\" class=\"aligncenter\" src=\"https:\/\/www.bestbrokers.com\/wp-content\/uploads\/2025\/02\/pepperstone-registration-16.webp\" alt=\"Pepperstone Registration Step 16\" \/><br \/>\n<img decoding=\"async\" class=\"aligncenter\" src=\"https:\/\/www.bestbrokers.com\/wp-content\/uploads\/2025\/02\/pepperstone-registration-17.webp\" alt=\"Pepperstone Registration Step 17\" \/><\/li>\n<li>Une fois le test d&rsquo;ad\u00e9quation termin\u00e9, vous pouvez confirmer vos informations et accepter les conditions g\u00e9n\u00e9rales ainsi que les autres politiques du courtier.<br \/>\n<img decoding=\"async\" class=\"aligncenter\" src=\"https:\/\/www.bestbrokers.com\/wp-content\/uploads\/2025\/02\/pepperstone-registration-18.webp\" alt=\"Pepperstone Registration Step 18\" \/><br \/>\n<img decoding=\"async\" class=\"aligncenter\" src=\"https:\/\/www.bestbrokers.com\/wp-content\/uploads\/2025\/02\/pepperstone-registration-19.webp\" alt=\"Pepperstone Registration Step 19\" \/><br \/>\n<img decoding=\"async\" class=\"aligncenter\" src=\"https:\/\/www.bestbrokers.com\/wp-content\/uploads\/2025\/02\/pepperstone-registration-20.webp\" alt=\"Pepperstone Registration Step 20\" \/><\/li>\n<\/ol>\n<h2 id=\"verification\"><i class=\"ico ico--approve\"><\/i>Processus de v\u00e9rification d&rsquo;identit\u00e9 \u2013 environ 10 minutes<\/h2>\n<p>Comme Pepperstone se conforme aux exigences KYC (Know Your Customer) impos\u00e9es par des r\u00e9gulateurs tels que la CySEC, une v\u00e9rification d&rsquo;identit\u00e9 approfondie est obligatoire avant de pouvoir utiliser un compte r\u00e9el. Bien qu&rsquo;un peu contraignante, cette \u00e9tape est indispensable pour garantir un environnement de trading s\u00e9curis\u00e9. En suivant les \u00e9tapes d\u00e9crites ci-dessous, vous pourrez r\u00e9duire consid\u00e9rablement le temps n\u00e9cessaire \u00e0 la validation de votre identit\u00e9 et commencer \u00e0 n\u00e9gocier chez Pepperstone.<\/p>\n<p><img decoding=\"async\" class=\"aligncenter\" src=\"https:\/\/www.bestbrokers.com\/wp-content\/uploads\/2025\/02\/pepperstone-registration-21.webp\" alt=\"Pepperstone Registration Step 21\" \/><\/p>\n<p><img decoding=\"async\" class=\"aligncenter\" src=\"https:\/\/www.bestbrokers.com\/wp-content\/uploads\/2025\/02\/pepperstone-registration-22.webp\" alt=\"Pepperstone Registration Step 22\" \/><\/p>\n<ol class=\"list list--steps\">\n<li>Commencez par lire et accepter la politique de donn\u00e9es et de confidentialit\u00e9 de Pepperstone afin de bien comprendre les raisons de cette proc\u00e9dure. Ne poursuivez que si vous \u00eates \u00e0 l&rsquo;aise pour partager les informations requises.\n<p><img decoding=\"async\" class=\"aligncenter\" src=\"https:\/\/www.bestbrokers.com\/wp-content\/uploads\/2025\/02\/pepperstone-registration-23.webp\" alt=\"Pepperstone Registration Step 23\" \/><\/li>\n<li>La premi\u00e8re \u00e9tape consiste \u00e0 choisir le type de document et \u00e0 t\u00e9l\u00e9charger des photos de la pi\u00e8ce d&rsquo;identit\u00e9 afin de v\u00e9rifier vos donn\u00e9es personnelles.<br \/>\n<img decoding=\"async\" class=\"aligncenter\" src=\"https:\/\/www.bestbrokers.com\/wp-content\/uploads\/2025\/02\/pepperstone-registration-24.webp\" alt=\"Pepperstone Registration Step 24\" \/><br \/>\n<img decoding=\"async\" class=\"aligncenter\" src=\"https:\/\/www.bestbrokers.com\/wp-content\/uploads\/2025\/02\/pepperstone-registration-25.webp\" alt=\"Pepperstone Registration Step 25\" \/><br \/>\n<img decoding=\"async\" class=\"aligncenter\" src=\"https:\/\/www.bestbrokers.com\/wp-content\/uploads\/2025\/02\/pepperstone-registration-26.webp\" alt=\"Pepperstone Registration Step 26\" \/><\/li>\n<li>Un second document est \u00e9galement demand\u00e9 ; vous pouvez par exemple utiliser un permis de conduire ou un passeport \u00e0 scanner ou \u00e0 photographier.<br \/>\n<img decoding=\"async\" class=\"aligncenter\" src=\"https:\/\/www.bestbrokers.com\/wp-content\/uploads\/2025\/02\/pepperstone-registration-27.webp\" alt=\"Pepperstone Registration Step 27\" \/><br \/>\n<img decoding=\"async\" class=\"aligncenter\" src=\"https:\/\/www.bestbrokers.com\/wp-content\/uploads\/2025\/02\/pepperstone-registration-28.webp\" alt=\"Pepperstone Registration Step 28\" \/><br \/>\n<img decoding=\"async\" class=\"aligncenter\" src=\"https:\/\/www.bestbrokers.com\/wp-content\/uploads\/2025\/02\/pepperstone-registration-29.webp\" alt=\"Pepperstone Registration Step 29\" \/><\/li>\n<li>Une fois les photos de vos documents t\u00e9l\u00e9charg\u00e9es, il vous sera demand\u00e9 de prendre un selfie \u00e0 l\u2019aide de la cam\u00e9ra de votre ordinateur. Vous pouvez \u00e9galement passer sur votre smartphone et prendre la photo directement depuis l\u2019application de v\u00e9rification.<\/li>\n<li>Un justificatif de domicile est \u00e9galement requis, par exemple une facture de services publics, un relev\u00e9 bancaire ou un avis d\u2019imposition.<\/li>\n<li>Apr\u00e8s avoir fourni tous les documents, votre demande est transmise pour approbation. L\u2019\u00e9quipe de Pepperstone dispose de 24 \u00e0 48 h pour v\u00e9rifier et valider votre compte r\u00e9el.<\/li>\n<\/ol>\n<h2 id=\"conclusion\"><i class=\"ico ico--pen\"><\/i>Conclusion<\/h2>\n<p>Si vous souhaitez simplement vous inscrire et pratiquer sur un compte d\u00e9mo, vous serez pr\u00eat \u00e0 n\u00e9gocier en quelques minutes \u00e0 peine. Toutefois, en raison des exigences r\u00e9glementaires, les traders de certaines r\u00e9gions doivent passer par une v\u00e9rification d&rsquo;identit\u00e9 stricte avant d&rsquo;ouvrir un compte r\u00e9el. De plus, le processus est allong\u00e9 par le test d&rsquo;ad\u00e9quation et la fourniture d&rsquo;informations sur votre emploi et vos revenus. Au total, l\u2019ouverture d\u2019un compte r\u00e9el chez Pepperstone peut prendre environ 10 minutes, surtout si vous r\u00e9sidez dans une juridiction tr\u00e8s r\u00e9glement\u00e9e.<\/p>\n","protected":false},"excerpt":{"rendered":"<p>Types de compte propos\u00e9s par Pepperstone Lors de l\u2019ouverture d\u2019un compte sur Pepperstone, les traders disposent de plusieurs options selon leurs objectifs de trading. Les choix incluent Individual, Joint, Company et Introducing Broker. Comme leurs noms l\u2019indiquent, les traders particuliers qui souhaitent g\u00e9rer eux-m\u00eames leurs transactions doivent choisir Individual, tandis que les autres options s\u2019adressent [&hellip;]<\/p>\n","protected":false},"author":2,"featured_media":0,"parent":11735,"menu_order":0,"comment_status":"closed","ping_status":"closed","template":"templates\/review.php","meta":{"footnotes":""},"class_list":["post-59593","page","type-page","status-publish","hentry"],"aioseo_notices":[],"_links":{"self":[{"href":"https:\/\/www.bestbrokers.com\/fr\/wp-json\/wp\/v2\/pages\/59593","targetHints":{"allow":["GET"]}}],"collection":[{"href":"https:\/\/www.bestbrokers.com\/fr\/wp-json\/wp\/v2\/pages"}],"about":[{"href":"https:\/\/www.bestbrokers.com\/fr\/wp-json\/wp\/v2\/types\/page"}],"author":[{"embeddable":true,"href":"https:\/\/www.bestbrokers.com\/fr\/wp-json\/wp\/v2\/users\/2"}],"replies":[{"embeddable":true,"href":"https:\/\/www.bestbrokers.com\/fr\/wp-json\/wp\/v2\/comments?post=59593"}],"version-history":[{"count":5,"href":"https:\/\/www.bestbrokers.com\/fr\/wp-json\/wp\/v2\/pages\/59593\/revisions"}],"predecessor-version":[{"id":71782,"href":"https:\/\/www.bestbrokers.com\/fr\/wp-json\/wp\/v2\/pages\/59593\/revisions\/71782"}],"up":[{"embeddable":true,"href":"https:\/\/www.bestbrokers.com\/fr\/wp-json\/wp\/v2\/pages\/11735"}],"wp:attachment":[{"href":"https:\/\/www.bestbrokers.com\/fr\/wp-json\/wp\/v2\/media?parent=59593"}],"curies":[{"name":"wp","href":"https:\/\/api.w.org\/{rel}","templated":true}]}}