{"id":59598,"date":"2025-03-19T09:33:24","date_gmt":"2025-03-19T09:33:24","guid":{"rendered":"https:\/\/www.bestbrokers.com\/?page_id=59598"},"modified":"2025-10-22T13:20:40","modified_gmt":"2025-10-22T13:20:40","slug":"spreads-fees-and-commissions","status":"publish","type":"page","link":"https:\/\/www.bestbrokers.com\/fr\/reviews\/plus500\/spreads-fees-and-commissions\/","title":{"rendered":"Spreads, frais et commissions de Plus500"},"content":{"rendered":"<div class=\"author-line\">\u00c9crit par <span class=\"author\">Zornitsa Stefanova<div class=\"author-sub-box\"><div class=\"author-avatar\"><img decoding=\"async\" src=\"https:\/\/www.bestbrokers.com\/wp-content\/uploads\/2024\/09\/zornica-stefanova.jpeg\" \/><\/div><div class=\"author-info-wrapper\"><div class=\"author-name\"><a href=\"https:\/\/www.bestbrokers.com\/fr\/authors\/zornitsa-stefanova\/\">Zornitsa Stefanova<\/a><\/div><div class=\"author-bio\">Zornitsa Stefanova est une analyste exp\u00e9riment\u00e9e dans le domaine du Forex et des cryptomonnaies.  Elle couvre \u00e9galement divers sujets financiers tels que le trading d\u2019actions et les investissements pour la retraite.<\/div><\/div><\/div><\/span>,  <a rel=\"nofollow\" target=\"_blank\" href=\"https:\/\/www.linkedin.com\/in\/zornica-stefanova-73ab39287\/\"><img decoding=\"async\" class=\"social-icon\" src=\"https:\/\/www.bestbrokers.com\/wp-content\/themes\/best-brokers\/assets\/images\/icon-linkedin.svg\" data-no-lazy=\"1\"><\/a> <span class=\"sep\">|<\/span> Traduit par <span class=\"author\">Agnes Orieux<div class=\"author-sub-box\"><div class=\"author-info-wrapper\"><div class=\"author-name\"><a href=\"https:\/\/www.bestbrokers.com\/fr\/authors\/agnes-orieux\/\">Agnes Orieux<\/a><\/div><div class=\"author-bio\">Agnes Orieux est une traductrice et r\u00e9dactrice de l'anglais vers le fran\u00e7ais, avec une exp\u00e9rience dans les march\u00e9s financiers. Elle est la r\u00e9dactrice principale de la version fran\u00e7aise de BestBrokers.com.<\/div><\/div><\/div><\/span> <span class=\"sep\">|<\/span> Mis \u00e0 jour : <time class=\"entry-date\" datetime=\"2025-10-22T13:20:40+00:00\">octobre 22, 2025<\/time><\/div>\n<p>Si vous vous demandez si Plus500 propose des conditions de trading comp\u00e9titives, vous \u00eates au bon endroit. <strong>BestBrokers vous guide \u00e0 travers l\u2019ensemble des frais de trading et hors-trading auxquels les clients de Plus500 peuvent s\u2019attendre<\/strong>, y compris les spreads, les frais de financement overnight, les frais administratifs des comptes sans swap et les autres charges li\u00e9es au compte. Notre \u00e9quipe a consacr\u00e9 d\u2019innombrables heures \u00e0 \u00e9tudier ce courtier multir\u00e9glement\u00e9 afin de dresser un tableau clair de sa structure tarifaire et de <strong>fournir une base de comparaison pertinente avec les sites de trading les mieux class\u00e9s<\/strong>. Alors, pouvez-vous obtenir un avantage concurrentiel chez Plus500 ? Poursuivez votre lecture pour le d\u00e9couvrir.<\/p>\n<h2 id=\"costs\"><i class=\"ico ico--money-supply\"><\/i>Co\u00fbts de trading de Plus500<\/h2>\n<p>Plus500 dispose d\u2019un vaste portefeuille Forex de plus de 60 paires de devises et obtient ses prix aupr\u00e8s de fournisseurs de liquidit\u00e9 ind\u00e9pendants. Les co\u00fbts de trading sont directement int\u00e9gr\u00e9s au spread sans frais suppl\u00e9mentaires au-del\u00e0 des prix affich\u00e9s. Contrairement \u00e0 de nombreux courtiers concurrents, <strong>Plus500 ne facture aucune commission sur les op\u00e9rations Forex<\/strong>. Un seul type de compte de d\u00e9tail est disponible, et les nouveaux clients peuvent le tester dans une version d\u00e9mo dot\u00e9e d\u2019un cr\u00e9dit virtuel illimit\u00e9.<\/p>\n<p><strong>Les spreads chez Plus500 sont variables<\/strong> et d\u00e9pendent en grande partie des conditions de march\u00e9 et de la volatilit\u00e9 actuelles. Les traders sur la paire EUR\/USD supportent en moyenne un spread de 1 pip sous l\u2019entit\u00e9 r\u00e9gul\u00e9e par la CySEC, mais il peut descendre \u00e0 0,8 pip pour les clients en-dehors de l\u2019Europe. En supposant que vous <strong>n\u00e9gociiez un lot standard sur la paire EUR\/USD avec un spread de 1 pip, vous paierez en moyenne 10 $ par sens<\/strong>. Les clients qui n\u00e9gocient en mini-lots et micro-lots (10 000 et 1 000 unit\u00e9s) paient respectivement 1 $ et 0,10 $ par sens. En supposant que vous cl\u00f4turiez votre position EUR\/USD au m\u00eame niveau d\u2019ouverture avec 1 pip d\u2019\u00e9cart, vos d\u00e9penses totales se limiteront \u00e0 20 $ provenant uniquement du spread.<\/p>\n<div class=\"table-responsive\">\n<table class=\"table table--colorful\">\n<thead>\n<tr>\n<th style=\"background-color: #fff;\" colspan=\"5\">Co\u00fbts moyens des spreads* pour les comptes de d\u00e9tail chez Plus500<\/th>\n<\/tr>\n<tr>\n<th>Paire Forex<\/th>\n<th>Spread (en pips)<\/th>\n<th>Commission<\/th>\n<th>Co\u00fbt par mini-lot<\/th>\n<th>Co\u00fbt par lot standard<\/th>\n<\/tr>\n<\/thead>\n<tbody>\n<tr>\n<td>EUR\/USD<\/td>\n<td style=\"text-align: center;\">1,0<\/td>\n<td style=\"text-align: center;\">0 $<\/td>\n<td style=\"text-align: center;\">1,00 $<\/td>\n<td style=\"text-align: center;\">10,00 $<\/td>\n<\/tr>\n<tr>\n<td>USD\/JPY<\/td>\n<td style=\"text-align: center;\">1,7<\/td>\n<td style=\"text-align: center;\">0 $<\/td>\n<td style=\"text-align: center;\">1,15 $<\/td>\n<td style=\"text-align: center;\">11,49 $<\/td>\n<\/tr>\n<tr>\n<td>EUR\/GBP<\/td>\n<td style=\"text-align: center;\">1,5<\/td>\n<td style=\"text-align: center;\">0 $<\/td>\n<td style=\"text-align: center;\">2,03 $<\/td>\n<td style=\"text-align: center;\">20,34 $<\/td>\n<\/tr>\n<tr>\n<td>GBP\/USD<\/td>\n<td style=\"text-align: center;\">1,6<\/td>\n<td style=\"text-align: center;\">0 $<\/td>\n<td style=\"text-align: center;\">1,60 $<\/td>\n<td style=\"text-align: center;\">16,00 $<\/td>\n<\/tr>\n<tr>\n<td>AUD\/USD<\/td>\n<td style=\"text-align: center;\">0,9<\/td>\n<td style=\"text-align: center;\">0 $<\/td>\n<td style=\"text-align: center;\">0,90 $<\/td>\n<td style=\"text-align: center;\">9,00 $<\/td>\n<\/tr>\n<tr>\n<td>USD\/CAD<\/td>\n<td style=\"text-align: center;\">2,0<\/td>\n<td style=\"text-align: center;\">0 $<\/td>\n<td style=\"text-align: center;\">1,45 $<\/td>\n<td style=\"text-align: center;\">14,50 $<\/td>\n<\/tr>\n<tr>\n<td>USD\/CHF<\/td>\n<td style=\"text-align: center;\">1,70<\/td>\n<td style=\"text-align: center;\">0 $<\/td>\n<td style=\"text-align: center;\">2,13 $<\/td>\n<td style=\"text-align: center;\">21,32 $<\/td>\n<\/tr>\n<tr>\n<td>USD\/CNH<\/td>\n<td style=\"text-align: center;\">12,00<\/td>\n<td style=\"text-align: center;\">0 $<\/td>\n<td style=\"text-align: center;\">1,67 $<\/td>\n<td style=\"text-align: center;\">16,74 $<\/td>\n<\/tr>\n<tr>\n<td>NZD\/USD<\/td>\n<td style=\"text-align: center;\">2,20<\/td>\n<td style=\"text-align: center;\">0 $<\/td>\n<td style=\"text-align: center;\">2,20 $<\/td>\n<td style=\"text-align: center;\">22,00 $<\/td>\n<\/tr>\n<\/tbody>\n<\/table>\n<\/div>\n<p style=\"text-align: center; font-size: 13px;\"><em>*Les co\u00fbts de trading indiqu\u00e9s ci-dessus s\u2019appliquent aux comptes libell\u00e9s en dollars US et correspondent aux frais support\u00e9s par les traders par sens.<\/em><\/p>\n<h2 id=\"overnight\"><i class=\"ico ico--clock\"><\/i>Frais de financement overnight avec Plus500<\/h2>\n<p>Si vous envisagez de maintenir des positions ouvertes apr\u00e8s la cl\u00f4ture de la journ\u00e9e de trading, pr\u00e9parez-vous \u00e0 supporter des frais suppl\u00e9mentaires sous forme de financement overnight. \u00c9galement appel\u00e9s <em>\u00ab swaps \u00bb<\/em>, ces frais sont <strong>cr\u00e9dit\u00e9s ou d\u00e9bit\u00e9s de votre solde r\u00e9el d\u00e8s lors que vos transactions \u00e0 effet de levier restent ouvertes<\/strong> au-del\u00e0 d\u2019une heure limite (23 h 00 GMT chez Plus500).<\/p>\n<div class=\"table-responsive\">\n<table class=\"table table--colorful\">\n<thead>\n<tr>\n<th style=\"background-color: #fff;\" colspan=\"3\">Taux de swap sur Plus500 pour les paires Forex populaires<\/th>\n<\/tr>\n<tr>\n<th>Paire Forex<\/th>\n<th>Swap long<\/th>\n<th>Swap court<\/th>\n<\/tr>\n<\/thead>\n<tbody>\n<tr>\n<td>EUR\/USD<\/td>\n<td style=\"text-align: center;\">-0,01079 %<\/td>\n<td style=\"text-align: center;\">0,00257 %<\/td>\n<\/tr>\n<tr>\n<td>USD\/JPY<\/td>\n<td style=\"text-align: center;\">0,00613 %<\/td>\n<td style=\"text-align: center;\">-0,01435 %<\/td>\n<\/tr>\n<tr>\n<td>EUR\/GBP<\/td>\n<td style=\"text-align: center;\">-0,0105 %<\/td>\n<td style=\"text-align: center;\">0,00228 %<\/td>\n<\/tr>\n<tr>\n<td>GBP\/USD<\/td>\n<td style=\"text-align: center;\">-0,0044 %<\/td>\n<td style=\"text-align: center;\">-0,00382 %<\/td>\n<\/tr>\n<tr>\n<td>AUD\/USD<\/td>\n<td style=\"text-align: center;\">-0,00532 %<\/td>\n<td style=\"text-align: center;\">-0,0029 %<\/td>\n<\/tr>\n<tr>\n<td>USD\/CAD<\/td>\n<td style=\"text-align: center;\">0,00062 %<\/td>\n<td style=\"text-align: center;\">-0,00884 %<\/td>\n<\/tr>\n<tr>\n<td>USD\/CHF<\/td>\n<td style=\"text-align: center;\">0,00787 %<\/td>\n<td style=\"text-align: center;\">-0,01609 %<\/td>\n<\/tr>\n<tr>\n<td>USD\/CNH<\/td>\n<td style=\"text-align: center;\">-0,00813 %<\/td>\n<td style=\"text-align: center;\">-0,02337 %<\/td>\n<\/tr>\n<tr>\n<td>NZD\/USD<\/td>\n<td style=\"text-align: center;\">-0,01178 %<\/td>\n<td style=\"text-align: center;\">-0,00603 %<\/td>\n<\/tr>\n<\/tbody>\n<\/table>\n<\/div>\n<p>Les clients peuvent consulter les taux de swap actuels dans les d\u00e9tails de chaque paire apr\u00e8s s\u2019\u00eatre connect\u00e9s \u00e0 leur compte Plus500. Ils peuvent calculer leurs frais de financement overnight quotidiens \u00e0 l\u2019aide de la formule suivante fournie par le courtier :<\/p>\n<p><strong>OFF = PS x OP x SR<\/strong> o\u00f9 :<\/p>\n<ul class=\"list-checks\">\n<li>OFF signifie frais de financement overnight.<\/li>\n<li>PS correspond \u00e0 la taille de la position.<\/li>\n<li>OP d\u00e9signe le prix d\u2019ouverture.<\/li>\n<li>SR repr\u00e9sente le taux de swap actuel (positif ou n\u00e9gatif).<\/li>\n<\/ul>\n<p>\u00c0 titre d\u2019exemple, supposons que vous ouvriez une position longue d\u2019un mini-lot sur la paire EUR\/USD au prix actuel de 1,03080 avec un taux de swap de -0,01079 %. En appliquant la formule ci-dessus, nous constatons que <strong>vos frais de financement overnight seront de 10 000 x 1,03080 x -0,01079 % = -1,11 $<\/strong>. Plus500 d\u00e9duira ce montant de votre solde chaque jour tant que votre position restera ouverte. Si vous cl\u00f4turez la transaction 5 jours apr\u00e8s l\u2019avoir ouverte, vos frais totaux s\u2019\u00e9l\u00e8veront \u00e0 6,66 $.<\/p>\n<h2 id=\"swap\"><i class=\"ico ico--islamic-account\"><\/i>Frais administratifs pour le trading sans swap chez Plus500<\/h2>\n<p>Les traders dont les convictions religieuses leur interdisent de payer ou de recevoir des int\u00e9r\u00eats peuvent ouvrir des comptes islamiques, o\u00f9 les positions d\u00e9tenues apr\u00e8s la cl\u00f4ture de la journ\u00e9e ne supportent aucun frais de financement overnight quotidien. Ce type de compte est <strong>disponible pour les traders de certains pays comme le Qatar et l\u2019Arabie saoudite<\/strong>. Les clients de ces r\u00e9gions paient des frais administratifs fixes \u00e0 la place des swaps.<\/p>\n<p>Un d\u00e9lai de gr\u00e2ce leur permet g\u00e9n\u00e9ralement de conserver des positions pendant plusieurs jours sans frais administratifs. Toutefois, le courtier fournit <strong>peu ou pas d\u2019informations sur la structure tarifaire des comptes sans swap<\/strong> sur son site web. Nous avons conclu que les clients \u00e9ligibles doivent contacter le service client\u00e8le pour obtenir des informations compl\u00e9mentaires sur les co\u00fbts potentiels.<\/p>\n<h2 id=\"other\"><i class=\"ico ico--administration-fees\"><\/i>Frais hors-trading avec Plus500<\/h2>\n<p>Plus500 facture plusieurs frais qui ne sont pas directement li\u00e9s \u00e0 la passation d\u2019ordres sur la plateforme. Nous recommandons aux traders occasionnels de se connecter et de passer un ordre de temps en temps afin d\u2019\u00e9viter les frais d\u2019inactivit\u00e9. Le courtier pr\u00e9l\u00e8ve <strong>des frais mensuels de 10 $ si aucune connexion ou activit\u00e9 de trading n\u2019est d\u00e9tect\u00e9e sur un compte r\u00e9el pendant trois mois ou plus<\/strong>. Vous pouvez facilement \u00e9viter ces frais en vous connectant simplement \u00e0 votre compte de temps \u00e0 autre.<\/p>\n<hr style=\"height: 2px; border-width: 0; color: #dee2e6; background-color: #dee2e6; clear: both;\" \/>\n<h3 style=\"text-align: center;\">Frais de conversion de devise sur Plus500<\/h3>\n<p><img decoding=\"async\" class=\"alignleft\" src=\"https:\/\/www.bestbrokers.com\/wp-content\/uploads\/2021\/07\/eur-usd-most-traded.svg\" alt=\"Frais de conversion de devise\" width=\"80\" \/>Ouvrir des positions sur des instruments libell\u00e9s dans une devise diff\u00e9rente de la devise de base de votre compte entra\u00eene \u00e9galement des frais suppl\u00e9mentaires. Le courtier <strong>applique des frais de conversion de devise de 0,70 % d\u00e9duits de vos pertes ou profits nets<\/strong>. Supposons que votre compte de trading soit libell\u00e9 en dollars US et que vous r\u00e9alisiez un profit de 10 \u20ac sur une position libell\u00e9e en EUR. Celui-ci appara\u00eet comme 10,34 $, soit 10 \u20ac au cours spot actuel de la paire EUR\/USD de 1,03411.<\/p>\n<p>Sans conversion de devise, votre gain s\u2019\u00e9l\u00e8verait simplement \u00e0 10,34 $ (10 \u20ac x 1,03411). <strong>Le taux de conversion de 0,70 % est moins avantageux que le cours spot actuel<\/strong>, ce qui se traduit par des b\u00e9n\u00e9fices l\u00e9g\u00e8rement inf\u00e9rieurs : 1,03411 \u00d7 (1 &#8211; 0,7 %) = 1,02687. Autrement dit, apr\u00e8s d\u00e9duction des frais de conversion, votre profit serait de 10,27 $ (10 \u20ac x 1,02687) au lieu de 10,34 $, soit un co\u00fbt de conversion de 0,07 $.<\/p>\n<hr style=\"height: 2px; border-width: 0; color: #dee2e6; background-color: #dee2e6; clear: both;\" \/>\n<h3 style=\"text-align: center;\">Frais li\u00e9s aux ordres stop garantis<\/h3>\n<p><img decoding=\"async\" class=\"alignleft\" src=\"https:\/\/www.bestbrokers.com\/wp-content\/uploads\/2021\/10\/shortcomings.svg\" alt=\"Frais li\u00e9s aux ordres stop garantis\" width=\"80\" \/>Plus500 permet \u00e0 ses clients de g\u00e9rer le risque plus efficacement gr\u00e2ce aux ordres stop garantis (GSO). Cette fonctionnalit\u00e9 garantit la cl\u00f4ture automatique de vos positions au prix que vous avez d\u00e9fini, quelles que soient les conditions de march\u00e9 et la volatilit\u00e9. Le GSO vous prot\u00e8ge contre des pertes suppl\u00e9mentaires si le march\u00e9 \u00e9volue d\u00e9favorablement. Inversement, il vous permet de verrouiller un profit pr\u00e9cis lorsque les cours \u00e9voluent en votre faveur. Toutefois, <strong>l\u2019utilisation des GSO s\u2019accompagne de spreads plus larges<\/strong>. Les clients peuvent obtenir des informations suppl\u00e9mentaires sur le calcul de ces frais dans le document d\u2019informations cl\u00e9s Forex du courtier.<\/p>\n<hr style=\"height: 2px; border-width: 0; color: #dee2e6; background-color: #dee2e6; clear: both;\" \/>\n<h3 style=\"text-align: center;\">Frais de transaction<\/h3>\n<p><img decoding=\"async\" class=\"alignleft\" src=\"https:\/\/www.bestbrokers.com\/wp-content\/uploads\/2021\/10\/transaction-fees.svg\" alt=\"Frais de transaction\" width=\"80\" \/>En ce qui concerne les mouvements de fonds vers ou depuis votre solde r\u00e9el, Plus500 ne facture aucun frais suppl\u00e9mentaire sur les d\u00e9p\u00f4ts. Les retraits par virement bancaire international entra\u00eenent des frais de 6 $. Les clients paient \u00e9galement <strong>des frais de traitement de 10 $ lorsqu\u2019ils demandent un retrait inf\u00e9rieur au montant minimum<\/strong>, fix\u00e9 \u00e0 100 $ pour les virements et les cartes, et \u00e0 50 $ pour PayPal et Skrill. Chaque client a droit \u00e0 cinq retraits gratuits par mois. Toute demande suppl\u00e9mentaire au-del\u00e0 de ce seuil peut entra\u00eener des frais de 10 $.<\/p>\n<hr style=\"height: 2px; border-width: 0; color: #dee2e6; background-color: #dee2e6; clear: both;\" \/>\n<div class=\"table-responsive\">\n<table class=\"table\">\n<thead>\n<tr>\n<th colspan=\"2\">Aper\u00e7u des frais non li\u00e9s au trading sur Plus500<\/th>\n<\/tr>\n<\/thead>\n<tbody>\n<tr>\n<td>Frais de d\u00e9p\u00f4t<\/td>\n<td>Gratuit<\/td>\n<\/tr>\n<tr>\n<td>Frais de retrait<\/td>\n<td>\n<ul class=\"list-checks\">\n<li>10 $ pour les demandes de retrait inf\u00e9rieures au seuil minimal<\/li>\n<li>10 $ apr\u00e8s cinq retraits par mois<\/li>\n<li>6 $ pour les retraits par virement bancaire international<\/li>\n<\/ul>\n<\/td>\n<\/tr>\n<tr>\n<td>Frais d\u2019ouverture de compte<\/td>\n<td>Aucun<\/td>\n<\/tr>\n<tr>\n<td>Frais d\u2019inactivit\u00e9<\/td>\n<td>10 $ par mois (apr\u00e8s 3 mois)<\/td>\n<\/tr>\n<tr>\n<td>Abonnement VPS<\/td>\n<td>Non applicable<\/td>\n<\/tr>\n<tr>\n<td>Frais de copy trading<\/td>\n<td>Non applicable<\/td>\n<\/tr>\n<tr>\n<td>Ordres stop garantis<\/td>\n<td>Frais sous forme de spreads plus larges<\/td>\n<\/tr>\n<\/tbody>\n<\/table>\n<\/div>\n<h2 id=\"conclusion\"><i class=\"ico ico--pen\"><\/i>Conclusion sur les frais de Plus500<\/h2>\n<p>Apr\u00e8s des recherches approfondies, nous avons constat\u00e9 que les co\u00fbts de trading chez Plus500 <strong>s\u2019alignent globalement sur ceux factur\u00e9s par la plupart des courtiers proposant des comptes bas\u00e9s sur le spread<\/strong>. Les spreads sont peut-\u00eatre l\u00e9g\u00e8rement plus larges que ceux des sites de trading qui proposent des prix bruts (raw) sur les comptes avec commission, mais les \u00e9carts restent n\u00e9gligeables. Les clients doivent toutefois <strong>prendre soigneusement en compte les frais hors-trading chez Plus500<\/strong>. Les d\u00e9penses li\u00e9es aux retraits suppl\u00e9mentaires, \u00e0 l\u2019utilisation des ordres stop garantis et \u00e0 l\u2019inactivit\u00e9 peuvent grignoter progressivement vos profits, surtout si vous \u00eates un trader de petite taille. Vous trouverez de plus amples informations sur le courtier dans notre analyse d\u00e9taill\u00e9e de <a href=\"https:\/\/www.bestbrokers.com\/fr\/reviews\/plus500\/\">Plus500<\/a>.<\/p>\n","protected":false},"excerpt":{"rendered":"<p>Si vous vous demandez si Plus500 propose des conditions de trading comp\u00e9titives, vous \u00eates au bon endroit. BestBrokers vous guide \u00e0 travers l\u2019ensemble des frais de trading et hors-trading auxquels les clients de Plus500 peuvent s\u2019attendre, y compris les spreads, les frais de financement overnight, les frais administratifs des comptes sans swap et les autres [&hellip;]<\/p>\n","protected":false},"author":2,"featured_media":0,"parent":11729,"menu_order":0,"comment_status":"closed","ping_status":"closed","template":"templates\/review.php","meta":{"footnotes":""},"class_list":["post-59598","page","type-page","status-publish","hentry"],"aioseo_notices":[],"_links":{"self":[{"href":"https:\/\/www.bestbrokers.com\/fr\/wp-json\/wp\/v2\/pages\/59598","targetHints":{"allow":["GET"]}}],"collection":[{"href":"https:\/\/www.bestbrokers.com\/fr\/wp-json\/wp\/v2\/pages"}],"about":[{"href":"https:\/\/www.bestbrokers.com\/fr\/wp-json\/wp\/v2\/types\/page"}],"author":[{"embeddable":true,"href":"https:\/\/www.bestbrokers.com\/fr\/wp-json\/wp\/v2\/users\/2"}],"replies":[{"embeddable":true,"href":"https:\/\/www.bestbrokers.com\/fr\/wp-json\/wp\/v2\/comments?post=59598"}],"version-history":[{"count":5,"href":"https:\/\/www.bestbrokers.com\/fr\/wp-json\/wp\/v2\/pages\/59598\/revisions"}],"predecessor-version":[{"id":71790,"href":"https:\/\/www.bestbrokers.com\/fr\/wp-json\/wp\/v2\/pages\/59598\/revisions\/71790"}],"up":[{"embeddable":true,"href":"https:\/\/www.bestbrokers.com\/fr\/wp-json\/wp\/v2\/pages\/11729"}],"wp:attachment":[{"href":"https:\/\/www.bestbrokers.com\/fr\/wp-json\/wp\/v2\/media?parent=59598"}],"curies":[{"name":"wp","href":"https:\/\/api.w.org\/{rel}","templated":true}]}}