{"id":59599,"date":"2025-03-19T09:33:24","date_gmt":"2025-03-19T09:33:24","guid":{"rendered":"https:\/\/www.bestbrokers.com\/?page_id=59599"},"modified":"2025-10-22T13:20:39","modified_gmt":"2025-10-22T13:20:39","slug":"spreads-fees-and-commissions","status":"publish","type":"page","link":"https:\/\/www.bestbrokers.com\/fr\/reviews\/pepperstone\/spreads-fees-and-commissions\/","title":{"rendered":"Spreads, frais et commissions de Pepperstone"},"content":{"rendered":"<div class=\"author-line\">\u00c9crit par <span class=\"author\">Naylyan Nazifova<div class=\"author-sub-box\"><div class=\"author-avatar\"><img decoding=\"async\" src=\"https:\/\/www.bestbrokers.com\/wp-content\/uploads\/2026\/04\/nnazifova.webp\" \/><\/div><div class=\"author-info-wrapper\"><div class=\"author-name\"><a href=\"https:\/\/www.bestbrokers.com\/fr\/authors\/naylyan-nazifova\/\">Naylyan Nazifova<\/a><\/div><div class=\"author-bio\">Naylyan Nazifova est une experte reconnue dans le domaine du trading en ligne. Elle est l\u2019auteur de nombreuses publications et analyses portant sur le trading Forex, l\u2019investissement en actions et les finances personnelles.<\/div><\/div><\/div><\/span>,  <a rel=\"nofollow\" target=\"_blank\" href=\"https:\/\/www.linkedin.com\/in\/naylian-nazifova-58562a272\/\"><img decoding=\"async\" class=\"social-icon\" src=\"https:\/\/www.bestbrokers.com\/wp-content\/themes\/best-brokers\/assets\/images\/icon-linkedin.svg\" data-no-lazy=\"1\"><\/a> <span class=\"sep\">|<\/span> Traduit par <span class=\"author\">Agnes Orieux<div class=\"author-sub-box\"><div class=\"author-info-wrapper\"><div class=\"author-name\"><a href=\"https:\/\/www.bestbrokers.com\/fr\/authors\/agnes-orieux\/\">Agnes Orieux<\/a><\/div><div class=\"author-bio\">Agnes Orieux est une traductrice et r\u00e9dactrice de l'anglais vers le fran\u00e7ais, avec une exp\u00e9rience dans les march\u00e9s financiers. Elle est la r\u00e9dactrice principale de la version fran\u00e7aise de BestBrokers.com.<\/div><\/div><\/div><\/span> <span class=\"sep\">|<\/span> Mis \u00e0 jour : <time class=\"entry-date\" datetime=\"2025-10-22T13:20:39+00:00\">octobre 22, 2025<\/time><\/div>\n<p>Lorsqu\u2019il s\u2019agit de choisir le meilleur courtier, il est toujours recommand\u00e9 d\u2019examiner le co\u00fbt des transactions afin d\u2019opter pour la marque qui offre les conditions les plus avantageuses. Sur Pepperstone, les utilisateurs peuvent n\u00e9gocier de nombreux instruments Forex et CFD, avec <strong>des commissions faibles et des spreads serr\u00e9s<\/strong> qui se traduisent par un co\u00fbt de transaction tr\u00e8s bas. Dans cet article, nous passons en revue l\u2019ensemble des frais de trading et hors trading susceptibles d\u2019\u00eatre appliqu\u00e9s \u00e0 votre compte Pepperstone. Si vous souhaitez conna\u00eetre le co\u00fbt global du trading aupr\u00e8s de ce courtier, nous vous invitons \u00e0 poursuivre votre lecture.<\/p>\n<h2 id=\"costs\"><i class=\"ico ico--money-supply\"><\/i>Co\u00fbts de trading avec Pepperstone<\/h2>\n<p>Lorsque vous ouvrez un compte sur Pepperstone, vous pouvez commencer par un compte d\u00e9mo, ce qui vous permet d\u2019explorer les march\u00e9s en temps r\u00e9el sans risquer d\u2019argent r\u00e9el. En ce qui concerne les comptes r\u00e9els, les traders peuvent choisir <strong>entre les variantes Standard et Razor<\/strong>. Bien que ces deux versions partagent de nombreuses similitudes en mati\u00e8re de taille de contrat, de devises prises en charge et d\u2019effet de levier, elles suivent des mod\u00e8les tarifaires diff\u00e9rents.<\/p>\n<p>Le compte Standard de Pepperstone repose sur un mod\u00e8le tarifaire bas\u00e9 uniquement sur le spread ; un spread est pr\u00e9lev\u00e9 chaque fois que vous achetez ou vendez une paire de devises ou tout autre actif n\u00e9gociable. Vous pouvez n\u00e9gocier les principales paires Forex avec <strong>des spreads \u00e0 partir de 1 pip<\/strong> et sans aucune commission.<\/p>\n<p>Si le compte Standard propose d\u00e9j\u00e0 des tarifs comp\u00e9titifs, les co\u00fbts de transaction peuvent \u00eatre encore plus faibles avec l\u2019option Razor. Bien qu\u2019une <strong>petite commission de 3,50 $ par lot<\/strong> soit factur\u00e9e de chaque c\u00f4t\u00e9 de la transaction, le compte Razor dispose de spreads sur les principales paires Forex qui peuvent commencer \u00e0 0,0 pip.<\/p>\n<div class=\"table-responsive\">\n<table class=\"table table--colorful\">\n<thead>\n<tr>\n<th style=\"background-color: #fff;\" colspan=\"4\">Taux de commission aller-retour du compte Razor selon la devise du compte<\/th>\n<\/tr>\n<tr>\n<th>Devise de base<\/th>\n<th>Par lot standard<\/th>\n<th>Par mini-lot<\/th>\n<th>Par micro-lot<\/th>\n<\/tr>\n<\/thead>\n<tbody>\n<tr>\n<td>USD<\/td>\n<td style=\"text-align: center;\">7 $<\/td>\n<td style=\"text-align: center;\">0,70 $<\/td>\n<td style=\"text-align: center;\">0,07 $<\/td>\n<\/tr>\n<tr>\n<td>EUR<\/td>\n<td style=\"text-align: center;\">5,20 \u20ac<\/td>\n<td style=\"text-align: center;\">0,52 \u20ac<\/td>\n<td style=\"text-align: center;\">0,052 \u20ac<\/td>\n<\/tr>\n<tr>\n<td>GBP<\/td>\n<td style=\"text-align: center;\">4,50 \u00a3<\/td>\n<td style=\"text-align: center;\">0,45 \u00a3<\/td>\n<td style=\"text-align: center;\">0,045 \u00a3<\/td>\n<\/tr>\n<tr>\n<td>CHF<\/td>\n<td style=\"text-align: center;\">6,60 CHF<\/td>\n<td style=\"text-align: center;\">0,66 CHF<\/td>\n<td style=\"text-align: center;\">0,066 CHF<\/td>\n<\/tr>\n<\/tbody>\n<\/table>\n<\/div>\n<p>Pour vous aider \u00e0 comprendre le co\u00fbt r\u00e9el de votre participation au march\u00e9 Forex avec les comptes Standard et Razor de Pepperstone, nous allons illustrer le trading de la m\u00eame paire avec chacun des deux comptes propos\u00e9s aux particuliers. Dans notre exemple, nous examinerons <strong>une transaction d\u2019un lot standard sur la paire EUR\/USD<\/strong>, o\u00f9 un mouvement d\u2019un pip \u00e9quivaut \u00e0 10 $. Pour simplifier les calculs, nous supposerons que la position est ouverte et cl\u00f4tur\u00e9e au m\u00eame prix.<\/p>\n<p>Au moment de la r\u00e9daction, le spread moyen sur la paire EUR\/USD est de 1,1 pip pour le compte Standard, avec <strong>z\u00e9ro commission<\/strong>. Sur la m\u00eame paire, le compte Razor affiche un spread moyen de 0,1 pip, assorti d\u2019une commission de 3,50 $ de chaque c\u00f4t\u00e9 de la transaction d\u2019un lot. Le co\u00fbt de transaction serait donc le suivant :<\/p>\n<hr style=\"height: 2px; border-width: 0; color: #dee2e6; background-color: #dee2e6; clear: both;\" \/>\n<p><strong>Compte Standard :<\/strong><\/p>\n<p>Spread : 1,1 pip<br \/>\nCo\u00fbt total : 1,10 \u00d7 10 $ = 11 $ par c\u00f4t\u00e9, soit 22 $ pour une transaction aller-retour<\/p>\n<hr style=\"height: 2px; border-width: 0; color: #dee2e6; background-color: #dee2e6; clear: both;\" \/>\n<p><strong>Compte Razor :<\/strong><\/p>\n<p>Spread : 0,1 pip<br \/>\nCo\u00fbt du spread : 0,1 \u00d7 10 $ = 1 $ par c\u00f4t\u00e9<br \/>\nCommission : 3,50 $ par c\u00f4t\u00e9<br \/>\nCo\u00fbt total : (1 $)\u00d72 + (3,50 $)\u00d72 = 2 $ + 7 $ = 9 $ pour une transaction aller-retour<\/p>\n<hr style=\"height: 2px; border-width: 0; color: #dee2e6; background-color: #dee2e6; clear: both;\" \/>\n<p>Comme vous pouvez le constater, m\u00eame si une commission est pr\u00e9lev\u00e9e lorsque vous n\u00e9gociez la paire EUR\/USD avec l\u2019option Razor sur Pepperstone, le co\u00fbt final de la transaction reste nettement inf\u00e9rieur \u00e0 celui auquel sont soumis les d\u00e9tenteurs d\u2019un compte Standard, en raison de l\u2019\u00e9cart consid\u00e9rable entre les spreads.<\/p>\n<p>Vous trouverez ci-dessous des tableaux indiquant le <strong>co\u00fbt total par transaction<\/strong> et par c\u00f4t\u00e9 sur les principales paires Forex. Les calculs se fondent sur les spreads actuellement propos\u00e9s sur les comptes Standard et Razor, et pr\u00e9sentent le co\u00fbt d\u2019un micro-lot ainsi que celui d\u2019un lot standard.<\/p>\n<div class=\"table-responsive\">\n<table class=\"table table--colorful\">\n<thead>\n<tr>\n<th style=\"background-color: #fff;\" colspan=\"5\">Co\u00fbt moyen du spread avec les comptes Standard<\/th>\n<\/tr>\n<tr>\n<th>Paire de devises<\/th>\n<th>Spread (en pips)<\/th>\n<th>Commission par c\u00f4t\u00e9<\/th>\n<th>Co\u00fbt par micro-lot<\/th>\n<th>Co\u00fbt par lot standard<\/th>\n<\/tr>\n<\/thead>\n<tbody>\n<tr>\n<td>EUR\/USD<\/td>\n<td style=\"text-align: center;\">1,1<\/td>\n<td style=\"text-align: center;\">0 $<\/td>\n<td style=\"text-align: center;\">0,110 $<\/td>\n<td style=\"text-align: center;\">11,00 $<\/td>\n<\/tr>\n<tr>\n<td>USD\/JPY<\/td>\n<td style=\"text-align: center;\">1,2<\/td>\n<td style=\"text-align: center;\">0 $<\/td>\n<td style=\"text-align: center;\">0,082 $<\/td>\n<td style=\"text-align: center;\">8,16 $<\/td>\n<\/tr>\n<tr>\n<td>EUR\/GBP<\/td>\n<td style=\"text-align: center;\">1,3<\/td>\n<td style=\"text-align: center;\">0 $<\/td>\n<td style=\"text-align: center;\">0,176 $<\/td>\n<td style=\"text-align: center;\">17,58 $<\/td>\n<\/tr>\n<tr>\n<td>GBP\/USD<\/td>\n<td style=\"text-align: center;\">1,2<\/td>\n<td style=\"text-align: center;\">0 $<\/td>\n<td style=\"text-align: center;\">0,093 $<\/td>\n<td style=\"text-align: center;\">9,35 $<\/td>\n<\/tr>\n<tr>\n<td>AUD\/USD<\/td>\n<td style=\"text-align: center;\">1,1<\/td>\n<td style=\"text-align: center;\">0 $<\/td>\n<td style=\"text-align: center;\">0,110 $<\/td>\n<td style=\"text-align: center;\">11,00 $<\/td>\n<\/tr>\n<tr>\n<td>USD\/CAD<\/td>\n<td style=\"text-align: center;\">1,5<\/td>\n<td style=\"text-align: center;\">0 $<\/td>\n<td style=\"text-align: center;\">0,109 $<\/td>\n<td style=\"text-align: center;\">10,91 $<\/td>\n<\/tr>\n<tr>\n<td>USD\/CHF<\/td>\n<td style=\"text-align: center;\">1,40<\/td>\n<td style=\"text-align: center;\">0 $<\/td>\n<td style=\"text-align: center;\">0,175 $<\/td>\n<td style=\"text-align: center;\">17,51 $<\/td>\n<\/tr>\n<tr>\n<td>USD\/CNH<\/td>\n<td style=\"text-align: center;\">8,0<\/td>\n<td style=\"text-align: center;\">0 $<\/td>\n<td style=\"text-align: center;\">0,112 $<\/td>\n<td style=\"text-align: center;\">11,22 $<\/td>\n<\/tr>\n<tr>\n<td>NZD\/USD<\/td>\n<td style=\"text-align: center;\">1,4<\/td>\n<td style=\"text-align: center;\">0 $<\/td>\n<td style=\"text-align: center;\">0,140 $<\/td>\n<td style=\"text-align: center;\">14,00 $<\/td>\n<\/tr>\n<\/tbody>\n<\/table>\n<\/div>\n<p style=\"text-align: center; font-size: 13px;\"><em>*Tous les co\u00fbts de transaction des paires de devises sont exprim\u00e9s en USD<\/em><\/p>\n<div class=\"table-responsive\">\n<table class=\"table table--colorful\">\n<thead>\n<tr>\n<th style=\"background-color: #fff;\" colspan=\"5\">Co\u00fbt moyen du spread avec les comptes Razor<\/th>\n<\/tr>\n<tr>\n<th>Paire de devises<\/th>\n<th>Spread (en pips)<\/th>\n<th>Commission par c\u00f4t\u00e9<\/th>\n<th>Co\u00fbt par micro-lot<\/th>\n<th>Co\u00fbt par lot standard<\/th>\n<\/tr>\n<\/thead>\n<tbody>\n<tr>\n<td>EUR\/USD<\/td>\n<td style=\"text-align: center;\">0,1<\/td>\n<td style=\"text-align: center;\">3,50 $\/0,035 $<\/td>\n<td style=\"text-align: center;\">0,045 $<\/td>\n<td style=\"text-align: center;\">4,50 $<\/td>\n<\/tr>\n<tr>\n<td>USD\/JPY<\/td>\n<td style=\"text-align: center;\">0,2<\/td>\n<td style=\"text-align: center;\">3,50 $\/0,035 $<\/td>\n<td style=\"text-align: center;\">0,049 $<\/td>\n<td style=\"text-align: center;\">4,86 $<\/td>\n<\/tr>\n<tr>\n<td>EUR\/GBP<\/td>\n<td style=\"text-align: center;\">0,3<\/td>\n<td style=\"text-align: center;\">3,50 $\/0,035 $<\/td>\n<td style=\"text-align: center;\">0,441 $<\/td>\n<td style=\"text-align: center;\">7,56 $<\/td>\n<\/tr>\n<tr>\n<td>GBP\/USD<\/td>\n<td style=\"text-align: center;\">0,2<\/td>\n<td style=\"text-align: center;\">3,50 $\/0,035 $<\/td>\n<td style=\"text-align: center;\">0,055 $<\/td>\n<td style=\"text-align: center;\">5,50 $<\/td>\n<\/tr>\n<tr>\n<td>AUD\/USD<\/td>\n<td style=\"text-align: center;\">0,1<\/td>\n<td style=\"text-align: center;\">3,50 $\/0,035 $<\/td>\n<td style=\"text-align: center;\">0,045 $<\/td>\n<td style=\"text-align: center;\">4,50 $<\/td>\n<\/tr>\n<tr>\n<td>USD\/CAD<\/td>\n<td style=\"text-align: center;\">0,5<\/td>\n<td style=\"text-align: center;\">3,50 $\/0,035 $<\/td>\n<td style=\"text-align: center;\">0,071 $<\/td>\n<td style=\"text-align: center;\">7,14 $<\/td>\n<\/tr>\n<tr>\n<td>USD\/CHF<\/td>\n<td style=\"text-align: center;\">0,4<\/td>\n<td style=\"text-align: center;\">3,50 $\/0,035 $<\/td>\n<td style=\"text-align: center;\">0,085 $<\/td>\n<td style=\"text-align: center;\">8,50 $<\/td>\n<\/tr>\n<tr>\n<td>USD\/CNH<\/td>\n<td style=\"text-align: center;\">7,0<\/td>\n<td style=\"text-align: center;\">3,50 $\/0,035 $<\/td>\n<td style=\"text-align: center;\">0,133 $<\/td>\n<td style=\"text-align: center;\">13,32 $<\/td>\n<\/tr>\n<tr>\n<td>NZD\/USD<\/td>\n<td style=\"text-align: center;\">0,4<\/td>\n<td style=\"text-align: center;\">3,50 $\/0,035 $<\/td>\n<td style=\"text-align: center;\">0,075 $<\/td>\n<td style=\"text-align: center;\">7,50 $<\/td>\n<\/tr>\n<\/tbody>\n<\/table>\n<\/div>\n<p style=\"text-align: center; font-size: 13px;\"><em>*Tous les co\u00fbts de transaction des paires de devises sont exprim\u00e9s en USD<\/em><\/p>\n<h2 id=\"overnight\"><i class=\"ico ico--clock\"><\/i>Co\u00fbts de financement overnight avec Pepperstone<\/h2>\n<p>Si les traders intrajournaliers peuvent profiter de chaque type de compte propos\u00e9 par Pepperstone, certains pr\u00e9f\u00e8rent <strong>percevoir des int\u00e9r\u00eats sur des positions maintenues ouvertes la nuit<\/strong>. Il convient de noter que ces int\u00e9r\u00eats, \u00e9galement appel\u00e9s swap, peuvent \u00eatre d\u00e9bit\u00e9s lorsque vous conservez vos positions ouvertes, que votre transaction soit longue ou courte.<\/p>\n<p>Les swaps \u00e9tant variables, car ils d\u00e9pendent des taux d\u2019int\u00e9r\u00eat interbancaires et d\u2019autres conditions de march\u00e9, nous avons inclus un tableau pr\u00e9sentant les taux de swap applicables aux principales paires de devises au moment de la r\u00e9daction. Gardez \u00e0 l\u2019esprit que, puisque le march\u00e9 Forex est ferm\u00e9 le week-end et qu&rsquo;alors les swaps ne sont ni d\u00e9bit\u00e9s ni cr\u00e9dit\u00e9s, <strong>les swaps du mercredi sont multipli\u00e9s par trois<\/strong>.<\/p>\n<p>Bien qu\u2019il soit facile de consulter les swaps en vigueur pour chaque instrument depuis la liste disponible sur les plateformes de trading de Pepperstone, il est \u00e9galement utile de savoir comment le courtier calcule ces swaps. Pour le Forex et les m\u00e9taux, Pepperstone utilise la formule suivante :<\/p>\n<blockquote><p>D\u00e9bit\/cr\u00e9dit de swap quotidien = valeur d\u2019un point \u00d7 (taille de la position ou valeur notionnelle \u00d7 taux tom-next*)<\/p><\/blockquote>\n<p style=\"text-align: center; font-size: 13px;\"><em>*Pepperstone utilise les donn\u00e9es fournies par des banques d\u2019investissement de premier rang pour d\u00e9terminer ses taux tom-next.<\/em><\/p>\n<div class=\"table-responsive\">\n<table class=\"table table--colorful\">\n<thead>\n<tr>\n<th style=\"background-color: #fff;\" colspan=\"5\">Taux de swap sur les paires Forex populaires<\/th>\n<\/tr>\n<tr>\n<th>Symbole<\/th>\n<th>Devise de base<\/th>\n<th>Volume en lots<\/th>\n<th>Swap long<\/th>\n<th>Swap short<\/th>\n<\/tr>\n<\/thead>\n<tbody>\n<tr>\n<td>EUR\/USD<\/td>\n<td style=\"text-align: center;\">USD<\/td>\n<td style=\"text-align: center;\">1<\/td>\n<td style=\"text-align: center;\">0,61000<\/td>\n<td style=\"text-align: center;\">0,20000<\/td>\n<\/tr>\n<tr>\n<td>USD\/JPY<\/td>\n<td style=\"text-align: center;\">USD<\/td>\n<td style=\"text-align: center;\">1<\/td>\n<td style=\"text-align: center;\">-0,710<\/td>\n<td style=\"text-align: center;\">-2,130<\/td>\n<\/tr>\n<tr>\n<td>EUR\/GBP<\/td>\n<td style=\"text-align: center;\">USD<\/td>\n<td style=\"text-align: center;\">1<\/td>\n<td style=\"text-align: center;\">0,64000<\/td>\n<td style=\"text-align: center;\">0,21000<\/td>\n<\/tr>\n<tr>\n<td>GBP\/USD<\/td>\n<td style=\"text-align: center;\">USD<\/td>\n<td style=\"text-align: center;\">1<\/td>\n<td style=\"text-align: center;\">0,14000<\/td>\n<td style=\"text-align: center;\">-0,36000<\/td>\n<\/tr>\n<tr>\n<td>AUD\/USD<\/td>\n<td style=\"text-align: center;\">USD<\/td>\n<td style=\"text-align: center;\">1<\/td>\n<td style=\"text-align: center;\">0,16000<\/td>\n<td style=\"text-align: center;\">-0,11000<\/td>\n<\/tr>\n<tr>\n<td>USD\/CAD<\/td>\n<td style=\"text-align: center;\">USD<\/td>\n<td style=\"text-align: center;\">1<\/td>\n<td style=\"text-align: center;\">-0,30000<\/td>\n<td style=\"text-align: center;\">-0,92000<\/td>\n<\/tr>\n<tr>\n<td>USD\/CHF<\/td>\n<td style=\"text-align: center;\">USD<\/td>\n<td style=\"text-align: center;\">1<\/td>\n<td style=\"text-align: center;\">-0,44000<\/td>\n<td style=\"text-align: center;\">-1,21000<\/td>\n<\/tr>\n<tr>\n<td>NZD\/USD<\/td>\n<td style=\"text-align: center;\">USD<\/td>\n<td style=\"text-align: center;\">1<\/td>\n<td style=\"text-align: center;\">0,16000<\/td>\n<td style=\"text-align: center;\">-0,12000<\/td>\n<\/tr>\n<\/tbody>\n<\/table>\n<\/div>\n<p style=\"text-align: center; font-size: 13px;\"><em>* Les taux de swap sont exprim\u00e9s en points d\u2019ajustement<\/em><\/p>\n<h2 id=\"swap\"><i class=\"ico ico--islamic-account\"><\/i>Co\u00fbts de trading sans swap avec Pepperstone<\/h2>\n<p>Comme les traders de confession musulmane ne sont pas autoris\u00e9s \u00e0 payer ou percevoir des int\u00e9r\u00eats, Pepperstone permet aux r\u00e9sidents de certains pays musulmans d\u2019ouvrir des comptes sans swap. Ils ne recevront donc pas et ne paieront pas de swap lorsque leurs positions restent ouvertes la nuit. Bien que ce type de compte supprime les frais de swap, les traders devront s\u2019acquitter de \u00ab frais d\u2019administration \u00bb. Ceux-ci sont pr\u00e9lev\u00e9s lorsqu\u2019une position d\u00e9tenue via un compte sans swap reste ouverte plus de cinq jours.<\/p>\n<p>Les frais d\u2019administration sont appliqu\u00e9s par lot standard et sont d\u00e9duits du solde du compte du trader. Pour les transactions Forex et m\u00e9taux r\u00e9alis\u00e9es via un compte sans swap, ces frais s\u2019\u00e9l\u00e8vent \u00e0 100 $ par lot n\u00e9goci\u00e9.<\/p>\n<p>L\u2019option de compte sans swap est disponible uniquement pour les r\u00e9sidents d\u2019Albanie, du Bangladesh, du Burkina Faso, de Bahre\u00efn, de Brunei, de Brunei Darussalam, d\u2019Alg\u00e9rie, d\u2019\u00c9gypte, d\u2019Indon\u00e9sie, de Jordanie, du Kirghizistan, du Kowe\u00eft, du Maroc, de Mauritanie, des Maldives, de Malaisie, du Niger, d\u2019Oman, du Pakistan, du Qatar, de Sierra Leone, de Turquie, d\u2019Ouzb\u00e9kistan et du Kosovo.<\/p>\n<p>Les comptes Standard peuvent \u00e9galement \u00eatre sans swap, avec un spread moyen de <strong>0,77 pip<\/strong> sur la apire EUR\/USD. La taille de la position via un compte sans swap sur Pepperstone va de 0,01 lot jusqu\u2019\u00e0 100 lots standard. Aucune commission n\u2019est pr\u00e9lev\u00e9e, comme sur le compte Standard classique. Quatre devises de base sont disponibles : AUD, EUR, GBP et USD. Le scalping, le hedging et les EA sont autoris\u00e9s.<\/p>\n<h2 id=\"other\"><i class=\"ico ico--administration-fees\"><\/i>Frais hors trading avec Pepperstone<\/h2>\n<p>Nous avons \u00e9voqu\u00e9 les commissions, les spreads, les swaps et les frais d\u2019administration ; examinons maintenant les frais non li\u00e9s au trading susceptibles d\u2019\u00eatre appliqu\u00e9s par Pepperstone. L\u2019ouverture d\u2019un compte est gratuite et la tenue de compte ne fait l\u2019objet d\u2019aucun frais. Alors que certains courtiers facturent des frais d\u2019inactivit\u00e9, votre compte Pepperstone sera simplement archiv\u00e9 si vous ne l\u2019utilisez pas pendant plus de trois mois, sans frais d\u2019inactivit\u00e9.<\/p>\n<p>Pour alimenter votre compte, vous pouvez choisir parmi plusieurs solutions de paiement, dont la disponibilit\u00e9 peut varier selon le pays. Bonne nouvelle : Pepperstone ne pr\u00e9l\u00e8ve aucun frais sur les d\u00e9p\u00f4ts, ce qui permet aux traders d\u2019utiliser la totalit\u00e9 des sommes vers\u00e9es pour leurs op\u00e9rations. Lors du retrait de fonds, aucun frais suppl\u00e9mentaire n\u2019est factur\u00e9 non plus, ce qui rend l\u2019ensemble du processus de paiement particuli\u00e8rement \u00e9conomique.<\/p>\n<p>Tous les clients de Pepperstone ont \u00e9galement acc\u00e8s \u00e0 un service VPS (Virtual Private Server) enti\u00e8rement pris en charge par le courtier, sous r\u00e9serve de remplir certaines conditions. Pour b\u00e9n\u00e9ficier de l\u2019h\u00e9bergement VPS de Pepperstone, les traders doivent atteindre un volume de trading d\u2019au moins <strong>1 000 000 $<\/strong> sur une p\u00e9riode de 60 jours. Pour conserver l\u2019acc\u00e8s gratuit au VPS, il convient de respecter en permanence ce volume minimum.<\/p>\n<div class=\"table-responsive\">\n<table class=\"table\">\n<thead>\n<tr>\n<th colspan=\"2\">Frais non li\u00e9s au trading avec Pepperstone<\/th>\n<\/tr>\n<\/thead>\n<tbody>\n<tr>\n<td>Frais de d\u00e9p\u00f4t<\/td>\n<td>Gratuit<\/td>\n<\/tr>\n<tr>\n<td>Frais de retrait<\/td>\n<td>Gratuit<\/td>\n<\/tr>\n<tr>\n<td>Frais d\u2019ouverture de compte<\/td>\n<td>Gratuit<\/td>\n<\/tr>\n<tr>\n<td>Frais d\u2019inactivit\u00e9<\/td>\n<td>Aucun<\/td>\n<\/tr>\n<tr>\n<td>Abonnement VPS<\/td>\n<td>Gratuit pour les traders qui maintiennent un volume de 1 000 000 USD ou plus sur une p\u00e9riode de 60 jours<\/td>\n<\/tr>\n<\/tbody>\n<\/table>\n<\/div>\n<h2 id=\"conclusion\"><i class=\"ico ico--pen\"><\/i>Conclusion sur les frais de Pepperstone<\/h2>\n<p>Pepperstone est un courtier reconnu qui propose des conditions de trading extr\u00eamement comp\u00e9titives via plusieurs types de comptes. Que vous choisissiez le compte Standard ou Razor, vous profiterez de co\u00fbts de transaction tr\u00e8s faibles sur un large \u00e9ventail de paires Forex et de nombreux CFD. Nous vous recommandons de comparer le co\u00fbt global des deux comptes disponibles chez Pepperstone et de tenir compte des swaps si vous pr\u00e9voyez de laisser vos positions ouvertes la nuit.<\/p>\n<p>L\u2019un des principaux avantages de Pepperstone est l\u2019absence totale de frais hors trading : pas de surtaxe sur les d\u00e9p\u00f4ts ou les retraits, pas de frais d\u2019inactivit\u00e9 ni d\u2019autres co\u00fbts suppl\u00e9mentaires susceptibles de grever votre capital.<\/p>\n","protected":false},"excerpt":{"rendered":"<p>Lorsqu\u2019il s\u2019agit de choisir le meilleur courtier, il est toujours recommand\u00e9 d\u2019examiner le co\u00fbt des transactions afin d\u2019opter pour la marque qui offre les conditions les plus avantageuses. Sur Pepperstone, les utilisateurs peuvent n\u00e9gocier de nombreux instruments Forex et CFD, avec des commissions faibles et des spreads serr\u00e9s qui se traduisent par un co\u00fbt de [&hellip;]<\/p>\n","protected":false},"author":2,"featured_media":0,"parent":11735,"menu_order":0,"comment_status":"closed","ping_status":"closed","template":"templates\/review.php","meta":{"footnotes":""},"class_list":["post-59599","page","type-page","status-publish","hentry"],"aioseo_notices":[],"_links":{"self":[{"href":"https:\/\/www.bestbrokers.com\/fr\/wp-json\/wp\/v2\/pages\/59599","targetHints":{"allow":["GET"]}}],"collection":[{"href":"https:\/\/www.bestbrokers.com\/fr\/wp-json\/wp\/v2\/pages"}],"about":[{"href":"https:\/\/www.bestbrokers.com\/fr\/wp-json\/wp\/v2\/types\/page"}],"author":[{"embeddable":true,"href":"https:\/\/www.bestbrokers.com\/fr\/wp-json\/wp\/v2\/users\/2"}],"replies":[{"embeddable":true,"href":"https:\/\/www.bestbrokers.com\/fr\/wp-json\/wp\/v2\/comments?post=59599"}],"version-history":[{"count":6,"href":"https:\/\/www.bestbrokers.com\/fr\/wp-json\/wp\/v2\/pages\/59599\/revisions"}],"predecessor-version":[{"id":71798,"href":"https:\/\/www.bestbrokers.com\/fr\/wp-json\/wp\/v2\/pages\/59599\/revisions\/71798"}],"up":[{"embeddable":true,"href":"https:\/\/www.bestbrokers.com\/fr\/wp-json\/wp\/v2\/pages\/11735"}],"wp:attachment":[{"href":"https:\/\/www.bestbrokers.com\/fr\/wp-json\/wp\/v2\/media?parent=59599"}],"curies":[{"name":"wp","href":"https:\/\/api.w.org\/{rel}","templated":true}]}}