{"id":59601,"date":"2025-03-19T09:33:25","date_gmt":"2025-03-19T09:33:25","guid":{"rendered":"https:\/\/www.bestbrokers.com\/?page_id=59601"},"modified":"2025-10-22T13:20:37","modified_gmt":"2025-10-22T13:20:37","slug":"spreads-fees-and-commissions","status":"publish","type":"page","link":"https:\/\/www.bestbrokers.com\/fr\/reviews\/oanda\/spreads-fees-and-commissions\/","title":{"rendered":"Spreads, frais et commissions d&rsquo;OANDA"},"content":{"rendered":"<div class=\"author-line\">\u00c9crit par <span class=\"author\">Zornitsa Stefanova<div class=\"author-sub-box\"><div class=\"author-avatar\"><img decoding=\"async\" src=\"https:\/\/www.bestbrokers.com\/wp-content\/uploads\/2024\/09\/zornica-stefanova.jpeg\" \/><\/div><div class=\"author-info-wrapper\"><div class=\"author-name\"><a href=\"https:\/\/www.bestbrokers.com\/fr\/authors\/zornitsa-stefanova\/\">Zornitsa Stefanova<\/a><\/div><div class=\"author-bio\">Zornitsa Stefanova est une analyste exp\u00e9riment\u00e9e dans le domaine du Forex et des cryptomonnaies.  Elle couvre \u00e9galement divers sujets financiers tels que le trading d\u2019actions et les investissements pour la retraite.<\/div><\/div><\/div><\/span>,  <a rel=\"nofollow\" target=\"_blank\" href=\"https:\/\/www.linkedin.com\/in\/zornica-stefanova-73ab39287\/\"><img decoding=\"async\" class=\"social-icon\" src=\"https:\/\/www.bestbrokers.com\/wp-content\/themes\/best-brokers\/assets\/images\/icon-linkedin.svg\" data-no-lazy=\"1\"><\/a> <span class=\"sep\">|<\/span> Traduit par <span class=\"author\">Agnes Orieux<div class=\"author-sub-box\"><div class=\"author-info-wrapper\"><div class=\"author-name\"><a href=\"https:\/\/www.bestbrokers.com\/fr\/authors\/agnes-orieux\/\">Agnes Orieux<\/a><\/div><div class=\"author-bio\">Agnes Orieux est une traductrice et r\u00e9dactrice de l'anglais vers le fran\u00e7ais, avec une exp\u00e9rience dans les march\u00e9s financiers. Elle est la r\u00e9dactrice principale de la version fran\u00e7aise de BestBrokers.com.<\/div><\/div><\/div><\/span> <span class=\"sep\">|<\/span> Mis \u00e0 jour : <time class=\"entry-date\" datetime=\"2025-10-22T13:20:37+00:00\">octobre 22, 2025<\/time><\/div>\n<p>OANDA est un courtier de renomm\u00e9e mondiale qui accueille des traders d\u2019Europe, d\u2019Asie, des \u00c9tats-Unis et d\u2019ailleurs. Son offre Forex se distingue, puisqu\u2019elle comprend plus de 60 paires de devises, dont des majeures, des mineures et des exotiques. Comme le trading de devises implique divers co\u00fbts susceptibles d\u2019affecter consid\u00e9rablement l\u2019exp\u00e9rience des passionn\u00e9s de Forex, notre \u00e9quipe a entrepris de fournir un aper\u00e7u complet de la structure tarifaire d\u2019OANDA.<\/p>\n<h2 id=\"costs\"><i class=\"ico ico--money-supply\"><\/i>Co\u00fbts de trading avec OANDA<\/h2>\n<p>Au sein de certaines entit\u00e9s d\u2019OANDA, vous pouvez choisir entre deux mod\u00e8les tarifaires principaux : le \u00ab spread uniquement \u00bb et la tarification de base (\u00ab core pricing \u00bb) assortie d\u2019une commission. Dans ce dernier cas, la \u00ab tarification de base \u00bb se rapporte aux spreads, g\u00e9n\u00e9ralement plus faibles que ceux du premier mod\u00e8le. Pr\u00e9cisons \u00e9galement que les types de comptes d\u2019OANDA incluent Standard Trader, Premium Trader et Premium Plus Trader. Seul le compte Premium Plus Trader propose le mod\u00e8le \u00e0 spreads r\u00e9duits. Ces mod\u00e8les tarifaires sont disponibles pour les traders situ\u00e9s aux \u00c9tats-Unis, en Australie et dans les pays o\u00f9 op\u00e8re OANDA Global Markets Ltd.<\/p>\n<h3><i class=\"ico ico--pro-ecn-account\"><\/i>Co\u00fbts avec spread uniquement<\/h3>\n<p>OANDA propose deux mod\u00e8les tarifaires \u00e0 ses clients, en commen\u00e7ant par celui dont les co\u00fbts sont int\u00e9gr\u00e9s au spread. En n\u00e9gociant la paire EUR\/USD avec ce mod\u00e8le, vous b\u00e9n\u00e9ficiez d\u2019un spread moyen de 1,0 pip. Si la devise de base de votre compte est l&rsquo;USD, ce spread se traduit par un co\u00fbt de 10 $ par lot standard, obtenu en multipliant la valeur du spread de 0,00010 par 100 000 unit\u00e9s de devise. Aucune commission n\u2019est factur\u00e9e.<\/p>\n<p>Il est \u00e9galement possible de n\u00e9gocier des micro-lots. Pour la paire EUR\/USD, cela revient \u00e0 multiplier le spread par 1 000, d\u2019o\u00f9 un co\u00fbt de 0,10 $. Les co\u00fbts de plusieurs autres paires de devises sont pr\u00e9sent\u00e9s dans le tableau ci-dessous :<\/p>\n<div class=\"table-responsive\">\n<table class=\"table table--colorful\">\n<thead>\n<tr>\n<th style=\"background-color: #fff;\" colspan=\"5\">Co\u00fbts moyens des spreads avec le mod\u00e8le \u00ab spread uniquement \u00bb<\/th>\n<\/tr>\n<tr>\n<th>Paire de devises<\/th>\n<th>Spreads<\/th>\n<th>Commission par lot, par c\u00f4t\u00e9<\/th>\n<th>Co\u00fbt par micro-lot<\/th>\n<th>Co\u00fbt par lot standard<\/th>\n<\/tr>\n<\/thead>\n<tbody>\n<tr>\n<td>AUD\/USD<\/td>\n<td style=\"text-align: center;\">1,1<\/td>\n<td style=\"text-align: center;\">0 $<\/td>\n<td style=\"text-align: center;\">0,1100 $<\/td>\n<td style=\"text-align: center;\">11,00 $<\/td>\n<\/tr>\n<tr>\n<td>EUR\/GBP<\/td>\n<td style=\"text-align: center;\">1,1<\/td>\n<td style=\"text-align: center;\">0 $<\/td>\n<td style=\"text-align: center;\">0,1482 $<\/td>\n<td style=\"text-align: center;\">14,82 $<\/td>\n<\/tr>\n<tr>\n<td>EUR\/JPY<\/td>\n<td style=\"text-align: center;\">1,6<\/td>\n<td style=\"text-align: center;\">0 $<\/td>\n<td style=\"text-align: center;\">0,1085 $<\/td>\n<td style=\"text-align: center;\">10,85 $<\/td>\n<\/tr>\n<tr>\n<td>EUR\/USD<\/td>\n<td style=\"text-align: center;\">1,0<\/td>\n<td style=\"text-align: center;\">0 $<\/td>\n<td style=\"text-align: center;\">0,1000 $<\/td>\n<td style=\"text-align: center;\">10,00 $<\/td>\n<\/tr>\n<tr>\n<td>GBP\/JPY<\/td>\n<td style=\"text-align: center;\">1,0<\/td>\n<td style=\"text-align: center;\">0 $<\/td>\n<td style=\"text-align: center;\">0,0678 $<\/td>\n<td style=\"text-align: center;\">6,78 $<\/td>\n<\/tr>\n<tr>\n<td>GBP\/USD<\/td>\n<td style=\"text-align: center;\">1,2<\/td>\n<td style=\"text-align: center;\">0 $<\/td>\n<td style=\"text-align: center;\">0,1200 $<\/td>\n<td style=\"text-align: center;\">12,00 $<\/td>\n<\/tr>\n<tr>\n<td>NZD\/USD<\/td>\n<td style=\"text-align: center;\">1,4<\/td>\n<td style=\"text-align: center;\">0 $<\/td>\n<td style=\"text-align: center;\">0,1400 $<\/td>\n<td style=\"text-align: center;\">14,00 $<\/td>\n<\/tr>\n<tr>\n<td>USD\/CAD<\/td>\n<td style=\"text-align: center;\">1,5<\/td>\n<td style=\"text-align: center;\">0 $<\/td>\n<td style=\"text-align: center;\">0,1083 $<\/td>\n<td style=\"text-align: center;\">10,83 $<\/td>\n<\/tr>\n<tr>\n<td>USD\/CHF<\/td>\n<td style=\"text-align: center;\">1,3<\/td>\n<td style=\"text-align: center;\">0 $<\/td>\n<td style=\"text-align: center;\">0,1614 $<\/td>\n<td style=\"text-align: center;\">16,14 $<\/td>\n<\/tr>\n<tr>\n<td>USD\/JPY<\/td>\n<td style=\"text-align: center;\">1,1<\/td>\n<td style=\"text-align: center;\">0 $<\/td>\n<td style=\"text-align: center;\">0,0746 $<\/td>\n<td style=\"text-align: center;\">7,46 $<\/td>\n<\/tr>\n<\/tbody>\n<\/table>\n<\/div>\n<p style=\"text-align: center; font-size: 13px;\"><em>*Par souci de simplicit\u00e9, les co\u00fbts moyens ont \u00e9t\u00e9 calcul\u00e9s pour des transactions de 100 000 $ et 1 000 $ sans levier. Tous les co\u00fbts de spread sont indiqu\u00e9s en dollars am\u00e9ricains et correspondent \u00e0 vos d\u00e9penses lors de l\u2019ouverture d\u2019une position (c.-\u00e0-d. un seul c\u00f4t\u00e9 de la transaction).<\/em><\/p>\n<h3><i class=\"ico ico--account\"><\/i>Frais de commission + tarification de base<\/h3>\n<p>L\u2019autre mod\u00e8le tarifaire propose des spreads plus serr\u00e9s et une commission fixe de 5 $ par c\u00f4t\u00e9. En appliquant les m\u00eames calculs au spread sur la paire EUR\/USD (0,1 pip), on obtient : 0,00001 \u00d7 100 000 = 1 $.<\/p>\n<p>Une fois la tarification de base \u00e9tablie, il suffit d\u2019ajouter la commission. Le co\u00fbt par lot standard atteint ainsi 6 $, nettement inf\u00e9rieur aux 10 $ que doivent payer les clients s\u2019ils utilisent le mod\u00e8le bas\u00e9 uniquement sur le spread. Pour le trading de micro-lots, le co\u00fbt s\u2019\u00e9l\u00e8ve \u00e0 0,06 $ apr\u00e8s addition du spread de base et de la commission sur micro-lot.<\/p>\n<p>Comme indiqu\u00e9 pr\u00e9c\u00e9demment, ce mod\u00e8le de tarification est r\u00e9serv\u00e9 au compte Premium Plus Trader. Si vous souhaitez l\u2019essayer et conna\u00eetre les co\u00fbts des paires telles que USD\/JPY, AUD\/USD et bien d\u2019autres, le tableau ci-dessous vous sera utile :<\/p>\n<div class=\"table-responsive\">\n<table class=\"table table--colorful\">\n<thead>\n<tr>\n<th style=\"background-color: #fff;\" colspan=\"5\">Co\u00fbts moyens des spreads avec le mod\u00e8le commission + tarification de base<\/th>\n<\/tr>\n<tr>\n<th>Paire de devises<\/th>\n<th>Spreads<\/th>\n<th>Commission par lot, par c\u00f4t\u00e9<\/th>\n<th>Co\u00fbt par micro-lot<\/th>\n<th>Co\u00fbt par lot standard<\/th>\n<\/tr>\n<\/thead>\n<tbody>\n<tr>\n<td>AUD\/USD<\/td>\n<td style=\"text-align: center;\">0,3*<\/td>\n<td style=\"text-align: center;\">0,05**\/5,00 $<\/td>\n<td style=\"text-align: center;\">0,0703 $<\/td>\n<td style=\"text-align: center;\">7,03 $<\/td>\n<\/tr>\n<tr>\n<td>EUR\/GBP<\/td>\n<td style=\"text-align: center;\">0,2<\/td>\n<td style=\"text-align: center;\">0,05\/5,00 $<\/td>\n<td style=\"text-align: center;\">0,0636 $<\/td>\n<td style=\"text-align: center;\">6,36 $<\/td>\n<\/tr>\n<tr>\n<td>EUR\/JPY<\/td>\n<td style=\"text-align: center;\">0,6<\/td>\n<td style=\"text-align: center;\">0,05\/5,00 $<\/td>\n<td style=\"text-align: center;\">0,0907 $<\/td>\n<td style=\"text-align: center;\">9,07 $<\/td>\n<\/tr>\n<tr>\n<td>EUR\/USD<\/td>\n<td style=\"text-align: center;\">0,1<\/td>\n<td style=\"text-align: center;\">0,05\/5,00 $<\/td>\n<td style=\"text-align: center;\">0,0600 $<\/td>\n<td style=\"text-align: center;\">6,00 $<\/td>\n<\/tr>\n<tr>\n<td>GBP\/JPY<\/td>\n<td style=\"text-align: center;\">0,3<\/td>\n<td style=\"text-align: center;\">0,05\/5,00 $<\/td>\n<td style=\"text-align: center;\">0,0703 $<\/td>\n<td style=\"text-align: center;\">7,03 $<\/td>\n<\/tr>\n<tr>\n<td>GBP\/USD<\/td>\n<td style=\"text-align: center;\">0,1<\/td>\n<td style=\"text-align: center;\">0,05\/5,00 $<\/td>\n<td style=\"text-align: center;\">0,0600 $<\/td>\n<td style=\"text-align: center;\">6,00 $<\/td>\n<\/tr>\n<tr>\n<td>NZD\/USD<\/td>\n<td style=\"text-align: center;\">0,4<\/td>\n<td style=\"text-align: center;\">0,05\/5,00 $<\/td>\n<td style=\"text-align: center;\">0,0900 $<\/td>\n<td style=\"text-align: center;\">9,00 $<\/td>\n<\/tr>\n<tr>\n<td>USD\/CAD<\/td>\n<td style=\"text-align: center;\">0,3<\/td>\n<td style=\"text-align: center;\">0,05\/5,00 $<\/td>\n<td style=\"text-align: center;\">0,0717 $<\/td>\n<td style=\"text-align: center;\">7,17 $<\/td>\n<\/tr>\n<tr>\n<td>USD\/CHF<\/td>\n<td style=\"text-align: center;\">0,1<\/td>\n<td style=\"text-align: center;\">0,05\/5,00 $<\/td>\n<td style=\"text-align: center;\">0,0624 $<\/td>\n<td style=\"text-align: center;\">6,24 $<\/td>\n<\/tr>\n<tr>\n<td>USD\/JPY<\/td>\n<td style=\"text-align: center;\">0,1<\/td>\n<td style=\"text-align: center;\">0,05\/5,00 $<\/td>\n<td style=\"text-align: center;\">0,0568 $<\/td>\n<td style=\"text-align: center;\">5,68 $<\/td>\n<\/tr>\n<\/tbody>\n<\/table>\n<\/div>\n<p style=\"text-align: center; font-size: 13px;\"><em>*Les valeurs correspondent aux co\u00fbts moyens des spreads du mod\u00e8le \u00ab tarification de base \u00bb. **Le premier chiffre indique la commission factur\u00e9e par micro-lot et par c\u00f4t\u00e9. <strong>Le co\u00fbt par lot inclut les frais combin\u00e9s de spread et de commission<\/strong>.<\/em><\/p>\n<h2 id=\"overnight\"><i class=\"ico ico--clock\"><\/i>Co\u00fbts de financement overnight avec OANDA<\/h2>\n<p>D\u2019apr\u00e8s la page d\u00e9di\u00e9e aux co\u00fbts de financement d\u2019OANDA, les frais du courtier sont publi\u00e9s chaque jour peu apr\u00e8s 17 h (ET). OANDA pr\u00e9cise \u00e0 la fois les taux annualis\u00e9s et les co\u00fbts journaliers. Pour le Forex, les frais de financement sont calcul\u00e9s sur la base de 100 000 unit\u00e9s de devise. Pour les autres instruments, les unit\u00e9s de r\u00e9f\u00e9rence sont les suivantes :<\/p>\n<ul class=\"list-checks\">\n<li>CFD sur actions : 100 unit\u00e9s<\/li>\n<li>Indices : 1 unit\u00e9<\/li>\n<li>M\u00e9taux : 10 unit\u00e9s (sauf le cuivre)<\/li>\n<li>Produits de base (y compris le cuivre) : 100 unit\u00e9s<\/li>\n<\/ul>\n<p>Le tableau ci-dessous pr\u00e9sente les taux de swap Forex qu\u2019OANDA a publi\u00e9s le 26.08.2025. Lorsque vous consultez la page des co\u00fbts de financement d\u2019OANDA, o\u00f9 figurent les taux quotidiens, gardez \u00e0 l\u2019esprit que les taux finaux appliqu\u00e9s \u00e0 vos positions peuvent diff\u00e9rer l\u00e9g\u00e8rement de ce qui est indiqu\u00e9, selon votre type de compte.<\/p>\n<div class=\"table-responsive\">\n<table class=\"table table--colorful\">\n<thead>\n<tr>\n<th style=\"background-color: #fff;\" colspan=\"8\">Frais de swap OANDA (26.08.2025)<\/th>\n<\/tr>\n<tr>\n<th>Paire de devises<\/th>\n<th>Devise de base<\/th>\n<th>Volume en lots<\/th>\n<th>Taux long annualis\u00e9<\/th>\n<th>Taux short annualis\u00e9<\/th>\n<th>Long<\/th>\n<th>Short<\/th>\n<th>Nombre de jours<\/th>\n<\/tr>\n<\/thead>\n<tbody>\n<tr>\n<td>AUD\/USD<\/td>\n<td style=\"text-align: center;\">USD<\/td>\n<td style=\"text-align: center;\">1<\/td>\n<td style=\"text-align: center;\">-1,71 %<\/td>\n<td style=\"text-align: center;\">-0,34 %<\/td>\n<td style=\"text-align: center;\">-3,04 $<\/td>\n<td style=\"text-align: center;\">-0,60 $<\/td>\n<td style=\"text-align: center;\">1<\/td>\n<\/tr>\n<tr>\n<td>EUR\/GBP<\/td>\n<td style=\"text-align: center;\">USD<\/td>\n<td style=\"text-align: center;\">1<\/td>\n<td style=\"text-align: center;\">-3,01 %<\/td>\n<td style=\"text-align: center;\">0,94 %<\/td>\n<td style=\"text-align: center;\">-9,60 $<\/td>\n<td style=\"text-align: center;\">3,00 $<\/td>\n<td style=\"text-align: center;\">1<\/td>\n<\/tr>\n<tr>\n<td>EUR\/JPY<\/td>\n<td style=\"text-align: center;\">USD<\/td>\n<td style=\"text-align: center;\">1<\/td>\n<td style=\"text-align: center;\">0,52 %<\/td>\n<td style=\"text-align: center;\">-2,55 %<\/td>\n<td style=\"text-align: center;\">1,66 $<\/td>\n<td style=\"text-align: center;\">-8,14 $<\/td>\n<td style=\"text-align: center;\">1<\/td>\n<\/tr>\n<tr>\n<td>EUR\/USD<\/td>\n<td style=\"text-align: center;\">USD<\/td>\n<td style=\"text-align: center;\">1<\/td>\n<td style=\"text-align: center;\">-3,44 %<\/td>\n<td style=\"text-align: center;\">1,41 %<\/td>\n<td style=\"text-align: center;\">-10,98 $<\/td>\n<td style=\"text-align: center;\">4,50 $<\/td>\n<td style=\"text-align: center;\">1<\/td>\n<\/tr>\n<tr>\n<td>GBP\/USD<\/td>\n<td style=\"text-align: center;\">USD<\/td>\n<td style=\"text-align: center;\">1<\/td>\n<td style=\"text-align: center;\">-1,46 %<\/td>\n<td style=\"text-align: center;\">-0,57 %<\/td>\n<td style=\"text-align: center;\">-5,39 $<\/td>\n<td style=\"text-align: center;\">-2,11 $<\/td>\n<td style=\"text-align: center;\">1<\/td>\n<\/tr>\n<tr>\n<td>NZD\/USD<\/td>\n<td style=\"text-align: center;\">USD<\/td>\n<td style=\"text-align: center;\">1<\/td>\n<td style=\"text-align: center;\">-2,52 %<\/td>\n<td style=\"text-align: center;\">0,42 %<\/td>\n<td style=\"text-align: center;\">-4,04 $<\/td>\n<td style=\"text-align: center;\">0,67 $<\/td>\n<td style=\"text-align: center;\">1<\/td>\n<\/tr>\n<tr>\n<td>USD\/CAD<\/td>\n<td style=\"text-align: center;\">USD<\/td>\n<td style=\"text-align: center;\">1<\/td>\n<td style=\"text-align: center;\">0,71 %<\/td>\n<td style=\"text-align: center;\">-2,78 %<\/td>\n<td style=\"text-align: center;\">1,95 $<\/td>\n<td style=\"text-align: center;\">-7,62 $<\/td>\n<td style=\"text-align: center;\">1<\/td>\n<\/tr>\n<tr>\n<td>USD\/CHF<\/td>\n<td style=\"text-align: center;\">USD<\/td>\n<td style=\"text-align: center;\">1<\/td>\n<td style=\"text-align: center;\">3,47 %<\/td>\n<td style=\"text-align: center;\">-5,55 %<\/td>\n<td style=\"text-align: center;\">9,51 $<\/td>\n<td style=\"text-align: center;\">-15,21 $<\/td>\n<td style=\"text-align: center;\">1<\/td>\n<\/tr>\n<tr>\n<td>USD\/JPY<\/td>\n<td style=\"text-align: center;\">USD<\/td>\n<td style=\"text-align: center;\">1<\/td>\n<td style=\"text-align: center;\">2,95 %<\/td>\n<td style=\"text-align: center;\">-4,97 %<\/td>\n<td style=\"text-align: center;\">8,08 $<\/td>\n<td style=\"text-align: center;\">-13,62 $<\/td>\n<td style=\"text-align: center;\">1<\/td>\n<\/tr>\n<\/tbody>\n<\/table>\n<\/div>\n<h2 id=\"swap\"><i class=\"ico ico--islamic-account\"><\/i>Co\u00fbts du trading sans swap avec OANDA<\/h2>\n<p>Il convient de pr\u00e9ciser que toutes les entit\u00e9s d\u2019OANDA ne proposent pas de comptes sans swap. Cette possibilit\u00e9 a \u00e9t\u00e9 suspendue pour l\u2019entit\u00e9 r\u00e9glement\u00e9e par la BVI Financial Services Commission. Si vous souhaitez faire du trading sans swaps, OANDA Global Markets Ltd ne constitue donc pas une option viable.<\/p>\n<p>D\u2019autres entit\u00e9s d\u2019OANDA, comme celle des \u00c9tats-Unis, prennent en charge le trading sans swap et appliquent, en contrepartie, des frais administratifs sur les comptes sans swap (4 % sur les paires en TRY, 2 % sur les paires en CZK, HUF, SAR, THB et ZAR, et 1 % sur les autres paires).<\/p>\n<h2 id=\"other\"><i class=\"ico ico--administration-fees\"><\/i>Frais hors trading avec OANDA<\/h2>\n<p>Pour obtenir une vue d\u2019ensemble des co\u00fbts li\u00e9s au trading chez OANDA, les passionn\u00e9s de Forex doivent \u00e9galement conna\u00eetre les frais non li\u00e9s au trading susceptibles d\u2019\u00eatre factur\u00e9s par le courtier. Voici un r\u00e9sum\u00e9 de ces frais :<\/p>\n<div class=\"table-responsive\">\n<table class=\"table\">\n<thead>\n<tr>\n<th colspan=\"2\">Vue d\u2019ensemble des frais OANDA<\/th>\n<\/tr>\n<\/thead>\n<tbody>\n<tr>\n<td>Frais de d\u00e9p\u00f4t<\/td>\n<td>Gratuit<\/td>\n<\/tr>\n<tr>\n<td>Frais de retrait<\/td>\n<td>20 $ (BVI, virements bancaires uniquement)<\/td>\n<\/tr>\n<tr>\n<td>Frais d\u2019ouverture de compte<\/td>\n<td>Gratuit<\/td>\n<\/tr>\n<tr>\n<td>Frais d\u2019inactivit\u00e9<\/td>\n<td>10 unit\u00e9s de devise par mois apr\u00e8s 12 mois d\u2019inactivit\u00e9<\/td>\n<\/tr>\n<tr>\n<td>Abonnement \u00e0 l\u2019h\u00e9bergement VPS<\/td>\n<td>\n<ul class=\"list-checks\">\n<li>Frais mensuels Liquidity Connect : 30 $ (VPS1) ; 50 $ (VPS2) ; 75 $ (VPS3) ; 95 $ (VPS4)<\/li>\n<li>Frais mensuels Beeks : 30 \u00a3 (Bronze) ; 53 \u00a3 (Silver) ; 94 \u00a3 (Gold)<\/li>\n<li>Les traders titulaires d\u2019un compte Premium Plus Trader peuvent profiter d\u2019un VPS gratuit.<\/li>\n<\/ul>\n<\/td>\n<\/tr>\n<\/tbody>\n<\/table>\n<\/div>\n<p>Pour l\u2019essentiel, OANDA n\u2019applique pas de frais aux transactions. Les d\u00e9p\u00f4ts sont gratuits, l\u2019ouverture d\u2019un compte ne donne lieu \u00e0 aucun frais et la plupart des solutions de retrait n\u2019entra\u00eenent pas de frais impos\u00e9s par OANDA. Les retraits par virement bancaire constituent cependant une exception. Les clients d\u2019OANDA Global Markets Ltd, r\u00e9glement\u00e9e par la British Virgin Islands Financial Services Commission, doivent payer 20 $ par transaction lorsqu\u2019ils utilisent les virements bancaires.<\/p>\n<p>D\u2019autres co\u00fbts \u00e9ventuels peuvent survenir si vous d\u00e9cidez de n\u00e9gocier via un serveur priv\u00e9 virtuel, ou VPS. Cet outil offre des vitesses d\u2019ex\u00e9cution sup\u00e9rieures et renforce la s\u00e9curit\u00e9 du trading. OANDA a conclu des partenariats avec deux fournisseurs de VPS, \u00e0 commencer par BeeksFX. Leurs serveurs sont situ\u00e9s \u00e0 Londres, et les clients de Beeks b\u00e9n\u00e9ficient d\u2019avantages distincts selon la formule choisie. Vous trouverez ci-dessous un aper\u00e7u de leurs offres :<\/p>\n<ul class=\"list-checks\">\n<li>Bronze : 30 \u00a3 par mois, 2 560 Mo RAM, 30 Go d\u2019espace disque, 1 vCPU<\/li>\n<li>Silver : 53 \u00a3 par mois, 4 096 Mo RAM, 50 Go d\u2019espace disque, 2 vCPU<\/li>\n<li>Gold : 94 \u00a3 par mois, 6 656 Mo RAM, 75 Go d\u2019espace disque, 4 vCPU<\/li>\n<\/ul>\n<p>L\u2019autre service VPS est Liquidity Connect. Ses serveurs sont h\u00e9berg\u00e9s \u00e0 Londres et \u00e0 New York, et sa tarification est la suivante :<\/p>\n<ul class=\"list-checks\">\n<li>VPS1 : 30 $ par mois, 1 c\u0153ur vCPU, 3 096 Mo\/3 Go RAM, 50 Go SSD<\/li>\n<li>VPS2 : 50 $ par mois, 2 c\u0153urs vCPU, 4 096 Mo\/4 Go RAM, 60 Go SSD<\/li>\n<li>VPS3 : 75 $ par mois, 3 c\u0153urs vCPU, 6 144 Mo\/6 Go RAM, 75 Go SSD<\/li>\n<li>VPS4 : 95 $ par mois, 4 c\u0153urs vCPU, 8 192 Mo\/8 Go RAM, 100 Go SSD<\/li>\n<\/ul>\n<p>Les clients d\u2019OANDA titulaires d\u2019un compte Premium Plus Trader peuvent profiter d\u2019un VPS sans frais mensuels. Il convient \u00e9galement de rappeler que l\u2019utilisation d\u2019un VPS n\u2019est pas obligatoire pour n\u00e9gocier chez OANDA ; les frais ci-dessus restent donc optionnels, m\u00eame si vous ne disposez pas d\u2019un compte Premium Plus Trader.<\/p>\n<p>Un autre co\u00fbt auquel vous pourriez \u00e9chapper est le frais d\u2019inactivit\u00e9. OANDA facture 10 unit\u00e9s de devise par mois, mais uniquement si un compte est rest\u00e9 inactif pendant 12 mois. Rappelez-vous que, dans ce contexte, inactivit\u00e9 et dormance signifient l\u2019absence totale d\u2019ex\u00e9cution d\u2019ordres.<\/p>\n<h2 id=\"conclusion\"><i class=\"ico ico--pen\"><\/i>Conclusion sur les frais d&rsquo;OANDA<\/h2>\n<p>Tout bien consid\u00e9r\u00e9, OANDA m\u00e9rite d\u2019\u00eatre essay\u00e9 si vous recherchez un courtier avec des co\u00fbts raisonnables et qui propose de nombreuses paires Forex. Ses deux mod\u00e8les de tarification offrent de la flexibilit\u00e9, et la possibilit\u00e9 de profiter d\u2019un VPS gratuit constitue un atout appr\u00e9ciable pour les traders exp\u00e9riment\u00e9s.<\/p>\n","protected":false},"excerpt":{"rendered":"<p>OANDA est un courtier de renomm\u00e9e mondiale qui accueille des traders d\u2019Europe, d\u2019Asie, des \u00c9tats-Unis et d\u2019ailleurs. Son offre Forex se distingue, puisqu\u2019elle comprend plus de 60 paires de devises, dont des majeures, des mineures et des exotiques. Comme le trading de devises implique divers co\u00fbts susceptibles d\u2019affecter consid\u00e9rablement l\u2019exp\u00e9rience des passionn\u00e9s de Forex, notre [&hellip;]<\/p>\n","protected":false},"author":2,"featured_media":0,"parent":11958,"menu_order":0,"comment_status":"closed","ping_status":"closed","template":"templates\/review.php","meta":{"footnotes":""},"class_list":["post-59601","page","type-page","status-publish","hentry"],"aioseo_notices":[],"_links":{"self":[{"href":"https:\/\/www.bestbrokers.com\/fr\/wp-json\/wp\/v2\/pages\/59601","targetHints":{"allow":["GET"]}}],"collection":[{"href":"https:\/\/www.bestbrokers.com\/fr\/wp-json\/wp\/v2\/pages"}],"about":[{"href":"https:\/\/www.bestbrokers.com\/fr\/wp-json\/wp\/v2\/types\/page"}],"author":[{"embeddable":true,"href":"https:\/\/www.bestbrokers.com\/fr\/wp-json\/wp\/v2\/users\/2"}],"replies":[{"embeddable":true,"href":"https:\/\/www.bestbrokers.com\/fr\/wp-json\/wp\/v2\/comments?post=59601"}],"version-history":[{"count":6,"href":"https:\/\/www.bestbrokers.com\/fr\/wp-json\/wp\/v2\/pages\/59601\/revisions"}],"predecessor-version":[{"id":71825,"href":"https:\/\/www.bestbrokers.com\/fr\/wp-json\/wp\/v2\/pages\/59601\/revisions\/71825"}],"up":[{"embeddable":true,"href":"https:\/\/www.bestbrokers.com\/fr\/wp-json\/wp\/v2\/pages\/11958"}],"wp:attachment":[{"href":"https:\/\/www.bestbrokers.com\/fr\/wp-json\/wp\/v2\/media?parent=59601"}],"curies":[{"name":"wp","href":"https:\/\/api.w.org\/{rel}","templated":true}]}}