{"id":59603,"date":"2025-03-19T09:33:25","date_gmt":"2025-03-19T09:33:25","guid":{"rendered":"https:\/\/www.bestbrokers.com\/?page_id=59603"},"modified":"2025-10-22T13:20:44","modified_gmt":"2025-10-22T13:20:44","slug":"spreads-fees-and-commissions","status":"publish","type":"page","link":"https:\/\/www.bestbrokers.com\/fr\/reviews\/xtb\/spreads-fees-and-commissions\/","title":{"rendered":"Spreads, frais et commissions de XTB"},"content":{"rendered":"<div class=\"author-line\">\u00c9crit par <span class=\"author\">Naylyan Nazifova<div class=\"author-sub-box\"><div class=\"author-avatar\"><img decoding=\"async\" src=\"https:\/\/www.bestbrokers.com\/wp-content\/uploads\/2026\/04\/nnazifova.webp\" \/><\/div><div class=\"author-info-wrapper\"><div class=\"author-name\"><a href=\"https:\/\/www.bestbrokers.com\/fr\/authors\/naylyan-nazifova\/\">Naylyan Nazifova<\/a><\/div><div class=\"author-bio\">Naylyan Nazifova est une experte reconnue dans le domaine du trading en ligne. Elle est l\u2019auteur de nombreuses publications et analyses portant sur le trading Forex, l\u2019investissement en actions et les finances personnelles.<\/div><\/div><\/div><\/span>,  <a rel=\"nofollow\" target=\"_blank\" href=\"https:\/\/www.linkedin.com\/in\/naylian-nazifova-58562a272\/\"><img decoding=\"async\" class=\"social-icon\" src=\"https:\/\/www.bestbrokers.com\/wp-content\/themes\/best-brokers\/assets\/images\/icon-linkedin.svg\" data-no-lazy=\"1\"><\/a> <span class=\"sep\">|<\/span> Traduit par <span class=\"author\">Agnes Orieux<div class=\"author-sub-box\"><div class=\"author-info-wrapper\"><div class=\"author-name\"><a href=\"https:\/\/www.bestbrokers.com\/fr\/authors\/agnes-orieux\/\">Agnes Orieux<\/a><\/div><div class=\"author-bio\">Agnes Orieux est une traductrice et r\u00e9dactrice de l'anglais vers le fran\u00e7ais, avec une exp\u00e9rience dans les march\u00e9s financiers. Elle est la r\u00e9dactrice principale de la version fran\u00e7aise de BestBrokers.com.<\/div><\/div><\/div><\/span> <span class=\"sep\">|<\/span> Mis \u00e0 jour : <time class=\"entry-date\" datetime=\"2025-10-22T13:20:44+00:00\">octobre 22, 2025<\/time><\/div>\n<p>Avant d\u2019ouvrir un compte de trading r\u00e9el chez XTB, les traders qui souhaitent prendre des d\u00e9cisions \u00e9clair\u00e9es peuvent s\u2019appuyer sur ce guide complet. Cet article propose une vue globale et approfondie des spreads, commissions et frais appliqu\u00e9s par XTB, afin de permettre aux traders de comprendre les co\u00fbts li\u00e9s au trading sur la plateforme. Nous y ajoutons des exemples de calcul de ces frais pour que chacun visualise clairement ce que repr\u00e9sente le trading avec ce courtier. Poursuivez votre lecture pour en savoir plus sur la structure tarifaire de XTB.<\/p>\n<h2 id=\"costs\"><i class=\"ico ico--money-supply\"><\/i>Co\u00fbts de trading avec XTB<\/h2>\n<p>XTB propose trois types de comptes : Standard, Pro et Islamique. Dans cette section, nous examinerons les co\u00fbts associ\u00e9s au compte Standard, adapt\u00e9 aux traders particuliers, ainsi que la tarification du compte Pro.<\/p>\n<p>Le compte Standard de XTB adopte un mod\u00e8le de tarification bas\u00e9 sur le spread : l\u2019ensemble des frais de trading est inclus dans le spread. Aucune commission n\u2019est factur\u00e9e sur les march\u00e9s CFD, \u00e0 l\u2019exception des CFD sur actions et ETF.<\/p>\n<p>Les ordres minimum commencent \u00e0 0,01 lot et l\u2019effet de levier maximal autoris\u00e9 pour les clients de l\u2019UE est limit\u00e9 \u00e0 1:30. Les traders b\u00e9n\u00e9ficient de la protection contre le solde n\u00e9gatif et de fonds s\u00e9gr\u00e9gu\u00e9s, s\u00e9par\u00e9s des actifs op\u00e9rationnels du courtier. Bien qu\u2019XTB ne prenne pas en charge les plateformes populaires MT4 et MT5, il propose sa plateforme propri\u00e9taire innovante xStation, qui donne acc\u00e8s \u00e0 plus de 2 500 instruments financiers (pour l\u2019entit\u00e9 r\u00e9glement\u00e9e par la CySEC) sur plusieurs classes d\u2019actifs. En plus du Forex, XTB permet de n\u00e9gocier des CFD sur actions, ETF, indices, mati\u00e8res premi\u00e8res et crypto-actifs. Le nombre d\u2019instruments disponibles varie selon l\u2019entit\u00e9 XTB et la r\u00e9glementation correspondante.<\/p>\n<p>Le compte Pro de XTB offre des spreads plus serr\u00e9s auxquels s\u2019ajoute une commission factur\u00e9e de chaque c\u00f4t\u00e9 de la position. La commission s\u2019\u00e9l\u00e8ve \u00e0 3,50 USD par c\u00f4t\u00e9, soit 7 USD par aller-retour.<\/p>\n<p>Nous pouvons utiliser la paire EUR\/USD pour illustrer la fa\u00e7on de calculer les frais de trading Forex avec les comptes Standard et Pro de XTB. Prenons l\u2019exemple d\u2019un lot standard sur la paire EUR\/USD, chaque mouvement d\u2019un pip correspondant \u00e0 10 USD. Supposons que la position soit ouverte et cl\u00f4tur\u00e9e au m\u00eame prix depuis un compte libell\u00e9 en USD. Pour la paire EUR\/USD, XTB propose un spread cible de 0,9 pip pour le compte Standard et de 0,1 pip pour le compte Pro. Voyons maintenant comment se calculent les frais de trading.<\/p>\n<hr style=\"height: 2px; border-width: 0; color: #dee2e6; background-color: #dee2e6; clear: both;\" \/>\n<p><strong>Compte Standard XTB :<\/strong><\/p>\n<p>Spread : 0,9 pip<br \/>\nCo\u00fbt total : 0,9 x 10 USD = 9 USD par c\u00f4t\u00e9, soit 18 USD par aller-retour d\u2019un lot standard<\/p>\n<hr style=\"height: 2px; border-width: 0; color: #dee2e6; background-color: #dee2e6; clear: both;\" \/>\n<p><strong>Compte Pro XTB :<\/strong><\/p>\n<p>Spread : 0,1 pip<br \/>\nCo\u00fbt du spread : 0,1 x 10 USD = 1 USD par c\u00f4t\u00e9, soit 2 USD par aller-retour d\u2019un lot standard<br \/>\nCommission : 3,50 USD par lot et par c\u00f4t\u00e9, soit 7 USD par aller-retour<br \/>\nCo\u00fbt total : (1 USD x 2) + (3,50 USD x 2) = 9 USD par aller-retour d\u2019un lot standard<\/p>\n<hr style=\"height: 2px; border-width: 0; color: #dee2e6; background-color: #dee2e6; clear: both;\" \/>\n<p>On constate que, bien que le compte Pro XTB applique une commission, le co\u00fbt total de trading est inf\u00e9rieur \u00e0 celui du compte Standard. Comme on peut s\u2019y attendre, les traders professionnels n\u00e9gocient des volumes plus importants et b\u00e9n\u00e9ficient donc de spreads plus serr\u00e9s et de co\u00fbts globaux plus faibles. En contrepartie, ils perdent certains m\u00e9canismes de protection r\u00e9serv\u00e9s aux clients particuliers, notamment la protection contre le solde n\u00e9gatif.<\/p>\n<p>Les traders peuvent consulter le tableau ci-dessous pour examiner les spreads XTB sur plusieurs paires Forex populaires. Nous avons calcul\u00e9 les co\u00fbts par micro-lot et par lot standard pour le compte Standard.<\/p>\n<div class=\"table-responsive\">\n<table class=\"table table--colorful\">\n<thead>\n<tr>\n<th style=\"background-color: #fff;\" colspan=\"5\">Co\u00fbt moyen du spread avec le compte Standard XTB<\/th>\n<\/tr>\n<tr>\n<th>Paire de devises<\/th>\n<th>Spread (en pips)<\/th>\n<th>Commission par c\u00f4t\u00e9<\/th>\n<th>Co\u00fbt par micro-lot<\/th>\n<th>Co\u00fbt par lot standard<\/th>\n<\/tr>\n<\/thead>\n<tbody>\n<tr>\n<td>EUR\/USD<\/td>\n<td style=\"text-align: center;\">0,9<\/td>\n<td style=\"text-align: center;\">0 USD<\/td>\n<td style=\"text-align: center;\">0,09 USD<\/td>\n<td style=\"text-align: center;\">9,00 USD<\/td>\n<\/tr>\n<tr>\n<td>USD\/JPY<\/td>\n<td style=\"text-align: center;\">1,4<\/td>\n<td style=\"text-align: center;\">0 USD<\/td>\n<td style=\"text-align: center;\">0,0953 USD<\/td>\n<td style=\"text-align: center;\">9,53 USD<\/td>\n<\/tr>\n<tr>\n<td>EUR\/GBP<\/td>\n<td style=\"text-align: center;\">2,1<\/td>\n<td style=\"text-align: center;\">0 USD<\/td>\n<td style=\"text-align: center;\">0,2848 USD<\/td>\n<td style=\"text-align: center;\">28,48 USD<\/td>\n<\/tr>\n<tr>\n<td>GBP\/USD<\/td>\n<td style=\"text-align: center;\">2,2<\/td>\n<td style=\"text-align: center;\">0 USD<\/td>\n<td style=\"text-align: center;\">0,22 USD<\/td>\n<td style=\"text-align: center;\">22,00 USD<\/td>\n<\/tr>\n<tr>\n<td>AUD\/USD<\/td>\n<td style=\"text-align: center;\">1,3<\/td>\n<td style=\"text-align: center;\">0 USD<\/td>\n<td style=\"text-align: center;\">0,13 USD<\/td>\n<td style=\"text-align: center;\">13,00 USD<\/td>\n<\/tr>\n<tr>\n<td>USD\/CAD<\/td>\n<td style=\"text-align: center;\">1,8<\/td>\n<td style=\"text-align: center;\">0 USD<\/td>\n<td style=\"text-align: center;\">0,1315 USD<\/td>\n<td style=\"text-align: center;\">13,15 USD<\/td>\n<\/tr>\n<tr>\n<td>USD\/CHF<\/td>\n<td style=\"text-align: center;\">1,9<\/td>\n<td style=\"text-align: center;\">0 USD<\/td>\n<td style=\"text-align: center;\">0,2383 USD<\/td>\n<td style=\"text-align: center;\">23,83 USD<\/td>\n<\/tr>\n<tr>\n<td>USD\/CNH<\/td>\n<td style=\"text-align: center;\">13,00<\/td>\n<td style=\"text-align: center;\">0 USD<\/td>\n<td style=\"text-align: center;\">0,1813 USD<\/td>\n<td style=\"text-align: center;\">18,13 USD<\/td>\n<\/tr>\n<tr>\n<td>NZD\/USD<\/td>\n<td style=\"text-align: center;\">2,0<\/td>\n<td style=\"text-align: center;\">0 USD<\/td>\n<td style=\"text-align: center;\">0,20 USD<\/td>\n<td style=\"text-align: center;\">20,00 USD<\/td>\n<\/tr>\n<\/tbody>\n<\/table>\n<\/div>\n<p style=\"text-align: center; font-size: 13px;\"><em>*Le co\u00fbt de n\u00e9gociation des paires de devises est exprim\u00e9 en USD<\/em><\/p>\n<p>Ci-dessous, les titulaires de compte Pro XTB peuvent consulter les commissions aller-retour factur\u00e9es pour le trading d\u2019un lot Standard, Mini ou Micro.<\/p>\n<div class=\"table-responsive\">\n<table class=\"table table--colorful\">\n<thead>\n<tr>\n<th style=\"background-color: #fff;\" colspan=\"3\">Commissions aller-retour pour le compte Pro XTB<\/th>\n<\/tr>\n<tr>\n<th>Lot<\/th>\n<th>Unit\u00e9s<\/th>\n<th>Commission aller-retour<\/th>\n<\/tr>\n<\/thead>\n<tbody>\n<tr>\n<td>1 lot standard<\/td>\n<td style=\"text-align: center;\">100 000<\/td>\n<td style=\"text-align: center;\">7 USD<\/td>\n<\/tr>\n<tr>\n<td>1 lot mini<\/td>\n<td style=\"text-align: center;\">10 000<\/td>\n<td style=\"text-align: center;\">0,70 USD<\/td>\n<\/tr>\n<tr>\n<td>1 lot micro<\/td>\n<td style=\"text-align: center;\">1 000<\/td>\n<td style=\"text-align: center;\">0,07 USD<\/td>\n<\/tr>\n<\/tbody>\n<\/table>\n<\/div>\n<h2 id=\"overnight\"><i class=\"ico ico--clock\"><\/i>Co\u00fbts de financement overnight sur XTB<\/h2>\n<p>Les traders d\u00e9sireux de maintenir leurs positions ouvertes plus d\u2019une journ\u00e9e de trading voudront sans doute en savoir davantage sur les frais de financement overnight appliqu\u00e9s par XTB. Les positions conserv\u00e9es d\u2019un jour sur l\u2019autre sont soumises \u00e0 des frais de report, \u00e9galement appel\u00e9s swaps.<\/p>\n<p>Le swap correspond au montant d\u2019int\u00e9r\u00eat d\u00e9bit\u00e9 ou cr\u00e9dit\u00e9 sur le compte d\u2019un trader pour maintenir la position. Il varie selon les paires de devises. Les points de swap peuvent \u00eatre calcul\u00e9s manuellement en multipliant le taux de swap par la valeur du pip. Ils peuvent \u00eatre positifs ou n\u00e9gatifs, entra\u00eenant un d\u00e9bit ou un cr\u00e9dit sur le compte du trader.<\/p>\n<p>Les traders peuvent \u00e9galement utiliser le calculateur int\u00e9gr\u00e9 d\u2019XTB, l\u2019une des fonctionnalit\u00e9s exclusives de xStation. Il leur suffit de renseigner le volume de la position, la valeur du contrat et la marge pour voir les taux de swap quotidiens des positions longues et courtes sur un instrument Forex donn\u00e9.<\/p>\n<p>Les cr\u00e9dits et d\u00e9bits associ\u00e9s aux diff\u00e9rents instruments financiers d\u00e9pendent de nombreux facteurs, notamment le type d\u2019instrument et le sens de la position. Ces valeurs peuvent \u00e9voluer en fonction des conditions de march\u00e9. Parmi les instruments les plus courants pour obtenir les cr\u00e9dits les plus \u00e9lev\u00e9s figurent les paires EUR\/AUD, USD\/TRY et USD\/MXN.<\/p>\n<p>Le tableau ci-dessous pr\u00e9sente les taux de financement overnight de XTB pour plusieurs paires Forex populaires.<\/p>\n<div class=\"table-responsive\">\n<table class=\"table table--colorful\">\n<thead>\n<tr>\n<th style=\"background-color: #fff;\" colspan=\"4\">Taux de swap XTB sur les paires Forex populaires (taille de lot standard)<\/th>\n<\/tr>\n<tr>\n<th>Symbole<\/th>\n<th>Devise de base<\/th>\n<th>Valeur du swap (long)<\/th>\n<th>Valeur du swap (short)<\/th>\n<\/tr>\n<\/thead>\n<tbody>\n<tr>\n<td>EUR\/USD<\/td>\n<td style=\"text-align: center;\">USD<\/td>\n<td style=\"text-align: center;\">-0,009397 %<\/td>\n<td style=\"text-align: center;\">0,003843 %<\/td>\n<\/tr>\n<tr>\n<td>USD\/JPY<\/td>\n<td style=\"text-align: center;\">USD<\/td>\n<td style=\"text-align: center;\">0,007172 %<\/td>\n<td style=\"text-align: center;\">-0,014109 %<\/td>\n<\/tr>\n<tr>\n<td>EUR\/GBP<\/td>\n<td style=\"text-align: center;\">USD<\/td>\n<td style=\"text-align: center;\">-0,008276 %<\/td>\n<td style=\"text-align: center;\">0,002760 %<\/td>\n<\/tr>\n<tr>\n<td>GBP\/USD<\/td>\n<td style=\"text-align: center;\">USD<\/td>\n<td style=\"text-align: center;\">-0,003859 %<\/td>\n<td style=\"text-align: center;\">-0,001655 %<\/td>\n<\/tr>\n<tr>\n<td>AUD\/USD<\/td>\n<td style=\"text-align: center;\">USD<\/td>\n<td style=\"text-align: center;\">-0,005333 %<\/td>\n<td style=\"text-align: center;\">-0,001550 %<\/td>\n<\/tr>\n<tr>\n<td>USD\/CAD<\/td>\n<td style=\"text-align: center;\">USD<\/td>\n<td style=\"text-align: center;\">0,001651 %<\/td>\n<td style=\"text-align: center;\">-0,007163 %<\/td>\n<\/tr>\n<tr>\n<td>USD\/CHF<\/td>\n<td style=\"text-align: center;\">USD<\/td>\n<td style=\"text-align: center;\">0,009338 %<\/td>\n<td style=\"text-align: center;\">-0,014886 %<\/td>\n<\/tr>\n<tr>\n<td>AUD\/CAD<\/td>\n<td style=\"text-align: center;\">USD<\/td>\n<td style=\"text-align: center;\">-0,000906 %<\/td>\n<td style=\"text-align: center;\">-0,005938 %<\/td>\n<\/tr>\n<tr>\n<td>NZD\/USD<\/td>\n<td style=\"text-align: center;\">USD<\/td>\n<td style=\"text-align: center;\">-0,007159 %<\/td>\n<td style=\"text-align: center;\">0,000275 %<\/td>\n<\/tr>\n<\/tbody>\n<\/table>\n<\/div>\n<h2 id=\"swap\"><i class=\"ico ico--islamic-account\"><\/i>Co\u00fbts de trading sans swap avec XTB<\/h2>\n<p>Les clients de la division internationale d\u2019XTB ont la possibilit\u00e9 d\u2019ouvrir un compte sans swap (compte islamique). La disponibilit\u00e9 de ces comptes est limit\u00e9e \u00e0 certaines juridictions, notamment les \u00c9mirats arabes unis, l\u2019Arabie saoudite, l\u2019\u00c9gypte et la Malaisie. Les comptes sans swap sont con\u00e7us pour les traders musulmans qui souhaitent faire du trading conform\u00e9ment \u00e0 la loi islamique. L\u2019option sans swap est disponible pour les comptes Standard et Pro.<\/p>\n<p>Comme son nom l\u2019indique, aucun frais n\u2019est pr\u00e9lev\u00e9 pour maintenir les positions ouvertes pendant la nuit. Ce type de compte constitue donc une solution pour les traders qui ne peuvent pas payer ou recevoir de swaps pour des raisons religieuses. \u00c0 la place, un petit frais d\u2019administration est appliqu\u00e9 ; il varie selon l\u2019instrument.<\/p>\n<p>Le compte islamique d\u2019XTB donne acc\u00e8s \u00e0 10 100 march\u00e9s pour l\u2019investissement direct et le trading de CFD, y compris le Forex, les indices, les mati\u00e8res premi\u00e8res, les crypto-actifs et les ETF. L\u2019effet de levier maximal autoris\u00e9 est de 1:500 et les traders peuvent utiliser la plateforme propri\u00e9taire xStation.<\/p>\n<p>Outre l\u2019absence de frais ou d\u2019int\u00e9r\u00eats sp\u00e9cifiques, XTB propose un programme de cashback dont le montant d\u00e9pend du volume de trading mensuel. Le syst\u00e8me calcule automatiquement le cashback d\u00fb et l\u2019ajoute en esp\u00e8ces au solde du compte. Cette offre est valable pour les clients de certaines juridictions.<\/p>\n<h2 id=\"other\"><i class=\"ico ico--administration-fees\"><\/i>Frais hors trading sur XTB<\/h2>\n<p>Passons maintenant rapidement en revue les frais hors trading d\u2019XTB afin de donner aux traders une vision claire des co\u00fbts \u00e0 pr\u00e9voir lorsqu\u2019ils ouvrent un compte r\u00e9el chez ce courtier. Commen\u00e7ons par l\u2019ouverture et la tenue de compte : le courtier n\u2019applique aucun frais. Ces services sont gratuits pour tous les clients, quel que soit le solde de leur compte.<\/p>\n<p>Bien qu\u2019il n\u2019y ait pas de frais de tenue de compte, des frais d\u2019inactivit\u00e9 de 10 \u20ac sont factur\u00e9s aux titulaires n\u2019ayant pass\u00e9 aucun ordre depuis 365 jours ou n\u2019ayant effectu\u00e9 aucun d\u00e9p\u00f4t depuis 90 jours.<\/p>\n<p>Tous les moyens de d\u00e9p\u00f4t \u2013 cartes bancaires, virements bancaires et paiements en ligne via PayU, Skrill et PayPal \u2013 sont exempts de frais de la part du courtier. Cela dit, certains moyens de paiement peuvent entra\u00eener des frais pr\u00e9lev\u00e9s par les prestataires.<\/p>\n<p>Les retraits sup\u00e9rieurs \u00e0 100 \u20ac sont \u00e9galement gratuits. En revanche, les retraits inf\u00e9rieurs \u00e0 ce seuil donnent lieu \u00e0 des frais de 10 \u20ac. Les transferts de fonds entre comptes libell\u00e9s dans deux devises diff\u00e9rentes sont soumis \u00e0 des frais de conversion de 0,5 % en semaine et de 0,8 % le week-end.<\/p>\n<div class=\"table-responsive\">\n<table class=\"table\">\n<thead>\n<tr>\n<th colspan=\"2\">Frais hors trading XTB<\/th>\n<\/tr>\n<\/thead>\n<tbody>\n<tr>\n<td>Frais de d\u00e9p\u00f4t<\/td>\n<td>Gratuit<\/td>\n<\/tr>\n<tr>\n<td>Frais de retrait<\/td>\n<td>Gratuit au-del\u00e0 de 100 \u20ac ou 50 USD selon l\u2019entit\u00e9 XTB<\/td>\n<\/tr>\n<tr>\n<td>Frais d\u2019ouverture de compte<\/td>\n<td>Gratuit<\/td>\n<\/tr>\n<tr>\n<td>Frais d\u2019inactivit\u00e9<\/td>\n<td>XTB n\u2019applique pas de frais de tenue de compte. Des frais d\u2019inactivit\u00e9 de 10 \u20ac sont pr\u00e9lev\u00e9s si aucun ordre d\u2019achat ou de vente n\u2019a \u00e9t\u00e9 pass\u00e9 au cours des 365 derniers jours ou si aucun d\u00e9p\u00f4t n\u2019a \u00e9t\u00e9 effectu\u00e9 dans les 90 derniers jours.<\/td>\n<\/tr>\n<tr>\n<td>Frais de conversion de devise<\/td>\n<td>0,5 % en semaine, 0,8 % le week-end et les jours f\u00e9ri\u00e9s<\/td>\n<\/tr>\n<\/tbody>\n<\/table>\n<\/div>\n<h2 id=\"conclusion\"><i class=\"ico ico--pen\"><\/i>Conclusion sur les frais de XTB<\/h2>\n<p>Globalement, selon le type de compte choisi \u2013 Standard, Pro ou Islamique \u2013 XTB propose diff\u00e9rents mod\u00e8les tarifaires. Le compte Standard se caract\u00e9rise par des spreads r\u00e9duits, tandis que les titulaires de compte Pro profitent de commissions comp\u00e9titives et de frais de trading totaux plus bas gr\u00e2ce \u00e0 un volume de n\u00e9gociation plus \u00e9lev\u00e9. Les comptes islamiques sont accessibles aux traders de certains pays et permettent en outre de recevoir des cashbacks directement cr\u00e9dit\u00e9s sur leur solde. Ainsi, XTB appara\u00eet comme un choix attrayant pour les traders de tous horizons et de tous niveaux d\u2019exp\u00e9rience.<\/p>\n","protected":false},"excerpt":{"rendered":"<p>Avant d\u2019ouvrir un compte de trading r\u00e9el chez XTB, les traders qui souhaitent prendre des d\u00e9cisions \u00e9clair\u00e9es peuvent s\u2019appuyer sur ce guide complet. Cet article propose une vue globale et approfondie des spreads, commissions et frais appliqu\u00e9s par XTB, afin de permettre aux traders de comprendre les co\u00fbts li\u00e9s au trading sur la plateforme. Nous [&hellip;]<\/p>\n","protected":false},"author":2,"featured_media":0,"parent":11742,"menu_order":0,"comment_status":"closed","ping_status":"closed","template":"templates\/review.php","meta":{"footnotes":""},"class_list":["post-59603","page","type-page","status-publish","hentry"],"aioseo_notices":[],"_links":{"self":[{"href":"https:\/\/www.bestbrokers.com\/fr\/wp-json\/wp\/v2\/pages\/59603","targetHints":{"allow":["GET"]}}],"collection":[{"href":"https:\/\/www.bestbrokers.com\/fr\/wp-json\/wp\/v2\/pages"}],"about":[{"href":"https:\/\/www.bestbrokers.com\/fr\/wp-json\/wp\/v2\/types\/page"}],"author":[{"embeddable":true,"href":"https:\/\/www.bestbrokers.com\/fr\/wp-json\/wp\/v2\/users\/2"}],"replies":[{"embeddable":true,"href":"https:\/\/www.bestbrokers.com\/fr\/wp-json\/wp\/v2\/comments?post=59603"}],"version-history":[{"count":8,"href":"https:\/\/www.bestbrokers.com\/fr\/wp-json\/wp\/v2\/pages\/59603\/revisions"}],"predecessor-version":[{"id":71834,"href":"https:\/\/www.bestbrokers.com\/fr\/wp-json\/wp\/v2\/pages\/59603\/revisions\/71834"}],"up":[{"embeddable":true,"href":"https:\/\/www.bestbrokers.com\/fr\/wp-json\/wp\/v2\/pages\/11742"}],"wp:attachment":[{"href":"https:\/\/www.bestbrokers.com\/fr\/wp-json\/wp\/v2\/media?parent=59603"}],"curies":[{"name":"wp","href":"https:\/\/api.w.org\/{rel}","templated":true}]}}