{"id":59604,"date":"2025-03-19T09:33:25","date_gmt":"2025-03-19T09:33:25","guid":{"rendered":"https:\/\/www.bestbrokers.com\/?page_id=59604"},"modified":"2025-10-22T13:20:32","modified_gmt":"2025-10-22T13:20:32","slug":"spreads-fees-and-commissions","status":"publish","type":"page","link":"https:\/\/www.bestbrokers.com\/fr\/reviews\/fxpro\/spreads-fees-and-commissions\/","title":{"rendered":"Spreads, frais et commissions de FxPro"},"content":{"rendered":"<div class=\"author-line\">\u00c9crit par <span class=\"author\">Naylyan Nazifova<div class=\"author-sub-box\"><div class=\"author-avatar\"><img decoding=\"async\" src=\"https:\/\/www.bestbrokers.com\/wp-content\/uploads\/2026\/04\/nnazifova.webp\" \/><\/div><div class=\"author-info-wrapper\"><div class=\"author-name\"><a href=\"https:\/\/www.bestbrokers.com\/fr\/authors\/naylyan-nazifova\/\">Naylyan Nazifova<\/a><\/div><div class=\"author-bio\">Naylyan Nazifova est une experte reconnue dans le domaine du trading en ligne. Elle est l\u2019auteur de nombreuses publications et analyses portant sur le trading Forex, l\u2019investissement en actions et les finances personnelles.<\/div><\/div><\/div><\/span>,  <a rel=\"nofollow\" target=\"_blank\" href=\"https:\/\/www.linkedin.com\/in\/naylian-nazifova-58562a272\/\"><img decoding=\"async\" class=\"social-icon\" src=\"https:\/\/www.bestbrokers.com\/wp-content\/themes\/best-brokers\/assets\/images\/icon-linkedin.svg\" data-no-lazy=\"1\"><\/a> <span class=\"sep\">|<\/span> Traduit par <span class=\"author\">Agnes Orieux<div class=\"author-sub-box\"><div class=\"author-info-wrapper\"><div class=\"author-name\"><a href=\"https:\/\/www.bestbrokers.com\/fr\/authors\/agnes-orieux\/\">Agnes Orieux<\/a><\/div><div class=\"author-bio\">Agnes Orieux est une traductrice et r\u00e9dactrice de l'anglais vers le fran\u00e7ais, avec une exp\u00e9rience dans les march\u00e9s financiers. Elle est la r\u00e9dactrice principale de la version fran\u00e7aise de BestBrokers.com.<\/div><\/div><\/div><\/span> <span class=\"sep\">|<\/span> Mis \u00e0 jour : <time class=\"entry-date\" datetime=\"2025-10-22T13:20:32+00:00\">octobre 22, 2025<\/time><\/div>\n<p>Avant de commencer \u00e0 faire du trading avec FxPro, nous vous sugg\u00e9rons de vous familiariser avec le mod\u00e8le tarifaire du courtier, car cela vous donnera une bonne id\u00e9e du co\u00fbt final du trading avec FxPro. Pour vous aider \u00e0 d\u00e9terminer quel budget conviendra \u00e0 votre session de trading ou quel compte pourra offrir le meilleur rapport qualit\u00e9-prix pour vos op\u00e9rations, nous avons r\u00e9dig\u00e9 un examen d\u00e9taill\u00e9 de l\u2019ensemble des <strong>frais de trading et hors trading chez FxPro<\/strong>.<\/p>\n<p>Ci-dessous, notre \u00e9quipe d\u2019experts a pass\u00e9 en revue les commissions, les spreads, les taux de swap et les autres surtaxes que vous pourriez rencontrer en n\u00e9gociant le Forex, les m\u00e9taux et d\u2019autres instruments avec ce courtier. Si vous souhaitez en savoir plus sur le co\u00fbt global du trading chez FxPro, nous vous recommandons de poursuivre votre lecture.<\/p>\n<h2 id=\"costs\"><i class=\"ico ico--money-supply\"><\/i>Co\u00fbts de trading avec FxPro<\/h2>\n<p>Pour vous aider \u00e0 d\u00e9terminer les co\u00fbts de trading sur FxPro, nous devons d\u2019abord expliquer les <strong>diff\u00e9rents mod\u00e8les de tarification<\/strong> adopt\u00e9s par les types de compte propos\u00e9s par le courtier. Selon vos pr\u00e9f\u00e9rences de trading, vous pouvez ouvrir un compte Standard, Raw+ ou cTrader. Les comptes Standard et Raw+ permettent de sp\u00e9culer sur les plateformes MT4 et MT5, tandis que le compte cTrader, comme son nom l\u2019indique, n\u2019est compatible qu\u2019avec la plateforme cTrader.<\/p>\n<p>Les trois types de compte acceptent les microlots, la taille minimale d\u2019ordre \u00e9tant de <strong>0,01 lot<\/strong>. Vous pouvez choisir le hedging comme strat\u00e9gie de gestion des positions sur chacun des trois comptes, par contre, le netting n\u2019est disponible que sur les comptes Standard et Raw+.<\/p>\n<p>Le compte Standard applique z\u00e9ro commission sur le trading du Forex, des m\u00e9taux et des autres instruments. Le co\u00fbt total du trading est int\u00e9gr\u00e9 au spread, qui a donc tendance \u00e0 \u00eatre plus large que celui pratiqu\u00e9 sur les autres comptes disponibles chez FxPro. Le <strong>compte Raw+ propose des spreads plus serr\u00e9s, \u00e0 partir de 0,0 pip, sur les principales paires Forex<\/strong>, avec une petite commission de 3,50 $ factur\u00e9e de chaque c\u00f4t\u00e9 d\u2019une transaction d\u2019un lot standard. Le compte cTrader r\u00e9duit \u00e9galement le co\u00fbt du trading en offrant des spreads nettement plus serr\u00e9s et en appliquant la m\u00eame commission de 3,50 $ par lot et par c\u00f4t\u00e9.<\/p>\n<div class=\"table-responsive\">\n<table class=\"table table--colorful\">\n<thead>\n<tr>\n<th style=\"background-color: #fff;\" colspan=\"4\">Taux de commission aller-retour de FxPro selon le type de compte<\/th>\n<\/tr>\n<tr>\n<th>Type de compte<\/th>\n<th>Par lot standard<\/th>\n<th>Par mini-lot<\/th>\n<th>Par microlot<\/th>\n<\/tr>\n<\/thead>\n<tbody>\n<tr>\n<td>MT4\/5 Standard<\/td>\n<td style=\"text-align: center;\">0 $<\/td>\n<td style=\"text-align: center;\">0 $<\/td>\n<td style=\"text-align: center;\">0 $<\/td>\n<\/tr>\n<tr>\n<td>MT5 Raw+<\/td>\n<td style=\"text-align: center;\">7 $<\/td>\n<td style=\"text-align: center;\">0,7 $<\/td>\n<td style=\"text-align: center;\">0,07 $<\/td>\n<\/tr>\n<tr>\n<td>Compte cTrader<\/td>\n<td style=\"text-align: center;\">7 $<\/td>\n<td style=\"text-align: center;\">0,7 $<\/td>\n<td style=\"text-align: center;\">0,07 $<\/td>\n<\/tr>\n<\/tbody>\n<\/table>\n<\/div>\n<p>Si vous ne savez pas s\u2019il vaut mieux opter pour un trading sans commission ou pour des spreads plus serr\u00e9s, voici un exemple tr\u00e8s simple qui vous montrera le co\u00fbt total du trading dans les deux cas. Observons une transaction d\u2019un lot standard sur l\u2019EUR\/USD, o\u00f9 un mouvement d\u2019un pip \u00e9quivaut \u00e0 10 $. Aux fins de notre exemple, nous consid\u00e9rerons que les prix d\u2019ouverture et de cl\u00f4ture de la transaction sont identiques. Au moment de la r\u00e9daction de cet avis, le spread sur la paire EUR\/USD est de <strong>1,45 pip<\/strong> sur le compte Standard et de <strong>0,45 pip<\/strong> sur le compte cTrader. En tenant compte de ces param\u00e8tres, la transaction se pr\u00e9senterait comme suit :<\/p>\n<hr style=\"height: 2px; border-width: 0; color: #dee2e6; background-color: #dee2e6; clear: both;\" \/>\n<p><strong>Compte Standard :<\/strong><br \/>\nSpread : 1,45<br \/>\nCommission par c\u00f4t\u00e9 : 0 $<br \/>\nCo\u00fbt total : 1,45 x 10 $ = 14,5 $ par c\u00f4t\u00e9, soit 29 $ pour un aller-retour<\/p>\n<hr style=\"height: 2px; border-width: 0; color: #dee2e6; background-color: #dee2e6; clear: both;\" \/>\n<p><strong>Compte cTrader :<\/strong><\/p>\n<p>Spread : 0,45<br \/>\nCo\u00fbt du spread : 0,45 x 10 $ = 4,50 $<br \/>\nCommission par c\u00f4t\u00e9 : 3,50 $<br \/>\nCo\u00fbt total : (4,50 $ x 2) + (3,50 $ x 2) = 9 $ + 7 $ = 16 $ pour un aller-retour<\/p>\n<hr style=\"height: 2px; border-width: 0; color: #dee2e6; background-color: #dee2e6; clear: both;\" \/>\n<p>Comme vous pouvez le constater, le co\u00fbt final du trading avec un spread plus serr\u00e9 sur le compte cTrader est nettement r\u00e9duit par rapport au prix du trading de la paire EUR\/USD avec le compte Standard.<\/p>\n<p>Vous trouverez ci-dessous le co\u00fbt total du trading sur les paires Forex les plus populaires avec le compte MT4\/MT5 Standard et le compte cTrader. Gardez \u00e0 l\u2019esprit que les spreads sont flottants ; les valeurs indiqu\u00e9es ci-apr\u00e8s peuvent donc ne pas correspondre exactement au spread que vous constaterez lorsque vous n\u00e9gociez avec l\u2019un des comptes FxPro pr\u00e9sent\u00e9s.<\/p>\n<div class=\"table-responsive\">\n<table class=\"table table--colorful\">\n<thead>\n<tr>\n<th style=\"background-color: #fff;\" colspan=\"5\">Co\u00fbt moyen du spread avec les comptes MT4\/5 Standard<\/th>\n<\/tr>\n<tr>\n<th>Paire de devises<\/th>\n<th>Spread (en pips)<\/th>\n<th>Commission par c\u00f4t\u00e9<\/th>\n<th>Co\u00fbt par microlot<\/th>\n<th>Co\u00fbt par lot standard<\/th>\n<\/tr>\n<\/thead>\n<tbody>\n<tr>\n<td>EUR\/USD<\/td>\n<td style=\"text-align: center;\">1,45<\/td>\n<td style=\"text-align: center;\">0 $<\/td>\n<td style=\"text-align: center;\">0,145 $<\/td>\n<td style=\"text-align: center;\">14,5 $<\/td>\n<\/tr>\n<tr>\n<td>USD\/JPY<\/td>\n<td style=\"text-align: center;\">1,85<\/td>\n<td style=\"text-align: center;\">0 $<\/td>\n<td style=\"text-align: center;\">0,126 $<\/td>\n<td style=\"text-align: center;\">12,60 $<\/td>\n<\/tr>\n<tr>\n<td>EUR\/GBP<\/td>\n<td style=\"text-align: center;\">1,85<\/td>\n<td style=\"text-align: center;\">0 $<\/td>\n<td style=\"text-align: center;\">0,250 $<\/td>\n<td style=\"text-align: center;\">25,01 $<\/td>\n<\/tr>\n<tr>\n<td>GBP\/USD<\/td>\n<td style=\"text-align: center;\">1,99<\/td>\n<td style=\"text-align: center;\">0 $<\/td>\n<td style=\"text-align: center;\">0,199 $<\/td>\n<td style=\"text-align: center;\">19,90 $<\/td>\n<\/tr>\n<tr>\n<td>AUD\/USD<\/td>\n<td style=\"text-align: center;\">2,09<\/td>\n<td style=\"text-align: center;\">0 $<\/td>\n<td style=\"text-align: center;\">0,209 $<\/td>\n<td style=\"text-align: center;\">20,90 $<\/td>\n<\/tr>\n<tr>\n<td>USD\/CAD<\/td>\n<td style=\"text-align: center;\">1,81<\/td>\n<td style=\"text-align: center;\">0 $<\/td>\n<td style=\"text-align: center;\">0,132 $<\/td>\n<td style=\"text-align: center;\">13,15 $<\/td>\n<\/tr>\n<tr>\n<td>USD\/CHF<\/td>\n<td style=\"text-align: center;\">2,14<\/td>\n<td style=\"text-align: center;\">0 $<\/td>\n<td style=\"text-align: center;\">0,336 $<\/td>\n<td style=\"text-align: center;\">33,68 $<\/td>\n<\/tr>\n<tr>\n<td>USD\/CNH<\/td>\n<td style=\"text-align: center;\">12,75<\/td>\n<td style=\"text-align: center;\">0 $<\/td>\n<td style=\"text-align: center;\">0,179 $<\/td>\n<td style=\"text-align: center;\">17,91 $<\/td>\n<\/tr>\n<tr>\n<td>NZD\/USD<\/td>\n<td style=\"text-align: center;\">2,92<\/td>\n<td style=\"text-align: center;\">0 $<\/td>\n<td style=\"text-align: center;\">0,292 $<\/td>\n<td style=\"text-align: center;\">29,20 $<\/td>\n<\/tr>\n<\/tbody>\n<\/table>\n<\/div>\n<p style=\"text-align: center; font-size: 13px;\"><em>*Tous les co\u00fbts de trading des paires sont calcul\u00e9s en USD<\/em><\/p>\n<div class=\"table-responsive\">\n<table class=\"table table--colorful\">\n<thead>\n<tr>\n<th style=\"background-color: #fff;\" colspan=\"5\">Co\u00fbt moyen du spread avec les comptes cTrader<\/th>\n<\/tr>\n<tr>\n<th>Paire de devises<\/th>\n<th>Spread (en pips)<\/th>\n<th>Commission par c\u00f4t\u00e9<\/th>\n<th>Co\u00fbt par microlot<\/th>\n<th>Co\u00fbt par lot standard<\/th>\n<\/tr>\n<\/thead>\n<tbody>\n<tr>\n<td>EUR\/USD<\/td>\n<td style=\"text-align: center;\">0,45<\/td>\n<td style=\"text-align: center;\">3,50 $\/0,035 $<\/td>\n<td style=\"text-align: center;\">0,08 $<\/td>\n<td style=\"text-align: center;\">8 $<\/td>\n<\/tr>\n<tr>\n<td>USD\/JPY<\/td>\n<td style=\"text-align: center;\">0,60<\/td>\n<td style=\"text-align: center;\">3,50 $\/0,035 $<\/td>\n<td style=\"text-align: center;\">0,076 $<\/td>\n<td style=\"text-align: center;\">7,58 $<\/td>\n<\/tr>\n<tr>\n<td>EUR\/GBP<\/td>\n<td style=\"text-align: center;\">1,03<\/td>\n<td style=\"text-align: center;\">3,50 $\/0,035 $<\/td>\n<td style=\"text-align: center;\">0,174 $<\/td>\n<td style=\"text-align: center;\">17,42 $<\/td>\n<\/tr>\n<tr>\n<td>GBP\/USD<\/td>\n<td style=\"text-align: center;\">0,95<\/td>\n<td style=\"text-align: center;\">3,50 $\/0,035 $<\/td>\n<td style=\"text-align: center;\">0,130 $<\/td>\n<td style=\"text-align: center;\">13 $<\/td>\n<\/tr>\n<tr>\n<td>AUD\/USD<\/td>\n<td style=\"text-align: center;\">0,60<\/td>\n<td style=\"text-align: center;\">3,50 $\/0,035 $<\/td>\n<td style=\"text-align: center;\">0,095 $<\/td>\n<td style=\"text-align: center;\">9,50 $<\/td>\n<\/tr>\n<tr>\n<td>USD\/CAD<\/td>\n<td style=\"text-align: center;\">0,54<\/td>\n<td style=\"text-align: center;\">3,50 $\/0,035 $<\/td>\n<td style=\"text-align: center;\">0,074 $<\/td>\n<td style=\"text-align: center;\">7,42 $<\/td>\n<\/tr>\n<tr>\n<td>USD\/CHF<\/td>\n<td style=\"text-align: center;\">1,60<\/td>\n<td style=\"text-align: center;\">3,50 $\/0,035 $<\/td>\n<td style=\"text-align: center;\">0,235 $<\/td>\n<td style=\"text-align: center;\">23,46 $<\/td>\n<\/tr>\n<tr>\n<td>USD\/CNH<\/td>\n<td style=\"text-align: center;\">8,70<\/td>\n<td style=\"text-align: center;\">3,50 $\/0,035 $<\/td>\n<td style=\"text-align: center;\">0,157 $<\/td>\n<td style=\"text-align: center;\">15,72 $<\/td>\n<\/tr>\n<tr>\n<td>NZD\/USD<\/td>\n<td style=\"text-align: center;\">1,14<\/td>\n<td style=\"text-align: center;\">3,50 $\/0,035 $<\/td>\n<td style=\"text-align: center;\">0,149 $<\/td>\n<td style=\"text-align: center;\">14,90 $<\/td>\n<\/tr>\n<\/tbody>\n<\/table>\n<\/div>\n<p style=\"text-align: center; font-size: 13px;\"><em>*Tous les co\u00fbts de trading des paires sont calcul\u00e9s en USD<\/em><\/p>\n<h2 id=\"overnight\"><i class=\"ico ico--clock\"><\/i>Co\u00fbts de financement overnight avec FxPro<\/h2>\n<p>Bien que les day traders puissent effectuer des op\u00e9rations intrajournali\u00e8res avec chacun des comptes FxPro, il est \u00e9galement possible de maintenir ses positions ouvertes pendant la nuit. De telles op\u00e9rations g\u00e9n\u00e8rent des int\u00e9r\u00eats, qui sont soit pay\u00e9s (swaps n\u00e9gatifs), soit per\u00e7us (swaps positifs) par le trader, selon l\u2019\u00e9volution du march\u00e9 durant la nuit. Ces <strong>taux d\u2019int\u00e9r\u00eat sont appel\u00e9s swaps<\/strong> ; sur FxPro, ils sont calcul\u00e9s en ajoutant une commission de report pour les positions overnight aux taux d\u2019int\u00e9r\u00eat de la paire de devises n\u00e9goci\u00e9e.<\/p>\n<blockquote><p>Pour les paires Forex, la formule de calcul du swap est la suivante : valeur du pip x valeur du swap (exprim\u00e9e en points) \/ 10<\/p>\n<p>Pour les instruments hors Forex, la formule est la suivante : taille du lot x valeur du swap x nombre de nuits pendant lesquelles la position est rest\u00e9e ouverte<\/p><\/blockquote>\n<p>Les swaps sont pr\u00e9lev\u00e9s une fois chaque jour ouvrable mais, comme il est impossible de les appliquer le week-end en raison de la fermeture des march\u00e9s le samedi et le dimanche, <strong>les swaps du mercredi sont tripl\u00e9s pour le Forex et les m\u00e9taux<\/strong>. Pour les autres instruments, la charge de swap triple est appliqu\u00e9e le vendredi.<\/p>\n<p>Bien que les <strong>taux de swap soient r\u00e9guli\u00e8rement mis \u00e0 jour<\/strong> en raison de leur nature dynamique, nous avons fourni un tableau r\u00e9capitulatif des swaps applicables aux principales paires Forex au moment de la r\u00e9daction. Il convient de noter que le courtier met \u00e9galement \u00e0 disposition un calculateur de swaps, lequel vous aide \u00e0 estimer le swap potentiel sur tout instrument susceptible de g\u00e9n\u00e9rer des int\u00e9r\u00eats lorsqu\u2019il est n\u00e9goci\u00e9 overnight.<\/p>\n<div class=\"table-responsive\">\n<table class=\"table table--colorful\">\n<thead>\n<tr>\n<th style=\"background-color: #fff;\" colspan=\"5\">Taux de swap sur les principales paires Forex (taille de lot standard)<\/th>\n<\/tr>\n<tr>\n<th>Symbole<\/th>\n<th>Devise de base<\/th>\n<th>Volume en lots<\/th>\n<th>Swap long de la paire en USD<\/th>\n<th>Swap short de la paire en USD<\/th>\n<\/tr>\n<\/thead>\n<tbody>\n<tr>\n<td>EUR\/USD<\/td>\n<td style=\"text-align: center;\">USD<\/td>\n<td style=\"text-align: center;\">1<\/td>\n<td style=\"text-align: center;\">-8,01<\/td>\n<td style=\"text-align: center;\">1,9<\/td>\n<\/tr>\n<tr>\n<td>USD\/JPY<\/td>\n<td style=\"text-align: center;\">USD<\/td>\n<td style=\"text-align: center;\">1<\/td>\n<td style=\"text-align: center;\">4,5<\/td>\n<td style=\"text-align: center;\">-18,25<\/td>\n<\/tr>\n<tr>\n<td>EUR\/GBP<\/td>\n<td style=\"text-align: center;\">USD<\/td>\n<td style=\"text-align: center;\">1<\/td>\n<td style=\"text-align: center;\">-10,27<\/td>\n<td style=\"text-align: center;\">1,67<\/td>\n<\/tr>\n<tr>\n<td>GBP\/USD<\/td>\n<td style=\"text-align: center;\">USD<\/td>\n<td style=\"text-align: center;\">1<\/td>\n<td style=\"text-align: center;\">-3,3<\/td>\n<td style=\"text-align: center;\">-4,1<\/td>\n<\/tr>\n<tr>\n<td>AUD\/USD<\/td>\n<td style=\"text-align: center;\">USD<\/td>\n<td style=\"text-align: center;\">1<\/td>\n<td style=\"text-align: center;\">-3,6<\/td>\n<td style=\"text-align: center;\">-1,1<\/td>\n<\/tr>\n<tr>\n<td>USD\/CAD<\/td>\n<td style=\"text-align: center;\">USD<\/td>\n<td style=\"text-align: center;\">1<\/td>\n<td style=\"text-align: center;\">0,31<\/td>\n<td style=\"text-align: center;\">-5,97<\/td>\n<\/tr>\n<tr>\n<td>USD\/CHF<\/td>\n<td style=\"text-align: center;\">USD<\/td>\n<td style=\"text-align: center;\">1<\/td>\n<td style=\"text-align: center;\">6,13<\/td>\n<td style=\"text-align: center;\">-16,91<\/td>\n<\/tr>\n<tr>\n<td>USD\/CNH<\/td>\n<td style=\"text-align: center;\">USD<\/td>\n<td style=\"text-align: center;\">1<\/td>\n<td style=\"text-align: center;\">-6,01<\/td>\n<td style=\"text-align: center;\">-12,15<\/td>\n<\/tr>\n<tr>\n<td>NZD\/USD<\/td>\n<td style=\"text-align: center;\">USD<\/td>\n<td style=\"text-align: center;\">1<\/td>\n<td style=\"text-align: center;\">-2,5<\/td>\n<td style=\"text-align: center;\">-2,1<\/td>\n<\/tr>\n<\/tbody>\n<\/table>\n<\/div>\n<h2 id=\"swap\"><i class=\"ico ico--islamic-account\"><\/i>Co\u00fbts du trading sans swap sur FxPro<\/h2>\n<p>Comme certains traders ne peuvent ni percevoir ni payer d\u2019int\u00e9r\u00eats pour des raisons religieuses, FxPro permet aux clients de certains pays musulmans d\u2019ouvrir des comptes sans swap. Cette forme de trading autorise la n\u00e9gociation d\u2019indices, de contrats \u00e0 terme et d\u2019actions sans limite de dur\u00e9e, <strong>sans payer ni recevoir d\u2019int\u00e9r\u00eats<\/strong>. D\u2019autres instruments offrent une p\u00e9riode de gr\u00e2ce pour le trading sans swap, au-del\u00e0 de laquelle le courtier facture des frais de commission.<\/p>\n<p>La p\u00e9riode de gr\u00e2ce varie selon les instruments ; les principales paires Forex offrent le plus grand nombre de jours de trading sans swap avant qu\u2019une commission ne soit appliqu\u00e9e. Ci-dessous, nous avons \u00e9tabli un <strong>tableau d\u00e9taillant la p\u00e9riode de gr\u00e2ce<\/strong> pour la majorit\u00e9 des instruments n\u00e9gociables, ainsi que la commission pr\u00e9lev\u00e9e une fois cette p\u00e9riode \u00e9coul\u00e9e.<\/p>\n<div class=\"table-responsive\">\n<table class=\"table table--colorful\">\n<thead>\n<tr>\n<th style=\"background-color: #fff;\" colspan=\"4\">P\u00e9riode de gr\u00e2ce et frais de rollover sur les comptes sans swap chez FxPro<\/th>\n<\/tr>\n<tr>\n<th>Instrument<\/th>\n<th>P\u00e9riode de gr\u00e2ce (nombre de nuits)<\/th>\n<th>Frais de rollover du compte cTrader sans swap<\/th>\n<th>Frais de rollover des comptes MT4 et FxPro Edge sans swap<\/th>\n<\/tr>\n<\/thead>\n<tbody>\n<tr>\n<td>EUR\/USD<\/td>\n<td style=\"text-align: center;\">8<\/td>\n<td style=\"text-align: center;\">7,50 $<\/td>\n<td style=\"text-align: center;\">Calcul\u00e9s selon les taux de swap<\/td>\n<\/tr>\n<tr>\n<td>USD\/JPY<\/td>\n<td style=\"text-align: center;\">8<\/td>\n<td style=\"text-align: center;\">7,50 $<\/td>\n<td style=\"text-align: center;\">Calcul\u00e9s selon les taux de swap<\/td>\n<\/tr>\n<tr>\n<td>EUR\/GBP<\/td>\n<td style=\"text-align: center;\">8<\/td>\n<td style=\"text-align: center;\">7,50 $<\/td>\n<td style=\"text-align: center;\">Calcul\u00e9s selon les taux de swap<\/td>\n<\/tr>\n<tr>\n<td>GBP\/USD<\/td>\n<td style=\"text-align: center;\">8<\/td>\n<td style=\"text-align: center;\">7,50 $<\/td>\n<td style=\"text-align: center;\">Calcul\u00e9s selon les taux de swap<\/td>\n<\/tr>\n<tr>\n<td>AUD\/USD<\/td>\n<td style=\"text-align: center;\">3<\/td>\n<td style=\"text-align: center;\">7,50 $<\/td>\n<td style=\"text-align: center;\">Calcul\u00e9s selon les taux de swap<\/td>\n<\/tr>\n<tr>\n<td>USD\/CAD<\/td>\n<td style=\"text-align: center;\">8<\/td>\n<td style=\"text-align: center;\">7,50 $<\/td>\n<td style=\"text-align: center;\">Calcul\u00e9s selon les taux de swap<\/td>\n<\/tr>\n<tr>\n<td>USD\/CHF<\/td>\n<td style=\"text-align: center;\">8<\/td>\n<td style=\"text-align: center;\">7,50 $<\/td>\n<td style=\"text-align: center;\">Calcul\u00e9s selon les taux de swap<\/td>\n<\/tr>\n<tr>\n<td>USD\/CNH<\/td>\n<td style=\"text-align: center;\">3<\/td>\n<td style=\"text-align: center;\">7,50 $<\/td>\n<td style=\"text-align: center;\">Calcul\u00e9s selon les taux de swap<\/td>\n<\/tr>\n<tr>\n<td>NZD\/USD<\/td>\n<td style=\"text-align: center;\">3<\/td>\n<td style=\"text-align: center;\">7,50 $<\/td>\n<td style=\"text-align: center;\">Calcul\u00e9s selon les taux de swap<\/td>\n<\/tr>\n<tr>\n<td>M\u00e9taux au comptant<\/td>\n<td style=\"text-align: center;\">4<\/td>\n<td style=\"text-align: center;\">7,50 $<\/td>\n<td style=\"text-align: center;\">Calcul\u00e9s selon les taux de swap<\/td>\n<\/tr>\n<tr>\n<td>M\u00e9taux au comptant (palladium, platine)<\/td>\n<td style=\"text-align: center;\">3<\/td>\n<td style=\"text-align: center;\">7,50 $<\/td>\n<td style=\"text-align: center;\">Calcul\u00e9s selon les taux de swap<\/td>\n<\/tr>\n<tr>\n<td>\u00c9nergie au comptant<\/td>\n<td style=\"text-align: center;\">1<\/td>\n<td style=\"text-align: center;\">25 $<\/td>\n<td style=\"text-align: center;\">Calcul\u00e9s selon les taux de swap<\/td>\n<\/tr>\n<tr>\n<td>Crypto<\/td>\n<td style=\"text-align: center;\">3<\/td>\n<td style=\"text-align: center;\">&#8211;<\/td>\n<td style=\"text-align: center;\">Calcul\u00e9s selon les taux de swap<\/td>\n<\/tr>\n<\/tbody>\n<\/table>\n<\/div>\n<h2 id=\"other\"><i class=\"ico ico--administration-fees\"><\/i>Frais hors trading sur FxPro<\/h2>\n<p>En plus des frais de trading, les clients de FxPro peuvent \u00e9galement \u00eatre soumis \u00e0 certains frais non li\u00e9s au trading. Cela dit, nous avons constat\u00e9 tr\u00e8s peu de frais suppl\u00e9mentaires susceptibles d\u2019\u00eatre factur\u00e9s en dehors des <strong>spreads et des commissions li\u00e9s aux comptes FxPro<\/strong>. Pour commencer, l\u2019ouverture d\u2019un compte aupr\u00e8s du courtier est enti\u00e8rement gratuite, et m\u00eame en cas d\u2019absence d\u2019activit\u00e9 de trading pendant plus de trois mois, aucun frais d\u2019inactivit\u00e9 ne sera factur\u00e9. Le courtier d\u00e9sactivera simplement votre compte FxPro, lequel pourra \u00eatre r\u00e9activ\u00e9 en contactant l\u2019\u00e9quipe d\u2019assistance.<\/p>\n<p>Vous pouvez approvisionner votre compte FxPro via plusieurs solutions de paiement. Quel que soit le mode de d\u00e9p\u00f4t choisi, le courtier n\u2019impose aucun frais. De mani\u00e8re g\u00e9n\u00e9rale, avec FxPro, les retraits sont \u00e9galement gratuits. Toutefois, en l\u2019absence d\u2019activit\u00e9 de trading et si le client demande un retrait via Skrill ou Neteller, des frais de <strong>2,6 % ou 2 % seront d\u00e9duits<\/strong> de son solde.<\/p>\n<p>Les traders qui souhaitent aller plus loin et maintenir leurs robots de trading (EA) actifs sans lancer aucune des plateformes du courtier peuvent recourir \u00e0 un service VPS (Virtual Private Server). Ce produit, fourni par BeeksFX, n\u00e9cessite un <strong>abonnement payant de 30 $ par mois<\/strong>. Les d\u00e9tenteurs d\u2019un compte Premium peuvent toutefois utiliser le service VPS de FxPro gratuitement.<\/p>\n<div class=\"table-responsive\">\n<table class=\"table\">\n<thead>\n<tr>\n<th colspan=\"2\">Frais hors trading sur FxPro<\/th>\n<\/tr>\n<\/thead>\n<tbody>\n<tr>\n<td>Frais de d\u00e9p\u00f4t<\/td>\n<td>Gratuit<\/td>\n<\/tr>\n<tr>\n<td>Frais de retrait<\/td>\n<td>\n<ul>\n<li>Neteller : 2,6 % si l\u2019utilisateur n\u2019a pas n\u00e9goci\u00e9<\/li>\n<li>Skrill : 2 % si l\u2019utilisateur n\u2019a pas n\u00e9goci\u00e9<\/li>\n<li>PayPal : 2,7 % si l\u2019utilisateur n\u2019a pas n\u00e9goci\u00e9<\/li>\n<\/ul>\n<\/td>\n<\/tr>\n<tr>\n<td>Frais d\u2019ouverture de compte<\/td>\n<td>Gratuit<\/td>\n<\/tr>\n<tr>\n<td>Frais d\u2019inactivit\u00e9<\/td>\n<td>Aucun<\/td>\n<\/tr>\n<tr>\n<td>Abonnement d\u2019h\u00e9bergement VPS<\/td>\n<td>\n<ul class=\"list-checks\">\n<li>30 $ par mois pour les traders de d\u00e9tail ;<\/li>\n<li>gratuit pour les d\u00e9tenteurs d\u2019un compte Premium<\/li>\n<\/ul>\n<\/td>\n<\/tr>\n<\/tbody>\n<\/table>\n<\/div>\n<h2 id=\"conclusion\"><i class=\"ico ico--pen\"><\/i>Conclusion sur les frais de FxPro<\/h2>\n<p>Si vous souhaitez faire du trading avec FxPro, vous avez la possibilit\u00e9 de choisir entre trois types de compte, chacun offrant des conditions de trading relativement peu co\u00fbteuses. Que vous pr\u00e9f\u00e9riez \u00e9liminer la commission ou que vous jugiez les spreads serr\u00e9s plus adapt\u00e9s, vous disposerez de plusieurs options de compte parfaitement adapt\u00e9es \u00e0 votre exp\u00e9rience.<\/p>\n<p>Les traders peuvent non seulement r\u00e9duire le co\u00fbt du trading gr\u00e2ce \u00e0 plusieurs types de compte chez FxPro, mais ils peuvent \u00e9galement g\u00e9rer leurs fonds sans aucun frais sur les d\u00e9p\u00f4ts et les retraits. Le trading sans swap est \u00e9galement disponible, avec une longue p\u00e9riode de gr\u00e2ce sur de nombreux instruments et des frais de rollover tr\u00e8s raisonnables une fois cette p\u00e9riode \u00e9coul\u00e9e. Tout cela d\u00e9montre que FxPro est un courtier proposant un trading \u00e0 faible co\u00fbt pour un large \u00e9ventail de traders.<\/p>\n","protected":false},"excerpt":{"rendered":"<p>Avant de commencer \u00e0 faire du trading avec FxPro, nous vous sugg\u00e9rons de vous familiariser avec le mod\u00e8le tarifaire du courtier, car cela vous donnera une bonne id\u00e9e du co\u00fbt final du trading avec FxPro. Pour vous aider \u00e0 d\u00e9terminer quel budget conviendra \u00e0 votre session de trading ou quel compte pourra offrir le meilleur [&hellip;]<\/p>\n","protected":false},"author":2,"featured_media":0,"parent":11970,"menu_order":0,"comment_status":"closed","ping_status":"closed","template":"templates\/review.php","meta":{"footnotes":""},"class_list":["post-59604","page","type-page","status-publish","hentry"],"aioseo_notices":[],"_links":{"self":[{"href":"https:\/\/www.bestbrokers.com\/fr\/wp-json\/wp\/v2\/pages\/59604","targetHints":{"allow":["GET"]}}],"collection":[{"href":"https:\/\/www.bestbrokers.com\/fr\/wp-json\/wp\/v2\/pages"}],"about":[{"href":"https:\/\/www.bestbrokers.com\/fr\/wp-json\/wp\/v2\/types\/page"}],"author":[{"embeddable":true,"href":"https:\/\/www.bestbrokers.com\/fr\/wp-json\/wp\/v2\/users\/2"}],"replies":[{"embeddable":true,"href":"https:\/\/www.bestbrokers.com\/fr\/wp-json\/wp\/v2\/comments?post=59604"}],"version-history":[{"count":9,"href":"https:\/\/www.bestbrokers.com\/fr\/wp-json\/wp\/v2\/pages\/59604\/revisions"}],"predecessor-version":[{"id":71835,"href":"https:\/\/www.bestbrokers.com\/fr\/wp-json\/wp\/v2\/pages\/59604\/revisions\/71835"}],"up":[{"embeddable":true,"href":"https:\/\/www.bestbrokers.com\/fr\/wp-json\/wp\/v2\/pages\/11970"}],"wp:attachment":[{"href":"https:\/\/www.bestbrokers.com\/fr\/wp-json\/wp\/v2\/media?parent=59604"}],"curies":[{"name":"wp","href":"https:\/\/api.w.org\/{rel}","templated":true}]}}