{"id":59605,"date":"2025-03-19T09:33:25","date_gmt":"2025-03-19T09:33:25","guid":{"rendered":"https:\/\/www.bestbrokers.com\/?page_id=59605"},"modified":"2025-10-22T13:20:28","modified_gmt":"2025-10-22T13:20:28","slug":"spreads-fees-and-commissions","status":"publish","type":"page","link":"https:\/\/www.bestbrokers.com\/fr\/reviews\/cmc-markets\/spreads-fees-and-commissions\/","title":{"rendered":"Spreads, frais et commissions de CMC Markets"},"content":{"rendered":"<div class=\"author-line\">\u00c9crit par <span class=\"author\">Zornitsa Stefanova<div class=\"author-sub-box\"><div class=\"author-avatar\"><img decoding=\"async\" src=\"https:\/\/www.bestbrokers.com\/wp-content\/uploads\/2024\/09\/zornica-stefanova.jpeg\" \/><\/div><div class=\"author-info-wrapper\"><div class=\"author-name\"><a href=\"https:\/\/www.bestbrokers.com\/fr\/authors\/zornitsa-stefanova\/\">Zornitsa Stefanova<\/a><\/div><div class=\"author-bio\">Zornitsa Stefanova est une analyste exp\u00e9riment\u00e9e dans le domaine du Forex et des cryptomonnaies.  Elle couvre \u00e9galement divers sujets financiers tels que le trading d\u2019actions et les investissements pour la retraite.<\/div><\/div><\/div><\/span>,  <a rel=\"nofollow\" target=\"_blank\" href=\"https:\/\/www.linkedin.com\/in\/zornica-stefanova-73ab39287\/\"><img decoding=\"async\" class=\"social-icon\" src=\"https:\/\/www.bestbrokers.com\/wp-content\/themes\/best-brokers\/assets\/images\/icon-linkedin.svg\" data-no-lazy=\"1\"><\/a> <span class=\"sep\">|<\/span> Traduit par <span class=\"author\">Agnes Orieux<div class=\"author-sub-box\"><div class=\"author-info-wrapper\"><div class=\"author-name\"><a href=\"https:\/\/www.bestbrokers.com\/fr\/authors\/agnes-orieux\/\">Agnes Orieux<\/a><\/div><div class=\"author-bio\">Agnes Orieux est une traductrice et r\u00e9dactrice de l'anglais vers le fran\u00e7ais, avec une exp\u00e9rience dans les march\u00e9s financiers. Elle est la r\u00e9dactrice principale de la version fran\u00e7aise de BestBrokers.com.<\/div><\/div><\/div><\/span> <span class=\"sep\">|<\/span> Mis \u00e0 jour : <time class=\"entry-date\" datetime=\"2025-10-22T13:20:28+00:00\">octobre 22, 2025<\/time><\/div>\n<p>CMC Markets est un courtier bas\u00e9 au Royaume-Uni qui existe depuis plus de trente ans. Fond\u00e9 en 1989, CMC Markets demeure le courtier privil\u00e9gi\u00e9 de nombreux traders \u00e0 travers le monde, qui l\u2019appr\u00e9cient pour la diversit\u00e9 de ses produits, la vari\u00e9t\u00e9 de ses plateformes et ses frais de trading raisonnables.<\/p>\n<p>Les spreads peuvent descendre sous 1 pip, et l\u2019un des types de compte applique une commission de seulement 2,50 USD par lot et par c\u00f4t\u00e9. Plus de 12 000 instruments financiers sont disponibles sur la puissante plateforme web et l\u2019application du courtier, ainsi que sur des plateformes tierces populaires telles que MT4, MT5 et TradingView. Vous trouverez ci-dessous des informations compl\u00e9mentaires sur les co\u00fbts chez CMC Markets.<\/p>\n<h2 id=\"costs\"><i class=\"ico ico--money-supply\"><\/i>Frais de trading sur CMC Markets<\/h2>\n<p>Lorsqu\u2019il s\u2019agit de n\u00e9gocier des devises, les principaux co\u00fbts que les traders Forex doivent prendre en compte sont les spreads et les commissions. CMC Markets permet d\u2019ouvrir un compte CFD Standard, dans lequel tous les frais de trading sont int\u00e9gr\u00e9s au spread. Un autre type de compte, appel\u00e9 FX Active, est propos\u00e9 aux utilisateurs qui souhaitent b\u00e9n\u00e9ficier de spreads plus serr\u00e9s. Les comptes FX Active sont disponibles aupr\u00e8s des filiales de CMC Markets r\u00e9glement\u00e9es au Royaume-Uni, au Canada et aux Bermudes.<\/p>\n<h3><i class=\"ico ico--pro-ecn-account\"><\/i>Co\u00fbts de trading du compte CFD Standard<\/h3>\n<p>Sur CMC Markets, les clients b\u00e9n\u00e9ficient de spreads relativement comp\u00e9titifs s\u2019ils choisissent le compte CFD Standard. La paire EUR\/USD, par exemple, affiche des spreads qui peuvent descendre jusqu\u2019\u00e0 0,5 pip. Avec un tel spread, le co\u00fbt pour un lot standard est de 5 USD, tandis qu\u2019un micro-lot ne revient qu\u2019\u00e0 0,05 USD. Pour calculer le co\u00fbt du spread sur un lot standard, il faut multiplier la valeur du spread par 100 000 lorsque le compte est libell\u00e9 en USD.<\/p>\n<p>0,00005 \u00d7 100 000 = 5 USD.<\/p>\n<p>Le proc\u00e9d\u00e9 est similaire pour les micro-lots, sauf qu\u2019il suffit de multiplier le spread par 1 000. Vous trouverez ci-apr\u00e8s un r\u00e9capitulatif des co\u00fbts minimums pour certaines des paires les plus populaires sur CMC Markets :<\/p>\n<div class=\"table-responsive\">\n<table class=\"table table--colorful\">\n<thead>\n<tr>\n<th style=\"background-color: #fff;\" colspan=\"5\">Co\u00fbts minimums des spreads avec le compte CFD Standard<\/th>\n<\/tr>\n<tr>\n<th>Paire de devises<\/th>\n<th>Spread<\/th>\n<th>Commission par lot et par c\u00f4t\u00e9<\/th>\n<th>Co\u00fbt par micro-lot<\/th>\n<th>Co\u00fbt par lot standard<\/th>\n<\/tr>\n<\/thead>\n<tbody>\n<tr>\n<td>AUD\/USD<\/td>\n<td style=\"text-align: center;\">0,6<\/td>\n<td style=\"text-align: center;\">0 USD<\/td>\n<td style=\"text-align: center;\">0,06 USD<\/td>\n<td style=\"text-align: center;\">6 USD<\/td>\n<\/tr>\n<tr>\n<td>EUR\/GBP<\/td>\n<td style=\"text-align: center;\">0,7<\/td>\n<td style=\"text-align: center;\">0 USD<\/td>\n<td style=\"text-align: center;\">0,094 USD<\/td>\n<td style=\"text-align: center;\">9,41 USD<\/td>\n<\/tr>\n<tr>\n<td>EUR\/JPY<\/td>\n<td style=\"text-align: center;\">1,2<\/td>\n<td style=\"text-align: center;\">0 USD<\/td>\n<td style=\"text-align: center;\">0,081 USD<\/td>\n<td style=\"text-align: center;\">8,11 USD<\/td>\n<\/tr>\n<tr>\n<td>EUR\/USD<\/td>\n<td style=\"text-align: center;\">0,5<\/td>\n<td style=\"text-align: center;\">0 USD<\/td>\n<td style=\"text-align: center;\">0,05 USD<\/td>\n<td style=\"text-align: center;\">5 USD<\/td>\n<\/tr>\n<tr>\n<td>GBP\/JPY<\/td>\n<td style=\"text-align: center;\">1,7<\/td>\n<td style=\"text-align: center;\">0 USD<\/td>\n<td style=\"text-align: center;\">0,115 USD<\/td>\n<td style=\"text-align: center;\">11,49 USD<\/td>\n<\/tr>\n<tr>\n<td>GBP\/USD<\/td>\n<td style=\"text-align: center;\">0,9<\/td>\n<td style=\"text-align: center;\">0 USD<\/td>\n<td style=\"text-align: center;\">0,09 USD<\/td>\n<td style=\"text-align: center;\">9 USD<\/td>\n<\/tr>\n<tr>\n<td>NZD\/USD<\/td>\n<td style=\"text-align: center;\">1,7<\/td>\n<td style=\"text-align: center;\">0 USD<\/td>\n<td style=\"text-align: center;\">0,17 USD<\/td>\n<td style=\"text-align: center;\">17 USD<\/td>\n<\/tr>\n<tr>\n<td>USD\/CAD<\/td>\n<td style=\"text-align: center;\">1,3<\/td>\n<td style=\"text-align: center;\">0 USD<\/td>\n<td style=\"text-align: center;\">0,094 USD<\/td>\n<td style=\"text-align: center;\">9,39 USD<\/td>\n<\/tr>\n<tr>\n<td>USD\/CNH<\/td>\n<td style=\"text-align: center;\">2<\/td>\n<td style=\"text-align: center;\">0 USD<\/td>\n<td style=\"text-align: center;\">0,028 USD<\/td>\n<td style=\"text-align: center;\">2,79 USD<\/td>\n<\/tr>\n<tr>\n<td>USD\/JPY<\/td>\n<td style=\"text-align: center;\">0,7<\/td>\n<td style=\"text-align: center;\">0 USD<\/td>\n<td style=\"text-align: center;\">0,047 USD<\/td>\n<td style=\"text-align: center;\">4,73 USD<\/td>\n<\/tr>\n<\/tbody>\n<\/table>\n<\/div>\n<h3><i class=\"ico ico--account\"><\/i>Co\u00fbts de trading du compte FX Active<\/h3>\n<p>Si vous souhaitez n\u00e9gocier avec des spreads plus serr\u00e9s, il peut \u00eatre int\u00e9ressant d\u2019examiner le compte FX Active de CMC Markets. Cette formule inclut des commissions ; pour calculer le co\u00fbt total par lot standard et par c\u00f4t\u00e9, il faut donc additionner le co\u00fbt du spread et la commission. Comme les paires telles que EUR\/USD, GBP\/USD, AUD\/USD, USD\/CAD, USD\/JPY et NZD\/USD peuvent afficher un spread de 0 pip, le co\u00fbt minimum correspond alors uniquement \u00e0 la commission :<\/p>\n<div class=\"table-responsive\">\n<table class=\"table table--colorful\">\n<thead>\n<tr>\n<th style=\"background-color: #fff;\" colspan=\"5\">Co\u00fbts minimums des spreads avec le compte FX Active<\/th>\n<\/tr>\n<tr>\n<th>Paire de devises<\/th>\n<th>Spread<\/th>\n<th>Commission par lot et par c\u00f4t\u00e9<\/th>\n<th>Co\u00fbt par micro-lot<\/th>\n<th>Co\u00fbt par lot standard<\/th>\n<\/tr>\n<\/thead>\n<tbody>\n<tr>\n<td>AUD\/USD<\/td>\n<td style=\"text-align: center;\">0<\/td>\n<td style=\"text-align: center;\">0,025 USD \/ 2,50 USD<\/td>\n<td style=\"text-align: center;\">0,025 USD<\/td>\n<td style=\"text-align: center;\">2,50 USD<\/td>\n<\/tr>\n<tr>\n<td>EUR\/GBP<\/td>\n<td style=\"text-align: center;\">0,5<\/td>\n<td style=\"text-align: center;\">0,025 USD \/ 2,50 USD<\/td>\n<td style=\"text-align: center;\">0,092 USD<\/td>\n<td style=\"text-align: center;\">9,22 USD<\/td>\n<\/tr>\n<tr>\n<td>EUR\/JPY<\/td>\n<td style=\"text-align: center;\">0,9<\/td>\n<td style=\"text-align: center;\">0,025 USD \/ 2,50 USD<\/td>\n<td style=\"text-align: center;\">0,086 USD<\/td>\n<td style=\"text-align: center;\">8,58 USD<\/td>\n<\/tr>\n<tr>\n<td>EUR\/USD<\/td>\n<td style=\"text-align: center;\">0<\/td>\n<td style=\"text-align: center;\">0,025 USD \/ 2,50 USD<\/td>\n<td style=\"text-align: center;\">0,025 USD<\/td>\n<td style=\"text-align: center;\">2,50 USD<\/td>\n<\/tr>\n<tr>\n<td>GBP\/JPY<\/td>\n<td style=\"text-align: center;\">1,35<\/td>\n<td style=\"text-align: center;\">0,025 USD \/ 2,50 USD<\/td>\n<td style=\"text-align: center;\">0,116 USD<\/td>\n<td style=\"text-align: center;\">11,63 USD<\/td>\n<\/tr>\n<tr>\n<td>GBP\/USD<\/td>\n<td style=\"text-align: center;\">0<\/td>\n<td style=\"text-align: center;\">0,025 USD \/ 2,50 USD<\/td>\n<td style=\"text-align: center;\">0,025 USD<\/td>\n<td style=\"text-align: center;\">2,50 USD<\/td>\n<\/tr>\n<tr>\n<td>NZD\/USD<\/td>\n<td style=\"text-align: center;\">0<\/td>\n<td style=\"text-align: center;\">0,025 USD \/ 2,50 USD<\/td>\n<td style=\"text-align: center;\">0,025 USD<\/td>\n<td style=\"text-align: center;\">2,50 USD<\/td>\n<\/tr>\n<tr>\n<td>USD\/CAD<\/td>\n<td style=\"text-align: center;\">0<\/td>\n<td style=\"text-align: center;\">0,025 USD \/ 2,50 USD<\/td>\n<td style=\"text-align: center;\">0,025 USD<\/td>\n<td style=\"text-align: center;\">2,50 USD<\/td>\n<\/tr>\n<tr>\n<td>USD\/CNH<\/td>\n<td style=\"text-align: center;\">1,5<\/td>\n<td style=\"text-align: center;\">0,025 USD \/ 2,50 USD<\/td>\n<td style=\"text-align: center;\">0,046 USD<\/td>\n<td style=\"text-align: center;\">4,59 USD<\/td>\n<\/tr>\n<tr>\n<td>USD\/JPY<\/td>\n<td style=\"text-align: center;\">0<\/td>\n<td style=\"text-align: center;\">0,025 USD \/ 2,50 USD<\/td>\n<td style=\"text-align: center;\">0,025 USD<\/td>\n<td style=\"text-align: center;\">2,50 USD<\/td>\n<\/tr>\n<\/tbody>\n<\/table>\n<\/div>\n<p>Il convient de souligner que le compte FX Active n\u2019est pas disponible aupr\u00e8s de toutes les entit\u00e9s CMC Markets. Dans la plupart des pays d\u2019Europe, par exemple, les clients ne peuvent choisir qu\u2019entre un compte CFD, un compte MT4 et un compte Corporate, et les spreads Forex d\u00e9marrent alors \u00e0 0,2 pip, quel que soit le type de compte retenu. Dans certaines juridictions, il existe \u00e9galement un compte de spread betting. Les entit\u00e9s CMC Markets qui proposent des comptes FX Active sont supervis\u00e9es par les autorit\u00e9s financi\u00e8res de juridictions telles que le Royaume-Uni, le Canada ou les Bermudes, entre autres. Les traders doivent \u00e9galement garder \u00e0 l\u2019esprit que le compte FX Active est disponible sur la plateforme propri\u00e9taire du courtier et sur la plateforme MetaTrader 4.<\/p>\n<h2 id=\"overnight\"><i class=\"ico ico--clock\"><\/i>Frais de financement overnight sur CMC Markets<\/h2>\n<p>Si vous choisissez de conserver vos positions ouvertes pendant la nuit, vous pouvez \u00eatre redevable des frais de swap de CMC Markets, calcul\u00e9s sur la diff\u00e9rence entre les taux d\u2019int\u00e9r\u00eat des deux devises. Si la devise vendue affiche un taux d\u2019int\u00e9r\u00eat sup\u00e9rieur \u00e0 celui de la devise achet\u00e9e, des frais vous seront pr\u00e9lev\u00e9s. \u00c0 l\u2019inverse, si la position \u00e9volue en votre faveur parce que le taux d\u2019int\u00e9r\u00eat de la devise achet\u00e9e d\u00e9passe celui de la devise vendue, le swap devient positif : vous percevez alors des int\u00e9r\u00eats.<\/p>\n<p>Comme indiqu\u00e9 sur le site de CMC Markets, les frais de swap sont appliqu\u00e9s chaque jour \u00e0 5 h, heure de New York. Les co\u00fbts pr\u00e9sent\u00e9s ci-dessous ont \u00e9t\u00e9 publi\u00e9s le 27 ao\u00fbt 2025 :<\/p>\n<div class=\"table-responsive\">\n<table class=\"table table--colorful\">\n<thead>\n<tr>\n<th style=\"background-color: #fff;\" colspan=\"7\">Frais de swap CMC Markets (27 ao\u00fbt 2025)<\/th>\n<\/tr>\n<tr>\n<th>Paire de devises<\/th>\n<th>Devise de base<\/th>\n<th>Volume en lots<\/th>\n<th>Co\u00fbt de d\u00e9tention achat (quotidien)<\/th>\n<th>Co\u00fbt de d\u00e9tention vente (quotidien)<\/th>\n<th>Co\u00fbt de d\u00e9tention achat (annuel)<\/th>\n<th>Co\u00fbt de d\u00e9tention vente (annuel)<\/th>\n<\/tr>\n<\/thead>\n<tbody>\n<tr>\n<td>AUD\/USD<\/td>\n<td style=\"text-align: center;\">USD<\/td>\n<td style=\"text-align: center;\">1<\/td>\n<td style=\"text-align: center;\">-0,00434 %<\/td>\n<td style=\"text-align: center;\">0,00122 %<\/td>\n<td style=\"text-align: center;\">-1,58480 %<\/td>\n<td style=\"text-align: center;\">0,44530 %<\/td>\n<\/tr>\n<tr>\n<td>EUR\/GBP<\/td>\n<td style=\"text-align: center;\">USD<\/td>\n<td style=\"text-align: center;\">1<\/td>\n<td style=\"text-align: center;\">-0,00829 %<\/td>\n<td style=\"text-align: center;\">-0,00251 %<\/td>\n<td style=\"text-align: center;\">-3,02710 %<\/td>\n<td style=\"text-align: center;\">-0,91470 %<\/td>\n<\/tr>\n<tr>\n<td>EUR\/JPY<\/td>\n<td style=\"text-align: center;\">USD<\/td>\n<td style=\"text-align: center;\">1<\/td>\n<td style=\"text-align: center;\">0,00148 %<\/td>\n<td style=\"text-align: center;\">0,00716 %<\/td>\n<td style=\"text-align: center;\">0,53920 %<\/td>\n<td style=\"text-align: center;\">2,61400 %<\/td>\n<\/tr>\n<tr>\n<td>EUR\/USD<\/td>\n<td style=\"text-align: center;\">USD<\/td>\n<td style=\"text-align: center;\">1<\/td>\n<td style=\"text-align: center;\">-0,00942 %<\/td>\n<td style=\"text-align: center;\">-0,00384 %<\/td>\n<td style=\"text-align: center;\">-1,40220 %<\/td>\n<td style=\"text-align: center;\">-3,43940 %<\/td>\n<\/tr>\n<tr>\n<td>GBP\/JPY<\/td>\n<td style=\"text-align: center;\">USD<\/td>\n<td style=\"text-align: center;\">1<\/td>\n<td style=\"text-align: center;\">0,00837 %<\/td>\n<td style=\"text-align: center;\">0,01439 %<\/td>\n<td style=\"text-align: center;\">3,05590 %<\/td>\n<td style=\"text-align: center;\">5,25280 %<\/td>\n<\/tr>\n<tr>\n<td>GBP\/USD<\/td>\n<td style=\"text-align: center;\">USD<\/td>\n<td style=\"text-align: center;\">1<\/td>\n<td style=\"text-align: center;\">-0,00400 %<\/td>\n<td style=\"text-align: center;\">0,00156 %<\/td>\n<td style=\"text-align: center;\">0,56810 %<\/td>\n<td style=\"text-align: center;\">-1,45870 %<\/td>\n<\/tr>\n<tr>\n<td>NZD\/USD<\/td>\n<td style=\"text-align: center;\">USD<\/td>\n<td style=\"text-align: center;\">1<\/td>\n<td style=\"text-align: center;\">-0,00719 %<\/td>\n<td style=\"text-align: center;\">-0,00064 %<\/td>\n<td style=\"text-align: center;\">-2,62390 %<\/td>\n<td style=\"text-align: center;\">-0,23370 %<\/td>\n<\/tr>\n<tr>\n<td>USD\/CAD<\/td>\n<td style=\"text-align: center;\">USD<\/td>\n<td style=\"text-align: center;\">1<\/td>\n<td style=\"text-align: center;\">0,00184 %<\/td>\n<td style=\"text-align: center;\">0,00752 %<\/td>\n<td style=\"text-align: center;\">0,67240 %<\/td>\n<td style=\"text-align: center;\">2,74500 %<\/td>\n<\/tr>\n<tr>\n<td>USD\/CNH<\/td>\n<td style=\"text-align: center;\">USD<\/td>\n<td style=\"text-align: center;\">1<\/td>\n<td style=\"text-align: center;\">0,00578 %<\/td>\n<td style=\"text-align: center;\">0,01158 %<\/td>\n<td style=\"text-align: center;\">2,10820 %<\/td>\n<td style=\"text-align: center;\">4,22580 %<\/td>\n<\/tr>\n<tr>\n<td>USD\/JPY<\/td>\n<td style=\"text-align: center;\">USD<\/td>\n<td style=\"text-align: center;\">1<\/td>\n<td style=\"text-align: center;\">0,00813 %<\/td>\n<td style=\"text-align: center;\">0,01365 %<\/td>\n<td style=\"text-align: center;\">2,96820 %<\/td>\n<td style=\"text-align: center;\">4,98300 %<\/td>\n<\/tr>\n<\/tbody>\n<\/table>\n<\/div>\n<p>Comme vous pouvez le constater ci-dessus, CMC Markets publie \u00e0 la fois les taux de swap annuels et quotidiens. Les premiers constituent essentiellement des donn\u00e9es historiques, tandis que les seconds sont susceptibles d\u2019\u00eatre modifi\u00e9s r\u00e9guli\u00e8rement. Les traders doivent donc v\u00e9rifier le taux quotidien sur le site de CMC Markets chaque fois qu\u2019ils envisagent de laisser une position ouverte pendant la nuit.<\/p>\n<h2 id=\"swap\"><i class=\"ico ico--islamic-account\"><\/i>Co\u00fbts de trading sans swap sur CMC Markets<\/h2>\n<p>Au moment de la r\u00e9daction, aucune des entit\u00e9s CMC Markets ne propose de compte sans swap. Les taux de swap sont en effet obligatoires pour les positions Forex conserv\u00e9es d\u2019un jour \u00e0 l\u2019autre. Si cela constitue un probl\u00e8me pour vous, CMC Markets ne sera pas un courtier adapt\u00e9.<\/p>\n<h2 id=\"other\"><i class=\"ico ico--administration-fees\"><\/i>Frais hors trading sur CMC Markets<\/h2>\n<p>Outre les co\u00fbts d\u00e9j\u00e0 \u00e9voqu\u00e9s, d\u2019autres frais doivent \u00eatre pris en consid\u00e9ration avant d\u2019ouvrir un compte chez CMC Markets. En r\u00e8gle g\u00e9n\u00e9rale, le courtier ne facture pas l\u2019ouverture de compte, les d\u00e9p\u00f4ts ou les retraits ; toutefois, cela peut varier selon le pays de r\u00e9sidence du trader. Au Canada, par exemple, les d\u00e9p\u00f4ts et retraits effectu\u00e9s par virement bancaire peuvent entra\u00eener des frais de 15 USD.<\/p>\n<p>Si vous souhaitez n\u00e9gocier via un serveur priv\u00e9 virtuel (VPS), sachez que CMC Markets collabore avec le fournisseur Beeks. L\u2019abonnement et l\u2019utilisation d\u2019un VPS Beeks entra\u00eenent g\u00e9n\u00e9ralement des frais mensuels qui vont de 31 \u00a3 \u00e0 97 \u00a3, selon la formule choisie. Vous pouvez toutefois b\u00e9n\u00e9ficier d\u2019un VPS gratuit si votre volume de trading atteint au moins 15 lots standards par mois chez CMC Markets. Parmi les avantages d\u2019un VPS figurent notamment une ex\u00e9cution rapide, une s\u00e9curit\u00e9 renforc\u00e9e, une latence faible et la possibilit\u00e9 de recourir au trading automatis\u00e9.<\/p>\n<p>Enfin, si vous d\u00e9cidez de ne plus utiliser votre compte de trading CMC Markets, sachez que le courtier peut appliquer des frais d\u2019inactivit\u00e9. Un compte est consid\u00e9r\u00e9 comme inactif lorsqu\u2019aucune transaction n\u2019a \u00e9t\u00e9 ex\u00e9cut\u00e9e pendant 12 mois. Le montant de ces frais d\u00e9pend de l\u2019entit\u00e9 CMC Markets aupr\u00e8s de laquelle vous \u00eates inscrit. Par exemple, les traders britanniques devront payer 10 \u00a3 par mois pour un compte dormant. CMC Markets applique \u00e9galement des frais mensuels de 15 USD \u00e0 Singapour et au Canada. En revanche, les adeptes europ\u00e9ens du Forex qui d\u00e9tiennent un compte aupr\u00e8s de l\u2019entit\u00e9 de CMC Markets agr\u00e9\u00e9e par la BaFin ne sont pas soumis \u00e0 des frais d\u2019inactivit\u00e9.<\/p>\n<div class=\"table-responsive\">\n<table class=\"table\">\n<thead>\n<tr>\n<th colspan=\"2\">Aper\u00e7u des frais CMC Markets<\/th>\n<\/tr>\n<\/thead>\n<tbody>\n<tr>\n<td>Frais de d\u00e9p\u00f4t<\/td>\n<td>Gratuit*<\/td>\n<\/tr>\n<tr>\n<td>Frais de retrait<\/td>\n<td>Gratuit*<\/td>\n<\/tr>\n<tr>\n<td>Frais d&rsquo;ouverture de compte<\/td>\n<td>Gratuit<\/td>\n<\/tr>\n<tr>\n<td>Frais d&rsquo;inactivit\u00e9<\/td>\n<td>Frais mensuels de 15 USD\/10 \u00a3** apr\u00e8s 12 mois d&rsquo;inactivit\u00e9<\/td>\n<\/tr>\n<tr>\n<td>Abonnement h\u00e9bergement VPS<\/td>\n<td>Frais mensuels Beeks : 31 \u00a3 (Bronze), 55 \u00a3 (Silver), 97 \u00a3 (Gold)<\/td>\n<\/tr>\n<\/tbody>\n<\/table>\n<\/div>\n<p style=\"text-align: center; font-size: 13px;\"><em>* Des frais peuvent \u00eatre factur\u00e9s selon votre juridiction et le mode de paiement utilis\u00e9<\/em><\/p>\n<p style=\"text-align: center; font-size: 13px;\"><em>** Non factur\u00e9s chez CMC Markets Germany GmbH<\/em><\/p>\n<h2 id=\"conclusion\"><i class=\"ico ico--pen\"><\/i>Conclusion sur les frais de CMC Markets<\/h2>\n<p>Nombreux sont les traders qui estiment que les frais de CMC Markets sont relativement bas. Associ\u00e9e au fait que ce courtier respect\u00e9 b\u00e9n\u00e9ficie de l\u2019agr\u00e9ment d\u2019organismes tels que l\u2019Autorit\u00e9 f\u00e9d\u00e9rale de supervision financi\u00e8re allemande (BaFin) et la Financial Conduct Authority (FCA) du Royaume-Uni, cette tarification fait de CMC Markets une option attrayante pour de nombreux passionn\u00e9s de Forex. Si vous rencontrez des probl\u00e8mes li\u00e9s aux co\u00fbts pendant votre activit\u00e9 ou si vous avez simplement des questions concernant votre compte, vous pouvez contacter le support de CMC Markets par mail, t\u00e9l\u00e9phone ou live chat. L\u2019\u00e9quipe du support est disponible 24 h\/24, 5 j\/7.<\/p>\n","protected":false},"excerpt":{"rendered":"<p>CMC Markets est un courtier bas\u00e9 au Royaume-Uni qui existe depuis plus de trente ans. Fond\u00e9 en 1989, CMC Markets demeure le courtier privil\u00e9gi\u00e9 de nombreux traders \u00e0 travers le monde, qui l\u2019appr\u00e9cient pour la diversit\u00e9 de ses produits, la vari\u00e9t\u00e9 de ses plateformes et ses frais de trading raisonnables. Les spreads peuvent descendre sous [&hellip;]<\/p>\n","protected":false},"author":2,"featured_media":0,"parent":11964,"menu_order":0,"comment_status":"closed","ping_status":"closed","template":"templates\/review.php","meta":{"footnotes":""},"class_list":["post-59605","page","type-page","status-publish","hentry"],"aioseo_notices":[],"_links":{"self":[{"href":"https:\/\/www.bestbrokers.com\/fr\/wp-json\/wp\/v2\/pages\/59605","targetHints":{"allow":["GET"]}}],"collection":[{"href":"https:\/\/www.bestbrokers.com\/fr\/wp-json\/wp\/v2\/pages"}],"about":[{"href":"https:\/\/www.bestbrokers.com\/fr\/wp-json\/wp\/v2\/types\/page"}],"author":[{"embeddable":true,"href":"https:\/\/www.bestbrokers.com\/fr\/wp-json\/wp\/v2\/users\/2"}],"replies":[{"embeddable":true,"href":"https:\/\/www.bestbrokers.com\/fr\/wp-json\/wp\/v2\/comments?post=59605"}],"version-history":[{"count":6,"href":"https:\/\/www.bestbrokers.com\/fr\/wp-json\/wp\/v2\/pages\/59605\/revisions"}],"predecessor-version":[{"id":71807,"href":"https:\/\/www.bestbrokers.com\/fr\/wp-json\/wp\/v2\/pages\/59605\/revisions\/71807"}],"up":[{"embeddable":true,"href":"https:\/\/www.bestbrokers.com\/fr\/wp-json\/wp\/v2\/pages\/11964"}],"wp:attachment":[{"href":"https:\/\/www.bestbrokers.com\/fr\/wp-json\/wp\/v2\/media?parent=59605"}],"curies":[{"name":"wp","href":"https:\/\/api.w.org\/{rel}","templated":true}]}}