{"id":59607,"date":"2025-03-19T09:33:26","date_gmt":"2025-03-19T09:33:26","guid":{"rendered":"https:\/\/www.bestbrokers.com\/?page_id=59607"},"modified":"2025-10-22T13:20:29","modified_gmt":"2025-10-22T13:20:29","slug":"account-opening","status":"publish","type":"page","link":"https:\/\/www.bestbrokers.com\/fr\/reviews\/fp-markets\/account-opening\/","title":{"rendered":"Comment cr\u00e9er un compte sur FP Markets"},"content":{"rendered":"<div class=\"author-line\">\u00c9crit par <span class=\"author\">Zornitsa Stefanova<div class=\"author-sub-box\"><div class=\"author-avatar\"><img decoding=\"async\" src=\"https:\/\/www.bestbrokers.com\/wp-content\/uploads\/2024\/09\/zornica-stefanova.jpeg\" \/><\/div><div class=\"author-info-wrapper\"><div class=\"author-name\"><a href=\"https:\/\/www.bestbrokers.com\/fr\/authors\/zornitsa-stefanova\/\">Zornitsa Stefanova<\/a><\/div><div class=\"author-bio\">Zornitsa Stefanova est une analyste exp\u00e9riment\u00e9e dans le domaine du Forex et des cryptomonnaies.  Elle couvre \u00e9galement divers sujets financiers tels que le trading d\u2019actions et les investissements pour la retraite.<\/div><\/div><\/div><\/span>,  <a rel=\"nofollow\" target=\"_blank\" href=\"https:\/\/www.linkedin.com\/in\/zornica-stefanova-73ab39287\/\"><img decoding=\"async\" class=\"social-icon\" src=\"https:\/\/www.bestbrokers.com\/wp-content\/themes\/best-brokers\/assets\/images\/icon-linkedin.svg\" data-no-lazy=\"1\"><\/a> <span class=\"sep\">|<\/span> Traduit par <span class=\"author\">Agnes Orieux<div class=\"author-sub-box\"><div class=\"author-info-wrapper\"><div class=\"author-name\"><a href=\"https:\/\/www.bestbrokers.com\/fr\/authors\/agnes-orieux\/\">Agnes Orieux<\/a><\/div><div class=\"author-bio\">Agnes Orieux est une traductrice et r\u00e9dactrice de l'anglais vers le fran\u00e7ais, avec une exp\u00e9rience dans les march\u00e9s financiers. Elle est la r\u00e9dactrice principale de la version fran\u00e7aise de BestBrokers.com.<\/div><\/div><\/div><\/span> <span class=\"sep\">|<\/span> Mis \u00e0 jour : <time class=\"entry-date\" datetime=\"2025-10-22T13:20:29+00:00\">octobre 22, 2025<\/time><\/div>\n<h2 id=\"brief\"><i class=\"ico ico--assets\"><\/i>Types de compte propos\u00e9s par FP Markets<\/h2>\n<p>FP Markets propose deux types de comptes r\u00e9els, Standard et Raw. Le premier offre des spreads \u00e0 partir de 1,0 pip et sans commission. Si vous souhaitez b\u00e9n\u00e9ficier de spreads plus serr\u00e9s, le second type de compte est une excellente alternative. En effet, les traders titulaires d\u2019un compte Raw peuvent profiter de spreads \u00e0 partir de 0 pip, auxquels s\u2019ajoute une commission de 3 $ (par c\u00f4t\u00e9).<\/p>\n<p>Ce sont l\u00e0 les principales diff\u00e9rences entre les comptes Raw et Standard. Des plateformes tierces avanc\u00e9es telles que MT4, MT5, TradingView et cTrader sont accessibles \u00e0 tous les clients, quel que soit le type de compte. Les clients particuliers peuvent utiliser un effet de levier qui va jusqu\u2019\u00e0 1:30.<\/p>\n<p>Les professionnels qui souhaitent n\u00e9gocier avec un effet de levier plus \u00e9lev\u00e9 devront d\u2019abord ouvrir un compte de d\u00e9tail. Ils pourront ensuite demander le statut de client professionnel, lequel permet un effet de levier maximal de 1:500 sur le Forex. L\u2019approbation est accord\u00e9e si le trader remplit au moins deux des trois crit\u00e8res suivants :<\/p>\n<ul class=\"list-checks\">\n<li>A effectu\u00e9 des transactions d\u2019au moins 1 lot au moins 10 fois par trimestre au cours des 4 derniers trimestres<\/li>\n<li>Dispose d\u2019un portefeuille sup\u00e9rieur \u00e0 500 000 \u20ac<\/li>\n<li>Justifie d\u2019une ann\u00e9e d\u2019exp\u00e9rience professionnelle dans le secteur financier<\/li>\n<\/ul>\n\n\t\t\t\t<div class=\"table\">\n\t\t\t\t\t<table class=\"table table-striped table-bordered\">\n\t\t\t\t\t\t<tr>\n\t\t\t\t\t\t\t<td style=\"width: 250px;\"><strong>Compte d\u00e9mo<\/strong><\/td>\n\t\t\t\t\t\t\t<td><img decoding=\"async\" width=\"24\" height=\"24\" src=\"\/wp-content\/themes\/best-brokers\/assets\/images\/ico-check.svg\" alt=\"Available\" \/><\/td>\n\t\t\t\t\t\t<\/tr>\n\t\t\t\t\t\t<tr>\n\t\t\t\t\t\t\t<td><strong>Islamic Account<\/strong><\/td>\n\t\t\t\t\t\t\t<td><img decoding=\"async\" width=\"24\" height=\"24\" src=\"\/wp-content\/themes\/best-brokers\/assets\/images\/ico-check.svg\" alt=\"Available\" \/><\/td>\n\t\t\t\t\t\t<\/tr>\n\t\t\t\t\t\t<tr>\n\t\t\t\t\t\t\t<td><strong>Compte ECN<\/strong><\/td>\n\t\t\t\t\t\t\t<td><img decoding=\"async\" width=\"24\" height=\"24\" src=\"\/wp-content\/themes\/best-brokers\/assets\/images\/ico-check.svg\" alt=\"Available\" \/><\/td>\n\t\t\t\t\t\t<\/tr>\n\t\t\t\t\t\t<tr>\n\t\t\t\t\t\t\t<td><strong>Compte pro<\/strong><\/td>\n\t\t\t\t\t\t\t<td><img decoding=\"async\" width=\"24\" height=\"24\" src=\"\/wp-content\/themes\/best-brokers\/assets\/images\/ico-check.svg\" alt=\"Available\" \/><\/td>\n\t\t\t\t\t\t<\/tr>\n\t\t\t\t\t\t<tr>\n\t\t\t\t\t\t\t<td><strong>MAM Account<\/strong><\/td>\n\t\t\t\t\t\t\t<td><img decoding=\"async\" width=\"24\" height=\"24\" src=\"\/wp-content\/themes\/best-brokers\/assets\/images\/ico-check.svg\" alt=\"Available\" \/><\/td>\n\t\t\t\t\t\t<\/tr>\n\t\t\t\t\t<\/table>\n\t\t\t\t<\/div>\n\t\t\t\n<h2 id=\"deposit\"><i class=\"ico ico--money-supply\"><\/i>Exigences de d\u00e9p\u00f4t minimum<\/h2>\n<p>Pour les comptes de d\u00e9tail de FP Markets, le courtier n\u2019impose pas de montant de d\u00e9p\u00f4t minimum diff\u00e9rent. Ainsi, que vous ouvriez un compte Standard ou Raw, vous devrez verser au moins 50 $\/\u20ac\/\u00a3. FP Markets se r\u00e9v\u00e8le donc relativement accessible, l\u00e0 o\u00f9 de nombreux concurrents exigent un premier d\u00e9p\u00f4t nettement plus \u00e9lev\u00e9. Cela dit, les traders doivent garder \u00e0 l\u2019esprit que la taille minimale d\u2019ordre chez FP Markets est de 0,01 lot, soit 1 000 unit\u00e9s de la devise de base du compte.<\/p>\n<h2 id=\"instruments\"><i class=\"ico ico--common-technical-analysis-tools\"><\/i>Instruments disponibles<\/h2>\n<p>La gamme d\u2019instruments propos\u00e9e par FP Markets comprend un large \u00e9ventail de contrats sur diff\u00e9rence (CFD), en commen\u00e7ant par les CFD sur le Forex. Plus de 60 paires de devises sont disponibles, parmi lesquelles EUR\/USD, AUD\/CAD, USD\/JPY et EUR\/GBP. N\u2019oubliez pas que le trading de paires de devises chez FP Markets s\u2019effectue via des CFD et n\u2019implique donc pas l\u2019achat de l\u2019actif sous-jacent.<\/p>\n<p>Les CFD sur actions constituent un autre point fort, FP Markets permettant de n\u00e9gocier les titres de soci\u00e9t\u00e9s telles qu\u2019Apple Inc (AAPL.xnas), PayPal Holdings Inc (PYPL.xnas), Microsoft Corp (MSFT.xnas) ou Tesla Inc (TSLA.xnas), entre autres. Plus d\u2019une douzaine d\u2019indices, dont US500, CHINA50 et EURO50, sont \u00e9galement propos\u00e9s. Si vous vous int\u00e9ressez aux cryptomonnaies, plus d\u2019une douzaine de CFD sur crypto sont disponibles. Les autres cat\u00e9gories d\u2019instruments comprennent les m\u00e9taux, les mati\u00e8res premi\u00e8res et les ETF.<\/p>\n<h2 id=\"steps\"><i class=\"ico ico--account\"><\/i>Ouverture de compte chez FP Markets \u2013 environ 2 minutes (compte d\u00e9mo)<\/h2>\n<ol class=\"list list--steps\">\n<li>Acc\u00e9dez \u00e0 la page d\u2019accueil de FP Markets, cliquez sur \u00ab Quick Start \u00bb, puis, dans les options \u00ab Your Account \u00bb, choisissez \u00ab Try a Demo \u00bb.<img decoding=\"async\" class=\"aligncenter\" src=\"https:\/\/www.bestbrokers.com\/wp-content\/uploads\/2025\/02\/fp-markets-registration-1.webp\" alt=\"FP Markets Registration Step 1\" \/>\n<p><img decoding=\"async\" class=\"aligncenter\" src=\"https:\/\/www.bestbrokers.com\/wp-content\/uploads\/2025\/02\/fp-markets-registration-1.webp\" alt=\"FP Markets Registration Step 1\" \/><\/p>\n<p><img decoding=\"async\" class=\"aligncenter\" src=\"https:\/\/www.bestbrokers.com\/wp-content\/uploads\/2025\/02\/fp-markets-registration-1.webp\" alt=\"FP Markets Registration Step 1\" \/><\/li>\n<li>Saisissez votre nom et votre e-mail, choisissez votre pays et indiquez votre num\u00e9ro de t\u00e9l\u00e9phone. S\u00e9lectionnez ensuite MetaTrader4, MetaTrader5, cTrader ou TradingView. Cr\u00e9ez un mot de passe robuste, choisissez entre un compte d\u00e9mo Raw ou Standard et indiquez votre devise. Enfin, compl\u00e9tez le CAPTCHA et passez \u00e0 l\u2019\u00e9tape suivante.<img decoding=\"async\" class=\"aligncenter\" src=\"https:\/\/www.bestbrokers.com\/wp-content\/uploads\/2025\/02\/fp-markets-registration-2.webp\" alt=\"FP Markets Registration Step 2\" \/><\/li>\n<li>FP Markets vous invitera \u00e0 installer la plateforme de votre choix \u00e0 l\u2019aide des identifiants envoy\u00e9s par e-mail. La version WebTrader sera \u00e9galement disponible. Une fois la plateforme ouverte, vous pourrez vous connecter et commencer \u00e0 utiliser votre compte d\u00e9mo.<img decoding=\"async\" class=\"aligncenter\" src=\"https:\/\/www.bestbrokers.com\/wp-content\/uploads\/2025\/02\/fp-markets-registration-3.webp\" alt=\"FP Markets Registration Step 3\" \/><\/li>\n<\/ol>\n<h2 id=\"live\"><i class=\"ico ico--approve\"><\/i>Ouverture de compte r\u00e9el sur FP Markets \u2013 environ 10 minutes<\/h2>\n<p>FP Markets a manifestement cherch\u00e9 \u00e0 rendre la proc\u00e9dure d\u2019inscription aussi simple et directe que possible ; si vous suivez les \u00e9tapes ci-dessous, vous aurez termin\u00e9 en un rien de temps.<\/p>\n<ol class=\"list list--steps\">\n<li>Rendez-vous sur la page d\u2019accueil de FP Markets et cliquez sur le bouton \u00ab Open Live \u00bb pour commencer l\u2019inscription.\n<p><img decoding=\"async\" class=\"aligncenter\" src=\"https:\/\/www.bestbrokers.com\/wp-content\/uploads\/2025\/02\/fp-markets-registration-4.webp\" alt=\"FP Markets Registration Step 4\" \/><\/li>\n<li>Vous pouvez ensuite vous inscrire avec votre e-mail, votre compte Google ou votre compte Facebook. Renseignez ensuite votre pr\u00e9nom et votre nom, puis s\u00e9lectionnez \u00ab Individual \u00bb dans la section type de compte. Indiquez votre pays de r\u00e9sidence, votre civilit\u00e9, votre num\u00e9ro de t\u00e9l\u00e9phone et confirmez que vous avez au moins 18 ans. Enfin, cliquez sur \u00ab Save and Next \u00bb.<img decoding=\"async\" class=\"aligncenter\" src=\"https:\/\/www.bestbrokers.com\/wp-content\/uploads\/2025\/02\/fp-markets-registration-5.webp\" alt=\"FP Markets Registration Step 5\" \/><\/li>\n<li>L\u2019\u00e9tape suivante consiste \u00e0 fournir au courtier des informations personnelles telles que votre date et lieu de naissance, votre num\u00e9ro de passeport et votre adresse. Plusieurs sections portent sur la fiscalit\u00e9 et votre pays de r\u00e9sidence. Si vous r\u00e9pondez \u00ab Oui \u00bb \u00e0 la question \u00ab Disposez-vous d\u2019un num\u00e9ro d\u2019identification fiscale ? \u00bb, un champ pour saisir ce num\u00e9ro appara\u00eetra. Si vous r\u00e9pondez \u00ab Non \u00bb, vous devrez en pr\u00e9ciser la raison. Il vous faudra ensuite indiquer votre situation professionnelle, votre revenu annuel et la somme que vous pouvez consacrer au trading. Enfin, pr\u00e9cisez pourquoi vous souhaitez ouvrir un compte FP Markets et poursuivez.<img decoding=\"async\" class=\"aligncenter\" src=\"https:\/\/www.bestbrokers.com\/wp-content\/uploads\/2025\/02\/fp-markets-registration-6.webp\" alt=\"FP Markets Registration Step 6\" \/><\/li>\n<li>Vous passez ensuite \u00e0 la configuration du compte. Choisissez la plateforme de trading que vous pr\u00e9f\u00e9rez et s\u00e9lectionnez le type de compte souhait\u00e9. Indiquez ensuite votre devise et la m\u00e9thode de d\u00e9p\u00f4t que vous comptez utiliser. Enfin, cr\u00e9ez un mot de passe solide. Vous pouvez maintenant passer \u00e0 l\u2019\u00e9tape suivante.<img decoding=\"async\" class=\"aligncenter\" src=\"https:\/\/www.bestbrokers.com\/wp-content\/uploads\/2025\/02\/fp-markets-registration-7.webp\" alt=\"FP Markets Registration Step 7\" \/><\/li>\n<li>FP Markets vous interrogera alors sur votre exp\u00e9rience de trading, vos connaissances et votre tol\u00e9rance au risque. Apr\u00e8s avoir r\u00e9pondu \u00e0 toutes les questions, cliquez sur \u00ab Accept and Submit \u00bb.<img decoding=\"async\" class=\"aligncenter\" src=\"https:\/\/www.bestbrokers.com\/wp-content\/uploads\/2025\/02\/fp-markets-registration-8.webp\" alt=\"FP Markets Registration Step 8\" \/><\/li>\n<li>Vous devez ensuite lire les Conditions g\u00e9n\u00e9rales et la Politique de confidentialit\u00e9 de FP Markets. Une fois les deux cases coch\u00e9es, cliquez sur \u00ab Accept and Open Account \u00bb. FP Markets vous enverra un e-mail confirmant la r\u00e9ussite de votre inscription. Cet e-mail contiendra les d\u00e9tails de votre compte, notamment votre num\u00e9ro de compte de trading.<img decoding=\"async\" class=\"aligncenter\" src=\"https:\/\/www.bestbrokers.com\/wp-content\/uploads\/2025\/02\/fp-markets-registration-9.webp\" alt=\"FP Markets Registration Step 9\" \/><\/li>\n<li>Votre inscription est \u00e0 pr\u00e9sent termin\u00e9e, mais, lorsque vous acc\u00e9derez \u00e0 la page de votre compte, il vous sera demand\u00e9 de passer par la proc\u00e9dure KYC (Know Your Customer) de FP Markets. Vous devrez t\u00e9l\u00e9charger les documents requis et attendre leur validation. Cette \u00e9tape est obligatoire, car exig\u00e9e par les autorit\u00e9s de r\u00e9gulation ayant d\u00e9livr\u00e9 les licences de FP Markets.<img decoding=\"async\" class=\"aligncenter\" src=\"https:\/\/www.bestbrokers.com\/wp-content\/uploads\/2025\/02\/fp-markets-registration-10.webp\" alt=\"FP Markets Registration Step 10\" \/><\/li>\n<\/ol>\n<h2 id=\"conclusion\"><i class=\"ico ico--pen\"><\/i>Conclusion<\/h2>\n<p>Dans l\u2019ensemble, la proc\u00e9dure d\u2019inscription chez FP Markets est relativement longue, mais elle ne devrait pas d\u00e9passer 10 minutes. Les traders ne doivent pas s\u2019inqui\u00e9ter du nombre d\u2019informations personnelles requises ; cette pratique est courante sur le march\u00e9 du Forex, car les courtiers doivent se conformer aux l\u00e9gislations LBC (lutte contre le blanchiment de capitaux) et LFT (lutte contre le financement du terrorisme). L\u2019\u00e9quipe de FP Markets s\u2019efforce de v\u00e9rifier vos donn\u00e9es dans l\u2019heure, mais, dans certains cas, cette \u00e9tape peut prendre jusqu\u2019\u00e0 un jour ouvrable.<\/p>\n","protected":false},"excerpt":{"rendered":"<p>Types de compte propos\u00e9s par FP Markets FP Markets propose deux types de comptes r\u00e9els, Standard et Raw. Le premier offre des spreads \u00e0 partir de 1,0 pip et sans commission. Si vous souhaitez b\u00e9n\u00e9ficier de spreads plus serr\u00e9s, le second type de compte est une excellente alternative. En effet, les traders titulaires d\u2019un compte [&hellip;]<\/p>\n","protected":false},"author":2,"featured_media":0,"parent":12052,"menu_order":0,"comment_status":"closed","ping_status":"closed","template":"templates\/review.php","meta":{"footnotes":""},"class_list":["post-59607","page","type-page","status-publish","hentry"],"aioseo_notices":[],"_links":{"self":[{"href":"https:\/\/www.bestbrokers.com\/fr\/wp-json\/wp\/v2\/pages\/59607","targetHints":{"allow":["GET"]}}],"collection":[{"href":"https:\/\/www.bestbrokers.com\/fr\/wp-json\/wp\/v2\/pages"}],"about":[{"href":"https:\/\/www.bestbrokers.com\/fr\/wp-json\/wp\/v2\/types\/page"}],"author":[{"embeddable":true,"href":"https:\/\/www.bestbrokers.com\/fr\/wp-json\/wp\/v2\/users\/2"}],"replies":[{"embeddable":true,"href":"https:\/\/www.bestbrokers.com\/fr\/wp-json\/wp\/v2\/comments?post=59607"}],"version-history":[{"count":7,"href":"https:\/\/www.bestbrokers.com\/fr\/wp-json\/wp\/v2\/pages\/59607\/revisions"}],"predecessor-version":[{"id":71820,"href":"https:\/\/www.bestbrokers.com\/fr\/wp-json\/wp\/v2\/pages\/59607\/revisions\/71820"}],"up":[{"embeddable":true,"href":"https:\/\/www.bestbrokers.com\/fr\/wp-json\/wp\/v2\/pages\/12052"}],"wp:attachment":[{"href":"https:\/\/www.bestbrokers.com\/fr\/wp-json\/wp\/v2\/media?parent=59607"}],"curies":[{"name":"wp","href":"https:\/\/api.w.org\/{rel}","templated":true}]}}