{"id":59608,"date":"2025-03-19T09:33:26","date_gmt":"2025-03-19T09:33:26","guid":{"rendered":"https:\/\/www.bestbrokers.com\/?page_id=59608"},"modified":"2025-10-22T13:20:39","modified_gmt":"2025-10-22T13:20:39","slug":"account-opening","status":"publish","type":"page","link":"https:\/\/www.bestbrokers.com\/fr\/reviews\/plus500\/account-opening\/","title":{"rendered":"Comment cr\u00e9er un compte sur Plus500"},"content":{"rendered":"<div class=\"author-line\">\u00c9crit par <span class=\"author\">Zornitsa Stefanova<div class=\"author-sub-box\"><div class=\"author-avatar\"><img decoding=\"async\" src=\"https:\/\/www.bestbrokers.com\/wp-content\/uploads\/2024\/09\/zornica-stefanova.jpeg\" \/><\/div><div class=\"author-info-wrapper\"><div class=\"author-name\"><a href=\"https:\/\/www.bestbrokers.com\/fr\/authors\/zornitsa-stefanova\/\">Zornitsa Stefanova<\/a><\/div><div class=\"author-bio\">Zornitsa Stefanova est une analyste exp\u00e9riment\u00e9e dans le domaine du Forex et des cryptomonnaies.  Elle couvre \u00e9galement divers sujets financiers tels que le trading d\u2019actions et les investissements pour la retraite.<\/div><\/div><\/div><\/span>,  <a rel=\"nofollow\" target=\"_blank\" href=\"https:\/\/www.linkedin.com\/in\/zornica-stefanova-73ab39287\/\"><img decoding=\"async\" class=\"social-icon\" src=\"https:\/\/www.bestbrokers.com\/wp-content\/themes\/best-brokers\/assets\/images\/icon-linkedin.svg\" data-no-lazy=\"1\"><\/a> <span class=\"sep\">|<\/span> Traduit par <span class=\"author\">Agnes Orieux<div class=\"author-sub-box\"><div class=\"author-info-wrapper\"><div class=\"author-name\"><a href=\"https:\/\/www.bestbrokers.com\/fr\/authors\/agnes-orieux\/\">Agnes Orieux<\/a><\/div><div class=\"author-bio\">Agnes Orieux est une traductrice et r\u00e9dactrice de l'anglais vers le fran\u00e7ais, avec une exp\u00e9rience dans les march\u00e9s financiers. Elle est la r\u00e9dactrice principale de la version fran\u00e7aise de BestBrokers.com.<\/div><\/div><\/div><\/span> <span class=\"sep\">|<\/span> Mis \u00e0 jour : <time class=\"entry-date\" datetime=\"2025-10-22T13:20:39+00:00\">octobre 22, 2025<\/time><\/div>\n<h2 id=\"brief\"><i class=\"ico ico--assets\"><\/i>Types de comptes propos\u00e9s par Plus500<\/h2>\n<p>Selon leurs objectifs de trading, les amateurs de Forex peuvent ouvrir soit un compte CFD de d\u00e9tail sur Plus500, soit opter pour l\u2019offre r\u00e9serv\u00e9e aux professionnels, \u00e0 condition de remplir certains crit\u00e8res d\u2019\u00e9ligibilit\u00e9.<br \/>\nContrairement \u00e0 certains concurrents qui proposent des comptes de d\u00e9monstration distincts, la plateforme de Plus500 dispose d&rsquo;un mode d\u00e9mo que les utilisateurs peuvent activer \u00e0 leur convenance.<\/p>\n<p>Les traders particuliers sont limit\u00e9s \u00e0 un effet de levier maximal de 1:30. \u00c0 l\u2019inverse, les comptes professionnels procurent plusieurs avantages, dont un plafond de levier de 1:300, des remises en cash, une ex\u00e9cution sup\u00e9rieure et l\u2019acc\u00e8s au service du m\u00e9diateur financier. Cependant, les clients professionnels ne b\u00e9n\u00e9ficient pas de la protection du Fonds d\u2019indemnisation des investisseurs (ICF).<\/p>\n<p>Pour pr\u00e9tendre \u00e0 un compte professionnel, vous devez remplir au moins deux des trois crit\u00e8res suivants :<\/p>\n<ul class=\"list-checks\">\n<li>Avoir ex\u00e9cut\u00e9 plus de 10 transactions significatives par trimestre (au cours des quatre derniers trimestres)<\/li>\n<li>Disposer d\u2019un portefeuille financier sup\u00e9rieur \u00e0 500 000 \u20ac<\/li>\n<li>Justifier d\u2019au moins un an d\u2019exp\u00e9rience professionnelle dans le secteur financier<\/li>\n<\/ul>\n\n\t\t\t\t<div class=\"table\">\n\t\t\t\t\t<table class=\"table table-striped table-bordered\">\n\t\t\t\t\t\t<tr>\n\t\t\t\t\t\t\t<td style=\"width: 250px;\"><strong>Compte d\u00e9mo<\/strong><\/td>\n\t\t\t\t\t\t\t<td><img decoding=\"async\" width=\"24\" height=\"24\" src=\"\/wp-content\/themes\/best-brokers\/assets\/images\/ico-xmark.svg\" alt=\"Not Available\" \/><\/td>\n\t\t\t\t\t\t<\/tr>\n\t\t\t\t\t\t<tr>\n\t\t\t\t\t\t\t<td><strong>Islamic Account<\/strong><\/td>\n\t\t\t\t\t\t\t<td><img decoding=\"async\" width=\"24\" height=\"24\" src=\"\/wp-content\/themes\/best-brokers\/assets\/images\/ico-xmark.svg\" alt=\"Not Available\" \/><\/td>\n\t\t\t\t\t\t<\/tr>\n\t\t\t\t\t\t<tr>\n\t\t\t\t\t\t\t<td><strong>Compte ECN<\/strong><\/td>\n\t\t\t\t\t\t\t<td><img decoding=\"async\" width=\"24\" height=\"24\" src=\"\/wp-content\/themes\/best-brokers\/assets\/images\/ico-xmark.svg\" alt=\"Not Available\" \/><\/td>\n\t\t\t\t\t\t<\/tr>\n\t\t\t\t\t\t<tr>\n\t\t\t\t\t\t\t<td><strong>Compte pro<\/strong><\/td>\n\t\t\t\t\t\t\t<td><img decoding=\"async\" width=\"24\" height=\"24\" src=\"\/wp-content\/themes\/best-brokers\/assets\/images\/ico-xmark.svg\" alt=\"Not Available\" \/><\/td>\n\t\t\t\t\t\t<\/tr>\n\t\t\t\t\t\t<tr>\n\t\t\t\t\t\t\t<td><strong>MAM Account<\/strong><\/td>\n\t\t\t\t\t\t\t<td><img decoding=\"async\" width=\"24\" height=\"24\" src=\"\/wp-content\/themes\/best-brokers\/assets\/images\/ico-xmark.svg\" alt=\"Not Available\" \/><\/td>\n\t\t\t\t\t\t<\/tr>\n\t\t\t\t\t<\/table>\n\t\t\t\t<\/div>\n\t\t\t\n<h2 id=\"deposit\"><i class=\"ico ico--money-supply\"><\/i>D\u00e9p\u00f4t minimum requis par Plus500<\/h2>\n<p>Le d\u00e9p\u00f4t minimum exig\u00e9 par Plus500 est de 100 $\/100 \u20ac. Si certains courtiers r\u00e9clament un d\u00e9p\u00f4t initial de 250 $\/250 \u20ac ou plus, d\u2019autres ont purement et simplement supprim\u00e9 cette exigence. L\u2019appr\u00e9ciation des 100 $\/100 \u20ac de Plus500 d\u00e9pend donc des pr\u00e9f\u00e9rences des traders et de leur exp\u00e9rience pass\u00e9e du trading en ligne.<\/p>\n<h2 id=\"instruments\"><i class=\"ico ico--common-technical-analysis-tools\"><\/i>Que pouvez-vous trader sur Plus500 ?<\/h2>\n<p>Plus500 est disponible dans de nombreux pays \u00e0 travers le monde, ce qui en fait une option int\u00e9ressante pour un large \u00e9ventail de traders. Il n\u2019est donc pas surprenant que le catalogue de produits de Plus500 se distingue par sa diversit\u00e9.<\/p>\n<p>Plus500 permet de n\u00e9gocier plus de 70 paires de devises, couvrant les majeures, les mineures et les exotiques ; les traders y retrouveront notamment les paires EUR\/USD, EUR\/GBP, AUD\/USD ou encore GBP\/USD. Les cryptomonnaies constituent une autre cat\u00e9gorie pris\u00e9e, que les utilisateurs peuvent n\u00e9gocier via des CFD sur Bitcoin, Cardano, Ethereum et bien d\u2019autres. Les autres march\u00e9s propos\u00e9s comprennent les indices, les mati\u00e8res premi\u00e8res, les actions, les options et les ETF.<\/p>\n<h2 id=\"steps\"><i class=\"ico ico--account\"><\/i>Inscription \u00e9tape par \u00e9tape sur Plus500 \u2013 environ 10 minutes<\/h2>\n<p>Si vous souhaitez tester le courtier Plus500, la cr\u00e9ation d\u2019un compte ne devrait pas vous poser de probl\u00e8me. La proc\u00e9dure est relativement simple et vous aurez termin\u00e9 en un rien de temps en suivant les \u00e9tapes ci-dessous :<\/p>\n<ol class=\"list list--steps\">\n<li>Rendez-vous sur la page d\u2019accueil de Plus500 et s\u00e9lectionnez \u00ab Tradez d\u00e8s maintenant \u00bb.<img decoding=\"async\" class=\"aligncenter\" src=\"https:\/\/www.bestbrokers.com\/wp-content\/uploads\/2025\/02\/plus500-registration-1-e1750929641412.webp\" alt=\"Plus500 Registration Step 1\" \/><\/li>\n<li>Sur la page de connexion, cliquez sur le lien \u00ab Pas de compte ? Cr\u00e9er un compte \u00bb.<img decoding=\"async\" class=\"aligncenter\" src=\"https:\/\/www.bestbrokers.com\/wp-content\/uploads\/2025\/02\/plus500-registration-2.webp\" alt=\"Plus500 Registration Step 2\" \/><\/li>\n<li>Vous \u00eates maintenant sur la page d\u2019inscription. Saisissez votre adresse e-mail, cr\u00e9ez un mot de passe puis cliquez sur \u00ab Cr\u00e9er un compte \u00bb. Vous pouvez \u00e9galement utiliser votre compte Google, Facebook ou Apple.<img decoding=\"async\" class=\"aligncenter\" src=\"https:\/\/www.bestbrokers.com\/wp-content\/uploads\/2025\/02\/plus500-registration-3-e1751446775642.webp\" alt=\"Plus500 Registration Step 3\" \/><\/li>\n<li>Apr\u00e8s avoir cliqu\u00e9 sur \u00ab Cr\u00e9er un compte\u00bb, vous serez redirig\u00e9 vers la plateforme Web de Plus500. Pour poursuivre la cr\u00e9ation du compte, cliquez sur \u00ab Commencer \u00bb. Vous serez alors conduit sur une page o\u00f9 il suffira de cliquer sur le bouton \u00ab C&rsquo;est parti ! \u00bb pour continuer.<img decoding=\"async\" class=\"aligncenter\" src=\"https:\/\/www.bestbrokers.com\/wp-content\/uploads\/2025\/02\/plus500-registration-4.webp\" alt=\"Plus500 Registration Step 4\" \/><\/li>\n<li>S\u00e9lectionnez votre pays de r\u00e9sidence.<img decoding=\"async\" class=\"aligncenter\" src=\"https:\/\/www.bestbrokers.com\/wp-content\/uploads\/2025\/02\/plus500-registration-5.webp\" alt=\"Plus500 Registration Step 5\" \/><\/li>\n<li>Si votre nationalit\u00e9 et votre lieu de naissance sont identiques, cochez la case pr\u00e9vue \u00e0 cet effet et passez \u00e0 la section suivante.<img decoding=\"async\" class=\"aligncenter\" src=\"https:\/\/www.bestbrokers.com\/wp-content\/uploads\/2025\/02\/plus500-registration-6.webp\" alt=\"Plus500 Registration Step 6\" \/><\/li>\n<li>Vous devrez ensuite fournir \u00e0 Plus500 des informations personnelles telles que vos pr\u00e9noms et nom de famille. Indiquez ensuite votre date de naissance, puis poursuivez.<img decoding=\"async\" class=\"aligncenter\" src=\"https:\/\/www.bestbrokers.com\/wp-content\/uploads\/2025\/02\/plus500-registration-7.webp\" alt=\"Plus500 Registration Step 7\" \/><\/li>\n<li>Saisissez votre num\u00e9ro de t\u00e9l\u00e9phone.<img decoding=\"async\" class=\"aligncenter\" src=\"https:\/\/www.bestbrokers.com\/wp-content\/uploads\/2025\/02\/plus500-registration-8.webp\" alt=\"Plus500 Registration Step 8\" \/><\/li>\n<li>Confirmez que vous payez vos imp\u00f4ts dans votre pays de r\u00e9sidence et indiquez si vous \u00eates r\u00e9sident des \u00c9tats-Unis.<img decoding=\"async\" class=\"aligncenter\" src=\"https:\/\/www.bestbrokers.com\/wp-content\/uploads\/2025\/02\/plus500-registration-9.webp\" alt=\"Plus500 Registration Step 9\" \/><\/li>\n<li>Renseignez votre adresse : rue, ville et code postal.<img decoding=\"async\" class=\"aligncenter\" src=\"https:\/\/www.bestbrokers.com\/wp-content\/uploads\/2025\/02\/plus500-registration-10.webp\" alt=\"Plus500 Registration Step 10\" \/><\/li>\n<li>Vous devez maintenant remplir le questionnaire \u00ab \u00c9valuation du march\u00e9 cible et de la pertinence \u00bb, comportant des questions sur vos connaissances en mati\u00e8re de trading.<img decoding=\"async\" class=\"aligncenter\" src=\"https:\/\/www.bestbrokers.com\/wp-content\/uploads\/2025\/02\/plus500-registration-11.webp\" alt=\"Plus500 Registration Step 11\" \/><\/li>\n<li>Les questions suivantes servent \u00e0 \u00e9valuer votre exp\u00e9rience de trading, en particulier le nombre de fois o\u00f9 vous avez n\u00e9goci\u00e9 certains produits au cours de l\u2019ann\u00e9e \u00e9coul\u00e9e. Plus500 pr\u00e9cise qu\u2019il faut uniquement compter les op\u00e9rations r\u00e9alis\u00e9es sans l\u2019aide d\u2019un professionnel.<img decoding=\"async\" class=\"aligncenter\" src=\"https:\/\/www.bestbrokers.com\/wp-content\/uploads\/2025\/02\/plus500-registration-12.webp\" alt=\"Plus500 Registration Step 12\" \/><\/li>\n<li>Plus500 vous interrogera ensuite sur votre parcours scolaire ainsi que sur votre \u00e9ventuel statut de professionnel qualifi\u00e9 du secteur des services financiers justifiant d\u2019au moins trois ans d\u2019exp\u00e9rience.<img decoding=\"async\" class=\"aligncenter\" src=\"https:\/\/www.bestbrokers.com\/wp-content\/uploads\/2025\/02\/plus500-registration-13.webp\" alt=\"Plus500 Registration Step 13\" \/><\/li>\n<li>Indiquez votre situation professionnelle et pr\u00e9cisez si vous \u00eates une personne politiquement expos\u00e9e.<img decoding=\"async\" class=\"aligncenter\" src=\"https:\/\/www.bestbrokers.com\/wp-content\/uploads\/2025\/02\/plus500-registration-14.webp\" alt=\"Plus500 Registration Step 14\" \/><\/li>\n<li>\u00c0 cette \u00e9tape, vous devez communiquer \u00e0 Plus500 votre revenu annuel, vos \u00e9conomies, l\u2019origine des fonds que vous souhaitez utiliser pour le trading ainsi que votre revenu net annuel disponible.<img decoding=\"async\" class=\"aligncenter\" src=\"https:\/\/www.bestbrokers.com\/wp-content\/uploads\/2025\/02\/plus500-registration-15.webp\" alt=\"Plus500 Registration Step 15\" \/><\/li>\n<li>Pr\u00e9cisez vos principaux objectifs de trading et choisissez l\u2019option qui d\u00e9crit le mieux votre tol\u00e9rance au risque.<img decoding=\"async\" class=\"aligncenter\" src=\"https:\/\/www.bestbrokers.com\/wp-content\/uploads\/2025\/02\/plus500-registration-16.webp\" alt=\"Plus500 Registration Step 16\" \/><\/li>\n<li>Acceptez les conditions g\u00e9n\u00e9rales de Plus500. Vous serez alors redirig\u00e9 vers la page de d\u00e9p\u00f4t.<img decoding=\"async\" class=\"aligncenter\" src=\"https:\/\/www.bestbrokers.com\/wp-content\/uploads\/2025\/02\/plus500-registration-17.webp\" alt=\"Plus500 Registration Step 17\" \/><\/li>\n<li>Vous pouvez d\u00e8s \u00e0 pr\u00e9sent approvisionner votre compte via Google Pay, PayPal ou virement bancaire ; vous pouvez toutefois passer cette \u00e9tape et poursuivre directement la v\u00e9rification.<img decoding=\"async\" class=\"aligncenter\" src=\"https:\/\/www.bestbrokers.com\/wp-content\/uploads\/2025\/02\/plus500-registration-18.webp\" alt=\"Plus500 Registration Step 18\" \/><\/li>\n<\/ol>\n<h2 id=\"verification\"><i class=\"ico ico--approve\"><\/i>V\u00e9rification de compte sur Plus500 \u2013 environ 5 minutes<\/h2>\n<p>Sur Plus500, vous devez v\u00e9rifier vos informations personnelles et prouver que les fonds que vous souhaitez d\u00e9poser vous appartiennent. La proc\u00e9dure exacte varie selon le moyen de paiement choisi. Pour les cartes de cr\u00e9dit\/d\u00e9bit, Plus500 demande une photo d\u2019un relev\u00e9 de carte, d\u2019un document \u00e9mis par votre banque ou de la carte elle-m\u00eame. Pour un virement bancaire, il faudra fournir une photo d\u2019un relev\u00e9 bancaire ou d\u2019un justificatif de paiement. Les transferts via portefeuille \u00e9lectronique sont v\u00e9rifi\u00e9s en ligne.<\/p>\n<p>Pour la v\u00e9rification d\u2019identit\u00e9, les \u00e9tapes sont les suivantes :<\/p>\n<ol class=\"list list--steps\">\n<li>Pour acc\u00e9der \u00e0 la page de v\u00e9rification, cliquez sur le bouton Menu en haut \u00e0 gauche, ouvrez le menu d\u00e9roulant \u00ab Compte \u00bb, puis s\u00e9lectionnez \u00ab V\u00e9rifier le compte \u00bb.<br \/>\n<img decoding=\"async\" class=\"aligncenter\" src=\"https:\/\/www.bestbrokers.com\/wp-content\/uploads\/2025\/02\/plus500-registration-19.webp\" alt=\"Plus500 Registration Step 19\" \/><\/li>\n<li>La premi\u00e8re \u00e9tape consiste \u00e0 v\u00e9rifier votre pi\u00e8ce d\u2019identit\u00e9. Vous devrez t\u00e9l\u00e9charger deux photos (recto et verso de votre carte) depuis votre ordinateur ou votre smartphone.<img decoding=\"async\" class=\"aligncenter\" src=\"https:\/\/www.bestbrokers.com\/wp-content\/uploads\/2025\/02\/plus500-registration-20.webp\" alt=\"Plus500 Registration Step 20\" \/><\/li>\n<li>Si vous devez fournir une pi\u00e8ce d\u2019identit\u00e9 suppl\u00e9mentaire, la proc\u00e9dure est identique.<img decoding=\"async\" class=\"aligncenter\" src=\"https:\/\/www.bestbrokers.com\/wp-content\/uploads\/2025\/02\/plus500-registration-21.webp\" alt=\"Plus500 Registration Step 21\" \/><\/li>\n<li>\u00c9tape suivante : prendre un selfie faisant appara\u00eetre la date de l\u2019envoi.<img decoding=\"async\" class=\"aligncenter\" src=\"https:\/\/www.bestbrokers.com\/wp-content\/uploads\/2025\/02\/plus500-registration-22.webp\" alt=\"Plus500 Registration Step 22\" \/><\/li>\n<li>Si vous disposez d\u2019un identifiant national client, saisissez-le dans le champ pr\u00e9vu.<img decoding=\"async\" class=\"aligncenter\" src=\"https:\/\/www.bestbrokers.com\/wp-content\/uploads\/2025\/02\/plus500-registration-23.webp\" alt=\"Plus500 Registration Step 23\" \/><\/li>\n<li>V\u00e9rifiez ensuite votre t\u00e9l\u00e9phone : vous pouvez choisir une v\u00e9rification par SMS ou par appel.<img decoding=\"async\" class=\"aligncenter\" src=\"https:\/\/www.bestbrokers.com\/wp-content\/uploads\/2025\/02\/plus500-registration-24.webp\" alt=\"Plus500 Registration Step 24\" \/><\/li>\n<li>Enfin, validez votre adresse e-mail \u00e0 l\u2019aide d\u2019un code \u00e0 saisir dans le champ d\u00e9di\u00e9.<img decoding=\"async\" class=\"aligncenter\" src=\"https:\/\/www.bestbrokers.com\/wp-content\/uploads\/2025\/02\/plus500-registration-25.webp\" alt=\"Plus500 Registration Step 25\" \/><\/li>\n<\/ol>\n<h2 id=\"conclusion\"><i class=\"ico ico--pen\"><\/i>Conclusion<\/h2>\n<p>En r\u00e9sum\u00e9, la cr\u00e9ation d\u2019un compte Plus500 comporte de nombreuses \u00e9tapes mais reste assez simple. La saisie des informations n\u00e9cessaires ne prend pas plus de 10 minutes. Gardez toutefois \u00e0 l\u2019esprit que la v\u00e9rification des documents n\u2019est pas instantan\u00e9e du c\u00f4t\u00e9 de Plus500 : un membre de notre \u00e9quipe a attendu environ 30 minutes pour la validation de sa carte d\u2019identit\u00e9, ce qui est toutefois plut\u00f4t rapide.<\/p>\n","protected":false},"excerpt":{"rendered":"<p>Types de comptes propos\u00e9s par Plus500 Selon leurs objectifs de trading, les amateurs de Forex peuvent ouvrir soit un compte CFD de d\u00e9tail sur Plus500, soit opter pour l\u2019offre r\u00e9serv\u00e9e aux professionnels, \u00e0 condition de remplir certains crit\u00e8res d\u2019\u00e9ligibilit\u00e9. Contrairement \u00e0 certains concurrents qui proposent des comptes de d\u00e9monstration distincts, la plateforme de Plus500 dispose [&hellip;]<\/p>\n","protected":false},"author":2,"featured_media":0,"parent":11729,"menu_order":0,"comment_status":"closed","ping_status":"closed","template":"templates\/review.php","meta":{"footnotes":""},"class_list":["post-59608","page","type-page","status-publish","hentry"],"aioseo_notices":[],"_links":{"self":[{"href":"https:\/\/www.bestbrokers.com\/fr\/wp-json\/wp\/v2\/pages\/59608","targetHints":{"allow":["GET"]}}],"collection":[{"href":"https:\/\/www.bestbrokers.com\/fr\/wp-json\/wp\/v2\/pages"}],"about":[{"href":"https:\/\/www.bestbrokers.com\/fr\/wp-json\/wp\/v2\/types\/page"}],"author":[{"embeddable":true,"href":"https:\/\/www.bestbrokers.com\/fr\/wp-json\/wp\/v2\/users\/2"}],"replies":[{"embeddable":true,"href":"https:\/\/www.bestbrokers.com\/fr\/wp-json\/wp\/v2\/comments?post=59608"}],"version-history":[{"count":7,"href":"https:\/\/www.bestbrokers.com\/fr\/wp-json\/wp\/v2\/pages\/59608\/revisions"}],"predecessor-version":[{"id":71822,"href":"https:\/\/www.bestbrokers.com\/fr\/wp-json\/wp\/v2\/pages\/59608\/revisions\/71822"}],"up":[{"embeddable":true,"href":"https:\/\/www.bestbrokers.com\/fr\/wp-json\/wp\/v2\/pages\/11729"}],"wp:attachment":[{"href":"https:\/\/www.bestbrokers.com\/fr\/wp-json\/wp\/v2\/media?parent=59608"}],"curies":[{"name":"wp","href":"https:\/\/api.w.org\/{rel}","templated":true}]}}