{"id":59609,"date":"2025-03-19T09:33:26","date_gmt":"2025-03-19T09:33:26","guid":{"rendered":"https:\/\/www.bestbrokers.com\/?page_id=59609"},"modified":"2025-10-22T13:20:31","modified_gmt":"2025-10-22T13:20:31","slug":"account-opening","status":"publish","type":"page","link":"https:\/\/www.bestbrokers.com\/fr\/reviews\/fxpro\/account-opening\/","title":{"rendered":"Comment cr\u00e9er un compte sur FxPro"},"content":{"rendered":"<div class=\"author-line\">\u00c9crit par <span class=\"author\">Zornitsa Stefanova<div class=\"author-sub-box\"><div class=\"author-avatar\"><img decoding=\"async\" src=\"https:\/\/www.bestbrokers.com\/wp-content\/uploads\/2024\/09\/zornica-stefanova.jpeg\" \/><\/div><div class=\"author-info-wrapper\"><div class=\"author-name\"><a href=\"https:\/\/www.bestbrokers.com\/fr\/authors\/zornitsa-stefanova\/\">Zornitsa Stefanova<\/a><\/div><div class=\"author-bio\">Zornitsa Stefanova est une analyste exp\u00e9riment\u00e9e dans le domaine du Forex et des cryptomonnaies.  Elle couvre \u00e9galement divers sujets financiers tels que le trading d\u2019actions et les investissements pour la retraite.<\/div><\/div><\/div><\/span>,  <a rel=\"nofollow\" target=\"_blank\" href=\"https:\/\/www.linkedin.com\/in\/zornica-stefanova-73ab39287\/\"><img decoding=\"async\" class=\"social-icon\" src=\"https:\/\/www.bestbrokers.com\/wp-content\/themes\/best-brokers\/assets\/images\/icon-linkedin.svg\" data-no-lazy=\"1\"><\/a> <span class=\"sep\">|<\/span> Traduit par <span class=\"author\">Agnes Orieux<div class=\"author-sub-box\"><div class=\"author-info-wrapper\"><div class=\"author-name\"><a href=\"https:\/\/www.bestbrokers.com\/fr\/authors\/agnes-orieux\/\">Agnes Orieux<\/a><\/div><div class=\"author-bio\">Agnes Orieux est une traductrice et r\u00e9dactrice de l'anglais vers le fran\u00e7ais, avec une exp\u00e9rience dans les march\u00e9s financiers. Elle est la r\u00e9dactrice principale de la version fran\u00e7aise de BestBrokers.com.<\/div><\/div><\/div><\/span> <span class=\"sep\">|<\/span> Mis \u00e0 jour : <time class=\"entry-date\" datetime=\"2025-10-22T13:20:31+00:00\">octobre 22, 2025<\/time><\/div>\n<h2 id=\"brief\"><i class=\"ico ico--assets\"><\/i>Types de compte propos\u00e9s par FxPro<\/h2>\n<p>FxPro est un courtier r\u00e9put\u00e9, adapt\u00e9 aussi bien aux d\u00e9butants qu\u2019aux traders exp\u00e9riment\u00e9s. Les premiers peuvent s\u2019entra\u00eener sur un compte d\u00e9mo ou choisir un compte Standard MT4\/5, qui propose des spreads Forex \u00e0 partir de 1,2 pip et permet d\u2019utiliser les logiciels MetaQuotes, FxPro Webtrader ou l\u2019application mobile du courtier. La taille minimale d\u2019ordre est de 0,01 lot.<\/p>\n<p>Quant aux traders qui recherchent des spreads plus serr\u00e9s et n\u2019ont pas peur de payer des commissions, ils peuvent opter pour un compte Raw+. Dans ce cas, les spreads Forex peuvent descendre jusqu\u2019\u00e0 0 pip, mais il faut tenir compte d\u2019une commission de 3,5 USD par c\u00f4t\u00e9. Le trading en micro-lot est \u00e9galement disponible, et le choix de plateformes est identique \u00e0 celui propos\u00e9 aux d\u00e9tenteurs d\u2019un compte Standard.<\/p>\n<p>Si vous ne souhaitez pas utiliser les plateformes pr\u00e9cit\u00e9es, vous pouvez choisir le compte cTrader de FxPro. Ce type de compte donne acc\u00e8s \u00e0 plus de 55 indicateurs techniques, \u00e0 une interface conviviale et \u00e0 bien d\u2019autres fonctionnalit\u00e9s.<\/p>\n<p>Il existe \u00e9galement FxPro VIP, un compte qui inclut un VPS gratuit, des commissions r\u00e9duites (remise jusqu\u2019\u00e0 30 % sur la plateforme cTrader), une ex\u00e9cution inf\u00e9rieure \u00e0 13 millisecondes et d\u2019autres avantages. Il convient \u00e9galement de noter que FxPro propose un compte professionnel.<\/p>\n\n\t\t\t\t<div class=\"table\">\n\t\t\t\t\t<table class=\"table table-striped table-bordered\">\n\t\t\t\t\t\t<tr>\n\t\t\t\t\t\t\t<td style=\"width: 250px;\"><strong>Compte d\u00e9mo<\/strong><\/td>\n\t\t\t\t\t\t\t<td><img decoding=\"async\" width=\"24\" height=\"24\" src=\"\/wp-content\/themes\/best-brokers\/assets\/images\/ico-check.svg\" alt=\"Available\" \/><\/td>\n\t\t\t\t\t\t<\/tr>\n\t\t\t\t\t\t<tr>\n\t\t\t\t\t\t\t<td><strong>Islamic Account<\/strong><\/td>\n\t\t\t\t\t\t\t<td><img decoding=\"async\" width=\"24\" height=\"24\" src=\"\/wp-content\/themes\/best-brokers\/assets\/images\/ico-check.svg\" alt=\"Available\" \/><\/td>\n\t\t\t\t\t\t<\/tr>\n\t\t\t\t\t\t<tr>\n\t\t\t\t\t\t\t<td><strong>Compte ECN<\/strong><\/td>\n\t\t\t\t\t\t\t<td><img decoding=\"async\" width=\"24\" height=\"24\" src=\"\/wp-content\/themes\/best-brokers\/assets\/images\/ico-xmark.svg\" alt=\"Not Available\" \/><\/td>\n\t\t\t\t\t\t<\/tr>\n\t\t\t\t\t\t<tr>\n\t\t\t\t\t\t\t<td><strong>Compte pro<\/strong><\/td>\n\t\t\t\t\t\t\t<td><img decoding=\"async\" width=\"24\" height=\"24\" src=\"\/wp-content\/themes\/best-brokers\/assets\/images\/ico-check.svg\" alt=\"Available\" \/><\/td>\n\t\t\t\t\t\t<\/tr>\n\t\t\t\t\t\t<tr>\n\t\t\t\t\t\t\t<td><strong>MAM Account<\/strong><\/td>\n\t\t\t\t\t\t\t<td><img decoding=\"async\" width=\"24\" height=\"24\" src=\"\/wp-content\/themes\/best-brokers\/assets\/images\/ico-check.svg\" alt=\"Available\" \/><\/td>\n\t\t\t\t\t\t<\/tr>\n\t\t\t\t\t<\/table>\n\t\t\t\t<\/div>\n\t\t\t\n<h2 id=\"deposit\"><i class=\"ico ico--money-supply\"><\/i>Conditions de d\u00e9p\u00f4t minimum<\/h2>\n<p>Si vous ne souhaitez pas effectuer un d\u00e9p\u00f4t important pour commencer \u00e0 n\u00e9gocier mais que vous voulez tout de m\u00eame ouvrir un compte r\u00e9el, le compte Standard de FxPro sera id\u00e9al. FxPro n\u2019impose pas de d\u00e9p\u00f4t minimum, m\u00eame si, dans sa section FAQ, le courtier recommande de commencer avec 1 000 USD de capital.<\/p>\n<p>En revanche, si vous ouvrez un compte Raw+, vous devrez d\u00e9poser au moins 250 USD. Il convient de rappeler que les comptes Raw+ offrent des spreads plus bas, raison pour laquelle de nombreux traders ne seront pas rebut\u00e9s par cette exigence de d\u00e9p\u00f4t minimum.<\/p>\n<p>Le compte le plus difficile d\u2019acc\u00e8s est sans conteste le compte FxPro VIP. Pour b\u00e9n\u00e9ficier de ses nombreux avantages, il faut d\u00e9poser au minimum 50 000 USD.<\/p>\n<h2 id=\"instruments\"><i class=\"ico ico--common-technical-analysis-tools\"><\/i>Instruments n\u00e9gociables<\/h2>\n<p>En mati\u00e8re de march\u00e9s, les utilisateurs de FxPro peuvent n\u00e9gocier des CFD sur le Forex, les actions, l\u2019\u00e9nergie, les cryptomonnaies, les indices, les futures, les m\u00e9taux et les ETF. Cette offre vari\u00e9e saura r\u00e9pondre aux attentes de la plupart des traders. La section Forex comprend des dizaines de paires de devises ; EUR\/USD, GBP\/USD et AUD\/NZD n\u2019en sont que quelques exemples.<\/p>\n<h2 id=\"steps\"><i class=\"ico ico--account\"><\/i>Ouverture d\u2019un compte sur FxPro \u2013 environ 5 minutes (compte d\u00e9mo)<\/h2>\n<p>Si vous souhaitez ouvrir un compte FxPro, vous serez heureux d\u2019apprendre que la proc\u00e9dure est rapide. Les \u00e9tapes suivantes vous guideront pas \u00e0 pas :<\/p>\n<ol class=\"list list--steps\">\n<li>Visitez la page d\u2019accueil de FxPro et cliquez sur le bouton \u00ab Inscrivez-vous \u00bb.<img decoding=\"async\" class=\"aligncenter\" src=\"https:\/\/www.bestbrokers.com\/wp-content\/uploads\/2025\/02\/fxpro-registration-1.webp\" alt=\"FxPro Registration Step 1\" \/><\/li>\n<li>S\u00e9lectionnez votre pays de r\u00e9sidence, saisissez votre e-mail et cr\u00e9ez un mot de passe s\u00e9curis\u00e9.<img decoding=\"async\" class=\"aligncenter\" src=\"https:\/\/www.bestbrokers.com\/wp-content\/uploads\/2025\/02\/fxpro-registration-2.webp\" alt=\"FxPro Registration Step 2\" \/><\/li>\n<li>Indiquez ensuite vos pr\u00e9nom, nom, date de naissance et num\u00e9ro de t\u00e9l\u00e9phone.<img decoding=\"async\" class=\"aligncenter\" src=\"https:\/\/www.bestbrokers.com\/wp-content\/uploads\/2025\/02\/fxpro-registration-3.webp\" alt=\"FxPro Registration Step 3\" \/><\/li>\n<li>Ici, vous devez pr\u00e9ciser votre nationalit\u00e9 et si vous \u00eates r\u00e9sident am\u00e9ricain.<img decoding=\"async\" class=\"aligncenter\" src=\"https:\/\/www.bestbrokers.com\/wp-content\/uploads\/2025\/02\/fxpro-registration-4.webp\" alt=\"FxPro Registration Step 4\" \/><\/li>\n<li>Vous devez ensuite saisir votre adresse de r\u00e9sidence, y compris le num\u00e9ro de rue, le code postal et la ville.<img decoding=\"async\" class=\"aligncenter\" src=\"https:\/\/www.bestbrokers.com\/wp-content\/uploads\/2025\/02\/fxpro-registration-5.webp\" alt=\"FxPro Registration Step 5\" \/><\/li>\n<li>Sur cette page, FxPro vous demandera votre situation professionnelle et votre niveau d\u2019\u00e9tudes. S\u00e9lectionnez les r\u00e9ponses appropri\u00e9es dans les menus d\u00e9roulants, puis cliquez sur \u00ab Enregistrer et continuer \u00bb.<img decoding=\"async\" class=\"aligncenter\" src=\"https:\/\/www.bestbrokers.com\/wp-content\/uploads\/2025\/02\/fxpro-registration-6.webp\" alt=\"FxPro Registration Step 6\" \/><\/li>\n<li>L\u2019\u00e9tape suivante consiste \u00e0 renseigner vos donn\u00e9es financi\u00e8res : revenu annuel, patrimoine net, origine des fonds et montant que vous pr\u00e9voyez de d\u00e9poser au cours des 12 prochains mois.<img decoding=\"async\" class=\"aligncenter\" src=\"https:\/\/www.bestbrokers.com\/wp-content\/uploads\/2025\/02\/fxpro-registration-7.webp\" alt=\"FxPro Registration Step 7\" \/><\/li>\n<li>Il s\u2019agit d\u2019un bref questionnaire sur vos connaissances en trading. Les questions portent sur l\u2019effet de levier et d\u2019autres aspects du trading, ainsi que sur votre exp\u00e9rience et votre tol\u00e9rance au risque. Une fois toutes les r\u00e9ponses renseign\u00e9es, passez \u00e0 l\u2019\u00e9tape suivante.<img decoding=\"async\" class=\"aligncenter\" src=\"https:\/\/www.bestbrokers.com\/wp-content\/uploads\/2025\/02\/fxpro-registration-8.webp\" alt=\"FxPro Registration Step 8\" \/><\/li>\n<li>Dans cette section, vous choisissez la devise de votre compte. Les options sont EUR, AUD, CHF, GBP et HUF. C\u2019est \u00e9galement ici que vous devez confirmer que vous acceptez les risques du trading et que vous approuvez le Contrat client et les politiques de FxPro.<img decoding=\"async\" class=\"aligncenter\" src=\"https:\/\/www.bestbrokers.com\/wp-content\/uploads\/2025\/02\/fxpro-registration-9.webp\" alt=\"FxPro Registration Step 9\" \/><\/li>\n<li>Vous arrivez maintenant sur la page de v\u00e9rification. Vous pouvez consulter la section V\u00e9rification FxPro pour en savoir plus sur la proc\u00e9dure.<img decoding=\"async\" class=\"aligncenter\" src=\"https:\/\/www.bestbrokers.com\/wp-content\/uploads\/2025\/02\/fxpro-registration-10.webp\" alt=\"FxPro Registration Step 10\" \/><\/li>\n<li>Une fois votre compte v\u00e9rifi\u00e9, vous pouvez acc\u00e9der \u00e0 votre espace client. Un compte Standard en mode hedging y est d\u00e9j\u00e0 cr\u00e9\u00e9, mais vous pouvez d\u2019abord ouvrir un compte d\u00e9mo si vous le souhaitez. Dans la page Comptes, s\u00e9lectionnez Comptes d\u00e9mo, puis cliquez sur \u00ab Cr\u00e9er un nouveau compte \u00bb.<img decoding=\"async\" class=\"aligncenter\" src=\"https:\/\/www.bestbrokers.com\/wp-content\/uploads\/2025\/02\/fxpro-registration-11.webp\" alt=\"FxPro Registration Step 11\" \/><\/li>\n<li>La seule option de compte d\u00e9mo est FxPro Raw+. Apr\u00e8s avoir consult\u00e9 ses caract\u00e9ristiques, cliquez sur le bouton \u00ab Continuer avec Raw+ D\u00e9mo \u00bb.<img decoding=\"async\" class=\"aligncenter\" src=\"https:\/\/www.bestbrokers.com\/wp-content\/uploads\/2025\/02\/fxpro-registration-12.webp\" alt=\"FxPro Registration Step 12\" \/><\/li>\n<li>Indiquez le montant de fonds virtuels que vous souhaitez dans votre solde d\u00e9mo, choisissez entre Netting et Hedging, puis cliquez sur \u00ab Cr\u00e9er un compte d\u00e9mo \u00bb. Votre compte d\u00e9mo est alors pr\u00eat.<img decoding=\"async\" class=\"aligncenter\" src=\"https:\/\/www.bestbrokers.com\/wp-content\/uploads\/2025\/02\/fxpro-registration-13.webp\" alt=\"FxPro Registration Step 13\" \/><\/li>\n<\/ol>\n<h2 id=\"verification\"><i class=\"ico ico--approve\"><\/i>V\u00e9rification sur FxPro (environ 4 minutes)<\/h2>\n<p>La plateforme de FxPro simplifie la pr\u00e9sentation de vos documents de v\u00e9rification. Suivez les \u00e9tapes ci-dessous pour y parvenir.<\/p>\n<ol class=\"list list--steps\">\n<li>De retour sur la page de v\u00e9rification, vous pouvez utiliser le code QR pour poursuivre la v\u00e9rification sur mobile ou rester sur le navigateur de votre ordinateur. \u00c0 la page suivante, cliquez sur Continuer.\n<p><img decoding=\"async\" class=\"aligncenter\" src=\"https:\/\/www.bestbrokers.com\/wp-content\/uploads\/2025\/02\/fxpro-registration-14.webp\" alt=\"FxPro Registration Step 14\" \/><\/li>\n<li>Ici, FxPro pr\u00e9cise que son \u00e9quipe a besoin que vous t\u00e9l\u00e9versiez une pi\u00e8ce d\u2019identit\u00e9 et r\u00e9alisiez un contr\u00f4le de pr\u00e9sence. Cliquez sur le bouton \u00ab Continuer sur le t\u00e9l\u00e9phone \u00bb.<img decoding=\"async\" class=\"aligncenter\" src=\"https:\/\/www.bestbrokers.com\/wp-content\/uploads\/2025\/02\/fxpro-registration-15.webp\" alt=\"FxPro Registration Step 15\" \/><\/li>\n<li>Scannez le code QR fourni et poursuivez la v\u00e9rification sur votre smartphone. Munissez-vous d\u2019un document d\u2019identit\u00e9 (carte nationale, passeport ou permis de conduire). Un justificatif de domicile est \u00e9galement requis, sous la forme d\u2019une facture de services publics datant de moins de six mois. Vous devrez en outre effectuer un contr\u00f4le de pr\u00e9sence via la cam\u00e9ra du t\u00e9l\u00e9phone. Une fois termin\u00e9, l\u2019\u00e9quipe de FxPro examinera vos documents.<img decoding=\"async\" class=\"aligncenter\" src=\"https:\/\/www.bestbrokers.com\/wp-content\/uploads\/2025\/02\/fxpro-registration-16.webp\" alt=\"FxPro Registration Step 16\" \/><\/li>\n<li>Dans la page Comptes, s\u00e9lectionnez la cat\u00e9gorie Comptes de trading et cliquez sur \u00ab Cr\u00e9er un nouveau compte \u00bb.<img decoding=\"async\" class=\"aligncenter\" src=\"https:\/\/www.bestbrokers.com\/wp-content\/uploads\/2025\/02\/fxpro-registration-17.webp\" alt=\"FxPro Registration Step 17\" \/><\/li>\n<li>Si vous souhaitez ouvrir un compte de trading, vous pourrez choisir entre FxPro Standard et FxPro Raw+.<img decoding=\"async\" class=\"aligncenter\" src=\"https:\/\/www.bestbrokers.com\/wp-content\/uploads\/2025\/02\/fxpro-registration-18.webp\" alt=\"FxPro Registration Step 18\" \/><\/li>\n<li>Apr\u00e8s avoir s\u00e9lectionn\u00e9 le type de compte souhait\u00e9, r\u00e9duisez le niveau de levier si n\u00e9cessaire, choisissez la devise du compte, puis optez pour Netting ou Hedging dans la section M\u00e9thode d\u2019ex\u00e9cution. Cliquez ensuite sur \u00ab Cr\u00e9er un compte \u00bb. Notez que l\u2019\u00e9tat de ce compte sera en lecture seule si vous avez ignor\u00e9 la v\u00e9rification. Pour l\u2019activer, envoyez \u00e0 FxPro tous les documents requis et effectuez un d\u00e9p\u00f4t.<img decoding=\"async\" class=\"aligncenter\" src=\"https:\/\/www.bestbrokers.com\/wp-content\/uploads\/2025\/02\/fxpro-registration-19.webp\" alt=\"FxPro Registration Step 19\" \/><\/li>\n<\/ol>\n<h2 id=\"conclusion\"><i class=\"ico ico--pen\"><\/i>Conclusion<\/h2>\n<p>Dans l\u2019ensemble, notre \u00e9quipe n\u2019a rencontr\u00e9 aucun obstacle lors du test de la proc\u00e9dure d\u2019inscription chez FxPro. FxPro a rendu les \u00e9tapes n\u00e9cessaires simples et intuitives ; d\u2019apr\u00e8s notre exp\u00e9rience, toutes les actions peuvent \u00eatre r\u00e9alis\u00e9es en moins de dix minutes. La v\u00e9rification est \u00e9galement rapide, mais sachez que FxPro peut mettre un peu plus de temps \u00e0 examiner vos documents et \u00e0 les approuver ou \u00e0 vous demander de les renvoyer si quelque chose ne convient pas.<\/p>\n","protected":false},"excerpt":{"rendered":"<p>Types de compte propos\u00e9s par FxPro FxPro est un courtier r\u00e9put\u00e9, adapt\u00e9 aussi bien aux d\u00e9butants qu\u2019aux traders exp\u00e9riment\u00e9s. Les premiers peuvent s\u2019entra\u00eener sur un compte d\u00e9mo ou choisir un compte Standard MT4\/5, qui propose des spreads Forex \u00e0 partir de 1,2 pip et permet d\u2019utiliser les logiciels MetaQuotes, FxPro Webtrader ou l\u2019application mobile du [&hellip;]<\/p>\n","protected":false},"author":2,"featured_media":0,"parent":11970,"menu_order":0,"comment_status":"closed","ping_status":"closed","template":"templates\/review.php","meta":{"footnotes":""},"class_list":["post-59609","page","type-page","status-publish","hentry"],"aioseo_notices":[],"_links":{"self":[{"href":"https:\/\/www.bestbrokers.com\/fr\/wp-json\/wp\/v2\/pages\/59609","targetHints":{"allow":["GET"]}}],"collection":[{"href":"https:\/\/www.bestbrokers.com\/fr\/wp-json\/wp\/v2\/pages"}],"about":[{"href":"https:\/\/www.bestbrokers.com\/fr\/wp-json\/wp\/v2\/types\/page"}],"author":[{"embeddable":true,"href":"https:\/\/www.bestbrokers.com\/fr\/wp-json\/wp\/v2\/users\/2"}],"replies":[{"embeddable":true,"href":"https:\/\/www.bestbrokers.com\/fr\/wp-json\/wp\/v2\/comments?post=59609"}],"version-history":[{"count":6,"href":"https:\/\/www.bestbrokers.com\/fr\/wp-json\/wp\/v2\/pages\/59609\/revisions"}],"predecessor-version":[{"id":71829,"href":"https:\/\/www.bestbrokers.com\/fr\/wp-json\/wp\/v2\/pages\/59609\/revisions\/71829"}],"up":[{"embeddable":true,"href":"https:\/\/www.bestbrokers.com\/fr\/wp-json\/wp\/v2\/pages\/11970"}],"wp:attachment":[{"href":"https:\/\/www.bestbrokers.com\/fr\/wp-json\/wp\/v2\/media?parent=59609"}],"curies":[{"name":"wp","href":"https:\/\/api.w.org\/{rel}","templated":true}]}}