{"id":59610,"date":"2025-03-19T09:33:26","date_gmt":"2025-03-19T09:33:26","guid":{"rendered":"https:\/\/www.bestbrokers.com\/?page_id=59610"},"modified":"2025-10-22T13:20:37","modified_gmt":"2025-10-22T13:20:37","slug":"account-opening","status":"publish","type":"page","link":"https:\/\/www.bestbrokers.com\/fr\/reviews\/oanda\/account-opening\/","title":{"rendered":"Comment cr\u00e9er un compte sur OANDA"},"content":{"rendered":"<div class=\"author-line\">\u00c9crit par <span class=\"author\">Zornitsa Stefanova<div class=\"author-sub-box\"><div class=\"author-avatar\"><img decoding=\"async\" src=\"https:\/\/www.bestbrokers.com\/wp-content\/uploads\/2024\/09\/zornica-stefanova.jpeg\" \/><\/div><div class=\"author-info-wrapper\"><div class=\"author-name\"><a href=\"https:\/\/www.bestbrokers.com\/fr\/authors\/zornitsa-stefanova\/\">Zornitsa Stefanova<\/a><\/div><div class=\"author-bio\">Zornitsa Stefanova est une analyste exp\u00e9riment\u00e9e dans le domaine du Forex et des cryptomonnaies.  Elle couvre \u00e9galement divers sujets financiers tels que le trading d\u2019actions et les investissements pour la retraite.<\/div><\/div><\/div><\/span>,  <a rel=\"nofollow\" target=\"_blank\" href=\"https:\/\/www.linkedin.com\/in\/zornica-stefanova-73ab39287\/\"><img decoding=\"async\" class=\"social-icon\" src=\"https:\/\/www.bestbrokers.com\/wp-content\/themes\/best-brokers\/assets\/images\/icon-linkedin.svg\" data-no-lazy=\"1\"><\/a> <span class=\"sep\">|<\/span> Traduit par <span class=\"author\">Agnes Orieux<div class=\"author-sub-box\"><div class=\"author-info-wrapper\"><div class=\"author-name\"><a href=\"https:\/\/www.bestbrokers.com\/fr\/authors\/agnes-orieux\/\">Agnes Orieux<\/a><\/div><div class=\"author-bio\">Agnes Orieux est une traductrice et r\u00e9dactrice de l'anglais vers le fran\u00e7ais, avec une exp\u00e9rience dans les march\u00e9s financiers. Elle est la r\u00e9dactrice principale de la version fran\u00e7aise de BestBrokers.com.<\/div><\/div><\/div><\/span> <span class=\"sep\">|<\/span> Mis \u00e0 jour : <time class=\"entry-date\" datetime=\"2025-10-22T13:20:37+00:00\">octobre 22, 2025<\/time><\/div>\n<h2 id=\"brief\"><i class=\"ico ico--assets\"><\/i>Types de compte propos\u00e9s par OANDA<\/h2>\n<p>OANDA, un courtier dont les origines remontent aux ann\u00e9es 90, a beaucoup \u00e0 offrir aux passionn\u00e9s de Forex. Cela inclut une gamme impressionnante d\u2019instruments de trading et une excellente compatibilit\u00e9 mobile. Afin de r\u00e9pondre aux besoins des traders de tous niveaux, le courtier propose \u00e9galement plusieurs types de compte.<\/p>\n<p>Les traders inexp\u00e9riment\u00e9s et manquant g\u00e9n\u00e9ralement de confiance dans leurs comp\u00e9tences peuvent ouvrir un compte de d\u00e9monstration OANDA. Il permet aux d\u00e9butants qui souhaitent s\u2019entra\u00eener, de le faire sans risquer leur capital.<\/p>\n<p>Si vous souhaitez passer en r\u00e9el chez OANDA, vous pouvez choisir entre plusieurs options :<\/p>\n<ol class=\"list list--steps orange\">\n<li><strong>Basic :<\/strong> il s\u2019agit d\u2019un compte r\u00e9el qui dispose sur OANDA de spreads moyens sup\u00e9rieurs \u00e0 1 pip sur des paires telles que EUR\/USD et AUD\/USD. Le d\u00e9p\u00f4t est plafonn\u00e9 \u00e0 3 000 \u20ac pour les titulaires d\u2019un compte Basic.<\/li>\n<li><strong>Premium :<\/strong> Ceux qui pr\u00e9f\u00e8rent passer des ordres plus importants peuvent opter pour un compte Premium (d\u00e9p\u00f4ts compris entre 3 000 \u20ac et 10 000 \u20ac). Cette option b\u00e9n\u00e9ficie de spreads r\u00e9duits (jusqu\u2019\u00e0 30 %) et donne droit \u00e0 l\u2019utilisateur \u00e0 une ann\u00e9e d\u2019abonnement au plan Essential de Trading View. Elle inclut \u00e9galement un gestionnaire de compte d\u00e9di\u00e9.<\/li>\n<li><strong>Elite :<\/strong> le niveau de compte le plus \u00e9lev\u00e9 destin\u00e9 aux traders particuliers chez OANDA. Il constitue une option int\u00e9ressante pour les traders exp\u00e9riment\u00e9s, car il inclut un abonnement d\u2019un an au plan Plus de Trading View. Les clients qui choisissent ce type de compte peuvent d\u00e9poser 10 000 \u20ac ou plus. Comme pour le niveau pr\u00e9c\u00e9dent, le compte Elite inclut un gestionnaire de compte personnel. En plus d\u2019un volume de trading plus important, il propose \u00e9galement des spreads r\u00e9duits (jusqu\u2019\u00e0 30 % plus serr\u00e9s).<\/li>\n<\/ol>\n<p>Il convient de pr\u00e9ciser que tous les comptes r\u00e9els d\u00e9crits ci-dessus s\u2019adressent aux clients particuliers et limitent l\u2019effet de levier \u00e0 1:30. Les personnes qui souhaitent sp\u00e9culer avec un levier plus \u00e9lev\u00e9 peuvent demander le statut de client professionnel sur OANDA, ce qui porte le plafond de levier \u00e0 1:200, bien plus flexible. Pour en b\u00e9n\u00e9ficier, vous devez avoir une exp\u00e9rience professionnelle dans le secteur financier, disposer d\u2019un capital cons\u00e9quent (plus de 500 000 \u20ac) ou avoir effectu\u00e9 plus de 10 transactions par trimestre au cours des quatre trimestres pr\u00e9c\u00e9dents.<\/p>\n<p>Par ailleurs, les types de compte \u00e9voqu\u00e9s jusqu\u2019\u00e0 pr\u00e9sent concernent les utilisateurs enregistr\u00e9s aupr\u00e8s de l\u2019entit\u00e9 d\u2019OANDA r\u00e9glement\u00e9e par la KNF. Les traders hors UE peuvent disposer d\u2019options de compte alternatives qui s&rsquo;accompagnent de conditions de trading diff\u00e9rentes.<br \/>\n\n\t\t\t\t<div class=\"table\">\n\t\t\t\t\t<table class=\"table table-striped table-bordered\">\n\t\t\t\t\t\t<tr>\n\t\t\t\t\t\t\t<td style=\"width: 250px;\"><strong>Compte d\u00e9mo<\/strong><\/td>\n\t\t\t\t\t\t\t<td><img decoding=\"async\" width=\"24\" height=\"24\" src=\"\/wp-content\/themes\/best-brokers\/assets\/images\/ico-check.svg\" alt=\"Available\" \/><\/td>\n\t\t\t\t\t\t<\/tr>\n\t\t\t\t\t\t<tr>\n\t\t\t\t\t\t\t<td><strong>Islamic Account<\/strong><\/td>\n\t\t\t\t\t\t\t<td><img decoding=\"async\" width=\"24\" height=\"24\" src=\"\/wp-content\/themes\/best-brokers\/assets\/images\/ico-xmark.svg\" alt=\"Not Available\" \/><\/td>\n\t\t\t\t\t\t<\/tr>\n\t\t\t\t\t\t<tr>\n\t\t\t\t\t\t\t<td><strong>Compte ECN<\/strong><\/td>\n\t\t\t\t\t\t\t<td><img decoding=\"async\" width=\"24\" height=\"24\" src=\"\/wp-content\/themes\/best-brokers\/assets\/images\/ico-xmark.svg\" alt=\"Not Available\" \/><\/td>\n\t\t\t\t\t\t<\/tr>\n\t\t\t\t\t\t<tr>\n\t\t\t\t\t\t\t<td><strong>Compte pro<\/strong><\/td>\n\t\t\t\t\t\t\t<td><img decoding=\"async\" width=\"24\" height=\"24\" src=\"\/wp-content\/themes\/best-brokers\/assets\/images\/ico-check.svg\" alt=\"Available\" \/><\/td>\n\t\t\t\t\t\t<\/tr>\n\t\t\t\t\t\t<tr>\n\t\t\t\t\t\t\t<td><strong>MAM Account<\/strong><\/td>\n\t\t\t\t\t\t\t<td><img decoding=\"async\" width=\"24\" height=\"24\" src=\"\/wp-content\/themes\/best-brokers\/assets\/images\/ico-xmark.svg\" alt=\"Not Available\" \/><\/td>\n\t\t\t\t\t\t<\/tr>\n\t\t\t\t\t<\/table>\n\t\t\t\t<\/div>\n\t\t\t<\/p>\n<h2 id=\"deposit\"><i class=\"ico ico--money-supply\"><\/i>Exigences de d\u00e9p\u00f4t minimum sur le compte<\/h2>\n<p>Bien qu\u2019OANDA n\u2019impose pas d\u2019exigence g\u00e9n\u00e9rale concernant les transactions, des d\u00e9p\u00f4ts minimums s\u2019appliquent selon la m\u00e9thode d\u2019approvisionnement choisie. Si vous souhaitez d\u00e9poser via Visa ou Mastercard, par exemple, le montant ne peut pas \u00eatre inf\u00e9rieur \u00e0 25 \u20ac \/ 25 $. Nous insistons toutefois sur le fait qu\u2019une telle somme est loin d\u2019\u00eatre suffisante pour n\u00e9gocier des devises. \u00c0 titre d\u2019exemple, la valeur minimale d\u2019un ordre EUR\/USD sur OANDA est de 0,01 lot, soit 1 000 \u20ac.<\/p>\n<h2 id=\"instruments\"><i class=\"ico ico--common-technical-analysis-tools\"><\/i>Instruments n\u00e9gociables<\/h2>\n<p>Gr\u00e2ce \u00e0 un catalogue Forex contenant des CFD sur des paires telles que EUR\/USD, EUR\/JPY, USD\/CHF et des dizaines d\u2019autres, OANDA est un excellent courtier pour les investisseurs int\u00e9ress\u00e9s par le march\u00e9 des changes. Ceux qui privil\u00e9gient la vari\u00e9t\u00e9 des instruments ou pr\u00e9f\u00e8rent diversifier trouveront \u00e9galement leur compte, car des CFD sur mati\u00e8res premi\u00e8res, actions, indices, cryptomonnaies et ETF sont disponibles. L\u2019investissement direct dans des actions et des indices est aussi possible.<\/p>\n<h2 id=\"steps\"><i class=\"ico ico--account\"><\/i>Ouverture de compte sur OANDA \u2013 environ 2 minutes (compte d\u00e9mo)<\/h2>\n<p>Commen\u00e7ons par le processus de cr\u00e9ation d\u2019un compte d\u00e9mo. Contrairement \u00e0 l\u2019inscription pour un compte r\u00e9el, l\u2019ouverture d\u2019un compte d\u00e9mo est extr\u00eamement rapide et simple, ce qui permet aux d\u00e9butants de d\u00e9couvrir l\u2019offre d\u2019OANDA le plus vite possible.<\/p>\n<ol class=\"list list--steps\">\n<li>Rendez-vous sur la page d\u2019accueil d\u2019OANDA puis cliquez sur le bouton D\u00e9mo situ\u00e9 \u00e0 c\u00f4t\u00e9 des options de langue.<img decoding=\"async\" class=\"aligncenter\" src=\"https:\/\/www.bestbrokers.com\/wp-content\/uploads\/2025\/07\/new-oanda-homepage-registration.webp\" alt=\"OANDA Registration Step 8\" \/><\/li>\n<li>Saisissez votre adresse e-mail et votre num\u00e9ro de t\u00e9l\u00e9phone, puis cr\u00e9ez un mot de passe robuste. Une fois termin\u00e9, acceptez les conditions d\u2019OANDA et poursuivez en cliquant sur Ouvrir un compte d\u00e9mo.<img decoding=\"async\" class=\"aligncenter\" src=\"https:\/\/www.bestbrokers.com\/wp-content\/uploads\/2025\/02\/oanda-registration-2.webp\" alt=\"OANDA Registration Step 2\" \/><\/li>\n<li>OANDA vous demande alors de v\u00e9rifier votre courriel et d\u2019activer votre compte.<img decoding=\"async\" class=\"aligncenter\" src=\"https:\/\/www.bestbrokers.com\/wp-content\/uploads\/2025\/02\/oanda-registration-3.webp\" alt=\"OANDA Registration Step 3\" \/><\/li>\n<li>Le lien d\u2019activation ouvre une page affichant votre code de connexion. Pour continuer, cliquez sur le bouton Connexion.<img decoding=\"async\" class=\"aligncenter\" src=\"https:\/\/www.bestbrokers.com\/wp-content\/uploads\/2025\/02\/oanda-registration-4.webp\" alt=\"OANDA Registration Step 4\" \/><\/li>\n<li>Connectez-vous \u00e0 l\u2019aide du code fourni et de votre mot de passe.<img decoding=\"async\" class=\"aligncenter\" src=\"https:\/\/www.bestbrokers.com\/wp-content\/uploads\/2025\/02\/oanda-registration-5.webp\" alt=\"OANDA Registration Step 5\" \/><\/li>\n<li>Lisez l\u2019avertissement d\u2019OANDA concernant les risques li\u00e9s aux produits \u00e0 effet de levier. Si vous comprenez ces risques et souhaitez poursuivre, cliquez sur Accepter.<img decoding=\"async\" class=\"aligncenter\" src=\"https:\/\/www.bestbrokers.com\/wp-content\/uploads\/2025\/02\/oanda-registration-6.webp\" alt=\"OANDA Registration Step 6\" \/><\/li>\n<li>Votre compte d\u00e9mo est maintenant op\u00e9rationnel.<img decoding=\"async\" class=\"aligncenter\" src=\"https:\/\/www.bestbrokers.com\/wp-content\/uploads\/2025\/02\/oanda-registration-7.webp\" alt=\"OANDA Registration Step 7\" \/><\/li>\n<\/ol>\n<h2 id=\"verification\"><i class=\"ico ico--approve\"><\/i>Inscription et v\u00e9rification sur OANDA \u2013 environ 8 minutes (compte r\u00e9el)<\/h2>\n<p>Les passionn\u00e9s de trading qui envisagent de choisir OANDA comme courtier principal et qui souhaitent commencer \u00e0 n\u00e9gocier avec des fonds r\u00e9els sont invit\u00e9s \u00e0 suivre les \u00e9tapes ci-dessous.<\/p>\n<ol class=\"list list--steps\">\n<li>Sur la page d\u2019accueil d\u2019OANDA, cliquez sur le bouton \u00ab Ouvrir un compte \u00bb pour lancer la proc\u00e9dure d\u2019inscription.<img decoding=\"async\" class=\"aligncenter\" src=\"https:\/\/www.bestbrokers.com\/wp-content\/uploads\/2025\/07\/new-oanda-homepage-registration.webp\" alt=\"OANDA Registration Step 8\" \/><\/li>\n<li>S\u00e9lectionnez ensuite votre pays de r\u00e9sidence.<img decoding=\"async\" class=\"aligncenter\" src=\"https:\/\/www.bestbrokers.com\/wp-content\/uploads\/2025\/02\/oanda-registration-9.webp\" alt=\"OANDA Registration Step 9\" \/><\/li>\n<li>Saisissez votre adresse e-mail dans le champ pr\u00e9vu \u00e0 cet effet puis cliquez sur \u00ab Confirmer l\u2019e-mail \u00bb.<br \/>\n<img decoding=\"async\" class=\"aligncenter\" src=\"https:\/\/www.bestbrokers.com\/wp-content\/uploads\/2025\/02\/oanda-registration-10.webp\" alt=\"OANDA Registration Step 10\" \/><\/li>\n<li>Cr\u00e9ez un mot de passe s\u00e9curis\u00e9 et acceptez les conditions d\u2019utilisation d\u2019OANDA.<img decoding=\"async\" class=\"aligncenter\" src=\"https:\/\/www.bestbrokers.com\/wp-content\/uploads\/2025\/02\/oanda-registration-11.webp\" alt=\"OANDA Registration Step 11\" \/><\/li>\n<li>L\u2019\u00e9tape suivante consiste \u00e0 t\u00e9l\u00e9charger une photo de votre pi\u00e8ce d\u2019identit\u00e9 nationale ou de votre passeport. Vous pouvez le faire depuis votre ordinateur ou votre appareil mobile.<img decoding=\"async\" class=\"aligncenter\" src=\"https:\/\/www.bestbrokers.com\/wp-content\/uploads\/2025\/02\/oanda-registration-12.webp\" alt=\"OANDA Registration Step 12\" \/><\/li>\n<li>OANDA vous fournira des instructions pour t\u00e9l\u00e9charger une photo adapt\u00e9e \u00e0 la v\u00e9rification. En r\u00e8gle g\u00e9n\u00e9rale, il faut s\u2019assurer que les informations soient lisibles et qu\u2019aucun reflet ou ombre ne les masque.<img decoding=\"async\" class=\"aligncenter\" src=\"https:\/\/www.bestbrokers.com\/wp-content\/uploads\/2025\/02\/oanda-registration-13.webp\" alt=\"OANDA Registration Step 13\" \/><\/li>\n<li>Prenez maintenant la photo ou s\u00e9lectionnez-en une d\u00e9j\u00e0 enregistr\u00e9e dans la m\u00e9moire de votre appareil. Vous devrez r\u00e9aliser cette op\u00e9ration pour le recto et le verso du document. En cas de probl\u00e8me, OANDA vous demandera de choisir une autre image.<img decoding=\"async\" class=\"aligncenter\" src=\"https:\/\/www.bestbrokers.com\/wp-content\/uploads\/2025\/02\/oanda-registration-14.webp\" alt=\"OANDA Registration Step 14\" \/><\/li>\n<li>Si le t\u00e9l\u00e9chargement est r\u00e9ussi, cliquez sur \u00ab Suivant \u00bb pour continuer.<img decoding=\"async\" class=\"aligncenter\" src=\"https:\/\/www.bestbrokers.com\/wp-content\/uploads\/2025\/02\/oanda-registration-15.webp\" alt=\"OANDA Registration Step 15\" \/><\/li>\n<li>Sur la page Informations personnelles, vous retrouverez les donn\u00e9es issues du document t\u00e9l\u00e9charg\u00e9. V\u00e9rifiez chaque champ pour vous assurer que tout est exact, puis cliquez sur Suivant.<br \/>\n<img decoding=\"async\" class=\"aligncenter\" src=\"https:\/\/www.bestbrokers.com\/wp-content\/uploads\/2025\/02\/oanda-registration-16.webp\" alt=\"OANDA Registration Step 16\" \/><\/li>\n<li>Vous devez \u00e0 pr\u00e9sent v\u00e9rifier votre num\u00e9ro de t\u00e9l\u00e9phone.<br \/>\n<img decoding=\"async\" class=\"aligncenter\" src=\"https:\/\/www.bestbrokers.com\/wp-content\/uploads\/2025\/02\/oanda-registration-17.webp\" alt=\"OANDA Registration Step 17\" \/><\/li>\n<li>Vous recevrez un SMS sous quelques secondes. Saisissez le code, puis cliquez sur \u00ab Confirmer \u00bb.<br \/>\n<img decoding=\"async\" class=\"aligncenter\" src=\"https:\/\/www.bestbrokers.com\/wp-content\/uploads\/2025\/02\/oanda-registration-18.webp\" alt=\"OANDA Registration Step 18\" \/><\/li>\n<li>L\u2019\u00e9tape suivante consiste \u00e0 renseigner votre adresse.<br \/>\n<img decoding=\"async\" class=\"aligncenter\" src=\"https:\/\/www.bestbrokers.com\/wp-content\/uploads\/2025\/02\/oanda-registration-19.webp\" alt=\"OANDA Registration Step 19\" \/><\/li>\n<li>Sur cette page, vous devrez confirmer votre r\u00e9sidence fiscale et saisir votre num\u00e9ro d\u2019identification (NIF) ou \u00e9quivalent.<br \/>\n<img decoding=\"async\" class=\"aligncenter\" src=\"https:\/\/www.bestbrokers.com\/wp-content\/uploads\/2025\/02\/oanda-registration-20.webp\" alt=\"OANDA Registration Step 20\" \/><\/li>\n<li>Choisissez ensuite votre devise pr\u00e9f\u00e9r\u00e9e. Les options disponibles sont EUR, PLN, USD et CZK.<br \/>\n<img decoding=\"async\" class=\"aligncenter\" src=\"https:\/\/www.bestbrokers.com\/wp-content\/uploads\/2025\/02\/oanda-registration-21.webp\" alt=\"OANDA Registration Step 21\" \/><\/li>\n<li>La page suivante porte sur votre profil financier et concerne votre emploi, vos revenus et votre \u00e9pargne. Une fois renseign\u00e9e, cliquez sur \u00ab Suivant \u00bb.<br \/>\n<img decoding=\"async\" class=\"aligncenter\" src=\"https:\/\/www.bestbrokers.com\/wp-content\/uploads\/2025\/02\/oanda-registration-22.webp\" alt=\"OANDA Registration Step 22\" \/><\/li>\n<li>Sur la page \u00ab D\u00e9clarations \u00bb, OANDA vous demandera de pr\u00e9ciser si vous \u00eates contribuable am\u00e9ricain ou personne politiquement expos\u00e9e. Vous devrez \u00e9galement indiquer votre cat\u00e9gorie d\u2019utilisateur de donn\u00e9es. Lisez ensuite les documents relatifs au contrat de compte de trading et confirmez-en la lecture et l\u2019acceptation, puis passez \u00e0 l\u2019\u00e9tape suivante.<br \/>\n<img decoding=\"async\" class=\"aligncenter\" src=\"https:\/\/www.bestbrokers.com\/wp-content\/uploads\/2025\/02\/oanda-registration-23.webp\" alt=\"OANDA Registration Step 23\" \/><\/li>\n<li>Patientez pendant qu\u2019OANDA v\u00e9rifie vos informations.<br \/>\n<img decoding=\"async\" class=\"aligncenter\" src=\"https:\/\/www.bestbrokers.com\/wp-content\/uploads\/2025\/02\/oanda-registration-24.webp\" alt=\"OANDA Registration Step 24\" \/><\/li>\n<li>Remplissez le questionnaire d\u2019ad\u00e9quation portant sur vos connaissances du trading Forex et des CFD. Une fois termin\u00e9, confirmez la v\u00e9racit\u00e9 de vos r\u00e9ponses et cliquez sur \u00ab Envoyer \u00bb.<br \/>\n<img decoding=\"async\" class=\"aligncenter\" src=\"https:\/\/www.bestbrokers.com\/wp-content\/uploads\/2025\/02\/oanda-registration-25.webp\" alt=\"OANDA Registration Step 25\" \/><\/li>\n<li>Si votre profil est jug\u00e9 adapt\u00e9 \u00e0 un compte de trading r\u00e9el, OANDA vous permettra de poursuivre.<br \/>\n<img decoding=\"async\" class=\"aligncenter\" src=\"https:\/\/www.bestbrokers.com\/wp-content\/uploads\/2025\/02\/oanda-registration-26.webp\" alt=\"OANDA Registration Step 26\" \/><\/li>\n<li>Sur la page suivante, vous aurez la possibilit\u00e9 de d\u00e9poser des fonds sur votre nouveau compte. Vous pouvez toutefois ignorer cette \u00e9tape pour le moment.<br \/>\n<img decoding=\"async\" class=\"aligncenter\" src=\"https:\/\/www.bestbrokers.com\/wp-content\/uploads\/2025\/02\/oanda-registration-27.webp\" alt=\"OANDA Registration Step 27\" \/><\/li>\n<li>La derni\u00e8re page d\u2019inscription vous fournira un lien vers la zone client, accessible en cliquant sur \u00ab Suivant \u00bb.<br \/>\n<img decoding=\"async\" class=\"aligncenter\" src=\"https:\/\/www.bestbrokers.com\/wp-content\/uploads\/2025\/02\/oanda-registration-28.webp\" alt=\"OANDA Registration Step 28\" \/><\/li>\n<li>Vous avez termin\u00e9 la proc\u00e9dure d\u2019inscription. Il ne vous reste plus qu\u2019\u00e0 attendre que l\u2019\u00e9quipe d\u2019OANDA v\u00e9rifie vos documents. OANDA vous enverra \u00e9galement un courriel pr\u00e9cisant les pi\u00e8ces compl\u00e9mentaires \u00e9ventuelles. Notez que si vous effectuez un d\u00e9p\u00f4t par carte bancaire, OANDA vous demandera des photos de votre permis de conduire, passeport ou de ladite carte. Un justificatif de domicile r\u00e9cent (relev\u00e9 bancaire ou de carte, facture de services publics, document officiel ou avis d\u2019imposition) sera \u00e9galement requis.<br \/>\n<img decoding=\"async\" class=\"aligncenter\" src=\"https:\/\/www.bestbrokers.com\/wp-content\/uploads\/2025\/02\/oanda-registration-29.webp\" alt=\"OANDA Registration Step 29\" \/><\/li>\n<\/ol>\n<h2 id=\"conclusion\"><i class=\"ico ico--pen\"><\/i>Conclusion<\/h2>\n<p>Selon OANDA, la proc\u00e9dure d\u2019inscription prend environ 8 minutes. D\u2019apr\u00e8s notre exp\u00e9rience, cette estimation est globalement correcte, m\u00eame si elle peut \u00eatre l\u00e9g\u00e8rement plus longue si vous devez recharger vos documents ou rencontrer d\u2019autres petits contretemps. La v\u00e9rification par SMS a \u00e9galement \u00e9t\u00e9 tr\u00e8s rapide, OANDA ayant envoy\u00e9 le code \u00e0 notre \u00e9quipe en quelques secondes. Quant \u00e0 la validation des documents, elle peut \u00eatre finalis\u00e9e en une journ\u00e9e ou deux.<\/p>\n","protected":false},"excerpt":{"rendered":"<p>Types de compte propos\u00e9s par OANDA OANDA, un courtier dont les origines remontent aux ann\u00e9es 90, a beaucoup \u00e0 offrir aux passionn\u00e9s de Forex. Cela inclut une gamme impressionnante d\u2019instruments de trading et une excellente compatibilit\u00e9 mobile. Afin de r\u00e9pondre aux besoins des traders de tous niveaux, le courtier propose \u00e9galement plusieurs types de compte. [&hellip;]<\/p>\n","protected":false},"author":2,"featured_media":0,"parent":11958,"menu_order":0,"comment_status":"closed","ping_status":"closed","template":"templates\/review.php","meta":{"footnotes":""},"class_list":["post-59610","page","type-page","status-publish","hentry"],"aioseo_notices":[],"_links":{"self":[{"href":"https:\/\/www.bestbrokers.com\/fr\/wp-json\/wp\/v2\/pages\/59610","targetHints":{"allow":["GET"]}}],"collection":[{"href":"https:\/\/www.bestbrokers.com\/fr\/wp-json\/wp\/v2\/pages"}],"about":[{"href":"https:\/\/www.bestbrokers.com\/fr\/wp-json\/wp\/v2\/types\/page"}],"author":[{"embeddable":true,"href":"https:\/\/www.bestbrokers.com\/fr\/wp-json\/wp\/v2\/users\/2"}],"replies":[{"embeddable":true,"href":"https:\/\/www.bestbrokers.com\/fr\/wp-json\/wp\/v2\/comments?post=59610"}],"version-history":[{"count":7,"href":"https:\/\/www.bestbrokers.com\/fr\/wp-json\/wp\/v2\/pages\/59610\/revisions"}],"predecessor-version":[{"id":71830,"href":"https:\/\/www.bestbrokers.com\/fr\/wp-json\/wp\/v2\/pages\/59610\/revisions\/71830"}],"up":[{"embeddable":true,"href":"https:\/\/www.bestbrokers.com\/fr\/wp-json\/wp\/v2\/pages\/11958"}],"wp:attachment":[{"href":"https:\/\/www.bestbrokers.com\/fr\/wp-json\/wp\/v2\/media?parent=59610"}],"curies":[{"name":"wp","href":"https:\/\/api.w.org\/{rel}","templated":true}]}}