{"id":59611,"date":"2025-03-19T09:33:26","date_gmt":"2025-03-19T09:33:26","guid":{"rendered":"https:\/\/www.bestbrokers.com\/?page_id=59611"},"modified":"2025-10-22T13:20:28","modified_gmt":"2025-10-22T13:20:28","slug":"account-opening","status":"publish","type":"page","link":"https:\/\/www.bestbrokers.com\/fr\/reviews\/etoro\/account-opening\/","title":{"rendered":"Comment cr\u00e9er un compte sur eToro"},"content":{"rendered":"<div class=\"author-line\">\u00c9crit par <span class=\"author\">Zornitsa Stefanova<div class=\"author-sub-box\"><div class=\"author-avatar\"><img decoding=\"async\" src=\"https:\/\/www.bestbrokers.com\/wp-content\/uploads\/2024\/09\/zornica-stefanova.jpeg\" \/><\/div><div class=\"author-info-wrapper\"><div class=\"author-name\"><a href=\"https:\/\/www.bestbrokers.com\/fr\/authors\/zornitsa-stefanova\/\">Zornitsa Stefanova<\/a><\/div><div class=\"author-bio\">Zornitsa Stefanova est une analyste exp\u00e9riment\u00e9e dans le domaine du Forex et des cryptomonnaies.  Elle couvre \u00e9galement divers sujets financiers tels que le trading d\u2019actions et les investissements pour la retraite.<\/div><\/div><\/div><\/span>,  <a rel=\"nofollow\" target=\"_blank\" href=\"https:\/\/www.linkedin.com\/in\/zornica-stefanova-73ab39287\/\"><img decoding=\"async\" class=\"social-icon\" src=\"https:\/\/www.bestbrokers.com\/wp-content\/themes\/best-brokers\/assets\/images\/icon-linkedin.svg\" data-no-lazy=\"1\"><\/a> <span class=\"sep\">|<\/span> Traduit par <span class=\"author\">Agnes Orieux<div class=\"author-sub-box\"><div class=\"author-info-wrapper\"><div class=\"author-name\"><a href=\"https:\/\/www.bestbrokers.com\/fr\/authors\/agnes-orieux\/\">Agnes Orieux<\/a><\/div><div class=\"author-bio\">Agnes Orieux est une traductrice et r\u00e9dactrice de l'anglais vers le fran\u00e7ais, avec une exp\u00e9rience dans les march\u00e9s financiers. Elle est la r\u00e9dactrice principale de la version fran\u00e7aise de BestBrokers.com.<\/div><\/div><\/div><\/span> <span class=\"sep\">|<\/span> Mis \u00e0 jour : <time class=\"entry-date\" datetime=\"2025-10-22T13:20:28+00:00\">octobre 22, 2025<\/time><\/div>\n<h2 id=\"brief\"><i class=\"ico ico--assets\"><\/i>Types de compte propos\u00e9s par eToro<\/h2>\n<p>eToro propose plusieurs types de compte adapt\u00e9s aux pr\u00e9f\u00e9rences des diff\u00e9rents traders, en commen\u00e7ant par le compte Personnel, r\u00e9serv\u00e9 aux clients de d\u00e9tail. Les spreads Forex d\u00e9butent \u00e0 1 pip et l\u2019effet de levier maximal est limit\u00e9 \u00e0 1:30 (CySEC, FCA, etc.) ou 1:400 (SFSA). Le compte Professionnel, en revanche, permet de n\u00e9gocier avec un levier plus \u00e9lev\u00e9, mais son ouverture d\u00e9pend du respect de crit\u00e8res d\u2019\u00e9ligibilit\u00e9 sp\u00e9cifiques.<\/p>\n<p>Nous devons \u00e9galement mettre en avant le compte sans swap d\u2019eToro, caract\u00e9ris\u00e9 par l\u2019absence d\u2019int\u00e9r\u00eats sur les positions ouvertes et un d\u00e9lai de gr\u00e2ce de sept jours avant l\u2019application de frais administratifs. Le courtier propose en outre un compte Professionnel adapt\u00e9 aux clients corporatifs.<\/p>\n<p>Enfin, les traders d\u00e9butants peuvent basculer entre le trading virtuel et r\u00e9el apr\u00e8s leur inscription. Le compte d\u00e9mo offre des fonds virtuels et constitue un environnement sans risque pour s\u2019exercer et perfectionner ses comp\u00e9tences sans menace de perte d\u2019argent.<\/p>\n\n\t\t\t\t<div class=\"table\">\n\t\t\t\t\t<table class=\"table table-striped table-bordered\">\n\t\t\t\t\t\t<tr>\n\t\t\t\t\t\t\t<td style=\"width: 250px;\"><strong>Compte d\u00e9mo<\/strong><\/td>\n\t\t\t\t\t\t\t<td><img decoding=\"async\" width=\"24\" height=\"24\" src=\"\/wp-content\/themes\/best-brokers\/assets\/images\/ico-check.svg\" alt=\"Available\" \/><\/td>\n\t\t\t\t\t\t<\/tr>\n\t\t\t\t\t\t<tr>\n\t\t\t\t\t\t\t<td><strong>Islamic Account<\/strong><\/td>\n\t\t\t\t\t\t\t<td><img decoding=\"async\" width=\"24\" height=\"24\" src=\"\/wp-content\/themes\/best-brokers\/assets\/images\/ico-check.svg\" alt=\"Available\" \/><\/td>\n\t\t\t\t\t\t<\/tr>\n\t\t\t\t\t\t<tr>\n\t\t\t\t\t\t\t<td><strong>Compte ECN<\/strong><\/td>\n\t\t\t\t\t\t\t<td><img decoding=\"async\" width=\"24\" height=\"24\" src=\"\/wp-content\/themes\/best-brokers\/assets\/images\/ico-xmark.svg\" alt=\"Not Available\" \/><\/td>\n\t\t\t\t\t\t<\/tr>\n\t\t\t\t\t\t<tr>\n\t\t\t\t\t\t\t<td><strong>Compte pro<\/strong><\/td>\n\t\t\t\t\t\t\t<td><img decoding=\"async\" width=\"24\" height=\"24\" src=\"\/wp-content\/themes\/best-brokers\/assets\/images\/ico-check.svg\" alt=\"Available\" \/><\/td>\n\t\t\t\t\t\t<\/tr>\n\t\t\t\t\t\t<tr>\n\t\t\t\t\t\t\t<td><strong>MAM Account<\/strong><\/td>\n\t\t\t\t\t\t\t<td><img decoding=\"async\" width=\"24\" height=\"24\" src=\"\/wp-content\/themes\/best-brokers\/assets\/images\/ico-xmark.svg\" alt=\"Not Available\" \/><\/td>\n\t\t\t\t\t\t<\/tr>\n\t\t\t\t\t<\/table>\n\t\t\t\t<\/div>\n\t\t\t\n<h2 id=\"deposit\"><i class=\"ico ico--money-supply\"><\/i>D\u00e9p\u00f4t minimum exig\u00e9 par eToro<\/h2>\n<p>Les traders doivent garder \u00e0 l\u2019esprit que le montant du premier d\u00e9p\u00f4t minimum sur eToro d\u00e9pend de leur lieu de r\u00e9sidence. Dans la plupart des pays europ\u00e9ens, y compris le Royaume-Uni, le d\u00e9p\u00f4t initial minimum est de 50 $. Il en va de m\u00eame pour Ta\u00efwan, l\u2019Australie, la Malaisie, Singapour, les \u00c9tats-Unis et les territoires d\u2019outre-mer fran\u00e7ais. Aux \u00c9mirats arabes unis, le minimum requis est de 100 $. Un d\u00e9p\u00f4t initial de 1 000 $ est impos\u00e9 aux r\u00e9sidents de la Nouvelle-Z\u00e9lande, du Kowe\u00eft, de l\u2019\u00eele de Man, de Jersey et de l\u2019\u00eele de La R\u00e9union. Dans certains pays, tels que la Bulgarie et l\u2019Afrique du Sud, l\u2019exigence est de 2 000 $, tandis que les Isra\u00e9liens doivent respecter un minimum de 10 000 $. Enfin, les traders issus de pays \u00e9ligibles qui ne figurent pas sur la liste d\u2019eToro sont soumis \u00e0 un minimum de 200 $. Les d\u00e9p\u00f4ts ult\u00e9rieurs doivent \u00eatre d\u2019au moins 50 $, sauf au Royaume-Uni (10 $) et aux \u00c9tats-Unis (1 $). Par ailleurs, les d\u00e9p\u00f4ts effectu\u00e9s par virement bancaire doivent \u00eatre d\u2019au moins 500 $.<\/p>\n<h2 id=\"instruments\"><i class=\"ico ico--question\"><\/i>Que pouvez-vous n\u00e9gocier sur eToro ?<\/h2>\n<p>L\u2019un des principaux atouts d\u2019eToro est son catalogue de produits. eToro est une marque de r\u00e9f\u00e9rence en mati\u00e8re de trading social et de cryptomonnaies, et les capacit\u00e9s de la plateforme en Forex lui valent aussi une solide r\u00e9putation aupr\u00e8s des traders. Les spreads sur les paires majeures d\u00e9butent g\u00e9n\u00e9ralement \u00e0 1 pip et les clients n\u2019ont pas \u00e0 se soucier de commissions. Outre le Forex et les cryptos, eToro propose \u00e9galement des march\u00e9s tels que les actions, les mati\u00e8res premi\u00e8res, les indices et les ETF.<\/p>\n<h2 id=\"steps\"><i class=\"ico ico--account\"><\/i>Inscription \u00e9tape par \u00e9tape sur eToro \u2013 environ 15 minutes (compte r\u00e9el)<\/h2>\n<p>Le processus d\u2019inscription chez eToro est l\u2019un des plus longs, mais si vous suivez les \u00e9tapes d\u00e9taill\u00e9es ci-dessous, vous en aurez rapidement termin\u00e9. Nous expliquerons \u00e9galement comment v\u00e9rifier votre compte.<\/p>\n<ol class=\"list list--steps\">\n<li>La premi\u00e8re \u00e9tape consiste \u00e0 cliquer sur le bouton \u00ab Rejoindre \u00bb depuis la page d\u2019accueil du courtier.<img decoding=\"async\" class=\"aligncenter\" src=\"https:\/\/www.bestbrokers.com\/wp-content\/uploads\/2025\/02\/etoro-registration-1.webp\" alt=\"eToro Registration Step 1\" \/><\/li>\n<li>Saisissez ensuite votre adresse e-mail et cr\u00e9ez un nom d\u2019utilisateur ainsi qu\u2019un mot de passe. Acceptez les conditions d\u2019eToro et sa politique de confidentialit\u00e9, puis cliquez sur \u00ab Cr\u00e9er un compte \u00bb.<img decoding=\"async\" class=\"aligncenter\" src=\"https:\/\/www.bestbrokers.com\/wp-content\/uploads\/2025\/02\/etoro-registration-2.webp\" alt=\"eToro Registration Step 2\" \/><\/li>\n<li>Une fois votre compte activ\u00e9, vous recevrez gratuitement une position crypto de 10 $. Les options disponibles sont Bitcoin, Ethereum, EOS, Ethereum Classic, Shiba Inu Coin, Dogecoin, Litecoin, Chainlink et Uniswap. Apr\u00e8s avoir choisi votre jeton, cliquez sur \u00ab Continuer \u00bb.<br \/>\n<img decoding=\"async\" class=\"aligncenter\" src=\"https:\/\/www.bestbrokers.com\/wp-content\/uploads\/2025\/02\/etoro-registration-3.webp\" alt=\"eToro Registration Step 3\" \/><\/li>\n<li>eToro vous demandera alors de commencer le processus de v\u00e9rification.<br \/>\n<img decoding=\"async\" class=\"aligncenter\" src=\"https:\/\/www.bestbrokers.com\/wp-content\/uploads\/2025\/02\/etoro-registration-4.webp\" alt=\"eToro Registration Step 4\" \/><\/li>\n<li>Renseignez maintenant votre nom l\u00e9gal, s\u00e9lectionnez votre genre et saisissez votre date de naissance.<br \/>\n<img decoding=\"async\" class=\"aligncenter\" src=\"https:\/\/www.bestbrokers.com\/wp-content\/uploads\/2025\/02\/etoro-registration-5.webp\" alt=\"eToro Registration Step 5\" \/><\/li>\n<li>Indiquez votre adresse, confirmez si le pays s\u00e9lectionn\u00e9 correspond \u00e0 votre lieu de naissance et \u00e0 votre nationalit\u00e9, puis pr\u00e9cisez si vous \u00eates ressortissant des \u00c9tats-Unis.<br \/>\n<img decoding=\"async\" class=\"aligncenter\" src=\"https:\/\/www.bestbrokers.com\/wp-content\/uploads\/2025\/02\/etoro-registration-6.webp\" alt=\"eToro Registration Step 6\" \/><\/li>\n<li>Vous pouvez maintenant renseigner votre num\u00e9ro d\u2019identification national. Cette \u00e9tape est facultative.<br \/>\n<img decoding=\"async\" class=\"aligncenter\" src=\"https:\/\/www.bestbrokers.com\/wp-content\/uploads\/2025\/02\/etoro-registration-7.webp\" alt=\"eToro Registration Step 7\" \/><\/li>\n<li>Indiquez \u00e0 eToro votre exp\u00e9rience en mati\u00e8re de n\u00e9gociation d\u2019actions et d\u2019ETF ainsi que le montant que vous avez investi au cours des douze derniers mois.<br \/>\n<img decoding=\"async\" class=\"aligncenter\" src=\"https:\/\/www.bestbrokers.com\/wp-content\/uploads\/2025\/02\/etoro-registration-8.webp\" alt=\"eToro Registration Step 8\" \/><\/li>\n<li>Faites ensuite de m\u00eame pour les cryptomonnaies.<br \/>\n<img decoding=\"async\" class=\"aligncenter\" src=\"https:\/\/www.bestbrokers.com\/wp-content\/uploads\/2025\/02\/etoro-registration-9.webp\" alt=\"eToro Registration Step 9\" \/><\/li>\n<li>eToro vous demandera \u00e9galement si vous avez d\u00e9j\u00e0 n\u00e9goci\u00e9 des CFD.<br \/>\n<img decoding=\"async\" class=\"aligncenter\" src=\"https:\/\/www.bestbrokers.com\/wp-content\/uploads\/2025\/02\/etoro-registration-10.webp\" alt=\"eToro Registration Step 10\" \/><\/li>\n<li>Si vous d\u00e9tenez un dipl\u00f4me en finance, avez suivi des formations sur les produits \u00e0 effet de levier ou \u00eates un professionnel certifi\u00e9 du secteur financier, s\u00e9lectionnez les options correspondantes. Dans le cas contraire, choisissez \u00ab Aucune formation \u00bb et passez \u00e0 l\u2019\u00e9tape suivante.<img decoding=\"async\" class=\"aligncenter\" src=\"https:\/\/www.bestbrokers.com\/wp-content\/uploads\/2025\/02\/etoro-registration-11.webp\" alt=\"eToro Registration Step 11\" \/><\/li>\n<li>C\u2019est le d\u00e9but de la phase d\u2019\u00e9valuation. La premi\u00e8re s\u00e9rie d\u2019\u00e9nonc\u00e9s porte sur l\u2019effet de levier et d\u2019autres notions de base, tandis que la suivante \u00e9value votre compr\u00e9hension du trading de cryptos.<img decoding=\"async\" class=\"aligncenter\" src=\"https:\/\/www.bestbrokers.com\/wp-content\/uploads\/2025\/02\/etoro-registration-12.webp\" alt=\"eToro Registration Step 12\" \/><\/li>\n<li>Indiquez la dur\u00e9e pendant laquelle vous comptez maintenir vos positions \u00e0 venir.<img decoding=\"async\" class=\"aligncenter\" src=\"https:\/\/www.bestbrokers.com\/wp-content\/uploads\/2025\/02\/etoro-registration-13.webp\" alt=\"eToro Registration Step 13\" \/><\/li>\n<li>Pr\u00e9cisez vos objectifs de trading sur eToro ainsi que le montant que vous envisagez de d\u00e9poser. Tout en bas, vous trouverez le d\u00e9p\u00f4t initial minimum applicable \u00e0 votre r\u00e9gion.<br \/>\n<img decoding=\"async\" class=\"aligncenter\" src=\"https:\/\/www.bestbrokers.com\/wp-content\/uploads\/2025\/02\/etoro-registration-14.webp\" alt=\"eToro Registration Step 14\" \/><\/li>\n<li>Choisissez l\u2019option qui d\u00e9crit le mieux votre tol\u00e9rance au risque, c\u2019est-\u00e0-dire ce que vous \u00eates pr\u00eat \u00e0 gagner et \u00e0 perdre. Par exemple, s\u00e9lectionner 20 %\/-20 % signifie que vous \u00eates pr\u00eat \u00e0 risquer 10 000 $ pour gagner 10 000 $.<br \/>\n<img decoding=\"async\" class=\"aligncenter\" src=\"https:\/\/www.bestbrokers.com\/wp-content\/uploads\/2025\/02\/etoro-registration-15.webp\" alt=\"eToro Registration Step 15\" \/><\/li>\n<li>La page suivante vise \u00e0 d\u00e9terminer si vous (ou un membre proche de votre famille) \u00eates une personne politiquement expos\u00e9e.<br \/>\n<img decoding=\"async\" class=\"aligncenter\" src=\"https:\/\/www.bestbrokers.com\/wp-content\/uploads\/2025\/02\/etoro-registration-16.webp\" alt=\"eToro Registration Step 16\" \/><\/li>\n<li>eToro vous posera ensuite des questions sur votre situation financi\u00e8re : source de vos fonds, profession, revenu annuel net et \u00e9pargne.<br \/>\n<img decoding=\"async\" class=\"aligncenter\" src=\"https:\/\/www.bestbrokers.com\/wp-content\/uploads\/2025\/02\/etoro-registration-17.webp\" alt=\"eToro Registration Step 17\" \/><\/li>\n<li>eToro vous demandera de saisir votre num\u00e9ro de t\u00e9l\u00e9phone afin de le v\u00e9rifier par SMS.<br \/>\n<img decoding=\"async\" class=\"aligncenter\" src=\"https:\/\/www.bestbrokers.com\/wp-content\/uploads\/2025\/02\/etoro-registration-18.webp\" alt=\"eToro Registration Step 18\" \/><\/li>\n<li>Vous devrez \u00e9galement fournir une preuve d\u2019identit\u00e9 en photographiant un document \u00e9ligible, par exemple votre passeport, permis de conduire ou carte d\u2019identit\u00e9. Les faces recto et verso du document doivent \u00eatre t\u00e9l\u00e9charg\u00e9es.<br \/>\n<img decoding=\"async\" class=\"aligncenter\" src=\"https:\/\/www.bestbrokers.com\/wp-content\/uploads\/2025\/02\/etoro-registration-19.webp\" alt=\"eToro Registration Step 19\" \/><\/li>\n<li>Un justificatif de domicile est \u00e9galement requis. Les justificatifs de domicile valides comprennent les relev\u00e9s bancaires, relev\u00e9s de carte de cr\u00e9dit, factures de services publics (\u00e9lectricit\u00e9, eau, gaz), avis de taxe d\u2019habitation, courriers fiscaux, contrats de location officiels d\u00e9livr\u00e9s par un organisme public, lettres de votre mairie, factures de t\u00e9l\u00e9phone ou d\u2019internet. Le document choisi doit dater de moins de trois mois.<br \/>\n<img decoding=\"async\" class=\"aligncenter\" src=\"https:\/\/www.bestbrokers.com\/wp-content\/uploads\/2025\/02\/etoro-registration-20.webp\" alt=\"eToro Registration Step 20\" \/><\/li>\n<li>Enfin, ouvrez les param\u00e8tres de votre compte et v\u00e9rifiez votre adresse e-mail en demandant un code \u00e0 6 chiffres.<br \/>\n<img decoding=\"async\" class=\"aligncenter\" src=\"https:\/\/www.bestbrokers.com\/wp-content\/uploads\/2025\/02\/etoro-registration-21.webp\" alt=\"eToro Registration Step 21\" \/><\/li>\n<\/ol>\n<h2 id=\"verification\"><i class=\"ico ico--approve\"><\/i>Activer le trading virtuel \u2013 moins d\u2019une minute<\/h2>\n<p>Comme indiqu\u00e9, eToro permet \u00e9galement aux utilisateurs d\u2019essayer le trading d\u00e9mo avec des fonds virtuels avant de passer au trading r\u00e9el.<\/p>\n<ol class=\"list list--steps\">\n<li>Apr\u00e8s votre inscription, vous pouvez ignorer le processus de v\u00e9rification et cliquer sur le bouton \u00ab Passer en virtuel \u00bb situ\u00e9 en bas \u00e0 gauche.<br \/>\n<img decoding=\"async\" class=\"aligncenter\" src=\"https:\/\/www.bestbrokers.com\/wp-content\/uploads\/2025\/02\/etoro-registration-22.webp\" alt=\"eToro Registration Step 22\" \/><\/li>\n<li>La fen\u00eatre de confirmation s\u2019ouvre alors et pr\u00e9sente bri\u00e8vement l\u2019utilit\u00e9 du mode virtuel. Cliquez sur le bouton \u00ab Passer au portefeuille virtuel \u00bb.<br \/>\n<img decoding=\"async\" class=\"aligncenter\" src=\"https:\/\/www.bestbrokers.com\/wp-content\/uploads\/2025\/02\/etoro-registration-23.webp\" alt=\"eToro Registration Step 23\" \/><\/li>\n<li>Vous \u00eates d\u00e9sormais pr\u00eat \u00e0 explorer les instruments d\u2019eToro. Vous disposerez d\u2019un total de 100 000 $ de fonds virtuels.<br \/>\n<img decoding=\"async\" class=\"aligncenter\" src=\"https:\/\/www.bestbrokers.com\/wp-content\/uploads\/2025\/02\/etoro-registration-24.webp\" alt=\"eToro Registration Step 24\" \/><\/li>\n<\/ol>\n<h2 id=\"conclusion\"><i class=\"ico ico--pen\"><\/i>Conclusion<\/h2>\n<p>En r\u00e9sum\u00e9, l\u2019inscription et la v\u00e9rification prennent environ 15 minutes au total. Cela inclut la saisie de toutes les informations requises et le t\u00e9l\u00e9chargement des documents n\u00e9cessaires. Selon eToro, les demandes de v\u00e9rification sont trait\u00e9es automatiquement, mais une v\u00e9rification manuelle (lorsqu\u2019elle est n\u00e9cessaire) peut prendre jusqu\u2019\u00e0 trois jours ouvrables. Des contr\u00f4les suppl\u00e9mentaires peuvent encore rallonger ce d\u00e9lai.<\/p>\n<p><em>eToro est une plateforme multi-actifs qui permet \u00e0 la fois d\u2019investir dans des actions et des crypto-actifs et de n\u00e9gocier des CFD.<\/em><\/p>\n<p>Les CFD sont des instruments complexes qui comportent un risque \u00e9lev\u00e9 de perte rapide en raison de l\u2019effet de levier. 61 % des comptes d\u2019investisseurs particuliers perdent de l\u2019argent lorsqu\u2019ils n\u00e9gocient des CFD avec ce fournisseur. Vous devez vous demander si vous comprenez le fonctionnement des CFD et si vous pouvez vous permettre de prendre le risque \u00e9lev\u00e9 de perdre votre argent.<\/p>\n<p>Cette communication a un but uniquement informatif et \u00e9ducatif et ne doit pas \u00eatre consid\u00e9r\u00e9e comme un conseil ni une recommandation en investissement. Les performances pass\u00e9es ne pr\u00e9jugent pas des r\u00e9sultats futurs.<\/p>\n<p>Le copy trading ne constitue pas un conseil en investissement. La valeur de vos investissements peut augmenter ou diminuer. Votre capital est \u00e0 risque.<\/p>\n<p>N\u2019investissez que si vous \u00eates pr\u00eat \u00e0 perdre l\u2019int\u00e9gralit\u00e9 de votre investissement. Il s\u2019agit d\u2019un placement \u00e0 haut risque et vous ne devez pas vous attendre \u00e0 \u00eatre prot\u00e9g\u00e9 en cas de probl\u00e8me. <a href=\"https:\/\/www.bestbrokers.com\/out\/terms\/etoro?au=130&amp;bp=1\" target=\"_blank\" rel=\"nofollow noopener\">Prenez 2 min pour en savoir plus<\/a><\/p>\n<p>eToro USA LLC n\u2019offre pas de CFD et ne fait aucune d\u00e9claration ni n\u2019assume aucune responsabilit\u00e9 quant \u00e0 l\u2019exactitude ou l\u2019exhaustivit\u00e9 du contenu de cette publication, pr\u00e9par\u00e9e par notre partenaire \u00e0 partir d\u2019informations publiques non sp\u00e9cifiques \u00e0 l\u2019entit\u00e9 concernant eToro.<\/p>\n","protected":false},"excerpt":{"rendered":"<p>Types de compte propos\u00e9s par eToro eToro propose plusieurs types de compte adapt\u00e9s aux pr\u00e9f\u00e9rences des diff\u00e9rents traders, en commen\u00e7ant par le compte Personnel, r\u00e9serv\u00e9 aux clients de d\u00e9tail. Les spreads Forex d\u00e9butent \u00e0 1 pip et l\u2019effet de levier maximal est limit\u00e9 \u00e0 1:30 (CySEC, FCA, etc.) ou 1:400 (SFSA). Le compte Professionnel, en [&hellip;]<\/p>\n","protected":false},"author":2,"featured_media":0,"parent":12059,"menu_order":0,"comment_status":"closed","ping_status":"closed","template":"templates\/review.php","meta":{"footnotes":""},"class_list":["post-59611","page","type-page","status-publish","hentry"],"aioseo_notices":[],"_links":{"self":[{"href":"https:\/\/www.bestbrokers.com\/fr\/wp-json\/wp\/v2\/pages\/59611","targetHints":{"allow":["GET"]}}],"collection":[{"href":"https:\/\/www.bestbrokers.com\/fr\/wp-json\/wp\/v2\/pages"}],"about":[{"href":"https:\/\/www.bestbrokers.com\/fr\/wp-json\/wp\/v2\/types\/page"}],"author":[{"embeddable":true,"href":"https:\/\/www.bestbrokers.com\/fr\/wp-json\/wp\/v2\/users\/2"}],"replies":[{"embeddable":true,"href":"https:\/\/www.bestbrokers.com\/fr\/wp-json\/wp\/v2\/comments?post=59611"}],"version-history":[{"count":6,"href":"https:\/\/www.bestbrokers.com\/fr\/wp-json\/wp\/v2\/pages\/59611\/revisions"}],"predecessor-version":[{"id":71809,"href":"https:\/\/www.bestbrokers.com\/fr\/wp-json\/wp\/v2\/pages\/59611\/revisions\/71809"}],"up":[{"embeddable":true,"href":"https:\/\/www.bestbrokers.com\/fr\/wp-json\/wp\/v2\/pages\/12059"}],"wp:attachment":[{"href":"https:\/\/www.bestbrokers.com\/fr\/wp-json\/wp\/v2\/media?parent=59611"}],"curies":[{"name":"wp","href":"https:\/\/api.w.org\/{rel}","templated":true}]}}