{"id":59612,"date":"2025-03-19T09:33:26","date_gmt":"2025-03-19T09:33:26","guid":{"rendered":"https:\/\/www.bestbrokers.com\/?page_id=59612"},"modified":"2025-10-22T13:20:24","modified_gmt":"2025-10-22T13:20:24","slug":"spreads-fees-and-commissions","status":"publish","type":"page","link":"https:\/\/www.bestbrokers.com\/fr\/reviews\/avatrade\/spreads-fees-and-commissions\/","title":{"rendered":"Spreads, frais et commissions d&rsquo;AvaTrade"},"content":{"rendered":"<div class=\"author-line\">\u00c9crit par <span class=\"author\">Naylyan Nazifova<div class=\"author-sub-box\"><div class=\"author-avatar\"><img decoding=\"async\" src=\"https:\/\/www.bestbrokers.com\/wp-content\/uploads\/2026\/04\/nnazifova.webp\" \/><\/div><div class=\"author-info-wrapper\"><div class=\"author-name\"><a href=\"https:\/\/www.bestbrokers.com\/fr\/authors\/naylyan-nazifova\/\">Naylyan Nazifova<\/a><\/div><div class=\"author-bio\">Naylyan Nazifova est une experte reconnue dans le domaine du trading en ligne. Elle est l\u2019auteur de nombreuses publications et analyses portant sur le trading Forex, l\u2019investissement en actions et les finances personnelles.<\/div><\/div><\/div><\/span>,  <a rel=\"nofollow\" target=\"_blank\" href=\"https:\/\/www.linkedin.com\/in\/naylian-nazifova-58562a272\/\"><img decoding=\"async\" class=\"social-icon\" src=\"https:\/\/www.bestbrokers.com\/wp-content\/themes\/best-brokers\/assets\/images\/icon-linkedin.svg\" data-no-lazy=\"1\"><\/a> <span class=\"sep\">|<\/span> Traduit par <span class=\"author\">Agnes Orieux<div class=\"author-sub-box\"><div class=\"author-info-wrapper\"><div class=\"author-name\"><a href=\"https:\/\/www.bestbrokers.com\/fr\/authors\/agnes-orieux\/\">Agnes Orieux<\/a><\/div><div class=\"author-bio\">Agnes Orieux est une traductrice et r\u00e9dactrice de l'anglais vers le fran\u00e7ais, avec une exp\u00e9rience dans les march\u00e9s financiers. Elle est la r\u00e9dactrice principale de la version fran\u00e7aise de BestBrokers.com.<\/div><\/div><\/div><\/span> <span class=\"sep\">|<\/span> Mis \u00e0 jour : <time class=\"entry-date\" datetime=\"2025-10-22T13:20:24+00:00\">octobre 22, 2025<\/time><\/div>\n<p>AvaTrade, un courtier de renomm\u00e9e mondiale sp\u00e9cialis\u00e9 dans le Forex et les CFD, propose plus de 1 000 march\u00e9s n\u00e9gociables. Sa principale source de revenus provient de l&rsquo;\u00e9cart entre l&rsquo;achat et la vente (spread). Cet examen complet vise \u00e0 informer les futurs traders des co\u00fbts de trading et hors trading pratiqu\u00e9s sur AvaTrade avant qu&rsquo;ils ouvrent un compte r\u00e9el. La transparence de la structure de spreads permet aux clients de conna\u00eetre l&rsquo;ensemble des frais, afin de g\u00e9rer leur solde en toute simplicit\u00e9 et sans stress. L&rsquo;\u00e9quipe de BestBrokers a analys\u00e9 en d\u00e9tail la grille tarifaire d&rsquo;AvaTrade, en soulignant les frais essentiels, tels que les spreads, les int\u00e9r\u00eats de financement overnight et les diff\u00e9rents frais hors trading.<\/p>\n<h2 id=\"costs\"><i class=\"ico ico--money-supply\"><\/i>Co\u00fbts de trading sur AvaTrade<\/h2>\n<p>AvaTrade propose deux principaux types de comptes : le compte Standard et le compte Professionnel. Le premier convient aux traders particuliers, tandis que le second est r\u00e9serv\u00e9 aux investisseurs qui remplissent les crit\u00e8res d&rsquo;\u00e9ligibilit\u00e9 du courtier. Les titulaires d&rsquo;un compte Pro b\u00e9n\u00e9ficient de spreads plus serr\u00e9s et de limites d&rsquo;effet de levier plus \u00e9lev\u00e9es.<\/p>\n<p>Outre les comptes Standard et Professionnel, le courtier propose un compte de spread betting pour les traders britanniques et irlandais, un compte islamique conforme \u00e0 la charia, ainsi qu&rsquo;un compte AvaOptions destin\u00e9 aux investisseurs suffisamment exp\u00e9riment\u00e9s. Tous les types de comptes permettent de n\u00e9gocier en lots standard, mini ou micro, selon la taille de position souhait\u00e9e. C\u00f4t\u00e9 plateformes, les clients peuvent choisir entre MT4, MT5, la solution propri\u00e9taire AvaOptions ou les plateformes de copy trading.<\/p>\n<p>Dans cette section, nous nous concentrerons sur les co\u00fbts de trading des comptes Standard et Pro chez AvaTrade. Le compte Standard repose sur un mod\u00e8le tarifaire bas\u00e9 sur les spreads, qui int\u00e8gre l&rsquo;ensemble des frais de transaction dans la valeur du spread. Les spreads sont fixes, ce qui permet aux traders d&rsquo;obtenir le m\u00eame prix \u00e0 tout moment.<\/p>\n<p>Le compte Professionnel propose des spreads plus serr\u00e9s, en raison du volume de trading plus important et de la taille de portefeuille des traders Pro. Aucune commission n&rsquo;est factur\u00e9e, sauf indication contraire.<\/p>\n<p>Pour illustrer les co\u00fbts de trading li\u00e9s aux comptes Standard et Pro d&rsquo;AvaTrade, examinons une position d&rsquo;un lot standard sur la paire EUR\/USD (100 000 unit\u00e9s de devise), en retenant qu&rsquo;un pip vaut 10 USD et en supposant que la position s&rsquo;ouvre et se cl\u00f4ture au m\u00eame prix. Actuellement, le spread appliqu\u00e9 par AvaTrade sur la paire EUR\/USD est de 0,8 pip pour les d\u00e9tenteurs d&rsquo;un compte Standard et de 0,6 pip pour les d\u00e9tenteurs d&rsquo;un compte Pro.<\/p>\n<hr style=\"height: 2px; border-width: 0; color: #dee2e6; background-color: #dee2e6; clear: both;\" \/>\n<p><strong>Compte Standard d&rsquo;AvaTrade :<\/strong><\/p>\n<p>Spread : 0,8<br \/>\nCo\u00fbt total : 0,8 x 10 USD = 8 USD par c\u00f4t\u00e9, soit 16 USD pour un aller-retour sur 1 lot<\/p>\n<hr style=\"height: 2px; border-width: 0; color: #dee2e6; background-color: #dee2e6; clear: both;\" \/>\n<p><strong>Compte Pro d&rsquo;AvaTrade :<\/strong><\/p>\n<p>Spread : 0,6<br \/>\nCo\u00fbt du spread : 0,6 x 10 USD = 6 USD par c\u00f4t\u00e9, soit 12 USD pour un aller-retour sur 1 lot<\/p>\n<hr style=\"height: 2px; border-width: 0; color: #dee2e6; background-color: #dee2e6; clear: both;\" \/>\n<p>Cette comparaison c\u00f4te \u00e0 c\u00f4te nous permet de conclure que le compte Pro d&rsquo;AvaTrade offre des spreads plus serr\u00e9s. Pour \u00eatre admissible \u00e0 un compte professionnel, le trader doit remplir au moins deux des trois crit\u00e8res principaux portant sur son activit\u00e9 de trading, son exp\u00e9rience pertinente dans les services financiers et la taille de son portefeuille d&rsquo;instruments. Cela implique que les titulaires d&rsquo;un compte Pro renoncent \u00e0 plusieurs m\u00e9canismes de protection, comme la protection contre le solde n\u00e9gatif, ce qui peut entra\u00eener une perte sup\u00e9rieure au d\u00e9p\u00f4t initial. Les risques sont d&rsquo;autant plus importants que le levier maximal autoris\u00e9 est de 1:30 pour les particuliers, contre 1:400 pour les professionnels.<\/p>\n<p>Dans le premier tableau ci-dessous, les traders peuvent consulter les spreads du compte Standard sur plusieurs paires Forex populaires, ainsi que les co\u00fbts pour les transactions en micro et en lot standard.<\/p>\n<div class=\"table-responsive\">\n<table class=\"table table--colorful\">\n<thead>\n<tr>\n<th style=\"background-color: #fff;\" colspan=\"5\">Co\u00fbts moyens du spread avec le compte Standard AvaTrade<\/th>\n<\/tr>\n<tr>\n<th>Paire de devises<\/th>\n<th>Spread (en pips)<\/th>\n<th>Commission par c\u00f4t\u00e9<\/th>\n<th>Co\u00fbt par micro lot<\/th>\n<th>Co\u00fbt par lot standard<\/th>\n<\/tr>\n<\/thead>\n<tbody>\n<tr>\n<td>EUR\/USD<\/td>\n<td style=\"text-align: center;\">0,8<\/td>\n<td style=\"text-align: center;\">0 $<\/td>\n<td style=\"text-align: center;\">0,08 $<\/td>\n<td style=\"text-align: center;\">8,00 $<\/td>\n<\/tr>\n<tr>\n<td>USD\/JPY<\/td>\n<td style=\"text-align: center;\">1,3<\/td>\n<td style=\"text-align: center;\">0 $<\/td>\n<td style=\"text-align: center;\">0,09 $<\/td>\n<td style=\"text-align: center;\">8,85 $<\/td>\n<\/tr>\n<tr>\n<td>EUR\/GBP<\/td>\n<td style=\"text-align: center;\">1,2<\/td>\n<td style=\"text-align: center;\">0 $<\/td>\n<td style=\"text-align: center;\">0,16 $<\/td>\n<td style=\"text-align: center;\">16,27 $<\/td>\n<\/tr>\n<tr>\n<td>GBP\/USD<\/td>\n<td style=\"text-align: center;\">1,2<\/td>\n<td style=\"text-align: center;\">0 $<\/td>\n<td style=\"text-align: center;\">0,12 $<\/td>\n<td style=\"text-align: center;\">12,00 $<\/td>\n<\/tr>\n<tr>\n<td>AUD\/USD<\/td>\n<td style=\"text-align: center;\">0,90<\/td>\n<td style=\"text-align: center;\">0 $<\/td>\n<td style=\"text-align: center;\">0,09 $<\/td>\n<td style=\"text-align: center;\">11 $<\/td>\n<\/tr>\n<tr>\n<td>USD\/CAD<\/td>\n<td style=\"text-align: center;\">1,8<\/td>\n<td style=\"text-align: center;\">0 $<\/td>\n<td style=\"text-align: center;\">0,13 $<\/td>\n<td style=\"text-align: center;\">13,14 $<\/td>\n<\/tr>\n<tr>\n<td>USD\/CHF<\/td>\n<td style=\"text-align: center;\">1,3<\/td>\n<td style=\"text-align: center;\">0 $<\/td>\n<td style=\"text-align: center;\">0,16 $<\/td>\n<td style=\"text-align: center;\">16,31 $<\/td>\n<\/tr>\n<tr>\n<td>NZD\/USD<\/td>\n<td style=\"text-align: center;\">1,4<\/td>\n<td style=\"text-align: center;\">0 $<\/td>\n<td style=\"text-align: center;\">0,18 $<\/td>\n<td style=\"text-align: center;\">17,56 $<\/td>\n<\/tr>\n<\/tbody>\n<\/table>\n<\/div>\n<p style=\"text-align: center; font-size: 13px;\"><em>*Le co\u00fbt de trading des paires de devises est exprim\u00e9 en USD<\/em><\/p>\n<p>Le second tableau pr\u00e9sente les spreads et calculs correspondants pour les m\u00eames paires Forex avec le compte Pro d&rsquo;AvaTrade.<\/p>\n<div class=\"table-responsive\">\n<table class=\"table table--colorful\">\n<thead>\n<tr>\n<th style=\"background-color: #fff;\" colspan=\"5\">Co\u00fbts moyens du spread avec le compte Pro AvaTrade<\/th>\n<\/tr>\n<tr>\n<th>Paire de devises<\/th>\n<th>Spread (en pips)<\/th>\n<th>Commission par c\u00f4t\u00e9<\/th>\n<th>Co\u00fbt par micro lot<\/th>\n<th>Co\u00fbt par lot standard<\/th>\n<\/tr>\n<\/thead>\n<tbody>\n<tr>\n<td>EUR\/USD<\/td>\n<td style=\"text-align: center;\">0,6<\/td>\n<td style=\"text-align: center;\">0 $<\/td>\n<td style=\"text-align: center;\">0,06 $<\/td>\n<td style=\"text-align: center;\">6,00 $<\/td>\n<\/tr>\n<tr>\n<td>USD\/JPY<\/td>\n<td style=\"text-align: center;\">1,1<\/td>\n<td style=\"text-align: center;\">0 $<\/td>\n<td style=\"text-align: center;\">0,07 $<\/td>\n<td style=\"text-align: center;\">7,49 $<\/td>\n<\/tr>\n<tr>\n<td>EUR\/GBP<\/td>\n<td style=\"text-align: center;\">0,9<\/td>\n<td style=\"text-align: center;\">0 $<\/td>\n<td style=\"text-align: center;\">0,12 $<\/td>\n<td style=\"text-align: center;\">12,20 $<\/td>\n<\/tr>\n<tr>\n<td>GBP\/USD<\/td>\n<td style=\"text-align: center;\">0,9<\/td>\n<td style=\"text-align: center;\">0 $<\/td>\n<td style=\"text-align: center;\">0,09 $<\/td>\n<td style=\"text-align: center;\">9,00 $<\/td>\n<\/tr>\n<tr>\n<td>AUD\/USD<\/td>\n<td style=\"text-align: center;\">0,8<\/td>\n<td style=\"text-align: center;\">0 $<\/td>\n<td style=\"text-align: center;\">0,08 $<\/td>\n<td style=\"text-align: center;\">8,00 $<\/td>\n<\/tr>\n<tr>\n<td>USD\/CAD<\/td>\n<td style=\"text-align: center;\">1,5<\/td>\n<td style=\"text-align: center;\">0 $<\/td>\n<td style=\"text-align: center;\">0,11 $<\/td>\n<td style=\"text-align: center;\">10,95 $<\/td>\n<\/tr>\n<tr>\n<td>USD\/CHF<\/td>\n<td style=\"text-align: center;\">0,9<\/td>\n<td style=\"text-align: center;\">0 $<\/td>\n<td style=\"text-align: center;\">0,11 $<\/td>\n<td style=\"text-align: center;\">11,29 $<\/td>\n<\/tr>\n<tr>\n<td>NZD\/USD<\/td>\n<td style=\"text-align: center;\">1,3<\/td>\n<td style=\"text-align: center;\">0 $<\/td>\n<td style=\"text-align: center;\">0,13 $<\/td>\n<td style=\"text-align: center;\">13,00 $<\/td>\n<\/tr>\n<\/tbody>\n<\/table>\n<\/div>\n<p style=\"text-align: center; font-size: 13px;\"><em>*Le co\u00fbt de trading des paires de devises est exprim\u00e9 en USD<\/em><\/p>\n<h2 id=\"overnight\"><i class=\"ico ico--clock\"><\/i>Co\u00fbts de financement overnight sur AvaTrade<\/h2>\n<p>Les co\u00fbts de financement overnight, commun\u00e9ment appel\u00e9s taux de swap ou frais de rollover, correspondent aux int\u00e9r\u00eats que les traders per\u00e7oivent ou paient lorsqu&rsquo;ils conservent une position d&rsquo;un jour \u00e0 l&rsquo;autre. Ces co\u00fbts sont particuli\u00e8rement importants dans le trading Forex et CFD. Si le swap est n\u00e9gatif, le trader re\u00e7oit un paiement du courtier au lieu de supporter un co\u00fbt. Toutefois, il est essentiel de comprendre que les swaps n\u00e9gatifs ne sont pas garantis et peuvent varier en fonction des conditions de march\u00e9.<\/p>\n<p>Tous les courtiers doivent communiquer les taux de swap appliqu\u00e9s aux positions conserv\u00e9es overnight. AvaTrade ne fait pas exception et fournit ces informations de mani\u00e8re claire et transparente, ainsi qu&rsquo;un tutoriel vid\u00e9o consacr\u00e9 aux swaps et \u00e0 leur mode de calcul.<\/p>\n<p>Comme l&rsquo;explique le courtier dans ce tutoriel, si un trader maintient une position AUD\/CHF pendant la nuit, il percevra un montant positif, le taux d&rsquo;int\u00e9r\u00eat du AUD \u00e9tant sup\u00e9rieur \u00e0 celui du CHF. De fa\u00e7on g\u00e9n\u00e9rale, apr\u00e8s avoir achet\u00e9 des devises contre le CHF, les traders b\u00e9n\u00e9ficient d&rsquo;un swap positif.<\/p>\n<p>Cependant, la plupart du temps, le maintien d&rsquo;une position overnight entra\u00eene un d\u00e9bit sur le compte du trader. Il faut noter que les swaps prennent g\u00e9n\u00e9ralement effet apr\u00e8s 22 h GMT.<\/p>\n<p>Si AvaTrade calcule automatiquement les primes li\u00e9es au maintien des positions overnight, le courtier fournit n\u00e9anmoins la formule permettant aux traders de les calculer eux-m\u00eames :<\/p>\n<blockquote><p>Prime = Montant de la transaction x prime ou int\u00e9r\u00eat x nombre de jours \/ 360 jours<\/p><\/blockquote>\n<p>Dans le tableau ci-dessous, les traders peuvent consulter les taux de swap pour des positions longues et courtes conserv\u00e9es overnight sur plusieurs paires Forex populaires.<\/p>\n<div class=\"table-responsive\">\n<table class=\"table table--colorful\">\n<thead>\n<tr>\n<th style=\"background-color: #fff;\" colspan=\"5\">Taux de swap sur des paires Forex populaires (taille de lot standard)<\/th>\n<\/tr>\n<tr>\n<th>Symbole<\/th>\n<th>Devise de base<\/th>\n<th>Volume en lots<\/th>\n<th>Swap long de la paire en %<\/th>\n<th>Swap short de la paire en %<\/th>\n<\/tr>\n<\/thead>\n<tbody>\n<tr>\n<td>EUR\/USD<\/td>\n<td style=\"text-align: center;\">USD<\/td>\n<td style=\"text-align: center;\">1<\/td>\n<td style=\"text-align: center;\">-0,0076 %<\/td>\n<td style=\"text-align: center;\">0,0017 %<\/td>\n<\/tr>\n<tr>\n<td>USD\/JPY<\/td>\n<td style=\"text-align: center;\">USD<\/td>\n<td style=\"text-align: center;\">1<\/td>\n<td style=\"text-align: center;\">0,0079 %<\/td>\n<td style=\"text-align: center;\">-0,0147 %<\/td>\n<\/tr>\n<tr>\n<td>EUR\/GBP<\/td>\n<td style=\"text-align: center;\">USD<\/td>\n<td style=\"text-align: center;\">1<\/td>\n<td style=\"text-align: center;\">0,0011 %<\/td>\n<td style=\"text-align: center;\">-0,0089 %<\/td>\n<\/tr>\n<tr>\n<td>GBP\/USD<\/td>\n<td style=\"text-align: center;\">USD<\/td>\n<td style=\"text-align: center;\">1<\/td>\n<td style=\"text-align: center;\">-0,0026 %<\/td>\n<td style=\"text-align: center;\">-0,0033 %<\/td>\n<\/tr>\n<tr>\n<td>AUD\/USD<\/td>\n<td style=\"text-align: center;\">USD<\/td>\n<td style=\"text-align: center;\">1<\/td>\n<td style=\"text-align: center;\">-0,0035 %<\/td>\n<td style=\"text-align: center;\">-0,0022 %<\/td>\n<\/tr>\n<tr>\n<td>USD\/CAD<\/td>\n<td style=\"text-align: center;\">USD<\/td>\n<td style=\"text-align: center;\">1<\/td>\n<td style=\"text-align: center;\">0,0011 %<\/td>\n<td style=\"text-align: center;\">-0,0070 %<\/td>\n<\/tr>\n<tr>\n<td>USD\/CHF<\/td>\n<td style=\"text-align: center;\">USD<\/td>\n<td style=\"text-align: center;\">1<\/td>\n<td style=\"text-align: center;\">0,0082 %<\/td>\n<td style=\"text-align: center;\">-0,0141 %<\/td>\n<\/tr>\n<tr>\n<td>NZD\/USD<\/td>\n<td style=\"text-align: center;\">USD<\/td>\n<td style=\"text-align: center;\">1<\/td>\n<td style=\"text-align: center;\">-0,0051 %<\/td>\n<td style=\"text-align: center;\">-0,0023 %<\/td>\n<\/tr>\n<\/tbody>\n<\/table>\n<\/div>\n<h2 id=\"swap\"><i class=\"ico ico--islamic-account\"><\/i>Co\u00fbts de trading sans swap sur AvaTrade<\/h2>\n<p>AvaTrade a ajout\u00e9 le compte islamique \u00e0 sa gamme d&rsquo;options. Celui-ci est enti\u00e8rement conforme \u00e0 la charia. En ouvrant un compte islamique sur AvaTrade, les clients \u00e9ligibles ne paient pas de swap quotidien sur les positions Forex et CFD maintenues pednant la nuit. Ils doivent toutefois savoir que les positions conserv\u00e9es plus de cinq jours feront l&rsquo;objet de frais de swap. Il s&rsquo;agit d&rsquo;une limitation importante \u00e0 prendre en compte avant d&rsquo;opter pour ce type de compte.<\/p>\n<p>Apr\u00e8s l&rsquo;ouverture de leur compte sur AvaTrade, les traders islamiques doivent contacter le service client pour demander l&rsquo;activation du compte islamique. Les demandes sont g\u00e9n\u00e9ralement trait\u00e9es sous 1 \u00e0 2 jours ouvrables.<\/p>\n<p>Lorsque les traders lancent la plateforme MT4\/MT5, ils peuvent consulter les frais d&rsquo;administration factur\u00e9s par le courtier \u00e0 la place des swaps pour les positions overnight. Les taux de swap traditionnels sont convertis en frais d&rsquo;administration quotidiens pour chacun des instruments Forex pris en charge.<\/p>\n<p>En r\u00e8gle g\u00e9n\u00e9rale, les spreads appliqu\u00e9s aux comptes islamiques sont plus larges que ceux des comptes Standard, afin de compenser l&rsquo;absence de swap sur les positions overnight. De plus, les courtiers peuvent imposer des frais d&rsquo;administration mensuels, variables d&rsquo;une soci\u00e9t\u00e9 \u00e0 l&rsquo;autre.<\/p>\n<p>En r\u00e8gle g\u00e9n\u00e9rale, les comptes islamiques sont soumis \u00e0 certaines contraintes, notamment des restrictions g\u00e9ographiques (disponibilit\u00e9 dans certains pays) et une limitation de l&rsquo;univers d&rsquo;actifs n\u00e9gociables. Sur AvaTrade, le trading de cryptomonnaies n&rsquo;est pas propos\u00e9 aux titulaires de comptes islamiques. Il en va de m\u00eame pour certains devises, comme le RUB, le MXN, la TRY et le ZAR.<\/p>\n<h2 id=\"other\"><i class=\"ico ico--administration-fees\"><\/i>Frais hors trading sur AvaTrade<\/h2>\n<p>Les frais hors trading factur\u00e9s par les courtiers comprennent essentiellement les frais de d\u00e9p\u00f4t et de retrait, les frais d&rsquo;inactivit\u00e9 de compte et les frais de conversion de devises. AvaTrade ne pr\u00e9l\u00e8ve pas de frais sur les d\u00e9p\u00f4ts et retraits effectu\u00e9s depuis les comptes de trading. Cela dit, des frais peuvent \u00eatre appliqu\u00e9s par le prestataire de paiement utilis\u00e9.<\/p>\n<p>L&rsquo;ouverture d&rsquo;un compte AvaTrade est gratuite. N\u00e9anmoins, des frais d&rsquo;inactivit\u00e9 sont appliqu\u00e9s apr\u00e8s une certaine p\u00e9riode sans op\u00e9ration. Apr\u00e8s trois mois cons\u00e9cutifs d&rsquo;inactivit\u00e9, des frais de 50 $\/\u20ac\/\u00a3 sont factur\u00e9s. Si le compte reste inactif pendant 12 mois cons\u00e9cutifs, les frais passent \u00e0 100 $\/\u20ac\/\u00a3. Les titulaires doivent noter que ces montants sont susceptibles d&rsquo;\u00eatre modifi\u00e9s.<\/p>\n<p>Les d\u00e9p\u00f4ts et retraits effectu\u00e9s dans une devise diff\u00e9rente de la devise de base du compte sont soumis \u00e0 des frais de conversion de 0,5 % du montant.<\/p>\n<div class=\"table-responsive\">\n<table class=\"table\">\n<thead>\n<tr>\n<th colspan=\"2\">Frais hors trading d&rsquo;AvaTrade<\/th>\n<\/tr>\n<\/thead>\n<tbody>\n<tr>\n<td>Frais de d\u00e9p\u00f4t<\/td>\n<td>Gratuit<\/td>\n<\/tr>\n<tr>\n<td>Frais de retrait<\/td>\n<td>Gratuit<\/td>\n<\/tr>\n<tr>\n<td>Frais d&rsquo;ouverture de compte<\/td>\n<td>Gratuit<\/td>\n<\/tr>\n<tr>\n<td>Frais d&rsquo;inactivit\u00e9<\/td>\n<td>\n<ul class=\"list-checks\">\n<li>Apr\u00e8s 2 mois cons\u00e9cutifs \u2013 10 $\/\u20ac\/\u00a3<\/li>\n<li>Apr\u00e8s 12 mois cons\u00e9cutifs \u2013 100 $\/\u20ac\/\u00a3<\/li>\n<\/ul>\n<\/td>\n<\/tr>\n<tr>\n<td>Frais de conversion de devise<\/td>\n<td>0,5 %<\/td>\n<\/tr>\n<\/tbody>\n<\/table>\n<\/div>\n<h2 id=\"conclusion\"><i class=\"ico ico--pen\"><\/i>Conclusion sur les frais d&rsquo;AvaTrade<\/h2>\n<p>En conclusion, AvaTrade se distingue comme un courtier Forex et CFD aux tarifs comp\u00e9titifs, adapt\u00e9 aux traders de tous niveaux. Le courtier applique un mod\u00e8le sans commission, le spread constituant la principale r\u00e9mun\u00e9ration pour ses services, aussi bien sur les comptes Standard que Pro. De plus, ses atouts \u2013 vari\u00e9t\u00e9 des plateformes de trading, solidit\u00e9 des mesures de s\u00e9curit\u00e9 des fonds et outils innovants de gestion du risque \u2013 confortent sa position de courtier de premier plan. Gr\u00e2ce \u00e0 ces avantages, associ\u00e9s \u00e0 son engagement en mati\u00e8re de transparence et de satisfaction client, AvaTrade s&rsquo;impose comme un choix fiable et attractif pour les investisseurs \u00e0 la recherche d&rsquo;une exp\u00e9rience de trading compl\u00e8te et s\u00e9curis\u00e9e.<\/p>\n","protected":false},"excerpt":{"rendered":"<p>AvaTrade, un courtier de renomm\u00e9e mondiale sp\u00e9cialis\u00e9 dans le Forex et les CFD, propose plus de 1 000 march\u00e9s n\u00e9gociables. Sa principale source de revenus provient de l&rsquo;\u00e9cart entre l&rsquo;achat et la vente (spread). Cet examen complet vise \u00e0 informer les futurs traders des co\u00fbts de trading et hors trading pratiqu\u00e9s sur AvaTrade avant qu&rsquo;ils [&hellip;]<\/p>\n","protected":false},"author":2,"featured_media":0,"parent":12066,"menu_order":0,"comment_status":"closed","ping_status":"closed","template":"templates\/review.php","meta":{"footnotes":""},"class_list":["post-59612","page","type-page","status-publish","hentry"],"aioseo_notices":[],"_links":{"self":[{"href":"https:\/\/www.bestbrokers.com\/fr\/wp-json\/wp\/v2\/pages\/59612","targetHints":{"allow":["GET"]}}],"collection":[{"href":"https:\/\/www.bestbrokers.com\/fr\/wp-json\/wp\/v2\/pages"}],"about":[{"href":"https:\/\/www.bestbrokers.com\/fr\/wp-json\/wp\/v2\/types\/page"}],"author":[{"embeddable":true,"href":"https:\/\/www.bestbrokers.com\/fr\/wp-json\/wp\/v2\/users\/2"}],"replies":[{"embeddable":true,"href":"https:\/\/www.bestbrokers.com\/fr\/wp-json\/wp\/v2\/comments?post=59612"}],"version-history":[{"count":6,"href":"https:\/\/www.bestbrokers.com\/fr\/wp-json\/wp\/v2\/pages\/59612\/revisions"}],"predecessor-version":[{"id":71819,"href":"https:\/\/www.bestbrokers.com\/fr\/wp-json\/wp\/v2\/pages\/59612\/revisions\/71819"}],"up":[{"embeddable":true,"href":"https:\/\/www.bestbrokers.com\/fr\/wp-json\/wp\/v2\/pages\/12066"}],"wp:attachment":[{"href":"https:\/\/www.bestbrokers.com\/fr\/wp-json\/wp\/v2\/media?parent=59612"}],"curies":[{"name":"wp","href":"https:\/\/api.w.org\/{rel}","templated":true}]}}