{"id":59613,"date":"2025-03-19T09:33:26","date_gmt":"2025-03-19T09:33:26","guid":{"rendered":"https:\/\/www.bestbrokers.com\/?page_id=59613"},"modified":"2025-10-22T13:20:36","modified_gmt":"2025-10-22T13:20:36","slug":"spreads-fees-and-commissions","status":"publish","type":"page","link":"https:\/\/www.bestbrokers.com\/fr\/reviews\/ig\/spreads-fees-and-commissions\/","title":{"rendered":"Spreads, frais et commissions d&rsquo;IG"},"content":{"rendered":"<div class=\"author-line\">\u00c9crit par <span class=\"author\">Naylyan Nazifova<div class=\"author-sub-box\"><div class=\"author-avatar\"><img decoding=\"async\" src=\"https:\/\/www.bestbrokers.com\/wp-content\/uploads\/2026\/04\/nnazifova.webp\" \/><\/div><div class=\"author-info-wrapper\"><div class=\"author-name\"><a href=\"https:\/\/www.bestbrokers.com\/fr\/authors\/naylyan-nazifova\/\">Naylyan Nazifova<\/a><\/div><div class=\"author-bio\">Naylyan Nazifova est une experte reconnue dans le domaine du trading en ligne. Elle est l\u2019auteur de nombreuses publications et analyses portant sur le trading Forex, l\u2019investissement en actions et les finances personnelles.<\/div><\/div><\/div><\/span>,  <a rel=\"nofollow\" target=\"_blank\" href=\"https:\/\/www.linkedin.com\/in\/naylian-nazifova-58562a272\/\"><img decoding=\"async\" class=\"social-icon\" src=\"https:\/\/www.bestbrokers.com\/wp-content\/themes\/best-brokers\/assets\/images\/icon-linkedin.svg\" data-no-lazy=\"1\"><\/a> <span class=\"sep\">|<\/span> Traduit par <span class=\"author\">Agnes Orieux<div class=\"author-sub-box\"><div class=\"author-info-wrapper\"><div class=\"author-name\"><a href=\"https:\/\/www.bestbrokers.com\/fr\/authors\/agnes-orieux\/\">Agnes Orieux<\/a><\/div><div class=\"author-bio\">Agnes Orieux est une traductrice et r\u00e9dactrice de l'anglais vers le fran\u00e7ais, avec une exp\u00e9rience dans les march\u00e9s financiers. Elle est la r\u00e9dactrice principale de la version fran\u00e7aise de BestBrokers.com.<\/div><\/div><\/div><\/span> <span class=\"sep\">|<\/span> Mis \u00e0 jour : <time class=\"entry-date\" datetime=\"2025-10-22T13:20:36+00:00\">octobre 22, 2025<\/time><\/div>\n<p>Si vous envisagez de faire du trading avec IG, vous devez d&rsquo;abord prendre connaissance de l&rsquo;ensemble des conditions de trading que le courtier propose \u00e0 ses clients. Les <strong>frais de trading et les frais non li\u00e9s au trading<\/strong> sont des \u00e9l\u00e9ments auxquels il convient de pr\u00eater attention avant de vous engager dans des op\u00e9rations r\u00e9elles avec IG ou tout autre courtier, d&rsquo;ailleurs.<\/p>\n<p>Dans cet article, nous avons pass\u00e9 en revue les spreads, les commissions, les frais de financement overnight et toute autre frais susceptible d&rsquo;\u00eatre d\u00e9duit de votre solde lorsque vous n\u00e9gociez avec IG. Si vous souhaitez d\u00e9terminer si IG propose des solutions de trading \u00e9quitables et abordables, nous vous invitons \u00e0 poursuivre votre lecture.<\/p>\n<h2 id=\"costs\"><i class=\"ico ico--money-supply\"><\/i>Co\u00fbts de trading sur IG<\/h2>\n<p>IG constitue un excellent choix pour les traders qui souhaitent diversifier leur portefeuille. Selon votre pays de r\u00e9sidence et la r\u00e9glementation locale applicable, vous pouvez n\u00e9gocier des instruments Forex sous forme de <strong>turbos, options vanilla, options barri\u00e8res, CFD, spread betting<\/strong> ou m\u00eame acc\u00e9der directement au march\u00e9 via une plateforme DMA.<\/p>\n<p>Avec le trading de CFD, il est possible de r\u00e9aliser des gains quelle que soit l&rsquo;orientation du prix de l&rsquo;actif sous-jacent, le courtier permettant d&rsquo;ouvrir des positions \u00e0 l&rsquo;achat (long) comme \u00e0 la vente (short).<\/p>\n<p>Afin d\u2019\u00eatre totalement transparent avec sa client\u00e8le, IG a adopt\u00e9 un <strong>mod\u00e8le tarifaire bas\u00e9 exclusivement sur le spread<\/strong>. Autrement dit, le courtier ne pr\u00e9l\u00e8ve aucune commission (*d\u2019autres frais peuvent s\u2019appliquer) et l\u2019int\u00e9gralit\u00e9 du co\u00fbt de la transaction est incluse dans le spread, c\u2019est-\u00e0-dire la diff\u00e9rence entre le Bid et l\u2019Ask de l\u2019actif.<\/p>\n<p>Si vous optez pour les paris sur diff\u00e9rentiel ou les turbos Forex, vos ordres seront \u00e9galement exempts de commission. M\u00eame si les <strong>spreads peuvent \u00e9voluer dans le temps<\/strong> en fonction des conditions de march\u00e9, nous avons indiqu\u00e9 ci-dessous le spread moyen actuel qu\u2019IG applique sur quelques-unes des paires de devises les plus populaires.<\/p>\n<p>Comme les nouveaux inscrits ont la possibilit\u00e9 de n\u00e9gocier des contrats de plus petite taille, nous avons indiqu\u00e9 le co\u00fbt total de transaction pour les lots standards et les microlots.<\/p>\n<div class=\"table-responsive\">\n<table class=\"table table--colorful\">\n<thead>\n<tr>\n<th style=\"background-color: #fff;\" colspan=\"5\">Co\u00fbt moyen des spreads sur IG<\/th>\n<\/tr>\n<tr>\n<th>Paire de devises<\/th>\n<th>Spread (en pips)<\/th>\n<th>Commission par c\u00f4t\u00e9<\/th>\n<th>Co\u00fbt par microlot<\/th>\n<th>Co\u00fbt par lot standard<\/th>\n<\/tr>\n<\/thead>\n<tbody>\n<tr>\n<td>EUR\/USD<\/td>\n<td style=\"text-align: center;\">0,86<\/td>\n<td style=\"text-align: center;\">0 $<\/td>\n<td style=\"text-align: center;\">0,086 $<\/td>\n<td style=\"text-align: center;\">8,60 $<\/td>\n<\/tr>\n<tr>\n<td>USD\/JPY<\/td>\n<td style=\"text-align: center;\">0,97<\/td>\n<td style=\"text-align: center;\">0 $<\/td>\n<td style=\"text-align: center;\">0,065 $<\/td>\n<td style=\"text-align: center;\">6,52 $<\/td>\n<\/tr>\n<tr>\n<td>EUR\/GBP<\/td>\n<td style=\"text-align: center;\">1,83<\/td>\n<td style=\"text-align: center;\">0 $<\/td>\n<td style=\"text-align: center;\">0,244 $<\/td>\n<td style=\"text-align: center;\">24,47 $<\/td>\n<\/tr>\n<tr>\n<td>GBP\/USD<\/td>\n<td style=\"text-align: center;\">1,84<\/td>\n<td style=\"text-align: center;\">0 $<\/td>\n<td style=\"text-align: center;\">0,184 $<\/td>\n<td style=\"text-align: center;\">18,40 $<\/td>\n<\/tr>\n<tr>\n<td>AUD\/USD<\/td>\n<td style=\"text-align: center;\">1,07<\/td>\n<td style=\"text-align: center;\">0 $<\/td>\n<td style=\"text-align: center;\">0,107 $<\/td>\n<td style=\"text-align: center;\">10,70 $<\/td>\n<\/tr>\n<tr>\n<td>USD\/CAD<\/td>\n<td style=\"text-align: center;\">2,14<\/td>\n<td style=\"text-align: center;\">0 $<\/td>\n<td style=\"text-align: center;\">0,155 $<\/td>\n<td style=\"text-align: center;\">15,51 $<\/td>\n<\/tr>\n<tr>\n<td>USD\/CHF<\/td>\n<td style=\"text-align: center;\">1,95<\/td>\n<td style=\"text-align: center;\">0 $<\/td>\n<td style=\"text-align: center;\">0,242 $<\/td>\n<td style=\"text-align: center;\">24,21 $<\/td>\n<\/tr>\n<tr>\n<td>USD\/CNH<\/td>\n<td style=\"text-align: center;\">14,51<\/td>\n<td style=\"text-align: center;\">0 $<\/td>\n<td style=\"text-align: center;\">0,203 $<\/td>\n<td style=\"text-align: center;\">20,31 $<\/td>\n<\/tr>\n<tr>\n<td>NZD\/USD<\/td>\n<td style=\"text-align: center;\">2,52<\/td>\n<td style=\"text-align: center;\">0 $<\/td>\n<td style=\"text-align: center;\">0,252 $<\/td>\n<td style=\"text-align: center;\">25,20 $<\/td>\n<\/tr>\n<\/tbody>\n<\/table>\n<\/div>\n<p style=\"text-align: center; font-size: 13px;\"><em>*Tous les co\u00fbts de trading des paires sont exprim\u00e9s en USD<\/em><\/p>\n<p>Les spreads d&rsquo;IG sont particuli\u00e8rement comp\u00e9titifs, \u00e0 partir de 0,6 pip sur les principales paires Forex. Le courtier s\u2019efforce de maintenir des spreads proches de ce minimum, mais des mouvements de march\u00e9 brusques peuvent entra\u00eener leur \u00e9largissement.<\/p>\n<h2 id=\"overnight\"><i class=\"ico ico--clock\"><\/i>Co\u00fbts de financement overnight sur IG<\/h2>\n<p>Un frais sp\u00e9cifique \u00e0 prendre en compte est le rollover, pr\u00e9lev\u00e9 lorsque les traders laissent leurs positions ouvertes pendant la nuit. \u00c9galement appel\u00e9s swaps, ces frais s\u2019appliquent aux transactions sur les paires Forex, les indices et les mati\u00e8res premi\u00e8res. Si vous conservez vos turbo24 ouverts pendant la nuit, le niveau de knock-out (niveau de sortie) sera l\u00e9g\u00e8rement ajust\u00e9 plut\u00f4t que de vous facturer un suppl\u00e9ment. En revanche, pour les barri\u00e8res et les CFD, le courtier proc\u00e9dera \u00e0 un ajustement d\u2019int\u00e9r\u00eats sur votre solde.<\/p>\n<p>Les swaps peuvent \u00eatre d\u00e9bit\u00e9s ou cr\u00e9dit\u00e9s, selon l\u2019\u00e9volution du march\u00e9. Pour calculer les taux de swap sur les turbo24, IG utilise les formules suivantes :<\/p>\n<blockquote><p>Pour les Turbos Forex longs : Tom-next rate + Knock-out level \u00d7 (Frais administratifs* \u00d7 [n**\/365])<br \/>\nPour les Turbos Forex shorts : Tom-next rate \u2013 Knock-out level \u00d7 (Frais administratifs* \u00d7 [n**\/365])<\/p><\/blockquote>\n<p style=\"text-align: center; font-size: 13px;\"><em>* frais fixe de 2,5 % par an<\/em><\/p>\n<p style=\"text-align: center; font-size: 13px;\"><em>**n = 3 le vendredi ; n = 1 du lundi au jeudi<\/em><\/p>\n<p>Pour les barri\u00e8res Forex, les taux de swap sont calcul\u00e9s \u00e0 l\u2019aide de la formule suivante :<\/p>\n<blockquote><p>Nombre de contrats \u00d7 Taux tom-next actuel<\/p><\/blockquote>\n<p>De plus, les traders se verront facturer des <strong>frais administratifs de 0,8 %<\/strong> par an s\u2019ils conservent des options barri\u00e8res overnight.<\/p>\n<p>Si le taux tom-next est inf\u00e9rieur \u00e0 z\u00e9ro, les traders d\u2019options barri\u00e8res d\u00e9tiendront un d\u00e9bit d\u2019int\u00e9r\u00eats sur leurs positions short, tandis que les positions long donneront lieu \u00e0 un cr\u00e9dit d\u2019int\u00e9r\u00eats sur leur solde.<\/p>\n<p>\u00c0 l\u2019inverse, un taux tom-next sup\u00e9rieur \u00e0 z\u00e9ro implique un d\u00e9bit d\u2019int\u00e9r\u00eats pour les positions long conserv\u00e9es overnight, alors qu\u2019une position short sera, dans ce cas, cr\u00e9dit\u00e9e.<\/p>\n<p>Si vous n\u00e9gociez des paires Forex via le spread betting ou les CFD, le courtier appliquera la formule suivante :<\/p>\n<blockquote><p>Nombre de nuits \u00d7 (Taux tom-next* incluant les frais administratifs annuels**) \u00d7 Taille de la position<\/p><\/blockquote>\n<p style=\"text-align: center; font-size: 13px;\"><em>*Les taux tom-next sont ceux du march\u00e9 sous-jacent<\/em><\/p>\n<p style=\"text-align: center; font-size: 13px;\"><em>**frais administratifs de 0,8 % par an<\/em><\/p>\n<p>Vous trouverez ci-dessous les taux de swap actuellement appliqu\u00e9s aux transactions Forex r\u00e9alis\u00e9es avec un compte IG. Gardez \u00e0 l\u2019esprit que ces taux ne sont pas fixes et peuvent diff\u00e9rer des valeurs indiqu\u00e9es, car le march\u00e9 sous-jacent \u00e9volue en permanence.<\/p>\n<div class=\"table-responsive\">\n<table class=\"table table--colorful\">\n<thead>\n<tr>\n<th style=\"background-color: #fff;\" colspan=\"4\">Taux de swap sur les paires Forex populaires (taille mini-lot)<\/th>\n<\/tr>\n<tr>\n<th>Symbole<\/th>\n<th>Volume en lots (mini)<\/th>\n<th>Swap long<\/th>\n<th>Swap short<\/th>\n<\/tr>\n<\/thead>\n<tbody>\n<tr>\n<td>EUR\/USD<\/td>\n<td style=\"text-align: center;\">1<\/td>\n<td style=\"text-align: center;\">-0,75<\/td>\n<td style=\"text-align: center;\">0,19<\/td>\n<\/tr>\n<tr>\n<td>USD\/JPY<\/td>\n<td style=\"text-align: center;\">1<\/td>\n<td style=\"text-align: center;\">3<\/td>\n<td style=\"text-align: center;\">-3,88<\/td>\n<\/tr>\n<tr>\n<td>EUR\/GBP<\/td>\n<td style=\"text-align: center;\">1<\/td>\n<td style=\"text-align: center;\">-0,63<\/td>\n<td style=\"text-align: center;\">0,17<\/td>\n<\/tr>\n<tr>\n<td>GBP\/USD<\/td>\n<td style=\"text-align: center;\">1<\/td>\n<td style=\"text-align: center;\">-0,30<\/td>\n<td style=\"text-align: center;\">-0,36<\/td>\n<\/tr>\n<tr>\n<td>AUD\/USD<\/td>\n<td style=\"text-align: center;\">1<\/td>\n<td style=\"text-align: center;\">-0,21<\/td>\n<td style=\"text-align: center;\">-0,17<\/td>\n<\/tr>\n<tr>\n<td>USD\/CAD<\/td>\n<td style=\"text-align: center;\">1<\/td>\n<td style=\"text-align: center;\">1,22<\/td>\n<td style=\"text-align: center;\">-2,14<\/td>\n<\/tr>\n<tr>\n<td>USD\/CHF<\/td>\n<td style=\"text-align: center;\">1<\/td>\n<td style=\"text-align: center;\">0,77<\/td>\n<td style=\"text-align: center;\">-1,27<\/td>\n<\/tr>\n<tr>\n<td>USD\/CNH<\/td>\n<td style=\"text-align: center;\">1<\/td>\n<td style=\"text-align: center;\">-4,47<\/td>\n<td style=\"text-align: center;\">-3,73<\/td>\n<\/tr>\n<tr>\n<td>NZD\/USD<\/td>\n<td style=\"text-align: center;\">1<\/td>\n<td style=\"text-align: center;\">-0,18<\/td>\n<td style=\"text-align: center;\">-0,16<\/td>\n<\/tr>\n<\/tbody>\n<\/table>\n<\/div>\n<h2 id=\"swap\"><i class=\"ico ico--islamic-account\"><\/i>Co\u00fbts de trading sans swap sur IG<\/h2>\n<p>Malheureusement, IG ne propose plus la possibilit\u00e9 d\u2019ouvrir un compte exempt de swap, m\u00eame pour ses clients musulmans. Cela signifie que des int\u00e9r\u00eats seront cr\u00e9dit\u00e9s ou d\u00e9bit\u00e9s sur tout compte conservant des positions overnight, entra\u00eenant les <strong>frais overnight<\/strong> \u00e9voqu\u00e9s pr\u00e9c\u00e9demment.<\/p>\n<h2 id=\"other\"><i class=\"ico ico--administration-fees\"><\/i>Frais hors trading sur IG<\/h2>\n<p>En plus des spreads et des taux de swap, les traders doivent tenir compte des autres surcharges susceptibles de s\u2019appliquer \u00e0 leur compte IG. L\u2019ouverture d\u2019un compte chez IG est gratuite, tout comme la tenue de votre profil de trading. De mani\u00e8re g\u00e9n\u00e9rale, IG autorise le d\u00e9p\u00f4t et le retrait de fonds sans frais. Toutefois, les paiements par carte de cr\u00e9dit ou par carte de d\u00e9bit non britannique peuvent entra\u00eener des frais, les <strong>transactions inf\u00e9rieures \u00e0 100 \u00a3 donnant lieu \u00e0 un pr\u00e9l\u00e8vement de 15 \u00a3<\/strong>.<\/p>\n<p>Si aucune activit\u00e9 de trading n\u2019est enregistr\u00e9e sur votre compte IG pendant plus de 24 mois cons\u00e9cutifs, le courtier fermera votre compte. Aucun frais d\u2019inactivit\u00e9 ne sera pr\u00e9lev\u00e9, mais vous devrez contacter l\u2019\u00e9quipe IG pour r\u00e9activer l\u2019ancien compte ou retirer les fonds qui pourraient y rester.<\/p>\n<p>Pour optimiser l\u2019exp\u00e9rience des traders, le courtier propose un arsenal d\u2019outils et de services susceptibles d\u2019am\u00e9liorer vos sessions. Le VPS (Virtual Private Server) fait partie des services avanc\u00e9s disponibles. Il permet de r\u00e9duire la latence et d\u2019augmenter les chances de r\u00e9ussite de vos strat\u00e9gies algorithmiques. Vous pouvez b\u00e9n\u00e9ficier d\u2019un h\u00e9bergement VPS MT4 gratuit en maintenant un <strong>solde de compte d\u2019au moins 2 000 $<\/strong>, ou opter pour un abonnement payant de 50 $ par mois.<\/p>\n<p>Si vous avez n\u00e9goci\u00e9 des actions susceptibles de vous donner droit \u00e0 des dividendes, vous devez fournir un formulaire W-8 ou W-9. Si vous ne le faites pas avant la date ex-dividende correspondante, vous devrez acquitter des <strong>frais de documentation de compte de 50 $<\/strong>.<\/p>\n<p>Des graphiques avanc\u00e9s via ProRealTime peuvent \u00e9galement \u00eatre mis \u00e0 la disposition de certains clients IG. Ceux qui effectuent <strong>quatre transactions de gros volume ou plus par mois<\/strong> peuvent y acc\u00e9der gratuitement ; dans le cas contraire, un abonnement payant de 30 \u00a3 par mois est propos\u00e9.<\/p>\n<div class=\"table-responsive\">\n<table class=\"table\">\n<thead>\n<tr>\n<th colspan=\"2\">Frais hors trading sur IG<\/th>\n<\/tr>\n<\/thead>\n<tbody>\n<tr>\n<td>Frais de d\u00e9p\u00f4t<\/td>\n<td>Les paiements par carte de cr\u00e9dit ou de d\u00e9bit peuvent entra\u00eener des frais ; les virements le jour m\u00eame inf\u00e9rieurs \u00e0 100 \u00a3 comportent une surcharge de 15 \u00a3<\/td>\n<\/tr>\n<tr>\n<td>Frais de retrait<\/td>\n<td>Gratuit<\/td>\n<\/tr>\n<tr>\n<td>Frais d\u2019ouverture de compte<\/td>\n<td>Gratuit<\/td>\n<\/tr>\n<tr>\n<td>Frais d\u2019inactivit\u00e9<\/td>\n<td>Aucun<\/td>\n<\/tr>\n<tr>\n<td>Abonnement VPS<\/td>\n<td>\n<ul class=\"list-checks\">\n<li>50 $ par mois ;<\/li>\n<li>Gratuit pour les traders dont le solde MT4 est de 2 000 $ ou plus<\/li>\n<\/ul>\n<\/td>\n<\/tr>\n<tr>\n<td>Graphiques ProRealTime<\/td>\n<td>\n<ul class=\"list-checks\">\n<li>Abonnement de 30 \u00a3 par mois ;<\/li>\n<li>Rembours\u00e9 pour les traders qui effectuent quatre transactions de gros volume ou plus par mois<\/li>\n<\/ul>\n<\/td>\n<\/tr>\n<tr>\n<td>Frais de documentation<\/td>\n<td>Frais de 50 $ appliqu\u00e9s aux comptes n\u2019ayant pas fourni le formulaire obligatoire W-8 ou W-9 avant la date ex-dividende relative aux op\u00e9rations sur actions am\u00e9ricaines \u00e9ligibles<\/td>\n<\/tr>\n<\/tbody>\n<\/table>\n<\/div>\n<h2 id=\"conclusion\"><i class=\"ico ico--pen\"><\/i>Conclusion sur les frais IG<\/h2>\n<p>N\u00e9gocier avec IG offre aux investisseurs Forex et CFD la libert\u00e9 d\u2019explorer diverses options, de diversifier leur portefeuille et de b\u00e9n\u00e9ficier d\u2019un excellent rapport qualit\u00e9-prix. Gr\u00e2ce \u00e0 un mod\u00e8le de r\u00e9mun\u00e9ration bas\u00e9 uniquement sur le spread, disponible sur la plupart des produits propos\u00e9s par IG, les traders Forex peuvent profiter de co\u00fbts r\u00e9duits, avec des spreads souvent aussi bas que <strong>0,6 pip<\/strong> sur les grandes paires.<\/p>\n<p>Aucun frais cach\u00e9 : IG est transparent sur les co\u00fbts pouvant intervenir lors de la tenue de positions overnight ou de la demande d\u2019acc\u00e8s \u00e0 des outils avanc\u00e9s tels que l\u2019h\u00e9bergement VPS ou les graphiques ProRealTime. Qui plus est, des volumes de transaction \u00e9lev\u00e9s peuvent supprimer les frais li\u00e9s \u00e0 ces outils, garantissant ainsi des conditions de trading particuli\u00e8rement \u00e9conomiques chez IG.<\/p>\n","protected":false},"excerpt":{"rendered":"<p>Si vous envisagez de faire du trading avec IG, vous devez d&rsquo;abord prendre connaissance de l&rsquo;ensemble des conditions de trading que le courtier propose \u00e0 ses clients. Les frais de trading et les frais non li\u00e9s au trading sont des \u00e9l\u00e9ments auxquels il convient de pr\u00eater attention avant de vous engager dans des op\u00e9rations r\u00e9elles [&hellip;]<\/p>\n","protected":false},"author":2,"featured_media":0,"parent":11983,"menu_order":0,"comment_status":"closed","ping_status":"closed","template":"templates\/review.php","meta":{"footnotes":""},"class_list":["post-59613","page","type-page","status-publish","hentry"],"aioseo_notices":[],"_links":{"self":[{"href":"https:\/\/www.bestbrokers.com\/fr\/wp-json\/wp\/v2\/pages\/59613","targetHints":{"allow":["GET"]}}],"collection":[{"href":"https:\/\/www.bestbrokers.com\/fr\/wp-json\/wp\/v2\/pages"}],"about":[{"href":"https:\/\/www.bestbrokers.com\/fr\/wp-json\/wp\/v2\/types\/page"}],"author":[{"embeddable":true,"href":"https:\/\/www.bestbrokers.com\/fr\/wp-json\/wp\/v2\/users\/2"}],"replies":[{"embeddable":true,"href":"https:\/\/www.bestbrokers.com\/fr\/wp-json\/wp\/v2\/comments?post=59613"}],"version-history":[{"count":5,"href":"https:\/\/www.bestbrokers.com\/fr\/wp-json\/wp\/v2\/pages\/59613\/revisions"}],"predecessor-version":[{"id":71802,"href":"https:\/\/www.bestbrokers.com\/fr\/wp-json\/wp\/v2\/pages\/59613\/revisions\/71802"}],"up":[{"embeddable":true,"href":"https:\/\/www.bestbrokers.com\/fr\/wp-json\/wp\/v2\/pages\/11983"}],"wp:attachment":[{"href":"https:\/\/www.bestbrokers.com\/fr\/wp-json\/wp\/v2\/media?parent=59613"}],"curies":[{"name":"wp","href":"https:\/\/api.w.org\/{rel}","templated":true}]}}