{"id":59615,"date":"2025-03-19T09:33:27","date_gmt":"2025-03-19T09:33:27","guid":{"rendered":"https:\/\/www.bestbrokers.com\/?page_id=59615"},"modified":"2026-03-11T09:49:49","modified_gmt":"2026-03-11T09:49:49","slug":"spreads-fees-and-commissions","status":"publish","type":"page","link":"https:\/\/www.bestbrokers.com\/fr\/reviews\/vantage-fx\/spreads-fees-and-commissions\/","title":{"rendered":"Spreads, frais et commissions de Vantage"},"content":{"rendered":"<div class=\"author-line\">\u00c9crit par <span class=\"author\">Naylyan Nazifova<div class=\"author-sub-box\"><div class=\"author-info-wrapper\"><div class=\"author-name\"><a href=\"https:\/\/www.bestbrokers.com\/fr\/authors\/naylyan-nazifova\/\">Naylyan Nazifova<\/a><\/div><div class=\"author-bio\">Naylyan Nazifova est une experte reconnue dans le domaine du trading en ligne. Elle est l\u2019auteur de nombreuses publications et analyses portant sur le trading Forex, l\u2019investissement en actions et les finances personnelles.<\/div><\/div><\/div><\/span>,  <a rel=\"nofollow\" target=\"_blank\" href=\"https:\/\/www.linkedin.com\/in\/naylian-nazifova-58562a272\/\"><img decoding=\"async\" class=\"social-icon\" src=\"https:\/\/www.bestbrokers.com\/wp-content\/themes\/best-brokers\/assets\/images\/icon-linkedin.svg\" data-no-lazy=\"1\"><\/a> <span class=\"sep\">|<\/span> Traduit par <span class=\"author\">Agnes Orieux<div class=\"author-sub-box\"><div class=\"author-info-wrapper\"><div class=\"author-name\"><a href=\"https:\/\/www.bestbrokers.com\/fr\/authors\/agnes-orieux\/\">Agnes Orieux<\/a><\/div><div class=\"author-bio\">Agnes Orieux est une traductrice et r\u00e9dactrice de l'anglais vers le fran\u00e7ais, avec une exp\u00e9rience dans les march\u00e9s financiers. Elle est la r\u00e9dactrice principale de la version fran\u00e7aise de BestBrokers.com.<\/div><\/div><\/div><\/span> <span class=\"sep\">|<\/span> Mis \u00e0 jour : <time class=\"entry-date\" datetime=\"2026-03-11T09:49:49+00:00\">mars 11, 2026<\/time><\/div>\n<p>Cr\u00e9\u00e9 en 2009, Vantage est un courtier CFD de premier plan, qui compte plus de 5 M d\u2019utilisateurs enregistr\u00e9s et un portefeuille de plus de 1 000 instruments financiers. Faire du trading avec cette marque pr\u00e9sente de nombreux avantages, notamment des spreads comp\u00e9titifs, des outils et fonctionnalit\u00e9s de trading avanc\u00e9s, une ex\u00e9cution rapide et des ressources p\u00e9dagogiques gratuites. De plus, la structure tarifaire transparente du courtier permet aux traders de comprendre les co\u00fbts associ\u00e9s \u00e0 leurs op\u00e9rations. Ce guide fournit des informations d\u00e9taill\u00e9es sur les co\u00fbts de trading et hors trading li\u00e9s aux types de comptes les plus populaires de Vantage.<\/p>\n<h2 id=\"costs\"><i class=\"ico ico--money-supply\"><\/i>Frais de trading de Vantage<\/h2>\n<p>Vantage propose plusieurs types de comptes de trading con\u00e7us pour les traders de tous niveaux d\u2019exp\u00e9rience. Les options incluent un <strong>compte Standard STP <\/strong>destin\u00e9 aux traders d\u00e9butants, un <strong>compte Raw ECN <\/strong>adapt\u00e9 aux traders exp\u00e9riment\u00e9s, et un <strong>compte Pro ECN<\/strong> con\u00e7u pour les professionnels. En outre, toutes les options ci-dessus peuvent \u00eatre converties en compte sans swap pour les traders qui ne peuvent pas payer ou percevoir de swaps pour des raisons religieuses. Les d\u00e9butants peuvent \u00e9galement commencer par un compte de d\u00e9monstration et am\u00e9liorer leurs comp\u00e9tences de trading avec des fonds virtuels.<\/p>\n<p>Vantage prend en charge plusieurs plateformes de trading adapt\u00e9es aux besoins et pr\u00e9f\u00e9rences vari\u00e9s des traders. Les utilisateurs peuvent n\u00e9gocier sur l\u2019application Vantage App, MT4, MT5, ProTrader (propuls\u00e9 par TradingView), le Copy Trading ou la plateforme de trading d\u00e9mo.<\/p>\n<p>Quel que soit le type de compte choisi, les traders b\u00e9n\u00e9ficient d\u2019une comp\u00e9titivit\u00e9 et d\u2019une transparence tarifaire totales. Avec une taille minimale de position de seulement 0,01 lot, plus de 1 000 actifs disponibles et plusieurs devises de base, Vantage offre d\u2019excellentes conditions de trading.<\/p>\n<p>Dans cette section, nous nous concentrerons principalement sur les caract\u00e9ristiques des comptes Standard STP et Raw ECN du courtier, en calculant les co\u00fbts de trading associ\u00e9s afin de donner aux clients potentiels une id\u00e9e pr\u00e9cise de leurs d\u00e9penses.<\/p>\n<p>Commen\u00e7ons par les commissions aller-retour du compte Raw ECN selon les devises disponibles pour les comptes des clients Vantage, avec des calculs pour le trading de lots standard, mini et micro.<\/p>\n<div class=\"table-responsive\">\n<table class=\"table table--colorful\">\n<thead>\n<tr>\n<th style=\"background-color: #fff;\" colspan=\"4\">Commissions aller-retour du compte Raw ECN selon la devise du compte<\/th>\n<\/tr>\n<tr>\n<th>Devise du compte de trading<\/th>\n<th>Par lot standard<\/th>\n<th>Par mini-lot<\/th>\n<th>Par micro-lot<\/th>\n<\/tr>\n<\/thead>\n<tbody>\n<tr>\n<td>AUD<\/td>\n<td style=\"text-align: center;\">6,00 $<\/td>\n<td style=\"text-align: center;\">0,60 $<\/td>\n<td style=\"text-align: center;\">0,06 $<\/td>\n<\/tr>\n<tr>\n<td>USD<\/td>\n<td style=\"text-align: center;\">6,00 $<\/td>\n<td style=\"text-align: center;\">0,60 $<\/td>\n<td style=\"text-align: center;\">0,06 $<\/td>\n<\/tr>\n<tr>\n<td>GBP<\/td>\n<td style=\"text-align: center;\">4,00 \u00a3<\/td>\n<td style=\"text-align: center;\">0,40 \u00a3<\/td>\n<td style=\"text-align: center;\">0,04 \u00a3<\/td>\n<\/tr>\n<tr>\n<td>EUR<\/td>\n<td style=\"text-align: center;\">5,00 \u20ac<\/td>\n<td style=\"text-align: center;\">0,50 \u20ac<\/td>\n<td style=\"text-align: center;\">0,05 \u20ac<\/td>\n<\/tr>\n<tr>\n<td>SGD<\/td>\n<td style=\"text-align: center;\">7,00 $<\/td>\n<td style=\"text-align: center;\">0,70 $<\/td>\n<td style=\"text-align: center;\">0,07 $<\/td>\n<\/tr>\n<tr>\n<td>JPY<\/td>\n<td style=\"text-align: center;\">550,00 \u00a5<\/td>\n<td style=\"text-align: center;\">55 \u00a5<\/td>\n<td style=\"text-align: center;\">5,50 \u00a5<\/td>\n<\/tr>\n<tr>\n<td>NZD<\/td>\n<td style=\"text-align: center;\">6,50 $<\/td>\n<td style=\"text-align: center;\">0,65 $<\/td>\n<td style=\"text-align: center;\">0,065 $<\/td>\n<\/tr>\n<tr>\n<td>CAD<\/td>\n<td style=\"text-align: center;\">6,00 $<\/td>\n<td style=\"text-align: center;\">0,60 $<\/td>\n<td style=\"text-align: center;\">0,06 $<\/td>\n<\/tr>\n<tr>\n<td>PLN<\/td>\n<td style=\"text-align: center;\">30,00 z\u0142<\/td>\n<td style=\"text-align: center;\">3 z\u0142<\/td>\n<td style=\"text-align: center;\">0,30 z\u0142<\/td>\n<\/tr>\n<tr>\n<td>HKD<\/td>\n<td style=\"text-align: center;\">50,00 $<\/td>\n<td style=\"text-align: center;\">5 $<\/td>\n<td style=\"text-align: center;\">0,50 $<\/td>\n<\/tr>\n<tr>\n<td>INR<\/td>\n<td style=\"text-align: center;\">500,00 \u20b9<\/td>\n<td style=\"text-align: center;\">50 \u20b9<\/td>\n<td style=\"text-align: center;\">5 \u20b9<\/td>\n<\/tr>\n<\/tbody>\n<\/table>\n<\/div>\n<p>Nous allons \u00e0 pr\u00e9sent expliquer les co\u00fbts de trading associ\u00e9s \u00e0 l\u2019ex\u00e9cution d\u2019un lot standard sur la paire GBP\/USD avec les comptes Standard STP et Raw ECN de Vantage Markets, en consid\u00e9rant qu\u2019un pip vaut 10 $. Le spread de Vantage sur la paire GBP\/USD commence \u00e0 1,31 pip pour le compte Standard STP et \u00e0 0,21 pip pour le compte Raw ECN, auquel s\u2019ajoute une commission. Supposons que la position soit ouverte et cl\u00f4tur\u00e9e au m\u00eame prix.<\/p>\n<hr style=\"height: 2px; border-width: 0; color: #dee2e6; background-color: #dee2e6; clear: both;\" \/>\n<p><strong>Compte Vantage Standard STP :<\/strong><\/p>\n<p>Spread : 1,31<br \/>\nCo\u00fbt total : 1,31 x 10 $ = 13,10 $ par c\u00f4t\u00e9, soit 26,20 $ par aller-retour sur 1 lot<\/p>\n<hr style=\"height: 2px; border-width: 0; color: #dee2e6; background-color: #dee2e6; clear: both;\" \/>\n<p><strong>Compte Vantage Raw ECN :<\/strong><\/p>\n<p>Spread : 0,21<br \/>\nCo\u00fbt du spread : 0,21 x 10 $ = 2,10 $ par c\u00f4t\u00e9<br \/>\nCommission : 3,00 $ par c\u00f4t\u00e9<br \/>\nCo\u00fbt total : (2,10 $) x 2 + (3,00 $) x 2 = 4,20 $ + 6 $ = 10,20 $ par aller-retour sur 1 lot<\/p>\n<hr style=\"height: 2px; border-width: 0; color: #dee2e6; background-color: #dee2e6; clear: both;\" \/>\n<p>Maintenant que nous avons compar\u00e9 les co\u00fbts de trading totaux des comptes Standard STP et Raw ECN de Vantage, nous pouvons conclure que ce dernier offre des conditions plus comp\u00e9titives.<\/p>\n<p>Vous trouverez ci-dessous les co\u00fbts de trading de plusieurs paires de devises populaires avec le compte Standard STP de Vantage, qui applique un mod\u00e8le sans commission. Veuillez noter que les co\u00fbts par micro-lot et par lot standard correspondent \u00e0 un seul c\u00f4t\u00e9 de la transaction.<\/p>\n<div class=\"table-responsive\">\n<table class=\"table table--colorful\">\n<thead>\n<tr>\n<th style=\"background-color: #fff;\" colspan=\"5\">Co\u00fbt moyen du spread avec le compte Standard de Vantage<\/th>\n<\/tr>\n<tr>\n<th>Paire de devises<\/th>\n<th>Spread (en pips)<\/th>\n<th>Commission par c\u00f4t\u00e9<\/th>\n<th>Co\u00fbt par micro-lot<\/th>\n<th>Co\u00fbt par lot standard<\/th>\n<\/tr>\n<\/thead>\n<tbody>\n<tr>\n<td>EUR\/USD<\/td>\n<td style=\"text-align: center;\">1,23<\/td>\n<td style=\"text-align: center;\">0 $<\/td>\n<td style=\"text-align: center;\">0,123 $<\/td>\n<td style=\"text-align: center;\">12,30 $<\/td>\n<\/tr>\n<tr>\n<td>USD\/JPY<\/td>\n<td style=\"text-align: center;\">1,36<\/td>\n<td style=\"text-align: center;\">0 $<\/td>\n<td style=\"text-align: center;\">0,092 $<\/td>\n<td style=\"text-align: center;\">9,17 $<\/td>\n<\/tr>\n<tr>\n<td>EUR\/GBP<\/td>\n<td style=\"text-align: center;\">1,29<\/td>\n<td style=\"text-align: center;\">0 $<\/td>\n<td style=\"text-align: center;\">0,174 $<\/td>\n<td style=\"text-align: center;\">17,35 $<\/td>\n<\/tr>\n<tr>\n<td>GBP\/USD<\/td>\n<td style=\"text-align: center;\">1,31<\/td>\n<td style=\"text-align: center;\">0 $<\/td>\n<td style=\"text-align: center;\">0,131 $<\/td>\n<td style=\"text-align: center;\">13,10 $<\/td>\n<\/tr>\n<tr>\n<td>AUD\/USD<\/td>\n<td style=\"text-align: center;\">1,45<\/td>\n<td style=\"text-align: center;\">0 $<\/td>\n<td style=\"text-align: center;\">0,145 $<\/td>\n<td style=\"text-align: center;\">14,50 $<\/td>\n<\/tr>\n<tr>\n<td>USD\/CAD<\/td>\n<td style=\"text-align: center;\">1,17<\/td>\n<td style=\"text-align: center;\">0 $<\/td>\n<td style=\"text-align: center;\">0,085 $<\/td>\n<td style=\"text-align: center;\">8,47 $<\/td>\n<\/tr>\n<tr>\n<td>USD\/CHF<\/td>\n<td style=\"text-align: center;\">1,84<\/td>\n<td style=\"text-align: center;\">0 $<\/td>\n<td style=\"text-align: center;\">0,229 $<\/td>\n<td style=\"text-align: center;\">22,86 $<\/td>\n<\/tr>\n<tr>\n<td>USD\/CNH<\/td>\n<td style=\"text-align: center;\">3,75<\/td>\n<td style=\"text-align: center;\">0 $<\/td>\n<td style=\"text-align: center;\">0,053 $<\/td>\n<td style=\"text-align: center;\">5,25 $<\/td>\n<\/tr>\n<tr>\n<td>NZD\/USD<\/td>\n<td style=\"text-align: center;\">1,41<\/td>\n<td style=\"text-align: center;\">0 $<\/td>\n<td style=\"text-align: center;\">0,141 $<\/td>\n<td style=\"text-align: center;\">14,10 $<\/td>\n<\/tr>\n<\/tbody>\n<\/table>\n<\/div>\n<p style=\"text-align: center; font-size: 13px;\"><em>*Les co\u00fbts de trading des paires de devises sont exprim\u00e9s en USD<\/em><\/p>\n<p>Nous utiliserons les m\u00eames paires de devises pour illustrer les co\u00fbts de trading associ\u00e9s au compte Vantage Raw ECN, qui propose des spreads plus serr\u00e9s et un mod\u00e8le tarifaire \u00e0 commission. Les co\u00fbts par micro-lot et par lot standard correspondent \u00e0 un seul c\u00f4t\u00e9 de la transaction.<\/p>\n<div class=\"table-responsive\">\n<table class=\"table table--colorful\">\n<thead>\n<tr>\n<th style=\"background-color: #fff;\" colspan=\"5\">Co\u00fbt moyen du spread avec le compte Raw de Vantage<\/th>\n<\/tr>\n<tr>\n<th>Paire de devises<\/th>\n<th>Spread (en pips)<\/th>\n<th>Commission par c\u00f4t\u00e9<\/th>\n<th>Co\u00fbt par micro-lot<\/th>\n<th>Co\u00fbt par lot standard<\/th>\n<\/tr>\n<\/thead>\n<tbody>\n<tr>\n<td>EUR\/USD<\/td>\n<td style=\"text-align: center;\">0,13<\/td>\n<td style=\"text-align: center;\">0,03 $\/3,00 $<\/td>\n<td style=\"text-align: center;\">0,043 $<\/td>\n<td style=\"text-align: center;\">4,30 $<\/td>\n<\/tr>\n<tr>\n<td>USD\/JPY<\/td>\n<td style=\"text-align: center;\">0,26<\/td>\n<td style=\"text-align: center;\">0,03 $\/3,00 $<\/td>\n<td style=\"text-align: center;\">0,048 $<\/td>\n<td style=\"text-align: center;\">4,75 $<\/td>\n<\/tr>\n<tr>\n<td>EUR\/GBP<\/td>\n<td style=\"text-align: center;\">0,19<\/td>\n<td style=\"text-align: center;\">0,03 $\/3,00 $<\/td>\n<td style=\"text-align: center;\">0,056 $<\/td>\n<td style=\"text-align: center;\">5,56 $<\/td>\n<\/tr>\n<tr>\n<td>GBP\/USD<\/td>\n<td style=\"text-align: center;\">0,21<\/td>\n<td style=\"text-align: center;\">0,03 $\/3,00 $<\/td>\n<td style=\"text-align: center;\">0,051 $<\/td>\n<td style=\"text-align: center;\">5,10 $<\/td>\n<\/tr>\n<tr>\n<td>AUD\/USD<\/td>\n<td style=\"text-align: center;\">0,35<\/td>\n<td style=\"text-align: center;\">0,03 $\/3,00 $<\/td>\n<td style=\"text-align: center;\">0,065 $<\/td>\n<td style=\"text-align: center;\">6,50 $<\/td>\n<\/tr>\n<tr>\n<td>USD\/CAD<\/td>\n<td style=\"text-align: center;\">0,07<\/td>\n<td style=\"text-align: center;\">0,03 $\/3,00 $<\/td>\n<td style=\"text-align: center;\">0,035 $<\/td>\n<td style=\"text-align: center;\">3,51 $<\/td>\n<\/tr>\n<tr>\n<td>USD\/CHF<\/td>\n<td style=\"text-align: center;\">0,74<\/td>\n<td style=\"text-align: center;\">0,03 $\/3,00 $<\/td>\n<td style=\"text-align: center;\">0,122 $<\/td>\n<td style=\"text-align: center;\">12,19 $<\/td>\n<\/tr>\n<tr>\n<td>USD\/CNH<\/td>\n<td style=\"text-align: center;\">2,65<\/td>\n<td style=\"text-align: center;\">0,03 $\/3,00 $<\/td>\n<td style=\"text-align: center;\">0,067 $<\/td>\n<td style=\"text-align: center;\">6,71 $<\/td>\n<\/tr>\n<tr>\n<td>NZD\/USD<\/td>\n<td style=\"text-align: center;\">0,31<\/td>\n<td style=\"text-align: center;\">0,03 $\/3,00 $<\/td>\n<td style=\"text-align: center;\">0,061 $<\/td>\n<td style=\"text-align: center;\">6,10 $<\/td>\n<\/tr>\n<\/tbody>\n<\/table>\n<\/div>\n<p style=\"text-align: center; font-size: 13px;\"><em>*Les co\u00fbts de trading des paires de devises sont exprim\u00e9s en USD<\/em><\/p>\n<p>Les spreads des comptes Pro ECN de Vantage sont identiques \u00e0 ceux du compte Raw ECN, avec l\u2019avantage suppl\u00e9mentaire d\u2019une commission r\u00e9duite \u00e0 1,5 $ par c\u00f4t\u00e9, soit 3 $ par aller-retour. Notez que le d\u00e9p\u00f4t minimum requis pour ce type de compte commence \u00e0 10 000 $.<\/p>\n<h2 id=\"overnight\"><i class=\"ico ico--clock\"><\/i>Frais de financement overnight sur Vantage<\/h2>\n<p>Outre les spreads et les commissions de Vantage, les traders doivent conna\u00eetre les frais de financement overnight du courtier. Ils sont \u00e9galement appel\u00e9s taux de swap ou int\u00e9r\u00eats de rollover, factur\u00e9s pour maintenir des positions ouvertes pendant la nuit.<\/p>\n<p>\u00c0 la fin de la journ\u00e9e de trading, les traders peuvent soit cl\u00f4turer leurs positions, soit les maintenir ouvertes, ce qui entra\u00eene la perception d\u2019int\u00e9r\u00eats. Selon l\u2019instrument Forex et la direction de la position, les brokers versent ou pr\u00e9l\u00e8vent ce taux de swap sur les comptes des traders. Lorsqu\u2019un trader ach\u00e8te une devise dont le taux d\u2019int\u00e9r\u00eat est sup\u00e9rieur \u00e0 celui de la devise vendue, un cr\u00e9dit est appliqu\u00e9 au compte via un swap. \u00c0 l\u2019inverse, si le taux d\u2019int\u00e9r\u00eat de la devise achet\u00e9e est inf\u00e9rieur, le swap entra\u00eenera un d\u00e9bit sur le compte.<\/p>\n<p>Les traders peuvent consulter les taux de swap de la paire Forex qui les int\u00e9resse en se rendant sur la plateforme de trading de leur choix et en cliquant avec le bouton droit sur l\u2019instrument concern\u00e9. Dans la section \u00ab Sp\u00e9cification du march\u00e9 \u00bb, ils trouveront les taux de swap applicables \u00e0 la paire, exprim\u00e9s en points.<\/p>\n<p>Le tableau ci-dessous pr\u00e9sente les taux de swap de Vantage pour plusieurs paires Forex populaires. Les traders doivent noter que ces taux d\u00e9pendent des conditions du march\u00e9 et sont donc susceptibles d\u2019\u00eatre modifi\u00e9s.<\/p>\n<div class=\"table-responsive\">\n<table class=\"table table--colorful\">\n<thead>\n<tr>\n<th style=\"background-color: #fff;\" colspan=\"4\">Taux de swap sur les paires Forex populaires (taille de lot standard)<\/th>\n<\/tr>\n<tr>\n<th>Symbole<\/th>\n<th>Devise de base<\/th>\n<th>Volume en lots<\/th>\n<th>Swap long de la paire, en points<\/th>\n<th>Swap court de la paire, en points<\/th>\n<\/tr>\n<\/thead>\n<tbody>\n<tr>\n<td>EUR\/USD<\/td>\n<td style=\"text-align: center;\">USD<\/td>\n<td style=\"text-align: center;\">1<\/td>\n<td style=\"text-align: center;\">-5,03<\/td>\n<td style=\"text-align: center;\">2,03<\/td>\n<\/tr>\n<tr>\n<td>USD\/JPY<\/td>\n<td style=\"text-align: center;\">USD<\/td>\n<td style=\"text-align: center;\">1<\/td>\n<td style=\"text-align: center;\">7,72<\/td>\n<td style=\"text-align: center;\">-22,14<\/td>\n<\/tr>\n<tr>\n<td>EUR\/GBP<\/td>\n<td style=\"text-align: center;\">USD<\/td>\n<td style=\"text-align: center;\">1<\/td>\n<td style=\"text-align: center;\">-7,76<\/td>\n<td style=\"text-align: center;\">1,12<\/td>\n<\/tr>\n<tr>\n<td>GBP\/USD<\/td>\n<td style=\"text-align: center;\">USD<\/td>\n<td style=\"text-align: center;\">1<\/td>\n<td style=\"text-align: center;\">0,36<\/td>\n<td style=\"text-align: center;\">-2,29<\/td>\n<\/tr>\n<tr>\n<td>AUD\/USD<\/td>\n<td style=\"text-align: center;\">USD<\/td>\n<td style=\"text-align: center;\">1<\/td>\n<td style=\"text-align: center;\">-0,81<\/td>\n<td style=\"text-align: center;\">-18<\/td>\n<\/tr>\n<tr>\n<td>USD\/CAD<\/td>\n<td style=\"text-align: center;\">USD<\/td>\n<td style=\"text-align: center;\">1<\/td>\n<td style=\"text-align: center;\">1,45<\/td>\n<td style=\"text-align: center;\">-7,26<\/td>\n<\/tr>\n<tr>\n<td>USD\/CHF<\/td>\n<td style=\"text-align: center;\">USD<\/td>\n<td style=\"text-align: center;\">1<\/td>\n<td style=\"text-align: center;\">6,45<\/td>\n<td style=\"text-align: center;\">-14,21<\/td>\n<\/tr>\n<tr>\n<td>USD\/CNH<\/td>\n<td style=\"text-align: center;\">USD<\/td>\n<td style=\"text-align: center;\">1<\/td>\n<td style=\"text-align: center;\">-0,22<\/td>\n<td style=\"text-align: center;\">-51,37<\/td>\n<\/tr>\n<tr>\n<td>NZD\/USD<\/td>\n<td style=\"text-align: center;\">USD<\/td>\n<td style=\"text-align: center;\">1<\/td>\n<td style=\"text-align: center;\">-0,67<\/td>\n<td style=\"text-align: center;\">-1,44<\/td>\n<\/tr>\n<\/tbody>\n<\/table>\n<\/div>\n<h2 id=\"swap\"><i class=\"ico ico--islamic-account\"><\/i>Co\u00fbts de trading sans swap sur Vantage<\/h2>\n<p>Vantage propose des comptes sans swap qui permettent aux traders musulmans de conserver des positions pendant la nuit sans frais suppl\u00e9mentaires, ni frais de swap, comme nous l\u2019avons expliqu\u00e9 dans la section pr\u00e9c\u00e9dente. Ces comptes sont con\u00e7us pour les traders qui, pour des raisons religieuses, ne peuvent pas payer ni recevoir d&rsquo;int\u00e9r\u00eats.<\/p>\n<p>Les comptes du courtier, conformes \u00e0 la charia, proposent des spreads \u00e0 partir de 0,0 pip, un d\u00e9p\u00f4t minimum de 50 $ et aucun frais de d\u00e9p\u00f4t. Le nombre d\u2019instruments n\u00e9gociables, y compris Forex, mati\u00e8res premi\u00e8res, actions et obligations, d\u00e9passe 1 000. Quant \u00e0 la taille minimale, les positions peuvent commencer \u00e0 0,01 lot.<\/p>\n<p>Au lieu de facturer un swap, le courtier applique des frais d\u2019administration pour le maintien des positions overnight, d\u00e9duits du solde du trader. Ces frais incluent les commissions des fournisseurs de liquidit\u00e9 de Vantage et des frais de traitement internes d\u2019environ 10 %.<\/p>\n<h2 id=\"other\"><i class=\"ico ico--administration-fees\"><\/i>Frais hors trading sur Vantage<\/h2>\n<p>Vantage ne facture pas de frais sur les d\u00e9p\u00f4ts et les retraits. Toutefois, les traders doivent savoir que certaines m\u00e9thodes de paiement peuvent entra\u00eener des frais ind\u00e9pendants du courtier. Il convient \u00e9galement de noter que la soci\u00e9t\u00e9 applique une politique de \u00ab retour \u00e0 la source \u00bb obligeant les clients \u00e0 utiliser pour leurs retraits le m\u00eame moyen de paiement que celui utilis\u00e9 pour leurs d\u00e9p\u00f4ts.<\/p>\n<p>Sur Vantage, l\u2019ouverture de l\u2019un des comptes propos\u00e9s est gratuite. Les traders doivent toutefois respecter le d\u00e9p\u00f4t minimum du courtier, fix\u00e9 \u00e0 50 $. Vantage se distingue de nombreux autres courtiers en n\u2019appliquant pas de frais d\u2019inactivit\u00e9, un avantage pour les traders qui ne n\u00e9gocient pas r\u00e9guli\u00e8rement.<\/p>\n<p>Gr\u00e2ce aux serveurs priv\u00e9s virtuels (VPS) Forex, les traders peuvent \u00e9viter les temps d\u2019arr\u00eat potentiels dus \u00e0 des probl\u00e8mes de connexion Internet ou de coupure de courant. Vantage propose un tutoriel vid\u00e9o pratique qui explique comment souscrire un VPS Forex directement depuis le compte MT4. Pour b\u00e9n\u00e9ficier gratuitement de ce service, les clients doivent remplir plusieurs conditions d\u00e9crites dans le tableau ci-dessous.<\/p>\n<div class=\"table-responsive\">\n<table class=\"table\">\n<thead>\n<tr>\n<th colspan=\"2\">Frais hors trading sur Vantage<\/th>\n<\/tr>\n<\/thead>\n<tbody>\n<tr>\n<td>Frais de d\u00e9p\u00f4t<\/td>\n<td>Gratuit<\/p>\n<ul class=\"list-checks\">\n<li>Les d\u00e9p\u00f4ts via Skrill et Neteller sont soumis \u00e0 des frais<\/li>\n<li>Les virements bancaires internationaux peuvent entra\u00eener des frais factur\u00e9s par les \u00e9tablissements financiers<\/li>\n<\/ul>\n<\/td>\n<\/tr>\n<tr>\n<td>Frais de retrait<\/td>\n<td>Gratuit<\/p>\n<ul class=\"list-checks\">\n<li>Le courtier n\u2019applique pas de frais, toutefois des frais peuvent \u00eatre factur\u00e9s par les banques ou interm\u00e9diaires financiers<\/li>\n<\/ul>\n<\/td>\n<\/tr>\n<tr>\n<td>Frais d\u2019ouverture de compte<\/td>\n<td>Gratuit<\/td>\n<\/tr>\n<tr>\n<td>Frais d\u2019inactivit\u00e9<\/td>\n<td>Gratuit<\/td>\n<\/tr>\n<tr>\n<td>Forex VPS<\/td>\n<td>Fourni gratuitement sous les conditions suivantes :<\/p>\n<ul class=\"list-checks\">\n<li>D\u00e9p\u00f4t minimum requis \u2013 1 000 $<\/li>\n<li>Choisir un fournisseur de VPS (NYCServers \u2013 fournisseur VPS Forex privil\u00e9gi\u00e9 par Vantage) et activer le compte<\/li>\n<li>Valeur notionnelle mensuelle minimale des transactions \u2013 0,5 M USD \/ 1 M USD sur les positions cl\u00f4tur\u00e9es<\/li>\n<li>Remboursement de la facture VPS jusqu\u2019\u00e0 25 $\/50 $ directement sur le compte de trading<\/li>\n<li>Limite d\u2019un VPS par client<\/li>\n<\/ul>\n<\/td>\n<\/tr>\n<\/tbody>\n<\/table>\n<\/div>\n<h2 id=\"conclusion\"><i class=\"ico ico--pen\"><\/i>Conclusion sur les frais de Vantage<\/h2>\n<p>Comme les frais, qu\u2019ils soient li\u00e9s ou non au trading, peuvent avoir un impact significatif sur la performance, il est essentiel de choisir un courtier aux tarifs comp\u00e9titifs. Vantage, courtier Forex et CFD, excelle \u00e0 cet \u00e9gard. Que vous pr\u00e9f\u00e9riez le compte Standard STP bas\u00e9 sur les spreads ou le compte Raw ECN bas\u00e9 sur les commissions, vous profiterez de conditions de trading excellentes et d\u2019une tarification transparente. Des comptes professionnels et sans swap sont \u00e9galement propos\u00e9s aux clients \u00e9ligibles. Dans l\u2019ensemble, ces options permettent aux traders de tous niveaux de choisir celle qui correspond le mieux \u00e0 leurs pr\u00e9f\u00e9rences et \u00e0 leur style de trading.<\/p>\n","protected":false},"excerpt":{"rendered":"<p>Cr\u00e9\u00e9 en 2009, Vantage est un courtier CFD de premier plan, qui compte plus de 5 M d\u2019utilisateurs enregistr\u00e9s et un portefeuille de plus de 1 000 instruments financiers. Faire du trading avec cette marque pr\u00e9sente de nombreux avantages, notamment des spreads comp\u00e9titifs, des outils et fonctionnalit\u00e9s de trading avanc\u00e9s, une ex\u00e9cution rapide et des [&hellip;]<\/p>\n","protected":false},"author":2,"featured_media":0,"parent":12014,"menu_order":0,"comment_status":"closed","ping_status":"closed","template":"templates\/review.php","meta":{"footnotes":""},"class_list":["post-59615","page","type-page","status-publish","hentry"],"aioseo_notices":[],"_links":{"self":[{"href":"https:\/\/www.bestbrokers.com\/fr\/wp-json\/wp\/v2\/pages\/59615","targetHints":{"allow":["GET"]}}],"collection":[{"href":"https:\/\/www.bestbrokers.com\/fr\/wp-json\/wp\/v2\/pages"}],"about":[{"href":"https:\/\/www.bestbrokers.com\/fr\/wp-json\/wp\/v2\/types\/page"}],"author":[{"embeddable":true,"href":"https:\/\/www.bestbrokers.com\/fr\/wp-json\/wp\/v2\/users\/2"}],"replies":[{"embeddable":true,"href":"https:\/\/www.bestbrokers.com\/fr\/wp-json\/wp\/v2\/comments?post=59615"}],"version-history":[{"count":8,"href":"https:\/\/www.bestbrokers.com\/fr\/wp-json\/wp\/v2\/pages\/59615\/revisions"}],"predecessor-version":[{"id":82625,"href":"https:\/\/www.bestbrokers.com\/fr\/wp-json\/wp\/v2\/pages\/59615\/revisions\/82625"}],"up":[{"embeddable":true,"href":"https:\/\/www.bestbrokers.com\/fr\/wp-json\/wp\/v2\/pages\/12014"}],"wp:attachment":[{"href":"https:\/\/www.bestbrokers.com\/fr\/wp-json\/wp\/v2\/media?parent=59615"}],"curies":[{"name":"wp","href":"https:\/\/api.w.org\/{rel}","templated":true}]}}