{"id":59616,"date":"2025-03-19T09:33:27","date_gmt":"2025-03-19T09:33:27","guid":{"rendered":"https:\/\/www.bestbrokers.com\/?page_id=59616"},"modified":"2025-10-22T13:20:43","modified_gmt":"2025-10-22T13:20:43","slug":"spreads-fees-and-commissions","status":"publish","type":"page","link":"https:\/\/www.bestbrokers.com\/fr\/reviews\/xm\/spreads-fees-and-commissions\/","title":{"rendered":"Spreads, frais et commissions de XM"},"content":{"rendered":"<div class=\"author-line\">\u00c9crit par <span class=\"author\">Naylyan Nazifova<div class=\"author-sub-box\"><div class=\"author-avatar\"><img decoding=\"async\" src=\"https:\/\/www.bestbrokers.com\/wp-content\/uploads\/2026\/04\/nnazifova.webp\" \/><\/div><div class=\"author-info-wrapper\"><div class=\"author-name\"><a href=\"https:\/\/www.bestbrokers.com\/fr\/authors\/naylyan-nazifova\/\">Naylyan Nazifova<\/a><\/div><div class=\"author-bio\">Naylyan Nazifova est une experte reconnue dans le domaine du trading en ligne. Elle est l\u2019auteur de nombreuses publications et analyses portant sur le trading Forex, l\u2019investissement en actions et les finances personnelles.<\/div><\/div><\/div><\/span>,  <a rel=\"nofollow\" target=\"_blank\" href=\"https:\/\/www.linkedin.com\/in\/naylian-nazifova-58562a272\/\"><img decoding=\"async\" class=\"social-icon\" src=\"https:\/\/www.bestbrokers.com\/wp-content\/themes\/best-brokers\/assets\/images\/icon-linkedin.svg\" width=\"22\" height=\"22\" data-no-lazy=\"1\"><\/a> <span class=\"sep\">|<\/span> Traduit par <span class=\"author\">Agnes Orieux<div class=\"author-sub-box\"><div class=\"author-info-wrapper\"><div class=\"author-name\"><a href=\"https:\/\/www.bestbrokers.com\/fr\/authors\/agnes-orieux\/\">Agnes Orieux<\/a><\/div><div class=\"author-bio\">Agnes Orieux est une traductrice et r\u00e9dactrice de l'anglais vers le fran\u00e7ais, avec une exp\u00e9rience dans les march\u00e9s financiers. Elle est la r\u00e9dactrice principale de la version fran\u00e7aise de BestBrokers.com.<\/div><\/div><\/div><\/span> <span class=\"sep\">|<\/span> Mis \u00e0 jour : <time class=\"entry-date\" datetime=\"2025-10-22T13:20:43+00:00\">octobre 22, 2025<\/time><\/div>\n<p>Pour se faire une id\u00e9e compl\u00e8te de l\u2019exp\u00e9rience de trading globale chez XM, nous vous recommandons d\u2019accorder une attention particuli\u00e8re aux co\u00fbts de trading, car ils vous aideront \u00e0 d\u00e9terminer si ce courtier est le bon choix pour vous. Les spreads, les commissions et les autres frais sont suffisamment importants pour \u00e9valuer correctement son budget de trading, c\u2019est pourquoi notre \u00e9quipe d\u2019experts a pass\u00e9 en revue tous les <strong>frais suppl\u00e9mentaires li\u00e9s au trading avec XM<\/strong>.<\/p>\n<p>En raison de diverses restrictions r\u00e9glementaires et d\u2019offres propres \u00e0 chaque r\u00e9gion, <strong>les types de comptes XM peuvent varier selon les entit\u00e9s<\/strong> du courtier. Cela dit, nous avons pris soin de tester toutes les options de compte disponibles pour les traders afin d\u2019en analyser les co\u00fbts de trading. Poursuivez votre lecture pour d\u00e9couvrir le d\u00e9tail des mod\u00e8les tarifaires de XM et leur impact sur chaque type de compte.<\/p>\n<h2 id=\"costs\"><i class=\"ico ico--money-supply\"><\/i>Co\u00fbts de trading sur XM<\/h2>\n<p>Sur XM, les traders peuvent choisir parmi diff\u00e9rents types de comptes adapt\u00e9s \u00e0 leur style de trading. Les entit\u00e9s europ\u00e9ennes et australiennes du courtier donnent acc\u00e8s \u00e0 deux principaux types de comptes : Ultra Low et Zero. L\u2019entit\u00e9 r\u00e9glement\u00e9e par la FSC ajoute \u00e9galement le compte Standard aux options propos\u00e9es aux clients XM. De plus, les d\u00e9butants qui souhaitent n\u00e9gocier de petites tailles peuvent ouvrir des comptes Standard Micro et Ultra Low Micro permettant des transactions d\u2019une <strong>taille de contrat minimale de 0,01 lot<\/strong>.<\/p>\n<p>Si l\u2019on compare les comptes Standard, Ultra Low et Zero chez XM, on constate que le premier propose des spreads plus larges, tandis que les <strong>comptes Ultra Low et Zero r\u00e9duisent le co\u00fbt de trading gr\u00e2ce \u00e0 des spreads plus serr\u00e9s<\/strong>. En effet, les spreads du compte Zero d\u00e9marrent \u00e0 0,0 pip sur une grande vari\u00e9t\u00e9 de paires Forex. Alors que les comptes Standard et Ultra Low n\u2019appliquent aucune commission, le compte Zero facture des frais de commission de 3,50 $ par c\u00f4t\u00e9 sur une transaction d\u2019un lot standard.<\/p>\n<div class=\"table-responsive\">\n<table class=\"table table--colorful\">\n<thead>\n<tr>\n<th style=\"background-color: #fff;\" colspan=\"4\">Taux de commission aller-retour chez XM selon le type de compte<\/th>\n<\/tr>\n<tr>\n<th>Type de compte<\/th>\n<th>Par lot standard<\/th>\n<th>Par mini lot<\/th>\n<th>Par micro lot<\/th>\n<\/tr>\n<\/thead>\n<tbody>\n<tr>\n<td>Comptes Micro<\/td>\n<td style=\"text-align: center;\">0 $<\/td>\n<td style=\"text-align: center;\">0 $<\/td>\n<td style=\"text-align: center;\">0 $<\/td>\n<\/tr>\n<tr>\n<td>Compte Standard<\/td>\n<td style=\"text-align: center;\">0 $<\/td>\n<td style=\"text-align: center;\">0 $<\/td>\n<td style=\"text-align: center;\">0 $<\/td>\n<\/tr>\n<tr>\n<td>Compte Ultra Low<\/td>\n<td style=\"text-align: center;\">0 $<\/td>\n<td style=\"text-align: center;\">0 $<\/td>\n<td style=\"text-align: center;\">0 $<\/td>\n<\/tr>\n<tr>\n<td>Compte Zero<\/td>\n<td style=\"text-align: center;\">7 $<\/td>\n<td style=\"text-align: center;\">0,7 $<\/td>\n<td style=\"text-align: center;\">0,07 $<\/td>\n<\/tr>\n<\/tbody>\n<\/table>\n<\/div>\n<p>Bien qu\u2019aucune commission ne soit pr\u00e9lev\u00e9e sur les comptes Standard ou Ultra Low de XM, les <strong>spreads plus serr\u00e9s du compte Zero<\/strong> sont suffisamment bas pour r\u00e9duire consid\u00e9rablement le co\u00fbt total de trading, m\u00eame en tenant compte de la commission. Pour illustrer la diff\u00e9rence de prix global entre chaque type de compte, nous allons comparer une transaction d\u2019un lot sur la paire EUR\/USD avec les trois comptes XM.<\/p>\n<p>Dans notre exemple, nous supposons que la position s\u2019ouvre et se ferme au m\u00eame prix et que nous n\u00e9gocions un lot (100 000 unit\u00e9s) avec une valeur du pip \u00e9gale \u00e0 10 $. Au moment de la r\u00e9daction de ce test, le spread moyen sur la paire EUR\/USD est de 2 pips, 1,1 pip et 0,2 pip respectivement sur les comptes Standard, Ultra Low et Zero.<\/p>\n<p>Dans ce cas, la transaction sur la paire se pr\u00e9senterait comme suit :<\/p>\n<hr style=\"height: 2px; border-width: 0; color: #dee2e6; background-color: #dee2e6; clear: both;\" \/>\n<p><strong>Compte Standard :<\/strong><\/p>\n<p>Spread : 2 pips<br \/>\nCommission par c\u00f4t\u00e9 : 0 $<br \/>\nCo\u00fbt total : 2 x 10 $ = 20 $ par c\u00f4t\u00e9 et 40 $ pour une op\u00e9ration aller-retour<\/p>\n<hr style=\"height: 2px; border-width: 0; color: #dee2e6; background-color: #dee2e6; clear: both;\" \/>\n<p><strong>Compte Ultra Low :<\/strong><\/p>\n<p>Spread : 1,1 pip<br \/>\nCommission par c\u00f4t\u00e9 : 0 $<br \/>\nCo\u00fbt total : 1,1 x 10 $ = 11 $ par c\u00f4t\u00e9 et 22 $ pour une op\u00e9ration aller-retour<\/p>\n<hr style=\"height: 2px; border-width: 0; color: #dee2e6; background-color: #dee2e6; clear: both;\" \/>\n<p><strong>Compte Zero :<\/strong><\/p>\n<p>Spread : 0,2 pip<br \/>\nCo\u00fbt du spread : 0,2 x 10 $ = 2 $<br \/>\nCommission par c\u00f4t\u00e9 : 3,50 $<br \/>\nCo\u00fbt total : (2 $ x 2) + (3,50 $ x 2) = 4 $ + 7 $ = 11 $ pour une op\u00e9ration aller-retour<\/p>\n<hr style=\"height: 2px; border-width: 0; color: #dee2e6; background-color: #dee2e6; clear: both;\" \/>\n<p>Comme vous pouvez le constater, le compte Zero offre le co\u00fbt de trading le plus bas, m\u00eame en appliquant une commission des deux c\u00f4t\u00e9s de la transaction.<\/p>\n<p>Ci-dessous, nous avons indiqu\u00e9 les valeurs de spread minimales pour les trois types de comptes que XM propose \u00e0 ses clients. Ainsi, vous pouvez estimer le co\u00fbt final par lot n\u00e9goci\u00e9 sur les principales paires Forex. Gardez \u00e0 l\u2019esprit que le co\u00fbt moyen de trading pour chaque paire peut \u00eatre l\u00e9g\u00e8rement sup\u00e9rieur, car XM propose des spreads flottants susceptibles d\u2019\u00eatre plus larges que les valeurs minimales affich\u00e9es.<\/p>\n<div class=\"table-responsive\">\n<table class=\"table table--colorful\">\n<thead>\n<tr>\n<th style=\"background-color: #fff;\" colspan=\"5\">Co\u00fbts minimaux des spreads avec les comptes Standard<\/th>\n<\/tr>\n<tr>\n<th>Paire de devises<\/th>\n<th>Spread \u00e0 partir de (en pips)<\/th>\n<th>Commission par c\u00f4t\u00e9<\/th>\n<th>Co\u00fbt par micro lot<\/th>\n<th>Co\u00fbt par lot standard<\/th>\n<\/tr>\n<\/thead>\n<tbody>\n<tr>\n<td>EUR\/USD<\/td>\n<td style=\"text-align: center;\">1,6<\/td>\n<td style=\"text-align: center;\">0 $<\/td>\n<td style=\"text-align: center;\">0,16 $<\/td>\n<td style=\"text-align: center;\">16,00 $<\/td>\n<\/tr>\n<tr>\n<td>USD\/JPY<\/td>\n<td style=\"text-align: center;\">2,0<\/td>\n<td style=\"text-align: center;\">0 $<\/td>\n<td style=\"text-align: center;\">0,1357 $<\/td>\n<td style=\"text-align: center;\">13,57 $<\/td>\n<\/tr>\n<tr>\n<td>EUR\/GBP<\/td>\n<td style=\"text-align: center;\">1,8<\/td>\n<td style=\"text-align: center;\">0 $<\/td>\n<td style=\"text-align: center;\">0,2424 $<\/td>\n<td style=\"text-align: center;\">24,24 $<\/td>\n<\/tr>\n<tr>\n<td>GBP\/USD<\/td>\n<td style=\"text-align: center;\">1,8<\/td>\n<td style=\"text-align: center;\">0 $<\/td>\n<td style=\"text-align: center;\">0,18 $<\/td>\n<td style=\"text-align: center;\">18,00 $<\/td>\n<\/tr>\n<tr>\n<td>AUD\/USD<\/td>\n<td style=\"text-align: center;\">2,3<\/td>\n<td style=\"text-align: center;\">0 $<\/td>\n<td style=\"text-align: center;\">0,23 $<\/td>\n<td style=\"text-align: center;\">23,00 $<\/td>\n<\/tr>\n<tr>\n<td>USD\/CAD<\/td>\n<td style=\"text-align: center;\">2,3<\/td>\n<td style=\"text-align: center;\">0 $<\/td>\n<td style=\"text-align: center;\">0,1679 $<\/td>\n<td style=\"text-align: center;\">16,79 $<\/td>\n<\/tr>\n<tr>\n<td>USD\/CHF<\/td>\n<td style=\"text-align: center;\">1,9<\/td>\n<td style=\"text-align: center;\">0 $<\/td>\n<td style=\"text-align: center;\">0,2383 $<\/td>\n<td style=\"text-align: center;\">23,83 $<\/td>\n<\/tr>\n<tr>\n<td>USD\/CNH<\/td>\n<td style=\"text-align: center;\">3,6<\/td>\n<td style=\"text-align: center;\">0 $<\/td>\n<td style=\"text-align: center;\">0,0502 $<\/td>\n<td style=\"text-align: center;\">5,02 $<\/td>\n<\/tr>\n<tr>\n<td>NZD\/USD<\/td>\n<td style=\"text-align: center;\">2,8<\/td>\n<td style=\"text-align: center;\">0 $<\/td>\n<td style=\"text-align: center;\">0,28 $<\/td>\n<td style=\"text-align: center;\">28,00 $<\/td>\n<\/tr>\n<\/tbody>\n<\/table>\n<\/div>\n<p style=\"text-align: center; font-size: 13px;\"><em>*Tous les co\u00fbts de trading des paires sont exprim\u00e9s en USD<\/em><\/p>\n<div class=\"table-responsive\">\n<table class=\"table table--colorful\">\n<thead>\n<tr>\n<th style=\"background-color: #fff;\" colspan=\"5\">Co\u00fbts minimaux des spreads avec les comptes Ultra Low Standard<\/th>\n<\/tr>\n<tr>\n<th>Paire de devises<\/th>\n<th>Spread \u00e0 partir de (en pips)<\/th>\n<th>Commission par c\u00f4t\u00e9<\/th>\n<th>Co\u00fbt par micro lot<\/th>\n<th>Co\u00fbt par lot standard<\/th>\n<\/tr>\n<\/thead>\n<tbody>\n<tr>\n<td>EUR\/USD<\/td>\n<td style=\"text-align: center;\">0,8<\/td>\n<td style=\"text-align: center;\">0 $<\/td>\n<td style=\"text-align: center;\">0,08 $<\/td>\n<td style=\"text-align: center;\">8,00 $<\/td>\n<\/tr>\n<tr>\n<td>USD\/JPY<\/td>\n<td style=\"text-align: center;\">0,8<\/td>\n<td style=\"text-align: center;\">0 $<\/td>\n<td style=\"text-align: center;\">0,0543 $<\/td>\n<td style=\"text-align: center;\">5,43 $<\/td>\n<\/tr>\n<tr>\n<td>EUR\/GBP<\/td>\n<td style=\"text-align: center;\">1,7<\/td>\n<td style=\"text-align: center;\">0 $<\/td>\n<td style=\"text-align: center;\">0,2289 $<\/td>\n<td style=\"text-align: center;\">22,89 $<\/td>\n<\/tr>\n<tr>\n<td>GBP\/USD<\/td>\n<td style=\"text-align: center;\">0,8<\/td>\n<td style=\"text-align: center;\">0 $<\/td>\n<td style=\"text-align: center;\">0,08 $<\/td>\n<td style=\"text-align: center;\">8,00 $<\/td>\n<\/tr>\n<tr>\n<td>AUD\/USD<\/td>\n<td style=\"text-align: center;\">1,3<\/td>\n<td style=\"text-align: center;\">0 $<\/td>\n<td style=\"text-align: center;\">0,13 $<\/td>\n<td style=\"text-align: center;\">13,00 $<\/td>\n<\/tr>\n<tr>\n<td>USD\/CAD<\/td>\n<td style=\"text-align: center;\">1,9<\/td>\n<td style=\"text-align: center;\">0 $<\/td>\n<td style=\"text-align: center;\">0,1387 $<\/td>\n<td style=\"text-align: center;\">13,87 $<\/td>\n<\/tr>\n<tr>\n<td>USD\/CHF<\/td>\n<td style=\"text-align: center;\">1,1<\/td>\n<td style=\"text-align: center;\">0 $<\/td>\n<td style=\"text-align: center;\">0,1380 $<\/td>\n<td style=\"text-align: center;\">13,80 $<\/td>\n<\/tr>\n<tr>\n<td>USD\/CNH<\/td>\n<td style=\"text-align: center;\">3,1<\/td>\n<td style=\"text-align: center;\">0 $<\/td>\n<td style=\"text-align: center;\">0,0432 $<\/td>\n<td style=\"text-align: center;\">4,32 $<\/td>\n<\/tr>\n<tr>\n<td>NZD\/USD<\/td>\n<td style=\"text-align: center;\">2,0<\/td>\n<td style=\"text-align: center;\">0 $<\/td>\n<td style=\"text-align: center;\">0,20 $<\/td>\n<td style=\"text-align: center;\">20,00 $<\/td>\n<\/tr>\n<\/tbody>\n<\/table>\n<\/div>\n<p style=\"text-align: center; font-size: 13px;\"><em>*Tous les co\u00fbts de trading des paires sont exprim\u00e9s en USD<\/em><\/p>\n<div class=\"table-responsive\">\n<table class=\"table table--colorful\">\n<thead>\n<tr>\n<th style=\"background-color: #fff;\" colspan=\"5\">Co\u00fbts minimaux des spreads avec les comptes Zero<\/th>\n<\/tr>\n<tr>\n<th>Paire de devises<\/th>\n<th>Spread \u00e0 partir de (en pips)<\/th>\n<th>Commission par c\u00f4t\u00e9<\/th>\n<th>Co\u00fbt par micro lot<\/th>\n<th>Co\u00fbt par lot standard<\/th>\n<\/tr>\n<\/thead>\n<tbody>\n<tr>\n<td>EUR\/USD<\/td>\n<td style=\"text-align: center;\">0,0<\/td>\n<td style=\"text-align: center;\">3,50 $\/0,035 $<\/td>\n<td style=\"text-align: center;\">0,035 $<\/td>\n<td style=\"text-align: center;\">3,50 $<\/td>\n<\/tr>\n<tr>\n<td>USD\/JPY<\/td>\n<td style=\"text-align: center;\">0,0<\/td>\n<td style=\"text-align: center;\">3,50 $\/0,035 $<\/td>\n<td style=\"text-align: center;\">0,035 $<\/td>\n<td style=\"text-align: center;\">3,50 $<\/td>\n<\/tr>\n<tr>\n<td>EUR\/GBP<\/td>\n<td style=\"text-align: center;\">0,0<\/td>\n<td style=\"text-align: center;\">3,50 $\/0,035 $<\/td>\n<td style=\"text-align: center;\">0,035 $<\/td>\n<td style=\"text-align: center;\">3,50 $<\/td>\n<\/tr>\n<tr>\n<td>GBP\/USD<\/td>\n<td style=\"text-align: center;\">0,0<\/td>\n<td style=\"text-align: center;\">3,50 $\/0,035 $<\/td>\n<td style=\"text-align: center;\">0,035 $<\/td>\n<td style=\"text-align: center;\">3,50 $<\/td>\n<\/tr>\n<tr>\n<td>AUD\/USD<\/td>\n<td style=\"text-align: center;\">0,0<\/td>\n<td style=\"text-align: center;\">3,50 $\/0,035 $<\/td>\n<td style=\"text-align: center;\">0,035 $<\/td>\n<td style=\"text-align: center;\">3,50 $<\/td>\n<\/tr>\n<tr>\n<td>USD\/CAD<\/td>\n<td style=\"text-align: center;\">0,0<\/td>\n<td style=\"text-align: center;\">3,50 $\/0,035 $<\/td>\n<td style=\"text-align: center;\">0,035 $<\/td>\n<td style=\"text-align: center;\">3,50 $<\/td>\n<\/tr>\n<tr>\n<td>USD\/CHF<\/td>\n<td style=\"text-align: center;\">0,0<\/td>\n<td style=\"text-align: center;\">3,50 $\/0,035 $<\/td>\n<td style=\"text-align: center;\">0,035 $<\/td>\n<td style=\"text-align: center;\">3,50 $<\/td>\n<\/tr>\n<tr>\n<td>USD\/CNH<\/td>\n<td style=\"text-align: center;\">0,0<\/td>\n<td style=\"text-align: center;\">3,50 $\/0,035 $<\/td>\n<td style=\"text-align: center;\">0,035 $<\/td>\n<td style=\"text-align: center;\">3,50 $<\/td>\n<\/tr>\n<tr>\n<td>NZD\/USD<\/td>\n<td style=\"text-align: center;\">0,0<\/td>\n<td style=\"text-align: center;\">3,50 $\/0,035 $<\/td>\n<td style=\"text-align: center;\">0,035 $<\/td>\n<td style=\"text-align: center;\">3,50 $<\/td>\n<\/tr>\n<\/tbody>\n<\/table>\n<\/div>\n<p style=\"text-align: center; font-size: 13px;\"><em>*Tous les co\u00fbts de trading des paires sont exprim\u00e9s en USD<\/em><\/p>\n<h2 id=\"overnight\"><i class=\"ico ico--clock\"><\/i>Co\u00fbts de financement overnight sur XM<\/h2>\n<p>Bien que le trading intrajournalier soit une strat\u00e9gie populaire que l\u2019on peut facilement appliquer avec n\u2019importe quel type de compte propos\u00e9 par XM, les traders peuvent \u00e9galement conserver leurs positions ouvertes pendant la nuit et percevoir des int\u00e9r\u00eats, selon l\u2019\u00e9volution du march\u00e9 concern\u00e9. Cet int\u00e9r\u00eat, appel\u00e9 swap, peut \u00eatre cr\u00e9dit\u00e9 ou d\u00e9bit\u00e9 en fonction de l\u2019\u00e9cart de taux d\u2019int\u00e9r\u00eat entre les devises n\u00e9goci\u00e9es.<\/p>\n<p>Pour les transactions sur Forex et m\u00e9taux, XM calcule les swaps \u00e0 partir du <strong>taux tom-next augment\u00e9 d\u2019une petite marge<\/strong>. Les taux tom-next peuvent \u00eatre n\u00e9gatifs ou positifs selon l\u2019\u00e9cart de taux d\u2019int\u00e9r\u00eat entre les devises de la paire concern\u00e9e.<\/p>\n<p>M\u00eame si un calculateur permet aux traders de conna\u00eetre les swaps actuels sur diff\u00e9rents instruments, il convient de noter que XM applique la formule suivante pour calculer les swaps sur le Forex et les m\u00e9taux :<\/p>\n<blockquote><p>Taille de la position x (+\/- taux tom-next + marge)<\/p><\/blockquote>\n<div class=\"table-responsive\">\n<table class=\"table table--colorful\">\n<thead>\n<tr>\n<th style=\"background-color: #fff;\" colspan=\"4\">Taux de swap sur les principales paires Forex (lot standard)<\/th>\n<\/tr>\n<tr>\n<th>Symbole<\/th>\n<th>Devise de base<\/th>\n<th>Volume (en lots)<\/th>\n<th>Swap long<\/th>\n<th>Swap court<\/th>\n<\/tr>\n<\/thead>\n<tbody>\n<tr>\n<td>EUR\/USD<\/td>\n<td style=\"text-align: center;\">USD<\/td>\n<td style=\"text-align: center;\">1<\/td>\n<td style=\"text-align: center;\">-6,84<\/td>\n<td style=\"text-align: center;\">1,06<\/td>\n<\/tr>\n<tr>\n<td>USD\/JPY<\/td>\n<td style=\"text-align: center;\">USD<\/td>\n<td style=\"text-align: center;\">1<\/td>\n<td style=\"text-align: center;\">4,31<\/td>\n<td style=\"text-align: center;\">-21,91<\/td>\n<\/tr>\n<tr>\n<td>EUR\/GBP<\/td>\n<td style=\"text-align: center;\">USD<\/td>\n<td style=\"text-align: center;\">1<\/td>\n<td style=\"text-align: center;\">-7,98<\/td>\n<td style=\"text-align: center;\">2,24<\/td>\n<\/tr>\n<tr>\n<td>GBP\/USD<\/td>\n<td style=\"text-align: center;\">USD<\/td>\n<td style=\"text-align: center;\">1<\/td>\n<td style=\"text-align: center;\">-1,99<\/td>\n<td style=\"text-align: center;\">-4,79<\/td>\n<\/tr>\n<tr>\n<td>AUD\/USD<\/td>\n<td style=\"text-align: center;\">USD<\/td>\n<td style=\"text-align: center;\">1<\/td>\n<td style=\"text-align: center;\">-1,98<\/td>\n<td style=\"text-align: center;\">-1,48<\/td>\n<\/tr>\n<tr>\n<td>USD\/CAD<\/td>\n<td style=\"text-align: center;\">USD<\/td>\n<td style=\"text-align: center;\">1<\/td>\n<td style=\"text-align: center;\">0,43<\/td>\n<td style=\"text-align: center;\">-7,32<\/td>\n<\/tr>\n<tr>\n<td>USD\/CHF<\/td>\n<td style=\"text-align: center;\">USD<\/td>\n<td style=\"text-align: center;\">1<\/td>\n<td style=\"text-align: center;\">5,01<\/td>\n<td style=\"text-align: center;\">-17,07<\/td>\n<\/tr>\n<tr>\n<td>USD\/CNH<\/td>\n<td style=\"text-align: center;\">USD<\/td>\n<td style=\"text-align: center;\">1<\/td>\n<td style=\"text-align: center;\">-14,47<\/td>\n<td style=\"text-align: center;\">-28,19<\/td>\n<\/tr>\n<tr>\n<td>NZD\/USD<\/td>\n<td style=\"text-align: center;\">USD<\/td>\n<td style=\"text-align: center;\">1<\/td>\n<td style=\"text-align: center;\">-2,44<\/td>\n<td style=\"text-align: center;\">-1,84<\/td>\n<\/tr>\n<\/tbody>\n<\/table>\n<\/div>\n<h2 id=\"swap\"><i class=\"ico ico--islamic-account\"><\/i>Co\u00fbts de trading sans swap sur XM<\/h2>\n<p>Dans un souci d\u2019inclusivit\u00e9, XM permet aux traders musulmans d\u2019ouvrir un compte islamique qui supprime tout swap d\u00e9bit\u00e9 ou cr\u00e9dit\u00e9 sur leur compte. Cela signifie que les <strong>positions conserv\u00e9es pendant la nuit ne g\u00e9n\u00e8rent aucun int\u00e9r\u00eat<\/strong>. Les comptes islamiques ne sont donc pas soumis aux frais de financement overnight, ni ne re\u00e7oivent de swaps sur leurs positions nocturnes.<\/p>\n<p>Le courtier ne mentionne aucun frais administratif li\u00e9 au maintien de positions pendant plusieurs nuits avec un compte islamique. Toutefois, selon les conditions g\u00e9n\u00e9rales de XM, si le courtier juge qu\u2019un trader abuse des avantages d\u2019un compte islamique, XM se r\u00e9serve le droit de retirer le statut sans swap dudit compte et de commencer \u00e0 facturer les swaps sur les positions overnight.<\/p>\n<h2 id=\"other\"><i class=\"ico ico--administration-fees\"><\/i>Frais hors trading sur XM<\/h2>\n<p>Outre les co\u00fbts de trading sur XM, il convient \u00e9galement de prendre en compte les autres frais susceptibles de s\u2019appliquer \u00e0 votre compte de trading. Vous pouvez <strong>ouvrir gratuitement un compte d\u00e9mo comme un compte r\u00e9el<\/strong>, ce qui vous donne acc\u00e8s \u00e0 l\u2019ensemble des instruments n\u00e9gociables et des solutions logicielles de trading. Lorsque vous \u00eates pr\u00eat \u00e0 passer au trading r\u00e9el, vous pouvez effectuer un d\u00e9p\u00f4t en choisissant parmi plusieurs m\u00e9thodes pratiques, sans frais. Les retraits sont \u00e9galement gratuits, ce qui permet aux traders de g\u00e9rer tous les flux de fonds vers et depuis XM sans frais suppl\u00e9mentaires.<\/p>\n<p>Si votre compte reste <strong>inactif pendant plus de 90 jours<\/strong>, des frais d\u2019inactivit\u00e9 de <strong>15 $<\/strong> seront pr\u00e9lev\u00e9s. Si l\u2019inactivit\u00e9 se poursuit, le courtier facturera 10 $ par mois. Si votre solde atteint 0 $ alors que le compte est inactif, XM peut cl\u00f4turer votre compte.<\/p>\n<p>Pour les traders qui souhaitent am\u00e9liorer leur exp\u00e9rience gr\u00e2ce \u00e0 un service d\u2019h\u00e9bergement VPS, XM propose un VPS MT4 accessible via un <strong>abonnement payant de 28 $ par mois<\/strong>. Autrement, les traders qui conservent un solde d\u2019au moins 5 000 $ sur l\u2019ensemble de leurs comptes XM et effectuent au moins cinq op\u00e9rations aller-retour d\u2019un lot standard par mois peuvent profiter gratuitement du service VPS MT4.<\/p>\n<div class=\"table-responsive\">\n<table class=\"table\">\n<thead>\n<tr>\n<th colspan=\"2\">Frais hors trading sur XM<\/th>\n<\/tr>\n<\/thead>\n<tbody>\n<tr>\n<td>Frais de d\u00e9p\u00f4t<\/td>\n<td>Gratuit<\/td>\n<\/tr>\n<tr>\n<td>Frais de retrait<\/td>\n<td>Gratuit<\/td>\n<\/tr>\n<tr>\n<td>Frais d\u2019ouverture de compte<\/td>\n<td>Gratuit<\/td>\n<\/tr>\n<tr>\n<td>Frais d\u2019inactivit\u00e9<\/td>\n<td>15 $ apr\u00e8s 90 jours d\u2019inactivit\u00e9 puis 10 $ par mois<\/td>\n<\/tr>\n<tr>\n<td>Abonnement VPS<\/td>\n<td>28 $ par mois<\/td>\n<\/tr>\n<\/tbody>\n<\/table>\n<\/div>\n<h2 id=\"conclusion\"><i class=\"ico ico--pen\"><\/i>Conclusion sur les frais de XM<\/h2>\n<p>Les co\u00fbts de trading sur XM sont plus qu\u2019abordables, et le courtier permet aux traders de choisir parmi plusieurs types de comptes, dont certains suppriment la commission et d&rsquo;autres r\u00e9duisent le prix gr\u00e2ce \u00e0 des spreads plus serr\u00e9s. En outre, <strong>le courtier n\u2019impose aucun frais sur les d\u00e9p\u00f4ts et les retraits<\/strong>, ce qui permet de g\u00e9rer ses fonds \u00e0 moindre co\u00fbt. Notez toutefois qu\u2019apr\u00e8s trois mois d\u2019inactivit\u00e9 sur votre compte, des frais d\u2019inactivit\u00e9 seront pr\u00e9lev\u00e9s ; pensez donc \u00e0 consulter r\u00e9guli\u00e8rement vos comptes XM. Si l\u2019h\u00e9bergement VPS est disponible moyennant 28 $ par mois, <strong>les traders \u00e0 fort volume peuvent b\u00e9n\u00e9ficier gratuitement du VPS MT4<\/strong>.<\/p>\n","protected":false},"excerpt":{"rendered":"<p>Pour se faire une id\u00e9e compl\u00e8te de l\u2019exp\u00e9rience de trading globale chez XM, nous vous recommandons d\u2019accorder une attention particuli\u00e8re aux co\u00fbts de trading, car ils vous aideront \u00e0 d\u00e9terminer si ce courtier est le bon choix pour vous. Les spreads, les commissions et les autres frais sont suffisamment importants pour \u00e9valuer correctement son budget [&hellip;]<\/p>\n","protected":false},"author":2,"featured_media":0,"parent":12037,"menu_order":0,"comment_status":"closed","ping_status":"closed","template":"templates\/review.php","meta":{"footnotes":""},"class_list":["post-59616","page","type-page","status-publish","hentry"],"aioseo_notices":[],"_links":{"self":[{"href":"https:\/\/www.bestbrokers.com\/fr\/wp-json\/wp\/v2\/pages\/59616","targetHints":{"allow":["GET"]}}],"collection":[{"href":"https:\/\/www.bestbrokers.com\/fr\/wp-json\/wp\/v2\/pages"}],"about":[{"href":"https:\/\/www.bestbrokers.com\/fr\/wp-json\/wp\/v2\/types\/page"}],"author":[{"embeddable":true,"href":"https:\/\/www.bestbrokers.com\/fr\/wp-json\/wp\/v2\/users\/2"}],"replies":[{"embeddable":true,"href":"https:\/\/www.bestbrokers.com\/fr\/wp-json\/wp\/v2\/comments?post=59616"}],"version-history":[{"count":8,"href":"https:\/\/www.bestbrokers.com\/fr\/wp-json\/wp\/v2\/pages\/59616\/revisions"}],"predecessor-version":[{"id":71836,"href":"https:\/\/www.bestbrokers.com\/fr\/wp-json\/wp\/v2\/pages\/59616\/revisions\/71836"}],"up":[{"embeddable":true,"href":"https:\/\/www.bestbrokers.com\/fr\/wp-json\/wp\/v2\/pages\/12037"}],"wp:attachment":[{"href":"https:\/\/www.bestbrokers.com\/fr\/wp-json\/wp\/v2\/media?parent=59616"}],"curies":[{"name":"wp","href":"https:\/\/api.w.org\/{rel}","templated":true}]}}