{"id":59617,"date":"2025-03-19T09:33:27","date_gmt":"2025-03-19T09:33:27","guid":{"rendered":"https:\/\/www.bestbrokers.com\/?page_id=59617"},"modified":"2025-10-22T13:20:33","modified_gmt":"2025-10-22T13:20:33","slug":"spreads-fees-and-commissions","status":"publish","type":"page","link":"https:\/\/www.bestbrokers.com\/fr\/reviews\/fxtm\/spreads-fees-and-commissions\/","title":{"rendered":"Spreads, frais et commissions de FXTM"},"content":{"rendered":"<div class=\"author-line\">\u00c9crit par <span class=\"author\">Zornitsa Stefanova<div class=\"author-sub-box\"><div class=\"author-avatar\"><img decoding=\"async\" src=\"https:\/\/www.bestbrokers.com\/wp-content\/uploads\/2024\/09\/zornica-stefanova.jpeg\" \/><\/div><div class=\"author-info-wrapper\"><div class=\"author-name\"><a href=\"https:\/\/www.bestbrokers.com\/fr\/authors\/zornitsa-stefanova\/\">Zornitsa Stefanova<\/a><\/div><div class=\"author-bio\">Zornitsa Stefanova est une analyste exp\u00e9riment\u00e9e dans le domaine du Forex et des cryptomonnaies.  Elle couvre \u00e9galement divers sujets financiers tels que le trading d\u2019actions et les investissements pour la retraite.<\/div><\/div><\/div><\/span>,  <a rel=\"nofollow\" target=\"_blank\" href=\"https:\/\/www.linkedin.com\/in\/zornica-stefanova-73ab39287\/\"><img decoding=\"async\" class=\"social-icon\" src=\"https:\/\/www.bestbrokers.com\/wp-content\/themes\/best-brokers\/assets\/images\/icon-linkedin.svg\" data-no-lazy=\"1\"><\/a> <span class=\"sep\">|<\/span> Traduit par <span class=\"author\">Agnes Orieux<div class=\"author-sub-box\"><div class=\"author-info-wrapper\"><div class=\"author-name\"><a href=\"https:\/\/www.bestbrokers.com\/fr\/authors\/agnes-orieux\/\">Agnes Orieux<\/a><\/div><div class=\"author-bio\">Agnes Orieux est une traductrice et r\u00e9dactrice de l'anglais vers le fran\u00e7ais, avec une exp\u00e9rience dans les march\u00e9s financiers. Elle est la r\u00e9dactrice principale de la version fran\u00e7aise de BestBrokers.com.<\/div><\/div><\/div><\/span> <span class=\"sep\">|<\/span> Mis \u00e0 jour : <time class=\"entry-date\" datetime=\"2025-10-22T13:20:33+00:00\">octobre 22, 2025<\/time><\/div>\n<p>FXTM a ouvert ses portes virtuelles en 2011 et sert d\u00e9sormais plus d\u2019un million de clients dans des dizaines de pays. Le Forex, les actions, les cryptomonnaies, les indices et les mati\u00e8res premi\u00e8res figurent parmi les march\u00e9s propos\u00e9s. Le courtier se montre \u00e9galement flexible en mati\u00e8re de co\u00fbts, puisque les clients FXTM peuvent n\u00e9gocier sans commission avec le compte Advantage Plus ou b\u00e9n\u00e9ficier de spreads plus serr\u00e9s en choisissant le compte Advantage, soumis \u00e0 commission. Notre \u00e9quipe d\u2019experts a analys\u00e9 en profondeur la structure tarifaire de FXTM en ouvrant un compte r\u00e9el ; en poursuivant votre lecture, vous d\u00e9couvrirez non seulement les frais \u00e9voqu\u00e9s ci-dessus, mais aussi les frais hors trading appliqu\u00e9s par le courtier.<\/p>\n<p>Nous avons \u00e9galement test\u00e9 les plateformes propos\u00e9es par FXTM. Bien que le courtier ne dispose pas de logiciel propri\u00e9taire pour le trading sur ordinateur, il prend en charge les plateformes tierces populaires MetaTrader 4 et MetaTrader 5. Les traders nomades ne sont pas oubli\u00e9s, le courtier \u00e9tant enti\u00e8rement adapt\u00e9 au mobile.<\/p>\n<h2 id=\"costs\"><i class=\"ico ico--money-supply\"><\/i>Co\u00fbts de trading sur FXTM<\/h2>\n<p>FXTM propose deux types de comptes r\u00e9els destin\u00e9s \u00e0 r\u00e9pondre aux diff\u00e9rentes pr\u00e9f\u00e9rences des traders de Forex et des investisseurs int\u00e9ress\u00e9s par d\u2019autres produits. Ces options sont les comptes Advantage et Advantage Plus. Le premier est un compte \u00e0 spread z\u00e9ro, ce qui signifie que les spreads peuvent descendre jusqu\u2019\u00e0 0 pip, mais une commission de 3,5 $ par lot standard s\u2019applique sur les paires Forex. Advantage Plus, quant \u00e0 lui, convient aux traders qui refusent de payer des commissions et pr\u00e9f\u00e8rent que le spread constitue leur principal co\u00fbt de trading.<\/p>\n<p>En plus de ces options, FXTM propose deux autres types de comptes. Les investisseurs qui ne s\u2019int\u00e9ressent qu\u2019aux actions peuvent ouvrir un compte Advantage Stocks, dont les spreads d\u00e9butent \u00e0 6 cents et sans commission. Les d\u00e9butants peuvent \u00e9galement d\u00e9marrer leur parcours de trading avec le compte de d\u00e9monstration de FXTM. Celui-ci est gratuit et offre un environnement sans risque, permettant de n\u00e9gocier sans perte de capital r\u00e9el.<\/p>\n<h3><i class=\"ico ico--pro-ecn-account\"><\/i>Compte Advantage Plus<\/h3>\n<p>Le premier type de compte propos\u00e9 par FXTM est le compte Advantage Plus, qui affiche des spreads \u00e0 partir de 1,5 pip. Il permet de n\u00e9gocier sans commission, pour ceux qui privil\u00e9gient la simplicit\u00e9 des frais.<\/p>\n<p>Prenons la paire AUD\/USD afin d\u2019illustrer le calcul du co\u00fbt moyen d\u2019une op\u00e9ration Forex. Il faut tout d\u2019abord multiplier le spread de 0,00021 par 100 000, ce qui donne 21 $ par lot standard. Pour un micro-lot (1 000 unit\u00e9s), le co\u00fbt tombe \u00e0 0,21 $. De m\u00eame, un mini-lot de 10 000 unit\u00e9s co\u00fbtera 2,10 $. Vous trouverez ci-dessous les co\u00fbts appliqu\u00e9s \u00e0 d\u2019autres paires populaires :<\/p>\n<div class=\"table-responsive\">\n<table class=\"table table--colorful\">\n<thead>\n<tr>\n<th style=\"background-color: #fff;\" colspan=\"5\">Co\u00fbts moyens des spreads avec le compte Advantage Plus<\/th>\n<\/tr>\n<tr>\n<th>Paire de devises<\/th>\n<th>Spreads<\/th>\n<th>Commission par lot et par c\u00f4t\u00e9<\/th>\n<th>Co\u00fbt par micro-lot<\/th>\n<th>Co\u00fbt par lot standard<\/th>\n<\/tr>\n<\/thead>\n<tbody>\n<tr>\n<td>AUD\/USD<\/td>\n<td style=\"text-align: center;\">2,1<\/td>\n<td style=\"text-align: center;\">0 $<\/td>\n<td style=\"text-align: center;\">0,21 $<\/td>\n<td style=\"text-align: center;\">21 $<\/td>\n<\/tr>\n<tr>\n<td>EUR\/GBP<\/td>\n<td style=\"text-align: center;\">2,7<\/td>\n<td style=\"text-align: center;\">0 $<\/td>\n<td style=\"text-align: center;\">0,364 $<\/td>\n<td style=\"text-align: center;\">36,38 $<\/td>\n<\/tr>\n<tr>\n<td>EUR\/JPY<\/td>\n<td style=\"text-align: center;\">2,5<\/td>\n<td style=\"text-align: center;\">0 $<\/td>\n<td style=\"text-align: center;\">0,17 $<\/td>\n<td style=\"text-align: center;\">17 $<\/td>\n<\/tr>\n<tr>\n<td>EUR\/USD<\/td>\n<td style=\"text-align: center;\">2,1<\/td>\n<td style=\"text-align: center;\">0 $<\/td>\n<td style=\"text-align: center;\">0,21 $<\/td>\n<td style=\"text-align: center;\">21 $<\/td>\n<\/tr>\n<tr>\n<td>GBP\/JPY<\/td>\n<td style=\"text-align: center;\">6,9<\/td>\n<td style=\"text-align: center;\">0 $<\/td>\n<td style=\"text-align: center;\">0,469 $<\/td>\n<td style=\"text-align: center;\">46,94 $<\/td>\n<\/tr>\n<tr>\n<td>GBP\/USD<\/td>\n<td style=\"text-align: center;\">2,5<\/td>\n<td style=\"text-align: center;\">0 $<\/td>\n<td style=\"text-align: center;\">0,25 $<\/td>\n<td style=\"text-align: center;\">25 $<\/td>\n<\/tr>\n<tr>\n<td>NZD\/USD<\/td>\n<td style=\"text-align: center;\">15<\/td>\n<td style=\"text-align: center;\">0 $<\/td>\n<td style=\"text-align: center;\">1,5 $<\/td>\n<td style=\"text-align: center;\">150 $<\/td>\n<\/tr>\n<tr>\n<td>USD\/CAD<\/td>\n<td style=\"text-align: center;\">2,8<\/td>\n<td style=\"text-align: center;\">0 $<\/td>\n<td style=\"text-align: center;\">0,204 $<\/td>\n<td style=\"text-align: center;\">20,36 $<\/td>\n<\/tr>\n<tr>\n<td>USD\/CHF<\/td>\n<td style=\"text-align: center;\">2,7<\/td>\n<td style=\"text-align: center;\">0 $<\/td>\n<td style=\"text-align: center;\">0,337 $<\/td>\n<td style=\"text-align: center;\">33,72 $<\/td>\n<\/tr>\n<tr>\n<td>USD\/CNH<\/td>\n<td style=\"text-align: center;\">19,8<\/td>\n<td style=\"text-align: center;\">0 $<\/td>\n<td style=\"text-align: center;\">0,278 $<\/td>\n<td style=\"text-align: center;\">27,79 $<\/td>\n<\/tr>\n<tr>\n<td>USD\/JPY<\/td>\n<td style=\"text-align: center;\">2,5<\/td>\n<td style=\"text-align: center;\">0 $<\/td>\n<td style=\"text-align: center;\">0,17 $<\/td>\n<td style=\"text-align: center;\">17 $<\/td>\n<\/tr>\n<\/tbody>\n<\/table>\n<\/div>\n<h3><i class=\"ico ico--account\"><\/i>Compte Advantage<\/h3>\n<p>Passons maintenant au compte baptis\u00e9 \u00ab Advantage \u00bb. Bien que ce type de compte implique une commission de 3,5 $, il offre aux traders la possibilit\u00e9 de n\u00e9gocier avec des spreads bien plus faibles. En fait, les spreads moyens de la plupart des paires \u00e9tudi\u00e9es \u00e9taient g\u00e9n\u00e9ralement inf\u00e9rieurs \u00e0 1 pip, ce qui se traduit par des co\u00fbts globalement plus bas.<\/p>\n<p>Le calcul du co\u00fbt total est presque identique \u00e0 celui pr\u00e9sent\u00e9 dans la section pr\u00e9c\u00e9dente, \u00e0 ceci pr\u00e8s qu\u2019il faut ici prendre en compte la commission. Pour la paire AUD\/USD, le co\u00fbt initial par lot standard est de 5 $ (0,00005 \u00d7 100 000 = 5 $) ; en y ajoutant la commission de 3,5 $, on obtient un co\u00fbt total de 8,5 $. La commission sur un micro-lot est de 0,035 $, ce qui, ajout\u00e9e au spread initial (0,00005 \u00d7 1 000 = 0,05 $), donne un co\u00fbt total de 0,085 $.<\/p>\n<div class=\"table-responsive\">\n<table class=\"table table--colorful\">\n<thead>\n<tr>\n<th style=\"background-color: #fff;\" colspan=\"5\">Co\u00fbts moyens des spreads avec le compte Advantage<\/th>\n<\/tr>\n<tr>\n<th>Paire de devises<\/th>\n<th>Spreads<\/th>\n<th>Commission par lot et par c\u00f4t\u00e9<\/th>\n<th>Co\u00fbt par micro-lot<\/th>\n<th>Co\u00fbt par lot standard<\/th>\n<\/tr>\n<\/thead>\n<tbody>\n<tr>\n<td>AUD\/USD<\/td>\n<td style=\"text-align: center;\">0,5<\/td>\n<td style=\"text-align: center;\">0,035 $\/3,5 $<\/td>\n<td style=\"text-align: center;\">0,085 $<\/td>\n<td style=\"text-align: center;\">8,5 $<\/td>\n<\/tr>\n<tr>\n<td>EUR\/GBP<\/td>\n<td style=\"text-align: center;\">0,6<\/td>\n<td style=\"text-align: center;\">3,5 $<\/td>\n<td style=\"text-align: center;\">0,11578 $<\/td>\n<td style=\"text-align: center;\">11,57798 $<\/td>\n<\/tr>\n<tr>\n<td>EUR\/JPY<\/td>\n<td style=\"text-align: center;\">0,4<\/td>\n<td style=\"text-align: center;\">3,5 $<\/td>\n<td style=\"text-align: center;\">0,07573 $<\/td>\n<td style=\"text-align: center;\">7,57268 $<\/td>\n<\/tr>\n<tr>\n<td>EUR\/USD<\/td>\n<td style=\"text-align: center;\">0,1<\/td>\n<td style=\"text-align: center;\">3,5 $<\/td>\n<td style=\"text-align: center;\">0,045 $<\/td>\n<td style=\"text-align: center;\">4,5 $<\/td>\n<\/tr>\n<tr>\n<td>GBP\/JPY<\/td>\n<td style=\"text-align: center;\">0,9<\/td>\n<td style=\"text-align: center;\">3,5 $<\/td>\n<td style=\"text-align: center;\">0,09609 $<\/td>\n<td style=\"text-align: center;\">9,60903 $<\/td>\n<\/tr>\n<tr>\n<td>GBP\/USD<\/td>\n<td style=\"text-align: center;\">2<\/td>\n<td style=\"text-align: center;\">3,5 $<\/td>\n<td style=\"text-align: center;\">0,235 $<\/td>\n<td style=\"text-align: center;\">23,5 $<\/td>\n<\/tr>\n<tr>\n<td>NZD\/USD<\/td>\n<td style=\"text-align: center;\">4<\/td>\n<td style=\"text-align: center;\">3,5 $<\/td>\n<td style=\"text-align: center;\">0,435 $<\/td>\n<td style=\"text-align: center;\">43,5 $<\/td>\n<\/tr>\n<tr>\n<td>USD\/CAD<\/td>\n<td style=\"text-align: center;\">0,6<\/td>\n<td style=\"text-align: center;\">3,5 $<\/td>\n<td style=\"text-align: center;\">0,07881 $<\/td>\n<td style=\"text-align: center;\">7,88091 $<\/td>\n<\/tr>\n<tr>\n<td>USD\/CHF<\/td>\n<td style=\"text-align: center;\">0,5<\/td>\n<td style=\"text-align: center;\">3,5 $<\/td>\n<td style=\"text-align: center;\">0,09771 $<\/td>\n<td style=\"text-align: center;\">9,77054 $<\/td>\n<\/tr>\n<tr>\n<td>USD\/CNH<\/td>\n<td style=\"text-align: center;\">16,8<\/td>\n<td style=\"text-align: center;\">3,5 $<\/td>\n<td style=\"text-align: center;\">0,26928 $<\/td>\n<td style=\"text-align: center;\">26,92828 $<\/td>\n<\/tr>\n<tr>\n<td>USD\/JPY<\/td>\n<td style=\"text-align: center;\">0,6<\/td>\n<td style=\"text-align: center;\">3,5 $<\/td>\n<td style=\"text-align: center;\">0,07573 $<\/td>\n<td style=\"text-align: center;\">7,57268 $<\/td>\n<\/tr>\n<\/tbody>\n<\/table>\n<\/div>\n<p>Il convient de noter que les commissions diff\u00e8rent pour les m\u00e9taux au comptant (25 $ par million notionnel). Les CFD sur indices et mati\u00e8res premi\u00e8res, eux, supportent une commission de 35 $ par million notionnel. Une commission de 0,02 $ par c\u00f4t\u00e9\/lot n\u00e9goci\u00e9 s\u2019applique aux CFD sur actions, avec une commission minimale de 0,01 $. Les traders de crypto-actifs sont \u00e9galement soumis \u00e0 une commission s\u2019ils optent pour ce type de compte, actuellement fix\u00e9e \u00e0 0,03 % de la valeur notionnelle.<\/p>\n<h2 id=\"overnight\"><i class=\"ico ico--clock\"><\/i>Frais de financement overnight sur FXTM<\/h2>\n<p>Si vous pr\u00e9voyez de n\u00e9gocier des devises et de maintenir vos positions longues ou courtes durant la nuit, vous devrez surveiller les frais de swap, lesquels varient quotidiennement. Avec les swaps, vous pouvez soit payer soit percevoir des int\u00e9r\u00eats ; le second cas se produit lorsque la devise achet\u00e9e offre un taux d\u2019int\u00e9r\u00eat sup\u00e9rieur \u00e0 celui de la devise vendue. Le tableau ci-dessous r\u00e9capitule les taux en vigueur au moment de la r\u00e9daction.<\/p>\n<div class=\"table-responsive\">\n<table class=\"table table--colorful\">\n<thead>\n<tr>\n<th style=\"background-color: #fff;\" colspan=\"3\">Frais de swap FXTM (29 ao\u00fbt 2025)<\/th>\n<\/tr>\n<tr>\n<th>Paire de devises<\/th>\n<th>Court (Vente)<\/th>\n<th>Long (Achat)<\/th>\n<\/tr>\n<\/thead>\n<tbody>\n<tr>\n<td>AUD\/USD<\/td>\n<td style=\"text-align: center;\">-0,005<\/td>\n<td style=\"text-align: center;\">-0,0211<\/td>\n<\/tr>\n<tr>\n<td>EUR\/GBP<\/td>\n<td style=\"text-align: center;\">0,0093<\/td>\n<td style=\"text-align: center;\">-0,0977<\/td>\n<\/tr>\n<tr>\n<td>EUR\/JPY<\/td>\n<td style=\"text-align: center;\">-0,1671<\/td>\n<td style=\"text-align: center;\">0,0109<\/td>\n<\/tr>\n<tr>\n<td>EUR\/USD<\/td>\n<td style=\"text-align: center;\">0,0476<\/td>\n<td style=\"text-align: center;\">-0,1041<\/td>\n<\/tr>\n<tr>\n<td>GBP\/JPY<\/td>\n<td style=\"text-align: center;\">-0,3167<\/td>\n<td style=\"text-align: center;\">0,0883<\/td>\n<\/tr>\n<tr>\n<td>GBP\/USD<\/td>\n<td style=\"text-align: center;\">-0,0211<\/td>\n<td style=\"text-align: center;\">-0,0314<\/td>\n<\/tr>\n<tr>\n<td>NZD\/USD<\/td>\n<td style=\"text-align: center;\">0,0056<\/td>\n<td style=\"text-align: center;\">-0,0309<\/td>\n<\/tr>\n<tr>\n<td>USD\/CAD<\/td>\n<td style=\"text-align: center;\">-0,0982<\/td>\n<td style=\"text-align: center;\">0,0407<\/td>\n<\/tr>\n<tr>\n<td>USD\/CHF<\/td>\n<td style=\"text-align: center;\">-0,1321<\/td>\n<td style=\"text-align: center;\">0,0659<\/td>\n<\/tr>\n<tr>\n<td>USD\/CNH<\/td>\n<td style=\"text-align: center;\">-1,1748<\/td>\n<td style=\"text-align: center;\">0,0462<\/td>\n<\/tr>\n<tr>\n<td>USD\/JPY<\/td>\n<td style=\"text-align: center;\">-0,2204<\/td>\n<td style=\"text-align: center;\">0,0826<\/td>\n<\/tr>\n<\/tbody>\n<\/table>\n<\/div>\n<h2 id=\"swap\"><i class=\"ico ico--islamic-account\"><\/i>Co\u00fbts du trading sans swap sur FXTM<\/h2>\n<p>Le trading sans swap est accessible quel que soit votre type de compte, Advantage ou Advantage Plus. Cette option vous dispense de payer ou de percevoir des int\u00e9r\u00eats de rollover et applique \u00e0 la place des frais quotidiens simples. Ceux-ci ne sont factur\u00e9s que si vous ne cl\u00f4turez pas votre position apr\u00e8s la p\u00e9riode de gr\u00e2ce de sept jours.<\/p>\n<p>Vous pouvez activer cette fonctionnalit\u00e9 depuis la section Accounts Overview du tableau de bord MyFXTM. Notez toutefois qu\u2019elle n\u2019est pas forc\u00e9ment disponible imm\u00e9diatement. FXTM peut d\u2019abord vous demander de prouver que vous \u00eates musulman en fournissant un document appropri\u00e9 \u00e0 son service d\u2019assistance. Selon le courtier, il s\u2019agit g\u00e9n\u00e9ralement d\u2019un certificat d\u00e9livr\u00e9 par un dirigeant religieux, tel qu\u2019un imam ou toute autre autorit\u00e9 reconnue.<\/p>\n<div class=\"table-responsive\">\n<table class=\"table table--colorful\">\n<thead>\n<tr>\n<th style=\"background-color: #fff;\" colspan=\"3\">Frais administratifs du compte islamique FXTM<\/th>\n<\/tr>\n<tr>\n<th>Paire<\/th>\n<th>Frais quotidiens, en USD par lot<\/th>\n<th>P\u00e9riode sans swap (jours)<\/th>\n<\/tr>\n<\/thead>\n<tbody>\n<tr>\n<td>AUD\/USD<\/td>\n<td style=\"text-align: center;\">-5<\/td>\n<td style=\"text-align: center;\">7<\/td>\n<\/tr>\n<tr>\n<td>EUR\/GBP<\/td>\n<td style=\"text-align: center;\">-5<\/td>\n<td style=\"text-align: center;\">7<\/td>\n<\/tr>\n<tr>\n<td>EUR\/JPY<\/td>\n<td style=\"text-align: center;\">-15<\/td>\n<td style=\"text-align: center;\">7<\/td>\n<\/tr>\n<tr>\n<td>EUR\/USD<\/td>\n<td style=\"text-align: center;\">-10<\/td>\n<td style=\"text-align: center;\">7<\/td>\n<\/tr>\n<tr>\n<td>GBP\/JPY<\/td>\n<td style=\"text-align: center;\">-15<\/td>\n<td style=\"text-align: center;\">7<\/td>\n<\/tr>\n<tr>\n<td>GBP\/USD<\/td>\n<td style=\"text-align: center;\">-5<\/td>\n<td style=\"text-align: center;\">7<\/td>\n<\/tr>\n<tr>\n<td>NZD\/USD<\/td>\n<td style=\"text-align: center;\">-1,5<\/td>\n<td style=\"text-align: center;\">7<\/td>\n<\/tr>\n<tr>\n<td>USD\/CAD<\/td>\n<td style=\"text-align: center;\">-5<\/td>\n<td style=\"text-align: center;\">7<\/td>\n<\/tr>\n<tr>\n<td>USD\/CHF<\/td>\n<td style=\"text-align: center;\">-10<\/td>\n<td style=\"text-align: center;\">7<\/td>\n<\/tr>\n<tr>\n<td>USD\/CNH<\/td>\n<td style=\"text-align: center;\">-50<\/td>\n<td style=\"text-align: center;\">7<\/td>\n<\/tr>\n<tr>\n<td>USD\/JPY<\/td>\n<td style=\"text-align: center;\">-20<\/td>\n<td style=\"text-align: center;\">7<\/td>\n<\/tr>\n<\/tbody>\n<\/table>\n<\/div>\n<h2 id=\"other\"><i class=\"ico ico--administration-fees\"><\/i>Co\u00fbts hors trading sur FXTM<\/h2>\n<p>FXTM applique des frais fixes de 3 $ sur les d\u00e9p\u00f4ts et retraits d\u2019un montant \u00e9gal ou inf\u00e9rieur \u00e0 30 $. En dehors de cette exception, les d\u00e9p\u00f4ts sont gratuits. Aucun frais n&rsquo;est pr\u00e9lev\u00e9 \u00e0 l\u2019ouverture d\u2019un compte, mais vous devez respecter un d\u00e9p\u00f4t minimum de 200 $\/\u20ac\/\u00a3.<\/p>\n<div class=\"table-responsive\">\n<table class=\"table\">\n<thead>\n<tr>\n<th colspan=\"2\">Aper\u00e7u des co\u00fbts hors trading sur FXTM<\/th>\n<\/tr>\n<\/thead>\n<tbody>\n<tr>\n<td>Frais de d\u00e9p\u00f4t<\/td>\n<td>\n<ul class=\"list-checks\">\n<li>D\u00e9p\u00f4ts de 30 $ ou moins : frais de transaction de 3 $<\/li>\n<li>D\u00e9p\u00f4ts sup\u00e9rieurs \u00e0 30 $ : gratuit<\/li>\n<\/ul>\n<\/td>\n<\/tr>\n<tr>\n<td>Frais de retrait<\/td>\n<td>\n<ul class=\"list-checks\">\n<li>Retraits de 30 $ ou moins : frais de transaction de 3 $<\/li>\n<li>Retraits sup\u00e9rieurs \u00e0 30 $ : des frais peuvent s\u2019appliquer<\/li>\n<\/ul>\n<\/td>\n<\/tr>\n<tr>\n<td>Frais d\u2019ouverture de compte<\/td>\n<td>Gratuit<\/td>\n<\/tr>\n<tr>\n<td>Frais d\u2019inactivit\u00e9<\/td>\n<td>10 $ par mois apr\u00e8s 3 mois d\u2019inactivit\u00e9<\/td>\n<\/tr>\n<tr>\n<td>Abonnement VPS<\/td>\n<td>Le service VPS de FXTM est gratuit si le trader maintient un solde de 3 000 $. Les utilisateurs peuvent recourir \u00e0 un VPS externe \u00e0 leurs propres risques.<\/td>\n<\/tr>\n<\/tbody>\n<\/table>\n<\/div>\n<p>FXTM ne facture aucun frais sur de nombreux modes de retrait, pourvu que le montant demand\u00e9 d\u00e9passe 30 $. Perfect Money en fait partie, tout comme Skrill, TC Pay Wallet, GlobePay et certaines solutions r\u00e9gionales. D\u2019autres moyens de paiement entra\u00eenent toutefois des frais que vous pouvez consulter ci-dessous :<\/p>\n<div class=\"table-responsive\">\n<table class=\"table table--orange\">\n<thead>\n<tr>\n<th style=\"background-color: #fff;\" colspan=\"2\">Frais de retrait FXTM<\/th>\n<\/tr>\n<tr>\n<th>M\u00e9thode<\/th>\n<th>Frais \/ commissions<\/th>\n<\/tr>\n<\/thead>\n<tbody>\n<tr>\n<td>FasaPay<\/td>\n<td style=\"text-align: center;\">0,5 %<\/td>\n<\/tr>\n<tr>\n<td>Solutions locales africaines (C) (NGN)<\/td>\n<td style=\"text-align: center;\">1 $<\/td>\n<\/tr>\n<tr>\n<td>Virement bancaire vietnamien<\/td>\n<td style=\"text-align: center;\">4 %<\/td>\n<\/tr>\n<tr>\n<td>Banque en ligne Asie du Sud-Est<\/td>\n<td style=\"text-align: center;\">1,4 %<\/td>\n<\/tr>\n<tr>\n<td>Nganluong (E-wallet &amp; banking channel) (VND)<\/td>\n<td style=\"text-align: center;\">1,1 % + 0,05 $<\/td>\n<\/tr>\n<tr>\n<td>Visa<\/td>\n<td style=\"text-align: center;\">2 \u20ac \/ 3 $ \/ 2 \u00a3<\/td>\n<\/tr>\n<tr>\n<td>Mastercard<\/td>\n<td style=\"text-align: center;\">2 \u20ac \/ 3 $ \/ 2 \u00a3<\/td>\n<\/tr>\n<tr>\n<td>Maestro<\/td>\n<td style=\"text-align: center;\">2 \u20ac \/ 3 $ \/ 2 \u00a3<\/td>\n<\/tr>\n<tr>\n<td>WebMoney<\/td>\n<td style=\"text-align: center;\">2 %<\/td>\n<\/tr>\n<tr>\n<td>Yandex.Money<\/td>\n<td style=\"text-align: center;\">1,5 %<\/td>\n<\/tr>\n<tr>\n<td>QIWI<\/td>\n<td style=\"text-align: center;\">1,5 %<\/td>\n<\/tr>\n<tr>\n<td>Konnexone<\/td>\n<td style=\"text-align: center;\">2 %<\/td>\n<\/tr>\n<tr>\n<td>Virement bancaire<\/td>\n<td style=\"text-align: center;\">30 \u20ac<\/td>\n<\/tr>\n<\/tbody>\n<\/table>\n<\/div>\n<p>Les traders int\u00e9ress\u00e9s par un serveur priv\u00e9 virtuel seront ravis d\u2019apprendre qu\u2019ils peuvent b\u00e9n\u00e9ficier d\u2019un VPS gratuit. Pour conna\u00eetre les conditions d\u2019\u00e9ligibilit\u00e9, il suffit de contacter votre gestionnaire de compte attitr\u00e9 ou l\u2019\u00e9quipe du support.<\/p>\n<p>Voici les caract\u00e9ristiques techniques du VPS : 1 CPU (2,2 GHz), 1 Go de RAM, 30 Go de disque dur, Windows Server 2008 R2. Vous pouvez \u00e9galement opter pour un service VPS externe, mais FXTM pr\u00e9cise que vous le faites \u00e0 vos propres risques.<\/p>\n<p>Pour finir, nous vous recommandons d\u2019utiliser votre compte pour n\u00e9gocier ou de le d\u00e9sactiver si vous d\u00e9cidez d\u2019arr\u00eater d\u00e9finitivement. Dans le cas contraire, des frais d\u2019inactivit\u00e9 pourraient vous \u00eatre factur\u00e9s. FXTM pr\u00e9l\u00e8ve en effet 10 $\/\u20ac\/\u00a3 par mois apr\u00e8s trois mois cons\u00e9cutifs sans activit\u00e9.<\/p>\n<h2 id=\"conclusion\"><i class=\"ico ico--pen\"><\/i>Conclusion sur les frais de FXTM<\/h2>\n<p>En mati\u00e8re de co\u00fbts, FXTM se situe plut\u00f4t dans la moyenne. Les spreads moyens propos\u00e9s aux utilisateurs d\u2019Advantage Plus sont loin d\u2019\u00eatre les plus bas du march\u00e9, mais l\u2019existence d\u2019un compte \u00e0 z\u00e9ro spread convient aux traders qui recherchent des spreads r\u00e9duits. Le courtier fait preuve de transparence concernant ses frais de rollover ainsi que les frais administratifs auxquels les d\u00e9tenteurs de comptes islamiques doivent pr\u00eater attention. L\u2019absence de frais de d\u00e9p\u00f4t constitue un autre avantage, \u00e0 condition de ne pas approvisionner votre compte de 30 $ ou moins.<\/p>\n","protected":false},"excerpt":{"rendered":"<p>FXTM a ouvert ses portes virtuelles en 2011 et sert d\u00e9sormais plus d\u2019un million de clients dans des dizaines de pays. Le Forex, les actions, les cryptomonnaies, les indices et les mati\u00e8res premi\u00e8res figurent parmi les march\u00e9s propos\u00e9s. Le courtier se montre \u00e9galement flexible en mati\u00e8re de co\u00fbts, puisque les clients FXTM peuvent n\u00e9gocier sans [&hellip;]<\/p>\n","protected":false},"author":2,"featured_media":0,"parent":11976,"menu_order":0,"comment_status":"closed","ping_status":"closed","template":"templates\/review.php","meta":{"footnotes":""},"class_list":["post-59617","page","type-page","status-publish","hentry"],"aioseo_notices":[],"_links":{"self":[{"href":"https:\/\/www.bestbrokers.com\/fr\/wp-json\/wp\/v2\/pages\/59617","targetHints":{"allow":["GET"]}}],"collection":[{"href":"https:\/\/www.bestbrokers.com\/fr\/wp-json\/wp\/v2\/pages"}],"about":[{"href":"https:\/\/www.bestbrokers.com\/fr\/wp-json\/wp\/v2\/types\/page"}],"author":[{"embeddable":true,"href":"https:\/\/www.bestbrokers.com\/fr\/wp-json\/wp\/v2\/users\/2"}],"replies":[{"embeddable":true,"href":"https:\/\/www.bestbrokers.com\/fr\/wp-json\/wp\/v2\/comments?post=59617"}],"version-history":[{"count":7,"href":"https:\/\/www.bestbrokers.com\/fr\/wp-json\/wp\/v2\/pages\/59617\/revisions"}],"predecessor-version":[{"id":71837,"href":"https:\/\/www.bestbrokers.com\/fr\/wp-json\/wp\/v2\/pages\/59617\/revisions\/71837"}],"up":[{"embeddable":true,"href":"https:\/\/www.bestbrokers.com\/fr\/wp-json\/wp\/v2\/pages\/11976"}],"wp:attachment":[{"href":"https:\/\/www.bestbrokers.com\/fr\/wp-json\/wp\/v2\/media?parent=59617"}],"curies":[{"name":"wp","href":"https:\/\/api.w.org\/{rel}","templated":true}]}}