{"id":82646,"date":"2026-03-11T12:51:11","date_gmt":"2026-03-11T12:51:11","guid":{"rendered":"https:\/\/www.bestbrokers.com\/?page_id=82646"},"modified":"2026-03-11T13:38:21","modified_gmt":"2026-03-11T13:38:21","slug":"eugene-lee-cfa","status":"publish","type":"page","link":"https:\/\/www.bestbrokers.com\/fr\/authors\/eugene-lee-cfa\/","title":{"rendered":"Eugene Lee, CFA"},"content":{"rendered":"<p><img decoding=\"async\" src=\"https:\/\/www.bestbrokers.com\/wp-content\/uploads\/2026\/03\/elee-150x150.webp\" alt=\"Eugene Lee, CFA - Auteur chez BestBrokers\" width=\"150\" height=\"150\" class=\"alignleft size-thumbnail wp-image-82552\" srcset=\"https:\/\/www.bestbrokers.com\/wp-content\/uploads\/2026\/03\/elee-150x150.webp 150w, https:\/\/www.bestbrokers.com\/wp-content\/uploads\/2026\/03\/elee.webp 250w\" sizes=\"(max-width: 150px) 100vw, 150px\" \/>Eugene Lee, CFA (analyste financier agr\u00e9\u00e9), est un strat\u00e8ge en investissement et chercheur quantitatif qui compte plus de vingt ans d&rsquo;exp\u00e9rience sur les march\u00e9s mondiaux. Gr\u00e2ce \u00e0 son exp\u00e9rience au sein d&rsquo;\u00e9quipes de trading et de gestion de portefeuilles pouvant contenir plusieurs milliards de dollars d\u2019actions, de titres \u00e0 revenu fixe et de produits d\u00e9riv\u00e9s, il est sp\u00e9cialis\u00e9 dans la transformation de strat\u00e9gies syst\u00e9matiques complexes en informations exploitables pour les investisseurs institutionnels et particuliers. <\/p>\n<p>Au-del\u00e0 de son travail dans la gestion d&rsquo;actifs institutionnels, Eugene a pass\u00e9 les dix derni\u00e8res ann\u00e9es \u00e0 la crois\u00e9e de la fintech et du risque de cr\u00e9dit, \u00e9laborant des mod\u00e8les pr\u00e9dictifs et des cadres analytiques pour les principales plateformes de pr\u00eat. Il se concentre actuellement sur le coaching en investissement et sur la formation sur les options d\u2019achat, aidant les traders \u00e0 d\u00e9velopper une approche disciplin\u00e9e et fond\u00e9e sur les donn\u00e9es pour la structuration de portefeuilles et la gestion des risques.<\/p>\n<p><a target=\"_blank\" href=\"https:\/\/www.linkedin.com\/in\/etlpro\" rel=\"noopener\"><img decoding=\"async\" width=\"25\" src=\"\/wp-content\/themes\/best-brokers\/assets\/images\/icon-linkedin.svg\" \/><\/a> <a target=\"_blank\" href=\"https:\/\/credentials.cfainstitute.org\/54800944-5857-4ebf-9ffe-ecd57e54c8ac\" rel=\"noopener\"><img decoding=\"async\" width=\"25\" src=\"\/wp-content\/themes\/best-brokers\/assets\/images\/icon-cfa.svg\" \/><\/a><\/p>\n","protected":false},"excerpt":{"rendered":"<p>Eugene Lee, CFA (analyste financier agr\u00e9\u00e9), est un strat\u00e8ge en investissement et chercheur quantitatif qui compte plus de vingt ans d&rsquo;exp\u00e9rience sur les march\u00e9s mondiaux. Gr\u00e2ce \u00e0 son exp\u00e9rience au sein d&rsquo;\u00e9quipes de trading et de gestion de portefeuilles pouvant contenir plusieurs milliards de dollars d\u2019actions, de titres \u00e0 revenu fixe et de produits d\u00e9riv\u00e9s, [&hellip;]<\/p>\n","protected":false},"author":1,"featured_media":82552,"parent":12088,"menu_order":0,"comment_status":"closed","ping_status":"closed","template":"templates\/full-width.php","meta":{"footnotes":""},"class_list":["post-82646","page","type-page","status-publish","has-post-thumbnail","hentry"],"aioseo_notices":[],"_links":{"self":[{"href":"https:\/\/www.bestbrokers.com\/fr\/wp-json\/wp\/v2\/pages\/82646","targetHints":{"allow":["GET"]}}],"collection":[{"href":"https:\/\/www.bestbrokers.com\/fr\/wp-json\/wp\/v2\/pages"}],"about":[{"href":"https:\/\/www.bestbrokers.com\/fr\/wp-json\/wp\/v2\/types\/page"}],"author":[{"embeddable":true,"href":"https:\/\/www.bestbrokers.com\/fr\/wp-json\/wp\/v2\/users\/1"}],"replies":[{"embeddable":true,"href":"https:\/\/www.bestbrokers.com\/fr\/wp-json\/wp\/v2\/comments?post=82646"}],"version-history":[{"count":3,"href":"https:\/\/www.bestbrokers.com\/fr\/wp-json\/wp\/v2\/pages\/82646\/revisions"}],"predecessor-version":[{"id":82716,"href":"https:\/\/www.bestbrokers.com\/fr\/wp-json\/wp\/v2\/pages\/82646\/revisions\/82716"}],"up":[{"embeddable":true,"href":"https:\/\/www.bestbrokers.com\/fr\/wp-json\/wp\/v2\/pages\/12088"}],"wp:featuredmedia":[{"embeddable":true,"href":"https:\/\/www.bestbrokers.com\/fr\/wp-json\/wp\/v2\/media\/82552"}],"wp:attachment":[{"href":"https:\/\/www.bestbrokers.com\/fr\/wp-json\/wp\/v2\/media?parent=82646"}],"curies":[{"name":"wp","href":"https:\/\/api.w.org\/{rel}","templated":true}]}}