{"id":82648,"date":"2026-03-11T12:52:04","date_gmt":"2026-03-11T12:52:04","guid":{"rendered":"https:\/\/www.bestbrokers.com\/?page_id=82648"},"modified":"2026-03-11T13:39:52","modified_gmt":"2026-03-11T13:39:52","slug":"matthew-levy-cfa","status":"publish","type":"page","link":"https:\/\/www.bestbrokers.com\/fr\/authors\/matthew-levy-cfa\/","title":{"rendered":"Matthew Levy, CFA"},"content":{"rendered":"<p><img decoding=\"async\" src=\"https:\/\/www.bestbrokers.com\/wp-content\/uploads\/2026\/03\/mlevy-150x150.webp\" alt=\"Matthew Levy, CFA - Auteur chez BestBrokers\" width=\"150\" height=\"150\" class=\"alignleft size-thumbnail wp-image-82542\" srcset=\"https:\/\/www.bestbrokers.com\/wp-content\/uploads\/2026\/03\/mlevy-150x150.webp 150w, https:\/\/www.bestbrokers.com\/wp-content\/uploads\/2026\/03\/mlevy.webp 250w\" sizes=\"(max-width: 150px) 100vw, 150px\" \/>Matthew Levy, CFA (analyste financier agr\u00e9\u00e9), est un r\u00e9dacteur financier exp\u00e9riment\u00e9 et un sp\u00e9cialiste du contenu qui poss\u00e8de une solide exp\u00e9rience dans les services financiers, l&rsquo;\u00e9conomie et l&rsquo;analyse des investissements. Il est titulaire d&rsquo;une licence en \u00e9conomie avec une sp\u00e9cialisation en commerce et finance et est titulaire du CFA, ce qui refl\u00e8te \u00e0 la fois son expertise technique et son engagement envers les normes professionnelles les plus \u00e9lev\u00e9es. Originaire de Vancouver, au Canada, Matthew apporte une perspective mondiale \u00e0 son travail, en combinant une connaissance approfondie du secteur avec sa capacit\u00e9 de communiquer des sujets financiers complexes de mani\u00e8re claire, engageante et accessible.<\/p>\n<p>S&rsquo;appuyant sur son exp\u00e9rience pratique dans des domaines tels que la gestion de portefeuille, l&rsquo;analyse de titres, le trading et le d\u00e9veloppement de contenu financier, Matthew s&rsquo;est forg\u00e9 une r\u00e9putation d&rsquo;auteur financier perspicace, cr\u00e9dible et destin\u00e9 \u00e0 son public. Son exp\u00e9rience professionnelle lui permet de cr\u00e9er un contenu pr\u00e9cis et bien document\u00e9, mais aussi adapt\u00e9 aux besoins des entreprises, des investisseurs et des marques financi\u00e8res qui recherchent la cr\u00e9dibilit\u00e9 et la clart\u00e9 dans leurs communications.<\/p>\n<p><a target=\"_blank\" href=\"https:\/\/ca.linkedin.com\/in\/matthewlevycfa\" rel=\"noopener\"><img decoding=\"async\" width=\"25\" src=\"\/wp-content\/themes\/best-brokers\/assets\/images\/icon-linkedin.svg\" \/><\/a> <a target=\"_blank\" href=\"https:\/\/credentials.cfainstitute.org\/7abb354d-8618-44e1-97d0-e8d5c70f831e?record_view=true\" rel=\"noopener\"><img decoding=\"async\" width=\"25\" src=\"\/wp-content\/themes\/best-brokers\/assets\/images\/icon-cfa.svg\" \/><\/a><\/p>\n","protected":false},"excerpt":{"rendered":"<p>Matthew Levy, CFA (analyste financier agr\u00e9\u00e9), est un r\u00e9dacteur financier exp\u00e9riment\u00e9 et un sp\u00e9cialiste du contenu qui poss\u00e8de une solide exp\u00e9rience dans les services financiers, l&rsquo;\u00e9conomie et l&rsquo;analyse des investissements. Il est titulaire d&rsquo;une licence en \u00e9conomie avec une sp\u00e9cialisation en commerce et finance et est titulaire du CFA, ce qui refl\u00e8te \u00e0 la fois [&hellip;]<\/p>\n","protected":false},"author":1,"featured_media":82542,"parent":12088,"menu_order":0,"comment_status":"closed","ping_status":"closed","template":"templates\/full-width.php","meta":{"footnotes":""},"class_list":["post-82648","page","type-page","status-publish","has-post-thumbnail","hentry"],"aioseo_notices":[],"_links":{"self":[{"href":"https:\/\/www.bestbrokers.com\/fr\/wp-json\/wp\/v2\/pages\/82648","targetHints":{"allow":["GET"]}}],"collection":[{"href":"https:\/\/www.bestbrokers.com\/fr\/wp-json\/wp\/v2\/pages"}],"about":[{"href":"https:\/\/www.bestbrokers.com\/fr\/wp-json\/wp\/v2\/types\/page"}],"author":[{"embeddable":true,"href":"https:\/\/www.bestbrokers.com\/fr\/wp-json\/wp\/v2\/users\/1"}],"replies":[{"embeddable":true,"href":"https:\/\/www.bestbrokers.com\/fr\/wp-json\/wp\/v2\/comments?post=82648"}],"version-history":[{"count":5,"href":"https:\/\/www.bestbrokers.com\/fr\/wp-json\/wp\/v2\/pages\/82648\/revisions"}],"predecessor-version":[{"id":82718,"href":"https:\/\/www.bestbrokers.com\/fr\/wp-json\/wp\/v2\/pages\/82648\/revisions\/82718"}],"up":[{"embeddable":true,"href":"https:\/\/www.bestbrokers.com\/fr\/wp-json\/wp\/v2\/pages\/12088"}],"wp:featuredmedia":[{"embeddable":true,"href":"https:\/\/www.bestbrokers.com\/fr\/wp-json\/wp\/v2\/media\/82542"}],"wp:attachment":[{"href":"https:\/\/www.bestbrokers.com\/fr\/wp-json\/wp\/v2\/media?parent=82648"}],"curies":[{"name":"wp","href":"https:\/\/api.w.org\/{rel}","templated":true}]}}