{"id":87402,"date":"2026-04-01T14:16:12","date_gmt":"2026-04-01T14:16:12","guid":{"rendered":"https:\/\/www.bestbrokers.com\/?page_id=87402"},"modified":"2026-04-06T07:16:31","modified_gmt":"2026-04-06T07:16:31","slug":"how-we-rank-and-test-brokers","status":"publish","type":"page","link":"https:\/\/www.bestbrokers.com\/fr\/how-we-rank-and-test-brokers\/","title":{"rendered":"Comment nous classons et testons les courtiers"},"content":{"rendered":"<p>Nous avons cr\u00e9\u00e9 BestBrokers pour aider les traders \u00e0 prendre des d\u00e9cisions \u00e9clair\u00e9es lorsqu\u2019ils choisissent des plateformes de trading. Nos classements visent \u00e0 faciliter la comparaison et la s\u00e9lection des courtiers Forex, aussi bien pour les d\u00e9butants que pour les traders exp\u00e9riment\u00e9s. Nous \u00e9valuons les courtiers qui proposent le trading sur le Forex, les actions, les cryptos, les CFD et les mati\u00e8res premi\u00e8res \u00e0 l\u2019aide d\u2019une m\u00e9thodologie qui privil\u00e9gie l\u2019exactitude factuelle, l\u2019objectivit\u00e9 et l\u2019apport d\u2019une valeur pratique aux lecteurs.<\/p>\n<p>BestBrokers est <strong>exploit\u00e9 par AFF MEDIA Ltd<\/strong>. Notre \u00e9quipe est dirig\u00e9e par le cofondateur et strat\u00e8ge de contenu Miroslav Nikolov, le cofondateur et analyste de donn\u00e9es Ivaylo Nedev, ainsi que le directeur technique, Pavel Stoychev.<\/p>\n<p>Nous \u00e9laborons notre contenu en collaboration avec des contributeurs titulaires du titre de CFA, ce qui garantit un haut niveau de rigueur technique. Eugene Lee, CFA, est un strat\u00e8ge en investissement et un chercheur quantitatif qui compte plus de vingt ans d\u2019exp\u00e9rience dans l\u2019analyse des march\u00e9s et la gestion de portefeuilles de plusieurs milliards de dollars. Matthew Levy, CFA, est sp\u00e9cialis\u00e9 dans les services financiers, l\u2019\u00e9conomie et l\u2019analyse des investissements. Leur parcours professionnel nous aide \u00e0 maintenir des normes \u00e9lev\u00e9es pour notre contenu technique<\/p>\n<section class=\"section-team\">\n<h2 id=\"our-team\"><i class=\"ico ico--pro-ecn-account\"><\/i>Notre \u00e9quipe<\/h2>\n<ul class=\"list-team\">\n<li>\n<div class=\"member-card\">\n<div class=\"member-photo\">\n      <img decoding=\"async\" src=\"\/wp-content\/themes\/best-brokers\/assets\/images\/team\/miro-nikolov.jpg\" alt=\"Miro Nikolov\">\n<\/div>\n<div class=\"member-info\">\n<div class=\"member-name\">\n          <span>Miro Nikolov<\/span><br \/>\n          <a href=\"https:\/\/www.linkedin.com\/in\/miro-nikolov-1946b9141\/\" target=\"_blank\" class=\"member-link\" rel=\"noopener\"><i class=\"ico-linkedin\"><\/i><\/a>\n        <\/div>\n<p class=\"member-title\"><b>Cofondateur et PDG<\/b><\/p>\n<p class=\"member-resume\">Miro est le cofondateur et principal strat\u00e8ge de contenu chez BestBrokers.<\/p>\n<\/p><\/div>\n<\/p><\/div>\n<\/li>\n<li>\n<div class=\"member-card\">\n<div class=\"member-photo\">\n      <img decoding=\"async\" src=\"\/wp-content\/themes\/best-brokers\/assets\/images\/team\/ivo.jpg\" alt=\"Ivo Nedev\">\n<\/div>\n<div class=\"member-info\">\n<div class=\"member-name\">\n          <span>Ivo Nedev<\/span><br \/>\n          <a href=\"https:\/\/www.linkedin.com\/in\/ivo-nedev-23a3052aa\/\" target=\"_blank\" class=\"member-link\" rel=\"noopener\"><i class=\"ico-linkedin\"><\/i><\/a>\n        <\/div>\n<p class=\"member-title\"><b>Cofondateur et analyste de donn\u00e9es<\/b><\/p>\n<p class=\"member-resume\">Ivo a cofond\u00e9 BestBrokers et est responsable de la conception du mod\u00e8le de donn\u00e9es utilis\u00e9 pour nos analyses de courtiers.<\/p>\n<\/p><\/div>\n<\/p><\/div>\n<\/li>\n<li>\n<div class=\"member-card\">\n<div class=\"member-photo\">\n      <img decoding=\"async\" src=\"\/wp-content\/themes\/best-brokers\/assets\/images\/team\/pavel.jpeg\" alt=\"Pavel Stoychev\">\n<\/div>\n<div class=\"member-info\">\n<div class=\"member-name\">\n          <span>Pavel Stoychev<\/span>\n        <\/div>\n<p class=\"member-title\"><b>CTO<\/b><\/p>\n<p class=\"member-resume\">Pavel veille \u00e0 ce que l\u2019infrastructure informatique complexe qui soutient BestBrokers fonctionne parfaitement en permanence.<\/p>\n<\/p><\/div>\n<\/p><\/div>\n<\/li>\n<li>\n<div class=\"member-card\">\n<div class=\"member-photo\">\n      <img decoding=\"async\" src=\"\/wp-content\/uploads\/2026\/03\/elee.webp\" alt=\"Eugene Lee, CFA\">\n<\/div>\n<div class=\"member-info\">\n<div class=\"member-name\">\n          <span>Eugene Lee, CFA<\/span><\/p>\n<p>          <a href=\"https:\/\/www.linkedin.com\/in\/etlpro\" target=\"_blank\" class=\"member-link\" rel=\"noopener\"><i class=\"ico-linkedin\"><\/i><\/a><a href=\"https:\/\/credentials.cfainstitute.org\/54800944-5857-4ebf-9ffe-ecd57e54c8ac\" target=\"_blank\" class=\"member-link\" rel=\"noopener\"><i class=\"ico-cfa\"><\/i><\/a>\n        <\/div>\n<p class=\"member-title\"><b>Auteur<\/b><\/p>\n<p class=\"member-resume\">Eugene Lee, CFA, est un strat\u00e8ge en investissement et un chercheur quantitatif qui compte plus de vingt ans d&rsquo;exp\u00e9rience sur les march\u00e9s mondiaux. Ayant travaill\u00e9 au sein d\u2019\u00e9quipes de trading et de gestion de portefeuille supervisant des portefeuilles de plusieurs milliards de dollars dans les actions, les titres \u00e0 revenu fixe et les produits d\u00e9riv\u00e9s, il est sp\u00e9cialis\u00e9 dans la transformation de strat\u00e9gies syst\u00e9matiques complexes en conseils concrets destin\u00e9s tant aux investisseurs institutionnels qu&rsquo;aux particuliers.<\/p>\n<\/p><\/div>\n<\/p><\/div>\n<\/li>\n<li>\n<div class=\"member-card\">\n<div class=\"member-photo\">\n      <img decoding=\"async\" src=\"\/wp-content\/uploads\/2026\/03\/mlevy.webp\" alt=\"Photo de profil de Matthew Levy, CFA\">\n<\/div>\n<div class=\"member-info\">\n<div class=\"member-name\">\n          <span>Matthew Levy, CFA<\/span><\/p>\n<p>          <a href=\"https:\/\/ca.linkedin.com\/in\/matthewlevycfa\" target=\"_blank\" class=\"member-link\" rel=\"noopener\"><i class=\"ico-linkedin\"><\/i><\/a><a href=\"https:\/\/credentials.corporatefinanceinstitute.com\/profile\/matthewlevy193646\/wallet\" target=\"_blank\" class=\"member-link\" rel=\"noopener\"><i class=\"ico-cfa\"><\/i><\/a>\n        <\/div>\n<p class=\"member-title\"><b>Auteur<\/b><\/p>\n<p class=\"member-resume\">Matthew Levy, CFA, est r\u00e9dacteur financier et sp\u00e9cialiste de contenu, avec de solides exp\u00e9rience et expertise dans les services financiers, l\u2019\u00e9conomie et l\u2019analyse d\u2019investissement. Il est titulaire d\u2019une licence en \u00e9conomie avec des sp\u00e9cialisations en commerce et finance, et d\u00e9tient le titre de CFA Charterholder, ce qui refl\u00e8te \u00e0 la fois son expertise technique et son engagement envers les plus hauts standards professionnels.<\/p>\n<\/p><\/div>\n<\/p><\/div>\n<\/li>\n<li>\n<div class=\"member-card\">\n<div class=\"member-photo\">\n      <img decoding=\"async\" src=\"\/wp-content\/uploads\/2022\/03\/rperry-150x150.webp\" alt=\"Photo de profil de Richard Perry\">\n<\/div>\n<div class=\"member-info\">\n<div class=\"member-name\">\n          <span>Richard Perry<\/span><\/p>\n<p>          <a href=\"https:\/\/www.linkedin.com\/in\/richard-perry-5918921b\/\" target=\"_blank\" class=\"member-link\" rel=\"noopener\"><i class=\"ico-linkedin\"><\/i><\/a>\n        <\/div>\n<p class=\"member-title\"><b>Auteur<\/b><\/p>\n<p class=\"member-resume\">Richard est un expert reconnu en analyse technique et en strat\u00e9gie de march\u00e9, qui d\u00e9tient une vaste exp\u00e9rience sur les march\u00e9s des devises et des actions. Il a fond\u00e9 sa propre structure, Perry Market Analysis, qui fournit des analyses de conseil sur les principaux march\u00e9s, notamment via des recherches pr\u00e9sent\u00e9es dans des webinaires, des vid\u00e9os et des analyses \u00e9crites.<\/p>\n<\/p><\/div>\n<\/p><\/div>\n<\/li>\n<\/ul>\n<\/section>\n<h2><i class=\"ico ico--seasonality-analysis\"><\/i>L\u2019objectif de notre m\u00e9thodologie<\/h2>\n<p>Nous ne classons pas les courtiers uniquement en fonction de leur popularit\u00e9 ou de leur visibilit\u00e9 marketing. Nous les \u00e9valuons selon plusieurs param\u00e8tres, notamment <strong>la s\u00e9curit\u00e9, les co\u00fbts de trading, la transparence des prix et la facilit\u00e9 d\u2019utilisation<\/strong>. Au-del\u00e0 des spreads annonc\u00e9s et des promotions, nous \u00e9valuons les licences d\u00e9tenues, l\u2019exp\u00e9rience de trading r\u00e9elle et d\u2019ouverture de compte, la qualit\u00e9 d\u2019ex\u00e9cution des ordres, les fonctionnalit\u00e9s de la plateforme et les retraits. En outre, nous examinons les retours des consommateurs afin d\u2019identifier tout probl\u00e8me r\u00e9current signal\u00e9 par d\u2019autres traders.<\/p>\n<h2><i class=\"ico ico--detecting-the-best-stocks-to-buy\"><\/i>Comment nous collectons les informations<\/h2>\n<p>Nous \u00e9tablissons nos avis et nos classements \u00e0 partir des informations fournies par les courtiers, des informations publiques disponibles sur leurs sites web et des registres r\u00e9glementaires officiels. Nous analysons \u00e9galement leurs conditions d\u2019utilisation, testons leurs plateformes et lisons les avis clients afin de fournir une vue d\u2019ensemble compl\u00e8te de chaque courtier. Les informations fournies par les courtiers sont <strong>recoup\u00e9es avec les donn\u00e9es des r\u00e9gulateurs financiers et de sources ind\u00e9pendantes<\/strong>. Lorsque les donn\u00e9es sont incoh\u00e9rentes ou non confirm\u00e9es, nous effectuons des v\u00e9rifications suppl\u00e9mentaires avant de mettre \u00e0 jour nos classements.<\/p>\n<h2><i class=\"ico ico--desktop\"><\/i>Comment nous testons les plateformes de trading<\/h2>\n<p>Lorsque nous testons des courtiers, nous couvrons tous les facteurs cl\u00e9s qui entrent en jeu dans le choix de l\u2019ouverture d\u2019un compte de trading r\u00e9el. Nous \u00e9valuons le logiciel de trading du courtier, les plateformes disponibles, les instruments, les options de compte, les frais, les m\u00e9thodes de d\u00e9p\u00f4t, les conditions de retrait et les exigences pour la v\u00e9rification du compte lors de sa cr\u00e9ation. Nous examinons \u00e9galement la clart\u00e9 avec laquelle ces informations sont pr\u00e9sent\u00e9es et si la plateforme procure la <strong>facilit\u00e9 d\u2019utilisation, les outils et l\u2019environnement de trading<\/strong> n\u00e9cessaires pour r\u00e9pondre aux besoins de diff\u00e9rents types de traders.<\/p>\n<p>Nous testons la compatibilit\u00e9 des plateformes sur le web, sur ordinateur et sur mobile, en \u00e9valuant les outils de graphiques disponibles, les indicateurs techniques et les types d\u2019ordres afin d\u2019appr\u00e9cier le fonctionnement global. Nous v\u00e9rifions \u00e9galement si un courtier prend en charge des plateformes tierces largement utilis\u00e9es, telles que MetaTrader 4, MetaTrader 5, cTrader et TradingView. Nous \u00e9valuons aussi le logiciel propri\u00e9taire du courtier, lorsqu\u2019il est disponible.<\/p>\n<h2><i class=\"ico ico--pros-cons\"><\/i>Comment nous classons les courtiers<\/h2>\n<p>Notre note finale repose sur un mod\u00e8le de notation pond\u00e9r\u00e9. Nous examinons chaque courtier selon plusieurs crit\u00e8res, puis nous regroupons les scores individuels pour obtenir une note globale. Les diff\u00e9rents crit\u00e8res n\u2019ont pas le m\u00eame poids dans le processus de classement. Bien que nous accordions la priorit\u00e9 \u00e0 la licence, \u00e0 la s\u00e9curit\u00e9 et aux prix, nous examinons \u00e9galement la qualit\u00e9 d\u2019ex\u00e9cution des ordres, la rapidit\u00e9 des retraits et l\u2019ergonomie g\u00e9n\u00e9rale de la plateforme.<\/p>\n<p>Nous ne r\u00e9f\u00e9ren\u00e7ons que les courtiers qui <strong>r\u00e9pondent \u00e0 nos standards \u00e9ditoriaux en mati\u00e8re de transparence et de fiabilit\u00e9<\/strong>. La licence est un facteur cl\u00e9 dans le processus de classement, c\u2019est pourquoi nous ne mettons en avant que des soci\u00e9t\u00e9s autoris\u00e9es dans des juridictions r\u00e9glementaires reconnues. Tout courtier qui ne respecte pas nos exigences minimales est soit exclu du classement, soit not\u00e9 en cons\u00e9quence.<\/p>\n<h2><i class=\"ico ico--document\"><\/i>Les principaux facteurs derri\u00e8re nos scores<\/h2>\n<ul class=\"list--steps\">\n<li>\n<h3><i class=\"ico ico--regulation\"><\/i>R\u00e9gulation et licence<\/h3>\n<p>La licence et la conformit\u00e9 r\u00e9glementaire figurent parmi les premiers \u00e9l\u00e9ments que nous examinons. Nous accordons la priorit\u00e9 aux courtiers agr\u00e9\u00e9s par des autorit\u00e9s de r\u00e9gulation financi\u00e8res de premier plan et accordons une attention particuli\u00e8re aux juridictions dans lesquelles les clients sont enregistr\u00e9s. Nous consid\u00e9rons que les r\u00e9gulateurs tels que la <strong>FCA, l\u2019ASIC, la NFA, la FINMA et la CySEC<\/strong> sont des autorit\u00e9s de r\u00e9f\u00e9rence dans le secteur. Le statut r\u00e9glementaire d\u2019un courtier est un \u00e9l\u00e9ment cl\u00e9, car il a un impact direct sur le niveau de protection des clients, les normes op\u00e9rationnelles et la transparence globale.<\/p>\n<\/li>\n<li>\n<h3><i class=\"ico ico--administration-fees\"><\/i>Co\u00fbts de trading et frais<\/h3>\n<p>Pour \u00e9valuer le rapport qualit\u00e9\/prix d\u2019un courtier, nous <strong>\u00e9valuons les spreads, les commissions et les co\u00fbts non li\u00e9s au trading<\/strong>, y compris les \u00e9ventuels frais de d\u00e9p\u00f4t, de retrait et d\u2019inactivit\u00e9. Ces d\u00e9penses constituent une partie int\u00e9grante de notre syst\u00e8me de classement, car elles ont un impact direct sur le r\u00e9sultat net des traders.<\/p>\n<\/li>\n<li>\n<h3><i class=\"ico ico--exchange\"><\/i>Ex\u00e9cution des ordres<\/h3>\n<p>La qualit\u00e9 d\u2019ex\u00e9cution des ordres est un autre facteur cl\u00e9 que nous prenons en compte, et elle est particuli\u00e8rement importante pour les traders actifs. Nous \u00e9valuons la <strong>vitesse d\u2019ex\u00e9cution et l\u2019infrastructure afin de d\u00e9terminer la capacit\u00e9 d\u2019un courtier \u00e0 minimiser le slippage (d\u00e9rapage), les requotes et les rejets d\u2019ordres<\/strong>. L\u2019\u00e9quipe examine l\u2019environnement technique et les protocoles de routage utilis\u00e9s par un courtier pour traiter les ordres des clients, en attribuant de meilleures notes aux soci\u00e9t\u00e9s qui offrent une ex\u00e9cution fiable dans diff\u00e9rentes conditions de march\u00e9.<\/p>\n<\/li>\n<li>\n<h3><i class=\"ico ico--hardware-wallets\"><\/i>D\u00e9p\u00f4ts et retraits<\/h3>\n<p>Notre \u00e9valuation ne se contente pas d\u2019\u00e9valuer la facilit\u00e9 du d\u00e9p\u00f4t de fonds, puisque nous examinons \u00e9galement l\u2019efficacit\u00e9 et la rapidit\u00e9 du processus de retrait. Les <strong>courtiers qui traitent les retraits sans retards inutiles<\/strong> apr\u00e8s la v\u00e9rification KYC obtiennent des scores plus \u00e9lev\u00e9s sur ce crit\u00e8re. La transparence des courtiers en mati\u00e8re de limites de transaction, de frais suppl\u00e9mentaires et de vari\u00e9t\u00e9 des m\u00e9thodes de paiement est \u00e9galement \u00e9valu\u00e9e de mani\u00e8re approfondie.<\/p>\n<\/li>\n<li>\n<h3><i class=\"ico ico--account\"><\/i>Ouverture de compte et processus KYC<\/h3>\n<p>Nous \u00e9valuons le processus d\u2019int\u00e9gration afin de <strong>d\u00e9terminer la facilit\u00e9 d\u2019ouverture d\u2019un compte chez chaque courtier<\/strong>. Lors de cette \u00e9tape, nous v\u00e9rifions \u00e9galement si le courtier fournit des informations suffisantes sur les documents requis pour finaliser la v\u00e9rification KYC. Enfin, nous confirmons si le processus d\u2019int\u00e9gration est conforme aux exigences r\u00e9glementaires de la juridiction concern\u00e9e.<\/p>\n<\/li>\n<li>\n<h3><i class=\"ico ico--forex-broker-software-platforms\"><\/i>\u00c9ventail des plateformes de trading et des outils de recherche de march\u00e9<\/h3>\n<p>Nous examinons \u00e9galement les plateformes prises en charge ainsi que leurs <strong>caract\u00e9ristiques et fonctionnalit\u00e9s<\/strong>, car ces \u00e9l\u00e9ments influencent directement l\u2019exp\u00e9rience globale de trading. Les courtiers qui disposent de plateformes intuitives et riches en fonctionnalit\u00e9s obtiennent de meilleurs scores sur ce crit\u00e8re, surtout s\u2019ils proposent un large \u00e9ventail d\u2019outils graphiques et d\u2019analyse technique. \u00c0 l\u2019inverse, les plateformes instables ou d\u00e9pourvues de fonctionnalit\u00e9s essentielles ont des notes plus basses, m\u00eame si le courtier obtient de bons r\u00e9sultats dans d\u2019autres domaines.<\/p>\n<\/li>\n<li>\n<h3><i class=\"ico ico--announcing\"><\/i>Avis des clients et r\u00e9putation<\/h3>\n<p>Notre \u00e9quipe \u00e9value les courtiers dans le contexte plus large de la communaut\u00e9 du trading en <strong>collectant et analysant les avis et commentaires des consommateurs afin de garantir une \u00e9valuation \u00e9quilibr\u00e9e<\/strong>. Nous prenons \u00e9galement en compte les scores Trustpilot, car le sentiment des clients peut r\u00e9v\u00e9ler des probl\u00e8mes de service persistants ou des points forts qui ne sont pas mentionn\u00e9s dans les supports marketing officiels.<\/p>\n<\/li>\n<li>\n<h3><i class=\"ico ico--forex-brokers-business-models\"><\/i>\u00c9tendue des march\u00e9s et offre globale de produits<\/h3>\n<p>La note d\u2019un courtier est \u00e9galement influenc\u00e9e par l\u2019ampleur de son offre de produits. Nous prenons en compte la <strong>gamme de march\u00e9s n\u00e9gociables dans diff\u00e9rentes classes d\u2019actifs<\/strong>, notamment le Forex, les actions, les cryptomonnaies et les mati\u00e8res premi\u00e8res. Cela nous aide \u00e0 d\u00e9terminer si le courtier permet une diversification ad\u00e9quate du portefeuille. En outre, nous \u00e9valuons la vari\u00e9t\u00e9 des types de comptes propos\u00e9s afin de voir dans quelle mesure un courtier peut s\u2019adapter \u00e0 diff\u00e9rentes strat\u00e9gies de trading et \u00e0 diff\u00e9rents niveaux d\u2019exp\u00e9rience.<\/p>\n<\/li>\n<\/ul>\n<h2><i class=\"ico ico--theory-of-purchasing-power-parity\"><\/i>Le r\u00f4le de nos auteurs et analystes<\/h2>\n<p>Nos avis sont r\u00e9dig\u00e9s par une \u00e9quipe diversifi\u00e9e de sp\u00e9cialistes qui poss\u00e9dent une expertise dans les domaines du Forex, des actions, des cryptomonnaies et de l\u2019analyse technique. Leur exp\u00e9rience leur permet de proposer des \u00e9valuations fond\u00e9es sur une connaissance pratique des march\u00e9s.<\/p>\n<p>Les <strong>contributeurs CFA<\/strong> avec lesquels nous collaborons apportent des \u00e9clairages suppl\u00e9mentaires sur des sujets plus techniques, tels que la construction de portefeuille, l\u2019analyse qualitative et la terminologie de l\u2019investissement. Cela nous permet de proposer un contenu qui parle aussi bien aux traders avanc\u00e9s qu\u2019aux d\u00e9butants, en transformant des informations plus complexes en articles compr\u00e9hensibles, sans compromettre l\u2019exactitude factuelle.<\/p>\n<h2><i class=\"ico ico--our-standards-and-rating-methodology\"><\/i>Ind\u00e9pendance \u00e9ditoriale et comment nous gagnons de l\u2019argent<\/h2>\n<p>L\u2019utilisation de BestBrokers est gratuite et BestBrokers peut percevoir des commissions de certaines des plateformes de trading pr\u00e9sent\u00e9es, ce qui n\u2019affecte pas notre engagement envers l\u2019impartialit\u00e9. <strong>L\u2019objectivit\u00e9 et la pr\u00e9cision font partie de nos valeurs fondamentales<\/strong>, car nous nous effor\u00e7ons de maintenir des classements coh\u00e9rents, transparents et fond\u00e9s sur des preuves. La note d\u2019un courtier n\u2019est pas influenc\u00e9e par sa visibilit\u00e9 marketing.<\/p>\n<h2><i class=\"ico ico--pen\"><\/i>Remarque finale sur le risque<\/h2>\n<p>Le trading de produits \u00e0 effet de levier comporte un risque \u00e9lev\u00e9 et ne convient pas \u00e0 tous les investisseurs. <strong>L\u2019objectif principal de BestBrokers est d\u2019aider les lecteurs \u00e0 prendre des d\u00e9cisions \u00e9clair\u00e9es et \u00e0 apprendre les bases du trading, plut\u00f4t que de fournir des conseils financiers<\/strong>. Nos classements et nos avis doivent donc \u00eatre utilis\u00e9s comme des outils de recherche, et non comme des recommandations d\u2019investissement personnalis\u00e9es.<\/p>\n","protected":false},"excerpt":{"rendered":"<p>Nous avons cr\u00e9\u00e9 BestBrokers pour aider les traders \u00e0 prendre des d\u00e9cisions \u00e9clair\u00e9es lorsqu\u2019ils choisissent des plateformes de trading. Nos classements visent \u00e0 faciliter la comparaison et la s\u00e9lection des courtiers Forex, aussi bien pour les d\u00e9butants que pour les traders exp\u00e9riment\u00e9s. Nous \u00e9valuons les courtiers qui proposent le trading sur le Forex, les actions, [&hellip;]<\/p>\n","protected":false},"author":2,"featured_media":0,"parent":0,"menu_order":0,"comment_status":"closed","ping_status":"closed","template":"templates\/full-width.php","meta":{"footnotes":""},"class_list":["post-87402","page","type-page","status-publish","hentry"],"aioseo_notices":[],"_links":{"self":[{"href":"https:\/\/www.bestbrokers.com\/fr\/wp-json\/wp\/v2\/pages\/87402","targetHints":{"allow":["GET"]}}],"collection":[{"href":"https:\/\/www.bestbrokers.com\/fr\/wp-json\/wp\/v2\/pages"}],"about":[{"href":"https:\/\/www.bestbrokers.com\/fr\/wp-json\/wp\/v2\/types\/page"}],"author":[{"embeddable":true,"href":"https:\/\/www.bestbrokers.com\/fr\/wp-json\/wp\/v2\/users\/2"}],"replies":[{"embeddable":true,"href":"https:\/\/www.bestbrokers.com\/fr\/wp-json\/wp\/v2\/comments?post=87402"}],"version-history":[{"count":3,"href":"https:\/\/www.bestbrokers.com\/fr\/wp-json\/wp\/v2\/pages\/87402\/revisions"}],"predecessor-version":[{"id":87462,"href":"https:\/\/www.bestbrokers.com\/fr\/wp-json\/wp\/v2\/pages\/87402\/revisions\/87462"}],"wp:attachment":[{"href":"https:\/\/www.bestbrokers.com\/fr\/wp-json\/wp\/v2\/media?parent=87402"}],"curies":[{"name":"wp","href":"https:\/\/api.w.org\/{rel}","templated":true}]}}