{"id":4018,"date":"2024-05-16T12:24:53","date_gmt":"2024-05-16T12:24:53","guid":{"rendered":"https:\/\/www.bestbrokers.com\/?page_id=4018"},"modified":"2026-01-09T15:47:28","modified_gmt":"2026-01-09T15:47:28","slug":"about-us","status":"publish","type":"page","link":"https:\/\/www.bestbrokers.com\/it\/about-us\/","title":{"rendered":"Chi siamo"},"content":{"rendered":"<h2 id=\"mission-statement\">Dichiarazione della missione<\/h2>\n<p>Mi chiamo <a href=\"https:\/\/www.linkedin.com\/in\/miro-nikolov-1946b9141\/\" target=\"_blank\" rel=\"nofollow noopener noreferrer\">Miro Nikolov<\/a> e sono il co-fondatore di <strong>BestBrokers.com<\/strong>. La nostra missione come team \u00e8 aiutare i trader a prendere decisioni ben informate quando scelgono una piattaforma di trading. Tutti i broker elencati su BestBrokers sono autorizzati in giurisdizioni di primo livello (<a href=\"https:\/\/www.bestbrokers.com\/it\/forex-brokers\/asic-regulated-forex-brokers\/\">ASIC, Australia<\/a>; <a href=\"https:\/\/www.bestbrokers.com\/it\/forex-brokers\/fca-regulated-forex-brokers\/\">FCA, Regno Unito<\/a> o <a href=\"https:\/\/www.bestbrokers.com\/it\/forex-brokers\/cysec-regulated-forex-brokers\/\">CYSEC, Cipro<\/a>).<\/p>\n<p>Poich\u00e9 l\u2019imparzialit\u00e0 e l\u2019accuratezza sono tra i nostri valori fondamentali, abbiamo creato una metodologia proprietaria che ci consente di fornire una valutazione imparziale delle societ\u00e0 di brokeraggio che recensiamo e raccomandiamo. La nostra metodologia esaustiva include aree come licenze, feedback della comunit\u00e0 basato su <a href=\"https:\/\/www.trustpilot.com\/\" target=\"_blank\" rel=\"nofollow noopener noreferrer\">punteggi Trustpilot<\/a>, software di trading, diversit\u00e0 del portafoglio, esecuzione degli ordini e molte altre.<\/p>\n<p>Dai <a href=\"https:\/\/www.bestbrokers.com\/it\/forex-brokers\/best-low-cost-forex-brokers\/\">costi di trading<\/a> ai metodi di pagamento, dalle classi di asset alle regolamentazioni, avete comodamente tutte le informazioni sui broker a colpo d\u2019occhio. Che siate principianti o investitori esperti, possiamo aiutarvi a fare la scelta giusta. Tuttavia, non ci limitiamo esclusivamente alle <a href=\"https:\/\/www.bestbrokers.com\/it\/reviews\/\">recensioni dei broker<\/a>.<\/p>\n<p>Questo sito presenta guide dettagliate sugli strumenti finanziari chiave come coppie forex, <a href=\"https:\/\/www.bestbrokers.com\/it\/stock-brokers\/\">azioni<\/a>, <a href=\"https:\/\/www.bestbrokers.com\/it\/crypto-brokers\/\">criptovalute<\/a> e materie prime. Qui potrete apprendere le basi dell\u2019<a href=\"https:\/\/www.bestbrokers.com\/it\/technical-analysis-trading\/\">analisi tecnica<\/a> e dell\u2019<a href=\"https:\/\/www.bestbrokers.com\/it\/fundamental-analysis-trading\/\">analisi fondamentale<\/a> e conoscere varie strategie di trading che possono aiutarvi a migliorare.<\/p>\n<p>La nostra principale motivazione per fare ci\u00f2 che facciamo \u00e8 semplice: crediamo fermamente che la conoscenza stessa sia potere. Acquisirla \u00e8 il passo pi\u00f9 importante nel processo per diventare un trader di successo.<\/p>\n<section class=\"section-team\">\n<h2 id=\"our-team\">Il nostro team<\/h2>\n<ul class=\"list-team\">\n<li>\n<div class=\"member-card\">\n<div class=\"member-photo\"><img decoding=\"async\" src=\"\/wp-content\/themes\/best-brokers\/assets\/images\/team\/miro-nikolov.jpg\" alt=\"Miro Nikolov\" \/><\/div>\n<div class=\"member-info\">\n<div class=\"member-name\"><span>Miro Nikolov<\/span><br \/>\n<i class=\"ico-linkedin\"><\/i><\/div>\n<p class=\"member-title\"><b>Co-fondatore e CEO<\/b><\/p>\n<p class=\"member-resume\">Miro \u00e8 co-fondatore e principale responsabile della strategia dei contenuti presso BestBrokers.<\/p>\n<\/div>\n<\/div>\n<\/li>\n<li>\n<div class=\"member-card\">\n<div class=\"member-photo\"><img decoding=\"async\" src=\"\/wp-content\/themes\/best-brokers\/assets\/images\/team\/ivo.jpg\" alt=\"Ivo Nedev\" \/><\/div>\n<div class=\"member-info\">\n<div class=\"member-name\"><span>Ivo Nedev<\/span><br \/>\n<i class=\"ico-linkedin\"><\/i><\/div>\n<p class=\"member-title\"><b>Co-fondatore e analista dei dati<\/b><\/p>\n<p class=\"member-resume\">Ivo \u00e8 cofondatore di BestBrokers ed \u00e8 responsabile della creazione del modello di dati per le nostre analisi sui broker.<\/p>\n<\/div>\n<\/div>\n<\/li>\n<li>\n<div class=\"member-card\">\n<div class=\"member-photo\"><img decoding=\"async\" src=\"\/wp-content\/themes\/best-brokers\/assets\/images\/team\/pavel.jpeg\" alt=\"Pavel Stoychev\" \/><\/div>\n<div class=\"member-info\">\n<div class=\"member-name\"><span>Pavel Stoychev<\/span><\/div>\n<p class=\"member-title\"><b>CTO<\/b><\/p>\n<p class=\"member-resume\">Pavel si assicura che la complessa infrastruttura IT alla base di BestBrokers funzioni sempre senza intoppi.<\/p>\n<\/div>\n<\/div>\n<\/li>\n<li>\n<div class=\"member-card\">\n<div class=\"member-photo\"><img decoding=\"async\" src=\"\/wp-content\/themes\/best-brokers\/assets\/images\/team\/dennis.jpg\" alt=\"Denis\" \/><\/div>\n<div class=\"member-info\">\n<div class=\"member-name\"><span>Denis Dervishev<\/span><br \/>\n<i class=\"ico-linkedin\"><\/i><\/div>\n<p><b>Relazioni con i media<\/b><\/p>\n<p>Denis si occupa della comunicazione con i media e delle pubbliche relazioni.<\/p>\n<\/div>\n<\/div>\n<\/li>\n<li>\n<div class=\"member-card\">\n<div class=\"member-photo\"><img decoding=\"async\" src=\"\/wp-content\/themes\/best-brokers\/assets\/images\/team\/vicky.png\" alt=\"Vicky\" \/><\/div>\n<div class=\"member-info\">\n<div class=\"member-name\"><span>Veronica Hristova<\/span><br \/>\n<i class=\"ico-linkedin\"><\/i><\/div>\n<p class=\"member-title\"><b>Sviluppatrice front-end<\/b><\/p>\n<p>Veronica \u00e8 la sviluppatrice front-end di BestBrokers e si occupa dell&#8217;esperienza utente del nostro sito web.<\/p>\n<\/div>\n<\/div>\n<\/li>\n<\/ul>\n<\/section>\n<section class=\"section-team\">\n<h2 id=\"authors\">I nostri autori<\/h2>\n<ul class=\"list-team\">\n<li>\n<div class=\"member-card\">\n<div class=\"member-photo\"><img decoding=\"async\" src=\"\/wp-content\/themes\/best-brokers\/assets\/images\/team\/diliana.jpg\" alt=\"Profile picture of Diliana Hristova\" \/><\/div>\n<div class=\"member-info\">\n<div class=\"member-name\"><span>Diliana Hristova<\/span><\/div>\n<p class=\"member-title\"><b>Responsabile dei contenuti<\/b><\/p>\n<p class=\"member-resume\">Diliana \u00e8 la nostra responsabile dei contenuti presso BestBrokers ed \u00e8 a capo di alcune delle ricerche originali che svolgiamo qui.<\/p>\n<\/div>\n<\/div>\n<\/li>\n<li>\n<div class=\"member-card\">\n<div class=\"member-photo\"><img decoding=\"async\" src=\"\/wp-content\/uploads\/2022\/03\/eifeanyi-150x150.webp\" alt=\"Profile picture of Emmanuel Ifeanyi Ekwomadu\" \/><\/div>\n<div class=\"member-info\">\n<div class=\"member-name\"><span>Emmanuel Ekwomadu<\/span><br \/>\n<i class=\"ico-linkedin\"><\/i><\/div>\n<p class=\"member-title\"><b>Autore<\/b><\/p>\n<p class=\"member-resume\">Emmanuel \u00e8 un autore di contenuti finanziari specializzato nel trading su forex, azioni e criptovalute. \u00c8 lui l&#8217;autore della maggior parte delle recensioni sui broker che troverai su BestBrokers.com.<\/p>\n<\/div>\n<\/div>\n<\/li>\n<li>\n<div class=\"member-card\">\n<div class=\"member-photo\"><img decoding=\"async\" src=\"\/wp-content\/uploads\/2024\/09\/zornica-stefanova-150x150.jpeg\" alt=\"Profile picture of Zornitsa Stefanova\" \/><\/div>\n<div class=\"member-info\">\n<div class=\"member-name\"><span>Zornitsa Stefanova<\/span><\/div>\n<p class=\"member-title\"><b>Autrice<\/b><\/p>\n<p class=\"member-resume\">Zornitsa \u00e8 un&#8217;analista esperta nel settore del forex e delle criptovalute. Si occupa anche di vari argomenti finanziari, come il trading azionario e gli investimenti pensionistici.<\/p>\n<\/div>\n<\/div>\n<\/li>\n<li>\n<div class=\"member-card\">\n<div class=\"member-photo\"><img decoding=\"async\" src=\"\/wp-content\/uploads\/2026\/04\/nnazifova.webp\" alt=\"Profile picture of Naylyan Nazifova\" \/><\/div>\n<div class=\"member-info\">\n<div class=\"member-name\"><span>Naylyan Nazifova<\/span><br \/>\n<i class=\"ico-linkedin\"><\/i><\/div>\n<p class=\"member-title\"><b>Autrice<\/b><\/p>\n<p class=\"member-resume\">Naylyan \u00e8 una rinomata esperta nel campo del trading online. Ha al suo attivo numerose pubblicazioni e analisi riguardanti il trading sul mercato valutario, gli investimenti azionari e la finanza personale.<\/p>\n<\/div>\n<\/div>\n<\/li>\n<li>\n<div class=\"member-card\">\n<div class=\"member-photo\"><img decoding=\"async\" src=\"\/wp-content\/uploads\/2022\/03\/rperry-150x150.webp\" alt=\"Profile picture of Richard Perry\" \/><\/div>\n<div class=\"member-info\">\n<div class=\"member-name\"><span>Richard Perry<\/span><\/div>\n<p class=\"member-title\"><b>Autore<\/b><\/p>\n<p class=\"member-resume\">Richard \u00e8 un esperto riconosciuto nell&#8217;analisi tecnica e nella strategia di mercato, con una significativa esperienza nei mercati valutari e azionari. Ha fondato la sua societ\u00e0, Perry Market Analysis, che fornisce analisi di consulenza sui principali mercati, comprese ricerche tramite webinar, video e analisi scritte.<\/p>\n<\/div>\n<\/div>\n<\/li>\n<\/ul>\n<\/section>\n<section class=\"section-team\">\n<h2 id=\"translators\">I nostri traduttori<\/h2>\n<ul class=\"list-team\">\n<li>\n<div class=\"member-card\">\n<div class=\"member-photo\"><img decoding=\"async\" src=\"\/wp-content\/themes\/best-brokers\/assets\/images\/team\/luca-mele.jpg\" alt=\"Profile picture of Luca Mele\" \/><\/div>\n<div class=\"member-info\">\n<div class=\"member-name\"><span>Luca Mele<\/span><br \/>\n<i class=\"ico-linkedin\"><\/i><\/div>\n<p class=\"member-title\"><b>Traduttore italiano<\/b><\/p>\n<p class=\"member-resume\">Luca \u00e8 responsabile della traduzione dei nostri contenuti in italiano.<\/p>\n<\/div>\n<\/div>\n<\/li>\n<li>\n<div class=\"member-card\">\n<div class=\"member-photo\"><img decoding=\"async\" src=\"\/wp-content\/themes\/best-brokers\/assets\/images\/team\/estrella-fernandez.jpg\" alt=\"Profile picture of Estrella Fernandez\" \/><\/div>\n<div class=\"member-info\">\n<div class=\"member-name\"><span>Estrella Fernandez<\/span><br \/>\n<i class=\"ico-linkedin\"><\/i><\/div>\n<p class=\"member-title\"><b>Traduttrice spagnola<\/b><\/p>\n<p class=\"member-resume\">Estrella fa parte del team di traduzione spagnolo di BestBrokers.<\/p>\n<\/div>\n<\/div>\n<\/li>\n<li>\n<div class=\"member-card\">\n<div class=\"member-photo\"><img decoding=\"async\" src=\"\/wp-content\/themes\/best-brokers\/assets\/images\/team\/profile-avatar.webp\" alt=\"Profile picture\" \/><\/div>\n<div class=\"member-info\">\n<div class=\"member-name\"><span>Raimon Moreno<\/span><br \/>\n<i class=\"ico-linkedin\"><\/i><\/div>\n<p class=\"member-title\"><b>Traduttore spagnolo<\/b><\/p>\n<p class=\"member-resume\">Raimon fa parte del team di traduttori di BestBrokers in lingua spagnola.<\/p>\n<\/div>\n<\/div>\n<\/li>\n<\/ul>\n<\/section>\n<h2 id=\"in-the-media\">Citazioni del nostro lavoro nei media<\/h2>\n\n\t\t<section class=\"section-journalists\">\t<div class=\"module-team\">\n\t\t\t\t<div class=\"team\">\n\t\t\t\t\t<div class=\"team-cards\">\n\t\t\t\t\t\t<div class=\"j-container\">\n\t\t\t\t\t\t\t<div class=\"j-wrapper\">\n\t\n\t\t\t<div class=\"j-slide\">\n\t            <div class=\"card\">\n\t\t            <span class=\"bg\"><\/span>\n\n\t\t            <figure class=\"photo\"><img decoding=\"async\" src=\"https:\/\/www.bestbrokers.com\/wp-content\/themes\/best-brokers\/assets\/images\/resources\/section-journalists\/simon.webp\"\" alt=\"Simon Constable\"><\/figure>\n\n\t\t            <article class=\"text\">\n\t\t\t            <p class=\"name\">Simon Constable<\/p>\n\n\t\t\t            <a class=\"icon-brand\" href=\"https:\/\/www.forbes.com\/sites\/simonconstable\/2023\/08\/31\/new-data-shows-how-scotlands-economic-policies-snuff-out-entrepreneurialism\/\" target=\"_blank\" rel=\"nofollow\" data-index=\"0\"><img decoding=\"async\" src=\"https:\/\/www.bestbrokers.com\/wp-content\/themes\/best-brokers\/assets\/images\/resources\/section-journalists\/forbes-logo.webp\" alt=\"Logo of Forbes\"><i class=\"ico ico--click\"><\/i><\/a>\n\t\t            <\/article>\n\n\t\t\t        <div class=\"social\">\n\t\t\t            <div class=\"icons\">\n\t\t\t            <a class=\"icon\" href=\"https:\/\/www.linkedin.com\/in\/simonconstable\/\" target=\"_blank\" rel=\"nofollow\" data-index=\"2\"><img decoding=\"async\" src=\"https:\/\/www.bestbrokers.com\/wp-content\/themes\/best-brokers\/assets\/images\/resources\/section-journalists\/linkedin.svg\"><\/a>\n\t\t\t            <a class=\"icon\" href=\"https:\/\/x.com\/RealConstable\" target=\"_blank\" rel=\"nofollow\" data-index=\"3\"><img decoding=\"async\" src=\"https:\/\/www.bestbrokers.com\/wp-content\/themes\/best-brokers\/assets\/images\/resources\/section-journalists\/twitter-x.svg\"><\/a>            \n\t\t\t            <\/div>\n\t\t            <\/div>\n\t            <\/div>\n            <\/div>\n\t\t\n\t\t\t<div class=\"j-slide\">\n\t            <div class=\"card\">\n\t\t            <span class=\"bg\"><\/span>\n\n\t\t            <figure class=\"photo\"><img decoding=\"async\" src=\"https:\/\/www.bestbrokers.com\/wp-content\/themes\/best-brokers\/assets\/images\/resources\/section-journalists\/jessica.webp\"\" alt=\"Jessica Dickler\"><\/figure>\n\n\t\t            <article class=\"text\">\n\t\t\t            <p class=\"name\">Jessica Dickler<\/p>\n\n\t\t\t            <a class=\"icon-brand\" href=\"https:\/\/www.cnbc.com\/amp\/2024\/06\/02\/heres-whats-wrong-with-tiktoks-viral-money-hacks.html\" target=\"_blank\" rel=\"nofollow\" data-index=\"0\"><img decoding=\"async\" src=\"https:\/\/www.bestbrokers.com\/wp-content\/themes\/best-brokers\/assets\/images\/resources\/section-journalists\/cbnc-logo.webp\" alt=\"Logo of CNBC\"><i class=\"ico ico--click\"><\/i><\/a>\n\t\t            <\/article>\n\n\t\t\t        <div class=\"social\">\n\t\t\t            <div class=\"icons\">\n\t\t\t            <a class=\"icon\" href=\"https:\/\/www.linkedin.com\/in\/jessicadickler\/\" target=\"_blank\" rel=\"nofollow\" data-index=\"2\"><img decoding=\"async\" src=\"https:\/\/www.bestbrokers.com\/wp-content\/themes\/best-brokers\/assets\/images\/resources\/section-journalists\/linkedin.svg\"><\/a>\n\t\t\t            <a class=\"icon\" href=\"https:\/\/x.com\/jdickler\" target=\"_blank\" rel=\"nofollow\" data-index=\"3\"><img decoding=\"async\" src=\"https:\/\/www.bestbrokers.com\/wp-content\/themes\/best-brokers\/assets\/images\/resources\/section-journalists\/twitter-x.svg\"><\/a>            \n\t\t\t            <\/div>\n\t\t            <\/div>\n\t            <\/div>\n            <\/div>\n\t\t\n\t\t\t<div class=\"j-slide\">\n\t            <div class=\"card\">\n\t\t            <span class=\"bg\"><\/span>\n\n\t\t            <figure class=\"photo\"><img decoding=\"async\" src=\"https:\/\/www.bestbrokers.com\/wp-content\/themes\/best-brokers\/assets\/images\/resources\/section-journalists\/anna.webp\"\" alt=\"Anna Baydakova\"><\/figure>\n\n\t\t            <article class=\"text\">\n\t\t\t            <p class=\"name\">Anna Baydakova<\/p>\n\n\t\t\t            <a class=\"icon-brand\" href=\"https:\/\/www.coindesk.com\/consensus-magazine\/2023\/07\/13\/nexo-in-court-with-a-co-founder-over-12m-in-missing-assets\/\" target=\"_blank\" rel=\"nofollow\" data-index=\"0\"><img decoding=\"async\" src=\"https:\/\/www.bestbrokers.com\/wp-content\/themes\/best-brokers\/assets\/images\/resources\/section-journalists\/coindesk-logo.webp\" alt=\"Logo of Coindesk\"><i class=\"ico ico--click\"><\/i><\/a>\n\t\t            <\/article>\n\n\t\t\t        <div class=\"social\">\n\t\t\t            <div class=\"icons\">\n\t\t\t            <a class=\"icon\" href=\"https:\/\/www.linkedin.com\/in\/anna-baydakova\/\" target=\"_blank\" rel=\"nofollow\" data-index=\"2\"><img decoding=\"async\" src=\"https:\/\/www.bestbrokers.com\/wp-content\/themes\/best-brokers\/assets\/images\/resources\/section-journalists\/linkedin.svg\"><\/a>\n\t\t\t            <a class=\"icon\" href=\"https:\/\/x.com\/baidakova\" target=\"_blank\" rel=\"nofollow\" data-index=\"3\"><img decoding=\"async\" src=\"https:\/\/www.bestbrokers.com\/wp-content\/themes\/best-brokers\/assets\/images\/resources\/section-journalists\/twitter-x.svg\"><\/a>            \n\t\t\t            <\/div>\n\t\t            <\/div>\n\t            <\/div>\n            <\/div>\n\t\t\n\t\t\t<div class=\"j-slide\">\n\t            <div class=\"card\">\n\t\t            <span class=\"bg\"><\/span>\n\n\t\t            <figure class=\"photo\"><img decoding=\"async\" src=\"https:\/\/www.bestbrokers.com\/wp-content\/themes\/best-brokers\/assets\/images\/resources\/section-journalists\/chris.webp\"\" alt=\"Chris Matthews\"><\/figure>\n\n\t\t            <article class=\"text\">\n\t\t\t            <p class=\"name\">Chris Matthews<\/p>\n\n\t\t\t            <a class=\"icon-brand\" href=\"https:\/\/www.dailymail.co.uk\/news\/article-13379119\/Gen-Z-youngsters-rich-quick-hustles-jobs-ambitious-lazy-kids-moan-society-positively.html\" target=\"_blank\" rel=\"nofollow\" data-index=\"0\"><img decoding=\"async\" src=\"https:\/\/www.bestbrokers.com\/wp-content\/themes\/best-brokers\/assets\/images\/resources\/section-journalists\/mailonline-logo.webp\" alt=\"Logo of Daily Mail\"><i class=\"ico ico--click\"><\/i><\/a>\n\t\t            <\/article>\n\n\t\t\t        <div class=\"social\">\n\t\t\t            <div class=\"icons\">\n\t\t\t            <a class=\"icon\" href=\"https:\/\/www.linkedin.com\/in\/chris-matthews\/\" target=\"_blank\" rel=\"nofollow\" data-index=\"2\"><img decoding=\"async\" src=\"https:\/\/www.bestbrokers.com\/wp-content\/themes\/best-brokers\/assets\/images\/resources\/section-journalists\/linkedin.svg\"><\/a>\n\t\t\t            <a class=\"icon\" href=\"https:\/\/x.com\/bychrismatthews\" target=\"_blank\" rel=\"nofollow\" data-index=\"3\"><img decoding=\"async\" src=\"https:\/\/www.bestbrokers.com\/wp-content\/themes\/best-brokers\/assets\/images\/resources\/section-journalists\/twitter-x.svg\"><\/a>            \n\t\t\t            <\/div>\n\t\t            <\/div>\n\t            <\/div>\n            <\/div>\n\t\t\n\t\t\t<div class=\"j-slide\">\n\t            <div class=\"card\">\n\t\t            <span class=\"bg\"><\/span>\n\n\t\t            <figure class=\"photo\"><img decoding=\"async\" src=\"https:\/\/www.bestbrokers.com\/wp-content\/themes\/best-brokers\/assets\/images\/resources\/section-journalists\/kit.webp\"\" alt=\"Kit Eaton\"><\/figure>\n\n\t\t            <article class=\"text\">\n\t\t\t            <p class=\"name\">Kit Eaton<\/p>\n\n\t\t\t            <a class=\"icon-brand\" href=\"https:\/\/www.inc.com\/kit-eaton\/ai-companies-lead-2024-crop-of-new-unicorn-startups.html\" target=\"_blank\" rel=\"nofollow\" data-index=\"0\"><img decoding=\"async\" src=\"https:\/\/www.bestbrokers.com\/wp-content\/themes\/best-brokers\/assets\/images\/resources\/section-journalists\/inc-logo.webp\" alt=\"Logo of INC.com\"><i class=\"ico ico--click\"><\/i><\/a>\n\t\t            <\/article>\n\n\t\t\t        <div class=\"social\">\n\t\t\t            <div class=\"icons\">\n\t\t\t            <a class=\"icon\" href=\"https:\/\/www.linkedin.com\/in\/kit-eaton-26434926\/\" target=\"_blank\" rel=\"nofollow\" data-index=\"2\"><img decoding=\"async\" src=\"https:\/\/www.bestbrokers.com\/wp-content\/themes\/best-brokers\/assets\/images\/resources\/section-journalists\/linkedin.svg\"><\/a>\n\t\t\t            <a class=\"icon\" href=\"https:\/\/x.com\/kiteaton\" target=\"_blank\" rel=\"nofollow\" data-index=\"3\"><img decoding=\"async\" src=\"https:\/\/www.bestbrokers.com\/wp-content\/themes\/best-brokers\/assets\/images\/resources\/section-journalists\/twitter-x.svg\"><\/a>            \n\t\t\t            <\/div>\n\t\t            <\/div>\n\t            <\/div>\n            <\/div>\n\t\t\t\t\t\t\t\t\n\t\t\t\t\t\t\t<\/div>\n\t\t\t\t\t\t<\/div>\n\t\t\t\t\t<\/div>\n\t\t\t\t<\/div>\n\t\t\t<\/div>\n\n\t\t<\/section>\n\t\n<h2 id=\"contact-information\">Informazioni di contatto<\/h2>\n<p>Per qualsiasi domanda non esitate a contattarmi via email a <strong><a href=\"mailto:info@bestbrokers.com\">info@bestbrokers.com<\/a><\/strong> o tramite <a href=\"https:\/\/www.linkedin.com\/in\/miro-nikolov-1946b9141\" target=\"_blank\" rel=\"nofollow noopener noreferrer\">Linkedin<\/a>.<\/p>\n<div class=\"alert alert-primary\" role=\"alert\">\nBestBrokers.com \u00e8 gestito da AFF MEDIA Ltd.<br \/>\nIndirizzo della societ\u00e0: 15 \u201cStrahil voyvoda\u201d Str., Varna 9000, Bulgaria<br \/>\nNumero di registrazione della societ\u00e0: 202678029.\n<\/div>\n","protected":false},"excerpt":{"rendered":"<p>Dichiarazione della missione Mi chiamo Miro Nikolov e sono il co-fondatore di BestBrokers.com. La nostra missione come team \u00e8 aiutare i trader a prendere decisioni ben informate quando scelgono una piattaforma di trading. Tutti i broker elencati su BestBrokers sono autorizzati in giurisdizioni di primo livello (ASIC, Australia; FCA, Regno Unito o CYSEC, Cipro). Poich\u00e9 [&hellip;]<\/p>\n","protected":false},"author":2,"featured_media":0,"parent":0,"menu_order":0,"comment_status":"closed","ping_status":"closed","template":"templates\/full-width.php","meta":{"footnotes":""},"class_list":["post-4018","page","type-page","status-publish","hentry"],"aioseo_notices":[],"_links":{"self":[{"href":"https:\/\/www.bestbrokers.com\/it\/wp-json\/wp\/v2\/pages\/4018","targetHints":{"allow":["GET"]}}],"collection":[{"href":"https:\/\/www.bestbrokers.com\/it\/wp-json\/wp\/v2\/pages"}],"about":[{"href":"https:\/\/www.bestbrokers.com\/it\/wp-json\/wp\/v2\/types\/page"}],"author":[{"embeddable":true,"href":"https:\/\/www.bestbrokers.com\/it\/wp-json\/wp\/v2\/users\/2"}],"replies":[{"embeddable":true,"href":"https:\/\/www.bestbrokers.com\/it\/wp-json\/wp\/v2\/comments?post=4018"}],"version-history":[{"count":9,"href":"https:\/\/www.bestbrokers.com\/it\/wp-json\/wp\/v2\/pages\/4018\/revisions"}],"predecessor-version":[{"id":78625,"href":"https:\/\/www.bestbrokers.com\/it\/wp-json\/wp\/v2\/pages\/4018\/revisions\/78625"}],"wp:attachment":[{"href":"https:\/\/www.bestbrokers.com\/it\/wp-json\/wp\/v2\/media?parent=4018"}],"curies":[{"name":"wp","href":"https:\/\/api.w.org\/{rel}","templated":true}]}}