{"id":59661,"date":"2025-03-19T09:39:40","date_gmt":"2025-03-19T09:39:40","guid":{"rendered":"https:\/\/www.bestbrokers.com\/?page_id=59661"},"modified":"2025-10-21T13:35:33","modified_gmt":"2025-10-21T13:35:33","slug":"account-opening","status":"publish","type":"page","link":"https:\/\/www.bestbrokers.com\/it\/reviews\/admiral-markets\/account-opening\/","title":{"rendered":"Come aprire un conto con Admirals"},"content":{"rendered":"<div class=\"author-line\">Scritto da <span class=\"author\">Zornitsa Stefanova<div class=\"author-sub-box\"><div class=\"author-avatar\"><img decoding=\"async\" src=\"https:\/\/www.bestbrokers.com\/wp-content\/uploads\/2024\/09\/zornica-stefanova.jpeg\" \/><\/div><div class=\"author-info-wrapper\"><div class=\"author-name\"><a href=\"https:\/\/www.bestbrokers.com\/it\/authors\/zornitsa-stefanova\/\">Zornitsa Stefanova<\/a><\/div><div class=\"author-bio\">Zornitsa Stefanova \u00e8 un\u2019analista esperta di forex e criptovalute. Copre anche vari argomenti finanziari come il trading di azioni e gli investimenti per la pensione.<\/div><\/div><\/div><\/span>,  <a rel=\"nofollow\" target=\"_blank\" href=\"https:\/\/www.linkedin.com\/in\/zornica-stefanova-73ab39287\/\"><img decoding=\"async\" class=\"social-icon\" src=\"https:\/\/www.bestbrokers.com\/wp-content\/themes\/best-brokers\/assets\/images\/icon-linkedin.svg\" data-no-lazy=\"1\"><\/a> <span class=\"sep\">|<\/span> Tradotto da <span class=\"author\">Luca Mele<div class=\"author-sub-box\"><div class=\"author-avatar\"><img decoding=\"async\" src=\"https:\/\/www.bestbrokers.com\/wp-content\/uploads\/2024\/09\/luca-mele.jpeg\" \/><\/div><div class=\"author-info-wrapper\"><div class=\"author-name\"><a href=\"https:\/\/www.bestbrokers.com\/it\/authors\/luca-mele\/\">Luca Mele<\/a><\/div><div class=\"author-bio\">Luca Mele \u00e8 un traduttore professionista specializzato in vari argomenti, tra cui investimenti e trading con diversi strumenti come forex, azioni, criptovalute e materie prime.<\/div><\/div><\/div><\/span>, <a rel=\"nofollow\" target=\"_blank\" href=\"https:\/\/www.linkedin.com\/in\/luca-mele\/?locale=it_IT\"><img decoding=\"async\" class=\"social-icon\" src=\"https:\/\/www.bestbrokers.com\/wp-content\/themes\/best-brokers\/assets\/images\/icon-linkedin.svg\" data-no-lazy=\"1\"><\/a> <span class=\"sep\">|<\/span> Aggiornato: <time class=\"entry-date\" datetime=\"2025-10-21T13:35:33+00:00\">Ottobre 21, 2025<\/time><\/div>\n<h2 id=\"brief\"><i class=\"ico ico--assets\"><\/i>Tipologie di conto Admirals in breve<\/h2>\n<p>Admirals offre due conti di trading per la speculazione a breve termine: Trade MT4\/MT5 e Zero MT4\/MT5. Sono disponibili anche i conti Invest MT5, pensati per\u00f2 per investimenti a lungo termine in <a href=\"https:\/\/www.bestbrokers.com\/it\/stock-brokers\/\">azioni<\/a> e fondi negoziati in borsa (ETF, da exchange-traded fund). I nuovi clienti che scelgono uno dei due conti di trading possono usufruire di una leva massima di 1:30 sulle coppie principali e di 1:20 sulle coppie secondarie e sull\u2019oro.<\/p>\n<p>Entrambi i tipi di conto offrono quotazioni a cinque cifre ed esecuzione a mercato con ri-quotazioni minime o assenti. La dimensione minima dell\u2019operazione \u00e8 di 0,01 lotti, mentre il massimo \u00e8 fissato a 100 lotti standard e fino a 500 ordini aperti o pendenti contemporaneamente. Inoltre, la protezione dal saldo negativo garantisce che i clienti non siano responsabili di perdite superiori ai loro depositi.<\/p>\n<p>I conti Trade MT4\/MT5 supportano il trading senza swap, l\u2019hedging, il trading con un clic e gli Expert Advisor. Sono adatti ai trader che desiderano evitare le commissioni, anche se presentano spread minimi a partire da 0,5 pip. I conti Zero MT4\/MT5, invece, offrono spread pi\u00f9 stretti, a partire da zero pip, ma prevedono commissioni da 1,8 $ a 3 $ per lotto su Forex e metalli, 1 $ per lotto su risorse energetiche \u00a0e fino a 3 $ per lotto sugli indici.<\/p>\n\n\t\t\t\t<div class=\"table\">\n\t\t\t\t\t<table class=\"table table-striped table-bordered\">\n\t\t\t\t\t\t<tr>\n\t\t\t\t\t\t\t<td style=\"width: 250px;\"><strong>Conto demo<\/strong><\/td>\n\t\t\t\t\t\t\t<td><img decoding=\"async\" width=\"24\" height=\"24\" src=\"\/wp-content\/themes\/best-brokers\/assets\/images\/ico-xmark.svg\" alt=\"Not Available\" \/><\/td>\n\t\t\t\t\t\t<\/tr>\n\t\t\t\t\t\t<tr>\n\t\t\t\t\t\t\t<td><strong>Islamic Account<\/strong><\/td>\n\t\t\t\t\t\t\t<td><img decoding=\"async\" width=\"24\" height=\"24\" src=\"\/wp-content\/themes\/best-brokers\/assets\/images\/ico-xmark.svg\" alt=\"Not Available\" \/><\/td>\n\t\t\t\t\t\t<\/tr>\n\t\t\t\t\t\t<tr>\n\t\t\t\t\t\t\t<td><strong>Conto ECN<\/strong><\/td>\n\t\t\t\t\t\t\t<td><img decoding=\"async\" width=\"24\" height=\"24\" src=\"\/wp-content\/themes\/best-brokers\/assets\/images\/ico-xmark.svg\" alt=\"Not Available\" \/><\/td>\n\t\t\t\t\t\t<\/tr>\n\t\t\t\t\t\t<tr>\n\t\t\t\t\t\t\t<td><strong>Conto professionale<\/strong><\/td>\n\t\t\t\t\t\t\t<td><img decoding=\"async\" width=\"24\" height=\"24\" src=\"\/wp-content\/themes\/best-brokers\/assets\/images\/ico-xmark.svg\" alt=\"Not Available\" \/><\/td>\n\t\t\t\t\t\t<\/tr>\n\t\t\t\t\t\t<tr>\n\t\t\t\t\t\t\t<td><strong>MAM Account<\/strong><\/td>\n\t\t\t\t\t\t\t<td><img decoding=\"async\" width=\"24\" height=\"24\" src=\"\/wp-content\/themes\/best-brokers\/assets\/images\/ico-xmark.svg\" alt=\"Not Available\" \/><\/td>\n\t\t\t\t\t\t<\/tr>\n\t\t\t\t\t<\/table>\n\t\t\t\t<\/div>\n\t\t\t\n<h2 id=\"deposit\"><i class=\"ico ico--money-supply\"><\/i>Requisiti di deposito minimo di Admirals<\/h2>\n<p>I clienti con conti Trade e Zero MT4\/MT5 devono versare almeno 100 $ sul proprio saldo per iniziare a fare trading. I conti Invest MT5 prevedono una soglia d\u2019ingresso pi\u00f9 bassa, pari a 1 $, ma i titolari non possono utilizzare la leva sulle posizioni in azioni e ETF. I due tipi di conti di trading possono essere denominati in una delle nove valute base disponibili (EUR, USD, GBP, BGN, CHF, RON, PLN, HUF e CZK). I conti Invest offrono solo tre opzioni di valuta, USD, EUR e RON. I clienti della filiale regolamentata da CySEC possono depositare senza costi aggiuntivi con Visa, Mastercard, Klarna, Skrill e bonifico bancario.<\/p>\n<h2 id=\"trade\"><i class=\"ico ico--question\"><\/i>Che cosa \u00e8 disponibile per fare trading su Admirals?<\/h2>\n<p>I conti Trade e Zero MT4\/MT5 consentono di fare trading su 80 coppie Forex, 28 criptovalute, 11 futures su materie prime, 15 CFD su materie prime, 19 indici, 300 ETF e oltre 3.300 titoli azionari. \u00c8 possibile fare trading anche su obbligazioni tramite CFD. I titolari di conto usufruiscono di prezzi di livello II, calendario economico e analisi di mercato fornita da Dow Jones. I trader professionisti possono accedere a una leva Forex fino a 1:500.<\/p>\n<h2 id=\"steps\"><i class=\"ico ico--account\"><\/i>Registrazione passo dopo passo su Admirals (ASIC) \u2013 circa 20-25 minuti in totale (compresi verifica e test di idoneit\u00e0)<\/h2>\n<ol class=\"list list--steps\">\n<li>Apri il sito del broker (www.admiralmarkets.com) nel tuo browser e fai clic sul pulsante blu \u00abRegister\u00bb nell\u2019angolo in alto a destra dello schermo per avviare la procedura di registrazione.<img decoding=\"async\" class=\"aligncenter\" src=\"https:\/\/www.bestbrokers.com\/wp-content\/uploads\/2024\/08\/admirals-account-opening-img-1.webp\" alt=\"Registration Steps\" width=\"900\" \/><\/li>\n<li>Seleziona la tua nazione e inserisci il numero di telefono, l\u2019indirizzo e-mail e la password preferita. Riceverai via e-mail un link di conferma per poter passare alla fase successiva della registrazione.<img decoding=\"async\" class=\"aligncenter\" src=\"https:\/\/www.bestbrokers.com\/wp-content\/uploads\/2024\/08\/admirals-account-opening-img-2.webp\" alt=\"Registration Steps\" width=\"900\" \/>\n<p><img decoding=\"async\" class=\"aligncenter\" src=\"https:\/\/www.bestbrokers.com\/wp-content\/uploads\/2024\/08\/admirals-account-opening-img-3.webp\" alt=\"Registration Steps\" width=\"900\" \/><\/li>\n<li>Dopo aver verificato l\u2019e-mail, devi scegliere l\u2019opzione per aprire un conto reale e indicare se desideri aprire un conto individuale o societario.<img decoding=\"async\" class=\"aligncenter\" src=\"https:\/\/www.bestbrokers.com\/wp-content\/uploads\/2024\/08\/admirals-account-opening-img-4.webp\" alt=\"Registration Steps\" width=\"900\" \/>\n<p><img decoding=\"async\" class=\"aligncenter\" src=\"https:\/\/www.bestbrokers.com\/wp-content\/uploads\/2024\/08\/admirals-account-opening-img-5.webp\" alt=\"Registration Steps\" width=\"900\" \/><\/li>\n<li>Compila i tuoi dati personali, inclusi stato\/provincia, citt\u00e0 di residenza e indirizzo attuale.\n<p><img decoding=\"async\" class=\"aligncenter\" src=\"https:\/\/www.bestbrokers.com\/wp-content\/uploads\/2024\/08\/admirals-account-opening-img-6.webp\" alt=\"Registration Steps\" width=\"900\" \/><\/p>\n<p>Fornisci quindi informazioni aggiuntive sulla tua cittadinanza e sulla situazione lavorativa, indicando il settore di attivit\u00e0 e la posizione ricoperta. Accetta i termini e le condizioni per passare alla fase di verifica dell\u2019identit\u00e0.<\/p>\n<p><img decoding=\"async\" class=\"aligncenter\" src=\"https:\/\/www.bestbrokers.com\/wp-content\/uploads\/2024\/08\/admirals-account-opening-img-7.webp\" alt=\"Registration Steps\" width=\"900\" \/><\/li>\n<li><strong>Verifica KYC e test di idoneit\u00e0 &#8211; circa 10 minuti<\/strong>I nuovi clienti possono verificare la propria identit\u00e0 caricando foto a colori della patente di guida, di un documento d\u2019identit\u00e0 rilasciato dal governo o del passaporto.\n<p><img decoding=\"async\" class=\"aligncenter\" src=\"https:\/\/www.bestbrokers.com\/wp-content\/uploads\/2024\/08\/admirals-account-opening-img-8.webp\" alt=\"Registration Steps\" width=\"900\" \/><\/p>\n<p>Seleziona il documento preferito e carica le copie del fronte e del retro. In alternativa, puoi scattare una foto in tempo reale con la fotocamera dello smartphone.<\/p>\n<p><img decoding=\"async\" class=\"aligncenter\" src=\"https:\/\/www.bestbrokers.com\/wp-content\/uploads\/2024\/08\/admirals-account-opening-img-9.webp\" alt=\"Registration Steps\" width=\"900\" \/><\/li>\n<li>Devi proseguire la verifica dell\u2019identit\u00e0 sul tuo smartphone scansionando un codice QR o copiando un link univoco. In alternativa, puoi richiedere l\u2019invio del link via SMS. Non chiudere la finestra desktop con cui hai avviato la registrazione.<img decoding=\"async\" class=\"aligncenter\" src=\"https:\/\/www.bestbrokers.com\/wp-content\/uploads\/2024\/08\/admirals-account-opening-img-10.webp\" alt=\"Registration Steps\" width=\"900\" \/><\/li>\n<li>Successivamente dovrai completare alcune operazioni, tra cui registrare un video del tuo volto con la fotocamera dello smartphone. Si tratta di una procedura standard presso la maggior parte dei broker rigidamente regolamentati, volta a garantire che i nuovi clienti siano persone reali. Ruota lentamente il viso da un lato all\u2019altro affinch\u00e9 entrambi i lati siano visibili.<img decoding=\"async\" class=\"aligncenter\" src=\"https:\/\/www.bestbrokers.com\/wp-content\/uploads\/2024\/08\/admirals-account-opening-img-11.webp\" alt=\"Registration Steps\" width=\"450\" \/><\/li>\n<li>Una volta caricato il video e completate tutte le operazioni, puoi tornare al desktop e caricare una prova di residenza, ad esempio una bolletta recente o un estratto conto, per finalizzare la verifica.<\/li>\n<li>Dopo aver verificato identit\u00e0 e indirizzo, potrai configurare il tuo conto. Seleziona un tipo di conto \u2013 Trade, Invest o Zero \u2013 in base alle tue preferenze e ai tuoi obiettivi di investimento. Devi inoltre scegliere una piattaforma (Trade MT4, Trade MT5, Zero MT4, Zero MT5 o Invest MT5) e selezionare una valuta di base.<img decoding=\"async\" class=\"aligncenter\" src=\"https:\/\/www.bestbrokers.com\/wp-content\/uploads\/2024\/08\/admirals-account-opening-img-12.webp\" alt=\"Registration Steps\" width=\"900\" \/><\/li>\n<li>Dato che il trading di derivati con leva \u00e8 un\u2019attivit\u00e0 ad alto rischio, Admirals ti inviter\u00e0 anche a completare un breve test di adeguatezza per valutare la tua idoneit\u00e0 al trading di CFD. Se conosci gi\u00e0 i CFD, rispondere a queste domande non dovrebbe richiedere pi\u00f9 di un paio di minuti. Dopo aver superato il quiz, dovrai semplicemente attendere che Admirals confermi che il tuo conto \u00e8 stato verificato con successo prima di iniziare a fare trading.<img decoding=\"async\" class=\"aligncenter\" src=\"https:\/\/www.bestbrokers.com\/wp-content\/uploads\/2024\/08\/admirals-account-opening-img-13.webp\" alt=\"Registration Steps\" width=\"900\" \/><\/li>\n<\/ol>\n<h2 id=\"conclusion\"><i class=\"ico ico--pen\"><\/i>Impressioni finali<\/h2>\n<p>Un recensore di Best Brokers ha impiegato circa 20 minuti per completare la registrazione del conto su Admirals. Avevamo preparato in anticipo tutti i documenti necessari per la verifica. Se non hai i documenti a portata di mano, questo intervallo di tempo pu\u00f2 estendersi a 30 o 40 minuti. Anche il completamento del test di idoneit\u00e0 richiede qualche minuto, soprattutto se la tua conoscenza dei CFD \u00e8 limitata. Tutti i passaggi della procedura sono stati illustrati in maniera chiara e semplice, garantendo una registrazione quasi priva di intoppi per i nuovi clienti sotto la giurisdizione ASIC.<\/p>\n","protected":false},"excerpt":{"rendered":"<p>Tipologie di conto Admirals in breve Admirals offre due conti di trading per la speculazione a breve termine: Trade MT4\/MT5 e Zero MT4\/MT5. Sono disponibili anche i conti Invest MT5, pensati per\u00f2 per investimenti a lungo termine in azioni e fondi negoziati in borsa (ETF, da exchange-traded fund). I nuovi clienti che scelgono uno dei [&hellip;]<\/p>\n","protected":false},"author":3,"featured_media":0,"parent":5372,"menu_order":0,"comment_status":"closed","ping_status":"closed","template":"templates\/review.php","meta":{"footnotes":""},"class_list":["post-59661","page","type-page","status-publish","hentry"],"aioseo_notices":[],"_links":{"self":[{"href":"https:\/\/www.bestbrokers.com\/it\/wp-json\/wp\/v2\/pages\/59661","targetHints":{"allow":["GET"]}}],"collection":[{"href":"https:\/\/www.bestbrokers.com\/it\/wp-json\/wp\/v2\/pages"}],"about":[{"href":"https:\/\/www.bestbrokers.com\/it\/wp-json\/wp\/v2\/types\/page"}],"author":[{"embeddable":true,"href":"https:\/\/www.bestbrokers.com\/it\/wp-json\/wp\/v2\/users\/3"}],"replies":[{"embeddable":true,"href":"https:\/\/www.bestbrokers.com\/it\/wp-json\/wp\/v2\/comments?post=59661"}],"version-history":[{"count":7,"href":"https:\/\/www.bestbrokers.com\/it\/wp-json\/wp\/v2\/pages\/59661\/revisions"}],"predecessor-version":[{"id":71593,"href":"https:\/\/www.bestbrokers.com\/it\/wp-json\/wp\/v2\/pages\/59661\/revisions\/71593"}],"up":[{"embeddable":true,"href":"https:\/\/www.bestbrokers.com\/it\/wp-json\/wp\/v2\/pages\/5372"}],"wp:attachment":[{"href":"https:\/\/www.bestbrokers.com\/it\/wp-json\/wp\/v2\/media?parent=59661"}],"curies":[{"name":"wp","href":"https:\/\/api.w.org\/{rel}","templated":true}]}}