{"id":59663,"date":"2025-03-19T09:39:40","date_gmt":"2025-03-19T09:39:40","guid":{"rendered":"https:\/\/www.bestbrokers.com\/?page_id=59663"},"modified":"2025-10-21T13:35:53","modified_gmt":"2025-10-21T13:35:53","slug":"account-opening","status":"publish","type":"page","link":"https:\/\/www.bestbrokers.com\/it\/reviews\/xtb\/account-opening\/","title":{"rendered":"Come aprire un conto con XTB"},"content":{"rendered":"<div class=\"author-line\">Scritto da <span class=\"author\">Zornitsa Stefanova<div class=\"author-sub-box\"><div class=\"author-avatar\"><img decoding=\"async\" src=\"https:\/\/www.bestbrokers.com\/wp-content\/uploads\/2024\/09\/zornica-stefanova.jpeg\" \/><\/div><div class=\"author-info-wrapper\"><div class=\"author-name\"><a href=\"https:\/\/www.bestbrokers.com\/it\/authors\/zornitsa-stefanova\/\">Zornitsa Stefanova<\/a><\/div><div class=\"author-bio\">Zornitsa Stefanova \u00e8 un\u2019analista esperta di forex e criptovalute. Copre anche vari argomenti finanziari come il trading di azioni e gli investimenti per la pensione.<\/div><\/div><\/div><\/span>,  <a rel=\"nofollow\" target=\"_blank\" href=\"https:\/\/www.linkedin.com\/in\/zornica-stefanova-73ab39287\/\"><img decoding=\"async\" class=\"social-icon\" src=\"https:\/\/www.bestbrokers.com\/wp-content\/themes\/best-brokers\/assets\/images\/icon-linkedin.svg\" data-no-lazy=\"1\"><\/a> <span class=\"sep\">|<\/span> Tradotto da <span class=\"author\">Luca Mele<div class=\"author-sub-box\"><div class=\"author-avatar\"><img decoding=\"async\" src=\"https:\/\/www.bestbrokers.com\/wp-content\/uploads\/2024\/09\/luca-mele.jpeg\" \/><\/div><div class=\"author-info-wrapper\"><div class=\"author-name\"><a href=\"https:\/\/www.bestbrokers.com\/it\/authors\/luca-mele\/\">Luca Mele<\/a><\/div><div class=\"author-bio\">Luca Mele \u00e8 un traduttore professionista specializzato in vari argomenti, tra cui investimenti e trading con diversi strumenti come forex, azioni, criptovalute e materie prime.<\/div><\/div><\/div><\/span>, <a rel=\"nofollow\" target=\"_blank\" href=\"https:\/\/www.linkedin.com\/in\/luca-mele\/?locale=it_IT\"><img decoding=\"async\" class=\"social-icon\" src=\"https:\/\/www.bestbrokers.com\/wp-content\/themes\/best-brokers\/assets\/images\/icon-linkedin.svg\" data-no-lazy=\"1\"><\/a> <span class=\"sep\">|<\/span> Aggiornato: <time class=\"entry-date\" datetime=\"2025-10-21T13:35:53+00:00\">Ottobre 21, 2025<\/time><\/div>\n<h2 id=\"brief\"><i class=\"ico ico--assets\"><\/i>Tipologie di conto XTB in breve<\/h2>\n<p>In Europa, XTB offre un unico conto retail principale che consente di fare trading su CFD senza commissioni. L\u2019apertura e il mantenimento di un conto reale sono gratuiti per i trader attivi e la dimensione minima dell\u2019ordine \u00e8 di 0,01 lotti. I conti reali permettono di operare da desktop, dispositivi mobili e tablet.<\/p>\n<p>Le transazioni vengono elaborate in euro presso la filiale regolata da CySEC, ma ai clienti provenienti da nazioni extra UE sono disponibili valute di base aggiuntive. Siamo lieti di constatare che il broker non applica commissioni sui depositi. Gli utenti potenziali devono tuttavia considerare che, dopo un anno di inattivit\u00e0, i conti dormienti sono soggetti a un addebito mensile di 10 \u20ac.<\/p>\n\n\t\t\t\t<div class=\"table\">\n\t\t\t\t\t<table class=\"table table-striped table-bordered\">\n\t\t\t\t\t\t<tr>\n\t\t\t\t\t\t\t<td style=\"width: 250px;\"><strong>Conto demo<\/strong><\/td>\n\t\t\t\t\t\t\t<td><img decoding=\"async\" width=\"24\" height=\"24\" src=\"\/wp-content\/themes\/best-brokers\/assets\/images\/ico-check.svg\" alt=\"Available\" \/><\/td>\n\t\t\t\t\t\t<\/tr>\n\t\t\t\t\t\t<tr>\n\t\t\t\t\t\t\t<td><strong>Islamic Account<\/strong><\/td>\n\t\t\t\t\t\t\t<td><img decoding=\"async\" width=\"24\" height=\"24\" src=\"\/wp-content\/themes\/best-brokers\/assets\/images\/ico-check.svg\" alt=\"Available\" \/><\/td>\n\t\t\t\t\t\t<\/tr>\n\t\t\t\t\t\t<tr>\n\t\t\t\t\t\t\t<td><strong>Conto ECN<\/strong><\/td>\n\t\t\t\t\t\t\t<td><img decoding=\"async\" width=\"24\" height=\"24\" src=\"\/wp-content\/themes\/best-brokers\/assets\/images\/ico-xmark.svg\" alt=\"Not Available\" \/><\/td>\n\t\t\t\t\t\t<\/tr>\n\t\t\t\t\t\t<tr>\n\t\t\t\t\t\t\t<td><strong>Conto professionale<\/strong><\/td>\n\t\t\t\t\t\t\t<td><img decoding=\"async\" width=\"24\" height=\"24\" src=\"\/wp-content\/themes\/best-brokers\/assets\/images\/ico-check.svg\" alt=\"Available\" \/><\/td>\n\t\t\t\t\t\t<\/tr>\n\t\t\t\t\t\t<tr>\n\t\t\t\t\t\t\t<td><strong>MAM Account<\/strong><\/td>\n\t\t\t\t\t\t\t<td><img decoding=\"async\" width=\"24\" height=\"24\" src=\"\/wp-content\/themes\/best-brokers\/assets\/images\/ico-xmark.svg\" alt=\"Not Available\" \/><\/td>\n\t\t\t\t\t\t<\/tr>\n\t\t\t\t\t<\/table>\n\t\t\t\t<\/div>\n\t\t\t\n<h2 id=\"deposit\"><i class=\"ico ico--money-supply\"><\/i>Requisiti di deposito minimo di XTB<\/h2>\n<p>I nuovi clienti possono finanziare il conto reale con qualunque importo desiderino, perch\u00e9 XTB non prevede un deposito minimo. I versamenti sono gratuiti, mentre i prelievi inferiori a 100 \u20ac comportano un costo di elaborazione pari a 10 \u20ac. Il broker tiene i fondi dei clienti separati dal capitale operativo, in linea con i requisiti normativi di CySEC. Sono disponibili diversi metodi di deposito istantaneo, tra cui Visa, Mastercard, Maestro, Skrill, PayPal, PayU ed Ecommpay. Non sono previsti costi per la conversione valutaria.<\/p>\n<h2 id=\"what\"><i class=\"ico ico--question\"><\/i>Che cosa \u00e8 disponibile per fare trading con i conti live di XTB<\/h2>\n<p>Aprire un conto live con XTB ti permette di speculare sull\u2019andamento dei prezzi di oltre 2.000 mercati a leva, tra cui pi\u00f9 di 70 coppie valutarie con spread a partire da 0,8 pip. La leva sul Forex \u00e8 limitata a 1:30 per i clienti retail. Il broker offre la protezione del saldo negativo a tutti i trader al dettaglio, impedendo che il conto finisca in deficit. Grazie a XTB \u00e8 inoltre possibile fare trading su indici, materie prime, azioni, criptovalute ed ETF. Gli ordini vengono eseguiti tramite la piattaforma proprietaria xStation5. A quanto ci risulta, MT4 \u00e8 supportata solo per i conti demo.<\/p>\n<h2 id=\"steps\"><i class=\"ico ico--account\"><\/i>Registrazione passo dopo passo su XTB &#8211; richiede circa 20 minuti in totale<\/h2>\n<ol class=\"list list--steps\">\n<li>Apri www.xtb.com\/cy sul browser del tuo dispositivo mobile o desktop e fai clic sul pulsante verde Create conto nell\u2019angolo in alto a destra della home page.\n<p><img decoding=\"async\" class=\"aligncenter\" src=\"https:\/\/www.bestbrokers.com\/wp-content\/uploads\/2024\/08\/xtb-account-opening-img-1.webp\" alt=\"Registration Steps\" width=\"900\" \/><\/li>\n<li>Inserisci il tuo indirizzo e-mail, seleziona la nazione dal menu a tendina e spunta le caselle sottostanti per accettare i termini e le condizioni generali. Scegli una password robusta con cui accedere al tuo conto reale.\n<p><img decoding=\"async\" class=\"aligncenter\" src=\"https:\/\/www.bestbrokers.com\/wp-content\/uploads\/2024\/08\/xtb-account-opening-img-2.webp\" alt=\"Registration Steps\" width=\"900\" \/><\/li>\n<li><strong>Compila i dati personali<\/strong> nel modulo di registrazione, inclusi titolo, nome, luogo e data di nascita.\n<p><img decoding=\"async\" class=\"aligncenter\" src=\"https:\/\/www.bestbrokers.com\/wp-content\/uploads\/2024\/08\/xtb-account-opening-img-3-1.webp\" alt=\"Registration Steps\" width=\"450\" \/><\/p>\n<p>Devi inoltre indicare la tua nazionalit\u00e0 e inserire il numero di identificazione nazionale. Spunta le caselle corrispondenti per confermare di non essere cittadino statunitense e di essere il legittimo proprietario dei fondi depositati sul conto.<\/p>\n<p><img decoding=\"async\" class=\"aligncenter\" src=\"https:\/\/www.bestbrokers.com\/wp-content\/uploads\/2024\/08\/xtb-account-opening-img-4-1.webp\" alt=\"Registration Steps\" width=\"450\" \/><\/p>\n<p>Inserisci l\u2019indirizzo di residenza attuale, comprensivo di via, numero civico e di appartamento, codice postale e citt\u00e0.<\/p>\n<p><img decoding=\"async\" class=\"aligncenter\" src=\"https:\/\/www.bestbrokers.com\/wp-content\/uploads\/2024\/08\/xtb-account-opening-img-5-1.webp\" alt=\"Registration Steps\" width=\"450\" \/><\/p>\n<p>Seleziona la lingua preferita e inserisci un codice promozionale, se ne possiedi uno.<\/p>\n<p><img decoding=\"async\" class=\"aligncenter\" src=\"https:\/\/www.bestbrokers.com\/wp-content\/uploads\/2024\/08\/xtb-account-opening-img-6-1.webp\" alt=\"Registration Steps\" width=\"450\" \/><\/li>\n<li><strong>\u00c8 il momento del test di adeguatezza di XTB<\/strong> per stabilire se possiedi conoscenze ed esperienza sufficienti a fare trading su strumenti ad alto rischio con leva. Ti verr\u00e0 chiesto con quale frequenza hai fatto trading su azioni, obbligazioni, futures, opzioni, swap e cos\u00ec via.\n<p><img decoding=\"async\" class=\"aligncenter\" src=\"https:\/\/www.bestbrokers.com\/wp-content\/uploads\/2024\/08\/xtb-account-opening-img-7-1.webp\" alt=\"Registration Steps\" width=\"450\" \/><\/p>\n<p>Dovrai inoltre indicare il volume medio annuo di trading e il livello medio di leva utilizzato. Fornisci informazioni sulla dimensione media delle posizioni che intendi aprire su XTB e sul tuo livello di istruzione o qualificazione nei mercati finanziari.<\/p>\n<p><img decoding=\"async\" class=\"aligncenter\" src=\"https:\/\/www.bestbrokers.com\/wp-content\/uploads\/2024\/08\/xtb-account-opening-img-8-1.webp\" alt=\"Registration Steps\" width=\"450\" \/><\/p>\n<p>Successivamente dovrai <strong>compilare un breve questionario<\/strong> affinch\u00e9 XTB possa valutare la tua competenza nel trattare strumenti derivati con leva. Rispondere a queste domande sar\u00e0 semplice se hai gi\u00e0 esperienza nel trading di CFD.<\/p>\n<p><img decoding=\"async\" class=\"aligncenter\" src=\"https:\/\/www.bestbrokers.com\/wp-content\/uploads\/2024\/08\/xtb-account-opening-img-9-1.webp\" alt=\"Registration Steps\" width=\"450\" \/><\/li>\n<li>Ora seguir\u00e0 una <strong>valutazione finanziaria<\/strong>. XTB ti chieder\u00e0 anche i tuoi obiettivi di investimento, i risparmi e il reddito annuo disponibile.\n<p><img decoding=\"async\" class=\"aligncenter\" src=\"https:\/\/www.bestbrokers.com\/wp-content\/uploads\/2024\/08\/xtb-account-opening-img-10-1.webp\" alt=\"Registration Steps\" width=\"450\" \/><\/li>\n<li>Spunta le caselle per acconsentire alle condizioni d\u2019uso e confermare di aver letto l\u2019informativa sui rischi del broker. Devi inoltre dichiarare se sei una persona politicamente esposta (PEP) e quindi potenzialmente pi\u00f9 soggetta a corruzione o concussione. In tal caso dovrai compilare un\u2019apposita dichiarazione PEP.\n<p><img decoding=\"async\" class=\"aligncenter\" src=\"https:\/\/www.bestbrokers.com\/wp-content\/uploads\/2024\/08\/xtb-account-opening-img-11-1.webp\" alt=\"Registration Steps\" width=\"450\" \/><\/p>\n<p>Hai creato il tuo nuovo conto reale e puoi procedere con la verifica KYC.<\/p>\n<p><img decoding=\"async\" class=\"aligncenter\" src=\"https:\/\/www.bestbrokers.com\/wp-content\/uploads\/2024\/08\/xtb-account-opening-img-12-1.webp\" alt=\"Registration Steps\" width=\"450\" \/><\/li>\n<li><strong>Verifica KYC del conto XTB &#8211; richiede in media da 5 a 10 minuti<\/strong>\n<p>Fai clic sul pulsante verde per accedere al nuovo conto reale, quindi seleziona Verify account nell\u2019angolo in basso a sinistra dello schermo.<\/p>\n<p><img decoding=\"async\" class=\"aligncenter\" src=\"https:\/\/www.bestbrokers.com\/wp-content\/uploads\/2024\/08\/xtb-account-opening-img-13.webp\" alt=\"Registration Steps\" width=\"900\" \/><\/li>\n<li>Carica le foto del documento di identit\u00e0 scelto (passaporto o carta d\u2019identit\u00e0) in un formato supportato (jpg, png o pdf). La dimensione dei file non deve superare 12 MB. XTB accetta foto, scansioni e screenshot purch\u00e9 tutte le informazioni siano leggibili. Anche la data di emissione e quella di scadenza devono essere visibili.\n<p><img decoding=\"async\" class=\"aligncenter\" src=\"https:\/\/www.bestbrokers.com\/wp-content\/uploads\/2024\/08\/xtb-account-opening-img-14.webp\" alt=\"Registration Steps\" width=\"900\" \/><\/li>\n<li>Sei quasi alla fine: devi solo caricare un documento che attesti l\u2019indirizzo di residenza attuale. XTB accetta un\u2019ampia gamma di documenti a tal fine, tra cui bollette, estratti conto bancari, lettere della banca, certificati di residenza, tributi comunali, certificati fiscali e certificazioni di enti pensionistici.\n<p><img decoding=\"async\" class=\"aligncenter\" src=\"https:\/\/www.bestbrokers.com\/wp-content\/uploads\/2024\/08\/xtb-account-opening-img-15.webp\" alt=\"Registration Steps\" width=\"900\" \/><\/li>\n<li>Congratulazioni, hai creato con successo il tuo conto di trading XTB. Ora devi attendere che il broker approvi manualmente i documenti di verifica prima di poter depositare e operare. Il nostro recensore ha ricevuto l\u2019approvazione nel giro di poche ore, ma tutto dipende dal carico di lavoro del team. Il personale di XTB ti informer\u00e0 sull\u2019esito della verifica via e-mail.\n<p><img decoding=\"async\" class=\"aligncenter\" src=\"https:\/\/www.bestbrokers.com\/wp-content\/uploads\/2024\/08\/xtb-account-opening-img-15.webp\" alt=\"Registration Steps\" width=\"900\" \/><\/li>\n<\/ol>\n<h2 id=\"conclusion\"><i class=\"ico ico--pen\"><\/i>Impressioni finali<\/h2>\n<p>La registrazione tramite l\u2019entit\u00e0 regolata da CySEC \u00e8 piuttosto semplice, soprattutto se hai a portata di mano tutti i documenti necessari. Puoi completare l\u2019intera procedura dal computer o dal telefono in circa 20 minuti, a patto di rispondere rapidamente alle domande di adeguatezza. XTB \u00e8 rapida anche nella valutazione dei documenti di verifica, consentendo ai nuovi clienti di iniziare a fare trading nel giro di poche ore.<\/p>\n","protected":false},"excerpt":{"rendered":"<p>Tipologie di conto XTB in breve In Europa, XTB offre un unico conto retail principale che consente di fare trading su CFD senza commissioni. L\u2019apertura e il mantenimento di un conto reale sono gratuiti per i trader attivi e la dimensione minima dell\u2019ordine \u00e8 di 0,01 lotti. I conti reali permettono di operare da desktop, [&hellip;]<\/p>\n","protected":false},"author":3,"featured_media":0,"parent":5399,"menu_order":0,"comment_status":"closed","ping_status":"closed","template":"templates\/review.php","meta":{"footnotes":""},"class_list":["post-59663","page","type-page","status-publish","hentry"],"aioseo_notices":[],"_links":{"self":[{"href":"https:\/\/www.bestbrokers.com\/it\/wp-json\/wp\/v2\/pages\/59663","targetHints":{"allow":["GET"]}}],"collection":[{"href":"https:\/\/www.bestbrokers.com\/it\/wp-json\/wp\/v2\/pages"}],"about":[{"href":"https:\/\/www.bestbrokers.com\/it\/wp-json\/wp\/v2\/types\/page"}],"author":[{"embeddable":true,"href":"https:\/\/www.bestbrokers.com\/it\/wp-json\/wp\/v2\/users\/3"}],"replies":[{"embeddable":true,"href":"https:\/\/www.bestbrokers.com\/it\/wp-json\/wp\/v2\/comments?post=59663"}],"version-history":[{"count":7,"href":"https:\/\/www.bestbrokers.com\/it\/wp-json\/wp\/v2\/pages\/59663\/revisions"}],"predecessor-version":[{"id":71565,"href":"https:\/\/www.bestbrokers.com\/it\/wp-json\/wp\/v2\/pages\/59663\/revisions\/71565"}],"up":[{"embeddable":true,"href":"https:\/\/www.bestbrokers.com\/it\/wp-json\/wp\/v2\/pages\/5399"}],"wp:attachment":[{"href":"https:\/\/www.bestbrokers.com\/it\/wp-json\/wp\/v2\/media?parent=59663"}],"curies":[{"name":"wp","href":"https:\/\/api.w.org\/{rel}","templated":true}]}}