{"id":59666,"date":"2025-03-19T09:39:40","date_gmt":"2025-03-19T09:39:40","guid":{"rendered":"https:\/\/www.bestbrokers.com\/?page_id=59666"},"modified":"2025-10-21T13:35:44","modified_gmt":"2025-10-21T13:35:44","slug":"account-opening","status":"publish","type":"page","link":"https:\/\/www.bestbrokers.com\/it\/reviews\/ic-markets\/account-opening\/","title":{"rendered":"Come aprire un conto con IC Markets"},"content":{"rendered":"<div class=\"author-line\">Scritto da <span class=\"author\">Naylyan Nazifova<div class=\"author-sub-box\"><div class=\"author-avatar\"><img decoding=\"async\" src=\"https:\/\/www.bestbrokers.com\/wp-content\/uploads\/2026\/04\/nnazifova.webp\" \/><\/div><div class=\"author-info-wrapper\"><div class=\"author-name\"><a href=\"https:\/\/www.bestbrokers.com\/it\/authors\/naylyan-nazifova\/\">Naylyan Nazifova<\/a><\/div><div class=\"author-bio\">Naylyan Nazifova \u00e8 un\u2019esperta riconosciuta nel campo del trading online. Ha molte pubblicazioni e analisi che coprono il trading forex, gli investimenti azionari e la finanza personale.<\/div><\/div><\/div><\/span>,  <a rel=\"nofollow\" target=\"_blank\" href=\"https:\/\/www.linkedin.com\/in\/naylian-nazifova-58562a272\/\"><img decoding=\"async\" class=\"social-icon\" src=\"https:\/\/www.bestbrokers.com\/wp-content\/themes\/best-brokers\/assets\/images\/icon-linkedin.svg\" data-no-lazy=\"1\"><\/a> <span class=\"sep\">|<\/span> Tradotto da <span class=\"author\">Luca Mele<div class=\"author-sub-box\"><div class=\"author-avatar\"><img decoding=\"async\" src=\"https:\/\/www.bestbrokers.com\/wp-content\/uploads\/2024\/09\/luca-mele.jpeg\" \/><\/div><div class=\"author-info-wrapper\"><div class=\"author-name\"><a href=\"https:\/\/www.bestbrokers.com\/it\/authors\/luca-mele\/\">Luca Mele<\/a><\/div><div class=\"author-bio\">Luca Mele \u00e8 un traduttore professionista specializzato in vari argomenti, tra cui investimenti e trading con diversi strumenti come forex, azioni, criptovalute e materie prime.<\/div><\/div><\/div><\/span>, <a rel=\"nofollow\" target=\"_blank\" href=\"https:\/\/www.linkedin.com\/in\/luca-mele\/?locale=it_IT\"><img decoding=\"async\" class=\"social-icon\" src=\"https:\/\/www.bestbrokers.com\/wp-content\/themes\/best-brokers\/assets\/images\/icon-linkedin.svg\" data-no-lazy=\"1\"><\/a> <span class=\"sep\">|<\/span> Aggiornato: <time class=\"entry-date\" datetime=\"2025-10-21T13:35:44+00:00\">Ottobre 21, 2025<\/time><\/div>\n<h2 id=\"brief\"><i class=\"ico ico--assets\"><\/i>Tipi di conto su IC Markets<\/h2>\n<p>Consapevole che i trader hanno obiettivi diversi, IC Markets garantisce a ogni cliente la possibilit\u00e0 di trovare un&#8217;opzione di conto su misura per le proprie preferenze. Oltre al conto demo, subito disponibile dopo la registrazione presso il broker, IC Markets offre ai clienti al dettaglio tre tipologie di conto: un conto Standard e due versioni di conto Raw Spread.<\/p>\n<p>Il conto Standard consente ai trader di utilizzare le piattaforme MT4 e MT5, facilitando un&#8217;esecuzione fluida, ideale per i meno esperti. Lo spread minimo per il trading sulle principali coppie Forex con il conto Standard \u00e8 di 0,8 pip e sulle operazioni non viene applicata alcuna commissione.<\/p>\n<p>I trader possono anche scegliere di operare su MT4 o MT5 con i conti Raw Spread, che offrono spread pi\u00f9 stretti a partire da 0,0 pip e una commissione round-trip di soli 7 USD. Il conto MetaTrader Raw Spread \u00e8 particolarmente indicato per gli scalper e per chi utilizza il trading algoritmico con EA.<\/p>\n<p>\u00c8 disponibile anche l&#8217;opzione di conto cTrader Raw Spread, che offre spread ridotti a partire da 0,0 pip, con una commissione round-trip ancora pi\u00f9 bassa: soltanto 6 USD per lotto di trading standard. Questo \u00e8 pensato per soddisfare le esigenze di day trader e scalper.<\/p>\n<p>Tutte e tre le tipologie di conto appena descritte offrono una leva massima fino a 1:30 sulle principali coppie Forex. Se desideri aumentare il rapporto di leva, puoi aprire un conto professionale con IC Markets; ricorda, per\u00f2, che dovrai soddisfare specifici requisiti per essere idoneo al trading professionale. Per quanto riguarda il deposito iniziale, i tre conti richiedono 200 USD. Il numero massimo di ordini aperti \u00e8 di 200 per i primi due tipi di conto e di 2.000 per il terzo.<\/p>\n\n\t\t\t\t<div class=\"table\">\n\t\t\t\t\t<table class=\"table table-striped table-bordered\">\n\t\t\t\t\t\t<tr>\n\t\t\t\t\t\t\t<td style=\"width: 250px;\"><strong>Conto demo<\/strong><\/td>\n\t\t\t\t\t\t\t<td><img decoding=\"async\" width=\"24\" height=\"24\" src=\"\/wp-content\/themes\/best-brokers\/assets\/images\/ico-check.svg\" alt=\"Available\" \/><\/td>\n\t\t\t\t\t\t<\/tr>\n\t\t\t\t\t\t<tr>\n\t\t\t\t\t\t\t<td><strong>Islamic Account<\/strong><\/td>\n\t\t\t\t\t\t\t<td><img decoding=\"async\" width=\"24\" height=\"24\" src=\"\/wp-content\/themes\/best-brokers\/assets\/images\/ico-check.svg\" alt=\"Available\" \/><\/td>\n\t\t\t\t\t\t<\/tr>\n\t\t\t\t\t\t<tr>\n\t\t\t\t\t\t\t<td><strong>Conto ECN<\/strong><\/td>\n\t\t\t\t\t\t\t<td><img decoding=\"async\" width=\"24\" height=\"24\" src=\"\/wp-content\/themes\/best-brokers\/assets\/images\/ico-check.svg\" alt=\"Available\" \/><\/td>\n\t\t\t\t\t\t<\/tr>\n\t\t\t\t\t\t<tr>\n\t\t\t\t\t\t\t<td><strong>Conto professionale<\/strong><\/td>\n\t\t\t\t\t\t\t<td><img decoding=\"async\" width=\"24\" height=\"24\" src=\"\/wp-content\/themes\/best-brokers\/assets\/images\/ico-check.svg\" alt=\"Available\" \/><\/td>\n\t\t\t\t\t\t<\/tr>\n\t\t\t\t\t\t<tr>\n\t\t\t\t\t\t\t<td><strong>MAM Account<\/strong><\/td>\n\t\t\t\t\t\t\t<td><img decoding=\"async\" width=\"24\" height=\"24\" src=\"\/wp-content\/themes\/best-brokers\/assets\/images\/ico-xmark.svg\" alt=\"Not Available\" \/><\/td>\n\t\t\t\t\t\t<\/tr>\n\t\t\t\t\t<\/table>\n\t\t\t\t<\/div>\n\t\t\t\n<h2 id=\"deposit\"><i class=\"ico ico--money-supply\"><\/i>Requisito di deposito minimo<\/h2>\n<p>Se decidi di aprire un conto live con IC Markets, indipendentemente dal tipo di conto scelto, dovrai depositare almeno 200 USD per attivarlo. Sebbene alcuni broker non richiedano un importo minimo, riteniamo che 200 USD siano comunque una soglia ragionevole per i trader. Va inoltre ricordato che tutti e tre i tipi di conto supportano i micro-lotti, fatto che significa che la dimensione minima di una posizione \u00e8 di 0,01 lotti, pari a 1.000 unit\u00e0 nella valuta base selezionata.<\/p>\n<p>Anche se il deposito minimo richiesto \u00e8 di 200 USD per tutti e tre i conti, per poter inserire un ordine \u00e8 necessario avere almeno 1.000 USD di saldo. Fortunatamente il broker supporta numerose soluzioni di pagamento affidabili che consentono di finanziare il conto in modo rapido e senza complicazioni. Tra i metodi disponibili figurano Visa, Mastercard, diversi wallet elettronici (PayPal, Neteller e Skrill) e i bonifici bancari.<\/p>\n<h2 id=\"instruments\"><i class=\"ico ico--common-technical-analysis-tools\"><\/i>Strumenti disponibili per fare trading<\/h2>\n<p>Un vantaggio fondamentale delle tipologie di conto di IC Markets \u00e8 che tutte consentono l\u2019accesso a un\u2019ampia gamma di mercati. Il numero complessivo di strumenti per fare trading varia per\u00f2 a seconda dell\u2019entit\u00e0: oltre 2.250 CFD per la societ\u00e0 australiana e pi\u00f9 di 850 strumenti per l\u2019entit\u00e0 regolamentata da CySEC. Indipendentemente dalla piattaforma scelta, potrai ottenere un\u2019elevata esposizione sui mercati: Forex, materie prime, indici, criptovalute, azioni, future e obbligazioni sono tutti coperti da IC Markets. Tali strumenti finanziari sono disponibili per fare trading tramite CFD, il che ti permette di speculare sulle variazioni di prezzo senza acquisire la propriet\u00e0 dell\u2019asset. Aprendo posizioni long o short potrai trarre profitto sia dai rialzi sia dai ribassi del sottostante.<\/p>\n<p>I trader che scelgono IC Markets per il Forex avranno l\u2019opportunit\u00e0 di operare su oltre 61 coppie di valute, comprendenti coppie maggiori, minori ed esotiche. L\u2019impiego della leva offre inoltre una maggiore esposizione, con il potenziale di rendere le operazioni ancora pi\u00f9 redditizie.<\/p>\n<h2 id=\"steps\"><i class=\"ico ico--account\"><\/i>Procedura di registrazione &#8211; circa 5 minuti (per il trading demo)<\/h2>\n<p>Se sei pronto a entrare in IC Markets e vuoi semplicemente dare un\u2019occhiata ai mercati, alle piattaforme e alle condizioni di trading disponibili, puoi iniziare creando rapidamente il tuo profilo su IC Markets. La procedura di registrazione permette di aprire un conto demo in pochi minuti.<\/p>\n<ol class=\"list list--steps\">\n<li>Carica la pagina di registrazione cliccando sul link Start Trading o sul pulsante Open an Account presente nella home page del broker.\n<p><img decoding=\"async\" class=\"aligncenter\" src=\"https:\/\/www.bestbrokers.com\/wp-content\/uploads\/2024\/08\/ic-markets-account-opening-1.webp\" alt=\"Registration Steps\" width=\"900\" \/><\/li>\n<li>Fornisci alcuni dati personali necessari per il tuo profilo IC Markets e passa alla fase successiva una volta completato questo passaggio.\n<p><img decoding=\"async\" class=\"aligncenter\" src=\"https:\/\/www.bestbrokers.com\/wp-content\/uploads\/2024\/08\/ic-markets-account-opening-2.webp\" alt=\"Registration Steps\" width=\"900\" \/><\/li>\n<li>Scegli il tipo di conto in base al fatto che tu intenda operare come individuo, societ\u00e0 o titolare di un conto cointestato. Inserisci quindi ulteriori dati personali per il tuo conto.\n<p><img decoding=\"async\" class=\"aligncenter\" src=\"https:\/\/www.bestbrokers.com\/wp-content\/uploads\/2024\/08\/ic-markets-account-opening-3.webp\" alt=\"Registration Steps\" width=\"900\" \/><\/li>\n<li>Configura le opzioni del tuo conto di trading selezionando la piattaforma, il tipo di conto e la valuta di base.\n<p><img decoding=\"async\" class=\"aligncenter\" src=\"https:\/\/www.bestbrokers.com\/wp-content\/uploads\/2024\/08\/ic-markets-account-opening-4.webp\" alt=\"Registration Steps\" width=\"900\" \/><\/li>\n<li>Controlla i tuoi dati personali prima di continuare con la procedura di registrazione. Scegli una domanda di sicurezza e indica la risposta; assicurati di ricordarla, perch\u00e9 in futuro potrebbe esserti richiesta per verificare la tua identit\u00e0. Leggi i termini, le condizioni e le altre politiche del broker. Procedi con la registrazione dopo aver accettato la documentazione fornita.\n<p><img decoding=\"async\" class=\"aligncenter\" src=\"https:\/\/www.bestbrokers.com\/wp-content\/uploads\/2024\/08\/ic-markets-account-opening-5.webp\" alt=\"Registration Steps\" width=\"900\" \/><\/p>\n<p><img decoding=\"async\" class=\"aligncenter\" src=\"https:\/\/www.bestbrokers.com\/wp-content\/uploads\/2024\/08\/ic-markets-account-opening-6.webp\" alt=\"Registration Steps\" width=\"900\" \/><\/p>\n<p><img decoding=\"async\" class=\"aligncenter\" src=\"https:\/\/www.bestbrokers.com\/wp-content\/uploads\/2024\/08\/ic-markets-account-opening-7.webp\" alt=\"Registration Steps\" width=\"900\" \/><\/li>\n<li>Una volta inviata la domanda di registrazione, ti verr\u00e0 chiesto di controllare la tua posta elettronica per proseguire. Cliccando sul link inviato da IC Markets ti verr\u00e0 chiesto di scegliere una password per il tuo conto.\n<p><img decoding=\"async\" class=\"aligncenter\" src=\"https:\/\/www.bestbrokers.com\/wp-content\/uploads\/2024\/08\/ic-markets-account-opening-8.webp\" alt=\"Registration Steps\" width=\"900\" \/><\/p>\n<p><img decoding=\"async\" class=\"aligncenter\" src=\"https:\/\/www.bestbrokers.com\/wp-content\/uploads\/2024\/08\/ic-markets-account-opening-9.webp\" alt=\"Registration Steps\" width=\"400\" \/><\/li>\n<li>Dopo aver impostato la password del tuo conto, sarai pronto per iniziare a fare trading con un conto demo su IC Markets.\n<p><img decoding=\"async\" class=\"aligncenter\" src=\"https:\/\/www.bestbrokers.com\/wp-content\/uploads\/2024\/08\/ic-markets-account-opening-10.webp\" alt=\"Registration Steps\" width=\"900\" \/><\/li>\n<\/ol>\n<h2 id=\"verification\"><i class=\"ico ico--approve\"><\/i>Verifica del conto &#8211; circa 10 minuti<\/h2>\n<p>Sebbene sia possibile operare con un conto demo subito dopo la creazione del profilo IC Markets, per fare trading con un Wallet Account \u00e8 necessario verificare il conto. Anche se la procedura richiede qualche passaggio in pi\u00f9, seguendo le istruzioni riportate di seguito potrai completarla in pochissimo tempo.<\/p>\n<ol class=\"list list--steps\">\n<li>Il primo passaggio consiste nel fornire informazioni sul tuo stato occupazionale e sul tuo livello di conoscenza del trading. Vengono inoltre richiesti dati finanziari per accertare che tu possa sostenere l\u2019attivit\u00e0 di trading e gestire i potenziali rischi connessi.\n<p><img decoding=\"async\" class=\"aligncenter\" src=\"https:\/\/www.bestbrokers.com\/wp-content\/uploads\/2024\/08\/ic-markets-account-opening-11.webp\" alt=\"Registration Steps\" width=\"900\" \/><\/p>\n<p><img decoding=\"async\" class=\"aligncenter\" src=\"https:\/\/www.bestbrokers.com\/wp-content\/uploads\/2024\/08\/ic-markets-account-opening-12.webp\" alt=\"Registration Steps\" width=\"900\" \/><\/p>\n<p><img decoding=\"async\" class=\"aligncenter\" src=\"https:\/\/www.bestbrokers.com\/wp-content\/uploads\/2024\/08\/ic-markets-account-opening-13.webp\" alt=\"Registration Steps\" width=\"900\" \/><\/p>\n<p><img decoding=\"async\" class=\"aligncenter\" src=\"https:\/\/www.bestbrokers.com\/wp-content\/uploads\/2024\/08\/ic-markets-account-opening-14.webp\" alt=\"Registration Steps\" width=\"900\" \/><\/p>\n<p><img decoding=\"async\" class=\"aligncenter\" src=\"https:\/\/www.bestbrokers.com\/wp-content\/uploads\/2024\/08\/ic-markets-account-opening-15.webp\" alt=\"Registration Steps\" width=\"900\" \/><\/p>\n<p><img decoding=\"async\" class=\"aligncenter\" src=\"https:\/\/www.bestbrokers.com\/wp-content\/uploads\/2024\/08\/ic-markets-account-opening-16.webp\" alt=\"Registration Steps\" width=\"900\" \/><\/li>\n<li>Il passaggio successivo del test di idoneit\u00e0 di IC Markets prevede un breve quiz di conoscenza che stabilir\u00e0 se il trading \u00e8 adatto a te o se hai bisogno di ulteriore formazione sugli aspetti operativi e sui rischi. Di seguito puoi vedere alcune delle domande proposte:\n<p><img decoding=\"async\" class=\"aligncenter\" src=\"https:\/\/www.bestbrokers.com\/wp-content\/uploads\/2024\/08\/ic-markets-account-opening-17.webp\" alt=\"Registration Steps\" width=\"900\" \/><\/p>\n<p><img decoding=\"async\" class=\"aligncenter\" src=\"https:\/\/www.bestbrokers.com\/wp-content\/uploads\/2024\/08\/ic-markets-account-opening-18.webp\" alt=\"Registration Steps\" width=\"900\" \/><\/p>\n<p><img decoding=\"async\" class=\"aligncenter\" src=\"https:\/\/www.bestbrokers.com\/wp-content\/uploads\/2024\/08\/ic-markets-account-opening-19.webp\" alt=\"Registration Steps\" width=\"900\" \/><\/p>\n<p><img decoding=\"async\" class=\"aligncenter\" src=\"https:\/\/www.bestbrokers.com\/wp-content\/uploads\/2024\/08\/ic-markets-account-opening-20.webp\" alt=\"Registration Steps\" width=\"900\" \/><\/p>\n<p><img decoding=\"async\" class=\"aligncenter\" src=\"https:\/\/www.bestbrokers.com\/wp-content\/uploads\/2024\/08\/ic-markets-account-opening-21.webp\" alt=\"Registration Steps\" width=\"900\" \/><\/li>\n<li>Dopo aver superato il questionario su conoscenze ed esperienza, ti verr\u00e0 chiesto di passare alla fase finale della verifica: caricare le foto della tua carta d\u2019identit\u00e0, passaporto o patente di guida. Dovrai inoltre inviare un documento che attesti la tua residenza.\n<p><img decoding=\"async\" class=\"aligncenter\" src=\"https:\/\/www.bestbrokers.com\/wp-content\/uploads\/2024\/08\/ic-markets-account-opening-22.webp\" alt=\"Registration Steps\" width=\"900\" \/><\/p>\n<p><img decoding=\"async\" class=\"aligncenter\" src=\"https:\/\/www.bestbrokers.com\/wp-content\/uploads\/2024\/08\/ic-markets-account-opening-23.webp\" alt=\"Registration Steps\" width=\"900\" \/><\/p>\n<p><img decoding=\"async\" class=\"aligncenter\" src=\"https:\/\/www.bestbrokers.com\/wp-content\/uploads\/2024\/08\/ic-markets-account-opening-24.webp\" alt=\"Registration Steps\" width=\"900\" \/><\/p>\n<p><img decoding=\"async\" class=\"aligncenter\" src=\"https:\/\/www.bestbrokers.com\/wp-content\/uploads\/2024\/08\/ic-markets-account-opening-25.webp\" alt=\"Registration Steps\" width=\"900\" \/><\/li>\n<\/ol>\n<h2 id=\"conclusion\"><i class=\"ico ico--pen\"><\/i>Impressioni finali<\/h2>\n<p>Se desideri registrarti su IC Markets e iniziare a fare pratica con un conto demo, potrai farlo in pochi minuti. Ricorda che dovrai fornire alcuni dati personali e confermare il tuo indirizzo email prima di completare la registrazione. Per passare al conto reale \u00e8 necessario eseguire la verifica del conto. Questa fase richiede un po\u2019 pi\u00f9 di tempo, perch\u00e9 ti verranno richieste informazioni su occupazione, situazione finanziaria ed esperienza di trading. L\u2019ultimo passaggio prevede l\u2019invio di copie di un documento d\u2019identit\u00e0 e di una bolletta o altro documento che provi la tua residenza. Pur risultando talvolta laborioso, il processo \u00e8 standard per qualunque broker affidabile che rispetti rigorosi requisiti normativi.<\/p>\n","protected":false},"excerpt":{"rendered":"<p>Tipi di conto su IC Markets Consapevole che i trader hanno obiettivi diversi, IC Markets garantisce a ogni cliente la possibilit\u00e0 di trovare un&#8217;opzione di conto su misura per le proprie preferenze. Oltre al conto demo, subito disponibile dopo la registrazione presso il broker, IC Markets offre ai clienti al dettaglio tre tipologie di conto: [&hellip;]<\/p>\n","protected":false},"author":3,"featured_media":0,"parent":6238,"menu_order":0,"comment_status":"closed","ping_status":"closed","template":"templates\/review.php","meta":{"footnotes":""},"class_list":["post-59666","page","type-page","status-publish","hentry"],"aioseo_notices":[],"_links":{"self":[{"href":"https:\/\/www.bestbrokers.com\/it\/wp-json\/wp\/v2\/pages\/59666","targetHints":{"allow":["GET"]}}],"collection":[{"href":"https:\/\/www.bestbrokers.com\/it\/wp-json\/wp\/v2\/pages"}],"about":[{"href":"https:\/\/www.bestbrokers.com\/it\/wp-json\/wp\/v2\/types\/page"}],"author":[{"embeddable":true,"href":"https:\/\/www.bestbrokers.com\/it\/wp-json\/wp\/v2\/users\/3"}],"replies":[{"embeddable":true,"href":"https:\/\/www.bestbrokers.com\/it\/wp-json\/wp\/v2\/comments?post=59666"}],"version-history":[{"count":7,"href":"https:\/\/www.bestbrokers.com\/it\/wp-json\/wp\/v2\/pages\/59666\/revisions"}],"predecessor-version":[{"id":71583,"href":"https:\/\/www.bestbrokers.com\/it\/wp-json\/wp\/v2\/pages\/59666\/revisions\/71583"}],"up":[{"embeddable":true,"href":"https:\/\/www.bestbrokers.com\/it\/wp-json\/wp\/v2\/pages\/6238"}],"wp:attachment":[{"href":"https:\/\/www.bestbrokers.com\/it\/wp-json\/wp\/v2\/media?parent=59666"}],"curies":[{"name":"wp","href":"https:\/\/api.w.org\/{rel}","templated":true}]}}