{"id":59667,"date":"2025-03-19T09:39:41","date_gmt":"2025-03-19T09:39:41","guid":{"rendered":"https:\/\/www.bestbrokers.com\/?page_id=59667"},"modified":"2025-10-21T13:35:50","modified_gmt":"2025-10-21T13:35:50","slug":"account-opening","status":"publish","type":"page","link":"https:\/\/www.bestbrokers.com\/it\/reviews\/swissquote\/account-opening\/","title":{"rendered":"Come aprire un conto con Swissquote"},"content":{"rendered":"<div class=\"author-line\">Scritto da <span class=\"author\">Naylyan Nazifova<div class=\"author-sub-box\"><div class=\"author-avatar\"><img decoding=\"async\" src=\"https:\/\/www.bestbrokers.com\/wp-content\/uploads\/2026\/04\/nnazifova.webp\" \/><\/div><div class=\"author-info-wrapper\"><div class=\"author-name\"><a href=\"https:\/\/www.bestbrokers.com\/it\/authors\/naylyan-nazifova\/\">Naylyan Nazifova<\/a><\/div><div class=\"author-bio\">Naylyan Nazifova \u00e8 un\u2019esperta riconosciuta nel campo del trading online. Ha molte pubblicazioni e analisi che coprono il trading forex, gli investimenti azionari e la finanza personale.<\/div><\/div><\/div><\/span>,  <a rel=\"nofollow\" target=\"_blank\" href=\"https:\/\/www.linkedin.com\/in\/naylian-nazifova-58562a272\/\"><img decoding=\"async\" class=\"social-icon\" src=\"https:\/\/www.bestbrokers.com\/wp-content\/themes\/best-brokers\/assets\/images\/icon-linkedin.svg\" data-no-lazy=\"1\"><\/a> <span class=\"sep\">|<\/span> Tradotto da <span class=\"author\">Luca Mele<div class=\"author-sub-box\"><div class=\"author-avatar\"><img decoding=\"async\" src=\"https:\/\/www.bestbrokers.com\/wp-content\/uploads\/2024\/09\/luca-mele.jpeg\" \/><\/div><div class=\"author-info-wrapper\"><div class=\"author-name\"><a href=\"https:\/\/www.bestbrokers.com\/it\/authors\/luca-mele\/\">Luca Mele<\/a><\/div><div class=\"author-bio\">Luca Mele \u00e8 un traduttore professionista specializzato in vari argomenti, tra cui investimenti e trading con diversi strumenti come forex, azioni, criptovalute e materie prime.<\/div><\/div><\/div><\/span>, <a rel=\"nofollow\" target=\"_blank\" href=\"https:\/\/www.linkedin.com\/in\/luca-mele\/?locale=it_IT\"><img decoding=\"async\" class=\"social-icon\" src=\"https:\/\/www.bestbrokers.com\/wp-content\/themes\/best-brokers\/assets\/images\/icon-linkedin.svg\" data-no-lazy=\"1\"><\/a> <span class=\"sep\">|<\/span> Aggiornato: <time class=\"entry-date\" datetime=\"2025-10-21T13:35:50+00:00\">Ottobre 21, 2025<\/time><\/div>\n<h2 id=\"brief\"><i class=\"ico ico--assets\"><\/i>Tipi di conto su Swissquote<\/h2>\n<p>I trader che desiderano iscriversi a Swissquote possono scegliere tra diversi tipi di conto, a partire dal conto Demo. I clienti con un conto di questo tipo possono esercitarsi a fare trading senza rischiare denaro reale, rendendolo ideale per i principianti o per chi desidera testare strategie di trading.<\/p>\n<p>Per il trading reale, Swissquote offre:<\/p>\n<ol class=\"list list--steps orange\">\n<li><strong>Premium:<\/strong> i titolari di un conto Premium usufruiscono di operazioni Forex senza commissioni, perch\u00e9 l\u2019intero costo \u00e8 incluso nello spread. I trader che hanno attivato un conto Premium possono fare trading sulle principali coppie Forex con spread a partire da 1,3 pip.<\/li>\n<li><strong>Prime:<\/strong> considerata l\u2019opzione di conto pi\u00f9 popolare tra i clienti Swissquote, questa tipologia applica zero commissioni e offre spread ancora pi\u00f9 stretti a partire da 0,6 pip.<\/li>\n<li><strong>Elite:<\/strong> infine, la versione Elite riduce gli spread fino a un minimo di 0,0 pip, con una piccola commissione di 2,50 \u20ac per lato su un\u2019operazione di un lotto.<\/li>\n<\/ol>\n<p>Tutti e tre i tipi di conto offrono la protezione dal saldo negativo, un livello di stop-out del 50% e la protezione dei depositi fino a 20.000 \u20ac. Dato che i trader al dettaglio hanno limitazioni in termini di leva disponibile, Swissquote consente di richiedere un conto professionale per accedere a rapporti di leva pi\u00f9 elevati. I trader, tuttavia, devono soddisfare determinati criteri per operare come professionisti. Inoltre, tieni presente che la disponibilit\u00e0 dei tipi di conto pu\u00f2 variare a seconda della nazione di residenza.<\/p>\n\n\t\t\t\t<div class=\"table\">\n\t\t\t\t\t<table class=\"table table-striped table-bordered\">\n\t\t\t\t\t\t<tr>\n\t\t\t\t\t\t\t<td style=\"width: 250px;\"><strong>Conto demo<\/strong><\/td>\n\t\t\t\t\t\t\t<td><img decoding=\"async\" width=\"24\" height=\"24\" src=\"\/wp-content\/themes\/best-brokers\/assets\/images\/ico-check.svg\" alt=\"Available\" \/><\/td>\n\t\t\t\t\t\t<\/tr>\n\t\t\t\t\t\t<tr>\n\t\t\t\t\t\t\t<td><strong>Islamic Account<\/strong><\/td>\n\t\t\t\t\t\t\t<td><img decoding=\"async\" width=\"24\" height=\"24\" src=\"\/wp-content\/themes\/best-brokers\/assets\/images\/ico-xmark.svg\" alt=\"Not Available\" \/><\/td>\n\t\t\t\t\t\t<\/tr>\n\t\t\t\t\t\t<tr>\n\t\t\t\t\t\t\t<td><strong>Conto ECN<\/strong><\/td>\n\t\t\t\t\t\t\t<td><img decoding=\"async\" width=\"24\" height=\"24\" src=\"\/wp-content\/themes\/best-brokers\/assets\/images\/ico-xmark.svg\" alt=\"Not Available\" \/><\/td>\n\t\t\t\t\t\t<\/tr>\n\t\t\t\t\t\t<tr>\n\t\t\t\t\t\t\t<td><strong>Conto professionale<\/strong><\/td>\n\t\t\t\t\t\t\t<td><img decoding=\"async\" width=\"24\" height=\"24\" src=\"\/wp-content\/themes\/best-brokers\/assets\/images\/ico-check.svg\" alt=\"Available\" \/><\/td>\n\t\t\t\t\t\t<\/tr>\n\t\t\t\t\t\t<tr>\n\t\t\t\t\t\t\t<td><strong>MAM Account<\/strong><\/td>\n\t\t\t\t\t\t\t<td><img decoding=\"async\" width=\"24\" height=\"24\" src=\"\/wp-content\/themes\/best-brokers\/assets\/images\/ico-check.svg\" alt=\"Available\" \/><\/td>\n\t\t\t\t\t\t<\/tr>\n\t\t\t\t\t<\/table>\n\t\t\t\t<\/div>\n\t\t\t\n<h2 id=\"deposit\"><i class=\"ico ico--money-supply\"><\/i>Requisiti di deposito minimo<\/h2>\n<p>Come gi\u00e0 accennato, se desideri iniziare a fare trading con Swissquote puoi scegliere tra tre principali tipi di conto. Il broker ha fissato in 1.000 USD il deposito necessario per attivare il tuo conto di trading. Sebbene possa sembrare un limite minimo particolarmente elevato, soprattutto rispetto ai broker che non impongono requisiti del genere, riteniamo che si tratti di un importo ragionevole. Il motivo \u00e8 che la dimensione minima dell\u2019operazione su Swissquote \u00e8 di 0,01 lotti, pari a 1.000 unit\u00e0 nella valuta base del tuo conto.<\/p>\n<h2 id=\"instruments\"><i class=\"ico ico--common-technical-analysis-tools\"><\/i>Strumenti disponibili per fare trading<\/h2>\n<p>Per soddisfare ogni esigenza, Swissquote copre un\u2019ampia gamma di mercati, che comprende coppie Forex, metalli e CFD su numerosi strumenti. Si possono trovare coppie valutarie maggiori, minori ed esotiche, con un totale di oltre 80 coppie Forex incrociate per fare trading. \u00c8 inoltre possibile fare trading su metalli preziosi in coppia con le principali valute fiat.<\/p>\n<p>Il trading di CFD \u00e8 anch\u2019esso disponibile su Swissquote, consentendo ai trader di speculare sul prezzo di numerosi asset, traendo profitto sia da posizioni short sia long. Gli strumenti CFD coprono mercati quali materie prime, indici, azioni, obbligazioni e criptovalute.<\/p>\n<h2 id=\"steps\"><i class=\"ico ico--account\"><\/i>Registrazione del conto su Swissquote &#8211; circa 10 minuti per i conti live<\/h2>\n<p>Quando ti iscrivi a Swissquote hai la possibilit\u00e0 di aprire un conto demo e iniziare immediatamente a fare trading con fondi virtuali destinati alla pratica. L\u2019apertura di un conto demo \u00e8 rapida: puoi completare la procedura in due semplici passaggi. Se invece desideri creare un conto reale, l\u2019intero processo pu\u00f2 richiedere tra 5 e 10 minuti, perch\u00e9 ti verr\u00e0 chiesto di fornire diversi dati.<\/p>\n<ol class=\"list list--steps\">\n<li>Inizia aprendo il modulo di registrazione tramite il pulsante &#8220;Sign up&#8221; e poi scegli se procedere con la creazione di un conto Demo o con un conto di trading live.<img decoding=\"async\" class=\"aligncenter\" src=\"https:\/\/www.bestbrokers.com\/wp-content\/uploads\/2025\/07\/Screenshot-23666.webp\" alt=\"Registration Steps\" width=\"900\" \/>\n<p><img decoding=\"async\" class=\"aligncenter\" src=\"https:\/\/www.bestbrokers.com\/wp-content\/uploads\/2024\/08\/swissquote-account-opening-2.webp\" alt=\"Registration Steps\" width=\"900\" \/><\/p>\n<p><img decoding=\"async\" class=\"aligncenter\" src=\"https:\/\/www.bestbrokers.com\/wp-content\/uploads\/2024\/08\/swissquote-account-opening-3.webp\" alt=\"Registration Steps\" width=\"900\" \/><\/li>\n<li>Se selezioni l\u2019opzione &#8220;Try a demo&#8221;, verrai reindirizzato a una pagina in cui dovrai fornire alcune informazioni personali di base. Una volta completato questo passaggio, il tuo conto demo sar\u00e0 pronto per le operazioni con denaro virtuale.<img decoding=\"async\" class=\"aligncenter\" src=\"https:\/\/www.bestbrokers.com\/wp-content\/uploads\/2024\/08\/swissquote-account-opening-4.webp\" alt=\"Registration Steps\" width=\"900\" \/><\/li>\n<li>Se decidi di aprire un conto di trading live, verrai indirizzato a un modulo di registrazione diverso, il cui primo passaggio prevede l\u2019inserimento di diversi dati personali.<img decoding=\"async\" class=\"aligncenter\" src=\"https:\/\/www.bestbrokers.com\/wp-content\/uploads\/2024\/08\/swissquote-account-opening-5.webp\" alt=\"Registration Steps\" width=\"900\" \/>\n<p><img decoding=\"async\" class=\"aligncenter\" src=\"https:\/\/www.bestbrokers.com\/wp-content\/uploads\/2024\/08\/swissquote-account-opening-6.webp\" alt=\"Registration Steps\" width=\"900\" \/><\/li>\n<li>Il passo successivo nella procedura di apertura del conto consiste nell\u2019indicare la tua occupazione e i tuoi obiettivi di trading. Seleziona l\u2019opzione appropriata a seconda che tu sia residente negli Stati Uniti o in un&#8217;altra nazione.<img decoding=\"async\" class=\"aligncenter\" src=\"https:\/\/www.bestbrokers.com\/wp-content\/uploads\/2024\/08\/swissquote-account-opening-7.webp\" alt=\"Registration Steps\" width=\"900\" \/>\n<p><img decoding=\"async\" class=\"aligncenter\" src=\"https:\/\/www.bestbrokers.com\/wp-content\/uploads\/2024\/08\/swissquote-account-opening-8.webp\" alt=\"Registration Steps\" width=\"900\" \/><\/li>\n<li>Dopo aver creato il tuo profilo cliente, passerai alla sezione Informazioni finanziarie, in cui dovrai fornire alcune specifiche del conto e dettagli sulla tua situazione finanziaria.<img decoding=\"async\" class=\"aligncenter\" src=\"https:\/\/www.bestbrokers.com\/wp-content\/uploads\/2024\/08\/swissquote-account-opening-9.webp\" alt=\"Registration Steps\" width=\"900\" \/><\/li>\n<li>Ti verr\u00e0 chiesto di rispondere a diverse domande che aiuteranno il broker a valutare la tua conoscenza ed esperienza nel campo del trading.<img decoding=\"async\" class=\"aligncenter\" src=\"https:\/\/www.bestbrokers.com\/wp-content\/uploads\/2024\/08\/swissquote-account-opening-10.webp\" alt=\"Registration Steps\" width=\"900\" \/><\/li>\n<li>Assicurati che i dati forniti siano corretti e compila il modulo di dichiarazione di conformit\u00e0.<img decoding=\"async\" class=\"aligncenter\" src=\"https:\/\/www.bestbrokers.com\/wp-content\/uploads\/2024\/08\/swissquote-account-opening-11.webp\" alt=\"Registration Steps\" width=\"900\" \/>\n<p><img decoding=\"async\" class=\"aligncenter\" src=\"https:\/\/www.bestbrokers.com\/wp-content\/uploads\/2024\/08\/swissquote-account-opening-12.webp\" alt=\"Registration Steps\" width=\"900\" \/><\/p>\n<p><img decoding=\"async\" class=\"aligncenter\" src=\"https:\/\/www.bestbrokers.com\/wp-content\/uploads\/2024\/08\/swissquote-account-opening-13.webp\" alt=\"Registration Steps\" width=\"900\" \/><\/li>\n<\/ol>\n<h2 id=\"verification\"><i class=\"ico ico--approve\"><\/i>Verifica del conto &#8211; circa 5 minuti<\/h2>\n<p>Una volta creato il tuo conto live, dovrai completare il processo di autenticazione di Swissquote. Questo passaggio \u00e8 necessario poich\u00e9 il broker segue rigide linee guida regolamentari, garantendo un ambiente di trading sicuro ed equo per i suoi clienti.<\/p>\n<p><img decoding=\"async\" class=\"aligncenter\" src=\"https:\/\/www.bestbrokers.com\/wp-content\/uploads\/2024\/08\/swissquote-account-opening-14.webp\" alt=\"Registration Steps\" width=\"350\" \/><\/p>\n<ol class=\"list list--steps\">\n<li>Puoi iniziare scattando una foto della tua carta d\u2019identit\u00e0 o del passaporto, consentendo al sito di accedere alla fotocamera del dispositivo. Il broker ti invier\u00e0 un codice di verifica, tramite SMS o email, per garantire una connessione pi\u00f9 sicura mentre invii le copie del documento.<img decoding=\"async\" class=\"aligncenter\" src=\"https:\/\/www.bestbrokers.com\/wp-content\/uploads\/2024\/08\/swissquote-account-opening-15.webp\" alt=\"Registration Steps\" width=\"350\" \/>\n<p><img decoding=\"async\" class=\"aligncenter\" src=\"https:\/\/www.bestbrokers.com\/wp-content\/uploads\/2024\/08\/swissquote-account-opening-16.webp\" alt=\"Registration Steps\" width=\"900\" \/><\/li>\n<li>Successivamente potrai leggere, prendere visione e firmare i tuoi contratti con Swissquote.<img decoding=\"async\" class=\"aligncenter\" src=\"https:\/\/www.bestbrokers.com\/wp-content\/uploads\/2024\/08\/swissquote-account-opening-17.webp\" alt=\"Registration Steps\" width=\"350\" \/><\/li>\n<li>Il broker richiede inoltre il caricamento di un documento che certifichi la tua residenza.<img decoding=\"async\" class=\"aligncenter\" src=\"https:\/\/www.bestbrokers.com\/wp-content\/uploads\/2024\/08\/swissquote-account-opening-18.webp\" alt=\"Registration Steps\" width=\"350\" \/><\/li>\n<li>I trader possono anche fornire eventuali documenti aggiuntivi che ritengano utili per il processo di verifica. Nonostante ci\u00f2, se hanno gi\u00e0 caricato i documenti sopra menzionati, possono saltare questo passaggio.<img decoding=\"async\" class=\"aligncenter\" src=\"https:\/\/www.bestbrokers.com\/wp-content\/uploads\/2024\/08\/swissquote-account-opening-19.webp\" alt=\"Registration Steps\" width=\"350\" \/><\/li>\n<li>Una volta inviati tutti i documenti richiesti, il team del broker li esaminer\u00e0. Potrebbero essere necessarie alcune ore per approvare la relativa richiesta di verifica del conto.<\/li>\n<\/ol>\n<h2 id=\"conclusion\"><i class=\"ico ico--pen\"><\/i>Impressioni finali<\/h2>\n<p>La creazione di un conto live con Swissquote richiede sicuramente pi\u00f9 tempo rispetto all\u2019apertura di un conto demo. Per poter completare il profilo con il broker dovrai rispondere a diverse domande di carattere finanziario e professionale, nonch\u00e9 fornire informazioni sulla tua esperienza e conoscenza del trading. Una volta configurato il profilo, dovrai inoltre superare la procedura di verifica. Si tratta di una prassi normale, perch\u00e9 Swissquote segue le rigorose linee guida KYC imposte da autorit\u00e0 di primo livello come la Cyprus Securities and Exchange Commission (CySEC).<\/p>\n","protected":false},"excerpt":{"rendered":"<p>Tipi di conto su Swissquote I trader che desiderano iscriversi a Swissquote possono scegliere tra diversi tipi di conto, a partire dal conto Demo. I clienti con un conto di questo tipo possono esercitarsi a fare trading senza rischiare denaro reale, rendendolo ideale per i principianti o per chi desidera testare strategie di trading. Per [&hellip;]<\/p>\n","protected":false},"author":3,"featured_media":0,"parent":6244,"menu_order":0,"comment_status":"closed","ping_status":"closed","template":"templates\/review.php","meta":{"footnotes":""},"class_list":["post-59667","page","type-page","status-publish","hentry"],"aioseo_notices":[],"_links":{"self":[{"href":"https:\/\/www.bestbrokers.com\/it\/wp-json\/wp\/v2\/pages\/59667","targetHints":{"allow":["GET"]}}],"collection":[{"href":"https:\/\/www.bestbrokers.com\/it\/wp-json\/wp\/v2\/pages"}],"about":[{"href":"https:\/\/www.bestbrokers.com\/it\/wp-json\/wp\/v2\/types\/page"}],"author":[{"embeddable":true,"href":"https:\/\/www.bestbrokers.com\/it\/wp-json\/wp\/v2\/users\/3"}],"replies":[{"embeddable":true,"href":"https:\/\/www.bestbrokers.com\/it\/wp-json\/wp\/v2\/comments?post=59667"}],"version-history":[{"count":8,"href":"https:\/\/www.bestbrokers.com\/it\/wp-json\/wp\/v2\/pages\/59667\/revisions"}],"predecessor-version":[{"id":71577,"href":"https:\/\/www.bestbrokers.com\/it\/wp-json\/wp\/v2\/pages\/59667\/revisions\/71577"}],"up":[{"embeddable":true,"href":"https:\/\/www.bestbrokers.com\/it\/wp-json\/wp\/v2\/pages\/6244"}],"wp:attachment":[{"href":"https:\/\/www.bestbrokers.com\/it\/wp-json\/wp\/v2\/media?parent=59667"}],"curies":[{"name":"wp","href":"https:\/\/api.w.org\/{rel}","templated":true}]}}