{"id":59668,"date":"2025-03-19T09:39:41","date_gmt":"2025-03-19T09:39:41","guid":{"rendered":"https:\/\/www.bestbrokers.com\/?page_id=59668"},"modified":"2025-10-21T13:35:52","modified_gmt":"2025-10-21T13:35:52","slug":"account-opening","status":"publish","type":"page","link":"https:\/\/www.bestbrokers.com\/it\/reviews\/xm\/account-opening\/","title":{"rendered":"Come aprire un conto con XM"},"content":{"rendered":"<div class=\"author-line\">Scritto da <span class=\"author\">Naylyan Nazifova<div class=\"author-sub-box\"><div class=\"author-info-wrapper\"><div class=\"author-name\"><a href=\"https:\/\/www.bestbrokers.com\/it\/authors\/naylyan-nazifova\/\">Naylyan Nazifova<\/a><\/div><div class=\"author-bio\">Naylyan Nazifova \u00e8 un\u2019esperta riconosciuta nel campo del trading online. Ha molte pubblicazioni e analisi che coprono il trading forex, gli investimenti azionari e la finanza personale.<\/div><\/div><\/div><\/span>,  <a rel=\"nofollow\" target=\"_blank\" href=\"https:\/\/www.linkedin.com\/in\/naylian-nazifova-58562a272\/\"><img decoding=\"async\" class=\"social-icon\" src=\"https:\/\/www.bestbrokers.com\/wp-content\/themes\/best-brokers\/assets\/images\/icon-linkedin.svg\" data-no-lazy=\"1\"><\/a> <span class=\"sep\">|<\/span> Tradotto da <span class=\"author\">Luca Mele<div class=\"author-sub-box\"><div class=\"author-avatar\"><img decoding=\"async\" src=\"https:\/\/www.bestbrokers.com\/wp-content\/uploads\/2024\/09\/luca-mele.jpeg\" \/><\/div><div class=\"author-info-wrapper\"><div class=\"author-name\"><a href=\"https:\/\/www.bestbrokers.com\/it\/authors\/luca-mele\/\">Luca Mele<\/a><\/div><div class=\"author-bio\">Luca Mele \u00e8 un traduttore professionista specializzato in vari argomenti, tra cui investimenti e trading con diversi strumenti come forex, azioni, criptovalute e materie prime.<\/div><\/div><\/div><\/span>, <a rel=\"nofollow\" target=\"_blank\" href=\"https:\/\/www.linkedin.com\/in\/luca-mele\/?locale=it_IT\"><img decoding=\"async\" class=\"social-icon\" src=\"https:\/\/www.bestbrokers.com\/wp-content\/themes\/best-brokers\/assets\/images\/icon-linkedin.svg\" data-no-lazy=\"1\"><\/a> <span class=\"sep\">|<\/span> Aggiornato: <time class=\"entry-date\" datetime=\"2025-10-21T13:35:52+00:00\">Ottobre 21, 2025<\/time><\/div>\n<h2 id=\"brief\"><i class=\"ico ico--assets\"><\/i>Tipi di conto su XM<\/h2>\n<p>Se desideri provare l&#8217;esperienza di trading su XM, puoi aprire un conto Demo, operazione che richiede solo un paio di minuti. Nel frattempo, chi \u00e8 pronto a fare trading con fondi reali pu\u00f2 scegliere una delle opzioni di conto live di XM.<\/p>\n<p>Su XM, i trader possono scegliere fra due tipi di conto, ciascuno adatto a obiettivi e preferenze di trading differenti.<\/p>\n<ul class=\"list-checks\">\n<li><strong>Ultra Low:<\/strong> si tratta di un&#8217;opzione conveniente per i principianti, in quanto supporta il trading con micro lotti. Il conto Ultra Low offre inoltre la possibilit\u00e0 di operare senza swap a chi non pu\u00f2 pagare o ricevere interessi. Infine, questo tipo di conto non applica commissioni, perch\u00e9 il costo \u00e8 interamente incluso nello spread. Utilizzando questa tipologia di conto puoi fare trading sulle principali coppie valutarie con spread a partire da 0,8 pip.<\/li>\n<li><strong>Zero:<\/strong> se sei interessato a un trading pi\u00f9 avanzato, il conto Zero pu\u00f2 rappresentare una soluzione valida. Pur non supportando i micro lotti, questo tipo di conto offre costi di trading ridotti, con spread sulle principali coppie a partire da 0,0 pip. \u00c8 prevista una piccola commissione di 3,50 USD per lato per lotto di trading. Tieni per\u00f2 presente che il trading senza swap non \u00e8 disponibile per i titolari di conto Zero.<\/li>\n<\/ul>\n<p>Vale la pena precisare che, a seconda della nazione di residenza, potresti avere accesso a ulteriori tipi di conto. I trader europei hanno un limite di leva fino a 1:30 sulle coppie Forex, limite valido sia per i conti Ultra Low sia per quelli Zero. Nonostante ci\u00f2, i trader che rispettano determinati requisiti possono richiedere un conto professionale, il quale consente di operare con leve sensibilmente pi\u00f9 elevate.<\/p>\n\n\t\t\t\t<div class=\"table\">\n\t\t\t\t\t<table class=\"table table-striped table-bordered\">\n\t\t\t\t\t\t<tr>\n\t\t\t\t\t\t\t<td style=\"width: 250px;\"><strong>Conto demo<\/strong><\/td>\n\t\t\t\t\t\t\t<td><img decoding=\"async\" width=\"24\" height=\"24\" src=\"\/wp-content\/themes\/best-brokers\/assets\/images\/ico-check.svg\" alt=\"Available\" \/><\/td>\n\t\t\t\t\t\t<\/tr>\n\t\t\t\t\t\t<tr>\n\t\t\t\t\t\t\t<td><strong>Islamic Account<\/strong><\/td>\n\t\t\t\t\t\t\t<td><img decoding=\"async\" width=\"24\" height=\"24\" src=\"\/wp-content\/themes\/best-brokers\/assets\/images\/ico-check.svg\" alt=\"Available\" \/><\/td>\n\t\t\t\t\t\t<\/tr>\n\t\t\t\t\t\t<tr>\n\t\t\t\t\t\t\t<td><strong>Conto ECN<\/strong><\/td>\n\t\t\t\t\t\t\t<td><img decoding=\"async\" width=\"24\" height=\"24\" src=\"\/wp-content\/themes\/best-brokers\/assets\/images\/ico-xmark.svg\" alt=\"Not Available\" \/><\/td>\n\t\t\t\t\t\t<\/tr>\n\t\t\t\t\t\t<tr>\n\t\t\t\t\t\t\t<td><strong>Conto professionale<\/strong><\/td>\n\t\t\t\t\t\t\t<td><img decoding=\"async\" width=\"24\" height=\"24\" src=\"\/wp-content\/themes\/best-brokers\/assets\/images\/ico-xmark.svg\" alt=\"Not Available\" \/><\/td>\n\t\t\t\t\t\t<\/tr>\n\t\t\t\t\t\t<tr>\n\t\t\t\t\t\t\t<td><strong>MAM Account<\/strong><\/td>\n\t\t\t\t\t\t\t<td><img decoding=\"async\" width=\"24\" height=\"24\" src=\"\/wp-content\/themes\/best-brokers\/assets\/images\/ico-xmark.svg\" alt=\"Not Available\" \/><\/td>\n\t\t\t\t\t\t<\/tr>\n\t\t\t\t\t<\/table>\n\t\t\t\t<\/div>\n\t\t\t\n<h2 id=\"deposit\"><i class=\"ico ico--money-supply\"><\/i>Requisiti di deposito minimo del conto<\/h2>\n<p>Indipendentemente dal tipo di conto che desideri aprire su XM, il deposito minimo richiesto \u00e8 di 5 USD. Si tratta di una soglia estremamente accessibile, che permette ai clienti di scegliere tra diversi metodi di pagamento per finanziare il proprio conto di trading. Quando si passa all\u2019operativit\u00e0 reale, tuttavia, occorre ricordare che 5 USD non sono affatto sufficienti per aprire un ordine. Anche operando con micro lotti, un\u2019operazione di 0,01 lotti corrisponde a un ordine di 1.000 unit\u00e0 della valuta base. Per questo motivo consigliamo di effettuare depositi pi\u00f9 consistenti in modo da finanziare il conto con importi adeguati.<\/p>\n<h2 id=\"instruments\"><i class=\"ico ico--common-technical-analysis-tools\"><\/i>Strumenti disponibili per fare trading<\/h2>\n<p>Su XM i trader hanno la possibilit\u00e0 di esplorare un\u2019ampia variet\u00e0 di mercati per fare trading: le popolari piattaforme MT4, MT5 e l\u2019app XM offrono l\u2019accesso a numerosi strumenti Forex e CFD. Se preferisci operare sulle coppie valutarie, potrai ottenere un\u2019elevata esposizione di mercato e fare trading su oltre 50 coppie incrociate. Gli strumenti CFD disponibili su XM superano invece i 1.400 asset, consentendo di aprire posizioni sia short sia long e di trarre profitto indipendentemente dalla direzione dei prezzi degli asset sottostanti.<\/p>\n<p>Oltre al Forex, i mercati coperti dal broker comprendono materie prime, CFD su azioni, metalli preziosi, indici tematici, indici azionari ed energie. Qualunque sia la piattaforma scelta per le tue operazioni, potrai contare su un\u2019eccellente esposizione al mercato.<\/p>\n<h2 id=\"steps\"><i class=\"ico ico--account\"><\/i>Registrazione del conto su XM &#8211; circa 2 minuti (conto demo)<\/h2>\n<p>Se sei pronto a entrare su XM e desideri aprire un conto Demo per esercitarti nel trading, puoi configurare il tuo profilo in meno di 2 minuti. L\u2019intera procedura \u00e8 estremamente semplice e richiede pochissimi passaggi.<\/p>\n<ol class=\"list list--steps\">\n<li>Inizia aprendo la pagina di registrazione tramite il pulsante &#8220;Get Started&#8221; nella home page del broker.\n<p><img decoding=\"async\" class=\"aligncenter\" src=\"https:\/\/www.bestbrokers.com\/wp-content\/uploads\/2024\/08\/xm-account-opening-1.webp\" alt=\"Registration Steps\" width=\"900\" \/><\/li>\n<li>Seleziona la tua nazione di residenza e inserisci email e password, che userai per accedere al tuo profilo XM. Fai clic su &#8220;Register&#8221;.\n<p><img decoding=\"async\" class=\"aligncenter\" src=\"https:\/\/www.bestbrokers.com\/wp-content\/uploads\/2024\/08\/xm-account-opening-2.webp\" alt=\"Registration Steps\" width=\"900\" \/><\/li>\n<li>Procedi verificando la tua email facendo clic sul link di XM che hai ricevuto nella casella di posta.\n<p><img decoding=\"async\" class=\"aligncenter\" src=\"https:\/\/www.bestbrokers.com\/wp-content\/uploads\/2024\/08\/xm-account-opening-3.webp\" alt=\"Registration Steps\" width=\"350\" \/><\/p>\n<p><img decoding=\"async\" class=\"aligncenter\" src=\"https:\/\/www.bestbrokers.com\/wp-content\/uploads\/2024\/08\/xm-account-opening-4.webp\" alt=\"Registration Steps\" width=\"350\" \/><\/p>\n<p><img decoding=\"async\" class=\"aligncenter\" src=\"https:\/\/www.bestbrokers.com\/wp-content\/uploads\/2024\/08\/xm-account-opening-5.webp\" alt=\"Registration Steps\" width=\"350\" \/><\/li>\n<li>Una volta confermata la tua e-mail potrai iniziare a esplorare le condizioni di trading su XM con un conto Demo. Se invece desideri operare con denaro reale dovrai verificare il tuo conto.\n<p><img decoding=\"async\" class=\"aligncenter\" src=\"https:\/\/www.bestbrokers.com\/wp-content\/uploads\/2024\/08\/xm-account-opening-6.webp\" alt=\"Registration Steps\" width=\"900\" \/><\/li>\n<\/ol>\n<h2 id=\"verification\"><i class=\"ico ico--approve\"><\/i>Verifica del conto &#8211; circa 8-10 minuti<\/h2>\n<p>L\u2019apertura di un conto live su XM richiede pochi e semplici passaggi di verifica. Sebbene la procedura possa essere leggermente pi\u00f9 lunga rispetto alla sola registrazione presso il broker, seguendo le istruzioni riportate di seguito potrai ridurre sensibilmente il tempo necessario per creare il tuo conto live.<\/p>\n<ol class=\"list list--steps\">\n<li>Comincia fornendo alcuni dati personali per completare il tuo profilo XM.\n<p><img decoding=\"async\" class=\"aligncenter\" src=\"https:\/\/www.bestbrokers.com\/wp-content\/uploads\/2024\/08\/xm-account-opening-7.webp\" alt=\"Registration Steps\" width=\"900\" \/><\/li>\n<li>La sezione successiva, dedicata ai dati personali, richiede di specificare alcune informazioni fiscali.\n<p><img decoding=\"async\" class=\"aligncenter\" src=\"https:\/\/www.bestbrokers.com\/wp-content\/uploads\/2024\/08\/xm-account-opening-8.webp\" alt=\"Registration Steps\" width=\"900\" \/><\/li>\n<li>Dovrai inoltre indicare la tua nazionalit\u00e0 per proseguire con la verifica del conto.\n<p><img decoding=\"async\" class=\"aligncenter\" src=\"https:\/\/www.bestbrokers.com\/wp-content\/uploads\/2024\/08\/xm-account-opening-9.webp\" alt=\"Registration Steps\" width=\"900\" \/><\/li>\n<li>Una volta inserite tutte le informazioni personali richieste dal broker, potrai proseguire con i dati finanziari. La creazione del tuo profilo investitore su XM prevede la risposta a qualche domanda, come illustrato di seguito:\n<p><img decoding=\"async\" class=\"aligncenter\" src=\"https:\/\/www.bestbrokers.com\/wp-content\/uploads\/2024\/08\/xm-account-opening-10.webp\" alt=\"Registration Steps\" width=\"900\" \/><br \/>\n<img decoding=\"async\" class=\"aligncenter\" src=\"https:\/\/www.bestbrokers.com\/wp-content\/uploads\/2024\/08\/xm-account-opening-11.webp\" alt=\"Registration Steps\" width=\"900\" \/><br \/>\n<img decoding=\"async\" class=\"aligncenter\" src=\"https:\/\/www.bestbrokers.com\/wp-content\/uploads\/2024\/08\/xm-account-opening-12.webp\" alt=\"Registration Steps\" width=\"900\" \/><br \/>\n<img decoding=\"async\" class=\"aligncenter\" src=\"https:\/\/www.bestbrokers.com\/wp-content\/uploads\/2024\/08\/xm-account-opening-13.webp\" alt=\"Registration Steps\" width=\"900\" \/><\/li>\n<li>L\u2019ultimo passaggio della verifica consiste nell\u2019inviare le foto dei documenti che attestano la tua identit\u00e0 e la tua residenza. Per questa fase ti verr\u00e0 chiesto di concedere l\u2019accesso alla fotocamera del dispositivo, cos\u00ec da completare la verifica del conto in pochi istanti.\n<p><img decoding=\"async\" class=\"aligncenter\" src=\"https:\/\/www.bestbrokers.com\/wp-content\/uploads\/2024\/08\/xm-account-opening-14.webp\" alt=\"Registration Steps\" width=\"900\" \/><\/p>\n<p><img decoding=\"async\" class=\"aligncenter\" src=\"https:\/\/www.bestbrokers.com\/wp-content\/uploads\/2024\/08\/xm-account-opening-15.webp\" alt=\"Registration Steps\" width=\"350\" \/><\/p>\n<p><img decoding=\"async\" class=\"aligncenter\" src=\"https:\/\/www.bestbrokers.com\/wp-content\/uploads\/2024\/08\/xm-account-opening-16.webp\" alt=\"Registration Steps\" width=\"350\" \/><\/p>\n<p><img decoding=\"async\" class=\"aligncenter\" src=\"https:\/\/www.bestbrokers.com\/wp-content\/uploads\/2024\/08\/xm-account-opening-17.webp\" alt=\"Registration Steps\" width=\"900\" \/><\/li>\n<li>Una volta caricati tutti i documenti, la richiesta di verifica sar\u00e0 inviata al team di XM per la valutazione.<\/li>\n<\/ol>\n<h2 id=\"conclusion\"><i class=\"ico ico--pen\"><\/i>Impressioni finali<\/h2>\n<p>Il processo di registrazione su XM \u00e8 semplice e rapido, soprattutto se desideri iniziare esplorando il broker con un conto Demo. Anche qualora decidessi di attivare un conto live, potrai completare la verifica obbligatoria in meno di 10 minuti. Nonostante sia necessario fornire alcune informazioni finanziarie e caricare documenti per confermare la tua identit\u00e0, puoi stare certo che ci\u00f2 avviene a tua tutela, perch\u00e9 XM adotta rigorose procedure KYC (Know Your Customer) imposte da autorit\u00e0 di vigilanza di prim\u2019ordine.<\/p>\n","protected":false},"excerpt":{"rendered":"<p>Tipi di conto su XM Se desideri provare l&#8217;esperienza di trading su XM, puoi aprire un conto Demo, operazione che richiede solo un paio di minuti. Nel frattempo, chi \u00e8 pronto a fare trading con fondi reali pu\u00f2 scegliere una delle opzioni di conto live di XM. Su XM, i trader possono scegliere fra due [&hellip;]<\/p>\n","protected":false},"author":3,"featured_media":0,"parent":2448,"menu_order":0,"comment_status":"closed","ping_status":"closed","template":"templates\/review.php","meta":{"footnotes":""},"class_list":["post-59668","page","type-page","status-publish","hentry"],"aioseo_notices":[],"_links":{"self":[{"href":"https:\/\/www.bestbrokers.com\/it\/wp-json\/wp\/v2\/pages\/59668","targetHints":{"allow":["GET"]}}],"collection":[{"href":"https:\/\/www.bestbrokers.com\/it\/wp-json\/wp\/v2\/pages"}],"about":[{"href":"https:\/\/www.bestbrokers.com\/it\/wp-json\/wp\/v2\/types\/page"}],"author":[{"embeddable":true,"href":"https:\/\/www.bestbrokers.com\/it\/wp-json\/wp\/v2\/users\/3"}],"replies":[{"embeddable":true,"href":"https:\/\/www.bestbrokers.com\/it\/wp-json\/wp\/v2\/comments?post=59668"}],"version-history":[{"count":7,"href":"https:\/\/www.bestbrokers.com\/it\/wp-json\/wp\/v2\/pages\/59668\/revisions"}],"predecessor-version":[{"id":71600,"href":"https:\/\/www.bestbrokers.com\/it\/wp-json\/wp\/v2\/pages\/59668\/revisions\/71600"}],"up":[{"embeddable":true,"href":"https:\/\/www.bestbrokers.com\/it\/wp-json\/wp\/v2\/pages\/2448"}],"wp:attachment":[{"href":"https:\/\/www.bestbrokers.com\/it\/wp-json\/wp\/v2\/media?parent=59668"}],"curies":[{"name":"wp","href":"https:\/\/api.w.org\/{rel}","templated":true}]}}