{"id":59669,"date":"2025-03-19T09:39:41","date_gmt":"2025-03-19T09:39:41","guid":{"rendered":"https:\/\/www.bestbrokers.com\/?page_id=59669"},"modified":"2025-10-21T13:35:42","modified_gmt":"2025-10-21T13:35:42","slug":"account-opening","status":"publish","type":"page","link":"https:\/\/www.bestbrokers.com\/it\/reviews\/fxtm\/account-opening\/","title":{"rendered":"Come aprire un conto con FXTM"},"content":{"rendered":"<div class=\"author-line\">Scritto da <span class=\"author\">Naylyan Nazifova<div class=\"author-sub-box\"><div class=\"author-avatar\"><img decoding=\"async\" src=\"https:\/\/www.bestbrokers.com\/wp-content\/uploads\/2026\/04\/nnazifova.webp\" \/><\/div><div class=\"author-info-wrapper\"><div class=\"author-name\"><a href=\"https:\/\/www.bestbrokers.com\/it\/authors\/naylyan-nazifova\/\">Naylyan Nazifova<\/a><\/div><div class=\"author-bio\">Naylyan Nazifova \u00e8 un\u2019esperta riconosciuta nel campo del trading online. Ha molte pubblicazioni e analisi che coprono il trading forex, gli investimenti azionari e la finanza personale.<\/div><\/div><\/div><\/span>,  <a rel=\"nofollow\" target=\"_blank\" href=\"https:\/\/www.linkedin.com\/in\/naylian-nazifova-58562a272\/\"><img decoding=\"async\" class=\"social-icon\" src=\"https:\/\/www.bestbrokers.com\/wp-content\/themes\/best-brokers\/assets\/images\/icon-linkedin.svg\" data-no-lazy=\"1\"><\/a> <span class=\"sep\">|<\/span> Tradotto da <span class=\"author\">Luca Mele<div class=\"author-sub-box\"><div class=\"author-avatar\"><img decoding=\"async\" src=\"https:\/\/www.bestbrokers.com\/wp-content\/uploads\/2024\/09\/luca-mele.jpeg\" \/><\/div><div class=\"author-info-wrapper\"><div class=\"author-name\"><a href=\"https:\/\/www.bestbrokers.com\/it\/authors\/luca-mele\/\">Luca Mele<\/a><\/div><div class=\"author-bio\">Luca Mele \u00e8 un traduttore professionista specializzato in vari argomenti, tra cui investimenti e trading con diversi strumenti come forex, azioni, criptovalute e materie prime.<\/div><\/div><\/div><\/span>, <a rel=\"nofollow\" target=\"_blank\" href=\"https:\/\/www.linkedin.com\/in\/luca-mele\/?locale=it_IT\"><img decoding=\"async\" class=\"social-icon\" src=\"https:\/\/www.bestbrokers.com\/wp-content\/themes\/best-brokers\/assets\/images\/icon-linkedin.svg\" data-no-lazy=\"1\"><\/a> <span class=\"sep\">|<\/span> Aggiornato: <time class=\"entry-date\" datetime=\"2025-10-21T13:35:42+00:00\">Ottobre 21, 2025<\/time><\/div>\n<h2 id=\"brief\"><i class=\"ico ico--assets\"><\/i>Tipologie di conto su FXTM<\/h2>\n<p>FXTM offre tre tipologie di conto di trading, consentendo ai clienti di confrontarle e scegliere quella pi\u00f9 adatta alla loro esperienza, ai loro obiettivi e al loro budget. Il <strong>conto Advantage<\/strong> presenta spread a partire da 0,0 pip e una commissione di 3,5 $ per lotto di trading sul Forex. Oltre alle valute, la gamma di strumenti per fare trading con questo tipo di conto comprende metalli spot, CFD su indici, CFD su materie prime, CFD su criptovalute, CFD su azioni ed ETF (gli ultimi due disponibili solo sulla piattaforma MT5).<\/p>\n<p>Il secondo tipo di conto, <strong>Advantage Plus<\/strong>, prevede spread pi\u00f9 ampi a partire da 1,5 pip e zero commissioni. La gamma di strumenti per fare trading \u00e8 la stessa del conto Advantage, con CFD su azioni ed ETF disponibili esclusivamente sulla piattaforma MT5.<\/p>\n<p>La terza opzione, <strong>Advantage Stocks<\/strong>, prevede spread da 6 centesimi e zero commissioni. Come suggerisce il nome, le azioni sono gli unici strumenti disponibili. I primi due tipi di conto consentono il trading con leva, mentre il terzo \u00e8 senza leva.<\/p>\n<p>FXTM fornisce un confronto dettagliato delle tre tipologie di conto e informazioni su requisiti di deposito minimo, spread, commissioni, strumenti per fare trading, valute supportate e volume minimo e massimo di trading. I conti Advantage e Advantage Plus offrono un&#8217;opzione senza swap, rendendoli adatti ai trader musulmani. Inoltre, il broker mette a disposizione un conto demo, che offre un ambiente di trading simulato e la possibilit\u00e0 di esplorare diversi mercati senza rischiare fondi reali.<\/p>\n<p>Il processo di apertura di un conto con FXTM \u00e8 snello e semplice da completare. I clienti possono contare su un&#8217;assistenza reattiva e professionale per creazione del profilo FXTM, scelta del tipo di conto, finanziamento del conto di trading, accesso alla piattaforma MT ed esecuzione della prima operazione.<\/p>\n\n\t\t\t\t<div class=\"table\">\n\t\t\t\t\t<table class=\"table table-striped table-bordered\">\n\t\t\t\t\t\t<tr>\n\t\t\t\t\t\t\t<td style=\"width: 250px;\"><strong>Conto demo<\/strong><\/td>\n\t\t\t\t\t\t\t<td><img decoding=\"async\" width=\"24\" height=\"24\" src=\"\/wp-content\/themes\/best-brokers\/assets\/images\/ico-check.svg\" alt=\"Available\" \/><\/td>\n\t\t\t\t\t\t<\/tr>\n\t\t\t\t\t\t<tr>\n\t\t\t\t\t\t\t<td><strong>Islamic Account<\/strong><\/td>\n\t\t\t\t\t\t\t<td><img decoding=\"async\" width=\"24\" height=\"24\" src=\"\/wp-content\/themes\/best-brokers\/assets\/images\/ico-check.svg\" alt=\"Available\" \/><\/td>\n\t\t\t\t\t\t<\/tr>\n\t\t\t\t\t\t<tr>\n\t\t\t\t\t\t\t<td><strong>Conto ECN<\/strong><\/td>\n\t\t\t\t\t\t\t<td><img decoding=\"async\" width=\"24\" height=\"24\" src=\"\/wp-content\/themes\/best-brokers\/assets\/images\/ico-xmark.svg\" alt=\"Not Available\" \/><\/td>\n\t\t\t\t\t\t<\/tr>\n\t\t\t\t\t\t<tr>\n\t\t\t\t\t\t\t<td><strong>Conto professionale<\/strong><\/td>\n\t\t\t\t\t\t\t<td><img decoding=\"async\" width=\"24\" height=\"24\" src=\"\/wp-content\/themes\/best-brokers\/assets\/images\/ico-check.svg\" alt=\"Available\" \/><\/td>\n\t\t\t\t\t\t<\/tr>\n\t\t\t\t\t\t<tr>\n\t\t\t\t\t\t\t<td><strong>MAM Account<\/strong><\/td>\n\t\t\t\t\t\t\t<td><img decoding=\"async\" width=\"24\" height=\"24\" src=\"\/wp-content\/themes\/best-brokers\/assets\/images\/ico-xmark.svg\" alt=\"Not Available\" \/><\/td>\n\t\t\t\t\t\t<\/tr>\n\t\t\t\t\t<\/table>\n\t\t\t\t<\/div>\n\t\t\t\n<h2 id=\"deposit\"><i class=\"ico ico--money-supply\"><\/i>Requisiti di deposito minimo su FXTM<\/h2>\n<p>Il requisito di deposito minimo per le tre tipologie di conto di FXTM, Advantage, Advantage Plus e Advantage Stocks, \u00e8 pari a 200 $, 200 \u20ac o 200 \u00a3. Sebbene la soglia minima sia identica per le tre opzioni, le condizioni di trading sono diverse.<\/p>\n<p>Il conto Advantage offre spread a partire da 0,0 pip e una commissione di 3,5 $ per lotto di trading sul Forex. Il conto Advantage Plus prevede spread leggermente pi\u00f9 ampi a partire da 1,5 pip e zero commissioni su tutti gli strumenti. Il conto Advantage Stocks prevede anch&#8217;esso zero commissioni sulle azioni e spread a partire da 6 centesimi. Il volume minimo per ordine \u00e8 di 0,01 lotti per tutti e tre i conti; il massimo \u00e8 di 100 lotti per Advantage e Advantage Plus, mentre \u00e8 illimitato per Advantage Stocks.<\/p>\n<p>I trader devono considerare che il broker applica una commissione fissa di 3 $ su tutti i depositi e prelievi inferiori a 30 $, o equivalente in altra valuta.<\/p>\n<h2 id=\"instruments\"><i class=\"ico ico--common-technical-analysis-tools\"><\/i>Strumenti disponibili per fare trading<\/h2>\n<p>Il portafoglio di trading di FXTM comprende oltre 1.000 strumenti con esecuzione fulminea. I principali mercati supportati dal broker includono Forex, metalli spot, azioni, CFD su azioni, materie prime, indici, ETF e criptovalute. La loro disponibilit\u00e0 pu\u00f2 variare a seconda della giurisdizione e del quadro normativo locale.<\/p>\n<p>Per quanto riguarda il Forex, FXTM offre oltre 60 coppie di valute, comprese coppie maggiori, minori ed esotiche. I trader possono inoltre sfruttare le variazioni di prezzo dei metalli preziosi, come oro e argento, disponibili per fare trading contro valute quali EUR, USD e GBP. Anche le azioni offrono opportunit\u00e0 interessanti derivanti dai movimenti di prezzo dei titoli di marchi popolari come Facebook, Apple e Tesla. \u00c8 possibile aprire posizioni long e short sui prezzi delle azioni di diverse societ\u00e0 quotate sulle principali borse.<\/p>\n<p>L&#8217;offerta di FXTM comprende il trading di materie prime come gas naturale, Brent e petrolio greggio. Il trading sugli indici azionari rappresenta un&#8217;ulteriore opportunit\u00e0, esponendo i trader alle variazioni di prezzo di un intero paniere di titoli. Infine, il mercato delle criptovalute, caratterizzato da oscillazioni di prezzo senza pari, attira chi desidera speculare sui movimenti di Bitcoin, Ripple, Ethereum e altri asset.<\/p>\n<p>Il broker ha integrato le piattaforme pi\u00f9 popolari del settore, MetaTrader 4 e MetaTrader 5, dotate di grafici e strumenti che aiutano i trader a operare al meglio e a migliorare le proprie competenze. Gli strumenti a disposizione dei trader CFD includono calcolatrice per pip, calendario economico, calcolatori di rischio e profitto e segnali di trading, tutti pensati per sfruttare al massimo le opportunit\u00e0 di mercato.<\/p>\n<h2 id=\"steps\"><i class=\"ico ico--account\"><\/i>Procedura di registrazione su FXTM &#8211; circa 5 minuti<\/h2>\n<ol class=\"list list--steps\">\n<li>Per avviare la procedura di registrazione su FXTM, i trader devono cliccare sul pulsante &#8220;Open Account&#8221; nell\u2019angolo in alto a destra del sito.<img decoding=\"async\" class=\"aligncenter\" src=\"https:\/\/www.bestbrokers.com\/wp-content\/uploads\/2025\/02\/fxtm-registration-1-1.webp\" alt=\"FXTM Registration Step 1\" \/><\/li>\n<li>\u00c8 necessario compilare un modulo di registrazione con nome e cognome, nazione di residenza, numero di cellulare, email e password. I clienti devono inoltre indicare la modalit\u00e0 preferita per la verifica del conto: tramite SMS ed email oppure via WhatsApp.<img decoding=\"async\" class=\"aligncenter\" src=\"https:\/\/www.bestbrokers.com\/wp-content\/uploads\/2025\/02\/fxtm-registration-2-1.webp\" alt=\"FXTM Registration Step 2\" \/><\/li>\n<li>Il passo successivo consiste nello scegliere il tipo di conto (Advantage, Advantage Stocks o Advantage Plus) in base alle proprie preferenze. I trader possono iniziare con un conto demo, disponibile per i conti Advantage e Advantage Plus.<img decoding=\"async\" class=\"aligncenter\" src=\"https:\/\/www.bestbrokers.com\/wp-content\/uploads\/2025\/02\/fxtm-registration-3-1.webp\" alt=\"FXTM Registration Step 3\" \/><\/li>\n<li>Scelta la tipologia di conto, i trader devono compilare il modulo di richiesta. I dati richiesti comprendono genere, data di nascita, settore di attivit\u00e0, livello di anzianit\u00e0, cittadinanza, codice fiscale, citt\u00e0, indirizzo completo e origine dei fondi.<img decoding=\"async\" class=\"aligncenter\" src=\"https:\/\/www.bestbrokers.com\/wp-content\/uploads\/2025\/02\/fxtm-registration-4-1.webp\" alt=\"FXTM Registration Step 4\" \/><\/li>\n<li>Successivamente, \u00e8 necessario scegliere la valuta del conto (EUR, USD o GBP), il livello di leva preferito e la password.<img decoding=\"async\" class=\"aligncenter\" src=\"https:\/\/www.bestbrokers.com\/wp-content\/uploads\/2025\/02\/fxtm-registration-5-1.webp\" alt=\"FXTM Registration Step 5\" \/><\/li>\n<li>Quando il nuovo conto di trading \u00e8 attivo, i trader possono depositare fino a 10.000 $ prima della verifica del conto. I metodi di deposito supportati includono wallet elettronici (Skrill e Neteller) e diverse criptovalute (Tether, BTC, ETH, TRX e altre). I metodi di pagamento disponibili possono variare in base alla nazione di residenza.<img decoding=\"async\" class=\"aligncenter\" src=\"https:\/\/www.bestbrokers.com\/wp-content\/uploads\/2025\/02\/fxtm-registration-6-1.webp\" alt=\"FXTM Registration Step 6\" \/><\/li>\n<\/ol>\n<h2 id=\"verification\"><i class=\"ico ico--approve\"><\/i>Procedura di verifica dell\u2019identit\u00e0 &#8211; circa 5 minuti<\/h2>\n<p>Per avere pieno accesso a tutte le funzionalit\u00e0 di FXTM, i trader devono verificare il proprio profilo e caricare i documenti di identit\u00e0 e di prova di residenza, come previsto dalla procedura standard.<\/p>\n<p><img decoding=\"async\" class=\"aligncenter\" src=\"https:\/\/www.bestbrokers.com\/wp-content\/uploads\/2025\/02\/fxtm-registration-7-1.webp\" alt=\"FXTM Registration Step 7\" \/><\/p>\n<ol class=\"list list--steps\">\n<li>\n<h3>Documento di identit\u00e0 (ID)<\/h3>\n<p>I documenti idonei alla verifica del conto FXTM includono passaporto, carta d\u2019identit\u00e0 nazionale, patente di guida o permesso di soggiorno. Il broker accetta copie scansionate e foto da mobile del fronte e del retro dei documenti. I formati ammessi e la dimensione massima dei file sono indicati in modo chiaro.<\/p>\n<p>Per soddisfare i criteri, le immagini caricate devono essere nitide, senza sfocature o ombre. Devono inoltre risultare ben visibili nome completo, data e luogo di nascita, data di rilascio e di scadenza, oppure codice fiscale. I trader possono consultare esempi di documenti validi.<\/p>\n<p><img decoding=\"async\" class=\"aligncenter\" src=\"https:\/\/www.bestbrokers.com\/wp-content\/uploads\/2025\/02\/fxtm-registration-8-1.webp\" alt=\"FXTM Registration Step 8\" \/><\/li>\n<li>I documenti accettati come prova di residenza presso FXTM comprendono estratti conto bancari\/carta, bollette di utenze, certificati di residenza, attestati assicurativi, contratti di locazione o registrazione del veicolo. Tali documenti devono essere stati emessi negli ultimi tre mesi. Se il documento d\u2019identit\u00e0 fornito nel primo passaggio riporta gi\u00e0 l\u2019indirizzo del trader, potrebbe non essere richiesta un\u2019ulteriore prova di domicilio.<\/li>\n<\/ol>\n<h2 id=\"conclusion\"><i class=\"ico ico--pen\"><\/i>Impressioni finali<\/h2>\n<p>FXTM \u00e8 un broker Forex e CFD ben consolidato. La procedura di apertura e verifica del conto \u00e8 semplice e pu\u00f2 essere completata in pochi minuti. Il modulo di registrazione richiede dati personali e di contatto. Una volta inseriti, i trader devono sottoporsi alla verifica di identit\u00e0 e prova di indirizzo secondo le procedure standard AML e KYC. Il processo di verifica pu\u00f2 richiedere da 1 a 3 giorni lavorativi, a seconda della qualit\u00e0 dei documenti inviati e del carico di lavoro del team di assistenza FXTM.<\/p>\n","protected":false},"excerpt":{"rendered":"<p>Tipologie di conto su FXTM FXTM offre tre tipologie di conto di trading, consentendo ai clienti di confrontarle e scegliere quella pi\u00f9 adatta alla loro esperienza, ai loro obiettivi e al loro budget. Il conto Advantage presenta spread a partire da 0,0 pip e una commissione di 3,5 $ per lotto di trading sul Forex. [&hellip;]<\/p>\n","protected":false},"author":2,"featured_media":0,"parent":6250,"menu_order":0,"comment_status":"closed","ping_status":"closed","template":"templates\/review.php","meta":{"footnotes":""},"class_list":["post-59669","page","type-page","status-publish","hentry"],"aioseo_notices":[],"_links":{"self":[{"href":"https:\/\/www.bestbrokers.com\/it\/wp-json\/wp\/v2\/pages\/59669","targetHints":{"allow":["GET"]}}],"collection":[{"href":"https:\/\/www.bestbrokers.com\/it\/wp-json\/wp\/v2\/pages"}],"about":[{"href":"https:\/\/www.bestbrokers.com\/it\/wp-json\/wp\/v2\/types\/page"}],"author":[{"embeddable":true,"href":"https:\/\/www.bestbrokers.com\/it\/wp-json\/wp\/v2\/users\/2"}],"replies":[{"embeddable":true,"href":"https:\/\/www.bestbrokers.com\/it\/wp-json\/wp\/v2\/comments?post=59669"}],"version-history":[{"count":7,"href":"https:\/\/www.bestbrokers.com\/it\/wp-json\/wp\/v2\/pages\/59669\/revisions"}],"predecessor-version":[{"id":71585,"href":"https:\/\/www.bestbrokers.com\/it\/wp-json\/wp\/v2\/pages\/59669\/revisions\/71585"}],"up":[{"embeddable":true,"href":"https:\/\/www.bestbrokers.com\/it\/wp-json\/wp\/v2\/pages\/6250"}],"wp:attachment":[{"href":"https:\/\/www.bestbrokers.com\/it\/wp-json\/wp\/v2\/media?parent=59669"}],"curies":[{"name":"wp","href":"https:\/\/api.w.org\/{rel}","templated":true}]}}