{"id":59670,"date":"2025-03-19T09:39:41","date_gmt":"2025-03-19T09:39:41","guid":{"rendered":"https:\/\/www.bestbrokers.com\/?page_id=59670"},"modified":"2025-10-21T13:35:45","modified_gmt":"2025-10-21T13:35:45","slug":"account-opening","status":"publish","type":"page","link":"https:\/\/www.bestbrokers.com\/it\/reviews\/ig\/account-opening\/","title":{"rendered":"Come aprire un conto con IG"},"content":{"rendered":"<div class=\"author-line\">Scritto da <span class=\"author\">Naylyan Nazifova<div class=\"author-sub-box\"><div class=\"author-info-wrapper\"><div class=\"author-name\"><a href=\"https:\/\/www.bestbrokers.com\/it\/authors\/naylyan-nazifova\/\">Naylyan Nazifova<\/a><\/div><div class=\"author-bio\">Naylyan Nazifova \u00e8 un\u2019esperta riconosciuta nel campo del trading online. Ha molte pubblicazioni e analisi che coprono il trading forex, gli investimenti azionari e la finanza personale.<\/div><\/div><\/div><\/span>,  <a rel=\"nofollow\" target=\"_blank\" href=\"https:\/\/www.linkedin.com\/in\/naylian-nazifova-58562a272\/\"><img decoding=\"async\" class=\"social-icon\" src=\"https:\/\/www.bestbrokers.com\/wp-content\/themes\/best-brokers\/assets\/images\/icon-linkedin.svg\" data-no-lazy=\"1\"><\/a> <span class=\"sep\">|<\/span> Tradotto da <span class=\"author\">Luca Mele<div class=\"author-sub-box\"><div class=\"author-avatar\"><img decoding=\"async\" src=\"https:\/\/www.bestbrokers.com\/wp-content\/uploads\/2024\/09\/luca-mele.jpeg\" \/><\/div><div class=\"author-info-wrapper\"><div class=\"author-name\"><a href=\"https:\/\/www.bestbrokers.com\/it\/authors\/luca-mele\/\">Luca Mele<\/a><\/div><div class=\"author-bio\">Luca Mele \u00e8 un traduttore professionista specializzato in vari argomenti, tra cui investimenti e trading con diversi strumenti come forex, azioni, criptovalute e materie prime.<\/div><\/div><\/div><\/span>, <a rel=\"nofollow\" target=\"_blank\" href=\"https:\/\/www.linkedin.com\/in\/luca-mele\/?locale=it_IT\"><img decoding=\"async\" class=\"social-icon\" src=\"https:\/\/www.bestbrokers.com\/wp-content\/themes\/best-brokers\/assets\/images\/icon-linkedin.svg\" data-no-lazy=\"1\"><\/a> <span class=\"sep\">|<\/span> Aggiornato: <time class=\"entry-date\" datetime=\"2025-10-21T13:35:45+00:00\">Ottobre 21, 2025<\/time><\/div>\n<h2 id=\"brief\"><i class=\"ico ico--assets\"><\/i>Tipi di conto su IG<\/h2>\n<p>Essendo un broker di trading online consolidato, IG offre una gamma di tipi di conto in grado di soddisfare le diverse esigenze e obiettivi dei clienti. Al momento di scegliere un tipo di conto, il broker consiglia ai clienti di prendere in considerazione diversi aspetti fondamentali, tra cui i loro obiettivi di trading, l\u2019orizzonte temporale, i mercati preferiti, l\u2019esperienza, la tolleranza al rischio e il budget disponibile per il trading. I trader possono scegliere tra due categorie principali di conto: con leva e senza leva.<\/p>\n<p>La prima categoria di conti con leva comprende lo spread betting e i conti CFD:<\/p>\n<ul class=\"list-checks\">\n<li><strong>Spread Betting:<\/strong> questo tipo di conto offre ai trader la possibilit\u00e0 di trarre profitto dalle fluttuazioni dei prezzi degli asset, andando long o short senza dover acquistare gli asset sottostanti. Lo spread betting \u00e8 una scelta popolare tra i trader in alcune nazioni specifiche come il Regno Unito, perch\u00e9 rappresenta un modo esente da imposte per fare trading in tale nazione.<\/li>\n<li><strong>Conto CFD:<\/strong> si tratta di un\u2019altra forma speculativa di trading che, come lo spread betting, non comporta la propriet\u00e0 degli asset. A differenza dello spread betting, che \u00e8 esente dall\u2019imposta sulle plusvalenze, i profitti ottenuti dalle operazioni CFD possono essere compensati con le perdite.<\/li>\n<\/ul>\n<p>Nessuno di questi strumenti prevede il pagamento dell\u2019imposta di bollo. Grazie a un conto di spread betting o CFD i clienti di IG possono operare su Forex, azioni, indici azionari, metalli, energie, criptovalute e materie prime, per un totale di oltre 17.000 strumenti.<\/p>\n<p>Non \u00e8 previsto alcun deposito minimo per aprire un conto CFD con IG. Il broker trae profitto dallo spread oppure, in alternativa, da una piccola commissione applicata sulle operazioni in azioni.<\/p>\n<p>Per quanto riguarda la seconda categoria principale di conti IG, ovvero i conti senza leva (di investimento), le opzioni comprendono un conto Share dealing, un conto Stocks and shares ISA, un conto IG Smart Portfolio e un conto IG Smart ISA Portfolio. Oltre ai conti sopra menzionati, i clienti IG possono scegliere un conto Demo, utile per la formazione, che consente di fare pratica con 20.000 USD di fondi virtuali.<\/p>\n<p>I trader devono tenere presente che la disponibilit\u00e0 di questi conti pu\u00f2 variare in base alla loro area geografica e alle normative della nazione di residenza.<\/p>\n\n\t\t\t\t<div class=\"table\">\n\t\t\t\t\t<table class=\"table table-striped table-bordered\">\n\t\t\t\t\t\t<tr>\n\t\t\t\t\t\t\t<td style=\"width: 250px;\"><strong>Conto demo<\/strong><\/td>\n\t\t\t\t\t\t\t<td><img decoding=\"async\" width=\"24\" height=\"24\" src=\"\/wp-content\/themes\/best-brokers\/assets\/images\/ico-check.svg\" alt=\"Available\" \/><\/td>\n\t\t\t\t\t\t<\/tr>\n\t\t\t\t\t\t<tr>\n\t\t\t\t\t\t\t<td><strong>Islamic Account<\/strong><\/td>\n\t\t\t\t\t\t\t<td><img decoding=\"async\" width=\"24\" height=\"24\" src=\"\/wp-content\/themes\/best-brokers\/assets\/images\/ico-xmark.svg\" alt=\"Not Available\" \/><\/td>\n\t\t\t\t\t\t<\/tr>\n\t\t\t\t\t\t<tr>\n\t\t\t\t\t\t\t<td><strong>Conto ECN<\/strong><\/td>\n\t\t\t\t\t\t\t<td><img decoding=\"async\" width=\"24\" height=\"24\" src=\"\/wp-content\/themes\/best-brokers\/assets\/images\/ico-xmark.svg\" alt=\"Not Available\" \/><\/td>\n\t\t\t\t\t\t<\/tr>\n\t\t\t\t\t\t<tr>\n\t\t\t\t\t\t\t<td><strong>Conto professionale<\/strong><\/td>\n\t\t\t\t\t\t\t<td><img decoding=\"async\" width=\"24\" height=\"24\" src=\"\/wp-content\/themes\/best-brokers\/assets\/images\/ico-check.svg\" alt=\"Available\" \/><\/td>\n\t\t\t\t\t\t<\/tr>\n\t\t\t\t\t\t<tr>\n\t\t\t\t\t\t\t<td><strong>MAM Account<\/strong><\/td>\n\t\t\t\t\t\t\t<td><img decoding=\"async\" width=\"24\" height=\"24\" src=\"\/wp-content\/themes\/best-brokers\/assets\/images\/ico-xmark.svg\" alt=\"Not Available\" \/><\/td>\n\t\t\t\t\t\t<\/tr>\n\t\t\t\t\t<\/table>\n\t\t\t\t<\/div>\n\t\t\t\n<h2 id=\"deposit\"><i class=\"ico ico--money-supply\"><\/i>Requisiti di deposito minimo del conto<\/h2>\n<p>Come gi\u00e0 accennato, non \u00e8 previsto un saldo minimo per il conto CFD di IG. Una volta aperto il conto reale e iniziata l\u2019attivit\u00e0 di trading, il principale costo applicato dal broker \u00e8 lo spread o, per le operazioni in azioni, una piccola commissione. Pur non imponendo un saldo minimo, il broker prevede tuttavia una dimensione minima del contratto da rispettare.<\/p>\n<p>I clienti possono scegliere il valore per contratto, con diverse dimensioni minime per i nuovi utenti. La dimensione del contratto su IG varia in base al mercato e allo strumento trattato. Nel Forex, un lotto standard corrisponde solitamente a 100.000 unit\u00e0 della valuta base.<\/p>\n<p>\u00c8 opportuno sottolineare che IG offre contratti mini e micro per alcuni mercati. Un contratto mini nel Forex equivale a 10.000 unit\u00e0 della valuta base, mentre un contratto micro corrisponde a 1.000 unit\u00e0 della valuta base.<\/p>\n<h2 id=\"instruments\"><i class=\"ico ico--common-technical-analysis-tools\"><\/i>Strumenti disponibili per fare trading<\/h2>\n<p>IG apre un mondo di opportunit\u00e0 con oltre 17.000 mercati. In base alle proprie preferenze, i trader possono operare su indici, Forex, pi\u00f9 di 13.000 titoli azionari, materie prime e criptovalute. Possono inoltre interessarsi ai mercati specialistici del broker, come obbligazioni, tassi e opzioni. I trader Forex possono trarre vantaggio da rialzi e ribassi su oltre 90 coppie principali, secondarie ed esotiche.<\/p>\n<p>Tra le piattaforme di terze parti con cui IG collabora figurano L2 Dealer, ProRealTime, MetaTrader 4 e TradingView. Per quanto riguarda gli strumenti di trading disponibili, i clienti IG possono usufruire di uno stock screener, di un calendario economico, di uno strumento di analisi delle operazioni, di avvisi di trading, di grafici, di segnali di trading e di segnali Forex.<\/p>\n<p>I clienti possono esplorare i mercati e gli strumenti citati con un conto demo, che consente di sviluppare le proprie competenze su migliaia di mercati in un ambiente simulato. Il saldo virtuale ammonta a 20.000 USD, con il vantaggio aggiuntivo di contenuti formativi esclusivi su IG Academy. Le app mobili, disponibili gratuitamente, permettono di testare le strategie anche in movimento.<\/p>\n<h2 id=\"steps\"><i class=\"ico ico--account\"><\/i>Procedura di registrazione su IG &#8211; circa 5 minuti<\/h2>\n<ol class=\"list list--steps\">\n<li>Per aprire un conto con IG, fai clic sul pulsante &#8220;Create live account&#8221; che si trova nell\u2019angolo in alto a destra della home page del broker.<img decoding=\"async\" class=\"aligncenter\" src=\"https:\/\/www.bestbrokers.com\/wp-content\/uploads\/2025\/02\/ig-registration-1.webp\" alt=\"IG Registration Step 1\" \/><\/li>\n<li>Verrai reindirizzato a un modulo di richiesta con cui potrai configurare il conto reale in pochi minuti. Le informazioni richieste includono nome, cognome e indirizzo email. Dovrai creare un nome utente e impostare una password. Successivamente \u00e8 necessario selezionare la nazione di residenza da un menu a tendina e il tipo di conto da aprire.<img decoding=\"async\" class=\"aligncenter\" src=\"https:\/\/www.bestbrokers.com\/wp-content\/uploads\/2025\/02\/ig-registration-2.webp\" alt=\"IG Registration Step 2\" \/><\/li>\n<li>Una volta compilato il modulo di richiesta, saranno necessari alcuni dettagli aggiuntivi prima di poter iniziare a fare trading. Nel form successivo dovrai indicare: data di nascita, prefisso internazionale della nazione di residenza, numero di contatto, modalit\u00e0 preferita di ricezione degli estratti conto e nazionalit\u00e0.<img decoding=\"async\" class=\"aligncenter\" src=\"https:\/\/www.bestbrokers.com\/wp-content\/uploads\/2025\/02\/ig-registration-3.webp\" alt=\"IG Registration Step 3\" \/><\/li>\n<li>Il passo successivo della registrazione del conto prevede l\u2019inserimento di ulteriori informazioni sul tuo indirizzo di residenza e sul codice postale.<img decoding=\"async\" class=\"aligncenter\" src=\"https:\/\/www.bestbrokers.com\/wp-content\/uploads\/2025\/02\/ig-registration-4.webp\" alt=\"IG Registration Step 4\" \/><\/li>\n<li>Nella fase seguente dovrai fornire informazioni sul tuo status finanziario, comprese il reddito annuo, il valore dei risparmi, il valore degli investimenti e la provenienza dei fondi destinati al trading. Saranno necessari anche alcuni dati occupazionali, tra cui status lavorativo, settore e mansione.<img decoding=\"async\" class=\"aligncenter\" src=\"https:\/\/www.bestbrokers.com\/wp-content\/uploads\/2025\/02\/ig-registration-5.webp\" alt=\"IG Registration Step 5\" \/><\/li>\n<li>Il sesto e ultimo passaggio riguarda la tua esperienza pertinente, in base alla quale il broker potrebbe richiedere ulteriori informazioni. Devi indicare la tua esperienza di trading negli ultimi tre anni con diversi prodotti, inclusi azioni e obbligazioni, derivati negoziati in borsa e derivati OTC. Devi inoltre indicare se possiedi esperienza o qualifiche relative ai prodotti offerti dalla societ\u00e0.Infine, dovrai leggere e accettare un modulo in cui dichiari di essere consapevole dei rischi del trading di CFD e opzioni, insieme a indicare le tue preferenze di marketing.\n<p><img decoding=\"async\" class=\"aligncenter\" src=\"https:\/\/www.bestbrokers.com\/wp-content\/uploads\/2025\/02\/ig-registration-6.webp\" alt=\"IG Registration Step 6\" \/><\/li>\n<\/ol>\n<h2 id=\"verification\"><i class=\"ico ico--approve\"><\/i>Procedura di verifica dell\u2019identit\u00e0 &#8211; circa 5 minuti<\/h2>\n<p>Una volta completata la creazione del conto, il trader dovr\u00e0 procedere con la verifica dell\u2019identit\u00e0. IG richiede normalmente due documenti: uno che attesti l\u2019identit\u00e0 e uno che funga da prova di residenza. In alternativa \u00e8 possibile fornire due prove di identit\u00e0. Il caricamento di questi documenti richiede poco tempo e, una volta approvati, il cliente potr\u00e0 effettuare la prima operazione con il broker.<\/p>\n<p>Quando carichi i documenti che comprovano identit\u00e0 e indirizzo, devi assicurarti che tutte le informazioni siano chiaramente visibili e nitide.<\/p>\n<ol class=\"list list--steps\">\n<li>\n<h3>Prova di identit\u00e0<\/h3>\n<p>Come prova di identit\u00e0, i clienti IG possono utilizzare passaporto, carta d\u2019identit\u00e0 o patente di guida, che devono riportare la foto e la data di scadenza del documento. \u00c8 possibile caricare pi\u00f9 file contemporaneamente. Se la carta d\u2019identit\u00e0 \u00e8 a doppia faccia, non dimenticare di caricare entrambi i lati.<\/li>\n<li>\n<h3>Prova di residenza<\/h3>\n<p>Come prova di residenza, i trader possono utilizzare diversi documenti comunemente accettati, ad esempio bollette di utenze, estratti conto bancari, estratti conto della carta di credito, bollette internet, contratti di affitto o lettere dell\u2019autorit\u00e0 locale, tra gli altri. Qualunque documento scelgano, devono assicurarsi che nome e indirizzo coincidano con quelli indicati nel modulo di richiesta. Il documento non deve essere pi\u00f9 vecchio di tre mesi. I trader devono inoltre verificare che il nome e il logo dell\u2019ente emittente siano chiaramente visibili.<\/p>\n<p>Per gli estratti conto e altri documenti rilasciati da istituti bancari \u00e8 necessario che includano nome del titolare, numero di conto, codice di ordinamento bancario e banca emittente. Sono accettati anche screenshot dell\u2019online banking, a condizione che riportino i dati del conto personale e quelli della banca emittente.<\/li>\n<\/ol>\n<h2 id=\"conclusion\"><i class=\"ico ico--pen\"><\/i>Impressioni finali<\/h2>\n<p>In generale, riteniamo che la procedura di apertura e verifica del conto su IG sia relativamente semplice e scorrevole. Il sito web e l\u2019app mobile del broker sono ben progettati e di facile navigazione, rendendo la creazione del conto priva di complicazioni. Il broker fornisce istruzioni chiare per ogni fase, con sezioni dedicate ai dati personali, all\u2019indirizzo, alle informazioni finanziarie e alla storia di trading. Anche il caricamento dei documenti richiesti per la verifica di identit\u00e0 e residenza \u00e8 snello, con tempi di approvazione che nella maggior parte dei casi si attestano tra 1 e 2 giorni lavorativi. Infine, \u00e8 bene ricordare che il team di assistenza del broker \u00e8 disponibile per qualsiasi domanda o problema che possa sorgere durante il processo di registrazione e verifica.<\/p>\n","protected":false},"excerpt":{"rendered":"<p>Tipi di conto su IG Essendo un broker di trading online consolidato, IG offre una gamma di tipi di conto in grado di soddisfare le diverse esigenze e obiettivi dei clienti. Al momento di scegliere un tipo di conto, il broker consiglia ai clienti di prendere in considerazione diversi aspetti fondamentali, tra cui i loro [&hellip;]<\/p>\n","protected":false},"author":2,"featured_media":0,"parent":6227,"menu_order":0,"comment_status":"closed","ping_status":"closed","template":"templates\/review.php","meta":{"footnotes":""},"class_list":["post-59670","page","type-page","status-publish","hentry"],"aioseo_notices":[],"_links":{"self":[{"href":"https:\/\/www.bestbrokers.com\/it\/wp-json\/wp\/v2\/pages\/59670","targetHints":{"allow":["GET"]}}],"collection":[{"href":"https:\/\/www.bestbrokers.com\/it\/wp-json\/wp\/v2\/pages"}],"about":[{"href":"https:\/\/www.bestbrokers.com\/it\/wp-json\/wp\/v2\/types\/page"}],"author":[{"embeddable":true,"href":"https:\/\/www.bestbrokers.com\/it\/wp-json\/wp\/v2\/users\/2"}],"replies":[{"embeddable":true,"href":"https:\/\/www.bestbrokers.com\/it\/wp-json\/wp\/v2\/comments?post=59670"}],"version-history":[{"count":8,"href":"https:\/\/www.bestbrokers.com\/it\/wp-json\/wp\/v2\/pages\/59670\/revisions"}],"predecessor-version":[{"id":71599,"href":"https:\/\/www.bestbrokers.com\/it\/wp-json\/wp\/v2\/pages\/59670\/revisions\/71599"}],"up":[{"embeddable":true,"href":"https:\/\/www.bestbrokers.com\/it\/wp-json\/wp\/v2\/pages\/6227"}],"wp:attachment":[{"href":"https:\/\/www.bestbrokers.com\/it\/wp-json\/wp\/v2\/media?parent=59670"}],"curies":[{"name":"wp","href":"https:\/\/api.w.org\/{rel}","templated":true}]}}