{"id":59672,"date":"2025-03-19T09:39:41","date_gmt":"2025-03-19T09:39:41","guid":{"rendered":"https:\/\/www.bestbrokers.com\/?page_id=59672"},"modified":"2025-10-21T13:35:43","modified_gmt":"2025-10-21T13:35:43","slug":"account-opening","status":"publish","type":"page","link":"https:\/\/www.bestbrokers.com\/it\/reviews\/global-prime\/account-opening\/","title":{"rendered":"Come aprire un conto con Global Prime"},"content":{"rendered":"<div class=\"author-line\">Scritto da <span class=\"author\">Naylyan Nazifova<div class=\"author-sub-box\"><div class=\"author-avatar\"><img decoding=\"async\" src=\"https:\/\/www.bestbrokers.com\/wp-content\/uploads\/2026\/04\/nnazifova.webp\" \/><\/div><div class=\"author-info-wrapper\"><div class=\"author-name\"><a href=\"https:\/\/www.bestbrokers.com\/it\/authors\/naylyan-nazifova\/\">Naylyan Nazifova<\/a><\/div><div class=\"author-bio\">Naylyan Nazifova \u00e8 un\u2019esperta riconosciuta nel campo del trading online. Ha molte pubblicazioni e analisi che coprono il trading forex, gli investimenti azionari e la finanza personale.<\/div><\/div><\/div><\/span>,  <a rel=\"nofollow\" target=\"_blank\" href=\"https:\/\/www.linkedin.com\/in\/naylian-nazifova-58562a272\/\"><img decoding=\"async\" class=\"social-icon\" src=\"https:\/\/www.bestbrokers.com\/wp-content\/themes\/best-brokers\/assets\/images\/icon-linkedin.svg\" data-no-lazy=\"1\"><\/a> <span class=\"sep\">|<\/span> Tradotto da <span class=\"author\">Luca Mele<div class=\"author-sub-box\"><div class=\"author-avatar\"><img decoding=\"async\" src=\"https:\/\/www.bestbrokers.com\/wp-content\/uploads\/2024\/09\/luca-mele.jpeg\" \/><\/div><div class=\"author-info-wrapper\"><div class=\"author-name\"><a href=\"https:\/\/www.bestbrokers.com\/it\/authors\/luca-mele\/\">Luca Mele<\/a><\/div><div class=\"author-bio\">Luca Mele \u00e8 un traduttore professionista specializzato in vari argomenti, tra cui investimenti e trading con diversi strumenti come forex, azioni, criptovalute e materie prime.<\/div><\/div><\/div><\/span>, <a rel=\"nofollow\" target=\"_blank\" href=\"https:\/\/www.linkedin.com\/in\/luca-mele\/?locale=it_IT\"><img decoding=\"async\" class=\"social-icon\" src=\"https:\/\/www.bestbrokers.com\/wp-content\/themes\/best-brokers\/assets\/images\/icon-linkedin.svg\" data-no-lazy=\"1\"><\/a> <span class=\"sep\">|<\/span> Aggiornato: <time class=\"entry-date\" datetime=\"2025-10-21T13:35:43+00:00\">Ottobre 21, 2025<\/time><\/div>\n<h2 id=\"brief\"><i class=\"ico ico--assets\"><\/i>Tipi di conto su Global Prime<\/h2>\n<p>Global Prime facilita il trading su Forex e CFD attraverso diverse tipologie di conto, ciascuna delle quali offre condizioni ottimali per diversi tipi di trader. Se sei alle prime armi o hai bisogno di un po\u2019 di tempo per abituarti all\u2019esperienza di trading con Global Prime, hai la possibilit\u00e0 di aprire un conto demo e operare con un capitale virtuale.<\/p>\n<p>Il conto demo di Global Prime \u00e8 disponibile non appena crei il tuo profilo, un processo rapido e senza intoppi. Puoi ricaricarlo con un capitale virtuale fino a 1 milione di USD, che ti consente di operare in condizioni di mercato reali senza rischiare denaro reale.<\/p>\n<p>Quando sei pronto per passare al trading reale, puoi scegliere fra due tipi di conti retail. A seconda dei tuoi obiettivi di trading, puoi optare per un conto Standard oppure aprire un conto Raw. Entrambi presentano alcune caratteristiche comuni: consentono il trading in micro-lotti e una dimensione massima di 1.000 lotti.<\/p>\n<p>La principale differenza tra i conti Standard e Raw riguarda il costo di trading. Il primo offre spread a partire da 0,9 pip senza commissioni, mentre il secondo applica una piccola commissione di 3,50 USD per lato ma riduce gli spread fino a 0,0 pip.<\/p>\n<p>A causa dei limiti regolamentari sulla leva imposti dall\u2019ASIC, le condizioni di trading retail sono soggette a un tetto massimo. Nonostante ci\u00f2, il broker offre ai trader pi\u00f9 esperti la possibilit\u00e0 di passare a un conto professionale. Questi conti speciali prevedono leve pi\u00f9 elevate e funzionalit\u00e0 avanzate, ma richiedono il soddisfacimento di diversi requisiti per dimostrare la capacit\u00e0 di sostenere un trading ad alto rischio.<\/p>\n\n\t\t\t\t<div class=\"table\">\n\t\t\t\t\t<table class=\"table table-striped table-bordered\">\n\t\t\t\t\t\t<tr>\n\t\t\t\t\t\t\t<td style=\"width: 250px;\"><strong>Conto demo<\/strong><\/td>\n\t\t\t\t\t\t\t<td><img decoding=\"async\" width=\"24\" height=\"24\" src=\"\/wp-content\/themes\/best-brokers\/assets\/images\/ico-check.svg\" alt=\"Available\" \/><\/td>\n\t\t\t\t\t\t<\/tr>\n\t\t\t\t\t\t<tr>\n\t\t\t\t\t\t\t<td><strong>Islamic Account<\/strong><\/td>\n\t\t\t\t\t\t\t<td><img decoding=\"async\" width=\"24\" height=\"24\" src=\"\/wp-content\/themes\/best-brokers\/assets\/images\/ico-xmark.svg\" alt=\"Not Available\" \/><\/td>\n\t\t\t\t\t\t<\/tr>\n\t\t\t\t\t\t<tr>\n\t\t\t\t\t\t\t<td><strong>Conto ECN<\/strong><\/td>\n\t\t\t\t\t\t\t<td><img decoding=\"async\" width=\"24\" height=\"24\" src=\"\/wp-content\/themes\/best-brokers\/assets\/images\/ico-check.svg\" alt=\"Available\" \/><\/td>\n\t\t\t\t\t\t<\/tr>\n\t\t\t\t\t\t<tr>\n\t\t\t\t\t\t\t<td><strong>Conto professionale<\/strong><\/td>\n\t\t\t\t\t\t\t<td><img decoding=\"async\" width=\"24\" height=\"24\" src=\"\/wp-content\/themes\/best-brokers\/assets\/images\/ico-check.svg\" alt=\"Available\" \/><\/td>\n\t\t\t\t\t\t<\/tr>\n\t\t\t\t\t\t<tr>\n\t\t\t\t\t\t\t<td><strong>MAM Account<\/strong><\/td>\n\t\t\t\t\t\t\t<td><img decoding=\"async\" width=\"24\" height=\"24\" src=\"\/wp-content\/themes\/best-brokers\/assets\/images\/ico-xmark.svg\" alt=\"Not Available\" \/><\/td>\n\t\t\t\t\t\t<\/tr>\n\t\t\t\t\t<\/table>\n\t\t\t\t<\/div>\n\t\t\t\n<h2 id=\"deposit\"><i class=\"ico ico--money-supply\"><\/i>Requisiti di deposito minimo del conto<\/h2>\n<p>Una volta completata la registrazione su Global Prime per operare in tempo reale, puoi scegliere il metodo di pagamento pi\u00f9 adatto e finanziare il tuo conto. Il grande vantaggio di iniziare a fare trading con Global Prime \u00e8 l\u2019assenza di requisiti di deposito minimo per qualunque tipo di conto.<\/p>\n<p>Alcuni dei metodi di pagamento supportati possono prevedere un limite minimo di deposito, ma raramente supera i 10 USD. L\u2019assenza di un deposito minimo consente ai trader di iniziare con l\u2019importo che ritengono pi\u00f9 adeguato. La possibilit\u00e0 di operare in micro-lotti rende possibili posizioni pi\u00f9 contenute, adatte a chi ha meno esperienza o non desidera correre grandi rischi. Detto ci\u00f2, ricordiamo che 0,01 lotti corrispondono a 1.000 unit\u00e0 della valuta di base, fatto che significa che, per iniziare a fare trading, sar\u00e0 necessario disporre di almeno 1.000 USD o dell\u2019equivalente in un\u2019altra valuta.<\/p>\n<h2 id=\"instruments\"><i class=\"ico ico--common-technical-analysis-tools\"><\/i>Strumenti disponibili per fare trading<\/h2>\n<p>Attualmente, Global Prime consente di operare tramite le piattaforme di terze parti MT4 e MT5, che offrono l\u2019accesso a diversi mercati di trading, tra cui Forex, CFD su materie prime, CFD su criptovalute, indici, CFD su azioni statunitensi e CFD su obbligazioni. Il trading con i CFD (Contracts for Difference o contratti per differenza) permette ai trader di speculare sulle variazioni di prezzo dei vari asset senza detenerne la propriet\u00e0. Dato che Global Prime consente ai clienti di aprire posizioni sia short sia long, \u00e8 possibile trarre profitto sia dai ribassi sia dai rialzi. Il mercato Forex include coppie maggiori, minori ed esotiche, per un totale di oltre 50 combinazioni valutarie per fare trading sia con il conto Standard sia con il conto Raw. Inoltre, \u00e8 in arrivo l\u2019integrazione con TradingView, che porter\u00e0 strumenti di analisi grafica avanzati direttamente ai trader, favorendo un\u2019esperienza di trading gratificante.<\/p>\n<h2 id=\"steps\"><i class=\"ico ico--account\"><\/i>Processo di registrazione &#8211; richiede circa 1-2 minuti<\/h2>\n<ol class=\"list list--steps\">\n<li>Accedi alla pagina di registrazione tramite il pulsante Sign Up nella homepage.<img decoding=\"async\" class=\"aligncenter\" src=\"https:\/\/www.bestbrokers.com\/wp-content\/uploads\/2025\/02\/global-prime-registration-1.webp\" alt=\"Global Prime Registration Step 1\" \/><\/li>\n<li>Inserisci il tuo indirizzo email e la password. Ripeti la password scelta. Conferma di essere maggiorenne.<img decoding=\"async\" class=\"aligncenter\" src=\"https:\/\/www.bestbrokers.com\/wp-content\/uploads\/2025\/02\/global-prime-registration-2.webp\" alt=\"Global Prime Registration Step 2\" \/><\/li>\n<\/ol>\n<h2 id=\"verification\"><i class=\"ico ico--approve\"><\/i>Processo KYC &#8211; richiede fino a 10-12 minuti<\/h2>\n<ol class=\"list list--steps\">\n<li>Dopo aver cliccato su Sign Up, il tuo conto sar\u00e0 pronto. Per aprire un conto live \u00e8 necessario completare la verifica.\n<p><img decoding=\"async\" class=\"aligncenter\" src=\"https:\/\/www.bestbrokers.com\/wp-content\/uploads\/2025\/02\/global-prime-registration-3.webp\" alt=\"Global Prime Registration Step 3\" \/><\/li>\n<li>Fornisci i tuoi dati personali per completare il primo passaggio della procedura di verifica. Assicurati che corrispondano alle informazioni riportate sul tuo documento d\u2019identit\u00e0.<img decoding=\"async\" class=\"aligncenter\" src=\"https:\/\/www.bestbrokers.com\/wp-content\/uploads\/2025\/02\/global-prime-registration-4.webp\" alt=\"Global Prime Registration Step 4\" \/><\/li>\n<li>Configura le impostazioni del conto in base alle tue preferenze di trading. Scegli una domanda di sicurezza e inserisci una risposta che potr\u00e0 essere utilizzata in futuro per confermare la tua identit\u00e0.<img decoding=\"async\" class=\"aligncenter\" src=\"https:\/\/www.bestbrokers.com\/wp-content\/uploads\/2025\/02\/global-prime-registration-5.webp\" alt=\"Global Prime Registration Step 5\" \/><\/li>\n<li>Carica le immagini di un documento d\u2019identit\u00e0 ufficiale. Procedi al secondo passaggio della verifica dell\u2019identit\u00e0.<img decoding=\"async\" class=\"aligncenter\" src=\"https:\/\/www.bestbrokers.com\/wp-content\/uploads\/2025\/02\/global-prime-registration-6.webp\" alt=\"Global Prime Registration Step 6\" \/><\/li>\n<li>Carica un documento\/immagine aggiuntivo come ulteriore prova della tua identit\u00e0.<img decoding=\"async\" class=\"aligncenter\" src=\"https:\/\/www.bestbrokers.com\/wp-content\/uploads\/2025\/02\/global-prime-registration-7.webp\" alt=\"Global Prime Registration Step 7\" \/><\/li>\n<li>Fai clic su Verify My Account e la tua richiesta di verifica verr\u00e0 inviata per l\u2019approvazione.<img decoding=\"async\" class=\"aligncenter\" src=\"https:\/\/www.bestbrokers.com\/wp-content\/uploads\/2025\/02\/global-prime-registration-8.webp\" alt=\"Global Prime Registration Step 8\" \/>\n<p><img decoding=\"async\" class=\"aligncenter\" src=\"https:\/\/www.bestbrokers.com\/wp-content\/uploads\/2025\/02\/global-prime-registration-9.webp\" alt=\"Global Prime Registration Step 9\" \/><\/li>\n<\/ol>\n<h2 id=\"conclusion\"><i class=\"ico ico--pen\"><\/i>Impressioni finali<\/h2>\n<p>Il processo di registrazione su Global Prime \u00e8 semplice e rapido, e ti permette di creare il tuo conto di trading in pochi minuti. I conti demo possono essere attivati non appena il trader si registra presso il broker. Per il trading live, invece, \u00e8 necessaria la verifica, che risulta altrettanto fluida e non richiede pi\u00f9 di qualche minuto. Seguendo i passaggi riportati sopra, potrai configurare il tuo conto reale su Global Prime in pochissimo tempo.<\/p>\n","protected":false},"excerpt":{"rendered":"<p>Tipi di conto su Global Prime Global Prime facilita il trading su Forex e CFD attraverso diverse tipologie di conto, ciascuna delle quali offre condizioni ottimali per diversi tipi di trader. Se sei alle prime armi o hai bisogno di un po\u2019 di tempo per abituarti all\u2019esperienza di trading con Global Prime, hai la possibilit\u00e0 [&hellip;]<\/p>\n","protected":false},"author":2,"featured_media":0,"parent":6223,"menu_order":0,"comment_status":"closed","ping_status":"closed","template":"templates\/review.php","meta":{"footnotes":""},"class_list":["post-59672","page","type-page","status-publish","hentry"],"aioseo_notices":[],"_links":{"self":[{"href":"https:\/\/www.bestbrokers.com\/it\/wp-json\/wp\/v2\/pages\/59672","targetHints":{"allow":["GET"]}}],"collection":[{"href":"https:\/\/www.bestbrokers.com\/it\/wp-json\/wp\/v2\/pages"}],"about":[{"href":"https:\/\/www.bestbrokers.com\/it\/wp-json\/wp\/v2\/types\/page"}],"author":[{"embeddable":true,"href":"https:\/\/www.bestbrokers.com\/it\/wp-json\/wp\/v2\/users\/2"}],"replies":[{"embeddable":true,"href":"https:\/\/www.bestbrokers.com\/it\/wp-json\/wp\/v2\/comments?post=59672"}],"version-history":[{"count":7,"href":"https:\/\/www.bestbrokers.com\/it\/wp-json\/wp\/v2\/pages\/59672\/revisions"}],"predecessor-version":[{"id":71597,"href":"https:\/\/www.bestbrokers.com\/it\/wp-json\/wp\/v2\/pages\/59672\/revisions\/71597"}],"up":[{"embeddable":true,"href":"https:\/\/www.bestbrokers.com\/it\/wp-json\/wp\/v2\/pages\/6223"}],"wp:attachment":[{"href":"https:\/\/www.bestbrokers.com\/it\/wp-json\/wp\/v2\/media?parent=59672"}],"curies":[{"name":"wp","href":"https:\/\/api.w.org\/{rel}","templated":true}]}}