{"id":59673,"date":"2025-03-19T09:39:41","date_gmt":"2025-03-19T09:39:41","guid":{"rendered":"https:\/\/www.bestbrokers.com\/?page_id=59673"},"modified":"2025-10-21T13:35:48","modified_gmt":"2025-10-21T13:35:48","slug":"account-opening","status":"publish","type":"page","link":"https:\/\/www.bestbrokers.com\/it\/reviews\/pepperstone\/account-opening\/","title":{"rendered":"Come aprire un conto con Pepperstone"},"content":{"rendered":"<div class=\"author-line\">Scritto da <span class=\"author\">Naylyan Nazifova<div class=\"author-sub-box\"><div class=\"author-avatar\"><img decoding=\"async\" src=\"https:\/\/www.bestbrokers.com\/wp-content\/uploads\/2026\/04\/nnazifova.webp\" \/><\/div><div class=\"author-info-wrapper\"><div class=\"author-name\"><a href=\"https:\/\/www.bestbrokers.com\/it\/authors\/naylyan-nazifova\/\">Naylyan Nazifova<\/a><\/div><div class=\"author-bio\">Naylyan Nazifova \u00e8 un\u2019esperta riconosciuta nel campo del trading online. Ha molte pubblicazioni e analisi che coprono il trading forex, gli investimenti azionari e la finanza personale.<\/div><\/div><\/div><\/span>,  <a rel=\"nofollow\" target=\"_blank\" href=\"https:\/\/www.linkedin.com\/in\/naylian-nazifova-58562a272\/\"><img decoding=\"async\" class=\"social-icon\" src=\"https:\/\/www.bestbrokers.com\/wp-content\/themes\/best-brokers\/assets\/images\/icon-linkedin.svg\" data-no-lazy=\"1\"><\/a> <span class=\"sep\">|<\/span> Tradotto da <span class=\"author\">Luca Mele<div class=\"author-sub-box\"><div class=\"author-avatar\"><img decoding=\"async\" src=\"https:\/\/www.bestbrokers.com\/wp-content\/uploads\/2024\/09\/luca-mele.jpeg\" \/><\/div><div class=\"author-info-wrapper\"><div class=\"author-name\"><a href=\"https:\/\/www.bestbrokers.com\/it\/authors\/luca-mele\/\">Luca Mele<\/a><\/div><div class=\"author-bio\">Luca Mele \u00e8 un traduttore professionista specializzato in vari argomenti, tra cui investimenti e trading con diversi strumenti come forex, azioni, criptovalute e materie prime.<\/div><\/div><\/div><\/span>, <a rel=\"nofollow\" target=\"_blank\" href=\"https:\/\/www.linkedin.com\/in\/luca-mele\/?locale=it_IT\"><img decoding=\"async\" class=\"social-icon\" src=\"https:\/\/www.bestbrokers.com\/wp-content\/themes\/best-brokers\/assets\/images\/icon-linkedin.svg\" data-no-lazy=\"1\"><\/a> <span class=\"sep\">|<\/span> Aggiornato: <time class=\"entry-date\" datetime=\"2025-10-21T13:35:48+00:00\">Ottobre 21, 2025<\/time><\/div>\n<h2 id=\"brief\"><i class=\"ico ico--assets\"><\/i>Tipi di conto su Pepperstone<\/h2>\n<p>Quando si apre un conto con Pepperstone, i trader possono scegliere fra diverse opzioni, a seconda dei propri obiettivi di trading. Le possibilit\u00e0 includono Individual, Joint, Company e Introducing Broker. Come suggeriscono i nomi, i trader retail che intendono gestire autonomamente le proprie operazioni dovrebbero scegliere Individual, mentre le altre opzioni sono destinate a istituzioni finanziarie e professionisti che gestiscono pi\u00f9 portafogli.<\/p>\n<p>I trader individuali possono iniziare su Pepperstone con un conto demo, che permette di testare condizioni di trading, piattaforme e strategie con denaro virtuale. Il trading live \u00e8 invece disponibile tramite i conti Standard e Razor. Entrambi supportano micro lotti, diverse valute di base, hedging, scalping e una vasta gamma di strumenti per fare trading.<\/p>\n<p>Il conto Standard prevede un ricarico di 1 pip su raw spread e operazioni senza commissioni. Il conto Razor riduce gli spread fino a 0,0 pip, applicando una piccola commissione di 2,60 \u20ac \/ 3,50 USD per lotto per lato su ogni operazione Forex. Le piattaforme supportate includono quella proprietaria del broker, TradingView, MT5, MT4 e cTrader.<\/p>\n<p>Dato che ai trader retail non \u00e8 consentito utilizzare una leva superiore a 1:30 sulle principali coppie Forex, Pepperstone offre anche la possibilit\u00e0 di aprire un conto professionale e ottenere rapporti di leva pi\u00f9 elevati. Il trading professionale, tuttavia, richiede il rispetto di alcune condizioni relative a fondi sufficienti ed esperienza di trading.<\/p>\n\n\t\t\t\t<div class=\"table\">\n\t\t\t\t\t<table class=\"table table-striped table-bordered\">\n\t\t\t\t\t\t<tr>\n\t\t\t\t\t\t\t<td style=\"width: 250px;\"><strong>Conto demo<\/strong><\/td>\n\t\t\t\t\t\t\t<td><img decoding=\"async\" width=\"24\" height=\"24\" src=\"\/wp-content\/themes\/best-brokers\/assets\/images\/ico-check.svg\" alt=\"Available\" \/><\/td>\n\t\t\t\t\t\t<\/tr>\n\t\t\t\t\t\t<tr>\n\t\t\t\t\t\t\t<td><strong>Islamic Account<\/strong><\/td>\n\t\t\t\t\t\t\t<td><img decoding=\"async\" width=\"24\" height=\"24\" src=\"\/wp-content\/themes\/best-brokers\/assets\/images\/ico-check.svg\" alt=\"Available\" \/><\/td>\n\t\t\t\t\t\t<\/tr>\n\t\t\t\t\t\t<tr>\n\t\t\t\t\t\t\t<td><strong>Conto ECN<\/strong><\/td>\n\t\t\t\t\t\t\t<td><img decoding=\"async\" width=\"24\" height=\"24\" src=\"\/wp-content\/themes\/best-brokers\/assets\/images\/ico-check.svg\" alt=\"Available\" \/><\/td>\n\t\t\t\t\t\t<\/tr>\n\t\t\t\t\t\t<tr>\n\t\t\t\t\t\t\t<td><strong>Conto professionale<\/strong><\/td>\n\t\t\t\t\t\t\t<td><img decoding=\"async\" width=\"24\" height=\"24\" src=\"\/wp-content\/themes\/best-brokers\/assets\/images\/ico-check.svg\" alt=\"Available\" \/><\/td>\n\t\t\t\t\t\t<\/tr>\n\t\t\t\t\t\t<tr>\n\t\t\t\t\t\t\t<td><strong>MAM Account<\/strong><\/td>\n\t\t\t\t\t\t\t<td><img decoding=\"async\" width=\"24\" height=\"24\" src=\"\/wp-content\/themes\/best-brokers\/assets\/images\/ico-check.svg\" alt=\"Available\" \/><\/td>\n\t\t\t\t\t\t<\/tr>\n\t\t\t\t\t<\/table>\n\t\t\t\t<\/div>\n\t\t\t\n<h2 id=\"deposit\"><i class=\"ico ico--money-supply\"><\/i>Requisiti di deposito minimo del conto<\/h2>\n<p>Per passare al trading live occorre finanziare il proprio conto su Pepperstone, operazione possibile tramite alcuni metodi di pagamento affidabili e di facile utilizzo. Il broker non impone un importo di deposito obbligatorio per attivare il conto, fatto che significa che puoi ricaricare il tuo conto Standard o Razor con la somma che ritieni pi\u00f9 opportuna.<\/p>\n<p>Ricorda che ogni metodo di pagamento supportato pu\u00f2 prevedere un proprio deposito minimo. Sebbene non esista un deposito minimo specifico per attivare il conto, dovresti assicurarti di versare fondi sufficienti per operare. Indipendentemente dal tipo di conto scelto, la dimensione minima del contratto su Pepperstone \u00e8 di 0,01 lotti, pari a 1.000 unit\u00e0 nella tua valuta di base. Le valute di base supportate per i conti Standard e Raw di Pepperstone comprendono EUR, USD, GBP e CHF. Ci\u00f2 significa che dovresti avere almeno 1.000 $\/\u20ac di saldo per poter aprire un\u2019operazione.<\/p>\n<h2 id=\"instruments\"><i class=\"ico ico--common-technical-analysis-tools\"><\/i>Strumenti disponibili per fare trading<\/h2>\n<p>Su Pepperstone, sia che tu scelga un conto Standard sia Razor, avrai accesso a oltre 1.200 strumenti di trading. Questi sono distribuiti su diversi mercati CFD, tra cui Forex, materie prime, indici, criptovalute, ETF e azioni. Oltre a queste categorie, Pepperstone garantisce un\u2019esposizione ancora pi\u00f9 ampia attraverso mercati quali indici valutari, CFD forward e dividendi su CFD di indici e azioni. Il mercato Forex consente di assumere posizioni long e short su oltre 90 coppie di valute, traendo profitto sia dai ribassi sia dai rialzi dei prezzi.<\/p>\n<h2 id=\"steps\"><i class=\"ico ico--account\"><\/i>Procedura di registrazione &#8211; circa 1-2 minuti (conto demo)<\/h2>\n<ol class=\"list list--steps\">\n<li>Se sei pronto a diventare cliente Pepperstone, puoi accedere ai moduli di registrazione tramite il pulsante Join now presente nella homepage del sito del broker.<br \/>\n<img decoding=\"async\" class=\"aligncenter\" src=\"https:\/\/www.bestbrokers.com\/wp-content\/uploads\/2025\/02\/pepperstone-registration-1.webp\" alt=\"Pepperstone Registration Step 1\" \/><\/li>\n<li>Il passo successivo consiste nello scegliere la modalit\u00e0 di iscrizione: sono disponibili gli account Apple, Google e Facebook. In alternativa puoi registrarti con il tuo indirizzo email, operazione che ti indirizzer\u00e0 alla fase seguente del processo di registrazione.<img decoding=\"async\" class=\"aligncenter\" src=\"https:\/\/www.bestbrokers.com\/wp-content\/uploads\/2025\/02\/pepperstone-registration-2.webp\" alt=\"Pepperstone Registration Step 2\" \/><\/li>\n<li>Inserisci alcuni dati personali, il tuo indirizzo email e la password che desideri utilizzare per i futuri accessi. Dovrai inoltre scegliere la tipologia di conto in base al tipo di trading che intendi svolgere: Individual \u00e8 l\u2019opzione corrispondente al trading retail individuale.<img decoding=\"async\" class=\"aligncenter\" src=\"https:\/\/www.bestbrokers.com\/wp-content\/uploads\/2025\/02\/pepperstone-registration-3.webp\" alt=\"Pepperstone Registration Step 3\" \/>\n<p><img decoding=\"async\" class=\"aligncenter\" src=\"https:\/\/www.bestbrokers.com\/wp-content\/uploads\/2025\/02\/pepperstone-registration-4.webp\" alt=\"Pepperstone Registration Step 4\" \/><\/li>\n<li>Il tuo profilo \u00e8 pronto e puoi iniziare immediatamente a fare trading con il conto demo.<img decoding=\"async\" class=\"aligncenter\" src=\"https:\/\/www.bestbrokers.com\/wp-content\/uploads\/2025\/02\/pepperstone-registration-5.webp\" alt=\"Pepperstone Registration Step 5\" \/>\n<p><img decoding=\"async\" class=\"aligncenter\" src=\"https:\/\/www.bestbrokers.com\/wp-content\/uploads\/2025\/02\/pepperstone-registration-6.webp\" alt=\"Pepperstone Registration Step 6\" \/><\/li>\n<li>Se desideri aprire un conto live, dovrai superare una fase aggiuntiva di verifica della tua idoneit\u00e0 e della tua identit\u00e0. Il primo passo consiste nel configurare il conto di trading live, scegliendo piattaforma, tipo di conto, valuta di base e altre caratteristiche.<img decoding=\"async\" class=\"aligncenter\" src=\"https:\/\/www.bestbrokers.com\/wp-content\/uploads\/2025\/02\/pepperstone-registration-7.webp\" alt=\"Pepperstone Registration Step 7\" \/>\n<p><img decoding=\"async\" class=\"aligncenter\" src=\"https:\/\/www.bestbrokers.com\/wp-content\/uploads\/2025\/02\/pepperstone-registration-8.webp\" alt=\"Pepperstone Registration Step 8\" \/><\/li>\n<li>Successivamente ti verranno richieste informazioni sul tuo impiego e sul tuo reddito.<img decoding=\"async\" class=\"aligncenter\" src=\"https:\/\/www.bestbrokers.com\/wp-content\/uploads\/2025\/02\/pepperstone-registration-9.webp\" alt=\"Pepperstone Registration Step 9\" \/>\n<p><img decoding=\"async\" class=\"aligncenter\" src=\"https:\/\/www.bestbrokers.com\/wp-content\/uploads\/2025\/02\/pepperstone-registration-10.webp\" alt=\"Pepperstone Registration Step 10\" \/><\/p>\n<p><img decoding=\"async\" class=\"aligncenter\" src=\"https:\/\/www.bestbrokers.com\/wp-content\/uploads\/2025\/02\/pepperstone-registration-11.webp\" alt=\"Pepperstone Registration Step 11\" \/><\/li>\n<li>Il passo successivo per creare il tuo conto live su Pepperstone \u00e8 il test di idoneit\u00e0, nel quale dovrai rispondere a qualche domanda per stabilire se il trading \u00e8 adatto a te.<br \/>\n<img decoding=\"async\" class=\"aligncenter\" src=\"https:\/\/www.bestbrokers.com\/wp-content\/uploads\/2025\/02\/pepperstone-registration-12.webp\" alt=\"Pepperstone Registration Step 12\" \/><img decoding=\"async\" class=\"aligncenter\" src=\"https:\/\/www.bestbrokers.com\/wp-content\/uploads\/2025\/02\/pepperstone-registration-13.webp\" alt=\"Pepperstone Registration Step 13\" \/><\/p>\n<p><img decoding=\"async\" class=\"aligncenter\" src=\"https:\/\/www.bestbrokers.com\/wp-content\/uploads\/2025\/02\/pepperstone-registration-14.webp\" alt=\"Pepperstone Registration Step 14\" \/><br \/>\n<img decoding=\"async\" class=\"aligncenter\" src=\"https:\/\/www.bestbrokers.com\/wp-content\/uploads\/2025\/02\/pepperstone-registration-15.webp\" alt=\"Pepperstone Registration Step 15\" \/><br \/>\n<img decoding=\"async\" class=\"aligncenter\" src=\"https:\/\/www.bestbrokers.com\/wp-content\/uploads\/2025\/02\/pepperstone-registration-16.webp\" alt=\"Pepperstone Registration Step 16\" \/><br \/>\n<img decoding=\"async\" class=\"aligncenter\" src=\"https:\/\/www.bestbrokers.com\/wp-content\/uploads\/2025\/02\/pepperstone-registration-17.webp\" alt=\"Pepperstone Registration Step 17\" \/><\/li>\n<li>Una volta completato il test di idoneit\u00e0, potrai confermare i tuoi dati e accettare termini, condizioni e altre politiche del broker.<br \/>\n<img decoding=\"async\" class=\"aligncenter\" src=\"https:\/\/www.bestbrokers.com\/wp-content\/uploads\/2025\/02\/pepperstone-registration-18.webp\" alt=\"Pepperstone Registration Step 18\" \/><img decoding=\"async\" class=\"aligncenter\" src=\"https:\/\/www.bestbrokers.com\/wp-content\/uploads\/2025\/02\/pepperstone-registration-19.webp\" alt=\"Pepperstone Registration Step 19\" \/><\/p>\n<p><img decoding=\"async\" class=\"aligncenter\" src=\"https:\/\/www.bestbrokers.com\/wp-content\/uploads\/2025\/02\/pepperstone-registration-20.webp\" alt=\"Pepperstone Registration Step 20\" \/><\/li>\n<\/ol>\n<h2 id=\"verification\"><i class=\"ico ico--approve\"><\/i>Procedura di verifica dell\u2019identit\u00e0 &#8211; circa 10 minuti<\/h2>\n<p>Dato che Pepperstone \u00e8 conforme alle linee guida KYC (Know Your Customer) imposte da autorit\u00e0 come la CySEC, richiede un\u2019approfondita verifica dell\u2019identit\u00e0 prima di consentire l\u2019utilizzo dei conti live. Sebbene possa risultare oneroso, questo passaggio \u00e8 obbligatorio per garantire un ambiente di trading sicuro. Seguendo i passaggi descritti di seguito potrai ridurre sensibilmente il tempo necessario per verificare la tua identit\u00e0 e iniziare a fare trading con Pepperstone.<\/p>\n<p><img decoding=\"async\" class=\"aligncenter\" src=\"https:\/\/www.bestbrokers.com\/wp-content\/uploads\/2025\/02\/pepperstone-registration-21.webp\" alt=\"Pepperstone Registration Step 21\" \/><\/p>\n<p><img decoding=\"async\" class=\"aligncenter\" src=\"https:\/\/www.bestbrokers.com\/wp-content\/uploads\/2025\/02\/pepperstone-registration-22.webp\" alt=\"Pepperstone Registration Step 22\" \/><\/p>\n<ol class=\"list list--steps\">\n<li>Per prima cosa leggi e accetta l\u2019informativa su dati e privacy di Pepperstone, assicurandoti di comprendere appieno le ragioni di questa procedura. Prosegui solo se sei a tuo agio nel condividere le informazioni richieste per la verifica dell\u2019identit\u00e0.\n<p><img decoding=\"async\" class=\"aligncenter\" src=\"https:\/\/www.bestbrokers.com\/wp-content\/uploads\/2025\/02\/pepperstone-registration-23.webp\" alt=\"Pepperstone Registration Step 23\" \/><\/li>\n<li>Il primo passo consiste nello scegliere un tipo di documento e caricarne le immagini per verificare i tuoi dati personali.<br \/>\n<img decoding=\"async\" class=\"aligncenter\" src=\"https:\/\/www.bestbrokers.com\/wp-content\/uploads\/2025\/02\/pepperstone-registration-24.webp\" alt=\"Pepperstone Registration Step 24\" \/><br \/>\n<img decoding=\"async\" class=\"aligncenter\" src=\"https:\/\/www.bestbrokers.com\/wp-content\/uploads\/2025\/02\/pepperstone-registration-25.webp\" alt=\"Pepperstone Registration Step 25\" \/><br \/>\n<img decoding=\"async\" class=\"aligncenter\" src=\"https:\/\/www.bestbrokers.com\/wp-content\/uploads\/2025\/02\/pepperstone-registration-26.webp\" alt=\"Pepperstone Registration Step 26\" \/><\/li>\n<li>\u00c8 richiesto anche un secondo documento di verifica; i trader possono ad esempio scansionare o fotografare la patente di guida o il passaporto.<img decoding=\"async\" class=\"aligncenter\" src=\"https:\/\/www.bestbrokers.com\/wp-content\/uploads\/2025\/02\/pepperstone-registration-27.webp\" alt=\"Pepperstone Registration Step 27\" \/><br \/>\n<img decoding=\"async\" class=\"aligncenter\" src=\"https:\/\/www.bestbrokers.com\/wp-content\/uploads\/2025\/02\/pepperstone-registration-28.webp\" alt=\"Pepperstone Registration Step 28\" \/><br \/>\n<img decoding=\"async\" class=\"aligncenter\" src=\"https:\/\/www.bestbrokers.com\/wp-content\/uploads\/2025\/02\/pepperstone-registration-29.webp\" alt=\"Pepperstone Registration Step 29\" \/><\/li>\n<li>Una volta caricate le foto dei documenti, ti verr\u00e0 chiesto di caricare un selfie utilizzando la fotocamera del tuo computer. In alternativa puoi collegarti allo smartphone e continuare la verifica scattando una foto direttamente dal dispositivo.<\/li>\n<li>\u00c8 inoltre richiesto un documento di prova dell\u2019indirizzo, che pu\u00f2 consistere in una foto di una bolletta, di un estratto conto bancario o di un documento fiscale.<\/li>\n<li>Dopo aver fornito tutti i documenti richiesti, la tua richiesta verr\u00e0 inoltrata per l\u2019approvazione. Il team di Pepperstone potrebbe impiegare tra 24 e 48 ore per esaminare e approvare il tuo conto live.<\/li>\n<\/ol>\n<h2 id=\"conclusion\"><i class=\"ico ico--pen\"><\/i>Impressioni finali<\/h2>\n<p>Se desideri soltanto registrarti su Pepperstone e fare pratica con un conto demo, sarai pronto a operare in pochi minuti. Nonostante ci\u00f2, per ragioni normative, i trader di determinate aree devono completare un rigoroso controllo di verifica dell\u2019identit\u00e0 prima di poter aprire un conto live con il broker. Inoltre, la creazione di un conto live \u00e8 ulteriormente allungata dal test di idoneit\u00e0 e dall\u2019obbligo di fornire informazioni su impiego e reddito. In generale, aprire un conto live su Pepperstone pu\u00f2 richiedere circa 10 minuti, soprattutto se risiedi in una giurisdizione fortemente regolamentata.<\/p>\n","protected":false},"excerpt":{"rendered":"<p>Tipi di conto su Pepperstone Quando si apre un conto con Pepperstone, i trader possono scegliere fra diverse opzioni, a seconda dei propri obiettivi di trading. Le possibilit\u00e0 includono Individual, Joint, Company e Introducing Broker. Come suggeriscono i nomi, i trader retail che intendono gestire autonomamente le proprie operazioni dovrebbero scegliere Individual, mentre le altre [&hellip;]<\/p>\n","protected":false},"author":2,"featured_media":0,"parent":5384,"menu_order":0,"comment_status":"closed","ping_status":"closed","template":"templates\/review.php","meta":{"footnotes":""},"class_list":["post-59673","page","type-page","status-publish","hentry"],"aioseo_notices":[],"_links":{"self":[{"href":"https:\/\/www.bestbrokers.com\/it\/wp-json\/wp\/v2\/pages\/59673","targetHints":{"allow":["GET"]}}],"collection":[{"href":"https:\/\/www.bestbrokers.com\/it\/wp-json\/wp\/v2\/pages"}],"about":[{"href":"https:\/\/www.bestbrokers.com\/it\/wp-json\/wp\/v2\/types\/page"}],"author":[{"embeddable":true,"href":"https:\/\/www.bestbrokers.com\/it\/wp-json\/wp\/v2\/users\/2"}],"replies":[{"embeddable":true,"href":"https:\/\/www.bestbrokers.com\/it\/wp-json\/wp\/v2\/comments?post=59673"}],"version-history":[{"count":7,"href":"https:\/\/www.bestbrokers.com\/it\/wp-json\/wp\/v2\/pages\/59673\/revisions"}],"predecessor-version":[{"id":71598,"href":"https:\/\/www.bestbrokers.com\/it\/wp-json\/wp\/v2\/pages\/59673\/revisions\/71598"}],"up":[{"embeddable":true,"href":"https:\/\/www.bestbrokers.com\/it\/wp-json\/wp\/v2\/pages\/5384"}],"wp:attachment":[{"href":"https:\/\/www.bestbrokers.com\/it\/wp-json\/wp\/v2\/media?parent=59673"}],"curies":[{"name":"wp","href":"https:\/\/api.w.org\/{rel}","templated":true}]}}