{"id":59679,"date":"2025-03-19T09:39:42","date_gmt":"2025-03-19T09:39:42","guid":{"rendered":"https:\/\/www.bestbrokers.com\/?page_id=59679"},"modified":"2025-10-21T13:35:48","modified_gmt":"2025-10-21T13:35:48","slug":"spreads-fees-and-commissions","status":"publish","type":"page","link":"https:\/\/www.bestbrokers.com\/it\/reviews\/pepperstone\/spreads-fees-and-commissions\/","title":{"rendered":"Spread, costi e commissioni di Pepperstone"},"content":{"rendered":"<div class=\"author-line\">Scritto da <span class=\"author\">Naylyan Nazifova<div class=\"author-sub-box\"><div class=\"author-avatar\"><img decoding=\"async\" src=\"https:\/\/www.bestbrokers.com\/wp-content\/uploads\/2026\/04\/nnazifova.webp\" \/><\/div><div class=\"author-info-wrapper\"><div class=\"author-name\"><a href=\"https:\/\/www.bestbrokers.com\/it\/authors\/naylyan-nazifova\/\">Naylyan Nazifova<\/a><\/div><div class=\"author-bio\">Naylyan Nazifova \u00e8 un\u2019esperta riconosciuta nel campo del trading online. Ha molte pubblicazioni e analisi che coprono il trading forex, gli investimenti azionari e la finanza personale.<\/div><\/div><\/div><\/span>,  <a rel=\"nofollow\" target=\"_blank\" href=\"https:\/\/www.linkedin.com\/in\/naylian-nazifova-58562a272\/\"><img decoding=\"async\" class=\"social-icon\" src=\"https:\/\/www.bestbrokers.com\/wp-content\/themes\/best-brokers\/assets\/images\/icon-linkedin.svg\" data-no-lazy=\"1\"><\/a> <span class=\"sep\">|<\/span> Tradotto da <span class=\"author\">Luca Mele<div class=\"author-sub-box\"><div class=\"author-avatar\"><img decoding=\"async\" src=\"https:\/\/www.bestbrokers.com\/wp-content\/uploads\/2024\/09\/luca-mele.jpeg\" \/><\/div><div class=\"author-info-wrapper\"><div class=\"author-name\"><a href=\"https:\/\/www.bestbrokers.com\/it\/authors\/luca-mele\/\">Luca Mele<\/a><\/div><div class=\"author-bio\">Luca Mele \u00e8 un traduttore professionista specializzato in vari argomenti, tra cui investimenti e trading con diversi strumenti come forex, azioni, criptovalute e materie prime.<\/div><\/div><\/div><\/span>, <a rel=\"nofollow\" target=\"_blank\" href=\"https:\/\/www.linkedin.com\/in\/luca-mele\/?locale=it_IT\"><img decoding=\"async\" class=\"social-icon\" src=\"https:\/\/www.bestbrokers.com\/wp-content\/themes\/best-brokers\/assets\/images\/icon-linkedin.svg\" data-no-lazy=\"1\"><\/a> <span class=\"sep\">|<\/span> Aggiornato: <time class=\"entry-date\" datetime=\"2025-10-21T13:35:48+00:00\">Ottobre 21, 2025<\/time><\/div>\n<p>Quando si sceglie il broker migliore, \u00e8 sempre consigliabile verificare i costi di trading per individuare il marchio che offre le condizioni pi\u00f9 convenienti. Grazie a Pepperstone gli utenti possono fare trading in numerosi strumenti Forex e CFD, con <strong>commissioni basse e spread ridotti<\/strong> che garantiscono costi di trading molto contenuti. In questo articolo analizziamo tutte le commissioni di trading e non di trading, che potrebbero essere applicate al tuo conto Pepperstone. Se desideri conoscere il costo complessivo del trading con questo broker, ti invitiamo a proseguire la lettura.<\/p>\n<h2 id=\"costs\"><i class=\"ico ico--money-supply\"><\/i>Costi di trading su Pepperstone<\/h2>\n<p>Quando apri un conto con Pepperstone, puoi iniziare con un conto demo, che ti permette di esplorare i mercati in tempo reale senza rischiare denaro reale. Per quanto riguarda i conti live, i trader possono scegliere <strong>fra le varianti Standard e Razor<\/strong>. Sebbene le due versioni condividano diverse caratteristiche in termini di dimensione dei contratti, valute supportate e leva, seguono modelli di prezzi differenti.<\/p>\n<p>Il conto Standard di Pepperstone adotta un modello di prezzo basato esclusivamente sullo spread, addebitando soltanto lo spread ogni volta che compri o vendi una coppia valutaria o un altro strumento di trading. Puoi fare trading sulle principali coppie Forex con <strong>spread a partire da 1 pip<\/strong> e zero commissioni.<\/p>\n<p>Sebbene il conto Standard offra prezzi piuttosto competitivi, con l\u2019opzione Razor puoi beneficiare di costi di trading ancora pi\u00f9 bassi. A fronte di <strong>una piccola commissione di 3,50 $ per lotto<\/strong> applicata a ciascun lato dell\u2019operazione, il conto Razor propone spread sulle principali coppie Forex che possono partire da 0,0 pip.<\/p>\n<div class=\"table-responsive\">\n<table class=\"table table--colorful\">\n<thead>\n<tr>\n<th style=\"background-color: #fff;\" colspan=\"4\">Commissioni roundtrip del conto Razor in base alla valuta del conto<\/th>\n<\/tr>\n<tr>\n<th>Valuta di base<\/th>\n<th>Per lotto standard<\/th>\n<th>Per lotto mini<\/th>\n<th>Per lotto micro<\/th>\n<\/tr>\n<\/thead>\n<tbody>\n<tr>\n<td>USD<\/td>\n<td style=\"text-align: center;\">7 $<\/td>\n<td style=\"text-align: center;\">0,70 $<\/td>\n<td style=\"text-align: center;\">0,07 $<\/td>\n<\/tr>\n<tr>\n<td>EUR<\/td>\n<td style=\"text-align: center;\">5,20 \u20ac<\/td>\n<td style=\"text-align: center;\">0,52 \u20ac<\/td>\n<td style=\"text-align: center;\">0,052 \u20ac<\/td>\n<\/tr>\n<tr>\n<td>GBP<\/td>\n<td style=\"text-align: center;\">4,50 \u00a3<\/td>\n<td style=\"text-align: center;\">0,45 \u00a3<\/td>\n<td style=\"text-align: center;\">0,045 \u00a3<\/td>\n<\/tr>\n<tr>\n<td>CHF<\/td>\n<td style=\"text-align: center;\">6,60 CHF<\/td>\n<td style=\"text-align: center;\">0,66 CHF<\/td>\n<td style=\"text-align: center;\">0,066 CHF<\/td>\n<\/tr>\n<\/tbody>\n<\/table>\n<\/div>\n<p>Per aiutarti a comprendere il reale costo di operare sul mercato Forex con i conti Standard e Razor di Pepperstone, riportiamo un esempio di operazione di trading nella stessa coppia su entrambe le tipologie di conto disponibili per i clienti retail. Nell\u2019esempio analizzeremo <strong>un\u2019operazione su un lotto standard di EUR\/USD<\/strong>, dove un movimento di un pip equivale a 10 $. Per semplificare i calcoli, ipotizziamo che l\u2019operazione si apra e si chiuda allo stesso prezzo.<\/p>\n<p>Al momento della stesura, lo spread medio su EUR\/USD per il conto Standard \u00e8 di 1,1 pip, con <strong>commissione zero sull\u2019operazione<\/strong>. Sullo stesso cambio, lo spread medio con un conto Razor \u00e8 pari a 0,1 pip, con una commissione di 3,50 $ per lato su un lotto. Ci\u00f2 significa che il costo di trading sar\u00e0 il seguente:<\/p>\n<hr style=\"height: 2px; border-width: 0; color: #dee2e6; background-color: #dee2e6; clear: both;\" \/>\n<p><strong>Conto Standard:<\/strong><\/p>\n<p>Spread: 1,1 pip<br \/>\nCosto totale: 1,10 x 10 $ = 11 $ per lato oppure 22 $ per un\u2019operazione round trip<\/p>\n<hr style=\"height: 2px; border-width: 0; color: #dee2e6; background-color: #dee2e6; clear: both;\" \/>\n<p><strong>Conto Razor:<\/strong><\/p>\n<p>Spread: 0,1 pip<br \/>\nCosto spread: 0,1 x 10 $ = 1 $ per lato<br \/>\nCommissione: 3,50 $ per lato<br \/>\nCosto totale: (1 $)x2 + (3,50 $)x2 = 2 $ + 7 $ = 9 $ per un\u2019operazione round trip<\/p>\n<hr style=\"height: 2px; border-width: 0; color: #dee2e6; background-color: #dee2e6; clear: both;\" \/>\n<p>Come puoi vedere, anche se con il conto Razor di Pepperstone paghi una commissione per fare trading sulla coppia EUR\/USD, il costo finale dell\u2019operazione \u00e8 notevolmente inferiore rispetto a quello sostenuto dai titolari di un conto Standard, grazie alla grande differenza di spread.<\/p>\n<p>Di seguito riportiamo le tabelle con il <strong>costo totale per operazione<\/strong> per lato sulle coppie Forex pi\u00f9 diffuse. I calcoli si basano sugli spread correnti applicati ai conti Standard e Razor, indicando il costo per un micro lotto e per un lotto standard.<\/p>\n<div class=\"table-responsive\">\n<table class=\"table table--colorful\">\n<thead>\n<tr>\n<th style=\"background-color: #fff;\" colspan=\"5\">Costi medi degli spread con i conti Standard<\/th>\n<\/tr>\n<tr>\n<th>Coppia valutaria<\/th>\n<th>Spread (in pip)<\/th>\n<th>Commissione per lato<\/th>\n<th>Costo per lotto micro<\/th>\n<th>Costo per lotto standard<\/th>\n<\/tr>\n<\/thead>\n<tbody>\n<tr>\n<td>EUR\/USD<\/td>\n<td style=\"text-align: center;\">1,1<\/td>\n<td style=\"text-align: center;\">0 $<\/td>\n<td style=\"text-align: center;\">0,110 $<\/td>\n<td style=\"text-align: center;\">11,00 $<\/td>\n<\/tr>\n<tr>\n<td>USD\/JPY<\/td>\n<td style=\"text-align: center;\">1,2<\/td>\n<td style=\"text-align: center;\">0 $<\/td>\n<td style=\"text-align: center;\">0,082 $<\/td>\n<td style=\"text-align: center;\">8,16 $<\/td>\n<\/tr>\n<tr>\n<td>EUR\/GBP<\/td>\n<td style=\"text-align: center;\">1,3<\/td>\n<td style=\"text-align: center;\">0 $<\/td>\n<td style=\"text-align: center;\">0,176 $<\/td>\n<td style=\"text-align: center;\">17,58 $<\/td>\n<\/tr>\n<tr>\n<td>GBP\/USD<\/td>\n<td style=\"text-align: center;\">1,2<\/td>\n<td style=\"text-align: center;\">0 $<\/td>\n<td style=\"text-align: center;\">0,093 $<\/td>\n<td style=\"text-align: center;\">9,35 $<\/td>\n<\/tr>\n<tr>\n<td>AUD\/USD<\/td>\n<td style=\"text-align: center;\">1,1<\/td>\n<td style=\"text-align: center;\">0 $<\/td>\n<td style=\"text-align: center;\">0,110 $<\/td>\n<td style=\"text-align: center;\">11,00 $<\/td>\n<\/tr>\n<tr>\n<td>USD\/CAD<\/td>\n<td style=\"text-align: center;\">1,5<\/td>\n<td style=\"text-align: center;\">0 $<\/td>\n<td style=\"text-align: center;\">0,109 $<\/td>\n<td style=\"text-align: center;\">10,91 $<\/td>\n<\/tr>\n<tr>\n<td>USD\/CHF<\/td>\n<td style=\"text-align: center;\">1,40<\/td>\n<td style=\"text-align: center;\">0 $<\/td>\n<td style=\"text-align: center;\">0,175 $<\/td>\n<td style=\"text-align: center;\">17,51 $<\/td>\n<\/tr>\n<tr>\n<td>USD\/CNH<\/td>\n<td style=\"text-align: center;\">8,0<\/td>\n<td style=\"text-align: center;\">0 $<\/td>\n<td style=\"text-align: center;\">0,112 $<\/td>\n<td style=\"text-align: center;\">11,22 $<\/td>\n<\/tr>\n<tr>\n<td>NZD\/USD<\/td>\n<td style=\"text-align: center;\">1,4<\/td>\n<td style=\"text-align: center;\">0 $<\/td>\n<td style=\"text-align: center;\">0,140 $<\/td>\n<td style=\"text-align: center;\">14,00 $<\/td>\n<\/tr>\n<\/tbody>\n<\/table>\n<\/div>\n<p style=\"text-align: center; font-size: 13px;\"><em>*Tutti i costi di trading delle coppie valutarie sono espressi in USD<\/em><\/p>\n<div class=\"table-responsive\">\n<table class=\"table table--colorful\">\n<thead>\n<tr>\n<th style=\"background-color: #fff;\" colspan=\"5\">Costi medi degli spread con i conti Razor<\/th>\n<\/tr>\n<tr>\n<th>Coppia valutaria<\/th>\n<th>Spread (in pip)<\/th>\n<th>Commissione per lato<\/th>\n<th>Costo per lotto micro<\/th>\n<th>Costo per lotto standard<\/th>\n<\/tr>\n<\/thead>\n<tbody>\n<tr>\n<td>EUR\/USD<\/td>\n<td style=\"text-align: center;\">0,1<\/td>\n<td style=\"text-align: center;\">3,50 $\/0,035 $<\/td>\n<td style=\"text-align: center;\">0,045 $<\/td>\n<td style=\"text-align: center;\">4,50 $<\/td>\n<\/tr>\n<tr>\n<td>USD\/JPY<\/td>\n<td style=\"text-align: center;\">0,2<\/td>\n<td style=\"text-align: center;\">3,50 $\/0,035 $<\/td>\n<td style=\"text-align: center;\">0,049 $<\/td>\n<td style=\"text-align: center;\">4,86 $<\/td>\n<\/tr>\n<tr>\n<td>EUR\/GBP<\/td>\n<td style=\"text-align: center;\">0,3<\/td>\n<td style=\"text-align: center;\">3,50 $\/0,035 $<\/td>\n<td style=\"text-align: center;\">0,441 $<\/td>\n<td style=\"text-align: center;\">7,56 $<\/td>\n<\/tr>\n<tr>\n<td>GBP\/USD<\/td>\n<td style=\"text-align: center;\">0,2<\/td>\n<td style=\"text-align: center;\">3,50 $\/0,035 $<\/td>\n<td style=\"text-align: center;\">0,055 $<\/td>\n<td style=\"text-align: center;\">5,50 $<\/td>\n<\/tr>\n<tr>\n<td>AUD\/USD<\/td>\n<td style=\"text-align: center;\">0,1<\/td>\n<td style=\"text-align: center;\">3,50 $\/0,035 $<\/td>\n<td style=\"text-align: center;\">0,045 $<\/td>\n<td style=\"text-align: center;\">4,50 $<\/td>\n<\/tr>\n<tr>\n<td>USD\/CAD<\/td>\n<td style=\"text-align: center;\">0,5<\/td>\n<td style=\"text-align: center;\">3,50 $\/0,035 $<\/td>\n<td style=\"text-align: center;\">0,071 $<\/td>\n<td style=\"text-align: center;\">7,14 $<\/td>\n<\/tr>\n<tr>\n<td>USD\/CHF<\/td>\n<td style=\"text-align: center;\">0,4<\/td>\n<td style=\"text-align: center;\">3,50 $\/0,035 $<\/td>\n<td style=\"text-align: center;\">0,085 $<\/td>\n<td style=\"text-align: center;\">8,50 $<\/td>\n<\/tr>\n<tr>\n<td>USD\/CNH<\/td>\n<td style=\"text-align: center;\">7,0<\/td>\n<td style=\"text-align: center;\">3,50 $\/0,035 $<\/td>\n<td style=\"text-align: center;\">0,133 $<\/td>\n<td style=\"text-align: center;\">13,32 $<\/td>\n<\/tr>\n<tr>\n<td>NZD\/USD<\/td>\n<td style=\"text-align: center;\">0,4<\/td>\n<td style=\"text-align: center;\">3,50 $\/0,035 $<\/td>\n<td style=\"text-align: center;\">0,075 $<\/td>\n<td style=\"text-align: center;\">7,50 $<\/td>\n<\/tr>\n<\/tbody>\n<\/table>\n<\/div>\n<p style=\"text-align: center; font-size: 13px;\"><em>*Tutti i costi di trading delle coppie valutarie sono espressi in USD<\/em><\/p>\n<h2 id=\"overnight\"><i class=\"ico ico--clock\"><\/i>Costi di finanziamento overnight di Pepperstone<\/h2>\n<p>Sebbene i trader intraday possano trarre vantaggio da entrambe le tipologie di conto offerte da Pepperstone, ci sono anche operatori che preferiscono beneficiare degli <strong>interessi maturati sulle posizioni aperte overnight<\/strong>. Occorre precisare che tale interesse, noto anche come tasso swap, pu\u00f2 essere addebitato o accreditato a seconda che la tua operazione sia lunga o corta.<\/p>\n<p>Dato che i tassi swap sono variabili, in quanto dipendono dai tassi interbancari e da altre condizioni di mercato, abbiamo fornito una tabella con i tassi applicabili alle coppie valutarie pi\u00f9 popolari al momento della stesura. Ricorda che, poich\u00e9 il mercato Forex \u00e8 chiuso nei weekend e gli swap non vengono addebitati o accreditati, <strong>il mercoled\u00ec i tassi swap vengono triplicati<\/strong>.<\/p>\n<p>Pur potendo consultare facilmente i tassi swap attuali per ogni strumento di trading accedendo all\u2019elenco degli asset disponibili su ciascuna piattaforma di Pepperstone, \u00e8 utile sapere come il broker calcola gli swap. Per Forex e metalli, Pepperstone applica la seguente formula:<\/p>\n<blockquote><p>Addebito\/accredito swap giornaliero = punto singolo x (dimensione dell\u2019operazione o valore nozionale x tasso tom-next*)<\/p><\/blockquote>\n<p style=\"text-align: center; font-size: 13px;\"><em>*Pepperstone utilizza i dati forniti da primarie banche d\u2019investimento globali per determinare i propri tassi tom-next.<\/em><\/p>\n<div class=\"table-responsive\">\n<table class=\"table table--colorful\">\n<thead>\n<tr>\n<th style=\"background-color: #fff;\" colspan=\"5\">Tassi swap sulle principali coppie Forex<\/th>\n<\/tr>\n<tr>\n<th>Simbolo<\/th>\n<th>Valuta base<\/th>\n<th>Volume in lotti<\/th>\n<th>Swap long<\/th>\n<th>Swap short<\/th>\n<\/tr>\n<\/thead>\n<tbody>\n<tr>\n<td>EUR\/USD<\/td>\n<td style=\"text-align: center;\">USD<\/td>\n<td style=\"text-align: center;\">1<\/td>\n<td style=\"text-align: center;\">0,61000<\/td>\n<td style=\"text-align: center;\">0,20000<\/td>\n<\/tr>\n<tr>\n<td>USD\/JPY<\/td>\n<td style=\"text-align: center;\">USD<\/td>\n<td style=\"text-align: center;\">1<\/td>\n<td style=\"text-align: center;\">-0,710<\/td>\n<td style=\"text-align: center;\">-2,130<\/td>\n<\/tr>\n<tr>\n<td>EUR\/GBP<\/td>\n<td style=\"text-align: center;\">USD<\/td>\n<td style=\"text-align: center;\">1<\/td>\n<td style=\"text-align: center;\">0,64000<\/td>\n<td style=\"text-align: center;\">0,21000<\/td>\n<\/tr>\n<tr>\n<td>GBP\/USD<\/td>\n<td style=\"text-align: center;\">USD<\/td>\n<td style=\"text-align: center;\">1<\/td>\n<td style=\"text-align: center;\">0,14000<\/td>\n<td style=\"text-align: center;\">-0,36000<\/td>\n<\/tr>\n<tr>\n<td>AUD\/USD<\/td>\n<td style=\"text-align: center;\">USD<\/td>\n<td style=\"text-align: center;\">1<\/td>\n<td style=\"text-align: center;\">0,16000<\/td>\n<td style=\"text-align: center;\">-0,11000<\/td>\n<\/tr>\n<tr>\n<td>USD\/CAD<\/td>\n<td style=\"text-align: center;\">USD<\/td>\n<td style=\"text-align: center;\">1<\/td>\n<td style=\"text-align: center;\">-0,30000<\/td>\n<td style=\"text-align: center;\">-0,92000<\/td>\n<\/tr>\n<tr>\n<td>USD\/CHF<\/td>\n<td style=\"text-align: center;\">USD<\/td>\n<td style=\"text-align: center;\">1<\/td>\n<td style=\"text-align: center;\">-0,44000<\/td>\n<td style=\"text-align: center;\">-1,21000<\/td>\n<\/tr>\n<tr>\n<td>NZD\/USD<\/td>\n<td style=\"text-align: center;\">USD<\/td>\n<td style=\"text-align: center;\">1<\/td>\n<td style=\"text-align: center;\">0,16000<\/td>\n<td style=\"text-align: center;\">-0,12000<\/td>\n<\/tr>\n<\/tbody>\n<\/table>\n<\/div>\n<p style=\"text-align: center; font-size: 13px;\"><em>* I tassi swap sono espressi in formato di adeguamento punti<\/em><\/p>\n<h2 id=\"swap\"><i class=\"ico ico--islamic-account\"><\/i>Costi di trading senza swap con Pepperstone<\/h2>\n<p>Dato che ai trader di fede islamica non \u00e8 consentito pagare o ricevere interessi, Pepperstone offre ai residenti di determinate nazioni musulmane la possibilit\u00e0 di aprire conti senza swap. Ci\u00f2 significa che non riceveranno n\u00e9 pagheranno commissioni swap quando le loro posizioni resteranno aperte overnight. Sebbene questo tipo di conto <strong>elimini le commissioni swap<\/strong>, i trader che operano con un conto senza swap dovranno sostenere dei cosiddetti costi di amministrazione. Tali oneri vengono applicati quando un\u2019operazione aperta tramite conto senza swap rimane aperta per oltre 5 giorni.<\/p>\n<p>Le commissioni di amministrazione si applicano per ogni lotto standard e vengono detratte dal saldo del conto del trader. Per operazioni su Forex e metalli effettuate tramite conti senza swap la commissione di amministrazione \u00e8 pari a 100 $ per lotto negoziato.<\/p>\n<p>L\u2019opzione di conto senza swap \u00e8 disponibile solo per i residenti in Albania, Bangladesh, Burkina Faso, Bahrein, Brunei, Brunei Darussalam, Algeria, Egitto, Indonesia, Giordania, Kirghizistan, Kuwait, Marocco, Mauritania, Maldive, Malesia, Niger, Oman, Pakistan, Qatar, Sierra Leone, Turchia, Uzbekistan e Kosovo.<\/p>\n<p>Anche i conti Standard possono essere configurati come senza swap, con uno spread medio su EUR\/USD di <strong>0,77 pip<\/strong>. La dimensione minima di un\u2019operazione \u00e8 di 0,01 lotti, fino a un massimo di 100 lotti standard. Non viene applicata alcuna commissione, esattamente come sul conto Standard tradizionale di Pepperstone. Sono disponibili quattro valute di base del conto: AUD, EUR, GBP e USD. Sono consentiti scalping, hedging e l\u2019uso di EA (Expert Advisor).<\/p>\n<h2 id=\"other\"><i class=\"ico ico--administration-fees\"><\/i>Costi non di trading di Pepperstone<\/h2>\n<p>Dopo aver analizzato commissioni, spread, swap e costi di amministrazione, \u00e8 opportuno considerare anche gli oneri non legati all\u2019attivit\u00e0 di trading che potrebbero applicarsi con Pepperstone. L\u2019apertura del conto \u00e8 gratuita e anche il servizio di mantenimento non prevede alcun costo. Mentre alcuni broker applicano una commissione di inattivit\u00e0, se il tuo conto Pepperstone rimane inattivo \u2013 ovvero non lo utilizzi per oltre 3 mesi \u2013 verr\u00e0 archiviato, senza <strong>alcun addebito di inattivit\u00e0<\/strong>.<\/p>\n<p>Per finanziare il tuo conto di trading puoi scegliere fra diverse soluzioni di pagamento, la cui disponibilit\u00e0 pu\u00f2 variare a seconda della nazione di residenza. In modo molto vantaggioso, Pepperstone non applica commissioni sui depositi, consentendo ai trader di utilizzare l\u2019intero importo versato per le proprie operazioni. Anche al momento del prelievo <strong>non vengono applicati costi aggiuntivi<\/strong>, rendendo l\u2019intero processo di pagamento con Pepperstone estremamente conveniente.<\/p>\n<p>Tutti i clienti Pepperstone possono inoltre usufruire di un servizio VPS (Virtual Private Server) coperto interamente dal broker, purch\u00e9 vengano rispettate determinate condizioni. Per usare l\u2019hosting VPS di Pepperstone, i trader devono raggiungere un <strong>volume di trading di almeno 1.000.000 $<\/strong> nell\u2019arco di 60 giorni. Per continuare a beneficiare gratuitamente del VPS, \u00e8 necessario mantenere il volume minimo richiesto.<\/p>\n<div class=\"table-responsive\">\n<table class=\"table\">\n<thead>\n<tr>\n<th colspan=\"2\">Costi non di trading Pepperstone<\/th>\n<\/tr>\n<\/thead>\n<tbody>\n<tr>\n<td>Commissioni deposito<\/td>\n<td>Gratis<\/td>\n<\/tr>\n<tr>\n<td>Commissioni prelievo<\/td>\n<td>Gratis<\/td>\n<\/tr>\n<tr>\n<td>Commissione apertura conto<\/td>\n<td>Gratis<\/td>\n<\/tr>\n<tr>\n<td>Commissione di inattivit\u00e0<\/td>\n<td>Nessuna<\/td>\n<\/tr>\n<tr>\n<td>Abbonamento VPS<\/td>\n<td>Gratis per i trader che mantengono un volume di 1.000.000 USD o pi\u00f9 in un periodo di 60 giorni<\/td>\n<\/tr>\n<\/tbody>\n<\/table>\n<\/div>\n<h2 id=\"conclusion\"><i class=\"ico ico--pen\"><\/i>Considerazioni finali sulle commissioni di Pepperstone<\/h2>\n<p>Pepperstone \u00e8 un broker di trading molto apprezzato, che offre condizioni estremamente competitive su diverse tipologie di conto. A prescindere che tu scelga il conto Standard o il conto Razor, potrai beneficiare di <strong>costi di trading molto bassi<\/strong> su numerose coppie Forex e su un ampio assortimento di CFD. Ti consigliamo di verificare il costo complessivo di entrambe le soluzioni proposte da Pepperstone e di considerare i tassi di swap se prevedi di mantenere le posizioni aperte overnight.<\/p>\n<p>Uno dei maggiori vantaggi di operare con Pepperstone \u00e8 che <strong>il broker non applica alcun costo non legato al trading<\/strong>. Ci\u00f2 significa niente sovrapprezzi su depositi e prelievi, nessuna commissione di inattivit\u00e0 e nessun\u2019altra spesa aggiuntiva che possa incidere sul tuo capitale.<\/p>\n","protected":false},"excerpt":{"rendered":"<p>Quando si sceglie il broker migliore, \u00e8 sempre consigliabile verificare i costi di trading per individuare il marchio che offre le condizioni pi\u00f9 convenienti. Grazie a Pepperstone gli utenti possono fare trading in numerosi strumenti Forex e CFD, con commissioni basse e spread ridotti che garantiscono costi di trading molto contenuti. In questo articolo analizziamo [&hellip;]<\/p>\n","protected":false},"author":2,"featured_media":0,"parent":5384,"menu_order":0,"comment_status":"closed","ping_status":"closed","template":"templates\/review.php","meta":{"footnotes":""},"class_list":["post-59679","page","type-page","status-publish","hentry"],"aioseo_notices":[],"_links":{"self":[{"href":"https:\/\/www.bestbrokers.com\/it\/wp-json\/wp\/v2\/pages\/59679","targetHints":{"allow":["GET"]}}],"collection":[{"href":"https:\/\/www.bestbrokers.com\/it\/wp-json\/wp\/v2\/pages"}],"about":[{"href":"https:\/\/www.bestbrokers.com\/it\/wp-json\/wp\/v2\/types\/page"}],"author":[{"embeddable":true,"href":"https:\/\/www.bestbrokers.com\/it\/wp-json\/wp\/v2\/users\/2"}],"replies":[{"embeddable":true,"href":"https:\/\/www.bestbrokers.com\/it\/wp-json\/wp\/v2\/comments?post=59679"}],"version-history":[{"count":6,"href":"https:\/\/www.bestbrokers.com\/it\/wp-json\/wp\/v2\/pages\/59679\/revisions"}],"predecessor-version":[{"id":71567,"href":"https:\/\/www.bestbrokers.com\/it\/wp-json\/wp\/v2\/pages\/59679\/revisions\/71567"}],"up":[{"embeddable":true,"href":"https:\/\/www.bestbrokers.com\/it\/wp-json\/wp\/v2\/pages\/5384"}],"wp:attachment":[{"href":"https:\/\/www.bestbrokers.com\/it\/wp-json\/wp\/v2\/media?parent=59679"}],"curies":[{"name":"wp","href":"https:\/\/api.w.org\/{rel}","templated":true}]}}