{"id":59680,"date":"2025-03-19T09:39:42","date_gmt":"2025-03-19T09:39:42","guid":{"rendered":"https:\/\/www.bestbrokers.com\/?page_id=59680"},"modified":"2025-11-20T08:19:25","modified_gmt":"2025-11-20T08:19:25","slug":"spreads-fees-and-commissions","status":"publish","type":"page","link":"https:\/\/www.bestbrokers.com\/it\/reviews\/blackbull-markets\/spreads-fees-and-commissions\/","title":{"rendered":"Spread, costi e commissioni di BlackBull Markets"},"content":{"rendered":"<div class=\"author-line\">Scritto da <span class=\"author\">Naylyan Nazifova<div class=\"author-sub-box\"><div class=\"author-avatar\"><img decoding=\"async\" src=\"https:\/\/www.bestbrokers.com\/wp-content\/uploads\/2026\/04\/nnazifova.webp\" \/><\/div><div class=\"author-info-wrapper\"><div class=\"author-name\"><a href=\"https:\/\/www.bestbrokers.com\/it\/authors\/naylyan-nazifova\/\">Naylyan Nazifova<\/a><\/div><div class=\"author-bio\">Naylyan Nazifova \u00e8 un\u2019esperta riconosciuta nel campo del trading online. Ha molte pubblicazioni e analisi che coprono il trading forex, gli investimenti azionari e la finanza personale.<\/div><\/div><\/div><\/span>,  <a rel=\"nofollow\" target=\"_blank\" href=\"https:\/\/www.linkedin.com\/in\/naylian-nazifova-58562a272\/\"><img decoding=\"async\" class=\"social-icon\" src=\"https:\/\/www.bestbrokers.com\/wp-content\/themes\/best-brokers\/assets\/images\/icon-linkedin.svg\" data-no-lazy=\"1\"><\/a> <span class=\"sep\">|<\/span> Tradotto da <span class=\"author\">Luca Mele<div class=\"author-sub-box\"><div class=\"author-avatar\"><img decoding=\"async\" src=\"https:\/\/www.bestbrokers.com\/wp-content\/uploads\/2024\/09\/luca-mele.jpeg\" \/><\/div><div class=\"author-info-wrapper\"><div class=\"author-name\"><a href=\"https:\/\/www.bestbrokers.com\/it\/authors\/luca-mele\/\">Luca Mele<\/a><\/div><div class=\"author-bio\">Luca Mele \u00e8 un traduttore professionista specializzato in vari argomenti, tra cui investimenti e trading con diversi strumenti come forex, azioni, criptovalute e materie prime.<\/div><\/div><\/div><\/span>, <a rel=\"nofollow\" target=\"_blank\" href=\"https:\/\/www.linkedin.com\/in\/luca-mele\/?locale=it_IT\"><img decoding=\"async\" class=\"social-icon\" src=\"https:\/\/www.bestbrokers.com\/wp-content\/themes\/best-brokers\/assets\/images\/icon-linkedin.svg\" data-no-lazy=\"1\"><\/a> <span class=\"sep\">|<\/span> Aggiornato: <time class=\"entry-date\" datetime=\"2025-11-20T08:19:25+00:00\">Novembre 20, 2025<\/time><\/div>\n<p>Grazie a oltre 26.000 strumenti di trading, piattaforme innovative e commissioni contenute, BlackBull offre alcune delle condizioni di trading pi\u00f9 competitive sul mercato. Per aiutarti a comprendere i costi di trading con BlackBull, abbiamo esaminato tutte le commissioni di trading e non di trading, che potresti incontrare come cliente del broker. Spread, commissioni e tassi swap sono solo alcune delle principali voci di spesa che abbiamo analizzato per consentire ai trader di stabilire se BlackBull sia l\u2019opzione di brokeraggio pi\u00f9 adatta alle loro operazioni future. Per familiarizzare con i costi complessivi di trading su BlackBull, ti invitiamo a proseguire la lettura della nostra analisi dettagliata della struttura delle commissioni del broker.<\/p>\n<h2 id=\"costs\"><i class=\"ico ico--money-supply\"><\/i>Costi di trading su BlackBull<\/h2>\n<p>Spread e commissioni sono elementi fondamentali per la determinazione dei costi di trading su BlackBull. Vale la pena ricordare che il broker mette a disposizione tre tipi di conto in grado di adattarsi ai diversi stili operativi dei trader. Ciascun conto prevede un modello di prezzo differente: uno con costo incorporato esclusivamente nello spread, mentre gli altri due offrono spread pi\u00f9 stretti e commissioni ridotte.<\/p>\n<p>ECN Standard, ECN Prime ed ECN Institutional sono le tre tipologie di conto disponibili per chi apre un account reale con BlackBull. Tutti e tre supportano i micro lotti, con dimensione minima di 0,01 lotti. Le piattaforme di trading offerte dal broker sono disponibili su ciascun conto, garantendo l\u2019accesso a oltre 26.000 strumenti di trading. Il livello massimo di leva utilizzabile \u00e8 identico per tutte le versioni di conto.<\/p>\n<p>I conti ECN Standard ed ECN Prime prevedono la possibilit\u00e0 di operare senza swap, opzione riservata esclusivamente ai clienti idonei provenienti da nazioni musulmane. Per finanziare il conto ed iniziare a operare \u00e8 tuttavia necessario rispettare requisiti di deposito minimo differenti: 0 USD per l\u2019ECN Standard, 0 USD per l\u2019ECN Prime e 20.000 USD per l\u2019ECN Institutional.<\/p>\n<p>Il conto ECN Standard prevede una politica di commissioni pari a zero: l\u2019intero costo di trading \u00e8 quindi incorporato nello spread, che parte da 0,8 pip sulle principali coppie Forex. Gli altri due conti riducono il costo di trading offrendo spread pi\u00f9 stretti e applicando piccole commissioni per lotto di trading. Gli spread dell\u2019ECN Prime partono da 0,0 pip, con una commissione round-trip di 6 USD per lotto standard. L\u2019ECN Institutional offre spread a partire da 0,0 pip e una commissione round-trip ancora pi\u00f9 bassa, pari a 4 USD per lotto.<\/p>\n<div class=\"table-responsive\">\n<table class=\"table table--colorful\">\n<thead>\n<tr>\n<th style=\"background-color: #fff;\" colspan=\"4\">Commissioni round-trip di BlackBull in base al tipo di conto<\/th>\n<\/tr>\n<tr>\n<th>Tipo di conto<\/th>\n<th>Per lotto standard<\/th>\n<th>Per lotto mini<\/th>\n<th>Per lotto micro<\/th>\n<\/tr>\n<\/thead>\n<tbody>\n<tr>\n<td>ECN Standard<\/td>\n<td style=\"text-align: center;\">0 USD<\/td>\n<td style=\"text-align: center;\">0 USD<\/td>\n<td style=\"text-align: center;\">0 USD<\/td>\n<\/tr>\n<tr>\n<td>ECN Prime<\/td>\n<td style=\"text-align: center;\">6 USD<\/td>\n<td style=\"text-align: center;\">0,60 USD<\/td>\n<td style=\"text-align: center;\">0,06 USD<\/td>\n<\/tr>\n<tr>\n<td>ECN Institutional<\/td>\n<td style=\"text-align: center;\">4 USD<\/td>\n<td style=\"text-align: center;\">0,40 USD<\/td>\n<td style=\"text-align: center;\">0,04 USD<\/td>\n<\/tr>\n<\/tbody>\n<\/table>\n<\/div>\n<p>Per aiutarti a valutare il costo complessivo di un\u2019operazione Forex con ciascun tipo di conto, proponiamo un esempio semplice: un&#8217;operazione di trading di un lotto standard su EUR\/USD in cui 1 pip equivale a 10 USD. Nell\u2019esempio ipotizziamo che l\u2019operazione si apra e si chiuda allo stesso prezzo. Al momento della stesura di questo articolo, BlackBull applica uno spread live su EUR\/USD pari a 1,0 pip, 0,3 pip e 0,2 pip rispettivamente sui conti ECN Standard, ECN Prime ed ECN Institutional. Ricorda che gli spread sono variabili e vengono aggiornati di continuo in funzione delle condizioni di mercato.<\/p>\n<p>Tenendo conto degli spread sopra indicati, lo stesso trade EUR\/USD con i diversi conti BlackBull si presenterebbe cos\u00ec:<\/p>\n<hr style=\"height: 2px; border-width: 0; color: #dee2e6; background-color: #dee2e6; clear: both;\" \/>\n<p><strong>Conto ECN Standard:<\/strong><\/p>\n<p>Spread: 1,0<br \/>\nCommissione: 0 USD<br \/>\nCosto totale: 1,0 x 10 USD = 10 USD per lato, ovvero 20 USD per un\u2019operazione round-trip<\/p>\n<hr style=\"height: 2px; border-width: 0; color: #dee2e6; background-color: #dee2e6; clear: both;\" \/>\n<p><strong>Conto ECN Prime:<\/strong><\/p>\n<p>Spread: 0,3<br \/>\nCosto spread: 0,3 x 10 USD = 3 USD<br \/>\nCommissione per lato: 3 USD<br \/>\nCosto totale: (3 USD)x2 + (3 USD)x2 = 6 USD + 6 USD = 12 USD per un\u2019operazione round-trip<\/p>\n<hr style=\"height: 2px; border-width: 0; color: #dee2e6; background-color: #dee2e6; clear: both;\" \/>\n<p><strong>Conto ECN Institutional:<\/strong><\/p>\n<p>Spread: 0,2<br \/>\nCosto spread: 0,2 x 10 USD = 2 USD<br \/>\nCommissione per lato: 2 USD<br \/>\nCosto totale: (2 USD)x2 + (2 USD)x2 = 4 USD + 4 USD = 8 USD per un\u2019operazione round-trip<\/p>\n<hr style=\"height: 2px; border-width: 0; color: #dee2e6; background-color: #dee2e6; clear: both;\" \/>\n<p>Come si pu\u00f2 notare dagli esempi, pi\u00f9 lo spread \u00e8 ridotto, minore sar\u00e0 il costo finale di trading. Ci\u00f2 significa che, pur applicando commissioni, i conti ECN Prime ed ECN Institutional presentano un costo complessivo per operazione sensibilmente inferiore rispetto all\u2019ECN Standard.<\/p>\n<p>Di seguito trovi le tabelle con gli spread live offerti sulle principali coppie Forex per tutti e tre i tipi di conto BlackBull. Ricorda che il broker mostra solo spread live, costantemente aggiornati e quindi non sempre corrispondenti ai valori riportati sotto.<\/p>\n<div class=\"table-responsive\">\n<table class=\"table table--colorful\">\n<thead>\n<tr>\n<th style=\"background-color: #fff;\" colspan=\"5\">Costi medi di spread con conti ECN Standard<\/th>\n<\/tr>\n<tr>\n<th>Coppia valutaria<\/th>\n<th>Spread (in pips)<\/th>\n<th>Commissione per lato<\/th>\n<th>Costo per lotto micro<\/th>\n<th>Costo per lotto standard<\/th>\n<\/tr>\n<\/thead>\n<tbody>\n<tr>\n<td>EUR\/USD<\/td>\n<td style=\"text-align: center;\">1,0<\/td>\n<td style=\"text-align: center;\">0 USD<\/td>\n<td style=\"text-align: center;\">0,10 USD<\/td>\n<td style=\"text-align: center;\">10,00 USD<\/td>\n<\/tr>\n<tr>\n<td>USD\/JPY<\/td>\n<td style=\"text-align: center;\">1,0<\/td>\n<td style=\"text-align: center;\">0 USD<\/td>\n<td style=\"text-align: center;\">0,0677 USD<\/td>\n<td style=\"text-align: center;\">6,76 USD<\/td>\n<\/tr>\n<tr>\n<td>EUR\/GBP<\/td>\n<td style=\"text-align: center;\">1,6<\/td>\n<td style=\"text-align: center;\">0 USD<\/td>\n<td style=\"text-align: center;\">0,2152 USD<\/td>\n<td style=\"text-align: center;\">21,52 USD<\/td>\n<\/tr>\n<tr>\n<td>GBP\/USD<\/td>\n<td style=\"text-align: center;\">1,0<\/td>\n<td style=\"text-align: center;\">0 USD<\/td>\n<td style=\"text-align: center;\">0,10 USD<\/td>\n<td style=\"text-align: center;\">10,00 USD<\/td>\n<\/tr>\n<tr>\n<td>AUD\/USD<\/td>\n<td style=\"text-align: center;\">1,0<\/td>\n<td style=\"text-align: center;\">0 USD<\/td>\n<td style=\"text-align: center;\">0,10 USD<\/td>\n<td style=\"text-align: center;\">10,00 USD<\/td>\n<\/tr>\n<tr>\n<td>USD\/CAD<\/td>\n<td style=\"text-align: center;\">1,1<\/td>\n<td style=\"text-align: center;\">0 USD<\/td>\n<td style=\"text-align: center;\">0,0794 USD<\/td>\n<td style=\"text-align: center;\">7,94 USD<\/td>\n<\/tr>\n<tr>\n<td>USD\/CHF<\/td>\n<td style=\"text-align: center;\">1,4<\/td>\n<td style=\"text-align: center;\">0 USD<\/td>\n<td style=\"text-align: center;\">0,1737 USD<\/td>\n<td style=\"text-align: center;\">17,37 USD<\/td>\n<\/tr>\n<tr>\n<td>USD\/CNH<\/td>\n<td style=\"text-align: center;\">4,3<\/td>\n<td style=\"text-align: center;\">0 USD<\/td>\n<td style=\"text-align: center;\">0,0601 USD<\/td>\n<td style=\"text-align: center;\">6,01 USD<\/td>\n<\/tr>\n<tr>\n<td>NZD\/USD<\/td>\n<td style=\"text-align: center;\">1,4<\/td>\n<td style=\"text-align: center;\">0 USD<\/td>\n<td style=\"text-align: center;\">0,14 USD<\/td>\n<td style=\"text-align: center;\">14,00 USD<\/td>\n<\/tr>\n<\/tbody>\n<\/table>\n<\/div>\n<p style=\"text-align: center; font-size: 13px;\"><em>*Tutti i costi di trading delle coppie valutarie sono espressi in USD<\/em><\/p>\n<div class=\"table-responsive\">\n<table class=\"table table--colorful\">\n<thead>\n<tr>\n<th style=\"background-color: #fff;\" colspan=\"5\">Costi medi di spread con conti ECN Prime<\/th>\n<\/tr>\n<tr>\n<th>Coppia valutaria<\/th>\n<th>Spread (in pips)<\/th>\n<th>Commissione per lato<\/th>\n<th>Costo per lotto micro<\/th>\n<th>Costo per lotto standard<\/th>\n<\/tr>\n<\/thead>\n<tbody>\n<tr>\n<td>EUR\/USD<\/td>\n<td style=\"text-align: center;\">0,3<\/td>\n<td style=\"text-align: center;\">3 USD\/0,030 USD<\/td>\n<td style=\"text-align: center;\">0,06 USD<\/td>\n<td style=\"text-align: center;\">6,00 USD<\/td>\n<\/tr>\n<tr>\n<td>USD\/JPY<\/td>\n<td style=\"text-align: center;\">0,3<\/td>\n<td style=\"text-align: center;\">3 USD\/0,030 USD<\/td>\n<td style=\"text-align: center;\">0,0503 USD<\/td>\n<td style=\"text-align: center;\">5,03 USD<\/td>\n<\/tr>\n<tr>\n<td>EUR\/GBP<\/td>\n<td style=\"text-align: center;\">0,9<\/td>\n<td style=\"text-align: center;\">3 USD\/0,030 USD<\/td>\n<td style=\"text-align: center;\">0,1510 USD<\/td>\n<td style=\"text-align: center;\">15,10 USD<\/td>\n<\/tr>\n<tr>\n<td>GBP\/USD<\/td>\n<td style=\"text-align: center;\">0,3<\/td>\n<td style=\"text-align: center;\">3 USD\/0,030 USD<\/td>\n<td style=\"text-align: center;\">0,06 USD<\/td>\n<td style=\"text-align: center;\">6,00 USD<\/td>\n<\/tr>\n<tr>\n<td>AUD\/USD<\/td>\n<td style=\"text-align: center;\">0,3<\/td>\n<td style=\"text-align: center;\">3 USD\/0,030 USD<\/td>\n<td style=\"text-align: center;\">0,06 USD<\/td>\n<td style=\"text-align: center;\">6,00 USD<\/td>\n<\/tr>\n<tr>\n<td>USD\/CAD<\/td>\n<td style=\"text-align: center;\">0,4<\/td>\n<td style=\"text-align: center;\">3 USD\/0,030 USD<\/td>\n<td style=\"text-align: center;\">0,0589 USD<\/td>\n<td style=\"text-align: center;\">5,89 USD<\/td>\n<\/tr>\n<tr>\n<td>USD\/CHF<\/td>\n<td style=\"text-align: center;\">0,7<\/td>\n<td style=\"text-align: center;\">3 USD\/0,030 USD<\/td>\n<td style=\"text-align: center;\">0,1169 USD<\/td>\n<td style=\"text-align: center;\">11,69 USD<\/td>\n<\/tr>\n<tr>\n<td>USD\/CNH<\/td>\n<td style=\"text-align: center;\">3,6<\/td>\n<td style=\"text-align: center;\">3 USD\/0,030 USD<\/td>\n<td style=\"text-align: center;\">0,0803 USD<\/td>\n<td style=\"text-align: center;\">8,03 USD<\/td>\n<\/tr>\n<tr>\n<td>NZD\/USD<\/td>\n<td style=\"text-align: center;\">0,7<\/td>\n<td style=\"text-align: center;\">3 USD\/0,030 USD<\/td>\n<td style=\"text-align: center;\">0,10 USD<\/td>\n<td style=\"text-align: center;\">10,00 USD<\/td>\n<\/tr>\n<\/tbody>\n<\/table>\n<\/div>\n<p style=\"text-align: center; font-size: 13px;\"><em>*Tutti i costi di trading delle coppie valutarie sono espressi in USD<\/em><\/p>\n<div class=\"table-responsive\">\n<table class=\"table table--colorful\">\n<thead>\n<tr>\n<th style=\"background-color: #fff;\" colspan=\"5\">Costi medi di spread con conti ECN Institutional<\/th>\n<\/tr>\n<tr>\n<th>Coppia valutaria<\/th>\n<th>Spread (in pips)<\/th>\n<th>Commissione per lato<\/th>\n<th>Costo per lotto micro<\/th>\n<th>Costo per lotto standard<\/th>\n<\/tr>\n<\/thead>\n<tbody>\n<tr>\n<td>EUR\/USD<\/td>\n<td style=\"text-align: center;\">0,2<\/td>\n<td style=\"text-align: center;\">2 USD\/0,020 USD<\/td>\n<td style=\"text-align: center;\">0,04 USD<\/td>\n<td style=\"text-align: center;\">4,00 USD<\/td>\n<\/tr>\n<tr>\n<td>USD\/JPY<\/td>\n<td style=\"text-align: center;\">0,2<\/td>\n<td style=\"text-align: center;\">2 USD\/0,020 USD<\/td>\n<td style=\"text-align: center;\">0,0335 USD<\/td>\n<td style=\"text-align: center;\">3,35 USD<\/td>\n<\/tr>\n<tr>\n<td>EUR\/GBP<\/td>\n<td style=\"text-align: center;\">0,8<\/td>\n<td style=\"text-align: center;\">2 USD\/0,020 USD<\/td>\n<td style=\"text-align: center;\">0,1276 USD<\/td>\n<td style=\"text-align: center;\">12,76 USD<\/td>\n<\/tr>\n<tr>\n<td>GBP\/USD<\/td>\n<td style=\"text-align: center;\">0,2<\/td>\n<td style=\"text-align: center;\">2 USD\/0,020 USD<\/td>\n<td style=\"text-align: center;\">0,04 USD<\/td>\n<td style=\"text-align: center;\">4,00 USD<\/td>\n<\/tr>\n<tr>\n<td>AUD\/USD<\/td>\n<td style=\"text-align: center;\">0,2<\/td>\n<td style=\"text-align: center;\">2 USD\/0,020 USD<\/td>\n<td style=\"text-align: center;\">0,04 USD<\/td>\n<td style=\"text-align: center;\">4,00 USD<\/td>\n<\/tr>\n<tr>\n<td>USD\/CAD<\/td>\n<td style=\"text-align: center;\">0,3<\/td>\n<td style=\"text-align: center;\">2 USD\/0,020 USD<\/td>\n<td style=\"text-align: center;\">0,0417 USD<\/td>\n<td style=\"text-align: center;\">4,17 USD<\/td>\n<\/tr>\n<tr>\n<td>USD\/CHF<\/td>\n<td style=\"text-align: center;\">0,6<\/td>\n<td style=\"text-align: center;\">2 USD\/0,020 USD<\/td>\n<td style=\"text-align: center;\">0,0944 USD<\/td>\n<td style=\"text-align: center;\">9,44 USD<\/td>\n<\/tr>\n<tr>\n<td>USD\/CNH<\/td>\n<td style=\"text-align: center;\">3,5<\/td>\n<td style=\"text-align: center;\">2 USD\/0,020 USD<\/td>\n<td style=\"text-align: center;\">0,0689 USD<\/td>\n<td style=\"text-align: center;\">6,89 USD<\/td>\n<\/tr>\n<tr>\n<td>NZD\/USD<\/td>\n<td style=\"text-align: center;\">0,6<\/td>\n<td style=\"text-align: center;\">2 USD\/0,020 USD<\/td>\n<td style=\"text-align: center;\">0,08 USD<\/td>\n<td style=\"text-align: center;\">8,00 USD<\/td>\n<\/tr>\n<\/tbody>\n<\/table>\n<\/div>\n<p style=\"text-align: center; font-size: 13px;\"><em>*Tutti i costi di trading delle coppie valutarie sono espressi in USD<\/em><\/p>\n<h2 id=\"overnight\"><i class=\"ico ico--clock\"><\/i>Costi di finanziamento overnight di BlackBull<\/h2>\n<p>Oltre a spread e commissioni, se mantieni le posizioni aperte durante la notte potresti incorrere in commissioni swap, ovvero interessi pagati o ricevuti dai trader. BlackBull calcola i tassi swap in base ai tassi di interesse forniti da banche di primo livello globali e da provider di liquidit\u00e0.<\/p>\n<blockquote><p>Per il calcolo degli swap, BlackBull utilizza la seguente formula:<\/p>\n<p>(Un punto \/ Tasso di cambio) x Dimensione della posizione (o dimensione del lotto) x Valore swap (espresso in punti)<\/p><\/blockquote>\n<p>Anche se \u00e8 utile sapere come il broker calcola i propri tassi swap, non \u00e8 necessario ripetere tali calcoli ogni volta che prevedi di mantenere posizioni aperte overnight. Puoi invece utilizzare il <strong>calcolatore di swap<\/strong> di BlackBull: seleziona lo strumento, la valuta base del tuo conto e la dimensione della posizione per visualizzare istantaneamente i tassi swap applicati.<\/p>\n<p>Dato che i tassi swap dipendono da molteplici condizioni di mercato, vengono aggiornati costantemente. Di seguito riportiamo comunque gli attuali tassi swap in USD per alcune popolari coppie Forex, con valori sia per le posizioni long sia per quelle short.<\/p>\n<div class=\"table-responsive\">\n<table class=\"table table--colorful\">\n<thead>\n<tr>\n<th style=\"background-color: #fff;\" colspan=\"5\">Tassi swap sulle principali coppie Forex (lotto standard)<\/th>\n<\/tr>\n<tr>\n<th>Simbolo<\/th>\n<th>Valuta base<\/th>\n<th>Volume in lotti<\/th>\n<th>Swap long della coppia in valuta base<\/th>\n<th>Swap short della coppia in valuta base<\/th>\n<\/tr>\n<\/thead>\n<tbody>\n<tr>\n<td>EUR\/USD<\/td>\n<td style=\"text-align: center;\">USD<\/td>\n<td style=\"text-align: center;\">1<\/td>\n<td style=\"text-align: center;\">-12,62990<\/td>\n<td style=\"text-align: center;\">3,96510<\/td>\n<\/tr>\n<tr>\n<td>USD\/JPY<\/td>\n<td style=\"text-align: center;\">USD<\/td>\n<td style=\"text-align: center;\">1<\/td>\n<td style=\"text-align: center;\">7,91500<\/td>\n<td style=\"text-align: center;\">-28,13400<\/td>\n<\/tr>\n<tr>\n<td>EUR\/GBP<\/td>\n<td style=\"text-align: center;\">USD<\/td>\n<td style=\"text-align: center;\">1<\/td>\n<td style=\"text-align: center;\">-4,97852<\/td>\n<td style=\"text-align: center;\">0,91176<\/td>\n<\/tr>\n<tr>\n<td>GBP\/USD<\/td>\n<td style=\"text-align: center;\">USD<\/td>\n<td style=\"text-align: center;\">1<\/td>\n<td style=\"text-align: center;\">-4,01910<\/td>\n<td style=\"text-align: center;\">-2,96420<\/td>\n<\/tr>\n<tr>\n<td>AUD\/USD<\/td>\n<td style=\"text-align: center;\">USD<\/td>\n<td style=\"text-align: center;\">1<\/td>\n<td style=\"text-align: center;\">-4,04550<\/td>\n<td style=\"text-align: center;\">-1,81910<\/td>\n<\/tr>\n<tr>\n<td>USD\/CAD<\/td>\n<td style=\"text-align: center;\">USD<\/td>\n<td style=\"text-align: center;\">1<\/td>\n<td style=\"text-align: center;\">1,50000<\/td>\n<td style=\"text-align: center;\">-6,57000<\/td>\n<\/tr>\n<tr>\n<td>USD\/CHF<\/td>\n<td style=\"text-align: center;\">USD<\/td>\n<td style=\"text-align: center;\">1<\/td>\n<td style=\"text-align: center;\">5,79570<\/td>\n<td style=\"text-align: center;\">-15,21600<\/td>\n<\/tr>\n<tr>\n<td>NZD\/USD<\/td>\n<td style=\"text-align: center;\">USD<\/td>\n<td style=\"text-align: center;\">1<\/td>\n<td style=\"text-align: center;\">-4,23800<\/td>\n<td style=\"text-align: center;\">-0,18600<\/td>\n<\/tr>\n<\/tbody>\n<\/table>\n<\/div>\n<p>Ricorda che <strong>il mercoled\u00ec gli swap vengono addebitati in misura tripla<\/strong>, perch\u00e9 il mercato resta chiuso il sabato e la domenica e quindi non \u00e8 possibile applicare swap nel fine settimana.<\/p>\n<h2 id=\"swap\"><i class=\"ico ico--islamic-account\"><\/i>Costi del trading senza swap su BlackBull<\/h2>\n<p>Per i trader che, per motivi religiosi, non possono pagare o ricevere interessi, BlackBull offre il <strong>trading senza swap<\/strong> sui conti ECN Standard o ECN Prime. Il broker consiglia ai titolari di conti senza swap di dedicarsi prevalentemente al day trading ed evitare di mantenere posizioni aperte overnight.<\/p>\n<p>Pur non addebitando interessi o altre commissioni, se mantieni posizioni aperte durante la notte il tuo conto senza swap rischia di <strong>tornare a un conto ECN Standard o ECN Prime regolare<\/strong>, con conseguente applicazione di swap su tutte le posizioni aperte overnight.<\/p>\n<h2 id=\"other\"><i class=\"ico ico--administration-fees\"><\/i>Costi non di trading di BlackBull<\/h2>\n<p>Dopo aver esaminato tutte le commissioni di trading che potrebbero applicarsi alle tue operazioni con BlackBull, \u00e8 utile soffermarsi anche sui costi non legati al trading. Qualunque sia il tipo di conto scelto, potrai utilizzare <strong>diversi metodi comodi<\/strong> per finanziare il tuo wallet di trading. Il broker non applica commissioni sui depositi effettuati sul conto BlackBull. Per contro, ogni prelievo comporta l\u2019addebito di <strong>una piccola commissione di 5 USD<\/strong>.<\/p>\n<p>Aprire un conto con BlackBull \u00e8 completamente gratuito, ma se non viene registrata alcuna attivit\u00e0 di trading per oltre 90 giorni, il broker addebiter\u00e0 <strong>una commissione di inattivit\u00e0 di 5 USD<\/strong>. Prima dello scadere del periodo di grazia di 90 giorni, riceverai una notifica relativa all\u2019addebito imminente. Se il conto rimane inattivo, la commissione di 5 USD verr\u00e0 applicata ogni mese successivo. Qualora il saldo dovesse azzerarsi dopo l\u2019addebito della commissione di inattivit\u00e0, il broker si riserva il diritto di chiudere il conto.<\/p>\n<p>Per i trader che desiderano migliorare l\u2019esperienza di trading riducendo la latenza, ottimizzando le operazioni automatiche e sbloccando funzionalit\u00e0 esclusive, alcuni partner di BlackBull offrono un servizio VPS. L\u2019accesso al VPS richiede <strong>un abbonamento a pagamento a partire da 30 USD al mese<\/strong>. I trader attivi con volumi pi\u00f9 elevati possono ottenere riduzioni sui costi di abbonamento al servizio VPS.<\/p>\n<div class=\"table-responsive\">\n<table class=\"table\">\n<thead>\n<tr>\n<th colspan=\"2\">Costi non di trading di BlackBull<\/th>\n<\/tr>\n<\/thead>\n<tbody>\n<tr>\n<td>Commissioni di deposito<\/td>\n<td>Gratuito<\/td>\n<\/tr>\n<tr>\n<td>Commissioni di prelievo<\/td>\n<td>5 USD<\/td>\n<\/tr>\n<tr>\n<td>Commissione di apertura conto<\/td>\n<td>Gratuito<\/td>\n<\/tr>\n<tr>\n<td>Commissione di inattivit\u00e0<\/td>\n<td>5 USD<\/td>\n<\/tr>\n<tr>\n<td>Abbonamento VPS<\/td>\n<td>Da 30 USD al mese<\/td>\n<\/tr>\n<\/tbody>\n<\/table>\n<\/div>\n<h2 id=\"conclusion\"><i class=\"ico ico--pen\"><\/i>Considerazioni finali sulle commissioni di BlackBull<\/h2>\n<p>I trader che scelgono BlackBull possono beneficiare di condizioni di trading competitive attraverso vari tipi di conto. A prescindere che tu sia un principiante interessato a operazioni di piccola entit\u00e0 o un trader con volumi elevati, su BlackBull puoi trovare la soluzione pi\u00f9 adatta e <strong>sostenere costi molto contenuti<\/strong>. Spread ridotti e commissioni basse sono tra i principali vantaggi dell\u2019operare con questo broker.<\/p>\n<p>Purtroppo, i clienti possono incorrere in alcuni costi non legati al trading: i conti dormienti sono soggetti a <strong>una commissione di inattivit\u00e0 di 5 USD<\/strong> e ogni prelievo, indipendentemente dal metodo di pagamento scelto, comporta un addebito di 5 USD. A parte questi oneri, non sono previste altre spese che possano incidere sui costi complessivi di trading, rendendo l\u2019esperienza con BlackBull particolarmente conveniente.<\/p>\n","protected":false},"excerpt":{"rendered":"<p>Grazie a oltre 26.000 strumenti di trading, piattaforme innovative e commissioni contenute, BlackBull offre alcune delle condizioni di trading pi\u00f9 competitive sul mercato. Per aiutarti a comprendere i costi di trading con BlackBull, abbiamo esaminato tutte le commissioni di trading e non di trading, che potresti incontrare come cliente del broker. Spread, commissioni e tassi [&hellip;]<\/p>\n","protected":false},"author":2,"featured_media":0,"parent":6229,"menu_order":0,"comment_status":"closed","ping_status":"closed","template":"templates\/review.php","meta":{"footnotes":""},"class_list":["post-59680","page","type-page","status-publish","hentry"],"aioseo_notices":[],"_links":{"self":[{"href":"https:\/\/www.bestbrokers.com\/it\/wp-json\/wp\/v2\/pages\/59680","targetHints":{"allow":["GET"]}}],"collection":[{"href":"https:\/\/www.bestbrokers.com\/it\/wp-json\/wp\/v2\/pages"}],"about":[{"href":"https:\/\/www.bestbrokers.com\/it\/wp-json\/wp\/v2\/types\/page"}],"author":[{"embeddable":true,"href":"https:\/\/www.bestbrokers.com\/it\/wp-json\/wp\/v2\/users\/2"}],"replies":[{"embeddable":true,"href":"https:\/\/www.bestbrokers.com\/it\/wp-json\/wp\/v2\/comments?post=59680"}],"version-history":[{"count":9,"href":"https:\/\/www.bestbrokers.com\/it\/wp-json\/wp\/v2\/pages\/59680\/revisions"}],"predecessor-version":[{"id":74108,"href":"https:\/\/www.bestbrokers.com\/it\/wp-json\/wp\/v2\/pages\/59680\/revisions\/74108"}],"up":[{"embeddable":true,"href":"https:\/\/www.bestbrokers.com\/it\/wp-json\/wp\/v2\/pages\/6229"}],"wp:attachment":[{"href":"https:\/\/www.bestbrokers.com\/it\/wp-json\/wp\/v2\/media?parent=59680"}],"curies":[{"name":"wp","href":"https:\/\/api.w.org\/{rel}","templated":true}]}}