{"id":59681,"date":"2025-03-19T09:39:43","date_gmt":"2025-03-19T09:39:43","guid":{"rendered":"https:\/\/www.bestbrokers.com\/?page_id=59681"},"modified":"2025-10-21T13:35:47","modified_gmt":"2025-10-21T13:35:47","slug":"spreads-fees-and-commissions","status":"publish","type":"page","link":"https:\/\/www.bestbrokers.com\/it\/reviews\/oanda\/spreads-fees-and-commissions\/","title":{"rendered":"Spread, costi e commissioni di OANDA"},"content":{"rendered":"<div class=\"author-line\">Scritto da <span class=\"author\">Zornitsa Stefanova<div class=\"author-sub-box\"><div class=\"author-avatar\"><img decoding=\"async\" src=\"https:\/\/www.bestbrokers.com\/wp-content\/uploads\/2024\/09\/zornica-stefanova.jpeg\" \/><\/div><div class=\"author-info-wrapper\"><div class=\"author-name\"><a href=\"https:\/\/www.bestbrokers.com\/it\/authors\/zornitsa-stefanova\/\">Zornitsa Stefanova<\/a><\/div><div class=\"author-bio\">Zornitsa Stefanova \u00e8 un\u2019analista esperta di forex e criptovalute. Copre anche vari argomenti finanziari come il trading di azioni e gli investimenti per la pensione.<\/div><\/div><\/div><\/span>,  <a rel=\"nofollow\" target=\"_blank\" href=\"https:\/\/www.linkedin.com\/in\/zornica-stefanova-73ab39287\/\"><img decoding=\"async\" class=\"social-icon\" src=\"https:\/\/www.bestbrokers.com\/wp-content\/themes\/best-brokers\/assets\/images\/icon-linkedin.svg\" data-no-lazy=\"1\"><\/a> <span class=\"sep\">|<\/span> Tradotto da <span class=\"author\">Luca Mele<div class=\"author-sub-box\"><div class=\"author-avatar\"><img decoding=\"async\" src=\"https:\/\/www.bestbrokers.com\/wp-content\/uploads\/2024\/09\/luca-mele.jpeg\" \/><\/div><div class=\"author-info-wrapper\"><div class=\"author-name\"><a href=\"https:\/\/www.bestbrokers.com\/it\/authors\/luca-mele\/\">Luca Mele<\/a><\/div><div class=\"author-bio\">Luca Mele \u00e8 un traduttore professionista specializzato in vari argomenti, tra cui investimenti e trading con diversi strumenti come forex, azioni, criptovalute e materie prime.<\/div><\/div><\/div><\/span>, <a rel=\"nofollow\" target=\"_blank\" href=\"https:\/\/www.linkedin.com\/in\/luca-mele\/?locale=it_IT\"><img decoding=\"async\" class=\"social-icon\" src=\"https:\/\/www.bestbrokers.com\/wp-content\/themes\/best-brokers\/assets\/images\/icon-linkedin.svg\" data-no-lazy=\"1\"><\/a> <span class=\"sep\">|<\/span> Aggiornato: <time class=\"entry-date\" datetime=\"2025-10-21T13:35:47+00:00\">Ottobre 21, 2025<\/time><\/div>\n<p>OANDA \u00e8 un broker di fama mondiale che accoglie trader provenienti da Europa, Asia, Stati Uniti e da altre aree geografiche. La sua offerta Forex \u00e8 degna di nota, perch\u00e9 comprende oltre 60 coppie di valute, tra maggiori, minori ed esotiche. Dato che il trading valutario comporta una serie di costi che possono incidere notevolmente sull\u2019esperienza operativa degli appassionati di Forex, il nostro team ha deciso di analizzare in dettaglio la struttura complessiva delle commissioni di OANDA.<\/p>\n<h2 id=\"costs\"><i class=\"ico ico--money-supply\"><\/i>Costi di trading su OANDA<\/h2>\n<p>Presso alcune entit\u00e0 di OANDA \u00e8 possibile scegliere tra due principali modelli di prezzo: solo spread e core pricing + commissione. Nel secondo caso, il &#8220;core pricing&#8221; corrisponde agli spread, generalmente pi\u00f9 ridotti rispetto a quelli del primo modello. Ricordiamo inoltre che i tipi di conto di OANDA sono Standard Trader, Premium Trader e Premium Plus Trader. Solo il conto Premium Plus Trader prevede lo schema a spread ridotto. Questi modelli tariffari sono disponibili per i trader negli Stati Uniti, in Australia e nelle nazioni in cui opera OANDA Global Markets Ltd.<\/p>\n<h3><i class=\"ico ico--pro-ecn-account\"><\/i>Costi con solo spread<\/h3>\n<p>OANDA propone due modelli di prezzo ai suoi clienti, a partire da quello in cui i costi sono incorporati nello spread. In questo schema, operando sulla coppia EUR\/USD si ottiene uno spread medio di 1,0 pip. Se la valuta di base del conto \u00e8 il dollaro statunitense, lo spread equivale a un costo di 10 USD per lotto standard, risultato della moltiplicazione di 0,00010 per 100.000 unit\u00e0 di valuta. Non sono previste commissioni.<\/p>\n<p>\u00c8 inoltre possibile fare trading su micro lotti. Nel caso della coppia EUR\/USD, si moltiplica lo spread per 1.000, ottenendo un costo di 0,10 USD. I costi di altre coppie di valute sono riassunti nella tabella seguente:<\/p>\n<div class=\"table-responsive\">\n<table class=\"table table--colorful\">\n<thead>\n<tr>\n<th style=\"background-color: #fff;\" colspan=\"5\">Costi medi degli spread con modello solo spread<\/th>\n<\/tr>\n<tr>\n<th>Coppia di valute<\/th>\n<th>Spread<\/th>\n<th>Commissione per lotto, per lato<\/th>\n<th>Costo per lotto micro<\/th>\n<th>Costo per lotto standard<\/th>\n<\/tr>\n<\/thead>\n<tbody>\n<tr>\n<td>AUD\/USD<\/td>\n<td style=\"text-align: center;\">1,1<\/td>\n<td style=\"text-align: center;\">0 USD<\/td>\n<td style=\"text-align: center;\">0,1100 USD<\/td>\n<td style=\"text-align: center;\">11,00 USD<\/td>\n<\/tr>\n<tr>\n<td>EUR\/GBP<\/td>\n<td style=\"text-align: center;\">1,1<\/td>\n<td style=\"text-align: center;\">0 USD<\/td>\n<td style=\"text-align: center;\">0,1482 USD<\/td>\n<td style=\"text-align: center;\">14,82 USD<\/td>\n<\/tr>\n<tr>\n<td>EUR\/JPY<\/td>\n<td style=\"text-align: center;\">1,6<\/td>\n<td style=\"text-align: center;\">0 USD<\/td>\n<td style=\"text-align: center;\">0,1085 USD<\/td>\n<td style=\"text-align: center;\">10,85 USD<\/td>\n<\/tr>\n<tr>\n<td>EUR\/USD<\/td>\n<td style=\"text-align: center;\">1,0<\/td>\n<td style=\"text-align: center;\">0 USD<\/td>\n<td style=\"text-align: center;\">0,1000 USD<\/td>\n<td style=\"text-align: center;\">10,00 USD<\/td>\n<\/tr>\n<tr>\n<td>GBP\/JPY<\/td>\n<td style=\"text-align: center;\">1,0<\/td>\n<td style=\"text-align: center;\">0 USD<\/td>\n<td style=\"text-align: center;\">0,0678 USD<\/td>\n<td style=\"text-align: center;\">6,78 USD<\/td>\n<\/tr>\n<tr>\n<td>GBP\/USD<\/td>\n<td style=\"text-align: center;\">1,2<\/td>\n<td style=\"text-align: center;\">0 USD<\/td>\n<td style=\"text-align: center;\">0,1200 USD<\/td>\n<td style=\"text-align: center;\">12,00 USD<\/td>\n<\/tr>\n<tr>\n<td>NZD\/USD<\/td>\n<td style=\"text-align: center;\">1,4<\/td>\n<td style=\"text-align: center;\">0 USD<\/td>\n<td style=\"text-align: center;\">0,1400 USD<\/td>\n<td style=\"text-align: center;\">14,00 USD<\/td>\n<\/tr>\n<tr>\n<td>USD\/CAD<\/td>\n<td style=\"text-align: center;\">1,5<\/td>\n<td style=\"text-align: center;\">0 USD<\/td>\n<td style=\"text-align: center;\">0,1083 USD<\/td>\n<td style=\"text-align: center;\">10,83 USD<\/td>\n<\/tr>\n<tr>\n<td>USD\/CHF<\/td>\n<td style=\"text-align: center;\">1,3<\/td>\n<td style=\"text-align: center;\">0 USD<\/td>\n<td style=\"text-align: center;\">0,1614 USD<\/td>\n<td style=\"text-align: center;\">16,14 USD<\/td>\n<\/tr>\n<tr>\n<td>USD\/JPY<\/td>\n<td style=\"text-align: center;\">1,1<\/td>\n<td style=\"text-align: center;\">0 USD<\/td>\n<td style=\"text-align: center;\">0,0746 USD<\/td>\n<td style=\"text-align: center;\">7,46 USD<\/td>\n<\/tr>\n<\/tbody>\n<\/table>\n<\/div>\n<p style=\"text-align: center; font-size: 13px;\"><em>*Per semplicit\u00e0, i costi medi sono stati calcolati per operazioni da 100.000 e 1.000 USD senza leva. Tutti i costi di spread sono indicati in dollari statunitensi e riflettono le spese sostenute all\u2019apertura di una posizione (cio\u00e8 in una sola direzione dell\u2019operazione).<\/em><\/p>\n<h3><i class=\"ico ico--account\"><\/i>Costi con commissione + core pricing<\/h3>\n<p>L\u2019altro modello di prezzo prevede spread pi\u00f9 bassi e una commissione fissa di 5 USD per lato. Applicando gli stessi calcoli allo spread della coppia EUR\/USD (0,1 pip) otteniamo: 0,00001 \u00d7 100.000 = 1 USD.<\/p>\n<p>Stabilito il core pricing, non resta che aggiungere la commissione. Si ottiene cos\u00ec un costo di 6 USD per lotto standard, nettamente inferiore ai 10 USD previsti dal modello solo spread. Nel caso dei micro lotti, il costo ammonta a 0,06 USD dopo aver sommato lo spread di base e la commissione applicata al microlotto.<\/p>\n<p>Come gi\u00e0 accennato, questo modello tariffario \u00e8 esclusivo del conto Premium Plus Trader. Se desideri provarlo e conoscere i costi di coppie come USD\/JPY, AUD\/USD e altre, la tabella seguente ti sar\u00e0 utile:<\/p>\n<div class=\"table-responsive\">\n<table class=\"table table--colorful\">\n<thead>\n<tr>\n<th style=\"background-color: #fff;\" colspan=\"5\">Costi medi degli spread con modello commissione + core pricing<\/th>\n<\/tr>\n<tr>\n<th>Coppia di valute<\/th>\n<th>Spread<\/th>\n<th>Commissione per lotto, per lato<\/th>\n<th>Costo per lotto micro<\/th>\n<th>Costo per lotto standard<\/th>\n<\/tr>\n<\/thead>\n<tbody>\n<tr>\n<td>AUD\/USD<\/td>\n<td style=\"text-align: center;\">0,3*<\/td>\n<td style=\"text-align: center;\">0,05 USD**\/5,00 USD<\/td>\n<td style=\"text-align: center;\">0,0703 USD<\/td>\n<td style=\"text-align: center;\">7,03 USD<\/td>\n<\/tr>\n<tr>\n<td>EUR\/GBP<\/td>\n<td style=\"text-align: center;\">0,2<\/td>\n<td style=\"text-align: center;\">0,05 USD\/5,00 USD<\/td>\n<td style=\"text-align: center;\">0,0636 USD<\/td>\n<td style=\"text-align: center;\">6,36 USD<\/td>\n<\/tr>\n<tr>\n<td>EUR\/JPY<\/td>\n<td style=\"text-align: center;\">0,6<\/td>\n<td style=\"text-align: center;\">0,05 USD\/5,00 USD<\/td>\n<td style=\"text-align: center;\">0,0907 USD<\/td>\n<td style=\"text-align: center;\">9,07 USD<\/td>\n<\/tr>\n<tr>\n<td>EUR\/USD<\/td>\n<td style=\"text-align: center;\">0,1<\/td>\n<td style=\"text-align: center;\">0,05 USD\/5,00 USD<\/td>\n<td style=\"text-align: center;\">0,0600 USD<\/td>\n<td style=\"text-align: center;\">6,00 USD<\/td>\n<\/tr>\n<tr>\n<td>GBP\/JPY<\/td>\n<td style=\"text-align: center;\">0,3<\/td>\n<td style=\"text-align: center;\">0,05 USD\/5,00 USD<\/td>\n<td style=\"text-align: center;\">0,0703 USD<\/td>\n<td style=\"text-align: center;\">7,03 USD<\/td>\n<\/tr>\n<tr>\n<td>GBP\/USD<\/td>\n<td style=\"text-align: center;\">0,1<\/td>\n<td style=\"text-align: center;\">0,05 USD\/5,00 USD<\/td>\n<td style=\"text-align: center;\">0,0600 USD<\/td>\n<td style=\"text-align: center;\">6,00 USD<\/td>\n<\/tr>\n<tr>\n<td>NZD\/USD<\/td>\n<td style=\"text-align: center;\">0,4<\/td>\n<td style=\"text-align: center;\">0,05 USD\/5,00 USD<\/td>\n<td style=\"text-align: center;\">0,0900 USD<\/td>\n<td style=\"text-align: center;\">9,00 USD<\/td>\n<\/tr>\n<tr>\n<td>USD\/CAD<\/td>\n<td style=\"text-align: center;\">0,3<\/td>\n<td style=\"text-align: center;\">0,05 USD\/5,00 USD<\/td>\n<td style=\"text-align: center;\">0,0717 USD<\/td>\n<td style=\"text-align: center;\">7,17 USD<\/td>\n<\/tr>\n<tr>\n<td>USD\/CHF<\/td>\n<td style=\"text-align: center;\">0,1<\/td>\n<td style=\"text-align: center;\">0,05 USD\/5,00 USD<\/td>\n<td style=\"text-align: center;\">0,0624 USD<\/td>\n<td style=\"text-align: center;\">6,24 USD<\/td>\n<\/tr>\n<tr>\n<td>USD\/JPY<\/td>\n<td style=\"text-align: center;\">0,1<\/td>\n<td style=\"text-align: center;\">0,05 USD\/5,00 USD<\/td>\n<td style=\"text-align: center;\">0,0568 USD<\/td>\n<td style=\"text-align: center;\">5,68 USD<\/td>\n<\/tr>\n<\/tbody>\n<\/table>\n<\/div>\n<p style=\"text-align: center; font-size: 13px;\"><em>*I valori corrispondono ai costi medi dello spread del modello core pricing. **Il primo valore indica la commissione addebitata per micro lotto per ciascun lato dell\u2019operazione. <strong>Il costo per lotto include le spese complessive di spread e commissione<\/strong>.<\/em><\/p>\n<h2 id=\"overnight\"><i class=\"ico ico--clock\"><\/i>Costi di finanziamento overnight di OANDA<\/h2>\n<p>Secondo la pagina sui costi di finanziamento di OANDA, le spese vengono pubblicate ogni giorno poco dopo le 17:00 ET. OANDA indica sia i tassi annualizzati sia i costi giornalieri. Per il Forex, le commissioni di finanziamento sono calcolate su 100.000 unit\u00e0 di valuta. Per gli altri strumenti, le unit\u00e0 di riferimento sono:<\/p>\n<ul class=\"list-checks\">\n<li>CFD su azioni: 100 unit\u00e0<\/li>\n<li>Indici: 1 unit\u00e0<\/li>\n<li>Metalli: 10 unit\u00e0 (escluso il rame)<\/li>\n<li>Materie prime (incluso il rame): 100 unit\u00e0<\/li>\n<\/ul>\n<p>La tabella seguente mostra i tassi swap sul Forex pubblicati da OANDA il 26.08.2025. Ricorda che, consultando la pagina &#8220;Financing Costs&#8221; di OANDA, potrai trovare i tassi aggiornati giornalieri; le aliquote definitive applicate alle tue posizioni potrebbero tuttavia differire leggermente da quanto indicato in base al tipo di conto.<\/p>\n<div class=\"table-responsive\">\n<table class=\"table table--colorful\">\n<thead>\n<tr>\n<th style=\"background-color: #fff;\" colspan=\"8\">Commissioni swap OANDA (26.08.2025)<\/th>\n<\/tr>\n<tr>\n<th>Coppia di valute<\/th>\n<th>Valuta di base<\/th>\n<th>Volume in lotti<\/th>\n<th>Tasso long annualizzato<\/th>\n<th>Tasso short annualizzato<\/th>\n<th>Long<\/th>\n<th>Short<\/th>\n<th>Numero di giorni<\/th>\n<\/tr>\n<\/thead>\n<tbody>\n<tr>\n<td>AUD\/USD<\/td>\n<td style=\"text-align: center;\">USD<\/td>\n<td style=\"text-align: center;\">1<\/td>\n<td style=\"text-align: center;\">-1,71%<\/td>\n<td style=\"text-align: center;\">-0,34%<\/td>\n<td style=\"text-align: center;\">-3,04 USD<\/td>\n<td style=\"text-align: center;\">-0,60 USD<\/td>\n<td style=\"text-align: center;\">1<\/td>\n<\/tr>\n<tr>\n<td>EUR\/GBP<\/td>\n<td style=\"text-align: center;\">USD<\/td>\n<td style=\"text-align: center;\">1<\/td>\n<td style=\"text-align: center;\">-3,01%<\/td>\n<td style=\"text-align: center;\">0,94%<\/td>\n<td style=\"text-align: center;\">-9,60 USD<\/td>\n<td style=\"text-align: center;\">3,00 USD<\/td>\n<td style=\"text-align: center;\">1<\/td>\n<\/tr>\n<tr>\n<td>EUR\/JPY<\/td>\n<td style=\"text-align: center;\">USD<\/td>\n<td style=\"text-align: center;\">1<\/td>\n<td style=\"text-align: center;\">0,52%<\/td>\n<td style=\"text-align: center;\">-2,55%<\/td>\n<td style=\"text-align: center;\">1,66 USD<\/td>\n<td style=\"text-align: center;\">-8,14 USD<\/td>\n<td style=\"text-align: center;\">1<\/td>\n<\/tr>\n<tr>\n<td>EUR\/USD<\/td>\n<td style=\"text-align: center;\">USD<\/td>\n<td style=\"text-align: center;\">1<\/td>\n<td style=\"text-align: center;\">-3,44%<\/td>\n<td style=\"text-align: center;\">1,41%<\/td>\n<td style=\"text-align: center;\">-10,98 USD<\/td>\n<td style=\"text-align: center;\">4,50 USD<\/td>\n<td style=\"text-align: center;\">1<\/td>\n<\/tr>\n<tr>\n<td>GBP\/USD<\/td>\n<td style=\"text-align: center;\">USD<\/td>\n<td style=\"text-align: center;\">1<\/td>\n<td style=\"text-align: center;\">-1,46%<\/td>\n<td style=\"text-align: center;\">-0,57%<\/td>\n<td style=\"text-align: center;\">-5,39 USD<\/td>\n<td style=\"text-align: center;\">-2,11 USD<\/td>\n<td style=\"text-align: center;\">1<\/td>\n<\/tr>\n<tr>\n<td>NZD\/USD<\/td>\n<td style=\"text-align: center;\">USD<\/td>\n<td style=\"text-align: center;\">1<\/td>\n<td style=\"text-align: center;\">-2,52%<\/td>\n<td style=\"text-align: center;\">0,42%<\/td>\n<td style=\"text-align: center;\">-4,04 USD<\/td>\n<td style=\"text-align: center;\">0,67 USD<\/td>\n<td style=\"text-align: center;\">1<\/td>\n<\/tr>\n<tr>\n<td>USD\/CAD<\/td>\n<td style=\"text-align: center;\">USD<\/td>\n<td style=\"text-align: center;\">1<\/td>\n<td style=\"text-align: center;\">0,71%<\/td>\n<td style=\"text-align: center;\">-2,78%<\/td>\n<td style=\"text-align: center;\">1,95 USD<\/td>\n<td style=\"text-align: center;\">-7,62 USD<\/td>\n<td style=\"text-align: center;\">1<\/td>\n<\/tr>\n<tr>\n<td>USD\/CHF<\/td>\n<td style=\"text-align: center;\">USD<\/td>\n<td style=\"text-align: center;\">1<\/td>\n<td style=\"text-align: center;\">3,47%<\/td>\n<td style=\"text-align: center;\">-5,55%<\/td>\n<td style=\"text-align: center;\">9,51 USD<\/td>\n<td style=\"text-align: center;\">-15,21 USD<\/td>\n<td style=\"text-align: center;\">1<\/td>\n<\/tr>\n<tr>\n<td>USD\/JPY<\/td>\n<td style=\"text-align: center;\">USD<\/td>\n<td style=\"text-align: center;\">1<\/td>\n<td style=\"text-align: center;\">2,95%<\/td>\n<td style=\"text-align: center;\">-4,97%<\/td>\n<td style=\"text-align: center;\">8,08 USD<\/td>\n<td style=\"text-align: center;\">-13,62 USD<\/td>\n<td style=\"text-align: center;\">1<\/td>\n<\/tr>\n<\/tbody>\n<\/table>\n<\/div>\n<h2 id=\"swap\"><i class=\"ico ico--islamic-account\"><\/i>Costi di trading senza swap su OANDA<\/h2>\n<p>\u00c8 importante sottolineare che non tutte le entit\u00e0 di OANDA offrono conti senza swap. Tale prassi \u00e8 stata sospesa per l\u2019entit\u00e0 regolamentata dalla BVI Financial Services Commission. Se desideri operare senza swap, OANDA Global Markets Ltd non rappresenta quindi un\u2019opzione valida.<\/p>\n<p>Altre entit\u00e0 di OANDA, come quella statunitense, consentono il trading senza swap e applicano una commissione amministrativa sui conti senza swap (4% sulle coppie in TRY, 2% su quelle in CZK, HUF, SAR, THB e ZAR e 1% sulle altre coppie).<\/p>\n<h2 id=\"other\"><i class=\"ico ico--administration-fees\"><\/i>Costi non di trading di OANDA<\/h2>\n<p>Per avere una visione completa di quanto costa fare trading con OANDA, gli appassionati di Forex devono prendere in considerazione anche le commissioni non legate all\u2019attivit\u00e0 di trading che il broker potrebbe applicare. Ecco un breve riepilogo di tali costi:<\/p>\n<div class=\"table-responsive\">\n<table class=\"table\">\n<thead>\n<tr>\n<th colspan=\"2\">Panoramica dei costi OANDA<\/th>\n<\/tr>\n<\/thead>\n<tbody>\n<tr>\n<td>Commissioni di deposito<\/td>\n<td>Gratuito<\/td>\n<\/tr>\n<tr>\n<td>Commissioni di prelievo<\/td>\n<td>20 USD (BVI, solo bonifici bancari)<\/td>\n<\/tr>\n<tr>\n<td>Commissioni di apertura conto<\/td>\n<td>Gratuito<\/td>\n<\/tr>\n<tr>\n<td>Commissione di inattivit\u00e0<\/td>\n<td>10 unit\u00e0 di valuta al mese dopo 12 mesi di inattivit\u00e0<\/td>\n<\/tr>\n<tr>\n<td>Abbonamento hosting VPS<\/td>\n<td>\n<ul class=\"list-checks\">\n<li>Canone mensile Liquidity Connect: 30 USD (VPS1); 50 USD (VPS2); 75 USD (VPS3); 95 USD (VPS4)<\/li>\n<li>Canone mensile Beeks: 30 \u00a3 (Bronze); 53 \u00a3 (Silver); 94 \u00a3 (Gold)<\/li>\n<li>I titolari di conto Premium Plus Trader possono usufruire di un VPS gratuito.<\/li>\n<\/ul>\n<\/td>\n<\/tr>\n<\/tbody>\n<\/table>\n<\/div>\n<p>Nella maggior parte dei casi, OANDA non applica commissioni sulle transazioni. I depositi sono gratuiti, non \u00e8 previsto alcun costo di apertura conto e la maggior parte delle soluzioni di prelievo non comporta commissioni da parte di OANDA. Fanno eccezione i prelievi tramite bonifico bancario: i clienti di OANDA Global Markets Ltd, regolamentata dalla British Virgin Islands Financial Services Commission, dovranno pagare 20 USD per transazione quando utilizzano questo metodo.<\/p>\n<p>Si possono sostenere altri costi se si decide di operare tramite un virtual private server, o VPS. Questo strumento offre velocit\u00e0 di esecuzione superiori e rende pi\u00f9 sicuro il trading. OANDA ha stretto una collaborazione con due servizi VPS, a partire da BeeksFX. I suoi server si trovano a Londra e i clienti Beeks possono beneficiare di diversi vantaggi a seconda del piano scelto. Di seguito una breve panoramica delle offerte del provider:<\/p>\n<ul class=\"list-checks\">\n<li>Bronze: 30 \u00a3 al mese, 2.560 MB di RAM, 30 GB di spazio su disco, 1 vCPU<\/li>\n<li>Silver: 53 \u00a3 al mese, 4.096 MB di RAM, 50 GB di spazio su disco, 2 vCPU<\/li>\n<li>Gold: 94 \u00a3 al mese, 6.656 MB di RAM, 75 GB di spazio su disco, 4 vCPU<\/li>\n<\/ul>\n<p>L\u2019altro servizio VPS \u00e8 Liquidity Connect. I suoi server sono ospitati a Londra e New York. I prezzi sono i seguenti:<\/p>\n<ul class=\"list-checks\">\n<li>VPS1: 30 USD al mese, 1 vCPU core, 3.096 MB \/ 3 GB di RAM, 50 GB SSD<\/li>\n<li>VPS2: 50 USD al mese, 2 vCPU core, 4.096 MB \/ 4,0 GB di RAM, 60 GB SSD<\/li>\n<li>VPS3: 75 USD al mese, 3 vCPU core, 6.144 MB \/ 6,0 GB di RAM, 75 GB SSD<\/li>\n<li>VPS4: 95 USD al mese, 4 vCPU core, 8.192 MB \/ 8,0 GB di RAM, 100 GB SSD<\/li>\n<\/ul>\n<p>I clienti OANDA con un conto Premium Plus Trader possono usufruire di un VPS senza pagare alcun canone mensile. Va inoltre chiarito che l\u2019uso di un VPS per fare trading su OANDA non \u00e8 obbligatorio; di conseguenza le spese sopra indicate sono facoltative anche per chi non dispone di un conto Premium Plus Trader.<\/p>\n<p>Un altro costo potenzialmente evitabile \u00e8 la commissione di inattivit\u00e0. OANDA addebita agli utenti 10 unit\u00e0 di valuta al mese, ma solo se il conto rimane inattivo per 12 mesi. In questo contesto, &#8220;dormiente&#8221; e &#8220;inattivo&#8221; indicano l\u2019assenza di esecuzione di operazioni di trading.<\/p>\n<h2 id=\"conclusion\"><i class=\"ico ico--pen\"><\/i>Considerazioni finali sulle commissioni di OANDA<\/h2>\n<p>In definitiva, OANDA merita attenzione se cerchi un broker con costi ragionevoli e un\u2019ampia scelta di coppie Forex. I due modelli di prezzo offrono flessibilit\u00e0, mentre la possibilit\u00e0 di usufruire di un VPS gratuito rappresenta un vantaggio interessante per i trader pi\u00f9 esperti.<\/p>\n","protected":false},"excerpt":{"rendered":"<p>OANDA \u00e8 un broker di fama mondiale che accoglie trader provenienti da Europa, Asia, Stati Uniti e da altre aree geografiche. La sua offerta Forex \u00e8 degna di nota, perch\u00e9 comprende oltre 60 coppie di valute, tra maggiori, minori ed esotiche. Dato che il trading valutario comporta una serie di costi che possono incidere notevolmente [&hellip;]<\/p>\n","protected":false},"author":2,"featured_media":0,"parent":6253,"menu_order":0,"comment_status":"closed","ping_status":"closed","template":"templates\/review.php","meta":{"footnotes":""},"class_list":["post-59681","page","type-page","status-publish","hentry"],"aioseo_notices":[],"_links":{"self":[{"href":"https:\/\/www.bestbrokers.com\/it\/wp-json\/wp\/v2\/pages\/59681","targetHints":{"allow":["GET"]}}],"collection":[{"href":"https:\/\/www.bestbrokers.com\/it\/wp-json\/wp\/v2\/pages"}],"about":[{"href":"https:\/\/www.bestbrokers.com\/it\/wp-json\/wp\/v2\/types\/page"}],"author":[{"embeddable":true,"href":"https:\/\/www.bestbrokers.com\/it\/wp-json\/wp\/v2\/users\/2"}],"replies":[{"embeddable":true,"href":"https:\/\/www.bestbrokers.com\/it\/wp-json\/wp\/v2\/comments?post=59681"}],"version-history":[{"count":8,"href":"https:\/\/www.bestbrokers.com\/it\/wp-json\/wp\/v2\/pages\/59681\/revisions"}],"predecessor-version":[{"id":71558,"href":"https:\/\/www.bestbrokers.com\/it\/wp-json\/wp\/v2\/pages\/59681\/revisions\/71558"}],"up":[{"embeddable":true,"href":"https:\/\/www.bestbrokers.com\/it\/wp-json\/wp\/v2\/pages\/6253"}],"wp:attachment":[{"href":"https:\/\/www.bestbrokers.com\/it\/wp-json\/wp\/v2\/media?parent=59681"}],"curies":[{"name":"wp","href":"https:\/\/api.w.org\/{rel}","templated":true}]}}