{"id":59682,"date":"2025-03-19T09:39:43","date_gmt":"2025-03-19T09:39:43","guid":{"rendered":"https:\/\/www.bestbrokers.com\/?page_id=59682"},"modified":"2025-10-21T13:35:34","modified_gmt":"2025-10-21T13:35:34","slug":"spreads-fees-and-commissions","status":"publish","type":"page","link":"https:\/\/www.bestbrokers.com\/it\/reviews\/admiral-markets\/spreads-fees-and-commissions\/","title":{"rendered":"Spread, costi e commissioni di Admirals"},"content":{"rendered":"<div class=\"author-line\">Scritto da <span class=\"author\">Naylyan Nazifova<div class=\"author-sub-box\"><div class=\"author-info-wrapper\"><div class=\"author-name\"><a href=\"https:\/\/www.bestbrokers.com\/it\/authors\/naylyan-nazifova\/\">Naylyan Nazifova<\/a><\/div><div class=\"author-bio\">Naylyan Nazifova \u00e8 un\u2019esperta riconosciuta nel campo del trading online. Ha molte pubblicazioni e analisi che coprono il trading forex, gli investimenti azionari e la finanza personale.<\/div><\/div><\/div><\/span>,  <a rel=\"nofollow\" target=\"_blank\" href=\"https:\/\/www.linkedin.com\/in\/naylian-nazifova-58562a272\/\"><img decoding=\"async\" class=\"social-icon\" src=\"https:\/\/www.bestbrokers.com\/wp-content\/themes\/best-brokers\/assets\/images\/icon-linkedin.svg\" data-no-lazy=\"1\"><\/a> <span class=\"sep\">|<\/span> Tradotto da <span class=\"author\">Luca Mele<div class=\"author-sub-box\"><div class=\"author-avatar\"><img decoding=\"async\" src=\"https:\/\/www.bestbrokers.com\/wp-content\/uploads\/2024\/09\/luca-mele.jpeg\" \/><\/div><div class=\"author-info-wrapper\"><div class=\"author-name\"><a href=\"https:\/\/www.bestbrokers.com\/it\/authors\/luca-mele\/\">Luca Mele<\/a><\/div><div class=\"author-bio\">Luca Mele \u00e8 un traduttore professionista specializzato in vari argomenti, tra cui investimenti e trading con diversi strumenti come forex, azioni, criptovalute e materie prime.<\/div><\/div><\/div><\/span>, <a rel=\"nofollow\" target=\"_blank\" href=\"https:\/\/www.linkedin.com\/in\/luca-mele\/?locale=it_IT\"><img decoding=\"async\" class=\"social-icon\" src=\"https:\/\/www.bestbrokers.com\/wp-content\/themes\/best-brokers\/assets\/images\/icon-linkedin.svg\" data-no-lazy=\"1\"><\/a> <span class=\"sep\">|<\/span> Aggiornato: <time class=\"entry-date\" datetime=\"2025-10-21T13:35:34+00:00\">Ottobre 21, 2025<\/time><\/div>\n<p>Admirals \u00e8 un broker Forex e CFD consolidato e regolamentato a livello globale, che mette a disposizione oltre 8.000 strumenti finanziari, fra cui pi\u00f9 di 80 coppie di valute, tramite le piattaforme MetaTrader 4 e MetaTrader 5. I potenziali clienti possono ottenere maggiori informazioni sugli spread e sulle commissioni applicate da questo broker. Oltre ai costi appena menzionati, prenderemo in considerazione altre spese di trading come le commissioni di swap e i costi non legati alle operazioni, inclusi depositi, prelievi e inattivit\u00e0. In base alle tue preferenze operative e al tipo di conto scelto, potrai calcolare i costi di trading prima di aprire un conto live. Senza ulteriori indugi, esaminiamo quindi il prezzo di operare con questo marchio di prim\u2019ordine.<\/p>\n<h2 id=\"costs\"><i class=\"ico ico--money-supply\"><\/i>Costi di trading su Admirals<\/h2>\n<p>Admirals offre due tipologie principali di conti di trading: Trade e Zero. Entrambi sono disponibili per gli utenti di MetaTrader 4 e 5. Sebbene questi conti condividano alcune caratteristiche comuni, come il deposito minimo richiesto, la dimensione minima dell&#8217;ordine, la dimensione massima dell\u2019ordine e il numero massimo di ordini aperti e pendenti consentiti, presentano strutture di prezzo differenti per soddisfare esigenze operative diverse.<\/p>\n<p>I conti per le operazioni di trading su Admirals adottano una struttura tariffaria basata sullo spread, che ingloba tutti i costi di trading nello spread stesso. Ad esempio, operare sulle principali coppie di valute prevede spread a partire da 0,5 pip su entrambe le piattaforme MT. La differenza principale riguarda il numero di strumenti Forex disponibili: oltre 80 su MT5 e oltre 45 su MT4. Le commissioni sono azzerate sulla maggior parte degli strumenti, fatta eccezione per i CFD su singole azioni ed ETF, per i quali si applica un costo aggiuntivo di almeno 0,02 USD per azione.<\/p>\n<p>I conti Zero offerti dal broker prevedono spread a partire da 0,0 pip e commissioni calcolate sul volume mensile del trader, fatto che significa che i clienti pi\u00f9 attivi pagano meno. Le commissioni su Forex e metalli variano da 1,80 a 3 USD per lotto standard di trading. Per gli indici cash la commissione oscilla fra 0,05 e 3 USD, mentre sulle risorse energetiche si applica una commissione di 1 USD per lotto.<\/p>\n<p>Nella tabella seguente, i trader possono consultare le commissioni round trip in base alla valuta del conto e al volume mensile di trading.<\/p>\n<div class=\"table-responsive\">\n<table class=\"table table--colorful\">\n<thead>\n<tr>\n<th style=\"background-color: #fff;\" colspan=\"4\">Commissioni round trip dei conti Zero MT5 e MT4 in base alla valuta del conto<\/th>\n<\/tr>\n<tr>\n<th rowspan=\"2\">Valuta di base<\/th>\n<th colspan=\"3\">Volume mensile, USD<\/th>\n<\/tr>\n<tr>\n<th style=\"background-color: #ff6340;\">Fino a 10.000.000<\/th>\n<th style=\"background-color: #3aaee8;\">10.000.000 &#8211; 50.000.000<\/th>\n<th>Oltre 50.000.000<\/th>\n<\/tr>\n<\/thead>\n<tbody>\n<tr>\n<td>USD<\/td>\n<td style=\"text-align: center;\">6,0<\/td>\n<td style=\"text-align: center;\">4,8<\/td>\n<td style=\"text-align: center;\">3,6<\/td>\n<\/tr>\n<tr>\n<td>EUR<\/td>\n<td style=\"text-align: center;\">5,2<\/td>\n<td style=\"text-align: center;\">4,2<\/td>\n<td style=\"text-align: center;\">3,2<\/td>\n<\/tr>\n<tr>\n<td>GBP<\/td>\n<td style=\"text-align: center;\">4,8<\/td>\n<td style=\"text-align: center;\">3,8<\/td>\n<td style=\"text-align: center;\">2,8<\/td>\n<\/tr>\n<tr>\n<td>CHF<\/td>\n<td style=\"text-align: center;\">6,0<\/td>\n<td style=\"text-align: center;\">4,8<\/td>\n<td style=\"text-align: center;\">3,2<\/td>\n<\/tr>\n<tr>\n<td>PLN<\/td>\n<td style=\"text-align: center;\">24,0<\/td>\n<td style=\"text-align: center;\">18,0<\/td>\n<td style=\"text-align: center;\">14,0<\/td>\n<\/tr>\n<tr>\n<td>AUD<\/td>\n<td style=\"text-align: center;\">8,0<\/td>\n<td style=\"text-align: center;\">6,8<\/td>\n<td style=\"text-align: center;\">5,0<\/td>\n<\/tr>\n<tr>\n<td>BGN<\/td>\n<td style=\"text-align: center;\">10,0<\/td>\n<td style=\"text-align: center;\">8<\/td>\n<td style=\"text-align: center;\">6<\/td>\n<\/tr>\n<tr>\n<td>CZK<\/td>\n<td style=\"text-align: center;\">140,0<\/td>\n<td style=\"text-align: center;\">109,4<\/td>\n<td style=\"text-align: center;\">80<\/td>\n<\/tr>\n<tr>\n<td>HRK<\/td>\n<td style=\"text-align: center;\">40,0<\/td>\n<td style=\"text-align: center;\">32,0<\/td>\n<td style=\"text-align: center;\">24,0<\/td>\n<\/tr>\n<tr>\n<td>HUF<\/td>\n<td style=\"text-align: center;\">1.700,0<\/td>\n<td style=\"text-align: center;\">1.360,0<\/td>\n<td style=\"text-align: center;\">1.000,0<\/td>\n<\/tr>\n<tr>\n<td>RON<\/td>\n<td style=\"text-align: center;\">24,0<\/td>\n<td style=\"text-align: center;\">20<\/td>\n<td style=\"text-align: center;\">15,0<\/td>\n<\/tr>\n<\/tbody>\n<\/table>\n<\/div>\n<p>Per aiutare i trader a comprendere pi\u00f9 facilmente i costi correlati, possiamo prendere come esempio il trading di 1 lotto standard della coppia EUR\/USD, considerando che 1 pip equivale a 10 USD. Per la coppia EUR\/USD, Admirals offre uno spread tipico di 0,8 pip per i conti Trade MT5 e Trade MT4. Lo spread tipico per la stessa operazione nei conti Zero MT5 e Zero MT4 \u00e8 invece di 0,1 pip pi\u00f9 una commissione di 3 USD per lotto per singolo lato. Riassumendo, i costi di trading per entrambe le tipologie di conto sarebbero i seguenti:<\/p>\n<hr style=\"height: 2px; border-width: 0; color: #dee2e6; background-color: #dee2e6; clear: both;\" \/>\n<p><strong>Conti Trade MT5 e Trade MT4 di Admirals:<\/strong><\/p>\n<p>Spread: 0,8 pip<br \/>\nCosto totale: 0,8 x 10 USD = 8 USD per lato, ovvero 16 USD roundtrip su 1 lotto standard<\/p>\n<hr style=\"height: 2px; border-width: 0; color: #dee2e6; background-color: #dee2e6; clear: both;\" \/>\n<p><strong>Conti Zero MT5 e Zero MT4 di Admirals:<\/strong><\/p>\n<p>Spread: 0,1 pip<br \/>\nCosto spread: 0,1 x 10 USD = 1 USD per lato, ovvero 2 USD roundtrip su 1 lotto standard<br \/>\nCommissione: 3 USD per lato<br \/>\nCosto totale: (1 USD x 2) + (3 USD x 2) = 2 USD + 6 USD = 8 USD roundtrip su 1 lotto standard<\/p>\n<hr style=\"height: 2px; border-width: 0; color: #dee2e6; background-color: #dee2e6; clear: both;\" \/>\n<p>Ora che abbiamo calcolato i costi totali dei conti Trade e Zero, possiamo constatare che il secondo tipo offre condizioni pi\u00f9 vantaggiose, pur tenendo conto delle commissioni aggiunte al costo dello spread.<\/p>\n<p>La tabella sottostante mostra i costi di trading totali per alcune coppie di valute popolari con i conti Trade MT5 e Trade MT4 di Admirals, che prevedono commissioni di 0 USD sulle operazioni. I costi indicati si riferiscono a ciascun lato dell\u2019operazione per lotti micro e standard.<\/p>\n<div class=\"table-responsive\">\n<table class=\"table table--colorful\">\n<thead>\n<tr>\n<th style=\"background-color: #fff;\" colspan=\"5\">Costi medi di spread con i conti Trade MT5 e MT4 di Admirals<\/th>\n<\/tr>\n<tr>\n<th>Coppia di valute<\/th>\n<th>Spread (in pip)<\/th>\n<th>Commissione per lato<\/th>\n<th>Costo per lotto micro<\/th>\n<th>Costo per lotto standard<\/th>\n<\/tr>\n<\/thead>\n<tbody>\n<tr>\n<td>EUR\/USD<\/td>\n<td style=\"text-align: center;\">0,8<\/td>\n<td style=\"text-align: center;\">0 USD<\/td>\n<td style=\"text-align: center;\">0,08 USD<\/td>\n<td style=\"text-align: center;\">8 USD<\/td>\n<\/tr>\n<tr>\n<td>USD\/JPY<\/td>\n<td style=\"text-align: center;\">1,2<\/td>\n<td style=\"text-align: center;\">0 USD<\/td>\n<td style=\"text-align: center;\">0,081 USD<\/td>\n<td style=\"text-align: center;\">8,13 USD<\/td>\n<\/tr>\n<tr>\n<td>EUR\/GBP<\/td>\n<td style=\"text-align: center;\">0,9<\/td>\n<td style=\"text-align: center;\">0 USD<\/td>\n<td style=\"text-align: center;\">0,1212 USD<\/td>\n<td style=\"text-align: center;\">12,12 USD<\/td>\n<\/tr>\n<tr>\n<td>GBP\/USD<\/td>\n<td style=\"text-align: center;\">1,0<\/td>\n<td style=\"text-align: center;\">0 USD<\/td>\n<td style=\"text-align: center;\">0,10 USD<\/td>\n<td style=\"text-align: center;\">10 USD<\/td>\n<\/tr>\n<tr>\n<td>AUD\/USD<\/td>\n<td style=\"text-align: center;\">1,0<\/td>\n<td style=\"text-align: center;\">0 USD<\/td>\n<td style=\"text-align: center;\">0,10 USD<\/td>\n<td style=\"text-align: center;\">10 USD<\/td>\n<\/tr>\n<tr>\n<td>USD\/CAD<\/td>\n<td style=\"text-align: center;\">1,8<\/td>\n<td style=\"text-align: center;\">0 USD<\/td>\n<td style=\"text-align: center;\">0,13 USD<\/td>\n<td style=\"text-align: center;\">13 USD<\/td>\n<\/tr>\n<tr>\n<td>USD\/CHF<\/td>\n<td style=\"text-align: center;\">1,6<\/td>\n<td style=\"text-align: center;\">0 USD<\/td>\n<td style=\"text-align: center;\">0,198 USD<\/td>\n<td style=\"text-align: center;\">19,84 USD<\/td>\n<\/tr>\n<tr>\n<td>AUD\/CAD<\/td>\n<td style=\"text-align: center;\">2,9<\/td>\n<td style=\"text-align: center;\">0 USD<\/td>\n<td style=\"text-align: center;\">0,209 USD<\/td>\n<td style=\"text-align: center;\">20,94 USD<\/td>\n<\/tr>\n<tr>\n<td>NZD\/USD<\/td>\n<td style=\"text-align: center;\">1,9<\/td>\n<td style=\"text-align: center;\">0 USD<\/td>\n<td style=\"text-align: center;\">0,19 USD<\/td>\n<td style=\"text-align: center;\">19 USD<\/td>\n<\/tr>\n<\/tbody>\n<\/table>\n<\/div>\n<p style=\"text-align: center; font-size: 13px;\"><em>*Il costo di trading delle coppie di valute \u00e8 espresso in USD<\/em><\/p>\n<p>Esaminiamo ora i costi di trading di Admirals per le stesse coppie di valute con i conti Zero MT5 e Zero MT4, per lotti standard e micro su un singolo lato dell\u2019operazione.<\/p>\n<div class=\"table-responsive\">\n<table class=\"table table--colorful\">\n<thead>\n<tr>\n<th style=\"background-color: #fff;\" colspan=\"5\">Costi medi di spread con i conti Zero MT5 e MT4 di Admirals<\/th>\n<\/tr>\n<tr>\n<th>Coppia di valute<\/th>\n<th>Spread (in pip)<\/th>\n<th>Commissione per lato<\/th>\n<th>Costo per lotto micro<\/th>\n<th>Costo per lotto standard<\/th>\n<\/tr>\n<\/thead>\n<tbody>\n<tr>\n<td>EUR\/USD<\/td>\n<td style=\"text-align: center;\">0,1<\/td>\n<td style=\"text-align: center;\">0,03\/3,00 USD<\/td>\n<td style=\"text-align: center;\">0,04 USD<\/td>\n<td style=\"text-align: center;\">4 USD<\/td>\n<\/tr>\n<tr>\n<td>USD\/JPY<\/td>\n<td style=\"text-align: center;\">0,5<\/td>\n<td style=\"text-align: center;\">0,03\/3,00 USD<\/td>\n<td style=\"text-align: center;\">0,064 USD<\/td>\n<td style=\"text-align: center;\">6,40 USD<\/td>\n<\/tr>\n<tr>\n<td>EUR\/GBP<\/td>\n<td style=\"text-align: center;\">0,5<\/td>\n<td style=\"text-align: center;\">0,03\/3,00 USD<\/td>\n<td style=\"text-align: center;\">0,097 USD<\/td>\n<td style=\"text-align: center;\">9,73 USD<\/td>\n<\/tr>\n<tr>\n<td>GBP\/USD<\/td>\n<td style=\"text-align: center;\">0,6<\/td>\n<td style=\"text-align: center;\">0,03\/3,00 USD<\/td>\n<td style=\"text-align: center;\">0,09 USD<\/td>\n<td style=\"text-align: center;\">9 USD<\/td>\n<\/tr>\n<tr>\n<td>AUD\/USD<\/td>\n<td style=\"text-align: center;\">0,5<\/td>\n<td style=\"text-align: center;\">0,03\/3,00 USD<\/td>\n<td style=\"text-align: center;\">0,08 USD<\/td>\n<td style=\"text-align: center;\">8 USD<\/td>\n<\/tr>\n<tr>\n<td>USD\/CAD<\/td>\n<td style=\"text-align: center;\">1,4<\/td>\n<td style=\"text-align: center;\">0,03\/3,00 USD<\/td>\n<td style=\"text-align: center;\">0,131 USD<\/td>\n<td style=\"text-align: center;\">13,11 USD<\/td>\n<\/tr>\n<tr>\n<td>USD\/CHF<\/td>\n<td style=\"text-align: center;\">1,0<\/td>\n<td style=\"text-align: center;\">0,03\/3,00 USD<\/td>\n<td style=\"text-align: center;\">0,154 USD<\/td>\n<td style=\"text-align: center;\">15,40 USD<\/td>\n<\/tr>\n<tr>\n<td>AUD\/CAD<\/td>\n<td style=\"text-align: center;\">1,5<\/td>\n<td style=\"text-align: center;\">0,03\/3,00 USD<\/td>\n<td style=\"text-align: center;\">0,138 USD<\/td>\n<td style=\"text-align: center;\">13,83 USD<\/td>\n<\/tr>\n<tr>\n<td>NZD\/USD<\/td>\n<td style=\"text-align: center;\">1,4<\/td>\n<td style=\"text-align: center;\">0,03\/3,00 USD<\/td>\n<td style=\"text-align: center;\">0,17 USD<\/td>\n<td style=\"text-align: center;\">17 USD<\/td>\n<\/tr>\n<\/tbody>\n<\/table>\n<\/div>\n<p style=\"text-align: center; font-size: 13px;\"><em>*Il costo di trading delle coppie di valute \u00e8 espresso in USD<\/em><\/p>\n<h2 id=\"overnight\"><i class=\"ico ico--clock\"><\/i>Costi di finanziamento overnight di Admirals<\/h2>\n<p>Le commissioni di brokeraggio sono un aspetto fondamentale del trading e il loro impatto sulla redditivit\u00e0 e sulle prestazioni non dovrebbe essere ignorato. Oltre a spread e commissioni, analizzati nella sezione precedente, esistono altri costi di cui i trader devono tenere conto.<\/p>\n<p>I swap rappresentano un tipo di costo frequentemente applicato sulle posizioni overnight; di conseguenza non incidono sui trader a breve termine come day-trader e scalper. Conosciuti anche come commissioni di rollover, vengono applicati alle posizioni di acquisto o vendita che vengono mantenute da un giorno di trading al successivo, ovvero come tasso di finanziamento overnight. Le commissioni di swap corrispondono a interessi che possono essere addebitati o accreditati sul conto alla chiusura di ogni giornata di trading. A seconda della direzione dell\u2019operazione, l\u2019utente potr\u00e0 quindi pagare o ricevere tale importo, con un impatto potenzialmente significativo sulle sue prestazioni complessive.<\/p>\n<p>I tassi di swap applicati da Admirals sono consultabili nella piattaforma MetaTrader di Admirals, nella sezione Market Watch. Dopo aver selezionato lo strumento, \u00e8 sufficiente cliccare con il tasto destro e aprire la pagina delle specifiche del contratto. Nella finestra di descrizione saranno visibili i valori di swap long e swap short. Tali tassi sono variabili e dipendono da fattori quali lo strumento scelto per fare trading, la dimensione del contratto e le condizioni di mercato in vigore.<\/p>\n<p>Ad esempio, le commissioni di swap su Forex per EUR\/USD e USD\/JPY non saranno identiche. Su Admirals, i trader possono utilizzare il calcolatore di trading per verificare le commissioni di swap relative a una specifica operazione. \u00c8 necessario inserire i parametri principali, quali strumento, lotto, leva finanziaria e valuta di base del conto, oltre ai parametri opzionali come prezzo di apertura e chiusura e tipo di posizione (long o short).<\/p>\n<p>Inoltre, i trader devono considerare lo swap a tre giorni, un swap di entit\u00e0 tripla addebitato o accreditato in relazione ai fine settimana, quando i mercati sono chiusi. Per le coppie Forex, lo swap a tre giorni di Admirals viene solitamente addebitato o accreditato il mercoled\u00ec.<\/p>\n<p>Di seguito riportiamo i tassi di swap di Admirals su alcune coppie Forex popolari. Come gi\u00e0 indicato, tali valori possono variare e potrebbero non riflettere i tassi correnti.<\/p>\n<div class=\"table-responsive\">\n<table class=\"table table--colorful\">\n<thead>\n<tr>\n<th style=\"background-color: #fff;\" colspan=\"4\">Tassi di swap sulle principali coppie Forex (lotto standard)<\/th>\n<\/tr>\n<tr>\n<th>Simbolo<\/th>\n<th>Valuta di base<\/th>\n<th>Valore swap (long), pip<\/th>\n<th>Valore swap (short), pip<\/th>\n<\/tr>\n<\/thead>\n<tbody>\n<tr>\n<td>EUR\/USD<\/td>\n<td style=\"text-align: center;\">USD<\/td>\n<td style=\"text-align: center;\">-1,234<\/td>\n<td style=\"text-align: center;\">0,25<\/td>\n<\/tr>\n<tr>\n<td>USD\/JPY<\/td>\n<td style=\"text-align: center;\">USD<\/td>\n<td style=\"text-align: center;\">0,902<\/td>\n<td style=\"text-align: center;\">-2,361<\/td>\n<\/tr>\n<tr>\n<td>EUR\/GBP<\/td>\n<td style=\"text-align: center;\">USD<\/td>\n<td style=\"text-align: center;\">-0,95<\/td>\n<td style=\"text-align: center;\">0,041<\/td>\n<\/tr>\n<tr>\n<td>GBP\/USD<\/td>\n<td style=\"text-align: center;\">USD<\/td>\n<td style=\"text-align: center;\">-0,593<\/td>\n<td style=\"text-align: center;\">-0,298<\/td>\n<\/tr>\n<tr>\n<td>AUD\/USD<\/td>\n<td style=\"text-align: center;\">USD<\/td>\n<td style=\"text-align: center;\">-0,323<\/td>\n<td style=\"text-align: center;\">-0,207<\/td>\n<\/tr>\n<tr>\n<td>USD\/CAD<\/td>\n<td style=\"text-align: center;\">USD<\/td>\n<td style=\"text-align: center;\">-0,38<\/td>\n<td style=\"text-align: center;\">-1,874<\/td>\n<\/tr>\n<tr>\n<td>USD\/CHF<\/td>\n<td style=\"text-align: center;\">USD<\/td>\n<td style=\"text-align: center;\">0,323<\/td>\n<td style=\"text-align: center;\">-1,851<\/td>\n<\/tr>\n<tr>\n<td>AUD\/CAD<\/td>\n<td style=\"text-align: center;\">USD<\/td>\n<td style=\"text-align: center;\">-0,105<\/td>\n<td style=\"text-align: center;\">-0,746<\/td>\n<\/tr>\n<tr>\n<td>NZD\/USD<\/td>\n<td style=\"text-align: center;\">USD<\/td>\n<td style=\"text-align: center;\">-0,4<\/td>\n<td style=\"text-align: center;\">-0,193<\/td>\n<\/tr>\n<\/tbody>\n<\/table>\n<\/div>\n<h2 id=\"swap\"><i class=\"ico ico--islamic-account\"><\/i>Costi di trading senza swap su Admirals<\/h2>\n<p>Admirals offre conti Forex senza swap che consentono ai trader islamici di operare alle condizioni standard senza pagare n\u00e9 ricevere interessi. La modalit\u00e0 senza swap \u00e8 disponibile sul conto Trade MT5. Garantisce gli stessi spread ridotti, l\u2019esecuzione rapida e la tecnologia di trading avanzata su un\u2019ampia gamma di strumenti, incluse coppie di valute digitali, materie prime, indici, ETF, obbligazioni e azioni, ad eccezione delle coppie di valute esotiche e delle valute digitali.<\/p>\n<p>Su Admirals viene applicata una commissione amministrativa fissa sulle operazioni aperte da pi\u00f9 di 3 giorni. La politica di prezzi trasparente di Admirals consente ai trader islamici di verificare le commissioni amministrative del conto senza swap applicate alle loro operazioni. Tali commissioni possono variare a seconda della societ\u00e0 di Admirals con cui si opera.<\/p>\n<div class=\"table-responsive\">\n<table class=\"table table--colorful\">\n<thead>\n<tr>\n<th style=\"background-color: #fff;\" colspan=\"3\">Commissioni amministrative del conto senza swap di Admirals<\/th>\n<\/tr>\n<tr>\n<th>Coppia di valute<\/th>\n<th>Giorno di inizio della commissione amministrativa<\/th>\n<th>Commissione amministrativa in USD (per lotto)<\/th>\n<\/tr>\n<\/thead>\n<tbody>\n<tr>\n<td>EUR\/USD<\/td>\n<td style=\"text-align: center;\">3<\/td>\n<td style=\"text-align: center;\">14 USD<\/td>\n<\/tr>\n<tr>\n<td>USD\/JPY<\/td>\n<td style=\"text-align: center;\">3<\/td>\n<td style=\"text-align: center;\">16 USD<\/td>\n<\/tr>\n<tr>\n<td>EUR\/GBP<\/td>\n<td style=\"text-align: center;\">3<\/td>\n<td style=\"text-align: center;\">12 USD<\/td>\n<\/tr>\n<tr>\n<td>GBP\/USD<\/td>\n<td style=\"text-align: center;\">3<\/td>\n<td style=\"text-align: center;\">6 USD<\/td>\n<\/tr>\n<tr>\n<td>AUD\/USD<\/td>\n<td style=\"text-align: center;\">3<\/td>\n<td style=\"text-align: center;\">4 USD<\/td>\n<\/tr>\n<tr>\n<td>USD\/CAD<\/td>\n<td style=\"text-align: center;\">3<\/td>\n<td style=\"text-align: center;\">16 USD<\/td>\n<\/tr>\n<tr>\n<td>USD\/CHF<\/td>\n<td style=\"text-align: center;\">3<\/td>\n<td style=\"text-align: center;\">25 USD<\/td>\n<\/tr>\n<tr>\n<td>AUD\/CAD<\/td>\n<td style=\"text-align: center;\">3<\/td>\n<td style=\"text-align: center;\">6 USD<\/td>\n<\/tr>\n<tr>\n<td>NZD\/USD<\/td>\n<td style=\"text-align: center;\">3<\/td>\n<td style=\"text-align: center;\">4 USD<\/td>\n<\/tr>\n<\/tbody>\n<\/table>\n<\/div>\n<h2 id=\"other\"><i class=\"ico ico--administration-fees\"><\/i>Costi non legati al trading di Admirals<\/h2>\n<p>Finora abbiamo analizzato tutte le commissioni di trading di Admirals. Nonostante ci\u00f2, per offrire ai trader un quadro completo dei costi da sostenere, \u00e8 necessario esaminare anche i costi non legati all\u2019operativit\u00e0.<\/p>\n<p>Per quanto riguarda i depositi, non sono previste commissioni per il trasferimento di fondi sul proprio conto di trading da parte del broker. Anche la prima richiesta di prelievo entro il mese \u00e8 gratuita. I prelievi successivi effettuati tramite diversi metodi di pagamento, come bonifici bancari, carte e wallet elettronici quali Skrill, comportano invece un costo, indicato nella tabella sottostante.<\/p>\n<p>L\u2019apertura di un conto con Admirals \u00e8 completamente gratuita. I trader devono sapere che viene applicata una commissione di inattivit\u00e0 di 10 \u20ac ai conti che non sono stati attivi negli ultimi 24 mesi.<\/p>\n<p>L\u2019abbonamento VPS di Admirals \u00e8 gratuito per i clienti che mantengono un patrimonio sul conto reale superiore a 5.000 \u20ac (o equivalente in valuta). L\u2019idoneit\u00e0 all\u2019accesso a tale servizio viene valutata alla fine di ogni mese di calendario.<\/p>\n<div class=\"table-responsive\">\n<table class=\"table\">\n<thead>\n<tr>\n<th colspan=\"2\">Costi non legati al trading di Admirals<\/th>\n<\/tr>\n<\/thead>\n<tbody>\n<tr>\n<td>Commissioni di deposito<\/td>\n<td>Gratuite<\/td>\n<\/tr>\n<tr>\n<td>Commissioni di prelievo<\/td>\n<td>1 richiesta di prelievo gratuita al mese<br \/>\nRichieste di prelievo successive:<\/p>\n<ul class=\"list-checks\">\n<li>Bonifici bancari &#8211; 1 EUR \/ 6 CHF \/ 25 PLN \/ 1.500 HUF \/ 10 BGN \/ 150 CZK \/ 25 RON \/ 50 SEK<\/li>\n<li>Visa, MasterCard &#8211; 1%, min. 1 EUR \/ GBP \/ CHF \/ PLN \/ HUF \/ BGN \/ CZK \/ HRK \/ RON \/ SEK<\/li>\n<li>Skrill &#8211; 1%, min. 1 EUR \/ USD<\/li>\n<li>Brite &#8211; 1%<\/li>\n<\/ul>\n<\/td>\n<\/tr>\n<tr>\n<td>Commissione di apertura conto<\/td>\n<td>Gratuita<\/td>\n<\/tr>\n<tr>\n<td>Commissione di inattivit\u00e0<\/td>\n<td>10 EUR (al mese)<\/p>\n<ul class=\"list-checks\">\n<li>Addebitata ai conti di trading inattivi negli ultimi 24 mesi<\/li>\n<li>Applicata solo ai saldi di conto superiori a zero<\/li>\n<\/ul>\n<\/td>\n<\/tr>\n<tr>\n<td>Commissione di conversione valuta<\/td>\n<td>0,3%<\/td>\n<\/tr>\n<tr>\n<td>Abbonamento VPS<\/td>\n<td>Gratuito per i clienti con patrimonio su conto reale di almeno 5.000 EUR o equivalente.<\/td>\n<\/tr>\n<\/tbody>\n<\/table>\n<\/div>\n<h2 id=\"conclusion\"><i class=\"ico ico--pen\"><\/i>Considerazioni finali sulle commissioni di Admirals<\/h2>\n<p>In generale, Admirals \u00e8 un broker riconosciuto a livello globale che offre un\u2019ampia gamma di prodotti finanziari, accompagnati da condizioni di trading competitive in grado di soddisfare esigenze diverse. L\u2019azienda propone una struttura tariffaria trasparente in cui i trader possono scegliere tra spread competitivi o spread pari a zero pi\u00f9 una commissione, a seconda del tipo di conto selezionato. Per quanto riguarda il funding, i depositi sono gratuiti e i trader possono effettuare un prelievo al mese senza costi; i prelievi successivi prevedono invece una tariffa. \u00c8 bene ricordare che verr\u00e0 applicata una commissione di inattivit\u00e0 di 10 USD ai conti con saldo superiore a zero che non registrano operazioni per 24 mesi. Sono inoltre previste commissioni di finanziamento overnight, variabili in funzione di diversi fattori, tra cui le condizioni di mercato e il tipo di strumento. In ogni caso, la struttura tariffaria trasparente e competitiva di Admirals, unita a condizioni di trading favorevoli, lo rende una scelta interessante per trader di ogni livello di esperienza e strategia, dai principianti ai professionisti.<\/p>\n","protected":false},"excerpt":{"rendered":"<p>Admirals \u00e8 un broker Forex e CFD consolidato e regolamentato a livello globale, che mette a disposizione oltre 8.000 strumenti finanziari, fra cui pi\u00f9 di 80 coppie di valute, tramite le piattaforme MetaTrader 4 e MetaTrader 5. I potenziali clienti possono ottenere maggiori informazioni sugli spread e sulle commissioni applicate da questo broker. Oltre ai [&hellip;]<\/p>\n","protected":false},"author":2,"featured_media":0,"parent":5372,"menu_order":0,"comment_status":"closed","ping_status":"closed","template":"templates\/review.php","meta":{"footnotes":""},"class_list":["post-59682","page","type-page","status-publish","hentry"],"aioseo_notices":[],"_links":{"self":[{"href":"https:\/\/www.bestbrokers.com\/it\/wp-json\/wp\/v2\/pages\/59682","targetHints":{"allow":["GET"]}}],"collection":[{"href":"https:\/\/www.bestbrokers.com\/it\/wp-json\/wp\/v2\/pages"}],"about":[{"href":"https:\/\/www.bestbrokers.com\/it\/wp-json\/wp\/v2\/types\/page"}],"author":[{"embeddable":true,"href":"https:\/\/www.bestbrokers.com\/it\/wp-json\/wp\/v2\/users\/2"}],"replies":[{"embeddable":true,"href":"https:\/\/www.bestbrokers.com\/it\/wp-json\/wp\/v2\/comments?post=59682"}],"version-history":[{"count":9,"href":"https:\/\/www.bestbrokers.com\/it\/wp-json\/wp\/v2\/pages\/59682\/revisions"}],"predecessor-version":[{"id":71601,"href":"https:\/\/www.bestbrokers.com\/it\/wp-json\/wp\/v2\/pages\/59682\/revisions\/71601"}],"up":[{"embeddable":true,"href":"https:\/\/www.bestbrokers.com\/it\/wp-json\/wp\/v2\/pages\/5372"}],"wp:attachment":[{"href":"https:\/\/www.bestbrokers.com\/it\/wp-json\/wp\/v2\/media?parent=59682"}],"curies":[{"name":"wp","href":"https:\/\/api.w.org\/{rel}","templated":true}]}}