{"id":59683,"date":"2025-03-19T09:39:43","date_gmt":"2025-03-19T09:39:43","guid":{"rendered":"https:\/\/www.bestbrokers.com\/?page_id=59683"},"modified":"2025-10-21T13:35:53","modified_gmt":"2025-10-21T13:35:53","slug":"spreads-fees-and-commissions","status":"publish","type":"page","link":"https:\/\/www.bestbrokers.com\/it\/reviews\/xtb\/spreads-fees-and-commissions\/","title":{"rendered":"Spread, costi e commissioni di XTB"},"content":{"rendered":"<div class=\"author-line\">Scritto da <span class=\"author\">Naylyan Nazifova<div class=\"author-sub-box\"><div class=\"author-avatar\"><img decoding=\"async\" src=\"https:\/\/www.bestbrokers.com\/wp-content\/uploads\/2026\/04\/nnazifova.webp\" \/><\/div><div class=\"author-info-wrapper\"><div class=\"author-name\"><a href=\"https:\/\/www.bestbrokers.com\/it\/authors\/naylyan-nazifova\/\">Naylyan Nazifova<\/a><\/div><div class=\"author-bio\">Naylyan Nazifova \u00e8 un\u2019esperta riconosciuta nel campo del trading online. Ha molte pubblicazioni e analisi che coprono il trading forex, gli investimenti azionari e la finanza personale.<\/div><\/div><\/div><\/span>,  <a rel=\"nofollow\" target=\"_blank\" href=\"https:\/\/www.linkedin.com\/in\/naylian-nazifova-58562a272\/\"><img decoding=\"async\" class=\"social-icon\" src=\"https:\/\/www.bestbrokers.com\/wp-content\/themes\/best-brokers\/assets\/images\/icon-linkedin.svg\" data-no-lazy=\"1\"><\/a> <span class=\"sep\">|<\/span> Tradotto da <span class=\"author\">Luca Mele<div class=\"author-sub-box\"><div class=\"author-avatar\"><img decoding=\"async\" src=\"https:\/\/www.bestbrokers.com\/wp-content\/uploads\/2024\/09\/luca-mele.jpeg\" \/><\/div><div class=\"author-info-wrapper\"><div class=\"author-name\"><a href=\"https:\/\/www.bestbrokers.com\/it\/authors\/luca-mele\/\">Luca Mele<\/a><\/div><div class=\"author-bio\">Luca Mele \u00e8 un traduttore professionista specializzato in vari argomenti, tra cui investimenti e trading con diversi strumenti come forex, azioni, criptovalute e materie prime.<\/div><\/div><\/div><\/span>, <a rel=\"nofollow\" target=\"_blank\" href=\"https:\/\/www.linkedin.com\/in\/luca-mele\/?locale=it_IT\"><img decoding=\"async\" class=\"social-icon\" src=\"https:\/\/www.bestbrokers.com\/wp-content\/themes\/best-brokers\/assets\/images\/icon-linkedin.svg\" data-no-lazy=\"1\"><\/a> <span class=\"sep\">|<\/span> Aggiornato: <time class=\"entry-date\" datetime=\"2025-10-21T13:35:53+00:00\">Ottobre 21, 2025<\/time><\/div>\n<p>Prima di aprire un conto di trading live con XTB, i trader che desiderano prendere decisioni informate sulle proprie attivit\u00e0 possono trarre vantaggio da questa guida completa. La presente pubblicazione offre una panoramica approfondita degli spread, delle commissioni e dei costi applicati da XTB, consentendo ai trader di comprendere le spese legate all\u2019attivit\u00e0 sulla piattaforma. Inoltre, forniamo esempi pratici di calcolo dei costi di trading affinch\u00e9 i trader comprendano chiaramente cosa comporta operare con questo broker. Continua a leggere per scoprire di pi\u00f9 sulla struttura tariffaria di XTB.<\/p>\n<h2 id=\"costs\"><i class=\"ico ico--money-supply\"><\/i>Costi di trading su XTB<\/h2>\n<p>XTB offre tre tipi di conto di trading: Standard, Pro e Islamic. In questa sezione analizzeremo i costi associati al conto Standard, adatto ai trader al dettaglio. Esamineremo anche il conto Pro e la relativa struttura dei prezzi.<\/p>\n<p>Il conto Standard di XTB utilizza un modello di prezzo basato sullo spread, che ingloba tutti i costi di trading nello spread stesso. Le commissioni sui mercati CFD, ad eccezione dei CFD su azioni ed ETF, sono azzerate.<\/p>\n<p>Gli ordini minimi partono da 0,01 lotto e la leva massima consentita per i clienti UE \u00e8 fissata a 1:30. I trader beneficiano della protezione dal saldo negativo e dei fondi segregati, mantenuti separati dalle attivit\u00e0 operative del broker. Sebbene XTB non supporti le piattaforme MT4 e MT5, offre la piattaforma proprietaria xStation, innovativa e dotata di oltre 2.500 strumenti finanziari (per la societ\u00e0 regolamentata da CySEC) appartenenti a diverse classi di asset. Oltre al Forex, XTB mette a disposizione CFD su azioni, ETF, indici, materie prime e criptovalute. Il numero di strumenti per fare trading pu\u00f2 variare in base all\u2019entit\u00e0 XTB e alle relative normative.<\/p>\n<p>Il conto Pro di XTB offre spread pi\u00f9 stretti a fronte di una commissione applicata su ciascun lato dell\u2019operazione. La commissione \u00e8 pari a 3,50 USD per lato, ovvero 7 USD per round turn.<\/p>\n<p>Utilizziamo la coppia EUR\/USD per mostrare come calcolare i costi di trading sul Forex con i conti Standard e Pro di XTB. Considereremo l\u2019apertura di un lotto standard sulla coppia EUR\/USD, dove un movimento di un pip equivale a 10 USD. Supponiamo che l\u2019operazione venga aperta e chiusa allo stesso prezzo, utilizzando un conto denominato in USD. Per la coppia EUR\/USD, XTB propone uno spread target di 0,9 pip per il conto Standard e di 0,1 pip per il conto Pro. Vediamo ora come vengono calcolati i costi di trading.<\/p>\n<hr style=\"height: 2px; border-width: 0; color: #dee2e6; background-color: #dee2e6; clear: both;\" \/>\n<p><strong>Conto Standard XTB:<\/strong><\/p>\n<p>Spread: 0,9 pip<br \/>\nCosto totale: 0,9 x 10 USD = 9 USD per lato oppure 18 USD per operazione roundtrip su 1 lotto standard<\/p>\n<hr style=\"height: 2px; border-width: 0; color: #dee2e6; background-color: #dee2e6; clear: both;\" \/>\n<p><strong>Conto Pro XTB:<\/strong><\/p>\n<p>Spread: 0,1 pip<br \/>\nCosto spread: 0,1 x 10 USD = 1 USD per lato, ovvero 2 USD per operazione round trip su 1 lotto standard<br \/>\nCommissione: 3,50 USD per lotto per lato, ovvero 7 USD per round turn<br \/>\nCosto totale: (1 USD x 2) + (3,50 USD x 2) = 9 USD per operazione round trip su 1 lotto standard<\/p>\n<hr style=\"height: 2px; border-width: 0; color: #dee2e6; background-color: #dee2e6; clear: both;\" \/>\n<p>Come si pu\u00f2 notare, sebbene il conto Pro di XTB preveda una commissione, i costi di trading complessivi risultano inferiori rispetto al conto Standard. Come prevedibile, i trader professionisti gestiscono volumi pi\u00f9 elevati e, di conseguenza, usufruiscono di spread pi\u00f9 stretti e costi totali pi\u00f9 bassi. Occorre tuttavia ricordare che i trader professionali rinunciano ad alcuni meccanismi di protezione del conto riservati ai clienti retail, tra cui la protezione dal saldo negativo.<\/p>\n<p>I trader possono consultare la tabella seguente per verificare gli spread di XTB su alcune coppie Forex popolari. Abbiamo calcolato i costi per lotto micro e per lotto standard riferiti al conto Standard.<\/p>\n<div class=\"table-responsive\">\n<table class=\"table table--colorful\">\n<thead>\n<tr>\n<th style=\"background-color: #fff;\" colspan=\"5\">Costi medi di spread con il conto Standard di XTB<\/th>\n<\/tr>\n<tr>\n<th>Coppia valutaria<\/th>\n<th>Spread (in pip)<\/th>\n<th>Commissione per lato<\/th>\n<th>Costo per lotto micro<\/th>\n<th>Costo per lotto standard<\/th>\n<\/tr>\n<\/thead>\n<tbody>\n<tr>\n<td>EUR\/USD<\/td>\n<td style=\"text-align: center;\">0,9<\/td>\n<td style=\"text-align: center;\">0 USD<\/td>\n<td style=\"text-align: center;\">0,09 USD<\/td>\n<td style=\"text-align: center;\">9,00 USD<\/td>\n<\/tr>\n<tr>\n<td>USD\/JPY<\/td>\n<td style=\"text-align: center;\">1,4<\/td>\n<td style=\"text-align: center;\">0 USD<\/td>\n<td style=\"text-align: center;\">0,0953 USD<\/td>\n<td style=\"text-align: center;\">9,53 USD<\/td>\n<\/tr>\n<tr>\n<td>EUR\/GBP<\/td>\n<td style=\"text-align: center;\">2,1<\/td>\n<td style=\"text-align: center;\">0 USD<\/td>\n<td style=\"text-align: center;\">0,2848 USD<\/td>\n<td style=\"text-align: center;\">28,48 USD<\/td>\n<\/tr>\n<tr>\n<td>GBP\/USD<\/td>\n<td style=\"text-align: center;\">2,2<\/td>\n<td style=\"text-align: center;\">0 USD<\/td>\n<td style=\"text-align: center;\">0,22 USD<\/td>\n<td style=\"text-align: center;\">22,00 USD<\/td>\n<\/tr>\n<tr>\n<td>AUD\/USD<\/td>\n<td style=\"text-align: center;\">1,3<\/td>\n<td style=\"text-align: center;\">0 USD<\/td>\n<td style=\"text-align: center;\">0,13 USD<\/td>\n<td style=\"text-align: center;\">13,00 USD<\/td>\n<\/tr>\n<tr>\n<td>USD\/CAD<\/td>\n<td style=\"text-align: center;\">1,8<\/td>\n<td style=\"text-align: center;\">0 USD<\/td>\n<td style=\"text-align: center;\">0,1315 USD<\/td>\n<td style=\"text-align: center;\">13,15 USD<\/td>\n<\/tr>\n<tr>\n<td>USD\/CHF<\/td>\n<td style=\"text-align: center;\">1,9<\/td>\n<td style=\"text-align: center;\">0 USD<\/td>\n<td style=\"text-align: center;\">0,2383 USD<\/td>\n<td style=\"text-align: center;\">23,83 USD<\/td>\n<\/tr>\n<tr>\n<td>USD\/CNH<\/td>\n<td style=\"text-align: center;\">13,00<\/td>\n<td style=\"text-align: center;\">0 USD<\/td>\n<td style=\"text-align: center;\">0,1813 USD<\/td>\n<td style=\"text-align: center;\">18,13 USD<\/td>\n<\/tr>\n<tr>\n<td>NZD\/USD<\/td>\n<td style=\"text-align: center;\">2,0<\/td>\n<td style=\"text-align: center;\">0 USD<\/td>\n<td style=\"text-align: center;\">0,20 USD<\/td>\n<td style=\"text-align: center;\">20,00 USD<\/td>\n<\/tr>\n<\/tbody>\n<\/table>\n<\/div>\n<p style=\"text-align: center; font-size: 13px;\"><em>*Il costo di trading delle coppie valutarie \u00e8 espresso in USD<\/em><\/p>\n<p>Di seguito, i titolari di conto Pro XTB possono consultare le commissioni round trip applicate al trading di 1 lotto standard, mini e micro.<\/p>\n<div class=\"table-responsive\">\n<table class=\"table table--colorful\">\n<thead>\n<tr>\n<th style=\"background-color: #fff;\" colspan=\"3\">Commissioni roundtrip per il conto Pro di XTB<\/th>\n<\/tr>\n<tr>\n<th>Lotto<\/th>\n<th>Unit\u00e0<\/th>\n<th>Commissione round trip<\/th>\n<\/tr>\n<\/thead>\n<tbody>\n<tr>\n<td>1 lotto standard<\/td>\n<td style=\"text-align: center;\">100.000<\/td>\n<td style=\"text-align: center;\">7 USD<\/td>\n<\/tr>\n<tr>\n<td>1 mini lotto<\/td>\n<td style=\"text-align: center;\">10.000<\/td>\n<td style=\"text-align: center;\">0,70 USD<\/td>\n<\/tr>\n<tr>\n<td>1 micro lotto<\/td>\n<td style=\"text-align: center;\">1.000<\/td>\n<td style=\"text-align: center;\">0,07 USD<\/td>\n<\/tr>\n<\/tbody>\n<\/table>\n<\/div>\n<h2 id=\"overnight\"><i class=\"ico ico--clock\"><\/i>Costi di finanziamento overnight di XTB<\/h2>\n<p>I trader che desiderano mantenere le proprie posizioni aperte per pi\u00f9 di una giornata di trading potrebbero voler approfondire i costi di finanziamento overnight di XTB. Le operazioni detenute da un giorno all\u2019altro sono soggette a commissioni di rollover, note anche come swap.<\/p>\n<p>Lo swap rappresenta l\u2019importo di interesse addebitato o accreditato sul conto del trader per mantenere aperta l\u2019operazione. Tale valore varia a seconda delle coppie valutarie. I punti swap possono essere calcolati manualmente moltiplicando il tasso dei punti swap per il valore del pip. Possono essere positivi o negativi, generando rispettivamente un accredito o un addebito sul conto del trader.<\/p>\n<p>In alternativa, i trader possono utilizzare il calcolatore integrato di XTB, una delle funzionalit\u00e0 distintive di xStation. \u00c8 sufficiente inserire il volume dell\u2019operazione, il valore del contratto e il margine per visualizzare i tassi swap giornalieri applicati alle posizioni long e short di uno specifico strumento Forex.<\/p>\n<p>Gli accrediti e gli addebiti relativi ai diversi strumenti finanziari dipendono da vari fattori, tra cui il tipo di strumento e la direzione dell\u2019operazione. Questi valori sono soggetti a variazioni legate alle condizioni di mercato. Tra gli strumenti pi\u00f9 popolari per ottenere i maggiori accrediti figurano le coppie EUR\/AUD, USD\/TRY e USD\/MXN.<\/p>\n<p>La tabella seguente riporta i tassi di finanziamento overnight di XTB per alcune coppie Forex diffuse.<\/p>\n<div class=\"table-responsive\">\n<table class=\"table table--colorful\">\n<thead>\n<tr>\n<th style=\"background-color: #fff;\" colspan=\"4\">Tassi swap XTB su coppie Forex popolari (dimensione lotto standard)<\/th>\n<\/tr>\n<tr>\n<th>Simbolo<\/th>\n<th>Valuta di base<\/th>\n<th>Valore swap (long)<\/th>\n<th>Valore swap (short)<\/th>\n<\/tr>\n<\/thead>\n<tbody>\n<tr>\n<td>EUR\/USD<\/td>\n<td style=\"text-align: center;\">USD<\/td>\n<td style=\"text-align: center;\">-0,009397%<\/td>\n<td style=\"text-align: center;\">0,003843%<\/td>\n<\/tr>\n<tr>\n<td>USD\/JPY<\/td>\n<td style=\"text-align: center;\">USD<\/td>\n<td style=\"text-align: center;\">0,007172%<\/td>\n<td style=\"text-align: center;\">-0,014109%<\/td>\n<\/tr>\n<tr>\n<td>EUR\/GBP<\/td>\n<td style=\"text-align: center;\">USD<\/td>\n<td style=\"text-align: center;\">-0,008276%<\/td>\n<td style=\"text-align: center;\">0,002760%<\/td>\n<\/tr>\n<tr>\n<td>GBP\/USD<\/td>\n<td style=\"text-align: center;\">USD<\/td>\n<td style=\"text-align: center;\">-0,003859%<\/td>\n<td style=\"text-align: center;\">-0,001655%<\/td>\n<\/tr>\n<tr>\n<td>AUD\/USD<\/td>\n<td style=\"text-align: center;\">USD<\/td>\n<td style=\"text-align: center;\">-0,005333%<\/td>\n<td style=\"text-align: center;\">-0,001550%<\/td>\n<\/tr>\n<tr>\n<td>USD\/CAD<\/td>\n<td style=\"text-align: center;\">USD<\/td>\n<td style=\"text-align: center;\">0,001651%<\/td>\n<td style=\"text-align: center;\">-0,007163%<\/td>\n<\/tr>\n<tr>\n<td>USD\/CHF<\/td>\n<td style=\"text-align: center;\">USD<\/td>\n<td style=\"text-align: center;\">0,009338%<\/td>\n<td style=\"text-align: center;\">-0,014886%<\/td>\n<\/tr>\n<tr>\n<td>AUD\/CAD<\/td>\n<td style=\"text-align: center;\">USD<\/td>\n<td style=\"text-align: center;\">-0,000906%<\/td>\n<td style=\"text-align: center;\">-0,005938%<\/td>\n<\/tr>\n<tr>\n<td>NZD\/USD<\/td>\n<td style=\"text-align: center;\">USD<\/td>\n<td style=\"text-align: center;\">-0,007159%<\/td>\n<td style=\"text-align: center;\">0,000275%<\/td>\n<\/tr>\n<\/tbody>\n<\/table>\n<\/div>\n<h2 id=\"swap\"><i class=\"ico ico--islamic-account\"><\/i>Costi di trading senza swap su XTB<\/h2>\n<p>I clienti della divisione internazionale di XTB possono aprire conti senza swap (islamici). La disponibilit\u00e0 di tali conti \u00e8 limitata ad alcune giurisdizioni, tra cui Emirati Arabi Uniti, Arabia Saudita, Egitto e Malesia, tra le altre. I conti senza swap sono pensati per i trader musulmani che desiderano operare nel rispetto della legge islamica. L\u2019opzione senza swap \u00e8 disponibile sia per il conto Standard sia per il conto Pro.<\/p>\n<p>Come suggerisce il nome, i trader non pagano alcun costo per mantenere le posizioni aperte overnight. Questo tipo di conto rappresenta quindi una soluzione valida per chi, per motivi religiosi, non pu\u00f2 pagare n\u00e9 ricevere swap. In loro luogo viene applicata una piccola commissione amministrativa, variabile a seconda dello strumento.<\/p>\n<p>Il conto islamico del broker consente di accedere a 10.100 mercati per l\u2019investimento diretto e il trading CFD, tra cui Forex, indici, materie prime, criptovalute ed ETF. La leva massima consentita \u00e8 1:500 e i trader possono utilizzare la piattaforma proprietaria xStation.<\/p>\n<p>Oltre all\u2019assenza di oneri o interessi specifici per i conti islamici, XTB propone un programma di cashback, il cui importo dipende dal volume di trading mensile del cliente. Il sistema calcola automaticamente l\u2019importo spettante e lo accredita in contanti sul conto. L\u2019offerta di cashback \u00e8 disponibile per i clienti di determinate giurisdizioni.<\/p>\n<h2 id=\"other\"><i class=\"ico ico--administration-fees\"><\/i>Costi non di trading di XTB<\/h2>\n<p>Esaminiamo ora rapidamente le commissioni non legate al trading di XTB, per offrire ai trader un quadro completo dei costi da sostenere dopo l\u2019apertura di un conto reale con questo broker. A partire dalla registrazione e dalla manutenzione del conto, il broker non applica alcun costo. Questi servizi sono gratuiti per tutti i clienti, indipendentemente dal saldo.<\/p>\n<p>Pur in assenza di commissioni di manutenzione, i trader devono tenere presente che \u00e8 previsto un costo di inattivit\u00e0 di 10 \u20ac per i conti che non hanno effettuato operazioni negli ultimi 365 giorni o non hanno ricevuto depositi negli ultimi 90 giorni.<\/p>\n<p>Tutti i metodi di deposito, comprese le transazioni con carte bancarie, bonifici e pagamenti online tramite PayU, Skrill e PayPal, non comportano commissioni da parte del broker. Alcuni metodi di deposito, tuttavia, possono prevedere costi applicati dai fornitori di pagamento.<\/p>\n<p>Anche i prelievi superiori a 100 \u20ac sono gratuiti. I prelievi inferiori a tale soglia, invece, comportano un costo di 10 \u20ac. I trasferimenti di fondi tra conti in valute diverse sono soggetti a una commissione di conversione valutaria pari allo 0,5% nei giorni feriali e allo 0,8% nei fine settimana.<\/p>\n<div class=\"table-responsive\">\n<table class=\"table\">\n<thead>\n<tr>\n<th colspan=\"2\">Costi non di trading di XTB<\/th>\n<\/tr>\n<\/thead>\n<tbody>\n<tr>\n<td>Commissioni di deposito<\/td>\n<td>Gratuito<\/td>\n<\/tr>\n<tr>\n<td>Commissioni di prelievo<\/td>\n<td>Gratuite oltre 100 \u20ac o 50 USD a seconda dell\u2019entit\u00e0 XTB<\/td>\n<\/tr>\n<tr>\n<td>Costo di apertura conto<\/td>\n<td>Gratuito<\/td>\n<\/tr>\n<tr>\n<td>Commissione di inattivit\u00e0<\/td>\n<td>XTB non applica costi di manutenzione del conto. \u00c8 prevista una commissione di inattivit\u00e0 di 10 \u20ac qualora il trader non abbia effettuato operazioni di acquisto o vendita negli ultimi 365 giorni o non abbia depositato fondi negli ultimi 90 giorni.<\/td>\n<\/tr>\n<tr>\n<td>Commissione di conversione valutaria<\/td>\n<td>0,5% nei giorni feriali, 0,8% nei fine settimana e nei giorni festivi<\/td>\n<\/tr>\n<\/tbody>\n<\/table>\n<\/div>\n<h2 id=\"conclusion\"><i class=\"ico ico--pen\"><\/i>Considerazioni finali sulle commissioni di XTB<\/h2>\n<p>In definitiva, a seconda del tipo di conto scelto \u2014 Standard, Pro o Islamic \u2014 XTB propone modelli tariffari differenti. Il conto Standard offre spread contenuti, mentre i titolari di conto Pro possono approfittare di commissioni competitive e costi totali inferiori grazie ai volumi di trading pi\u00f9 elevati. I conti islamici sono disponibili per i trader di determinate nazioni e includono l\u2019ulteriore vantaggio del cashback accreditato direttamente sul saldo. XTB si conferma cos\u00ec una scelta interessante per trader di ogni estrazione ed esperienza.<\/p>\n","protected":false},"excerpt":{"rendered":"<p>Prima di aprire un conto di trading live con XTB, i trader che desiderano prendere decisioni informate sulle proprie attivit\u00e0 possono trarre vantaggio da questa guida completa. La presente pubblicazione offre una panoramica approfondita degli spread, delle commissioni e dei costi applicati da XTB, consentendo ai trader di comprendere le spese legate all\u2019attivit\u00e0 sulla piattaforma. [&hellip;]<\/p>\n","protected":false},"author":2,"featured_media":0,"parent":5399,"menu_order":0,"comment_status":"closed","ping_status":"closed","template":"templates\/review.php","meta":{"footnotes":""},"class_list":["post-59683","page","type-page","status-publish","hentry"],"aioseo_notices":[],"_links":{"self":[{"href":"https:\/\/www.bestbrokers.com\/it\/wp-json\/wp\/v2\/pages\/59683","targetHints":{"allow":["GET"]}}],"collection":[{"href":"https:\/\/www.bestbrokers.com\/it\/wp-json\/wp\/v2\/pages"}],"about":[{"href":"https:\/\/www.bestbrokers.com\/it\/wp-json\/wp\/v2\/types\/page"}],"author":[{"embeddable":true,"href":"https:\/\/www.bestbrokers.com\/it\/wp-json\/wp\/v2\/users\/2"}],"replies":[{"embeddable":true,"href":"https:\/\/www.bestbrokers.com\/it\/wp-json\/wp\/v2\/comments?post=59683"}],"version-history":[{"count":6,"href":"https:\/\/www.bestbrokers.com\/it\/wp-json\/wp\/v2\/pages\/59683\/revisions"}],"predecessor-version":[{"id":71561,"href":"https:\/\/www.bestbrokers.com\/it\/wp-json\/wp\/v2\/pages\/59683\/revisions\/71561"}],"up":[{"embeddable":true,"href":"https:\/\/www.bestbrokers.com\/it\/wp-json\/wp\/v2\/pages\/5399"}],"wp:attachment":[{"href":"https:\/\/www.bestbrokers.com\/it\/wp-json\/wp\/v2\/media?parent=59683"}],"curies":[{"name":"wp","href":"https:\/\/api.w.org\/{rel}","templated":true}]}}