{"id":59684,"date":"2025-03-19T09:39:43","date_gmt":"2025-03-19T09:39:43","guid":{"rendered":"https:\/\/www.bestbrokers.com\/?page_id=59684"},"modified":"2025-10-21T13:35:42","modified_gmt":"2025-10-21T13:35:42","slug":"spreads-fees-and-commissions","status":"publish","type":"page","link":"https:\/\/www.bestbrokers.com\/it\/reviews\/fxpro\/spreads-fees-and-commissions\/","title":{"rendered":"Spread, costi e commissioni di FxPro"},"content":{"rendered":"<div class=\"author-line\">Scritto da <span class=\"author\">Naylyan Nazifova<div class=\"author-sub-box\"><div class=\"author-avatar\"><img decoding=\"async\" src=\"https:\/\/www.bestbrokers.com\/wp-content\/uploads\/2026\/04\/nnazifova.webp\" \/><\/div><div class=\"author-info-wrapper\"><div class=\"author-name\"><a href=\"https:\/\/www.bestbrokers.com\/it\/authors\/naylyan-nazifova\/\">Naylyan Nazifova<\/a><\/div><div class=\"author-bio\">Naylyan Nazifova \u00e8 un\u2019esperta riconosciuta nel campo del trading online. Ha molte pubblicazioni e analisi che coprono il trading forex, gli investimenti azionari e la finanza personale.<\/div><\/div><\/div><\/span>,  <a rel=\"nofollow\" target=\"_blank\" href=\"https:\/\/www.linkedin.com\/in\/naylian-nazifova-58562a272\/\"><img decoding=\"async\" class=\"social-icon\" src=\"https:\/\/www.bestbrokers.com\/wp-content\/themes\/best-brokers\/assets\/images\/icon-linkedin.svg\" data-no-lazy=\"1\"><\/a> <span class=\"sep\">|<\/span> Tradotto da <span class=\"author\">Luca Mele<div class=\"author-sub-box\"><div class=\"author-avatar\"><img decoding=\"async\" src=\"https:\/\/www.bestbrokers.com\/wp-content\/uploads\/2024\/09\/luca-mele.jpeg\" \/><\/div><div class=\"author-info-wrapper\"><div class=\"author-name\"><a href=\"https:\/\/www.bestbrokers.com\/it\/authors\/luca-mele\/\">Luca Mele<\/a><\/div><div class=\"author-bio\">Luca Mele \u00e8 un traduttore professionista specializzato in vari argomenti, tra cui investimenti e trading con diversi strumenti come forex, azioni, criptovalute e materie prime.<\/div><\/div><\/div><\/span>, <a rel=\"nofollow\" target=\"_blank\" href=\"https:\/\/www.linkedin.com\/in\/luca-mele\/?locale=it_IT\"><img decoding=\"async\" class=\"social-icon\" src=\"https:\/\/www.bestbrokers.com\/wp-content\/themes\/best-brokers\/assets\/images\/icon-linkedin.svg\" data-no-lazy=\"1\"><\/a> <span class=\"sep\">|<\/span> Aggiornato: <time class=\"entry-date\" datetime=\"2025-10-21T13:35:42+00:00\">Ottobre 21, 2025<\/time><\/div>\n<p>Prima di iniziare a fare trading con FxPro, ti consigliamo di familiarizzare con il modello di prezzo del broker, cos\u00ec avrai un\u2019idea chiara del costo finale di una sessione di trading con FxPro. Per aiutarti a stabilire quale budget sia idoneo alle tue operazioni o quale conto offra il miglior rapporto qualit\u00e0-prezzo, abbiamo preparato una recensione dettagliata di tutte le <strong>commissioni di trading e non-trading di FxPro<\/strong>.<\/p>\n<p>Di seguito il nostro team di esperti ha analizzato commissioni, spread, tassi swap e altre voci di costo che potresti incontrare quando fai trading su Forex, metalli e altri strumenti con questo broker. Se vuoi saperne di pi\u00f9 sul costo complessivo di trading con FxPro, ti consigliamo di continuare a leggere.<\/p>\n<h2 id=\"costs\"><i class=\"ico ico--money-supply\"><\/i>Costi di trading di FxPro<\/h2>\n<p>Per aiutarti a comprendere i costi di trading presso FxPro, dobbiamo innanzitutto spiegare i <strong>diversi modelli di prezzo<\/strong> adottati dai tipi di conto offerti dal broker. In base alle tue preferenze di trading, puoi aprire un conto Standard, Raw+ o cTrader. I conti Standard e Raw+ consentono di operare sulle piattaforme MT4 e MT5, mentre il conto cTrader, come suggerisce il nome, permette di fare trading esclusivamente sulla piattaforma cTrader.<\/p>\n<p>Tutti e tre i tipi di conto supportano i micro-lotti, con una <strong>dimensione minima dell\u2019ordine pari a 0,01 lotti<\/strong>. Sebbene tu possa scegliere l\u2019hedging come strategia di gestione delle posizioni su ciascuno dei tre conti, la modalit\u00e0 netting \u00e8 disponibile solo sui conti Standard e Raw+.<\/p>\n<p>Il conto Standard non addebita alcuna commissione per il trading su Forex, metalli e altri strumenti. Il costo complessivo di trading \u00e8 invece incorporato nello spread, che tende a essere pi\u00f9 ampio rispetto agli spread degli altri conti disponibili su FxPro. Il <strong>conto Raw+ offre spread pi\u00f9 stretti che partono da 0,0 pip sulle principali coppie Forex<\/strong>, con una piccola commissione di 3,50 $ per lato su ogni lotto standard. Il conto cTrader riduce a sua volta il costo di trading grazie a spread significativamente pi\u00f9 stretti e all\u2019applicazione della stessa commissione di 3,50 $ per lotto per lato.<\/p>\n<div class=\"table-responsive\">\n<table class=\"table table--colorful\">\n<thead>\n<tr>\n<th style=\"background-color: #fff;\" colspan=\"4\">Commissioni round turn di FxPro in base al tipo di conto<\/th>\n<\/tr>\n<tr>\n<th>Tipo di conto<\/th>\n<th>Per lotto standard<\/th>\n<th>Per lotto mini<\/th>\n<th>Per lotto micro<\/th>\n<\/tr>\n<\/thead>\n<tbody>\n<tr>\n<td>MT4\/5 Standard<\/td>\n<td style=\"text-align: center;\">0 $<\/td>\n<td style=\"text-align: center;\">0 $<\/td>\n<td style=\"text-align: center;\">0 $<\/td>\n<\/tr>\n<tr>\n<td>MT5 Raw+<\/td>\n<td style=\"text-align: center;\">7 $<\/td>\n<td style=\"text-align: center;\">0,7 $<\/td>\n<td style=\"text-align: center;\">0,07 $<\/td>\n<\/tr>\n<tr>\n<td>cTrader Account<\/td>\n<td style=\"text-align: center;\">7 $<\/td>\n<td style=\"text-align: center;\">0,7 $<\/td>\n<td style=\"text-align: center;\">0,07 $<\/td>\n<\/tr>\n<\/tbody>\n<\/table>\n<\/div>\n<p>Se non sei sicuro se sia meglio scegliere un conto senza commissioni o optare per spread pi\u00f9 stretti, ti proponiamo un esempio molto semplice che mostra il costo totale di trading in entrambi i casi. Consideriamo un\u2019operazione di un lotto standard su EUR\/USD, in cui un movimento di un pip equivale a 10 $. Ai fini del nostro esempio supponiamo che i prezzi di apertura e di chiusura dell\u2019operazione siano gli stessi. Al momento in cui scriviamo questa recensione, lo spread sulla coppia EUR\/USD \u00e8 di <strong>1,45 pip<\/strong> sul conto Standard e di <strong>0,45 pip<\/strong> sul conto cTrader. Tenendo presenti questi parametri, l\u2019operazione si presenterebbe cos\u00ec:<\/p>\n<hr style=\"height: 2px; border-width: 0; color: #dee2e6; background-color: #dee2e6; clear: both;\" \/>\n<p><strong>Conto Standard:<\/strong><br \/>\nSpread: 1,45<br \/>\nCommissione per lato: 0 $<br \/>\nCosto totale: 1,45 x 10 $ = 14,5 $ per lato ovvero 29 $ per un\u2019operazione completa<\/p>\n<hr style=\"height: 2px; border-width: 0; color: #dee2e6; background-color: #dee2e6; clear: both;\" \/>\n<p><strong>Conto cTrader:<\/strong><\/p>\n<p>Spread: 0,45<br \/>\nCosto spread: 0,45 x 10 $ = 4,50 $<br \/>\nCommissione per lato: 3,50 $<br \/>\nCosto totale: (4,50 $ x 2) + (3,50 $ x 2) = 9 $ + 7 $ = 16 $ per un\u2019operazione completa<\/p>\n<hr style=\"height: 2px; border-width: 0; color: #dee2e6; background-color: #dee2e6; clear: both;\" \/>\n<p>Come puoi vedere, il costo finale di trading con lo spread pi\u00f9 stretto del conto cTrader \u00e8 notevolmente inferiore rispetto al prezzo di trading della coppia EUR\/USD con il conto Standard.<\/p>\n<p>Di seguito abbiamo riportato il costo totale di trading sulle coppie Forex pi\u00f9 popolari con il conto MT4\/MT5 Standard e con il conto cTrader. Ricorda che gli spread sono variabili, pertanto i valori riportati potrebbero non corrispondere esattamente allo spread che visualizzerai durante il trading con uno qualsiasi dei conti FxPro descritti.<\/p>\n<div class=\"table-responsive\">\n<table class=\"table table--colorful\">\n<thead>\n<tr>\n<th style=\"background-color: #fff;\" colspan=\"5\">Costi medi di spread con i conti MT4\/5 Standard<\/th>\n<\/tr>\n<tr>\n<th>Coppia di valute<\/th>\n<th>Spread (in pip)<\/th>\n<th>Commissione per lato<\/th>\n<th>Costo per lotto micro<\/th>\n<th>Costo per lotto standard<\/th>\n<\/tr>\n<\/thead>\n<tbody>\n<tr>\n<td>EUR\/USD<\/td>\n<td style=\"text-align: center;\">1,45<\/td>\n<td style=\"text-align: center;\">0 $<\/td>\n<td style=\"text-align: center;\">0,145 $<\/td>\n<td style=\"text-align: center;\">14,5 $<\/td>\n<\/tr>\n<tr>\n<td>USD\/JPY<\/td>\n<td style=\"text-align: center;\">1,85<\/td>\n<td style=\"text-align: center;\">0 $<\/td>\n<td style=\"text-align: center;\">0,126 $<\/td>\n<td style=\"text-align: center;\">12,60 $<\/td>\n<\/tr>\n<tr>\n<td>EUR\/GBP<\/td>\n<td style=\"text-align: center;\">1,85<\/td>\n<td style=\"text-align: center;\">0 $<\/td>\n<td style=\"text-align: center;\">0,250 $<\/td>\n<td style=\"text-align: center;\">25,01 $<\/td>\n<\/tr>\n<tr>\n<td>GBP\/USD<\/td>\n<td style=\"text-align: center;\">1,99<\/td>\n<td style=\"text-align: center;\">0 $<\/td>\n<td style=\"text-align: center;\">0,199 $<\/td>\n<td style=\"text-align: center;\">19,90 $<\/td>\n<\/tr>\n<tr>\n<td>AUD\/USD<\/td>\n<td style=\"text-align: center;\">2,09<\/td>\n<td style=\"text-align: center;\">0 $<\/td>\n<td style=\"text-align: center;\">0,209 $<\/td>\n<td style=\"text-align: center;\">20,90 $<\/td>\n<\/tr>\n<tr>\n<td>USD\/CAD<\/td>\n<td style=\"text-align: center;\">1,81<\/td>\n<td style=\"text-align: center;\">0 $<\/td>\n<td style=\"text-align: center;\">0,132 $<\/td>\n<td style=\"text-align: center;\">13,15 $<\/td>\n<\/tr>\n<tr>\n<td>USD\/CHF<\/td>\n<td style=\"text-align: center;\">2,14<\/td>\n<td style=\"text-align: center;\">0 $<\/td>\n<td style=\"text-align: center;\">0,336 $<\/td>\n<td style=\"text-align: center;\">33,68 $<\/td>\n<\/tr>\n<tr>\n<td>USD\/CNH<\/td>\n<td style=\"text-align: center;\">12,75<\/td>\n<td style=\"text-align: center;\">0 $<\/td>\n<td style=\"text-align: center;\">0,179 $<\/td>\n<td style=\"text-align: center;\">17,91 $<\/td>\n<\/tr>\n<tr>\n<td>NZD\/USD<\/td>\n<td style=\"text-align: center;\">2,92<\/td>\n<td style=\"text-align: center;\">0 $<\/td>\n<td style=\"text-align: center;\">0,292 $<\/td>\n<td style=\"text-align: center;\">29,20 $<\/td>\n<\/tr>\n<\/tbody>\n<\/table>\n<\/div>\n<p style=\"text-align: center; font-size: 13px;\"><em>*Tutti i costi di trading delle coppie sono calcolati in USD<\/em><\/p>\n<div class=\"table-responsive\">\n<table class=\"table table--colorful\">\n<thead>\n<tr>\n<th style=\"background-color: #fff;\" colspan=\"5\">Costi medi di spread con i conti cTrader<\/th>\n<\/tr>\n<tr>\n<th>Coppia di valute<\/th>\n<th>Spread (in pip)<\/th>\n<th>Commissione per lato<\/th>\n<th>Costo per lotto micro<\/th>\n<th>Costo per lotto standard<\/th>\n<\/tr>\n<\/thead>\n<tbody>\n<tr>\n<td>EUR\/USD<\/td>\n<td style=\"text-align: center;\">0,45<\/td>\n<td style=\"text-align: center;\">3,50 $\/0,035 $<\/td>\n<td style=\"text-align: center;\">0,08 $<\/td>\n<td style=\"text-align: center;\">8 $<\/td>\n<\/tr>\n<tr>\n<td>USD\/JPY<\/td>\n<td style=\"text-align: center;\">0,60<\/td>\n<td style=\"text-align: center;\">3,50 $\/0,035 $<\/td>\n<td style=\"text-align: center;\">0,076 $<\/td>\n<td style=\"text-align: center;\">7,58 $<\/td>\n<\/tr>\n<tr>\n<td>EUR\/GBP<\/td>\n<td style=\"text-align: center;\">1,03<\/td>\n<td style=\"text-align: center;\">3,50 $\/0,035 $<\/td>\n<td style=\"text-align: center;\">0,174 $<\/td>\n<td style=\"text-align: center;\">17,42 $<\/td>\n<\/tr>\n<tr>\n<td>GBP\/USD<\/td>\n<td style=\"text-align: center;\">0,95<\/td>\n<td style=\"text-align: center;\">3,50 $\/0,035 $<\/td>\n<td style=\"text-align: center;\">0,130 $<\/td>\n<td style=\"text-align: center;\">13 $<\/td>\n<\/tr>\n<tr>\n<td>AUD\/USD<\/td>\n<td style=\"text-align: center;\">0,60<\/td>\n<td style=\"text-align: center;\">3,50 $\/0,035 $<\/td>\n<td style=\"text-align: center;\">0,095 $<\/td>\n<td style=\"text-align: center;\">9,50 $<\/td>\n<\/tr>\n<tr>\n<td>USD\/CAD<\/td>\n<td style=\"text-align: center;\">0,54<\/td>\n<td style=\"text-align: center;\">3,50 $\/0,035 $<\/td>\n<td style=\"text-align: center;\">0,074 $<\/td>\n<td style=\"text-align: center;\">7,42 $<\/td>\n<\/tr>\n<tr>\n<td>USD\/CHF<\/td>\n<td style=\"text-align: center;\">1,60<\/td>\n<td style=\"text-align: center;\">3,50 $\/0,035 $<\/td>\n<td style=\"text-align: center;\">0,235 $<\/td>\n<td style=\"text-align: center;\">23,46 $<\/td>\n<\/tr>\n<tr>\n<td>USD\/CNH<\/td>\n<td style=\"text-align: center;\">8,70<\/td>\n<td style=\"text-align: center;\">3,50 $\/0,035 $<\/td>\n<td style=\"text-align: center;\">0,157 $<\/td>\n<td style=\"text-align: center;\">15,72 $<\/td>\n<\/tr>\n<tr>\n<td>NZD\/USD<\/td>\n<td style=\"text-align: center;\">1,14<\/td>\n<td style=\"text-align: center;\">3,50 $\/0,035 $<\/td>\n<td style=\"text-align: center;\">0,149 $<\/td>\n<td style=\"text-align: center;\">14,90 $<\/td>\n<\/tr>\n<\/tbody>\n<\/table>\n<\/div>\n<p style=\"text-align: center; font-size: 13px;\"><em>*Tutti i costi di trading delle coppie sono calcolati in USD<\/em><\/p>\n<h2 id=\"overnight\"><i class=\"ico ico--clock\"><\/i>Costi di finanziamento overnight di FxPro<\/h2>\n<p>Anche se i day trader possono operare in intraday con uno qualsiasi dei conti FxPro, esiste la possibilit\u00e0 di mantenere le posizioni aperte durante la notte. Queste operazioni generano interessi, che vengono pagati (swap negativi) o ricevuti (swap positivi) dal trader, a seconda della direzione assunta dal mercato overnight. Questi <strong>tassi d\u2019interesse sono detti swap<\/strong> e FxPro li calcola aggiungendo una commissione di rollover per le posizioni overnight ai tassi d\u2019interesse della coppia di valute.<\/p>\n<blockquote><p>Per le coppie Forex, la formula per calcolare gli swap \u00e8: valore del pip x valore dello swap (espresso in punti) \/ 10<\/p>\n<p>Per gli strumenti non Forex, la formula per calcolare gli swap \u00e8: dimensione del lotto x valore dello swap x numero di notti in cui la posizione \u00e8 rimasta aperta<\/p><\/blockquote>\n<p>Gli swap vengono addebitati una volta al giorno durante la settimana lavorativa ma, dato che non possono essere imputati nei fine settimana a causa della chiusura dei mercati di sabato e domenica, <strong>gli swap del mercoled\u00ec sono tripli per Forex e metalli<\/strong>. Per gli altri strumenti l\u2019addebito triplo avviene il venerd\u00ec.<\/p>\n<p>Sebbene i tassi swap vengano aggiornati regolarmente a causa della loro <strong>natura dinamica<\/strong>, di seguito riportiamo una tabella con gli swap sulle coppie Forex pi\u00f9 popolari in vigore al momento della stesura. Vale la pena ricordare che il broker mette anche a disposizione un calcolatore di swap che ti aiuta a visualizzare il potenziale addebito su qualsiasi strumento che possa maturare interessi se tenuto overnight.<\/p>\n<div class=\"table-responsive\">\n<table class=\"table table--colorful\">\n<thead>\n<tr>\n<th style=\"background-color: #fff;\" colspan=\"5\">Tassi swap sulle coppie Forex pi\u00f9 popolari (dimensione di lotto standard)<\/th>\n<\/tr>\n<tr>\n<th>Simbolo<\/th>\n<th>Valuta di base<\/th>\n<th>Volume in lotti<\/th>\n<th>Swap long della coppia in USD<\/th>\n<th>Swap short della coppia in USD<\/th>\n<\/tr>\n<\/thead>\n<tbody>\n<tr>\n<td>EUR\/USD<\/td>\n<td style=\"text-align: center;\">USD<\/td>\n<td style=\"text-align: center;\">1<\/td>\n<td style=\"text-align: center;\">-8,01<\/td>\n<td style=\"text-align: center;\">1,9<\/td>\n<\/tr>\n<tr>\n<td>USD\/JPY<\/td>\n<td style=\"text-align: center;\">USD<\/td>\n<td style=\"text-align: center;\">1<\/td>\n<td style=\"text-align: center;\">4,5<\/td>\n<td style=\"text-align: center;\">-18,25<\/td>\n<\/tr>\n<tr>\n<td>EUR\/GBP<\/td>\n<td style=\"text-align: center;\">USD<\/td>\n<td style=\"text-align: center;\">1<\/td>\n<td style=\"text-align: center;\">-10,27<\/td>\n<td style=\"text-align: center;\">1,67<\/td>\n<\/tr>\n<tr>\n<td>GBP\/USD<\/td>\n<td style=\"text-align: center;\">USD<\/td>\n<td style=\"text-align: center;\">1<\/td>\n<td style=\"text-align: center;\">-3,3<\/td>\n<td style=\"text-align: center;\">-4,1<\/td>\n<\/tr>\n<tr>\n<td>AUD\/USD<\/td>\n<td style=\"text-align: center;\">USD<\/td>\n<td style=\"text-align: center;\">1<\/td>\n<td style=\"text-align: center;\">-3,6<\/td>\n<td style=\"text-align: center;\">-1,1<\/td>\n<\/tr>\n<tr>\n<td>USD\/CAD<\/td>\n<td style=\"text-align: center;\">USD<\/td>\n<td style=\"text-align: center;\">1<\/td>\n<td style=\"text-align: center;\">0,31<\/td>\n<td style=\"text-align: center;\">-5,97<\/td>\n<\/tr>\n<tr>\n<td>USD\/CHF<\/td>\n<td style=\"text-align: center;\">USD<\/td>\n<td style=\"text-align: center;\">1<\/td>\n<td style=\"text-align: center;\">6,13<\/td>\n<td style=\"text-align: center;\">-16,91<\/td>\n<\/tr>\n<tr>\n<td>USD\/CNH<\/td>\n<td style=\"text-align: center;\">USD<\/td>\n<td style=\"text-align: center;\">1<\/td>\n<td style=\"text-align: center;\">-6,01<\/td>\n<td style=\"text-align: center;\">-12,15<\/td>\n<\/tr>\n<tr>\n<td>NZD\/USD<\/td>\n<td style=\"text-align: center;\">USD<\/td>\n<td style=\"text-align: center;\">1<\/td>\n<td style=\"text-align: center;\">-2,5<\/td>\n<td style=\"text-align: center;\">-2,1<\/td>\n<\/tr>\n<\/tbody>\n<\/table>\n<\/div>\n<h2 id=\"swap\"><i class=\"ico ico--islamic-account\"><\/i>Costi di trading senza swap su FxPro<\/h2>\n<p>Dato che alcuni trader non possono pagare o ricevere interessi per motivi religiosi, FxPro consente ai clienti di determinate nazioni musulmane di aprire conti senza swap. Questa modalit\u00e0 di trading permette di fare trading su indici, futures e azioni a tempo indeterminato, <strong>senza pagare n\u00e9 ricevere interessi<\/strong>. Per altri strumenti \u00e8 previsto un periodo di grazia, trascorso il quale il broker addebita una commissione.<\/p>\n<p>Il periodo di grazia varia a seconda dello strumento: le principali coppie Forex consentono il maggior numero di giorni di trading senza swap prima che venga applicata la commissione. Di seguito forniamo una <strong>tabella dettagliata con il periodo di grazia<\/strong> per la maggior parte degli strumenti di trading, insieme alla commissione applicata una volta scaduto tale periodo.<\/p>\n<div class=\"table-responsive\">\n<table class=\"table table--colorful\">\n<thead>\n<tr>\n<th style=\"background-color: #fff;\" colspan=\"4\">Periodo di grazia e commissioni di rollover sui conti senza swap di FxPro<\/th>\n<\/tr>\n<tr>\n<th>Strumento<\/th>\n<th>Periodo di grazia (numero di notti)<\/th>\n<th>Commissione di rollover per conto cTrader senza swap<\/th>\n<th>Commissione di rollover per conti MT4 e FxPro Edge senza swap<\/th>\n<\/tr>\n<\/thead>\n<tbody>\n<tr>\n<td>EUR\/USD<\/td>\n<td style=\"text-align: center;\">8<\/td>\n<td style=\"text-align: center;\">7,50 $<\/td>\n<td style=\"text-align: center;\">Calcolata come tassi swap<\/td>\n<\/tr>\n<tr>\n<td>USD\/JPY<\/td>\n<td style=\"text-align: center;\">8<\/td>\n<td style=\"text-align: center;\">7,50 $<\/td>\n<td style=\"text-align: center;\">Calcolata come tassi swap<\/td>\n<\/tr>\n<tr>\n<td>EUR\/GBP<\/td>\n<td style=\"text-align: center;\">8<\/td>\n<td style=\"text-align: center;\">7,50 $<\/td>\n<td style=\"text-align: center;\">Calcolata come tassi swap<\/td>\n<\/tr>\n<tr>\n<td>GBP\/USD<\/td>\n<td style=\"text-align: center;\">8<\/td>\n<td style=\"text-align: center;\">7,50 $<\/td>\n<td style=\"text-align: center;\">Calcolata come tassi swap<\/td>\n<\/tr>\n<tr>\n<td>AUD\/USD<\/td>\n<td style=\"text-align: center;\">3<\/td>\n<td style=\"text-align: center;\">7,50 $<\/td>\n<td style=\"text-align: center;\">Calcolata come tassi swap<\/td>\n<\/tr>\n<tr>\n<td>USD\/CAD<\/td>\n<td style=\"text-align: center;\">8<\/td>\n<td style=\"text-align: center;\">7,50 $<\/td>\n<td style=\"text-align: center;\">Calcolata come tassi swap<\/td>\n<\/tr>\n<tr>\n<td>USD\/CHF<\/td>\n<td style=\"text-align: center;\">8<\/td>\n<td style=\"text-align: center;\">7,50 $<\/td>\n<td style=\"text-align: center;\">Calcolata come tassi swap<\/td>\n<\/tr>\n<tr>\n<td>USD\/CNH<\/td>\n<td style=\"text-align: center;\">3<\/td>\n<td style=\"text-align: center;\">7,50 $<\/td>\n<td style=\"text-align: center;\">Calcolata come tassi swap<\/td>\n<\/tr>\n<tr>\n<td>NZD\/USD<\/td>\n<td style=\"text-align: center;\">3<\/td>\n<td style=\"text-align: center;\">7,50 $<\/td>\n<td style=\"text-align: center;\">Calcolata come tassi swap<\/td>\n<\/tr>\n<tr>\n<td>Spot Metals<\/td>\n<td style=\"text-align: center;\">4<\/td>\n<td style=\"text-align: center;\">7,50 $<\/td>\n<td style=\"text-align: center;\">Calcolata come tassi swap<\/td>\n<\/tr>\n<tr>\n<td>Spot Metals (Palladium, Platinum)<\/td>\n<td style=\"text-align: center;\">3<\/td>\n<td style=\"text-align: center;\">7,50 $<\/td>\n<td style=\"text-align: center;\">Calcolata come tassi swap<\/td>\n<\/tr>\n<tr>\n<td>Energy Spot<\/td>\n<td style=\"text-align: center;\">1<\/td>\n<td style=\"text-align: center;\">25 $<\/td>\n<td style=\"text-align: center;\">Calcolata come tassi swap<\/td>\n<\/tr>\n<tr>\n<td>Crypto<\/td>\n<td style=\"text-align: center;\">3<\/td>\n<td style=\"text-align: center;\">&#8211;<\/td>\n<td style=\"text-align: center;\">Calcolata come tassi swap<\/td>\n<\/tr>\n<\/tbody>\n<\/table>\n<\/div>\n<h2 id=\"other\"><i class=\"ico ico--administration-fees\"><\/i>Costi non di trading di FxPro<\/h2>\n<p>Oltre alle commissioni di trading, i clienti FxPro possono incorrere in alcuni costi non collegati all\u2019operativit\u00e0. Detto ci\u00f2, abbiamo riscontrato pochissimi oneri aggiuntivi che i trader possano pagare al di fuori di <strong>spread e commissioni legati ai conti FxPro<\/strong>. Per cominciare, l\u2019apertura di un conto con il broker \u00e8 completamente gratuita e, anche in assenza di attivit\u00e0 di trading per oltre tre mesi, <strong>non viene addebitata alcuna commissione di inattivit\u00e0<\/strong>. In tal caso il broker disattiver\u00e0 il tuo conto FxPro, che potr\u00e0 essere riattivato semplicemente contattando l\u2019assistenza.<\/p>\n<p>Puoi finanziare il tuo conto FxPro tramite diverse soluzioni di pagamento. Indipendentemente dal metodo di deposito scelto, il broker non applicher\u00e0 alcuna commissione. In linea generale, anche i prelievi su FxPro sono gratuiti. Nonostante ci\u00f2, in assenza di attivit\u00e0 di trading, se il trader richiede un prelievo tramite Skrill o Neteller, <strong>verr\u00e0 detratta una commissione rispettivamente del 2,6% o del 2%<\/strong> dal saldo.<\/p>\n<p>Per i trader che desiderano portare la propria operativit\u00e0 al livello successivo, mantenendo attivi i propri EA senza avviare le piattaforme di trading del broker, \u00e8 disponibile un servizio VPS (Virtual Private Server). Questo prodotto \u00e8 fornito da BeeksFX e richiede un <strong>abbonamento a pagamento di 30 $ al mese<\/strong>. I titolari di conto Premium, per\u00f2, potranno utilizzare il servizio VPS di FxPro gratuitamente.<\/p>\n<div class=\"table-responsive\">\n<table class=\"table\">\n<thead>\n<tr>\n<th colspan=\"2\">Costi non di trading di FxPro<\/th>\n<\/tr>\n<\/thead>\n<tbody>\n<tr>\n<td>Commissioni di deposito<\/td>\n<td>Gratis<\/td>\n<\/tr>\n<tr>\n<td>Commissioni di prelievo<\/td>\n<td>\n<ul>\n<li>Neteller: 2,6% se l\u2019utente non ha effettuato operazioni<\/li>\n<li>Skrill: 2% se l\u2019utente non ha effettuato operazioni<\/li>\n<li>PayPal: 2,7% se l\u2019utente non ha effettuato operazioni<\/li>\n<\/ul>\n<\/td>\n<\/tr>\n<tr>\n<td>Commissione di apertura del conto<\/td>\n<td>Gratis<\/td>\n<\/tr>\n<tr>\n<td>Commissione di inattivit\u00e0<\/td>\n<td>Nessuna<\/td>\n<\/tr>\n<tr>\n<td>Abbonamento VPS<\/td>\n<td>\n<ul class=\"list-checks\">\n<li>30 $ al mese per i trader retail;<\/li>\n<li>gratuito per i titolari di conto Premium<\/li>\n<\/ul>\n<\/td>\n<\/tr>\n<\/tbody>\n<\/table>\n<\/div>\n<h2 id=\"conclusion\"><i class=\"ico ico--pen\"><\/i>Considerazioni finali sulle commissioni di FxPro<\/h2>\n<p>Se desideri fare trading con FxPro, hai la possibilit\u00e0 di scegliere fra tre versioni di conto, ognuna delle quali offre condizioni di trading abbastanza economiche. A prescindere che tu preferisca eliminare la variabile commissioni o che reputi pi\u00f9 adatti spread pi\u00f9 stretti, <strong>avrai diverse opzioni di conto<\/strong> perfettamente in linea con la tua esperienza.<\/p>\n<p>I trader, inoltre, non solo possono ridurre i costi di trading scegliendo fra i vari tipi di conto disponibili su FxPro, ma possono anche gestire i propri fondi con <strong>zero commissioni sia sui depositi sia sui prelievi<\/strong>. \u00c8 inoltre disponibile il trading senza swap, che prevede un ampio periodo di grazia su numerosi strumenti e commissioni di rollover molto contenute una volta scaduto. Tutto ci\u00f2 dimostra che FxPro \u00e8 un broker che offre operativit\u00e0 a basso costo a un\u2019ampia gamma di trader.<\/p>\n","protected":false},"excerpt":{"rendered":"<p>Prima di iniziare a fare trading con FxPro, ti consigliamo di familiarizzare con il modello di prezzo del broker, cos\u00ec avrai un\u2019idea chiara del costo finale di una sessione di trading con FxPro. Per aiutarti a stabilire quale budget sia idoneo alle tue operazioni o quale conto offra il miglior rapporto qualit\u00e0-prezzo, abbiamo preparato una [&hellip;]<\/p>\n","protected":false},"author":2,"featured_media":0,"parent":6232,"menu_order":0,"comment_status":"closed","ping_status":"closed","template":"templates\/review.php","meta":{"footnotes":""},"class_list":["post-59684","page","type-page","status-publish","hentry"],"aioseo_notices":[],"_links":{"self":[{"href":"https:\/\/www.bestbrokers.com\/it\/wp-json\/wp\/v2\/pages\/59684","targetHints":{"allow":["GET"]}}],"collection":[{"href":"https:\/\/www.bestbrokers.com\/it\/wp-json\/wp\/v2\/pages"}],"about":[{"href":"https:\/\/www.bestbrokers.com\/it\/wp-json\/wp\/v2\/types\/page"}],"author":[{"embeddable":true,"href":"https:\/\/www.bestbrokers.com\/it\/wp-json\/wp\/v2\/users\/2"}],"replies":[{"embeddable":true,"href":"https:\/\/www.bestbrokers.com\/it\/wp-json\/wp\/v2\/comments?post=59684"}],"version-history":[{"count":7,"href":"https:\/\/www.bestbrokers.com\/it\/wp-json\/wp\/v2\/pages\/59684\/revisions"}],"predecessor-version":[{"id":71602,"href":"https:\/\/www.bestbrokers.com\/it\/wp-json\/wp\/v2\/pages\/59684\/revisions\/71602"}],"up":[{"embeddable":true,"href":"https:\/\/www.bestbrokers.com\/it\/wp-json\/wp\/v2\/pages\/6232"}],"wp:attachment":[{"href":"https:\/\/www.bestbrokers.com\/it\/wp-json\/wp\/v2\/media?parent=59684"}],"curies":[{"name":"wp","href":"https:\/\/api.w.org\/{rel}","templated":true}]}}