{"id":59685,"date":"2025-03-19T09:39:43","date_gmt":"2025-03-19T09:39:43","guid":{"rendered":"https:\/\/www.bestbrokers.com\/?page_id=59685"},"modified":"2025-10-21T13:35:38","modified_gmt":"2025-10-21T13:35:38","slug":"spreads-fees-and-commissions","status":"publish","type":"page","link":"https:\/\/www.bestbrokers.com\/it\/reviews\/cmc-markets\/spreads-fees-and-commissions\/","title":{"rendered":"Spread, commissioni e costi di CMC Markets"},"content":{"rendered":"<div class=\"author-line\">Scritto da <span class=\"author\">Zornitsa Stefanova<div class=\"author-sub-box\"><div class=\"author-avatar\"><img decoding=\"async\" src=\"https:\/\/www.bestbrokers.com\/wp-content\/uploads\/2024\/09\/zornica-stefanova.jpeg\" \/><\/div><div class=\"author-info-wrapper\"><div class=\"author-name\"><a href=\"https:\/\/www.bestbrokers.com\/it\/authors\/zornitsa-stefanova\/\">Zornitsa Stefanova<\/a><\/div><div class=\"author-bio\">Zornitsa Stefanova \u00e8 un\u2019analista esperta di forex e criptovalute. Copre anche vari argomenti finanziari come il trading di azioni e gli investimenti per la pensione.<\/div><\/div><\/div><\/span>,  <a rel=\"nofollow\" target=\"_blank\" href=\"https:\/\/www.linkedin.com\/in\/zornica-stefanova-73ab39287\/\"><img decoding=\"async\" class=\"social-icon\" src=\"https:\/\/www.bestbrokers.com\/wp-content\/themes\/best-brokers\/assets\/images\/icon-linkedin.svg\" data-no-lazy=\"1\"><\/a> <span class=\"sep\">|<\/span> Tradotto da <span class=\"author\">Luca Mele<div class=\"author-sub-box\"><div class=\"author-avatar\"><img decoding=\"async\" src=\"https:\/\/www.bestbrokers.com\/wp-content\/uploads\/2024\/09\/luca-mele.jpeg\" \/><\/div><div class=\"author-info-wrapper\"><div class=\"author-name\"><a href=\"https:\/\/www.bestbrokers.com\/it\/authors\/luca-mele\/\">Luca Mele<\/a><\/div><div class=\"author-bio\">Luca Mele \u00e8 un traduttore professionista specializzato in vari argomenti, tra cui investimenti e trading con diversi strumenti come forex, azioni, criptovalute e materie prime.<\/div><\/div><\/div><\/span>, <a rel=\"nofollow\" target=\"_blank\" href=\"https:\/\/www.linkedin.com\/in\/luca-mele\/?locale=it_IT\"><img decoding=\"async\" class=\"social-icon\" src=\"https:\/\/www.bestbrokers.com\/wp-content\/themes\/best-brokers\/assets\/images\/icon-linkedin.svg\" data-no-lazy=\"1\"><\/a> <span class=\"sep\">|<\/span> Aggiornato: <time class=\"entry-date\" datetime=\"2025-10-21T13:35:38+00:00\">Ottobre 21, 2025<\/time><\/div>\n<p>CMC Markets \u00e8 un broker con sede nel Regno Unito attivo da oltre trent\u2019anni. Fondato nel 1989, CMC Markets rimane la scelta di molti trader in tutto il mondo, che lo apprezzano per l\u2019ampia gamma di prodotti, la variet\u00e0 di piattaforme e i costi di trading contenuti.<\/p>\n<p>Gli spread possono scendere sotto 1 pip e uno dei tipi di conto prevede una commissione di soli 2,50 USD per lotto, per lato. Oltre 12.000 strumenti finanziari sono disponibili sulla potente piattaforma web e sull\u2019app del broker, nonch\u00e9 sulle popolari piattaforme di terze parti come MT4, MT5 e TradingView. Di seguito trovi maggiori informazioni sui costi di CMC Markets.<\/p>\n<h2 id=\"costs\"><i class=\"ico ico--money-supply\"><\/i>Costi di trading su CMC Markets<\/h2>\n<p>Quando si fa trading sul mercato valutario, i principali costi da tenere a mente sono spread e commissioni. CMC Markets offre la possibilit\u00e0 di aprire un conto CFD standard, il cui costo di trading \u00e8 interamente incorporato nello spread. Un altro tipo di conto, denominato FX Active, \u00e8 pensato per chi desidera spread pi\u00f9 bassi. I conti FX Active sono disponibili presso le divisioni di CMC Markets regolamentate nel Regno Unito, in Canada e alle Bermuda.<\/p>\n<h3><i class=\"ico ico--pro-ecn-account\"><\/i>Costi di trading del conto CFD standard<\/h3>\n<p>Grazie a CMC Markets i clienti possono approfittare di spread relativamente competitivi se scelgono il conto CFD standard. La coppia EUR\/USD, per esempio, pu\u00f2 avere uno spread minimo di 0,5 pip. Considerando uno spread del genere, il costo per un lotto standard \u00e8 pari a 5 USD, mentre per un micro lotto \u00e8 di appena 0,05 USD. Per calcolare il costo di spread su un lotto standard, occorre moltiplicare il valore dello spread per 100.000 quando il conto \u00e8 denominato in USD.<\/p>\n<p>0,00005 x 100.000 = 5 USD.<\/p>\n<p>La procedura \u00e8 analoga per i micro lotti, con la sola differenza che bisogna moltiplicare lo spread per 1.000. Di seguito trovi un riepilogo dei costi minimi relativi ad alcune fra le coppie pi\u00f9 popolari di CMC Markets:<\/p>\n<div class=\"table-responsive\">\n<table class=\"table table--colorful\">\n<thead>\n<tr>\n<th style=\"background-color: #fff;\" colspan=\"5\">Costi minimi di spread con conto CFD standard<\/th>\n<\/tr>\n<tr>\n<th>Coppia valutaria<\/th>\n<th>Spread<\/th>\n<th>Commissione per lotto, per lato<\/th>\n<th>Costo per lotto micro<\/th>\n<th>Costo per lotto standard<\/th>\n<\/tr>\n<\/thead>\n<tbody>\n<tr>\n<td>AUD\/USD<\/td>\n<td style=\"text-align: center;\">0,6<\/td>\n<td style=\"text-align: center;\">0 USD<\/td>\n<td style=\"text-align: center;\">0,06 USD<\/td>\n<td style=\"text-align: center;\">6 USD<\/td>\n<\/tr>\n<tr>\n<td>EUR\/GBP<\/td>\n<td style=\"text-align: center;\">0,7<\/td>\n<td style=\"text-align: center;\">0 USD<\/td>\n<td style=\"text-align: center;\">0,094 USD<\/td>\n<td style=\"text-align: center;\">9,41 USD<\/td>\n<\/tr>\n<tr>\n<td>EUR\/JPY<\/td>\n<td style=\"text-align: center;\">1,2<\/td>\n<td style=\"text-align: center;\">0 USD<\/td>\n<td style=\"text-align: center;\">0,081 USD<\/td>\n<td style=\"text-align: center;\">8,11 USD<\/td>\n<\/tr>\n<tr>\n<td>EUR\/USD<\/td>\n<td style=\"text-align: center;\">0,5<\/td>\n<td style=\"text-align: center;\">0 USD<\/td>\n<td style=\"text-align: center;\">0,05 USD<\/td>\n<td style=\"text-align: center;\">5 USD<\/td>\n<\/tr>\n<tr>\n<td>GBP\/JPY<\/td>\n<td style=\"text-align: center;\">1,7<\/td>\n<td style=\"text-align: center;\">0 USD<\/td>\n<td style=\"text-align: center;\">0,115 USD<\/td>\n<td style=\"text-align: center;\">11,49 USD<\/td>\n<\/tr>\n<tr>\n<td>GBP\/USD<\/td>\n<td style=\"text-align: center;\">0,9<\/td>\n<td style=\"text-align: center;\">0 USD<\/td>\n<td style=\"text-align: center;\">0,09 USD<\/td>\n<td style=\"text-align: center;\">9 USD<\/td>\n<\/tr>\n<tr>\n<td>NZD\/USD<\/td>\n<td style=\"text-align: center;\">1,7<\/td>\n<td style=\"text-align: center;\">0 USD<\/td>\n<td style=\"text-align: center;\">0,17 USD<\/td>\n<td style=\"text-align: center;\">17 USD<\/td>\n<\/tr>\n<tr>\n<td>USD\/CAD<\/td>\n<td style=\"text-align: center;\">1,3<\/td>\n<td style=\"text-align: center;\">0 USD<\/td>\n<td style=\"text-align: center;\">0,094 USD<\/td>\n<td style=\"text-align: center;\">9,39 USD<\/td>\n<\/tr>\n<tr>\n<td>USD\/CNH<\/td>\n<td style=\"text-align: center;\">2<\/td>\n<td style=\"text-align: center;\">0 USD<\/td>\n<td style=\"text-align: center;\">0,028 USD<\/td>\n<td style=\"text-align: center;\">2,79 USD<\/td>\n<\/tr>\n<tr>\n<td>USD\/JPY<\/td>\n<td style=\"text-align: center;\">0,7<\/td>\n<td style=\"text-align: center;\">0 USD<\/td>\n<td style=\"text-align: center;\">0,047 USD<\/td>\n<td style=\"text-align: center;\">4,73 USD<\/td>\n<\/tr>\n<\/tbody>\n<\/table>\n<\/div>\n<h3><i class=\"ico ico--account\"><\/i>Costi di trading FX Active<\/h3>\n<p>Se desideri fare trading con spread ancora pi\u00f9 bassi, il conto FX Active di CMC Markets merita la tua attenzione. Questo conto prevede l\u2019addebito di commissioni; di conseguenza, per calcolare il costo totale per lotto standard per lato bisogna sommare il costo dello spread alla commissione. Dato che per coppie come EUR\/USD, GBP\/USD, AUD\/USD, USD\/CAD, USD\/JPY e NZD\/USD lo spread pu\u00f2 scendere a 0 pip, il costo minimo corrisponde dunque alla sola commissione:<\/p>\n<div class=\"table-responsive\">\n<table class=\"table table--colorful\">\n<thead>\n<tr>\n<th style=\"background-color: #fff;\" colspan=\"5\">Costi minimi di spread con conto FX Active<\/th>\n<\/tr>\n<tr>\n<th>Coppia valutaria<\/th>\n<th>Spread<\/th>\n<th>Commissione per lotto, per lato<\/th>\n<th>Costo per lotto micro<\/th>\n<th>Costo per lotto standard<\/th>\n<\/tr>\n<\/thead>\n<tbody>\n<tr>\n<td>AUD\/USD<\/td>\n<td style=\"text-align: center;\">0<\/td>\n<td style=\"text-align: center;\">0,025 USD \/ 2,50 USD<\/td>\n<td style=\"text-align: center;\">0,025 USD<\/td>\n<td style=\"text-align: center;\">2,50 USD<\/td>\n<\/tr>\n<tr>\n<td>EUR\/GBP<\/td>\n<td style=\"text-align: center;\">0,5<\/td>\n<td style=\"text-align: center;\">0,025 USD \/ 2,50 USD<\/td>\n<td style=\"text-align: center;\">0,092 USD<\/td>\n<td style=\"text-align: center;\">9,22 USD<\/td>\n<\/tr>\n<tr>\n<td>EUR\/JPY<\/td>\n<td style=\"text-align: center;\">0,9<\/td>\n<td style=\"text-align: center;\">0,025 USD \/ 2,50 USD<\/td>\n<td style=\"text-align: center;\">0,086 USD<\/td>\n<td style=\"text-align: center;\">8,58 USD<\/td>\n<\/tr>\n<tr>\n<td>EUR\/USD<\/td>\n<td style=\"text-align: center;\">0<\/td>\n<td style=\"text-align: center;\">0,025 USD \/ 2,50 USD<\/td>\n<td style=\"text-align: center;\">0,025 USD<\/td>\n<td style=\"text-align: center;\">2,50 USD<\/td>\n<\/tr>\n<tr>\n<td>GBP\/JPY<\/td>\n<td style=\"text-align: center;\">1,35<\/td>\n<td style=\"text-align: center;\">0,025 USD \/ 2,50 USD<\/td>\n<td style=\"text-align: center;\">0,116 USD<\/td>\n<td style=\"text-align: center;\">11,63 USD<\/td>\n<\/tr>\n<tr>\n<td>GBP\/USD<\/td>\n<td style=\"text-align: center;\">0<\/td>\n<td style=\"text-align: center;\">0,025 USD \/ 2,50 USD<\/td>\n<td style=\"text-align: center;\">0,025 USD<\/td>\n<td style=\"text-align: center;\">2,50 USD<\/td>\n<\/tr>\n<tr>\n<td>NZD\/USD<\/td>\n<td style=\"text-align: center;\">0<\/td>\n<td style=\"text-align: center;\">0,025 USD \/ 2,50 USD<\/td>\n<td style=\"text-align: center;\">0,025 USD<\/td>\n<td style=\"text-align: center;\">2,50 USD<\/td>\n<\/tr>\n<tr>\n<td>USD\/CAD<\/td>\n<td style=\"text-align: center;\">0<\/td>\n<td style=\"text-align: center;\">0,025 USD \/ 2,50 USD<\/td>\n<td style=\"text-align: center;\">0,025 USD<\/td>\n<td style=\"text-align: center;\">2,50 USD<\/td>\n<\/tr>\n<tr>\n<td>USD\/CNH<\/td>\n<td style=\"text-align: center;\">1,5<\/td>\n<td style=\"text-align: center;\">0,025 USD \/ 2,50 USD<\/td>\n<td style=\"text-align: center;\">0,046 USD<\/td>\n<td style=\"text-align: center;\">4,59 USD<\/td>\n<\/tr>\n<tr>\n<td>USD\/JPY<\/td>\n<td style=\"text-align: center;\">0<\/td>\n<td style=\"text-align: center;\">0,025 USD \/ 2,50 USD<\/td>\n<td style=\"text-align: center;\">0,025 USD<\/td>\n<td style=\"text-align: center;\">2,50 USD<\/td>\n<\/tr>\n<\/tbody>\n<\/table>\n<\/div>\n<p>\u00c8 importante sottolineare che il conto FX Active non \u00e8 disponibile presso tutte le entit\u00e0 di CMC Markets. I clienti della maggior parte delle nazioni europee, ad esempio, possono scegliere solo tra un conto CFD, un conto MT4 e un conto Corporate; in questi casi gli spread sul Forex partono da 0,2 pip indipendentemente dall\u2019opzione selezionata. In alcune giurisdizioni \u00e8 inoltre disponibile un conto di spread betting. Le entit\u00e0 di CMC Markets che offrono il conto FX Active sono vigilate dalle autorit\u00e0 finanziarie di nazioni come Regno Unito, Canada o Bermuda, tra le altre. I trader devono inoltre tenere presente che il conto FX Active \u00e8 fruibile sulla piattaforma proprietaria del broker e su MetaTrader 4.<\/p>\n<h2 id=\"overnight\"><i class=\"ico ico--clock\"><\/i>Costi di finanziamento overnight di CMC Markets<\/h2>\n<p>Se decidi di mantenere aperte le posizioni durante la notte, potresti essere soggetto alle commissioni swap di CMC Markets, calcolate sulla differenza tra i tassi di interesse delle valute coinvolte. Se la valuta venduta ha un tasso di interesse superiore a quella acquistata, ti verr\u00e0 addebitata una commissione. Al contrario, se la posizione si muove a tuo favore perch\u00e9 il tasso di interesse della valuta acquistata supera quello della valuta venduta, lo swap sar\u00e0 positivo, ovvero percepirai un interesse.<\/p>\n<p>Come indicato sul sito di CMC Markets, le commissioni di swap vengono applicate ogni giorno alle 05:00 ora di New York. Gli esempi di costo riportati qui di seguito sono stati pubblicati il 27 agosto 2025:<\/p>\n<div class=\"table-responsive\">\n<table class=\"table table--colorful\">\n<thead>\n<tr>\n<th style=\"background-color: #fff;\" colspan=\"7\">Commissioni swap di CMC Markets (27 agosto 2025)<\/th>\n<\/tr>\n<tr>\n<th>Coppia valutaria<\/th>\n<th>Valuta base<\/th>\n<th>Volume in lotti<\/th>\n<th>Costo di mantenimento acquisto (giornaliero)<\/th>\n<th>Costo di mantenimento vendita (giornaliero)<\/th>\n<th>Costo di mantenimento acquisto (annuale)<\/th>\n<th>Costo di mantenimento vendita (annuale)<\/th>\n<\/tr>\n<\/thead>\n<tbody>\n<tr>\n<td>AUD\/USD<\/td>\n<td style=\"text-align: center;\">USD<\/td>\n<td style=\"text-align: center;\">1<\/td>\n<td style=\"text-align: center;\">-0,00434%<\/td>\n<td style=\"text-align: center;\">0,00122%<\/td>\n<td style=\"text-align: center;\">-1,58480%<\/td>\n<td style=\"text-align: center;\">0,44530%<\/td>\n<\/tr>\n<tr>\n<td>EUR\/GBP<\/td>\n<td style=\"text-align: center;\">USD<\/td>\n<td style=\"text-align: center;\">1<\/td>\n<td style=\"text-align: center;\">-0,00829%<\/td>\n<td style=\"text-align: center;\">-0,00251%<\/td>\n<td style=\"text-align: center;\">-3,02710%<\/td>\n<td style=\"text-align: center;\">-0,91470%<\/td>\n<\/tr>\n<tr>\n<td>EUR\/JPY<\/td>\n<td style=\"text-align: center;\">USD<\/td>\n<td style=\"text-align: center;\">1<\/td>\n<td style=\"text-align: center;\">0,00148%<\/td>\n<td style=\"text-align: center;\">0,00716%<\/td>\n<td style=\"text-align: center;\">0,53920%<\/td>\n<td style=\"text-align: center;\">2,61400%<\/td>\n<\/tr>\n<tr>\n<td>EUR\/USD<\/td>\n<td style=\"text-align: center;\">USD<\/td>\n<td style=\"text-align: center;\">1<\/td>\n<td style=\"text-align: center;\">-0,00942%<\/td>\n<td style=\"text-align: center;\">-0,00384%<\/td>\n<td style=\"text-align: center;\">-1,40220%<\/td>\n<td style=\"text-align: center;\">-3,43940%<\/td>\n<\/tr>\n<tr>\n<td>GBP\/JPY<\/td>\n<td style=\"text-align: center;\">USD<\/td>\n<td style=\"text-align: center;\">1<\/td>\n<td style=\"text-align: center;\">0,00837%<\/td>\n<td style=\"text-align: center;\">0,01439%<\/td>\n<td style=\"text-align: center;\">3,05590%<\/td>\n<td style=\"text-align: center;\">5,25280%<\/td>\n<\/tr>\n<tr>\n<td>GBP\/USD<\/td>\n<td style=\"text-align: center;\">USD<\/td>\n<td style=\"text-align: center;\">1<\/td>\n<td style=\"text-align: center;\">-0,00400%<\/td>\n<td style=\"text-align: center;\">0,00156%<\/td>\n<td style=\"text-align: center;\">0,56810%<\/td>\n<td style=\"text-align: center;\">-1,45870%<\/td>\n<\/tr>\n<tr>\n<td>NZD\/USD<\/td>\n<td style=\"text-align: center;\">USD<\/td>\n<td style=\"text-align: center;\">1<\/td>\n<td style=\"text-align: center;\">-0,00719%<\/td>\n<td style=\"text-align: center;\">-0,00064%<\/td>\n<td style=\"text-align: center;\">-2,62390%<\/td>\n<td style=\"text-align: center;\">-0,23370%<\/td>\n<\/tr>\n<tr>\n<td>USD\/CAD<\/td>\n<td style=\"text-align: center;\">USD<\/td>\n<td style=\"text-align: center;\">1<\/td>\n<td style=\"text-align: center;\">0,00184%<\/td>\n<td style=\"text-align: center;\">0,00752%<\/td>\n<td style=\"text-align: center;\">0,67240%<\/td>\n<td style=\"text-align: center;\">2,74500%<\/td>\n<\/tr>\n<tr>\n<td>USD\/CNH<\/td>\n<td style=\"text-align: center;\">USD<\/td>\n<td style=\"text-align: center;\">1<\/td>\n<td style=\"text-align: center;\">0,00578%<\/td>\n<td style=\"text-align: center;\">0,01158%<\/td>\n<td style=\"text-align: center;\">2,10820%<\/td>\n<td style=\"text-align: center;\">4,22580%<\/td>\n<\/tr>\n<tr>\n<td>USD\/JPY<\/td>\n<td style=\"text-align: center;\">USD<\/td>\n<td style=\"text-align: center;\">1<\/td>\n<td style=\"text-align: center;\">0,00813%<\/td>\n<td style=\"text-align: center;\">0,01365%<\/td>\n<td style=\"text-align: center;\">2,96820%<\/td>\n<td style=\"text-align: center;\">4,98300%<\/td>\n<\/tr>\n<\/tbody>\n<\/table>\n<\/div>\n<p>Come si pu\u00f2 notare, CMC Markets mostra sia i tassi swap annuali sia quelli giornalieri. I primi rappresentano dati storici, mentre i secondi sono soggetti a variazioni periodiche. I trader dovrebbero verificare il tasso giornaliero sul sito di CMC Markets ogni volta che intendono lasciare una posizione aperta overnight.<\/p>\n<h2 id=\"swap\"><i class=\"ico ico--islamic-account\"><\/i>Costi di trading senza swap su CMC Markets<\/h2>\n<p>Al momento in cui scriviamo, nessuna entit\u00e0 di CMC Markets offre conti senza swap. Le commissioni di swap sono sostanzialmente obbligatorie per le posizioni Forex mantenute durante la notte. Se ci\u00f2 dovesse rappresentare un problema, CMC Markets non sar\u00e0 la scelta adatta a te.<\/p>\n<h2 id=\"other\"><i class=\"ico ico--administration-fees\"><\/i>Costi non legati al trading di CMC Markets<\/h2>\n<p>Oltre ai costi finora analizzati, esistono alcune altre spese da valutare prima di aprire un conto presso CMC Markets. In generale, il broker non applica commissioni per l\u2019apertura del conto, per i depositi o per i prelievi, ma ci\u00f2 pu\u00f2 variare in base alla nazione di residenza del trader. In Canada, ad esempio, i depositi e i prelievi effettuati tramite bonifico bancario possono comportare una commissione di 15 USD.<\/p>\n<p>Se desideri operare con un virtual private server (VPS), il fornitore scelto da CMC Markets \u00e8 Beeks. Normalmente, la sottoscrizione e l\u2019utilizzo di un server Beeks prevedono un canone mensile compreso fra 31 \u00a3 e 97 \u00a3 a seconda del piano. Puoi tuttavia ottenere un VPS gratuito se con CMC Markets raggiungi un volume di trading mensile di almeno 15 lotti standard. Tra i vantaggi di un VPS figurano velocit\u00e0 di esecuzione elevate, sicurezza eccellente, bassa latenza e possibilit\u00e0 di trading automatizzato.<\/p>\n<p>Infine, se in futuro deciderai di non utilizzare pi\u00f9 il tuo conto di trading CMC Markets, ricorda che il broker potrebbe addebitare una commissione di inattivit\u00e0. Il conto verr\u00e0 considerato inattivo se non effettui operazioni per 12 mesi consecutivi e la commissione varier\u00e0 in base all\u2019entit\u00e0 locale di CMC Markets. Ad esempio, i trader del Regno Unito con un conto dormiente dovranno corrispondere 10 \u00a3 al mese. CMC Markets addebita inoltre 15 USD al mese a Singapore e in Canada. Gli appassionati di Forex in Europa che dispongono di un conto presso l\u2019entit\u00e0 autorizzata da BaFin non sono invece soggetti a commissioni di inattivit\u00e0.<\/p>\n<div class=\"table-responsive\">\n<table class=\"table\">\n<thead>\n<tr>\n<th colspan=\"2\">Costi di CMC Markets in sintesi<\/th>\n<\/tr>\n<\/thead>\n<tbody>\n<tr>\n<td>Commissioni di deposito<\/td>\n<td>Gratuite*<\/td>\n<\/tr>\n<tr>\n<td>Commissioni di prelievo<\/td>\n<td>Gratuite*<\/td>\n<\/tr>\n<tr>\n<td>Commissioni di apertura conto<\/td>\n<td>Gratuite<\/td>\n<\/tr>\n<tr>\n<td>Commissione di inattivit\u00e0<\/td>\n<td>15 USD\/10 \u00a3** al mese dopo 12 mesi di inattivit\u00e0<\/td>\n<\/tr>\n<tr>\n<td>Sottoscrizione VPS<\/td>\n<td>Canone mensile Beeks: 31 \u00a3 (Bronze), 55 \u00a3 (Silver), 97 \u00a3 (Gold)<\/td>\n<\/tr>\n<\/tbody>\n<\/table>\n<\/div>\n<p style=\"text-align: center; font-size: 13px;\"><em>* Potrebbero essere applicate commissioni a seconda della giurisdizione e del metodo di pagamento<\/em><\/p>\n<p style=\"text-align: center; font-size: 13px;\"><em>** Non addebitata presso CMC Markets Germany GmbH<\/em><\/p>\n<h2 id=\"conclusion\"><i class=\"ico ico--pen\"><\/i>Considerazioni finali sui costi di CMC Markets<\/h2>\n<p>Molti trader riterranno i costi di CMC Markets relativamente contenuti. Ci\u00f2, unito al fatto che questo stimato broker ha ottenuto l\u2019approvazione di autorit\u00e0 di vigilanza come la Bundesanstalt f\u00fcr Finanzdienstleistungsaufsicht (BaFin) in Germania e la Financial Conduct Authority (FCA) nel Regno Unito, rende CMC Markets un\u2019opzione interessante per numerosi appassionati di Forex. Se durante l\u2019attivit\u00e0 dovessi incontrare problemi legati ai costi o semplicemente avessi domande sul tuo conto, puoi contattare l\u2019assistenza di CMC Markets via posta elettronica, telefono o live chat. Il team di supporto \u00e8 disponibile 24 ore su 24, cinque giorni alla settimana.<\/p>\n","protected":false},"excerpt":{"rendered":"<p>CMC Markets \u00e8 un broker con sede nel Regno Unito attivo da oltre trent\u2019anni. Fondato nel 1989, CMC Markets rimane la scelta di molti trader in tutto il mondo, che lo apprezzano per l\u2019ampia gamma di prodotti, la variet\u00e0 di piattaforme e i costi di trading contenuti. Gli spread possono scendere sotto 1 pip e [&hellip;]<\/p>\n","protected":false},"author":2,"featured_media":0,"parent":6241,"menu_order":0,"comment_status":"closed","ping_status":"closed","template":"templates\/review.php","meta":{"footnotes":""},"class_list":["post-59685","page","type-page","status-publish","hentry"],"aioseo_notices":[],"_links":{"self":[{"href":"https:\/\/www.bestbrokers.com\/it\/wp-json\/wp\/v2\/pages\/59685","targetHints":{"allow":["GET"]}}],"collection":[{"href":"https:\/\/www.bestbrokers.com\/it\/wp-json\/wp\/v2\/pages"}],"about":[{"href":"https:\/\/www.bestbrokers.com\/it\/wp-json\/wp\/v2\/types\/page"}],"author":[{"embeddable":true,"href":"https:\/\/www.bestbrokers.com\/it\/wp-json\/wp\/v2\/users\/2"}],"replies":[{"embeddable":true,"href":"https:\/\/www.bestbrokers.com\/it\/wp-json\/wp\/v2\/comments?post=59685"}],"version-history":[{"count":8,"href":"https:\/\/www.bestbrokers.com\/it\/wp-json\/wp\/v2\/pages\/59685\/revisions"}],"predecessor-version":[{"id":71555,"href":"https:\/\/www.bestbrokers.com\/it\/wp-json\/wp\/v2\/pages\/59685\/revisions\/71555"}],"up":[{"embeddable":true,"href":"https:\/\/www.bestbrokers.com\/it\/wp-json\/wp\/v2\/pages\/6241"}],"wp:attachment":[{"href":"https:\/\/www.bestbrokers.com\/it\/wp-json\/wp\/v2\/media?parent=59685"}],"curies":[{"name":"wp","href":"https:\/\/api.w.org\/{rel}","templated":true}]}}