{"id":59689,"date":"2025-03-19T09:39:44","date_gmt":"2025-03-19T09:39:44","guid":{"rendered":"https:\/\/www.bestbrokers.com\/?page_id=59689"},"modified":"2025-10-21T13:35:41","modified_gmt":"2025-10-21T13:35:41","slug":"account-opening","status":"publish","type":"page","link":"https:\/\/www.bestbrokers.com\/it\/reviews\/fxpro\/account-opening\/","title":{"rendered":"Come aprire un conto con FxPro"},"content":{"rendered":"<div class=\"author-line\">Scritto da <span class=\"author\">Zornitsa Stefanova<div class=\"author-sub-box\"><div class=\"author-avatar\"><img decoding=\"async\" src=\"https:\/\/www.bestbrokers.com\/wp-content\/uploads\/2024\/09\/zornica-stefanova.jpeg\" \/><\/div><div class=\"author-info-wrapper\"><div class=\"author-name\"><a href=\"https:\/\/www.bestbrokers.com\/it\/authors\/zornitsa-stefanova\/\">Zornitsa Stefanova<\/a><\/div><div class=\"author-bio\">Zornitsa Stefanova \u00e8 un\u2019analista esperta di forex e criptovalute. Copre anche vari argomenti finanziari come il trading di azioni e gli investimenti per la pensione.<\/div><\/div><\/div><\/span>,  <a rel=\"nofollow\" target=\"_blank\" href=\"https:\/\/www.linkedin.com\/in\/zornica-stefanova-73ab39287\/\"><img decoding=\"async\" class=\"social-icon\" src=\"https:\/\/www.bestbrokers.com\/wp-content\/themes\/best-brokers\/assets\/images\/icon-linkedin.svg\" data-no-lazy=\"1\"><\/a> <span class=\"sep\">|<\/span> Tradotto da <span class=\"author\">Luca Mele<div class=\"author-sub-box\"><div class=\"author-avatar\"><img decoding=\"async\" src=\"https:\/\/www.bestbrokers.com\/wp-content\/uploads\/2024\/09\/luca-mele.jpeg\" \/><\/div><div class=\"author-info-wrapper\"><div class=\"author-name\"><a href=\"https:\/\/www.bestbrokers.com\/it\/authors\/luca-mele\/\">Luca Mele<\/a><\/div><div class=\"author-bio\">Luca Mele \u00e8 un traduttore professionista specializzato in vari argomenti, tra cui investimenti e trading con diversi strumenti come forex, azioni, criptovalute e materie prime.<\/div><\/div><\/div><\/span>, <a rel=\"nofollow\" target=\"_blank\" href=\"https:\/\/www.linkedin.com\/in\/luca-mele\/?locale=it_IT\"><img decoding=\"async\" class=\"social-icon\" src=\"https:\/\/www.bestbrokers.com\/wp-content\/themes\/best-brokers\/assets\/images\/icon-linkedin.svg\" data-no-lazy=\"1\"><\/a> <span class=\"sep\">|<\/span> Aggiornato: <time class=\"entry-date\" datetime=\"2025-10-21T13:35:41+00:00\">Ottobre 21, 2025<\/time><\/div>\n<h2 id=\"brief\"><i class=\"ico ico--assets\"><\/i>Tipi di conto su FxPro<\/h2>\n<p>FxPro \u00e8 un broker affidabile adatto sia ai principianti sia ai trader esperti. I primi possono esercitarsi con un conto demo o scegliere un conto Standard MT4\/5, che offre spread sul Forex a partire da 1,2 pip e consente di utilizzare il software MetaQuotes, FxPro Webtrader o l\u2019applicazione mobile del broker. La dimensione minima di trading \u00e8 di 0,01 lotti.<\/p>\n<p>I trader che invece ricercano spread pi\u00f9 bassi e non si preoccupano di pagare commissioni possono optare per il conto Raw+. In questo caso gli spread sul Forex possono scendere fino a 0 pip, ma va considerata una commissione di 3,5 USD per lato. \u00c8 disponibile anche il trading con micro lotti e la scelta delle piattaforme \u00e8 la stessa offerta ai clienti del conto Standard.<\/p>\n<p>Se non sei interessato a utilizzare le piattaforme sopra menzionate, potresti preferire il conto cTrader di FxPro. Questo tipo di conto consente agli utenti di sfruttare oltre 55 indicatori tecnici, un\u2019interfaccia intuitiva e molto altro.<\/p>\n<p>Esiste anche FxPro VIP, un conto che include un servizio VPS gratuito, commissioni ridotte (sconto fino al 30% sulla piattaforma cTrader), esecuzione inferiore a 13 millisecondi e altri vantaggi. Va inoltre ricordato che FxPro offre un conto corporate.<\/p>\n\n\t\t\t\t<div class=\"table\">\n\t\t\t\t\t<table class=\"table table-striped table-bordered\">\n\t\t\t\t\t\t<tr>\n\t\t\t\t\t\t\t<td style=\"width: 250px;\"><strong>Conto demo<\/strong><\/td>\n\t\t\t\t\t\t\t<td><img decoding=\"async\" width=\"24\" height=\"24\" src=\"\/wp-content\/themes\/best-brokers\/assets\/images\/ico-check.svg\" alt=\"Available\" \/><\/td>\n\t\t\t\t\t\t<\/tr>\n\t\t\t\t\t\t<tr>\n\t\t\t\t\t\t\t<td><strong>Islamic Account<\/strong><\/td>\n\t\t\t\t\t\t\t<td><img decoding=\"async\" width=\"24\" height=\"24\" src=\"\/wp-content\/themes\/best-brokers\/assets\/images\/ico-check.svg\" alt=\"Available\" \/><\/td>\n\t\t\t\t\t\t<\/tr>\n\t\t\t\t\t\t<tr>\n\t\t\t\t\t\t\t<td><strong>Conto ECN<\/strong><\/td>\n\t\t\t\t\t\t\t<td><img decoding=\"async\" width=\"24\" height=\"24\" src=\"\/wp-content\/themes\/best-brokers\/assets\/images\/ico-xmark.svg\" alt=\"Not Available\" \/><\/td>\n\t\t\t\t\t\t<\/tr>\n\t\t\t\t\t\t<tr>\n\t\t\t\t\t\t\t<td><strong>Conto professionale<\/strong><\/td>\n\t\t\t\t\t\t\t<td><img decoding=\"async\" width=\"24\" height=\"24\" src=\"\/wp-content\/themes\/best-brokers\/assets\/images\/ico-check.svg\" alt=\"Available\" \/><\/td>\n\t\t\t\t\t\t<\/tr>\n\t\t\t\t\t\t<tr>\n\t\t\t\t\t\t\t<td><strong>MAM Account<\/strong><\/td>\n\t\t\t\t\t\t\t<td><img decoding=\"async\" width=\"24\" height=\"24\" src=\"\/wp-content\/themes\/best-brokers\/assets\/images\/ico-check.svg\" alt=\"Available\" \/><\/td>\n\t\t\t\t\t\t<\/tr>\n\t\t\t\t\t<\/table>\n\t\t\t\t<\/div>\n\t\t\t\n<h2 id=\"deposit\"><i class=\"ico ico--money-supply\"><\/i>Requisiti di deposito minimo<\/h2>\n<p>Se non desideri versare un importo elevato per iniziare ma vuoi comunque aprire un conto live, l\u2019opzione ideale \u00e8 il conto FxPro Standard. FxPro non impone un deposito minimo, anche se nella sezione FAQ il broker consiglia di iniziare con 1.000 USD di fondi di trading.<\/p>\n<p>Se invece scegli di aprire un conto Raw+, dovrai depositare almeno 250 USD. Vale la pena ricordare che i conti Raw+ prevedono spread pi\u00f9 bassi, motivo per cui molti trader non si lasciano scoraggiare da questo requisito.<\/p>\n<p>Il conto pi\u00f9 esclusivo \u00e8 il FxPro VIP. Per aprirlo e beneficiare dei suoi numerosi vantaggi \u00e8 necessario un deposito minimo di 50.000 USD.<\/p>\n<h2 id=\"instruments\"><i class=\"ico ico--common-technical-analysis-tools\"><\/i>Strumenti disponibili per fare trading<\/h2>\n<p>Per quanto riguarda i mercati, gli utenti di FxPro possono scegliere tra CFD su Forex, azioni, risorse energetiche, criptovalute, indici, futures, metalli ed ETF. Si tratta di un\u2019ottima selezione in grado di soddisfare le preferenze della maggior parte dei trader. L\u2019offerta Forex comprende decine di coppie valutarie, tra cui EUR\/USD, GBP\/USD e AUD\/NZD, solo per citarne alcune.<\/p>\n<h2 id=\"steps\"><i class=\"ico ico--account\"><\/i>Registrazione del conto su FxPro &#8211; circa 5 minuti (conto demo)<\/h2>\n<p>Se sei impaziente di aprire un conto FxPro, sarai felice di sapere che l\u2019operazione richiede poco tempo. I passaggi seguenti ti guideranno nel processo:<\/p>\n<ol class=\"list list--steps\">\n<li>Visita la homepage di FxPro e fai clic sul pulsante &#8220;Register&#8221;.<img decoding=\"async\" class=\"aligncenter\" src=\"https:\/\/www.bestbrokers.com\/wp-content\/uploads\/2025\/02\/fxpro-registration-1.webp\" alt=\"FxPro Registration Step 1\" \/><\/li>\n<li>Seleziona la tua nazione di residenza, inserisci l\u2019email e crea una password sicura.<img decoding=\"async\" class=\"aligncenter\" src=\"https:\/\/www.bestbrokers.com\/wp-content\/uploads\/2025\/02\/fxpro-registration-2.webp\" alt=\"FxPro Registration Step 2\" \/><\/li>\n<li>Successivamente, inserisci il nome e il cognome, la data di nascita e il numero di telefono.<img decoding=\"async\" class=\"aligncenter\" src=\"https:\/\/www.bestbrokers.com\/wp-content\/uploads\/2025\/02\/fxpro-registration-3.webp\" alt=\"FxPro Registration Step 3\" \/><\/li>\n<li>Qui devi specificare la tua nazionalit\u00e0 e indicare se sei residente negli Stati Uniti.<img decoding=\"async\" class=\"aligncenter\" src=\"https:\/\/www.bestbrokers.com\/wp-content\/uploads\/2025\/02\/fxpro-registration-4.webp\" alt=\"FxPro Registration Step 4\" \/><\/li>\n<li>A questo punto devi inserire il tuo indirizzo di residenza, compresi numero civico, CAP e citt\u00e0.<img decoding=\"async\" class=\"aligncenter\" src=\"https:\/\/www.bestbrokers.com\/wp-content\/uploads\/2025\/02\/fxpro-registration-5.webp\" alt=\"FxPro Registration Step 5\" \/><\/li>\n<li>In questa pagina FxPro ti chieder\u00e0 il tuo stato occupazionale e il tuo livello di istruzione. Seleziona le risposte pertinenti dai menu a tendina e, infine, fai clic su &#8220;Save and continue&#8221;.<img decoding=\"async\" class=\"aligncenter\" src=\"https:\/\/www.bestbrokers.com\/wp-content\/uploads\/2025\/02\/fxpro-registration-6.webp\" alt=\"FxPro Registration Step 6\" \/><\/li>\n<li>Dovrai quindi fornire dettagli sulle tue finanze: reddito annuale, patrimonio netto, provenienza dei fondi e importo che prevedi di depositare nei prossimi 12 mesi.<img decoding=\"async\" class=\"aligncenter\" src=\"https:\/\/www.bestbrokers.com\/wp-content\/uploads\/2025\/02\/fxpro-registration-7.webp\" alt=\"FxPro Registration Step 7\" \/><\/li>\n<li>Segue un breve questionario sulle tue conoscenze di trading. Le domande riguardano la leva, altri aspetti operativi, la tua esperienza e la tolleranza al rischio. Dopo aver risposto, passa al passaggio successivo.<img decoding=\"async\" class=\"aligncenter\" src=\"https:\/\/www.bestbrokers.com\/wp-content\/uploads\/2025\/02\/fxpro-registration-8.webp\" alt=\"FxPro Registration Step 8\" \/><\/li>\n<li>In questa sezione puoi scegliere la valuta del conto: EUR, AUD, CHF, GBP o HUF. Qui devi anche confermare di essere consapevole dei rischi del trading e di accettare il Contratto con il cliente e le politiche di FxPro.<img decoding=\"async\" class=\"aligncenter\" src=\"https:\/\/www.bestbrokers.com\/wp-content\/uploads\/2025\/02\/fxpro-registration-9.webp\" alt=\"FxPro Registration Step 9\" \/><\/li>\n<li>Verrai ora indirizzato alla pagina di verifica. Puoi consultare FxPro Verification per maggiori dettagli sul processo.<img decoding=\"async\" class=\"aligncenter\" src=\"https:\/\/www.bestbrokers.com\/wp-content\/uploads\/2025\/02\/fxpro-registration-10.webp\" alt=\"FxPro Registration Step 10\" \/><\/li>\n<li>Una volta verificato il conto, potrai accedere alla tua pagina profilo. Sar\u00e0 gi\u00e0 presente un conto Standard in modalit\u00e0 hedging, ma se preferisci puoi aprire prima un conto demo. Nella pagina &#8220;Accounts&#8221; seleziona &#8220;Demo Accounts&#8221;, quindi fai clic su \u201cCreate new account.\u201d<img decoding=\"async\" class=\"aligncenter\" src=\"https:\/\/www.bestbrokers.com\/wp-content\/uploads\/2025\/02\/fxpro-registration-11.webp\" alt=\"FxPro Registration Step 11\" \/><\/li>\n<li>L\u2019unica opzione di conto demo \u00e8 FxPro Raw+. Dopo aver verificato le caratteristiche del conto, fai clic sul pulsante &#8220;Continue with Raw+ Demo&#8221;.<img decoding=\"async\" class=\"aligncenter\" src=\"https:\/\/www.bestbrokers.com\/wp-content\/uploads\/2025\/02\/fxpro-registration-12.webp\" alt=\"FxPro Registration Step 12\" \/><\/li>\n<li>Specifica quanti fondi virtuali desideri avere sul saldo demo, scegli tra &#8220;Netting&#8221; e &#8220;Hedging&#8221; e clicca su &#8220;Create Demo Account&#8221;. Il tuo conto demo \u00e8 ora pronto.<img decoding=\"async\" class=\"aligncenter\" src=\"https:\/\/www.bestbrokers.com\/wp-content\/uploads\/2025\/02\/fxpro-registration-13.webp\" alt=\"FxPro Registration Step 13\" \/><\/li>\n<\/ol>\n<h2 id=\"verification\"><i class=\"ico ico--approve\"><\/i>Verifica di FxPro (circa 4 minuti)<\/h2>\n<p>La piattaforma di FxPro ha reso l\u2019invio dei documenti di verifica rapido e semplice. Puoi seguire i passaggi seguenti per completare la procedura.<\/p>\n<ol class=\"list list--steps\">\n<li>Tornato alla pagina di verifica, puoi utilizzare il codice QR per procedere alla verifica tramite telefono oppure rimanere sul browser del PC. Nella pagina successiva, fai clic su &#8220;Continue&#8221;.<img decoding=\"async\" class=\"aligncenter\" src=\"https:\/\/www.bestbrokers.com\/wp-content\/uploads\/2025\/02\/fxpro-registration-14.webp\" alt=\"FxPro Registration Step 14\" \/><\/li>\n<li>Qui FxPro ti informa che il team ha bisogno che carichi un documento d\u2019identit\u00e0 e che esegua un controllo di vitalit\u00e0. Fai clic sul pulsante &#8220;Continue on phone&#8221;.<img decoding=\"async\" class=\"aligncenter\" src=\"https:\/\/www.bestbrokers.com\/wp-content\/uploads\/2025\/02\/fxpro-registration-15.webp\" alt=\"FxPro Registration Step 15\" \/><\/li>\n<li>Scansiona il codice QR fornito e continua il processo di verifica sullo smartphone. Avrai bisogno di documenti come carta d\u2019identit\u00e0, passaporto o patente di guida. Sar\u00e0 inoltre necessario un comprovante di residenza, ad esempio una bolletta emessa negli ultimi 6 mesi. Dovrai anche effettuare un controllo di vitalit\u00e0 con la fotocamera del telefono. Una volta terminato, il team di FxPro esaminer\u00e0 i tuoi documenti.<img decoding=\"async\" class=\"aligncenter\" src=\"https:\/\/www.bestbrokers.com\/wp-content\/uploads\/2025\/02\/fxpro-registration-16.webp\" alt=\"FxPro Registration Step 16\" \/><\/li>\n<li>Nella pagina &#8220;Accounts&#8221; seleziona la tipologia &#8220;Trading Accounts&#8221; e fai clic su \u201cCreate new account.\u201d<img decoding=\"async\" class=\"aligncenter\" src=\"https:\/\/www.bestbrokers.com\/wp-content\/uploads\/2025\/02\/fxpro-registration-17.webp\" alt=\"FxPro Registration Step 17\" \/><\/li>\n<li>Se intendi aprire un conto di trading, ti verr\u00e0 data la possibilit\u00e0 di scegliere tra FxPro Standard e FxPro Raw+.<img decoding=\"async\" class=\"aligncenter\" src=\"https:\/\/www.bestbrokers.com\/wp-content\/uploads\/2025\/02\/fxpro-registration-18.webp\" alt=\"FxPro Registration Step 18\" \/><\/li>\n<li>Dopo aver scelto il tipo di conto, riduci il limite di leva se lo ritieni opportuno, seleziona la valuta e scegli tra &#8220;Netting&#8221; e &#8220;Hedging&#8221; nella sezione Execution method. Quindi fai clic su &#8220;Create Account&#8221;. Ricorda che lo stato di questo conto sar\u00e0 &#8220;Read Only&#8221; se hai saltato la verifica. Per attivare il conto, invia a FxPro la documentazione richiesta ed effettua un deposito.<img decoding=\"async\" class=\"aligncenter\" src=\"https:\/\/www.bestbrokers.com\/wp-content\/uploads\/2025\/02\/fxpro-registration-19.webp\" alt=\"FxPro Registration Step 19\" \/><\/li>\n<\/ol>\n<h2 id=\"conclusion\"><i class=\"ico ico--pen\"><\/i>Impressioni finali<\/h2>\n<p>Nel complesso il nostro team non ha riscontrato ostacoli durante i test sul processo di registrazione di FxPro. Il broker ha reso le procedure necessarie piuttosto semplici e intuitive e, secondo la nostra esperienza, tutte le operazioni richieste possono essere completate in meno di 10 minuti. Anche la verifica \u00e8 rapida, ma ricorda che FxPro impiegher\u00e0 un po\u2019 pi\u00f9 di tempo per controllare i documenti e approvarli o, se necessario, chiederti di caricarli nuovamente.<\/p>\n","protected":false},"excerpt":{"rendered":"<p>Tipi di conto su FxPro FxPro \u00e8 un broker affidabile adatto sia ai principianti sia ai trader esperti. I primi possono esercitarsi con un conto demo o scegliere un conto Standard MT4\/5, che offre spread sul Forex a partire da 1,2 pip e consente di utilizzare il software MetaQuotes, FxPro Webtrader o l\u2019applicazione mobile del [&hellip;]<\/p>\n","protected":false},"author":2,"featured_media":0,"parent":6232,"menu_order":0,"comment_status":"closed","ping_status":"closed","template":"templates\/review.php","meta":{"footnotes":""},"class_list":["post-59689","page","type-page","status-publish","hentry"],"aioseo_notices":[],"_links":{"self":[{"href":"https:\/\/www.bestbrokers.com\/it\/wp-json\/wp\/v2\/pages\/59689","targetHints":{"allow":["GET"]}}],"collection":[{"href":"https:\/\/www.bestbrokers.com\/it\/wp-json\/wp\/v2\/pages"}],"about":[{"href":"https:\/\/www.bestbrokers.com\/it\/wp-json\/wp\/v2\/types\/page"}],"author":[{"embeddable":true,"href":"https:\/\/www.bestbrokers.com\/it\/wp-json\/wp\/v2\/users\/2"}],"replies":[{"embeddable":true,"href":"https:\/\/www.bestbrokers.com\/it\/wp-json\/wp\/v2\/comments?post=59689"}],"version-history":[{"count":7,"href":"https:\/\/www.bestbrokers.com\/it\/wp-json\/wp\/v2\/pages\/59689\/revisions"}],"predecessor-version":[{"id":71586,"href":"https:\/\/www.bestbrokers.com\/it\/wp-json\/wp\/v2\/pages\/59689\/revisions\/71586"}],"up":[{"embeddable":true,"href":"https:\/\/www.bestbrokers.com\/it\/wp-json\/wp\/v2\/pages\/6232"}],"wp:attachment":[{"href":"https:\/\/www.bestbrokers.com\/it\/wp-json\/wp\/v2\/media?parent=59689"}],"curies":[{"name":"wp","href":"https:\/\/api.w.org\/{rel}","templated":true}]}}