{"id":59690,"date":"2025-03-19T09:39:44","date_gmt":"2025-03-19T09:39:44","guid":{"rendered":"https:\/\/www.bestbrokers.com\/?page_id=59690"},"modified":"2025-10-21T13:35:46","modified_gmt":"2025-10-21T13:35:46","slug":"account-opening","status":"publish","type":"page","link":"https:\/\/www.bestbrokers.com\/it\/reviews\/oanda\/account-opening\/","title":{"rendered":"Come aprire un conto con OANDA"},"content":{"rendered":"<div class=\"author-line\">Scritto da <span class=\"author\">Zornitsa Stefanova<div class=\"author-sub-box\"><div class=\"author-avatar\"><img decoding=\"async\" src=\"https:\/\/www.bestbrokers.com\/wp-content\/uploads\/2024\/09\/zornica-stefanova.jpeg\" \/><\/div><div class=\"author-info-wrapper\"><div class=\"author-name\"><a href=\"https:\/\/www.bestbrokers.com\/it\/authors\/zornitsa-stefanova\/\">Zornitsa Stefanova<\/a><\/div><div class=\"author-bio\">Zornitsa Stefanova \u00e8 un\u2019analista esperta di forex e criptovalute. Copre anche vari argomenti finanziari come il trading di azioni e gli investimenti per la pensione.<\/div><\/div><\/div><\/span>,  <a rel=\"nofollow\" target=\"_blank\" href=\"https:\/\/www.linkedin.com\/in\/zornica-stefanova-73ab39287\/\"><img decoding=\"async\" class=\"social-icon\" src=\"https:\/\/www.bestbrokers.com\/wp-content\/themes\/best-brokers\/assets\/images\/icon-linkedin.svg\" data-no-lazy=\"1\"><\/a> <span class=\"sep\">|<\/span> Tradotto da <span class=\"author\">Luca Mele<div class=\"author-sub-box\"><div class=\"author-avatar\"><img decoding=\"async\" src=\"https:\/\/www.bestbrokers.com\/wp-content\/uploads\/2024\/09\/luca-mele.jpeg\" \/><\/div><div class=\"author-info-wrapper\"><div class=\"author-name\"><a href=\"https:\/\/www.bestbrokers.com\/it\/authors\/luca-mele\/\">Luca Mele<\/a><\/div><div class=\"author-bio\">Luca Mele \u00e8 un traduttore professionista specializzato in vari argomenti, tra cui investimenti e trading con diversi strumenti come forex, azioni, criptovalute e materie prime.<\/div><\/div><\/div><\/span>, <a rel=\"nofollow\" target=\"_blank\" href=\"https:\/\/www.linkedin.com\/in\/luca-mele\/?locale=it_IT\"><img decoding=\"async\" class=\"social-icon\" src=\"https:\/\/www.bestbrokers.com\/wp-content\/themes\/best-brokers\/assets\/images\/icon-linkedin.svg\" data-no-lazy=\"1\"><\/a> <span class=\"sep\">|<\/span> Aggiornato: <time class=\"entry-date\" datetime=\"2025-10-21T13:35:46+00:00\">Ottobre 21, 2025<\/time><\/div>\n<h2 id=\"brief\"><i class=\"ico ico--assets\"><\/i>Tipi di conto su OANDA<\/h2>\n<p>OANDA, un broker le cui radici risalgono agli anni \u201990, ha molto da offrire agli appassionati di Forex. Tra i suoi punti di forza figurano un\u2019ampia gamma di strumenti di trading e un\u2019eccellente compatibilit\u00e0 mobile. Per venire incontro ai trader di ogni livello di esperienza, il broker propone anche diversi tipi di conto.<\/p>\n<p>I trader inesperti e poco sicuri delle proprie abilit\u00e0 possono aprire un conto demo OANDA. In questo modo i principianti possono esercitarsi senza rischiare il proprio capitale.<\/p>\n<p>Se desideri passare al trading reale su OANDA, puoi scegliere fra diverse opzioni di conto:<\/p>\n<ol class=\"list list--steps orange\">\n<li><strong>Basic:<\/strong> \u00e8 il conto live di base, con spread medi di OANDA superiori a 1 pip su coppie come EUR\/USD e AUD\/USD. \u00c8 previsto un limite di deposito massimo di 3.000 \u20ac per i titolari di conto Basic.<\/li>\n<li><strong>Premium:<\/strong> chi preferisce ordini di importo superiore pu\u00f2 scegliere il conto Premium (depositi tra 3.000 \u20ac e 10.000 \u20ac). Questo livello offre spread scontati (fino al 30%) e include un anno di Essential Plan su TradingView. \u00c8 inoltre previsto un account manager dedicato.<\/li>\n<li><strong>Elite:<\/strong> il livello pi\u00f9 alto per il trading retail su OANDA. Si rivolge a trader esperti e include un abbonamento di un anno al Plus Plan di TradingView. Chi sceglie questo conto pu\u00f2 effettuare depositi pari o superiori a 10.000 \u20ac. Come per il livello precedente, il conto Elite offre un account manager personale. Oltre a consentire volumi di trading pi\u00f9 elevati, garantisce spread ridotti (fino al 30% pi\u00f9 stretti).<\/li>\n<\/ol>\n<p>Dobbiamo precisare che tutti i tipi di conto live descritti sopra sono destinati ai trader al dettaglio e limitano la leva a un massimo di 1:30. Chi desidera operare con una leva pi\u00f9 elevata pu\u00f2 prendere in considerazione la richiesta dello status di cliente professionale presso OANDA, che innalza il limite di leva a un ben pi\u00f9 flessibile 1:200. Per essere ammessi \u00e8 necessario avere esperienza professionale nel settore finanziario, disporre di un capitale rilevante (oltre 500.000 \u20ac) o aver effettuato pi\u00f9 di 10 operazioni al trimestre negli ultimi quattro trimestri.<\/p>\n<p>Inoltre, i tipi di conto fin qui illustrati si riferiscono agli utenti registrati presso l\u2019entit\u00e0 di OANDA regolamentata dalla KNF. I trader extra UE potrebbero avere accesso a opzioni di conto alternative, con condizioni di trading differenti.<br \/>\n\n\t\t\t\t<div class=\"table\">\n\t\t\t\t\t<table class=\"table table-striped table-bordered\">\n\t\t\t\t\t\t<tr>\n\t\t\t\t\t\t\t<td style=\"width: 250px;\"><strong>Conto demo<\/strong><\/td>\n\t\t\t\t\t\t\t<td><img decoding=\"async\" width=\"24\" height=\"24\" src=\"\/wp-content\/themes\/best-brokers\/assets\/images\/ico-check.svg\" alt=\"Available\" \/><\/td>\n\t\t\t\t\t\t<\/tr>\n\t\t\t\t\t\t<tr>\n\t\t\t\t\t\t\t<td><strong>Islamic Account<\/strong><\/td>\n\t\t\t\t\t\t\t<td><img decoding=\"async\" width=\"24\" height=\"24\" src=\"\/wp-content\/themes\/best-brokers\/assets\/images\/ico-xmark.svg\" alt=\"Not Available\" \/><\/td>\n\t\t\t\t\t\t<\/tr>\n\t\t\t\t\t\t<tr>\n\t\t\t\t\t\t\t<td><strong>Conto ECN<\/strong><\/td>\n\t\t\t\t\t\t\t<td><img decoding=\"async\" width=\"24\" height=\"24\" src=\"\/wp-content\/themes\/best-brokers\/assets\/images\/ico-xmark.svg\" alt=\"Not Available\" \/><\/td>\n\t\t\t\t\t\t<\/tr>\n\t\t\t\t\t\t<tr>\n\t\t\t\t\t\t\t<td><strong>Conto professionale<\/strong><\/td>\n\t\t\t\t\t\t\t<td><img decoding=\"async\" width=\"24\" height=\"24\" src=\"\/wp-content\/themes\/best-brokers\/assets\/images\/ico-check.svg\" alt=\"Available\" \/><\/td>\n\t\t\t\t\t\t<\/tr>\n\t\t\t\t\t\t<tr>\n\t\t\t\t\t\t\t<td><strong>MAM Account<\/strong><\/td>\n\t\t\t\t\t\t\t<td><img decoding=\"async\" width=\"24\" height=\"24\" src=\"\/wp-content\/themes\/best-brokers\/assets\/images\/ico-xmark.svg\" alt=\"Not Available\" \/><\/td>\n\t\t\t\t\t\t<\/tr>\n\t\t\t\t\t<\/table>\n\t\t\t\t<\/div>\n\t\t\t<\/p>\n<h2 id=\"deposit\"><i class=\"ico ico--money-supply\"><\/i>Requisiti di deposito minimo del conto<\/h2>\n<p>Sebbene OANDA non imponga un requisito di transazione minimo generico, sono previsti importi minimi di deposito a seconda del metodo di ricarica scelto. Se desideri depositare con Visa o Mastercard, ad esempio, l\u2019importo non pu\u00f2 essere inferiore a 25 \u20ac o 25 USD. Occorre sottolineare, tuttavia, che una somma del genere non \u00e8 minimamente sufficiente per operare sul mercato valutario. Il valore minimo di un ordine su EUR\/USD in OANDA \u00e8 infatti 0,01 lotti, ossia 1.000 \u20ac.<\/p>\n<h2 id=\"instruments\"><i class=\"ico ico--common-technical-analysis-tools\"><\/i>Strumenti disponibili per fare trading<\/h2>\n<p>Grazie a un catalogo Forex che comprende CFD su coppie come EUR\/USD, EUR\/JPY, USD\/CHF e decine di altre, OANDA \u00e8 un broker eccellente per chi \u00e8 interessato al mercato dei cambi. Chi punta sulla variet\u00e0 di strumenti o preferisce altre categorie trover\u00e0 comunque OANDA adatto alle proprie esigenze, perch\u00e9 sono disponibili CFD su materie prime, azioni, indici, criptovalute ed ETF. \u00c8 inoltre possibile investire direttamente in azioni e indici.<\/p>\n<h2 id=\"steps\"><i class=\"ico ico--account\"><\/i>Registrazione del conto su OANDA &#8211; circa 2 minuti (conto demo)<\/h2>\n<p>Innanzitutto analizzeremo la procedura per creare un conto demo. A differenza della registrazione per il trading live, l\u2019apertura di un conto demo \u00e8 estremamente rapida e semplice, consentendo ai trader principianti di provare subito ci\u00f2 che OANDA ha da offrire.<\/p>\n<ol class=\"list list--steps\">\n<li>Visita la homepage di OANDA e fai clic sul pulsante &#8220;Demo&#8221; accanto alle opzioni di lingua.<img decoding=\"async\" class=\"aligncenter\" src=\"https:\/\/www.bestbrokers.com\/wp-content\/uploads\/2025\/07\/new-oanda-homepage-registration.webp\" alt=\"OANDA Registration Step 8\" \/><\/li>\n<li>Indica il tuo indirizzo email e il numero di telefono, quindi crea una password robusta. Al termine, accetta i termini di OANDA e prosegui cliccando sul pulsante &#8220;Open demo account&#8221;.<img decoding=\"async\" class=\"aligncenter\" src=\"https:\/\/www.bestbrokers.com\/wp-content\/uploads\/2025\/02\/oanda-registration-2.webp\" alt=\"OANDA Registration Step 2\" \/><\/li>\n<li>OANDA ti chieder\u00e0 ora di controllare la posta elettronica e attivare il conto.<img decoding=\"async\" class=\"aligncenter\" src=\"https:\/\/www.bestbrokers.com\/wp-content\/uploads\/2025\/02\/oanda-registration-3.webp\" alt=\"OANDA Registration Step 3\" \/><\/li>\n<li>Il link di attivazione ti porter\u00e0 a una pagina con il tuo codice di accesso. Per proseguire, fai clic su &#8220;Login&#8221;.<img decoding=\"async\" class=\"aligncenter\" src=\"https:\/\/www.bestbrokers.com\/wp-content\/uploads\/2025\/02\/oanda-registration-4.webp\" alt=\"OANDA Registration Step 4\" \/><\/li>\n<li>Effettua l\u2019accesso con il codice fornito e la tua password.<img decoding=\"async\" class=\"aligncenter\" src=\"https:\/\/www.bestbrokers.com\/wp-content\/uploads\/2025\/02\/oanda-registration-5.webp\" alt=\"OANDA Registration Step 5\" \/><\/li>\n<li>Leggi l\u2019avviso di OANDA sui rischi dei prodotti con leva finanziaria. Se comprendi i rischi e desideri continuare, fai clic su &#8220;Accept&#8221;.<img decoding=\"async\" class=\"aligncenter\" src=\"https:\/\/www.bestbrokers.com\/wp-content\/uploads\/2025\/02\/oanda-registration-6.webp\" alt=\"OANDA Registration Step 6\" \/><\/li>\n<li>Sei ora pronto a utilizzare il tuo conto demo.<img decoding=\"async\" class=\"aligncenter\" src=\"https:\/\/www.bestbrokers.com\/wp-content\/uploads\/2025\/02\/oanda-registration-7.webp\" alt=\"OANDA Registration Step 7\" \/><\/li>\n<\/ol>\n<h2 id=\"verification\"><i class=\"ico ico--approve\"><\/i>Registrazione e verifica del conto su OANDA &#8211; circa 8 minuti (conto live)<\/h2>\n<p>Gli appassionati di trading che intendono scegliere OANDA come broker e sono pronti a operare con fondi reali possono registrarsi seguendo i passaggi riportati di seguito.<\/p>\n<ol class=\"list list--steps\">\n<li>Nella homepage di OANDA, clicca sul pulsante &#8220;Start Trading&#8221; per avviare la procedura di registrazione.<img decoding=\"async\" class=\"aligncenter\" src=\"https:\/\/www.bestbrokers.com\/wp-content\/uploads\/2025\/07\/new-oanda-homepage-registration.webp\" alt=\"OANDA Registration Step 8\" \/><\/li>\n<li>Ora seleziona la tua nazione di residenza.<img decoding=\"async\" class=\"aligncenter\" src=\"https:\/\/www.bestbrokers.com\/wp-content\/uploads\/2025\/02\/oanda-registration-9.webp\" alt=\"OANDA Registration Step 9\" \/><\/li>\n<li>Inserisci la tua email nel campo previsto e clicca &#8220;Confirm email&#8221;<br \/>\n<img decoding=\"async\" class=\"aligncenter\" src=\"https:\/\/www.bestbrokers.com\/wp-content\/uploads\/2025\/02\/oanda-registration-10.webp\" alt=\"OANDA Registration Step 10\" \/><\/li>\n<li>Crea una password sicura e accetta i termini del servizio di OANDA.<img decoding=\"async\" class=\"aligncenter\" src=\"https:\/\/www.bestbrokers.com\/wp-content\/uploads\/2025\/02\/oanda-registration-11.webp\" alt=\"OANDA Registration Step 11\" \/><\/li>\n<li>Successivamente dovrai caricare la tua carta d\u2019identit\u00e0 o il passaporto. Puoi farlo dal computer o dal dispositivo mobile.<img decoding=\"async\" class=\"aligncenter\" src=\"https:\/\/www.bestbrokers.com\/wp-content\/uploads\/2025\/02\/oanda-registration-12.webp\" alt=\"OANDA Registration Step 12\" \/><\/li>\n<li>OANDA fornir\u00e0 istruzioni su come caricare una foto idonea alla verifica. In generale, devi assicurarti che le informazioni siano leggibili e che nulla sia coperto da riflessi o ombre.<img decoding=\"async\" class=\"aligncenter\" src=\"https:\/\/www.bestbrokers.com\/wp-content\/uploads\/2025\/02\/oanda-registration-13.webp\" alt=\"OANDA Registration Step 13\" \/><\/li>\n<li>Ora scatta la foto o selezionane una gi\u00e0 presente nella memoria del dispositivo. Dovrai farlo sia per il fronte sia per il retro del documento. Se qualcosa non va, OANDA ti chieder\u00e0 di caricare un\u2019altra foto.<img decoding=\"async\" class=\"aligncenter\" src=\"https:\/\/www.bestbrokers.com\/wp-content\/uploads\/2025\/02\/oanda-registration-14.webp\" alt=\"OANDA Registration Step 14\" \/><\/li>\n<li>Se il caricamento va a buon fine, clicca sul pulsante &#8220;Next&#8221; per continuare.<img decoding=\"async\" class=\"aligncenter\" src=\"https:\/\/www.bestbrokers.com\/wp-content\/uploads\/2025\/02\/oanda-registration-15.webp\" alt=\"OANDA Registration Step 15\" \/><\/li>\n<li>Nella pagina &#8220;Personal information&#8221; troverai le informazioni ricavate dal documento caricato. Controlla ogni campo per verificarne la correttezza e, se tutto \u00e8 in ordine, clicca &#8220;Next&#8221;.<br \/>\n<img decoding=\"async\" class=\"aligncenter\" src=\"https:\/\/www.bestbrokers.com\/wp-content\/uploads\/2025\/02\/oanda-registration-16.webp\" alt=\"OANDA Registration Step 16\" \/><\/li>\n<li>Adesso dovrai verificare il tuo numero di telefono.<br \/>\n<img decoding=\"async\" class=\"aligncenter\" src=\"https:\/\/www.bestbrokers.com\/wp-content\/uploads\/2025\/02\/oanda-registration-17.webp\" alt=\"OANDA Registration Step 17\" \/><\/li>\n<li>Riceverai un SMS entro pochi secondi. Inserisci quindi il codice e clicca &#8220;Confirm&#8221;.<br \/>\n<img decoding=\"async\" class=\"aligncenter\" src=\"https:\/\/www.bestbrokers.com\/wp-content\/uploads\/2025\/02\/oanda-registration-18.webp\" alt=\"OANDA Registration Step 18\" \/><\/li>\n<li>Il passo successivo prevede l\u2019inserimento del tuo indirizzo.<br \/>\n<img decoding=\"async\" class=\"aligncenter\" src=\"https:\/\/www.bestbrokers.com\/wp-content\/uploads\/2025\/02\/oanda-registration-19.webp\" alt=\"OANDA Registration Step 19\" \/><\/li>\n<li>In questa pagina dovrai confermare la tua residenza fiscale e inserire il tuo numero identificativo, ad esempio il codice fiscale.<br \/>\n<img decoding=\"async\" class=\"aligncenter\" src=\"https:\/\/www.bestbrokers.com\/wp-content\/uploads\/2025\/02\/oanda-registration-20.webp\" alt=\"OANDA Registration Step 20\" \/><\/li>\n<li>Ora scegli la valuta preferita. Le opzioni sono EUR, PLN, USD e CZK.<br \/>\n<img decoding=\"async\" class=\"aligncenter\" src=\"https:\/\/www.bestbrokers.com\/wp-content\/uploads\/2025\/02\/oanda-registration-21.webp\" alt=\"OANDA Registration Step 21\" \/><\/li>\n<li>La pagina successiva riguarda il tuo profilo finanziario e include dati su occupazione, reddito e risparmi. Una volta completata, clicca &#8220;Next&#8221; per proseguire.<br \/>\n<img decoding=\"async\" class=\"aligncenter\" src=\"https:\/\/www.bestbrokers.com\/wp-content\/uploads\/2025\/02\/oanda-registration-22.webp\" alt=\"OANDA Registration Step 22\" \/><\/li>\n<li>Nella pagina &#8220;Statements&#8221;, OANDA ti chieder\u00e0 di indicare se sei contribuente statunitense o persona politicamente esposta. Dovrai inoltre specificare la tipologia di utente di dati. Quindi leggi i documenti relativi al contratto di conto di trading e conferma di averli letti e accettati. Successivamente procedi alla fase seguente.<br \/>\n<img decoding=\"async\" class=\"aligncenter\" src=\"https:\/\/www.bestbrokers.com\/wp-content\/uploads\/2025\/02\/oanda-registration-23.webp\" alt=\"OANDA Registration Step 23\" \/><\/li>\n<li>Attendi che OANDA verifichi le tue informazioni.<br \/>\n<img decoding=\"async\" class=\"aligncenter\" src=\"https:\/\/www.bestbrokers.com\/wp-content\/uploads\/2025\/02\/oanda-registration-24.webp\" alt=\"OANDA Registration Step 24\" \/><\/li>\n<li>Compila il questionario di idoneit\u00e0 relativo alle tue conoscenze su Forex e CFD. Al termine, conferma la veridicit\u00e0 delle risposte e clicca &#8220;Submit&#8221;.<br \/>\n<img decoding=\"async\" class=\"aligncenter\" src=\"https:\/\/www.bestbrokers.com\/wp-content\/uploads\/2025\/02\/oanda-registration-25.webp\" alt=\"OANDA Registration Step 25\" \/><\/li>\n<li>Se risulti idoneo per un conto live, OANDA ti consentir\u00e0 di procedere.<br \/>\n<img decoding=\"async\" class=\"aligncenter\" src=\"https:\/\/www.bestbrokers.com\/wp-content\/uploads\/2025\/02\/oanda-registration-26.webp\" alt=\"OANDA Registration Step 26\" \/><\/li>\n<li>Nella pagina successiva avrai la possibilit\u00e0 di depositare fondi sul conto appena creato. Puoi saltare questo passaggio per il momento.<br \/>\n<img decoding=\"async\" class=\"aligncenter\" src=\"https:\/\/www.bestbrokers.com\/wp-content\/uploads\/2025\/02\/oanda-registration-27.webp\" alt=\"OANDA Registration Step 27\" \/><\/li>\n<li>L\u2019ultima pagina di registrazione ti fornir\u00e0 un link alla &#8220;Client Zone&#8221;, a cui puoi accedere cliccando &#8220;Next&#8221;.<br \/>\n<img decoding=\"async\" class=\"aligncenter\" src=\"https:\/\/www.bestbrokers.com\/wp-content\/uploads\/2025\/02\/oanda-registration-28.webp\" alt=\"OANDA Registration Step 28\" \/><\/li>\n<li>Hai completato con successo la procedura di registrazione. Ora dovrai attendere che il team di OANDA verifichi i tuoi documenti. OANDA ti invier\u00e0 inoltre un\u2019email con l\u2019elenco di eventuali documenti aggiuntivi richiesti. Tieni presente che, se depositi con carta di credito o debito, OANDA potr\u00e0 chiederti le foto della patente di guida, del passaporto o della stessa carta. Ti verr\u00e0 inoltre richiesto un documento recente (estratto conto bancario o della carta, bolletta, documento governativo\/iscrizione tassa comunale) come prova di residenza.<br \/>\n<img decoding=\"async\" class=\"aligncenter\" src=\"https:\/\/www.bestbrokers.com\/wp-content\/uploads\/2025\/02\/oanda-registration-29.webp\" alt=\"OANDA Registration Step 29\" \/><\/li>\n<\/ol>\n<h2 id=\"conclusion\"><i class=\"ico ico--pen\"><\/i>Impressioni finali<\/h2>\n<p>Secondo OANDA, la procedura di registrazione richiede circa 8 minuti. A nostro avviso questa stima \u00e8 per lo pi\u00f9 corretta, anche se potrebbe volerci un po\u2019 di pi\u00f9 se occorre caricare nuovamente i documenti o si verificano piccoli inconvenienti. Anche la verifica via SMS \u00e8 stata rapida: OANDA ci ha inviato il codice entro pochi secondi. L\u2019approvazione dei documenti degli utenti pu\u00f2 avvenire nell\u2019arco di uno o pi\u00f9 giorni.<\/p>\n","protected":false},"excerpt":{"rendered":"<p>Tipi di conto su OANDA OANDA, un broker le cui radici risalgono agli anni \u201990, ha molto da offrire agli appassionati di Forex. Tra i suoi punti di forza figurano un\u2019ampia gamma di strumenti di trading e un\u2019eccellente compatibilit\u00e0 mobile. Per venire incontro ai trader di ogni livello di esperienza, il broker propone anche diversi [&hellip;]<\/p>\n","protected":false},"author":2,"featured_media":0,"parent":6253,"menu_order":0,"comment_status":"closed","ping_status":"closed","template":"templates\/review.php","meta":{"footnotes":""},"class_list":["post-59690","page","type-page","status-publish","hentry"],"aioseo_notices":[],"_links":{"self":[{"href":"https:\/\/www.bestbrokers.com\/it\/wp-json\/wp\/v2\/pages\/59690","targetHints":{"allow":["GET"]}}],"collection":[{"href":"https:\/\/www.bestbrokers.com\/it\/wp-json\/wp\/v2\/pages"}],"about":[{"href":"https:\/\/www.bestbrokers.com\/it\/wp-json\/wp\/v2\/types\/page"}],"author":[{"embeddable":true,"href":"https:\/\/www.bestbrokers.com\/it\/wp-json\/wp\/v2\/users\/2"}],"replies":[{"embeddable":true,"href":"https:\/\/www.bestbrokers.com\/it\/wp-json\/wp\/v2\/comments?post=59690"}],"version-history":[{"count":7,"href":"https:\/\/www.bestbrokers.com\/it\/wp-json\/wp\/v2\/pages\/59690\/revisions"}],"predecessor-version":[{"id":71581,"href":"https:\/\/www.bestbrokers.com\/it\/wp-json\/wp\/v2\/pages\/59690\/revisions\/71581"}],"up":[{"embeddable":true,"href":"https:\/\/www.bestbrokers.com\/it\/wp-json\/wp\/v2\/pages\/6253"}],"wp:attachment":[{"href":"https:\/\/www.bestbrokers.com\/it\/wp-json\/wp\/v2\/media?parent=59690"}],"curies":[{"name":"wp","href":"https:\/\/api.w.org\/{rel}","templated":true}]}}