{"id":59691,"date":"2025-03-19T09:39:44","date_gmt":"2025-03-19T09:39:44","guid":{"rendered":"https:\/\/www.bestbrokers.com\/?page_id=59691"},"modified":"2025-10-21T13:35:38","modified_gmt":"2025-10-21T13:35:38","slug":"account-opening","status":"publish","type":"page","link":"https:\/\/www.bestbrokers.com\/it\/reviews\/etoro\/account-opening\/","title":{"rendered":"Come aprire un conto con eToro"},"content":{"rendered":"<div class=\"author-line\">Scritto da <span class=\"author\">Zornitsa Stefanova<div class=\"author-sub-box\"><div class=\"author-avatar\"><img decoding=\"async\" src=\"https:\/\/www.bestbrokers.com\/wp-content\/uploads\/2024\/09\/zornica-stefanova.jpeg\" \/><\/div><div class=\"author-info-wrapper\"><div class=\"author-name\"><a href=\"https:\/\/www.bestbrokers.com\/it\/authors\/zornitsa-stefanova\/\">Zornitsa Stefanova<\/a><\/div><div class=\"author-bio\">Zornitsa Stefanova \u00e8 un\u2019analista esperta di forex e criptovalute. Copre anche vari argomenti finanziari come il trading di azioni e gli investimenti per la pensione.<\/div><\/div><\/div><\/span>,  <a rel=\"nofollow\" target=\"_blank\" href=\"https:\/\/www.linkedin.com\/in\/zornica-stefanova-73ab39287\/\"><img decoding=\"async\" class=\"social-icon\" src=\"https:\/\/www.bestbrokers.com\/wp-content\/themes\/best-brokers\/assets\/images\/icon-linkedin.svg\" data-no-lazy=\"1\"><\/a> <span class=\"sep\">|<\/span> Tradotto da <span class=\"author\">Luca Mele<div class=\"author-sub-box\"><div class=\"author-avatar\"><img decoding=\"async\" src=\"https:\/\/www.bestbrokers.com\/wp-content\/uploads\/2024\/09\/luca-mele.jpeg\" \/><\/div><div class=\"author-info-wrapper\"><div class=\"author-name\"><a href=\"https:\/\/www.bestbrokers.com\/it\/authors\/luca-mele\/\">Luca Mele<\/a><\/div><div class=\"author-bio\">Luca Mele \u00e8 un traduttore professionista specializzato in vari argomenti, tra cui investimenti e trading con diversi strumenti come forex, azioni, criptovalute e materie prime.<\/div><\/div><\/div><\/span>, <a rel=\"nofollow\" target=\"_blank\" href=\"https:\/\/www.linkedin.com\/in\/luca-mele\/?locale=it_IT\"><img decoding=\"async\" class=\"social-icon\" src=\"https:\/\/www.bestbrokers.com\/wp-content\/themes\/best-brokers\/assets\/images\/icon-linkedin.svg\" data-no-lazy=\"1\"><\/a> <span class=\"sep\">|<\/span> Aggiornato: <time class=\"entry-date\" datetime=\"2025-10-21T13:35:38+00:00\">Ottobre 21, 2025<\/time><\/div>\n<h2 id=\"brief\"><i class=\"ico ico--assets\"><\/i>Tipi di conto su eToro<\/h2>\n<p>eToro offre diversi tipi di conto per soddisfare le preferenze di ogni trader, a partire dal conto Personal, riservato ai clienti al dettaglio. Gli spread sul Forex partono da 1 pip e la leva massima \u00e8 fissata a 1:30 (CySEC, FCA ecc.) o 1:400 (SFSA). Il conto Professional, invece, consente di operare con una leva pi\u00f9 elevata, ma la sua apertura \u00e8 subordinata al rispetto di specifici requisiti di idoneit\u00e0.<\/p>\n<p>Inoltre, \u00e8 opportuno menzionare il conto Swap-Free di eToro, caratterizzato da zero interessi sulle posizioni aperte e da un periodo di grazia di sette giorni prima dell\u2019applicazione di commissioni amministrative. Il broker si rivolge anche ai clienti societari con un apposito conto Professional.<\/p>\n<p>Infine, i trader principianti possono passare dal trading virtuale a quello reale dopo la registrazione. Il conto demo mette a disposizione fondi virtuali e offre un ambiente privo di rischi a chi desidera fare pratica e migliorare le proprie competenze senza il pericolo di perdere denaro.<\/p>\n\n\t\t\t\t<div class=\"table\">\n\t\t\t\t\t<table class=\"table table-striped table-bordered\">\n\t\t\t\t\t\t<tr>\n\t\t\t\t\t\t\t<td style=\"width: 250px;\"><strong>Conto demo<\/strong><\/td>\n\t\t\t\t\t\t\t<td><img decoding=\"async\" width=\"24\" height=\"24\" src=\"\/wp-content\/themes\/best-brokers\/assets\/images\/ico-check.svg\" alt=\"Available\" \/><\/td>\n\t\t\t\t\t\t<\/tr>\n\t\t\t\t\t\t<tr>\n\t\t\t\t\t\t\t<td><strong>Islamic Account<\/strong><\/td>\n\t\t\t\t\t\t\t<td><img decoding=\"async\" width=\"24\" height=\"24\" src=\"\/wp-content\/themes\/best-brokers\/assets\/images\/ico-check.svg\" alt=\"Available\" \/><\/td>\n\t\t\t\t\t\t<\/tr>\n\t\t\t\t\t\t<tr>\n\t\t\t\t\t\t\t<td><strong>Conto ECN<\/strong><\/td>\n\t\t\t\t\t\t\t<td><img decoding=\"async\" width=\"24\" height=\"24\" src=\"\/wp-content\/themes\/best-brokers\/assets\/images\/ico-xmark.svg\" alt=\"Not Available\" \/><\/td>\n\t\t\t\t\t\t<\/tr>\n\t\t\t\t\t\t<tr>\n\t\t\t\t\t\t\t<td><strong>Conto professionale<\/strong><\/td>\n\t\t\t\t\t\t\t<td><img decoding=\"async\" width=\"24\" height=\"24\" src=\"\/wp-content\/themes\/best-brokers\/assets\/images\/ico-check.svg\" alt=\"Available\" \/><\/td>\n\t\t\t\t\t\t<\/tr>\n\t\t\t\t\t\t<tr>\n\t\t\t\t\t\t\t<td><strong>MAM Account<\/strong><\/td>\n\t\t\t\t\t\t\t<td><img decoding=\"async\" width=\"24\" height=\"24\" src=\"\/wp-content\/themes\/best-brokers\/assets\/images\/ico-xmark.svg\" alt=\"Not Available\" \/><\/td>\n\t\t\t\t\t\t<\/tr>\n\t\t\t\t\t<\/table>\n\t\t\t\t<\/div>\n\t\t\t\n<h2 id=\"deposit\"><i class=\"ico ico--money-supply\"><\/i>Requisiti di deposito minimo su eToro<\/h2>\n<p>I trader devono tenere presente che il deposito minimo iniziale richiesto da eToro varia in base alla nazione di residenza. Nella maggior parte delle nazioni europee, Regno Unito compreso, il primo deposito minimo \u00e8 di 50 $. Lo stesso vale per Taiwan, Australia, Malesia, Singapore, Stati Uniti e territori d\u2019oltremare della Francia. Negli Emirati Arabi Uniti, invece, il minimo richiesto \u00e8 di 100 $. Per i residenti in Nuova Zelanda, Kuwait, Isola di Man, Isola di Jersey e Isola della Riunione \u00e8 previsto un deposito iniziale di 1.000 $. In alcune nazioni, come Bulgaria e Sudafrica, il requisito sale a 2.000 $, mentre per gli israeliani \u00e8 fissato a 10.000 $. Infine, i trader provenienti da nazioni idonee non incluse nell\u2019elenco di eToro devono versare almeno 200 $. I depositi successivi devono essere di almeno 50 $, tranne che nel Regno Unito (10 $) e negli Stati Uniti (1 $). Inoltre, i bonifici bancari devono essere pari ad almeno 500 $.<\/p>\n<h2 id=\"instruments\"><i class=\"ico ico--common-technical-analysis-tools\"><\/i>Cosa \u00e8 disponibile per fare trading su eToro?<\/h2>\n<p>Uno dei principali punti di forza di eToro \u00e8 il suo ricco catalogo di prodotti. Il broker \u00e8 leader sia nel social trading sia nelle criptovalute e, grazie alle sue funzionalit\u00e0 per il trading sul Forex, si \u00e8 guadagnato un\u2019ottima reputazione tra i trader. Gli spread sulle coppie principali partono generalmente da 1 pip e non sono previste commissioni. Oltre a Forex e criptovalute, eToro offre anche azioni, materie prime, indici ed ETF.<\/p>\n<h2 id=\"steps\"><i class=\"ico ico--account\"><\/i>Registrazione passo dopo passo su eToro &#8211; circa 15 minuti (conto live)<\/h2>\n<p>La procedura di registrazione di eToro \u00e8 tra le pi\u00f9 articolate, ma seguendo i passaggi descritti di seguito la completerai in pochissimo tempo. Vedremo anche come verificare il tuo conto.<\/p>\n<ol class=\"list list--steps\">\n<li>Il primo passo consiste nel cliccare sul pulsante &#8220;Join eToro&#8221; presente nella homepage del broker.<img decoding=\"async\" class=\"aligncenter\" src=\"https:\/\/www.bestbrokers.com\/wp-content\/uploads\/2025\/02\/etoro-registration-1.webp\" alt=\"eToro Registration Step 1\" \/><\/li>\n<li>Successivamente, inserisci la tua email e crea un nome utente e una password. Accetta i termini e l\u2019informativa sulla privacy di eToro, quindi clicca su &#8220;Create Account&#8221;.<img decoding=\"async\" class=\"aligncenter\" src=\"https:\/\/www.bestbrokers.com\/wp-content\/uploads\/2025\/02\/etoro-registration-2.webp\" alt=\"eToro Registration Step 2\" \/><\/li>\n<li>Dopo aver attivato il tuo conto, riceverai gratuitamente una posizione in criptovaluta da 10 $. Puoi scegliere tra Bitcoin, Ethereum, EOS, Ethereum Classic, Shiba Inu Coin, Dogecoin, Litecoin, Chainlink e Uniswap. Dopo aver selezionato il tuo token, clicca su &#8220;Continue&#8221;.<br \/>\n<img decoding=\"async\" class=\"aligncenter\" src=\"https:\/\/www.bestbrokers.com\/wp-content\/uploads\/2025\/02\/etoro-registration-3.webp\" alt=\"eToro Registration Step 3\" \/><\/li>\n<li>A questo punto eToro ti chieder\u00e0 di avviare il processo di verifica.<br \/>\n<img decoding=\"async\" class=\"aligncenter\" src=\"https:\/\/www.bestbrokers.com\/wp-content\/uploads\/2025\/02\/etoro-registration-4.webp\" alt=\"eToro Registration Step 4\" \/><\/li>\n<li>Inserisci quindi il tuo nome legale, seleziona il genere e indica la data di nascita.<br \/>\n<img decoding=\"async\" class=\"aligncenter\" src=\"https:\/\/www.bestbrokers.com\/wp-content\/uploads\/2025\/02\/etoro-registration-5.webp\" alt=\"eToro Registration Step 5\" \/><\/li>\n<li>Fornisci il tuo indirizzo, conferma se la nazione selezionata coincide con luogo di nascita e cittadinanza e specifica se provieni dagli Stati Uniti.<br \/>\n<img decoding=\"async\" class=\"aligncenter\" src=\"https:\/\/www.bestbrokers.com\/wp-content\/uploads\/2025\/02\/etoro-registration-6.webp\" alt=\"eToro Registration Step 6\" \/><\/li>\n<li>Ora puoi inserire il tuo codice fiscale\/numero di previdenza nazionale. Questo passaggio \u00e8 facoltativo.<br \/>\n<img decoding=\"async\" class=\"aligncenter\" src=\"https:\/\/www.bestbrokers.com\/wp-content\/uploads\/2025\/02\/etoro-registration-7.webp\" alt=\"eToro Registration Step 7\" \/><\/li>\n<li>Comunica a eToro la tua esperienza nel trading di azioni ed ETF e l\u2019ammontare investito negli ultimi dodici mesi.<br \/>\n<img decoding=\"async\" class=\"aligncenter\" src=\"https:\/\/www.bestbrokers.com\/wp-content\/uploads\/2025\/02\/etoro-registration-8.webp\" alt=\"eToro Registration Step 8\" \/><\/li>\n<li>Successivamente, fai lo stesso per le criptovalute.<br \/>\n<img decoding=\"async\" class=\"aligncenter\" src=\"https:\/\/www.bestbrokers.com\/wp-content\/uploads\/2025\/02\/etoro-registration-9.webp\" alt=\"eToro Registration Step 9\" \/><\/li>\n<li>eToro ti chieder\u00e0 inoltre se hai gi\u00e0 fatto trading su CFD in passato<br \/>\n<img decoding=\"async\" class=\"aligncenter\" src=\"https:\/\/www.bestbrokers.com\/wp-content\/uploads\/2025\/02\/etoro-registration-10.webp\" alt=\"eToro Registration Step 10\" \/><\/li>\n<li>Se possiedi una laurea in finanza, hai seguito corsi di trading su prodotti a leva o sei un professionista certificato nel settore finanziario, seleziona le opzioni corrispondenti; in caso contrario, scegli &#8220;No Training&#8221; e passa allo step successivo.<img decoding=\"async\" class=\"aligncenter\" src=\"https:\/\/www.bestbrokers.com\/wp-content\/uploads\/2025\/02\/etoro-registration-11.webp\" alt=\"eToro Registration Step 11\" \/><\/li>\n<li>Qui inizia la fase di valutazione. Il primo gruppo di domande riguarda la leva e altri concetti di base, mentre il successivo verificher\u00e0 la tua comprensione del trading di criptovalute.<img decoding=\"async\" class=\"aligncenter\" src=\"https:\/\/www.bestbrokers.com\/wp-content\/uploads\/2025\/02\/etoro-registration-12.webp\" alt=\"eToro Registration Step 12\" \/><\/li>\n<li>Seleziona per quanto tempo intendi mantenere le prossime posizioni.<img decoding=\"async\" class=\"aligncenter\" src=\"https:\/\/www.bestbrokers.com\/wp-content\/uploads\/2025\/02\/etoro-registration-13.webp\" alt=\"eToro Registration Step 13\" \/><\/li>\n<li>Indica a eToro quali obiettivi vuoi raggiungere con il trading sulla piattaforma e la somma che prevedi di depositare. In fondo alla pagina trovi il deposito iniziale minimo previsto per la tua area.<br \/>\n<img decoding=\"async\" class=\"aligncenter\" src=\"https:\/\/www.bestbrokers.com\/wp-content\/uploads\/2025\/02\/etoro-registration-14.webp\" alt=\"eToro Registration Step 14\" \/><\/li>\n<li>Scegli l\u2019opzione che meglio descrive la tua tolleranza al rischio, cio\u00e8 quanto sei disposto a guadagnare o perdere. Ad esempio, selezionare 20%\/-20% significa essere pronti a rischiare 10.000 $ per guadagnarne 10.000.<br \/>\n<img decoding=\"async\" class=\"aligncenter\" src=\"https:\/\/www.bestbrokers.com\/wp-content\/uploads\/2025\/02\/etoro-registration-15.webp\" alt=\"eToro Registration Step 15\" \/><\/li>\n<li>La pagina successiva serve a stabilire se tu (o un familiare stretto) sei una persona politicamente esposta.<br \/>\n<img decoding=\"async\" class=\"aligncenter\" src=\"https:\/\/www.bestbrokers.com\/wp-content\/uploads\/2025\/02\/etoro-registration-16.webp\" alt=\"eToro Registration Step 16\" \/><\/li>\n<li>eToro ti chieder\u00e0 quindi informazioni sulle tue finanze: origine dei fondi, professione, reddito annuo netto e risparmi.<br \/>\n<img decoding=\"async\" class=\"aligncenter\" src=\"https:\/\/www.bestbrokers.com\/wp-content\/uploads\/2025\/02\/etoro-registration-17.webp\" alt=\"eToro Registration Step 17\" \/><\/li>\n<li>Ti verr\u00e0 richiesto di inserire il tuo numero di telefono affinch\u00e9 possa essere verificato tramite SMS.<br \/>\n<img decoding=\"async\" class=\"aligncenter\" src=\"https:\/\/www.bestbrokers.com\/wp-content\/uploads\/2025\/02\/etoro-registration-18.webp\" alt=\"eToro Registration Step 18\" \/><\/li>\n<li>Dovrai inoltre fornire un documento d\u2019identit\u00e0 (POI) fotografando un documento valido: passaporto, patente di guida o carta d\u2019identit\u00e0. \u00c8 necessario caricare sia il fronte sia il retro.<br \/>\n<img decoding=\"async\" class=\"aligncenter\" src=\"https:\/\/www.bestbrokers.com\/wp-content\/uploads\/2025\/02\/etoro-registration-19.webp\" alt=\"eToro Registration Step 19\" \/><\/li>\n<li>\u00c8 richiesto anche l\u2019invio di una prova di residenza (POA). Sono accettate estratti conto bancari, rendiconti di carte di credito, bollette di utenze (elettricit\u00e0, acqua, gas), bollette della tassa comunale, lettere fiscali, contratti di locazione emessi da enti pubblici, certificati del comune, bollette telefoniche o di servizi Internet. Qualunque documento tu scelga, deve essere stato emesso negli ultimi tre mesi.<br \/>\n<img decoding=\"async\" class=\"aligncenter\" src=\"https:\/\/www.bestbrokers.com\/wp-content\/uploads\/2025\/02\/etoro-registration-20.webp\" alt=\"eToro Registration Step 20\" \/><\/li>\n<li>Infine, apri le impostazioni del conto e verifica la tua email richiedendo un codice a 6 cifre.<br \/>\n<img decoding=\"async\" class=\"aligncenter\" src=\"https:\/\/www.bestbrokers.com\/wp-content\/uploads\/2025\/02\/etoro-registration-21.webp\" alt=\"eToro Registration Step 21\" \/><\/li>\n<\/ol>\n<h2 id=\"verification\"><i class=\"ico ico--approve\"><\/i>Attivare il trading virtuale &#8211; meno di un minuto<\/h2>\n<p>Come gi\u00e0 visto, eToro offre ai suoi utenti la possibilit\u00e0 di provare il trading demo con fondi virtuali prima di passare al denaro reale.<\/p>\n<ol class=\"list list--steps\">\n<li>Dopo la registrazione, puoi saltare il processo di verifica e cliccare sul pulsante &#8220;Switch to Virtual&#8221; che si trova in basso a sinistra.<br \/>\n<img decoding=\"async\" class=\"aligncenter\" src=\"https:\/\/www.bestbrokers.com\/wp-content\/uploads\/2025\/02\/etoro-registration-22.webp\" alt=\"eToro Registration Step 22\" \/><\/li>\n<li>Si aprir\u00e0 una finestra di conferma con una breve descrizione delle funzioni della modalit\u00e0 virtuale. Clicca su &#8220;Switch to Virtual Portfolio&#8221;.<br \/>\n<img decoding=\"async\" class=\"aligncenter\" src=\"https:\/\/www.bestbrokers.com\/wp-content\/uploads\/2025\/02\/etoro-registration-23.webp\" alt=\"eToro Registration Step 23\" \/><\/li>\n<li>Ora sei pronto a esplorare gli strumenti di eToro. Avrai a disposizione 100.000 $ di fondi virtuali.<br \/>\n<img decoding=\"async\" class=\"aligncenter\" src=\"https:\/\/www.bestbrokers.com\/wp-content\/uploads\/2025\/02\/etoro-registration-24.webp\" alt=\"eToro Registration Step 24\" \/><\/li>\n<\/ol>\n<h2 id=\"conclusion\"><i class=\"ico ico--pen\"><\/i>Impressioni finali<\/h2>\n<p>In definitiva, la registrazione e la verifica richiedono circa 15 minuti in totale, inclusi l\u2019inserimento di tutti i dati richiesti e il caricamento dei documenti necessari. Secondo eToro, le richieste di verifica vengono elaborate automaticamente, ma la procedura manuale (se necessaria) pu\u00f2 richiedere fino a tre giorni lavorativi. Ulteriori controlli potrebbero prolungare ulteriormente i tempi di attesa.<\/p>\n<p><em><br \/>\neToro \u00e8 una piattaforma multi-asset che offre l\u2019investimento in azioni e cripto-asset, nonch\u00e9 il trading di CFD.<\/em><\/p>\n<p>I CFD sono strumenti complessi e comportano un rischio elevato di perdere denaro rapidamente a causa della leva. Il 61% dei conti degli investitori al dettaglio perde denaro quando fa trading su CFD con questo fornitore. Dovresti valutare se comprendi come funzionano i CFD e se puoi permetterti di correre l\u2019alto rischio di perdere il tuo denaro.<\/p>\n<p>Questa comunicazione ha finalit\u00e0 esclusivamente informative ed educative e non deve essere considerata consulenza n\u00e9 raccomandazione di investimento. Le prestazioni passate non sono indicative di risultati futuri.<\/p>\n<p>Il Copy Trading non equivale a consulenza in materia di investimenti. Il valore dei tuoi investimenti pu\u00f2 aumentare o diminuire. Il tuo capitale \u00e8 a rischio. Non investire a meno che tu non sia pronto a perdere l\u2019intera somma investita. Si tratta di un investimento ad alto rischio e non dovresti aspettarti di essere protetto qualora qualcosa andasse storto. <a href=\"https:\/\/www.bestbrokers.com\/out\/terms\/etoro?au=130&amp;bp=1\" target=\"_blank\" rel=\"nofollow noopener\">Dedica 2 minuti per scoprire di pi\u00f9<\/a><\/p>\n<p>eToro USA LLC non offre CFD e non rilascia alcuna dichiarazione n\u00e9 assume responsabilit\u00e0 in merito all\u2019accuratezza o alla completezza del contenuto di questa pubblicazione, preparata dal nostro partner utilizzando informazioni pubblicamente disponibili non specifiche di eToro.<\/p>\n","protected":false},"excerpt":{"rendered":"<p>Tipi di conto su eToro eToro offre diversi tipi di conto per soddisfare le preferenze di ogni trader, a partire dal conto Personal, riservato ai clienti al dettaglio. Gli spread sul Forex partono da 1 pip e la leva massima \u00e8 fissata a 1:30 (CySEC, FCA ecc.) o 1:400 (SFSA). Il conto Professional, invece, consente [&hellip;]<\/p>\n","protected":false},"author":2,"featured_media":0,"parent":2440,"menu_order":0,"comment_status":"closed","ping_status":"closed","template":"templates\/review.php","meta":{"footnotes":""},"class_list":["post-59691","page","type-page","status-publish","hentry"],"aioseo_notices":[],"_links":{"self":[{"href":"https:\/\/www.bestbrokers.com\/it\/wp-json\/wp\/v2\/pages\/59691","targetHints":{"allow":["GET"]}}],"collection":[{"href":"https:\/\/www.bestbrokers.com\/it\/wp-json\/wp\/v2\/pages"}],"about":[{"href":"https:\/\/www.bestbrokers.com\/it\/wp-json\/wp\/v2\/types\/page"}],"author":[{"embeddable":true,"href":"https:\/\/www.bestbrokers.com\/it\/wp-json\/wp\/v2\/users\/2"}],"replies":[{"embeddable":true,"href":"https:\/\/www.bestbrokers.com\/it\/wp-json\/wp\/v2\/comments?post=59691"}],"version-history":[{"count":7,"href":"https:\/\/www.bestbrokers.com\/it\/wp-json\/wp\/v2\/pages\/59691\/revisions"}],"predecessor-version":[{"id":71588,"href":"https:\/\/www.bestbrokers.com\/it\/wp-json\/wp\/v2\/pages\/59691\/revisions\/71588"}],"up":[{"embeddable":true,"href":"https:\/\/www.bestbrokers.com\/it\/wp-json\/wp\/v2\/pages\/2440"}],"wp:attachment":[{"href":"https:\/\/www.bestbrokers.com\/it\/wp-json\/wp\/v2\/media?parent=59691"}],"curies":[{"name":"wp","href":"https:\/\/api.w.org\/{rel}","templated":true}]}}