{"id":59692,"date":"2025-03-19T09:39:44","date_gmt":"2025-03-19T09:39:44","guid":{"rendered":"https:\/\/www.bestbrokers.com\/?page_id=59692"},"modified":"2025-10-21T13:35:35","modified_gmt":"2025-10-21T13:35:35","slug":"spreads-fees-and-commissions","status":"publish","type":"page","link":"https:\/\/www.bestbrokers.com\/it\/reviews\/avatrade\/spreads-fees-and-commissions\/","title":{"rendered":"Spread, costi e commissioni di AvaTrade"},"content":{"rendered":"<div class=\"author-line\">Scritto da <span class=\"author\">Naylyan Nazifova<div class=\"author-sub-box\"><div class=\"author-avatar\"><img decoding=\"async\" src=\"https:\/\/www.bestbrokers.com\/wp-content\/uploads\/2026\/04\/nnazifova.webp\" \/><\/div><div class=\"author-info-wrapper\"><div class=\"author-name\"><a href=\"https:\/\/www.bestbrokers.com\/it\/authors\/naylyan-nazifova\/\">Naylyan Nazifova<\/a><\/div><div class=\"author-bio\">Naylyan Nazifova \u00e8 un\u2019esperta riconosciuta nel campo del trading online. Ha molte pubblicazioni e analisi che coprono il trading forex, gli investimenti azionari e la finanza personale.<\/div><\/div><\/div><\/span>,  <a rel=\"nofollow\" target=\"_blank\" href=\"https:\/\/www.linkedin.com\/in\/naylian-nazifova-58562a272\/\"><img decoding=\"async\" class=\"social-icon\" src=\"https:\/\/www.bestbrokers.com\/wp-content\/themes\/best-brokers\/assets\/images\/icon-linkedin.svg\" data-no-lazy=\"1\"><\/a> <span class=\"sep\">|<\/span> Tradotto da <span class=\"author\">Luca Mele<div class=\"author-sub-box\"><div class=\"author-avatar\"><img decoding=\"async\" src=\"https:\/\/www.bestbrokers.com\/wp-content\/uploads\/2024\/09\/luca-mele.jpeg\" \/><\/div><div class=\"author-info-wrapper\"><div class=\"author-name\"><a href=\"https:\/\/www.bestbrokers.com\/it\/authors\/luca-mele\/\">Luca Mele<\/a><\/div><div class=\"author-bio\">Luca Mele \u00e8 un traduttore professionista specializzato in vari argomenti, tra cui investimenti e trading con diversi strumenti come forex, azioni, criptovalute e materie prime.<\/div><\/div><\/div><\/span>, <a rel=\"nofollow\" target=\"_blank\" href=\"https:\/\/www.linkedin.com\/in\/luca-mele\/?locale=it_IT\"><img decoding=\"async\" class=\"social-icon\" src=\"https:\/\/www.bestbrokers.com\/wp-content\/themes\/best-brokers\/assets\/images\/icon-linkedin.svg\" data-no-lazy=\"1\"><\/a> <span class=\"sep\">|<\/span> Aggiornato: <time class=\"entry-date\" datetime=\"2025-10-21T13:35:35+00:00\">Ottobre 21, 2025<\/time><\/div>\n<p>AvaTrade, broker Forex e CFD di fama mondiale, offre un\u2019ampia gamma di oltre 1.000 mercati di trading e trae la sua principale fonte di ricavi dallo spread bid-ask. Questa recensione completa ha l\u2019obiettivo di informare i potenziali trader sui costi di trading e non di trading associati ad AvaTrade prima dell\u2019apertura di un conto live. La struttura degli spread, totalmente trasparente, consente ai trader di conoscere in anticipo tutte le spese, permettendo loro di gestire il saldo del conto con facilit\u00e0 e senza stress. Il team di BestBrokers ha analizzato a fondo la struttura delle commissioni di AvaTrade, mettendo in evidenza i principali oneri, tra cui spread, tassi di finanziamento overnight e diverse commissioni non legate all\u2019operativit\u00e0.<\/p>\n<h2 id=\"costs\"><i class=\"ico ico--money-supply\"><\/i>Costi di trading su AvaTrade<\/h2>\n<p>AvaTrade supporta due tipologie principali di conto: conto Standard e conto Professional. Il primo \u00e8 adatto ai trader al dettaglio, mentre il secondo \u00e8 riservato ai trader qualificati che soddisfano i criteri di eleggibilit\u00e0 del broker. I titolari di un conto Pro presso AvaTrade beneficiano di spread pi\u00f9 stretti e limiti di leva pi\u00f9 elevati.<\/p>\n<p>Oltre ai conti Standard e Professional, il broker offre un conto di spread betting per i trader del Regno Unito e dell\u2019Irlanda, un conto islamico conforme alla Sharia e un conto AvaOptions, pensato per trader con la necessaria esperienza. Tutti i tipi di conto consentono operativit\u00e0 standard, mini e micro, a seconda della dimensione dei lotti scelta dal trader. Per quanto riguarda le piattaforme, i clienti possono scegliere tra MT4, MT5, la piattaforma proprietaria AvaOptions e le soluzioni di Copy Trading.<\/p>\n<p>In questa sezione ci concentreremo sui costi di trading dei conti Standard e Pro di AvaTrade. Il conto Standard adotta un modello di prezzo basato sullo spread che ingloba tutti i costi di trading nel valore dello spread stesso. Gli spread sono fissi, consentendo ai trader di ottenere lo stesso prezzo in qualsiasi momento operino.<\/p>\n<p>Il conto Professional propone spread pi\u00f9 stretti grazie al maggiore volume di trading e alla dimensione del portafoglio dei trader Pro. Non sono previste commissioni, salvo diversa indicazione.<\/p>\n<p>Per chiarire il concetto di costi di trading associati ai conti Standard e Pro di AvaTrade, esaminiamo un\u2019operazione di 1 lotto standard su EUR\/USD (100.000 unit\u00e0 di valuta), considerando che un pip vale 10 $ e ipotizzando che l\u2019operazione si apra e si chiuda allo stesso prezzo. Attualmente lo spread di AvaTrade per la coppia EUR\/USD \u00e8 pari a 0,8 pip per i titolari di un conto Standard e 0,6 pip per i titolari di un conto Pro.<\/p>\n<hr style=\"height: 2px; border-width: 0; color: #dee2e6; background-color: #dee2e6; clear: both;\" \/>\n<p><strong>Conto Standard AvaTrade:<\/strong><\/p>\n<p>Spread: 0,8<br \/>\nCosto totale: 0,8 x 10 $ = 8 $ per lato oppure 16 $ per operazione andata e ritorno di 1 lotto<\/p>\n<hr style=\"height: 2px; border-width: 0; color: #dee2e6; background-color: #dee2e6; clear: both;\" \/>\n<p><strong>Conto Pro AvaTrade:<\/strong><\/p>\n<p>Spread: 0,6<br \/>\nCosto spread: 0,6 x 10 $ = 6 $ per lato oppure 12 $ per operazione round-turn di 1 lotto<\/p>\n<hr style=\"height: 2px; border-width: 0; color: #dee2e6; background-color: #dee2e6; clear: both;\" \/>\n<p>Questo raffronto fianco a fianco ci permette di concludere che il conto Pro di AvaTrade offre spread pi\u00f9 stretti. Per poter aprire un conto professionale, i trader devono soddisfare almeno due dei tre criteri principali relativi alla loro attivit\u00e0 di trading, all\u2019esperienza pertinente nel settore dei servizi finanziari e alla dimensione del proprio portafoglio di strumenti. Ci\u00f2 detto, i titolari di un conto Pro devono rinunciare a diversi meccanismi di protezione, come la protezione dal saldo negativo, e potrebbero quindi perdere pi\u00f9 fondi del deposito iniziale. I rischi aumentano ulteriormente se si considera che i trader retail possono utilizzare una leva massima di 1:30, mentre i trader professionali possono arrivare a 1:400.<\/p>\n<p>Nella prima tabella sottostante i trader possono consultare gli spread del conto Standard per alcune coppie Forex popolari, insieme ai costi per operazioni su micro e lotti standard.<\/p>\n<div class=\"table-responsive\">\n<table class=\"table table--colorful\">\n<thead>\n<tr>\n<th style=\"background-color: #fff;\" colspan=\"5\">Costi medi degli spread con conto Standard AvaTrade<\/th>\n<\/tr>\n<tr>\n<th>Coppia di valute<\/th>\n<th>Spread (in pip)<\/th>\n<th>Commissione per lato<\/th>\n<th>Costo per lotto micro<\/th>\n<th>Costo per lotto standard<\/th>\n<\/tr>\n<\/thead>\n<tbody>\n<tr>\n<td>EUR\/USD<\/td>\n<td style=\"text-align: center;\">0,8<\/td>\n<td style=\"text-align: center;\">0 $<\/td>\n<td style=\"text-align: center;\">0,08 $<\/td>\n<td style=\"text-align: center;\">8,00 $<\/td>\n<\/tr>\n<tr>\n<td>USD\/JPY<\/td>\n<td style=\"text-align: center;\">1,3<\/td>\n<td style=\"text-align: center;\">0 $<\/td>\n<td style=\"text-align: center;\">0,09 $<\/td>\n<td style=\"text-align: center;\">8,85 $<\/td>\n<\/tr>\n<tr>\n<td>EUR\/GBP<\/td>\n<td style=\"text-align: center;\">1,2<\/td>\n<td style=\"text-align: center;\">0 $<\/td>\n<td style=\"text-align: center;\">0,16 $<\/td>\n<td style=\"text-align: center;\">16,27 $<\/td>\n<\/tr>\n<tr>\n<td>GBP\/USD<\/td>\n<td style=\"text-align: center;\">1,2<\/td>\n<td style=\"text-align: center;\">0 $<\/td>\n<td style=\"text-align: center;\">0,12 $<\/td>\n<td style=\"text-align: center;\">12,00 $<\/td>\n<\/tr>\n<tr>\n<td>AUD\/USD<\/td>\n<td style=\"text-align: center;\">0,9<\/td>\n<td style=\"text-align: center;\">0 $<\/td>\n<td style=\"text-align: center;\">0,09 $<\/td>\n<td style=\"text-align: center;\">11 $<\/td>\n<\/tr>\n<tr>\n<td>USD\/CAD<\/td>\n<td style=\"text-align: center;\">1,8<\/td>\n<td style=\"text-align: center;\">0 $<\/td>\n<td style=\"text-align: center;\">0,13 $<\/td>\n<td style=\"text-align: center;\">13,14 $<\/td>\n<\/tr>\n<tr>\n<td>USD\/CHF<\/td>\n<td style=\"text-align: center;\">1,3<\/td>\n<td style=\"text-align: center;\">0 $<\/td>\n<td style=\"text-align: center;\">0,16 $<\/td>\n<td style=\"text-align: center;\">16,31 $<\/td>\n<\/tr>\n<tr>\n<td>NZD\/USD<\/td>\n<td style=\"text-align: center;\">1,4<\/td>\n<td style=\"text-align: center;\">0 $<\/td>\n<td style=\"text-align: center;\">0,18 $<\/td>\n<td style=\"text-align: center;\">17,56 $<\/td>\n<\/tr>\n<\/tbody>\n<\/table>\n<\/div>\n<p style=\"text-align: center; font-size: 13px;\"><em>*Il costo di trading delle coppie di valute \u00e8 espresso in USD<\/em><\/p>\n<p>La seconda tabella riporta gli spread e i calcoli relativi alle stesse coppie Forex per il conto Pro di AvaTrade.<\/p>\n<div class=\"table-responsive\">\n<table class=\"table table--colorful\">\n<thead>\n<tr>\n<th style=\"background-color: #fff;\" colspan=\"5\">Costi medi degli spread con Conto Pro AvaTrade<\/th>\n<\/tr>\n<tr>\n<th>Coppia di valute<\/th>\n<th>Spread (in pip)<\/th>\n<th>Commissione per lato<\/th>\n<th>Costo per lotto micro<\/th>\n<th>Costo per lotto standard<\/th>\n<\/tr>\n<\/thead>\n<tbody>\n<tr>\n<td>EUR\/USD<\/td>\n<td style=\"text-align: center;\">0,6<\/td>\n<td style=\"text-align: center;\">0 $<\/td>\n<td style=\"text-align: center;\">0,06 $<\/td>\n<td style=\"text-align: center;\">6,00 $<\/td>\n<\/tr>\n<tr>\n<td>USD\/JPY<\/td>\n<td style=\"text-align: center;\">1,1<\/td>\n<td style=\"text-align: center;\">0 $<\/td>\n<td style=\"text-align: center;\">0,07 $<\/td>\n<td style=\"text-align: center;\">7,49 $<\/td>\n<\/tr>\n<tr>\n<td>EUR\/GBP<\/td>\n<td style=\"text-align: center;\">0,9<\/td>\n<td style=\"text-align: center;\">0 $<\/td>\n<td style=\"text-align: center;\">0,12 $<\/td>\n<td style=\"text-align: center;\">12,20 $<\/td>\n<\/tr>\n<tr>\n<td>GBP\/USD<\/td>\n<td style=\"text-align: center;\">0,9<\/td>\n<td style=\"text-align: center;\">0 $<\/td>\n<td style=\"text-align: center;\">0,09 $<\/td>\n<td style=\"text-align: center;\">9,00 $<\/td>\n<\/tr>\n<tr>\n<td>AUD\/USD<\/td>\n<td style=\"text-align: center;\">0,8<\/td>\n<td style=\"text-align: center;\">0 $<\/td>\n<td style=\"text-align: center;\">0,08 $<\/td>\n<td style=\"text-align: center;\">8,00 $<\/td>\n<\/tr>\n<tr>\n<td>USD\/CAD<\/td>\n<td style=\"text-align: center;\">1,5<\/td>\n<td style=\"text-align: center;\">0 $<\/td>\n<td style=\"text-align: center;\">0,11 $<\/td>\n<td style=\"text-align: center;\">10,95 $<\/td>\n<\/tr>\n<tr>\n<td>USD\/CHF<\/td>\n<td style=\"text-align: center;\">0,9<\/td>\n<td style=\"text-align: center;\">0 $<\/td>\n<td style=\"text-align: center;\">0,11 $<\/td>\n<td style=\"text-align: center;\">11,29 $<\/td>\n<\/tr>\n<tr>\n<td>NZD\/USD<\/td>\n<td style=\"text-align: center;\">1,3<\/td>\n<td style=\"text-align: center;\">0 $<\/td>\n<td style=\"text-align: center;\">0,13 $<\/td>\n<td style=\"text-align: center;\">13,00 $<\/td>\n<\/tr>\n<\/tbody>\n<\/table>\n<\/div>\n<p style=\"text-align: center; font-size: 13px;\"><em>*Il costo di trading delle coppie di valute \u00e8 espresso in USD<\/em><\/p>\n<h2 id=\"overnight\"><i class=\"ico ico--clock\"><\/i>Costi di finanziamento overnight di AvaTrade<\/h2>\n<p>I costi di finanziamento overnight, comunemente noti come swap o rollover, sono gli interessi che i trader percepiscono o pagano mantenendo una posizione aperta per la notte. Tali costi rivestono particolare importanza nel trading sul Forex e sui CFD. Se lo swap \u00e8 negativo, il trader riceve un accredito dal broker anzich\u00e9 sostenere un costo. Nonostante ci\u00f2, \u00e8 importante capire che gli swap negativi non sono garantiti e possono variare in base alle condizioni di mercato.<\/p>\n<p>Tutti i broker dovrebbero fornire informazioni sulle aliquote swap applicabili al mantenimento delle posizioni overnight. AvaTrade non fa eccezione e mette a disposizione tali informazioni in modo chiaro e trasparente, oltre a un video tutorial dedicato agli swap e alle relative modalit\u00e0 di calcolo.<\/p>\n<p>Come spiegato dal broker nel video tutorial, se un trader mantiene aperta per la notte un\u2019operazione AUD\/CHF, otterr\u00e0 un accredito positivo perch\u00e9 il tasso di interesse sull\u2019AUD \u00e8 superiore a quello sul CHF. In generale, acquistando valute contro il CHF, i trader ricevono uno swap positivo.<\/p>\n<p>Nonostante ci\u00f2, nella maggior parte dei casi, mantenere una posizione overnight comporter\u00e0 un addebito sul conto del trader. \u00c8 bene ricordare che gli swap vengono solitamente applicati dopo le 22:00 GMT.<\/p>\n<p>Sebbene AvaTrade calcoli in automatico i premi per il mantenimento delle posizioni overnight, il broker fornisce ai trader la formula per eseguire personalmente il calcolo:<\/p>\n<blockquote><p>Premio = Importo dell\u2019operazione x Premio o interesse x Numero di giorni \/ 360 giorni<\/p><\/blockquote>\n<p>Nella tabella seguente i trader possono consultare le aliquote swap per posizioni long e short mantenute overnight su diverse coppie Forex popolari.<\/p>\n<div class=\"table-responsive\">\n<table class=\"table table--colorful\">\n<thead>\n<tr>\n<th style=\"background-color: #fff;\" colspan=\"5\">Aliquote swap su coppie Forex popolari (lotto standard)<\/th>\n<\/tr>\n<tr>\n<th>Simbolo<\/th>\n<th>Valuta di base<\/th>\n<th>Volume in lotti<\/th>\n<th>Swap long della coppia in %<\/th>\n<th>Swap short della coppia in %<\/th>\n<\/tr>\n<\/thead>\n<tbody>\n<tr>\n<td>EUR\/USD<\/td>\n<td style=\"text-align: center;\">USD<\/td>\n<td style=\"text-align: center;\">1<\/td>\n<td style=\"text-align: center;\">-0,0076%<\/td>\n<td style=\"text-align: center;\">0,0017%<\/td>\n<\/tr>\n<tr>\n<td>USD\/JPY<\/td>\n<td style=\"text-align: center;\">USD<\/td>\n<td style=\"text-align: center;\">1<\/td>\n<td style=\"text-align: center;\">0,0079%<\/td>\n<td style=\"text-align: center;\">-0,0147%<\/td>\n<\/tr>\n<tr>\n<td>EUR\/GBP<\/td>\n<td style=\"text-align: center;\">USD<\/td>\n<td style=\"text-align: center;\">1<\/td>\n<td style=\"text-align: center;\">0,0011%<\/td>\n<td style=\"text-align: center;\">-0,0089%<\/td>\n<\/tr>\n<tr>\n<td>GBP\/USD<\/td>\n<td style=\"text-align: center;\">USD<\/td>\n<td style=\"text-align: center;\">1<\/td>\n<td style=\"text-align: center;\">-0,0026%<\/td>\n<td style=\"text-align: center;\">-0,0033%<\/td>\n<\/tr>\n<tr>\n<td>AUD\/USD<\/td>\n<td style=\"text-align: center;\">USD<\/td>\n<td style=\"text-align: center;\">1<\/td>\n<td style=\"text-align: center;\">-0,0035%<\/td>\n<td style=\"text-align: center;\">-0,0022%<\/td>\n<\/tr>\n<tr>\n<td>USD\/CAD<\/td>\n<td style=\"text-align: center;\">USD<\/td>\n<td style=\"text-align: center;\">1<\/td>\n<td style=\"text-align: center;\">0,0011%<\/td>\n<td style=\"text-align: center;\">-0,0070%<\/td>\n<\/tr>\n<tr>\n<td>USD\/CHF<\/td>\n<td style=\"text-align: center;\">USD<\/td>\n<td style=\"text-align: center;\">1<\/td>\n<td style=\"text-align: center;\">0,0082%<\/td>\n<td style=\"text-align: center;\">-0,0141%<\/td>\n<\/tr>\n<tr>\n<td>NZD\/USD<\/td>\n<td style=\"text-align: center;\">USD<\/td>\n<td style=\"text-align: center;\">1<\/td>\n<td style=\"text-align: center;\">-0,0051%<\/td>\n<td style=\"text-align: center;\">-0,0023%<\/td>\n<\/tr>\n<\/tbody>\n<\/table>\n<\/div>\n<h2 id=\"swap\"><i class=\"ico ico--islamic-account\"><\/i>Costi di trading senza swap su AvaTrade<\/h2>\n<p>AvaTrade ha introdotto il conto islamico tra le opzioni disponibili, pienamente conforme ai principi della finanza islamica. Grazie a un conto islamico, i clienti idonei non pagheranno gli swap giornalieri sulle operazioni Forex e CFD mantenute overnight. \u00c8 tuttavia importante ricordare che le operazioni lasciate aperte per pi\u00f9 di cinque giorni saranno soggette a swap. Si tratta di una limitazione fondamentale da considerare quando si valuta l\u2019apertura di un conto islamico con AvaTrade.<\/p>\n<p>Dopo aver creato il proprio conto su AvaTrade, i trader islamici devono contattare l\u2019assistenza clienti e richiedere la conversione in conto islamico. Le richieste vengono solitamente evase entro 1-2 giorni lavorativi.<\/p>\n<p>Quando i trader aprono la piattaforma MT4\/MT5, potranno visualizzare le commissioni di amministrazione applicate dal broker al posto degli swap per le posizioni overnight. I tradizionali swap saranno convertiti in commissioni di amministrazione giornaliere per ciascuno degli strumenti Forex supportati.<\/p>\n<p>Di norma gli spread applicati ai conti islamici sono pi\u00f9 ampi rispetto a quelli dei conti Standard per compensare l\u2019assenza di swap sulle posizioni overnight. Inoltre i broker possono addebitare una commissione di amministrazione mensile, variabile da un intermediario all\u2019altro.<\/p>\n<p>In generale, i conti islamici sono soggetti a determinate restrizioni, come i limiti geografici (disponibili solo in alcune nazioni) e una gamma ridotta di asset per fare trading. Tieni presente che, su AvaTrade, il trading di criptovalute non \u00e8 disponibile per i titolari di un conto islamico. Lo stesso vale per alcuni strumenti Forex, come RUB, MXN, TRY e ZAR.<\/p>\n<h2 id=\"other\"><i class=\"ico ico--administration-fees\"><\/i>Costi non legati all\u2019operativit\u00e0 su AvaTrade<\/h2>\n<p>In sostanza, i costi non operativi addebitati dai broker comprendono commissioni di deposito e prelievo, costi di inattivit\u00e0 del conto e commissioni di conversione valutaria. AvaTrade non applica commissioni per il deposito o il prelievo di fondi dal conto di trading; possono tuttavia essere previsti oneri da parte del fornitore di pagamento utilizzato.<\/p>\n<p>L\u2019apertura del conto su AvaTrade \u00e8 gratuita. Nonostante ci\u00f2, i clienti devono tenere presente che, dopo un certo periodo di inattivit\u00e0, viene addebitata una commissione. Dopo 3 mesi consecutivi di inattivit\u00e0 viene addebitato un costo di 50 $\/\u20ac\/\u00a3. Se il conto rimane inattivo per 12 mesi consecutivi, la commissione sar\u00e0 di 100 $\/\u20ac\/\u00a3. Tali costi possono subire variazioni.<\/p>\n<p>I depositi e i prelievi effettuati in valute diverse da quella di base del conto sono soggetti a una commissione di conversione valutaria pari allo 0,5% dell\u2019importo.<\/p>\n<div class=\"table-responsive\">\n<table class=\"table\">\n<thead>\n<tr>\n<th colspan=\"2\">Costi non operativi di AvaTrade<\/th>\n<\/tr>\n<\/thead>\n<tbody>\n<tr>\n<td>Commissioni di deposito<\/td>\n<td>Gratis<\/td>\n<\/tr>\n<tr>\n<td>Commissioni di prelievo<\/td>\n<td>Gratis<\/td>\n<\/tr>\n<tr>\n<td>Commissione di apertura conto<\/td>\n<td>Gratis<\/td>\n<\/tr>\n<tr>\n<td>Commissione di inattivit\u00e0<\/td>\n<td>\n<ul class=\"list-checks\">\n<li>Dopo 2 mesi consecutivi &#8211; 10 $\/\u20ac\/\u00a3<\/li>\n<li>Dopo 12 mesi consecutivi &#8211; 100 $\/\u20ac\/\u00a3<\/li>\n<\/ul>\n<\/td>\n<\/tr>\n<tr>\n<td>Commissione di conversione valutaria<\/td>\n<td>0,5%<\/td>\n<\/tr>\n<\/tbody>\n<\/table>\n<\/div>\n<h2 id=\"conclusion\"><i class=\"ico ico--pen\"><\/i>Considerazioni finali sulle commissioni di AvaTrade<\/h2>\n<p>In conclusione, AvaTrade si distingue come broker Forex e CFD dai costi competitivi, adatto a trader di ogni livello di esperienza. Questo broker applica un modello di prezzo senza commissioni: lo spread costituisce la principale remunerazione sia per il conto Standard sia per il conto Pro. Inoltre le sue caratteristiche distintive, tra cui la vasta gamma di piattaforme di trading, solide misure di sicurezza dei fondi e strumenti innovativi di gestione del rischio, ne consolidano la posizione tra i broker di prima fascia. Combinando questi vantaggi con l\u2019impegno per la trasparenza e la soddisfazione del cliente, AvaTrade si \u00e8 affermato come un\u2019opzione affidabile e interessante per i trader che cercano un\u2019esperienza di trading completa e sicura.<\/p>\n","protected":false},"excerpt":{"rendered":"<p>AvaTrade, broker Forex e CFD di fama mondiale, offre un\u2019ampia gamma di oltre 1.000 mercati di trading e trae la sua principale fonte di ricavi dallo spread bid-ask. Questa recensione completa ha l\u2019obiettivo di informare i potenziali trader sui costi di trading e non di trading associati ad AvaTrade prima dell\u2019apertura di un conto live. [&hellip;]<\/p>\n","protected":false},"author":2,"featured_media":0,"parent":2406,"menu_order":0,"comment_status":"closed","ping_status":"closed","template":"templates\/review.php","meta":{"footnotes":""},"class_list":["post-59692","page","type-page","status-publish","hentry"],"aioseo_notices":[],"_links":{"self":[{"href":"https:\/\/www.bestbrokers.com\/it\/wp-json\/wp\/v2\/pages\/59692","targetHints":{"allow":["GET"]}}],"collection":[{"href":"https:\/\/www.bestbrokers.com\/it\/wp-json\/wp\/v2\/pages"}],"about":[{"href":"https:\/\/www.bestbrokers.com\/it\/wp-json\/wp\/v2\/types\/page"}],"author":[{"embeddable":true,"href":"https:\/\/www.bestbrokers.com\/it\/wp-json\/wp\/v2\/users\/2"}],"replies":[{"embeddable":true,"href":"https:\/\/www.bestbrokers.com\/it\/wp-json\/wp\/v2\/comments?post=59692"}],"version-history":[{"count":7,"href":"https:\/\/www.bestbrokers.com\/it\/wp-json\/wp\/v2\/pages\/59692\/revisions"}],"predecessor-version":[{"id":71569,"href":"https:\/\/www.bestbrokers.com\/it\/wp-json\/wp\/v2\/pages\/59692\/revisions\/71569"}],"up":[{"embeddable":true,"href":"https:\/\/www.bestbrokers.com\/it\/wp-json\/wp\/v2\/pages\/2406"}],"wp:attachment":[{"href":"https:\/\/www.bestbrokers.com\/it\/wp-json\/wp\/v2\/media?parent=59692"}],"curies":[{"name":"wp","href":"https:\/\/api.w.org\/{rel}","templated":true}]}}