{"id":59693,"date":"2025-03-19T09:39:44","date_gmt":"2025-03-19T09:39:44","guid":{"rendered":"https:\/\/www.bestbrokers.com\/?page_id=59693"},"modified":"2025-10-21T13:35:46","modified_gmt":"2025-10-21T13:35:46","slug":"spreads-fees-and-commissions","status":"publish","type":"page","link":"https:\/\/www.bestbrokers.com\/it\/reviews\/ig\/spreads-fees-and-commissions\/","title":{"rendered":"Spread, costi e commissioni di IG"},"content":{"rendered":"<div class=\"author-line\">Scritto da <span class=\"author\">Naylyan Nazifova<div class=\"author-sub-box\"><div class=\"author-avatar\"><img decoding=\"async\" src=\"https:\/\/www.bestbrokers.com\/wp-content\/uploads\/2026\/04\/nnazifova.webp\" \/><\/div><div class=\"author-info-wrapper\"><div class=\"author-name\"><a href=\"https:\/\/www.bestbrokers.com\/it\/authors\/naylyan-nazifova\/\">Naylyan Nazifova<\/a><\/div><div class=\"author-bio\">Naylyan Nazifova \u00e8 un\u2019esperta riconosciuta nel campo del trading online. Ha molte pubblicazioni e analisi che coprono il trading forex, gli investimenti azionari e la finanza personale.<\/div><\/div><\/div><\/span>,  <a rel=\"nofollow\" target=\"_blank\" href=\"https:\/\/www.linkedin.com\/in\/naylian-nazifova-58562a272\/\"><img decoding=\"async\" class=\"social-icon\" src=\"https:\/\/www.bestbrokers.com\/wp-content\/themes\/best-brokers\/assets\/images\/icon-linkedin.svg\" data-no-lazy=\"1\"><\/a> <span class=\"sep\">|<\/span> Tradotto da <span class=\"author\">Luca Mele<div class=\"author-sub-box\"><div class=\"author-avatar\"><img decoding=\"async\" src=\"https:\/\/www.bestbrokers.com\/wp-content\/uploads\/2024\/09\/luca-mele.jpeg\" \/><\/div><div class=\"author-info-wrapper\"><div class=\"author-name\"><a href=\"https:\/\/www.bestbrokers.com\/it\/authors\/luca-mele\/\">Luca Mele<\/a><\/div><div class=\"author-bio\">Luca Mele \u00e8 un traduttore professionista specializzato in vari argomenti, tra cui investimenti e trading con diversi strumenti come forex, azioni, criptovalute e materie prime.<\/div><\/div><\/div><\/span>, <a rel=\"nofollow\" target=\"_blank\" href=\"https:\/\/www.linkedin.com\/in\/luca-mele\/?locale=it_IT\"><img decoding=\"async\" class=\"social-icon\" src=\"https:\/\/www.bestbrokers.com\/wp-content\/themes\/best-brokers\/assets\/images\/icon-linkedin.svg\" data-no-lazy=\"1\"><\/a> <span class=\"sep\">|<\/span> Aggiornato: <time class=\"entry-date\" datetime=\"2025-10-21T13:35:46+00:00\">Ottobre 21, 2025<\/time><\/div>\n<p>Se sei interessato a fare trading con IG, dovresti familiarizzare con l\u2019intero insieme di condizioni di trading che il broker offre ai propri clienti. <strong>Commissioni di trading e costi extra non legati al trading<\/strong> sono fattori a cui prestare attenzione prima di effettuare qualsiasi operazione con denaro reale con IG o con qualsiasi altro broker.<\/p>\n<p>In questa recensione abbiamo analizzato spread, commissioni, oneri di finanziamento overnight e tutti gli altri costi che possono essere detratti dal tuo saldo ogni volta che fai trading con IG. Se vuoi valutare se IG propone soluzioni di trading eque e convenienti, ti suggeriamo di continuare a leggere.<\/p>\n<h2 id=\"costs\"><i class=\"ico ico--money-supply\"><\/i>Costi di trading su IG<\/h2>\n<p>IG \u00e8 un\u2019ottima scelta per i trader che cercano un modo per diversificare il proprio portafoglio. A seconda della nazione di residenza e delle normative locali applicabili, puoi fare trading su strumenti Forex sotto forma di <strong>turbo, opzioni vanilla, opzioni barrier, CFD, spread betting<\/strong> o persino trading diretto sul mercato tramite una piattaforma DMA.<\/p>\n<p>Grazie al trading in CFD \u00e8 possibile trarre profitto indipendentemente dalla direzione del prezzo dell\u2019asset sottostante, perch\u00e9 il broker consente di aprire posizioni sia long sia short.<\/p>\n<p>Per garantire la massima trasparenza ai propri clienti, IG ha adottato un semplice <strong>modello di prezzo basato solo sullo spread<\/strong>. Ci\u00f2 significa che il broker non addebita commissioni (possono comunque applicarsi altri costi) e l\u2019intero costo di trading \u00e8 incorporato nello spread, ossia la differenza tra il valore bid e ask dell\u2019asset.<\/p>\n<p>Se decidi di impegnarti nello spread betting o nei turbo Forex, anche i tuoi ordini saranno privi di commissioni. Sebbene <strong>gli spread possano variare nel tempo<\/strong> a causa delle oscillazioni di mercato, abbiamo riportato di seguito lo spread medio attualmente offerto da IG su alcune delle coppie di valute pi\u00f9 scambiate e popolari.<\/p>\n<p>Dato che i nuovi utenti hanno la possibilit\u00e0 di fare trading su contratti di dimensioni ridotte, abbiamo indicato il costo totale di trading sia per i lotti standard sia per i micro lotti.<\/p>\n<div class=\"table-responsive\">\n<table class=\"table table--colorful\">\n<thead>\n<tr>\n<th style=\"background-color: #fff;\" colspan=\"5\">Costi medi dello spread su IG<\/th>\n<\/tr>\n<tr>\n<th>Coppia valutaria<\/th>\n<th>Spread (in pip)<\/th>\n<th>Commissione per lato<\/th>\n<th>Costo per lotto micro<\/th>\n<th>Costo per lotto standard<\/th>\n<\/tr>\n<\/thead>\n<tbody>\n<tr>\n<td>EUR\/USD<\/td>\n<td style=\"text-align: center;\">0,86<\/td>\n<td style=\"text-align: center;\">0 $<\/td>\n<td style=\"text-align: center;\">0,086 $<\/td>\n<td style=\"text-align: center;\">8,60 $<\/td>\n<\/tr>\n<tr>\n<td>USD\/JPY<\/td>\n<td style=\"text-align: center;\">0,97<\/td>\n<td style=\"text-align: center;\">0 $<\/td>\n<td style=\"text-align: center;\">0,065 $<\/td>\n<td style=\"text-align: center;\">6,52 $<\/td>\n<\/tr>\n<tr>\n<td>EUR\/GBP<\/td>\n<td style=\"text-align: center;\">1,83<\/td>\n<td style=\"text-align: center;\">0 $<\/td>\n<td style=\"text-align: center;\">0,244 $<\/td>\n<td style=\"text-align: center;\">24,47 $<\/td>\n<\/tr>\n<tr>\n<td>GBP\/USD<\/td>\n<td style=\"text-align: center;\">1,84<\/td>\n<td style=\"text-align: center;\">0 $<\/td>\n<td style=\"text-align: center;\">0,184 $<\/td>\n<td style=\"text-align: center;\">18,40 $<\/td>\n<\/tr>\n<tr>\n<td>AUD\/USD<\/td>\n<td style=\"text-align: center;\">1,07<\/td>\n<td style=\"text-align: center;\">0 $<\/td>\n<td style=\"text-align: center;\">0,107 $<\/td>\n<td style=\"text-align: center;\">10,70 $<\/td>\n<\/tr>\n<tr>\n<td>USD\/CAD<\/td>\n<td style=\"text-align: center;\">2,14<\/td>\n<td style=\"text-align: center;\">0 $<\/td>\n<td style=\"text-align: center;\">0,155 $<\/td>\n<td style=\"text-align: center;\">15,51 $<\/td>\n<\/tr>\n<tr>\n<td>USD\/CHF<\/td>\n<td style=\"text-align: center;\">1,95<\/td>\n<td style=\"text-align: center;\">0 $<\/td>\n<td style=\"text-align: center;\">0,242 $<\/td>\n<td style=\"text-align: center;\">24,21 $<\/td>\n<\/tr>\n<tr>\n<td>USD\/CNH<\/td>\n<td style=\"text-align: center;\">14,51<\/td>\n<td style=\"text-align: center;\">0 $<\/td>\n<td style=\"text-align: center;\">0,203 $<\/td>\n<td style=\"text-align: center;\">20,31 $<\/td>\n<\/tr>\n<tr>\n<td>NZD\/USD<\/td>\n<td style=\"text-align: center;\">2,52<\/td>\n<td style=\"text-align: center;\">0 $<\/td>\n<td style=\"text-align: center;\">0,252 $<\/td>\n<td style=\"text-align: center;\">25,20 $<\/td>\n<\/tr>\n<\/tbody>\n<\/table>\n<\/div>\n<p style=\"text-align: center; font-size: 13px;\"><em>*Tutti i costi di trading delle coppie sono espressi in USD<\/em><\/p>\n<p>Gli spread di IG possono essere estremamente competitivi, a partire da 0,6 pip sulle principali coppie Forex. Il broker si impegna a offrire spread che si avvicinano a tale minimo, ma bruschi movimenti di mercato possono provocar\u00adne l\u2019allargamento.<\/p>\n<h2 id=\"overnight\"><i class=\"ico ico--clock\"><\/i>Costi di finanziamento overnight di IG<\/h2>\n<p>Un costo particolare di cui tenere conto \u00e8 la possibile commissione di rollover, addebitata ogni volta che i trader mantengono le posizioni aperte durante la notte. Note anche come swap, queste commissioni si applicano alle operazioni su coppie Forex, indici e materie prime. Se mantieni aperti i tuoi turbo24 durante la notte, vi sar\u00e0 un piccolo adeguamento del livello knock-out invece di un costo aggiuntivo. Per barrier e CFD, invece, il broker effettuer\u00e0 un adeguamento d\u2019interesse sul tuo saldo.<\/p>\n<p>Gli swap possono essere accreditati o addebitati ai trader a seconda dell\u2019andamento del mercato. Per calcolare i tassi swap sui turbo24, IG utilizza le seguenti formule:<\/p>\n<blockquote><p>Per i turbos Forex long: tasso tom-next + livello knock-out \u00d7 (commissione amministrativa* \u00d7 [n**\/365])<br \/>\nPer i turbos Forex short: tasso tom-next \u2212 livello knock-out \u00d7 (commissione amministrativa* \u00d7 [n**\/365])<\/p><\/blockquote>\n<p style=\"text-align: center; font-size: 13px;\"><em>* commissione fissa del 2,5% annuo<\/em><\/p>\n<p style=\"text-align: center; font-size: 13px;\"><em>**n = 3 il venerd\u00ec; n = 1 dal luned\u00ec al gioved\u00ec<\/em><\/p>\n<p>Per barrier Forex, i tassi swap sono calcolati con la formula seguente:<\/p>\n<blockquote><p>Numero di contratti \u00d7 tasso tom-next corrente<\/p><\/blockquote>\n<p>Inoltre, ai trader sar\u00e0 applicata una <strong>commissione amministrativa dello 0,8%<\/strong> annuo per il mantenimento overnight delle opzioni barrier.<\/p>\n<p>Se il tasso tom-next \u00e8 inferiore a zero, ai trader con posizioni short su barrier verranno addebitati interessi, mentre le posizioni long riceveranno un accredito.<\/p>\n<p>Un tasso tom-next superiore a zero implica l\u2019addebito di interessi per le posizioni long mantenute overnight, mentre le posizioni short riceveranno un accredito.<\/p>\n<p>Se fai trading su coppie Forex mediante spread betting o CFD, il broker applicher\u00e0 la formula seguente:<\/p>\n<blockquote><p>Numero di notti di detenzione \u00d7 (tasso tom-next* comprensivo della commissione amministrativa annua**) \u00d7 dimensione dell\u2019operazione<\/p><\/blockquote>\n<p style=\"text-align: center; font-size: 13px;\"><em>*I tassi tom-next sono ricavati dal mercato sottostante<\/em><\/p>\n<p style=\"text-align: center; font-size: 13px;\"><em>**commissione amministrativa dello 0,8% annuo<\/em><\/p>\n<p>Di seguito riportiamo i tassi swap attualmente applicabili alle operazioni Forex eseguite con un conto IG. Ricorda che gli swap non sono fissi e potrebbero non corrispondere ai valori indicati, perch\u00e9 il mercato sottostante \u00e8 in costante movimento.<\/p>\n<div class=\"table-responsive\">\n<table class=\"table table--colorful\">\n<thead>\n<tr>\n<th style=\"background-color: #fff;\" colspan=\"4\">Tassi swap sulle coppie Forex pi\u00f9 popolari (dimensione mini lotto)<\/th>\n<\/tr>\n<tr>\n<th>Simbolo<\/th>\n<th>Volume in lotti (mini)<\/th>\n<th>Swap long della coppia<\/th>\n<th>Swap short della coppia<\/th>\n<\/tr>\n<\/thead>\n<tbody>\n<tr>\n<td>EUR\/USD<\/td>\n<td style=\"text-align: center;\">1<\/td>\n<td style=\"text-align: center;\">-0,75<\/td>\n<td style=\"text-align: center;\">0,19<\/td>\n<\/tr>\n<tr>\n<td>USD\/JPY<\/td>\n<td style=\"text-align: center;\">1<\/td>\n<td style=\"text-align: center;\">3<\/td>\n<td style=\"text-align: center;\">-3,88<\/td>\n<\/tr>\n<tr>\n<td>EUR\/GBP<\/td>\n<td style=\"text-align: center;\">1<\/td>\n<td style=\"text-align: center;\">-0,63<\/td>\n<td style=\"text-align: center;\">0,17<\/td>\n<\/tr>\n<tr>\n<td>GBP\/USD<\/td>\n<td style=\"text-align: center;\">1<\/td>\n<td style=\"text-align: center;\">-0,30<\/td>\n<td style=\"text-align: center;\">-0,36<\/td>\n<\/tr>\n<tr>\n<td>AUD\/USD<\/td>\n<td style=\"text-align: center;\">1<\/td>\n<td style=\"text-align: center;\">-0,21<\/td>\n<td style=\"text-align: center;\">-0,17<\/td>\n<\/tr>\n<tr>\n<td>USD\/CAD<\/td>\n<td style=\"text-align: center;\">1<\/td>\n<td style=\"text-align: center;\">1,22<\/td>\n<td style=\"text-align: center;\">-2,14<\/td>\n<\/tr>\n<tr>\n<td>USD\/CHF<\/td>\n<td style=\"text-align: center;\">1<\/td>\n<td style=\"text-align: center;\">0,77<\/td>\n<td style=\"text-align: center;\">-1,27<\/td>\n<\/tr>\n<tr>\n<td>USD\/CNH<\/td>\n<td style=\"text-align: center;\">1<\/td>\n<td style=\"text-align: center;\">-4,47<\/td>\n<td style=\"text-align: center;\">-3,73<\/td>\n<\/tr>\n<tr>\n<td>NZD\/USD<\/td>\n<td style=\"text-align: center;\">1<\/td>\n<td style=\"text-align: center;\">-0,18<\/td>\n<td style=\"text-align: center;\">-0,16<\/td>\n<\/tr>\n<\/tbody>\n<\/table>\n<\/div>\n<h2 id=\"swap\"><i class=\"ico ico--islamic-account\"><\/i>Costi di trading senza swap su IG<\/h2>\n<p>Purtroppo IG non offre pi\u00f9 la possibilit\u00e0 di aprire un conto senza swap, nemmeno ai clienti musulmani. Ci\u00f2 significa che a qualsiasi conto che mantenga posizioni aperte durante la notte saranno accreditati o addebitati interessi, con le <strong>commissioni overnight<\/strong> di cui abbiamo parlato in precedenza.<\/p>\n<h2 id=\"other\"><i class=\"ico ico--administration-fees\"><\/i>Costi non di trading su IG<\/h2>\n<p>Oltre a spread e tassi swap, i trader devono considerare ulteriori costi che potrebbero applicarsi ai loro conti IG. L\u2019apertura di un conto con IG \u00e8 gratuita, cos\u00ec come il suo mantenimento. In generale, IG consente di depositare e prelevare fondi senza alcuna commissione. Nonostante ci\u00f2, i pagamenti con carta di credito e le carte di debito non britanniche possono prevedere costi, e <strong>le transazioni inferiori a 100 \u00a3 comportano una commissione di 15 \u00a3<\/strong>.<\/p>\n<p>Se sul tuo conto IG non viene registrata alcuna attivit\u00e0 di trading per oltre 24 mesi consecutivi, il broker chiuder\u00e0 il conto. Non verr\u00e0 addebitata alcuna commissione di inattivit\u00e0, ma dovrai contattare il team IG per riattivare il vecchio conto o prelevare gli eventuali fondi rimasti.<\/p>\n<p>Per migliorare l\u2019esperienza di trading, il broker mette a disposizione una serie di strumenti e servizi che possono ottimizzare le tue operazioni. Il VPS (Virtual Private Server) \u00e8 uno dei servizi di trading avanzati offerti ai clienti: riduce la latenza e pu\u00f2 aumentare il tasso di successo delle operazioni algoritmiche. Puoi ottenere l\u2019accesso gratuito all\u2019hosting VPS per MT4 mantenendo un <strong>saldo di 2.000 $<\/strong> o superiore, altrimenti \u00e8 possibile sottoscrivere un abbonamento a pagamento di 50 $ al mese.<\/p>\n<p>Se hai fatto trading in titoli che prevedono il pagamento di dividendi, devi presentare il modulo W-8 o W-9. In caso contrario, prima della ex dividend date, ti verr\u00e0 applicata una <strong>commissione di documentazione del conto di 50 $<\/strong>.<\/p>\n<p>Grafici avanzati tramite ProRealTime possono essere disponibili per alcuni clienti IG. Chi effettua <strong>quattro o pi\u00f9 operazioni di grande volume al mese<\/strong> pu\u00f2 ottenere l\u2019accesso gratuito a tali grafici; in caso contrario, \u00e8 previsto un abbonamento di 30 \u00a3 al mese.<\/p>\n<div class=\"table-responsive\">\n<table class=\"table\">\n<thead>\n<tr>\n<th colspan=\"2\">Costi non di trading di IG<\/th>\n<\/tr>\n<\/thead>\n<tbody>\n<tr>\n<td>Commissioni di deposito<\/td>\n<td>I pagamenti con carta di credito o di debito possono comportare costi; i bonifici nello stesso giorno inferiori a 100 \u00a3 includono un supplemento di 15 \u00a3<\/td>\n<\/tr>\n<tr>\n<td>Commissioni di prelievo<\/td>\n<td>Gratuite<\/td>\n<\/tr>\n<tr>\n<td>Commissione di apertura del conto<\/td>\n<td>Gratuita<\/td>\n<\/tr>\n<tr>\n<td>Commissione di inattivit\u00e0<\/td>\n<td>Nessuna<\/td>\n<\/tr>\n<tr>\n<td>Abbonamento hosting VPS<\/td>\n<td>\n<ul class=\"list-checks\">\n<li>50 $ al mese;<\/li>\n<li>Gratuito per i trader con un saldo MT4 di 2.000 $ o superiore<\/li>\n<\/ul>\n<\/td>\n<\/tr>\n<tr>\n<td>Grafici ProRealTime<\/td>\n<td>\n<ul class=\"list-checks\">\n<li>Abbonamento di 30 \u00a3 al mese;<\/li>\n<li>Rimborso per i trader che effettuano quattro o pi\u00f9 operazioni ad alto volume al mese<\/li>\n<\/ul>\n<\/td>\n<\/tr>\n<tr>\n<td>Commissione di documentazione del conto<\/td>\n<td>Commissione di 50 $ sui conti che non hanno presentato il modulo W-8 o W-9 obbligatorio prima della data ex per il pagamento dei dividendi su titoli statunitensi idonei<\/td>\n<\/tr>\n<\/tbody>\n<\/table>\n<\/div>\n<h2 id=\"conclusion\"><i class=\"ico ico--pen\"><\/i>Considerazioni finali sulle commissioni di IG<\/h2>\n<p>Fare trading con IG consente ai trader su Forex e CFD di esplorare diverse opzioni, diversificare il proprio portafoglio e beneficiare di un ottimo rapporto qualit\u00e0-prezzo. Grazie a un sistema di pagamento basato esclusivamente sullo spread, disponibile nella maggior parte delle modalit\u00e0 di trading offerte da IG, i trader Forex possono operare in modo conveniente, con spread che spesso partono da appena <strong>0,6 pip<\/strong> sulle principali coppie Forex.<\/p>\n<p>Non ci sono costi nascosti e IG \u00e8 trasparente riguardo a eventuali oneri che possono sorgere mantenendo posizioni aperte overnight o richiedendo strumenti di trading avanzati come l\u2019hosting VPS e i grafici ProRealTime. Inoltre, le operazioni ad alto volume possono azzerare i costi anche per questi strumenti, garantendo condizioni di trading estremamente convenienti su IG.<\/p>\n","protected":false},"excerpt":{"rendered":"<p>Se sei interessato a fare trading con IG, dovresti familiarizzare con l\u2019intero insieme di condizioni di trading che il broker offre ai propri clienti. Commissioni di trading e costi extra non legati al trading sono fattori a cui prestare attenzione prima di effettuare qualsiasi operazione con denaro reale con IG o con qualsiasi altro broker. [&hellip;]<\/p>\n","protected":false},"author":2,"featured_media":0,"parent":6227,"menu_order":0,"comment_status":"closed","ping_status":"closed","template":"templates\/review.php","meta":{"footnotes":""},"class_list":["post-59693","page","type-page","status-publish","hentry"],"aioseo_notices":[],"_links":{"self":[{"href":"https:\/\/www.bestbrokers.com\/it\/wp-json\/wp\/v2\/pages\/59693","targetHints":{"allow":["GET"]}}],"collection":[{"href":"https:\/\/www.bestbrokers.com\/it\/wp-json\/wp\/v2\/pages"}],"about":[{"href":"https:\/\/www.bestbrokers.com\/it\/wp-json\/wp\/v2\/types\/page"}],"author":[{"embeddable":true,"href":"https:\/\/www.bestbrokers.com\/it\/wp-json\/wp\/v2\/users\/2"}],"replies":[{"embeddable":true,"href":"https:\/\/www.bestbrokers.com\/it\/wp-json\/wp\/v2\/comments?post=59693"}],"version-history":[{"count":6,"href":"https:\/\/www.bestbrokers.com\/it\/wp-json\/wp\/v2\/pages\/59693\/revisions"}],"predecessor-version":[{"id":71572,"href":"https:\/\/www.bestbrokers.com\/it\/wp-json\/wp\/v2\/pages\/59693\/revisions\/71572"}],"up":[{"embeddable":true,"href":"https:\/\/www.bestbrokers.com\/it\/wp-json\/wp\/v2\/pages\/6227"}],"wp:attachment":[{"href":"https:\/\/www.bestbrokers.com\/it\/wp-json\/wp\/v2\/media?parent=59693"}],"curies":[{"name":"wp","href":"https:\/\/api.w.org\/{rel}","templated":true}]}}