{"id":59694,"date":"2025-03-19T09:39:44","date_gmt":"2025-03-19T09:39:44","guid":{"rendered":"https:\/\/www.bestbrokers.com\/?page_id=59694"},"modified":"2025-10-21T13:35:50","modified_gmt":"2025-10-21T13:35:50","slug":"spreads-fees-and-commissions","status":"publish","type":"page","link":"https:\/\/www.bestbrokers.com\/it\/reviews\/swissquote\/spreads-fees-and-commissions\/","title":{"rendered":"Spread, costi e commissioni di Swissquote"},"content":{"rendered":"<div class=\"author-line\">Scritto da <span class=\"author\">Zornitsa Stefanova<div class=\"author-sub-box\"><div class=\"author-avatar\"><img decoding=\"async\" src=\"https:\/\/www.bestbrokers.com\/wp-content\/uploads\/2024\/09\/zornica-stefanova.jpeg\" \/><\/div><div class=\"author-info-wrapper\"><div class=\"author-name\"><a href=\"https:\/\/www.bestbrokers.com\/it\/authors\/zornitsa-stefanova\/\">Zornitsa Stefanova<\/a><\/div><div class=\"author-bio\">Zornitsa Stefanova \u00e8 un\u2019analista esperta di forex e criptovalute. Copre anche vari argomenti finanziari come il trading di azioni e gli investimenti per la pensione.<\/div><\/div><\/div><\/span>,  <a rel=\"nofollow\" target=\"_blank\" href=\"https:\/\/www.linkedin.com\/in\/zornica-stefanova-73ab39287\/\"><img decoding=\"async\" class=\"social-icon\" src=\"https:\/\/www.bestbrokers.com\/wp-content\/themes\/best-brokers\/assets\/images\/icon-linkedin.svg\" data-no-lazy=\"1\"><\/a> <span class=\"sep\">|<\/span> Tradotto da <span class=\"author\">Luca Mele<div class=\"author-sub-box\"><div class=\"author-avatar\"><img decoding=\"async\" src=\"https:\/\/www.bestbrokers.com\/wp-content\/uploads\/2024\/09\/luca-mele.jpeg\" \/><\/div><div class=\"author-info-wrapper\"><div class=\"author-name\"><a href=\"https:\/\/www.bestbrokers.com\/it\/authors\/luca-mele\/\">Luca Mele<\/a><\/div><div class=\"author-bio\">Luca Mele \u00e8 un traduttore professionista specializzato in vari argomenti, tra cui investimenti e trading con diversi strumenti come forex, azioni, criptovalute e materie prime.<\/div><\/div><\/div><\/span>, <a rel=\"nofollow\" target=\"_blank\" href=\"https:\/\/www.linkedin.com\/in\/luca-mele\/?locale=it_IT\"><img decoding=\"async\" class=\"social-icon\" src=\"https:\/\/www.bestbrokers.com\/wp-content\/themes\/best-brokers\/assets\/images\/icon-linkedin.svg\" data-no-lazy=\"1\"><\/a> <span class=\"sep\">|<\/span> Aggiornato: <time class=\"entry-date\" datetime=\"2025-10-21T13:35:50+00:00\">Ottobre 21, 2025<\/time><\/div>\n<p>Swissquote \u00e8 un broker online di primo piano con licenza bancaria FINMA che <strong>offre spread all-in senza commissioni su oltre 80 coppie di valute<\/strong>. I clienti di alcune nazioni possono ridurre ulteriormente i costi di trading aprendo conti a commissione con spread Forex grezzi a partire da zero pip. Il broker <strong>supporta i popolari software di terze parti MT4 e MT5<\/strong>, anche se \u00e8 possibile operare anche sulla sua piattaforma proprietaria CFXD.<\/p>\n<p>Il nostro team ha analizzato e testato con attenzione Swissquote utilizzando conti live per valutare le commissioni di trading e quelle non di trading. <strong>Abbiamo scomposto gli spread, i tassi di swap e i costi di transazione complessivi<\/strong> che i clienti incontreranno, per offrirti un\u2019idea pi\u00f9 chiara delle spese da mettere in conto. Cominciamo esaminando gli spread minimi previsti per i diversi tipi di conto offerti da Swissquote.<\/p>\n<h2 id=\"costs\"><i class=\"ico ico--money-supply\"><\/i>Costi di trading su Swissquote<\/h2>\n<p>Swissquote offre tre tipi di conto retail tramite la sua entit\u00e0 internazionale, con <strong>spread variabili adattati al capitale iniziale del cliente<\/strong>. Il broker non applica costi aggiuntivi n\u00e9 commissioni sulle operazioni Forex, perch\u00e9 tutte le spese sono gi\u00e0 incluse negli spread. Il deposito minimo richiesto \u00e8 di 1.000 USD per i conti Standard, 10.000 USD per i conti Premium e 50.000 USD per i conti Prime. Abbiamo confrontato gli spread minimi delle tre opzioni per determinare <strong>quale conto offra le condizioni di trading migliori<\/strong>.<\/p>\n<h3><i class=\"ico ico--pro-ecn-account\"><\/i>Costi di trading sul Forex per i conti Standard<\/h3>\n<p><strong>I conti Standard offrono spread minimi a partire da 1,7 pip su EUR\/USD<\/strong>. Dobbiamo ammettere che si tratta di un valore sensibilmente pi\u00f9 alto rispetto a quello di altri broker di primo piano. Un lotto standard su EUR\/USD ti coster\u00e0 17 USD (0,00017 \u00d7 100.000) a questo prezzo di apertura. Supponendo di chiudere la posizione allo stesso prezzo, sosterrai un costo complessivo di 34 USD. Un micro lotto costa invece 0,17 USD per lato (0,00017 \u00d7 1.000) e 0,34 USD round-turn.<\/p>\n<p>Riteniamo che queste condizioni di trading siano poco vantaggiose, soprattutto se confrontate con quelle applicate da broker concorrenti come Fusion Markets e IC Markets sulla stessa coppia incrociata. Gli spread su EUR\/USD sono nettamente inferiori e si attestano in media a 1,01 pip per i conti Classic di Fusion Markets, portando i costi di trading a 10,1 USD per lato. IC Markets propone spread medi ancora pi\u00f9 bassi, pari a 0,82 pip su EUR\/USD, dove un lotto standard costa 8,20 USD per lato e 16,40 USD in totale, ipotizzando prezzi di apertura e chiusura identici.<\/p>\n<div class=\"table-responsive\">\n<table class=\"table table--colorful\">\n<thead>\n<tr>\n<th style=\"background-color: #fff;\" colspan=\"5\">Costi minimi di spread per i conti Standard di Swissquote<\/th>\n<\/tr>\n<tr>\n<th>Coppia Forex<\/th>\n<th>Spread (in pip)<\/th>\n<th>Commissione<\/th>\n<th>Costo* per lotto micro<\/th>\n<th>Costo* per lotto standard<\/th>\n<\/tr>\n<\/thead>\n<tbody>\n<tr>\n<td>EUR\/USD<\/td>\n<td style=\"text-align: center;\">1,7<\/td>\n<td style=\"text-align: center;\">0 USD<\/td>\n<td style=\"text-align: center;\">0,17 USD<\/td>\n<td style=\"text-align: center;\">17,00 USD<\/td>\n<\/tr>\n<tr>\n<td>USD\/JPY<\/td>\n<td style=\"text-align: center;\">1,6<\/td>\n<td style=\"text-align: center;\">0 USD<\/td>\n<td style=\"text-align: center;\">0,11 USD<\/td>\n<td style=\"text-align: center;\">10,89 USD<\/td>\n<\/tr>\n<tr>\n<td>EUR\/GBP<\/td>\n<td style=\"text-align: center;\">1,7<\/td>\n<td style=\"text-align: center;\">0 USD<\/td>\n<td style=\"text-align: center;\">0,23 USD<\/td>\n<td style=\"text-align: center;\">23,01 USD<\/td>\n<\/tr>\n<tr>\n<td>GBP\/USD<\/td>\n<td style=\"text-align: center;\">2,0<\/td>\n<td style=\"text-align: center;\">0 USD<\/td>\n<td style=\"text-align: center;\">0,20 USD<\/td>\n<td style=\"text-align: center;\">20,00 USD<\/td>\n<\/tr>\n<tr>\n<td>AUD\/USD<\/td>\n<td style=\"text-align: center;\">1,6<\/td>\n<td style=\"text-align: center;\">0 USD<\/td>\n<td style=\"text-align: center;\">0,16 USD<\/td>\n<td style=\"text-align: center;\">16,00 USD<\/td>\n<\/tr>\n<tr>\n<td>USD\/CAD<\/td>\n<td style=\"text-align: center;\">2,7<\/td>\n<td style=\"text-align: center;\">0 USD<\/td>\n<td style=\"text-align: center;\">0,20 USD<\/td>\n<td style=\"text-align: center;\">19,71 USD<\/td>\n<\/tr>\n<tr>\n<td>USD\/CHF<\/td>\n<td style=\"text-align: center;\">2,0<\/td>\n<td style=\"text-align: center;\">0 USD<\/td>\n<td style=\"text-align: center;\">0,25 USD<\/td>\n<td style=\"text-align: center;\">25,10 USD<\/td>\n<\/tr>\n<tr>\n<td>USD\/CNH<\/td>\n<td style=\"text-align: center;\">16,4<\/td>\n<td style=\"text-align: center;\">0 USD<\/td>\n<td style=\"text-align: center;\">0,23 USD<\/td>\n<td style=\"text-align: center;\">22,87 USD<\/td>\n<\/tr>\n<tr>\n<td>NZD\/USD<\/td>\n<td style=\"text-align: center;\">2,3<\/td>\n<td style=\"text-align: center;\">0 USD<\/td>\n<td style=\"text-align: center;\">0,23 USD<\/td>\n<td style=\"text-align: center;\">23,00 USD<\/td>\n<\/tr>\n<\/tbody>\n<\/table>\n<\/div>\n<p style=\"text-align: center; font-size: 13px;\"><em>**Le spese minime di spread sono arrotondate alla seconda cifra decimale e corrispondono ai costi di trading all\u2019apertura di una posizione nella relativa coppia Forex. Lo stesso vale per i costi indicati per i conti Premium e Prime di Swissquote.<\/em><\/p>\n<h3><i class=\"ico ico--account\"><\/i>Costi di trading sul Forex per i conti Premium<\/h3>\n<p>I conti Premium offrono un rapporto qualit\u00e0-prezzo leggermente migliore perch\u00e9 gli <strong>spread minimi su EUR\/USD sono inferiori di 0,3 pip rispetto a quelli dei conti Standard<\/strong>. Ci\u00f2 si traduce in una riduzione di 3 USD dei costi di trading per lato, poich\u00e9 i clienti pagano 14 USD (0,00014 \u00d7 100.000) per lotto standard round-turn. Le operazioni in mini lotti comportano invece addebiti di spread pari a 1,40 USD per lato. Vale la pena ricordare che i conti Premium <strong>richiedono depositi iniziali di 10.000 USD<\/strong>, risultando poco adatti ai trader alle prime armi con un budget ridotto.<\/p>\n<p>I titolari di conto devono fare trading su almeno 10.000 unit\u00e0 di valuta base (un mini lotto) per piazzare un ordine Forex. Anche in questo caso non sono previste commissioni, perch\u00e9 tutte le spese sono comprese nello spread. Nonostante la riduzione di 0,3 pip, <strong>gli spread dei conti Premium di Swissquote restano pi\u00f9 elevati rispetto alle medie proposte dai discount broker<\/strong>\u00a0come Fusion e IC Markets, dove i depositi minimi partono rispettivamente da 0 e 200 USD.<\/p>\n<div class=\"table-responsive\">\n<table class=\"table table--colorful\">\n<thead>\n<tr>\n<th style=\"background-color: #fff;\" colspan=\"5\">Costi minimi di spread per i conti Premium di Swissquote<\/th>\n<\/tr>\n<tr>\n<th>Coppia Forex<\/th>\n<th>Spread (in pip)<\/th>\n<th>Commissione<\/th>\n<th>Costo per lotto mini<\/th>\n<th>Costo per lotto standard<\/th>\n<\/tr>\n<\/thead>\n<tbody>\n<tr>\n<td>EUR\/USD<\/td>\n<td style=\"text-align: center;\">1,4<\/td>\n<td style=\"text-align: center;\">0 USD<\/td>\n<td style=\"text-align: center;\">1,40 USD<\/td>\n<td style=\"text-align: center;\">14,00 USD<\/td>\n<\/tr>\n<tr>\n<td>USD\/JPY<\/td>\n<td style=\"text-align: center;\">1,4<\/td>\n<td style=\"text-align: center;\">0 USD<\/td>\n<td style=\"text-align: center;\">0,95 USD<\/td>\n<td style=\"text-align: center;\">9,53 USD<\/td>\n<\/tr>\n<tr>\n<td>EUR\/GBP<\/td>\n<td style=\"text-align: center;\">1,5<\/td>\n<td style=\"text-align: center;\">0 USD<\/td>\n<td style=\"text-align: center;\">2,03 USD<\/td>\n<td style=\"text-align: center;\">20,31 USD<\/td>\n<\/tr>\n<tr>\n<td>GBP\/USD<\/td>\n<td style=\"text-align: center;\">1,7<\/td>\n<td style=\"text-align: center;\">0 USD<\/td>\n<td style=\"text-align: center;\">1,70 USD<\/td>\n<td style=\"text-align: center;\">17,00 USD<\/td>\n<\/tr>\n<tr>\n<td>AUD\/USD<\/td>\n<td style=\"text-align: center;\">1,4<\/td>\n<td style=\"text-align: center;\">0 USD<\/td>\n<td style=\"text-align: center;\">1,40 USD<\/td>\n<td style=\"text-align: center;\">14,00 USD<\/td>\n<\/tr>\n<tr>\n<td>USD\/CAD<\/td>\n<td style=\"text-align: center;\">2,4<\/td>\n<td style=\"text-align: center;\">0 USD<\/td>\n<td style=\"text-align: center;\">1,75 USD<\/td>\n<td style=\"text-align: center;\">17,52 USD<\/td>\n<\/tr>\n<tr>\n<td>USD\/CHF<\/td>\n<td style=\"text-align: center;\">1,8<\/td>\n<td style=\"text-align: center;\">0 USD<\/td>\n<td style=\"text-align: center;\">2,26 USD<\/td>\n<td style=\"text-align: center;\">22,59 USD<\/td>\n<\/tr>\n<tr>\n<td>USD\/CNH<\/td>\n<td style=\"text-align: center;\">14,4<\/td>\n<td style=\"text-align: center;\">0 USD<\/td>\n<td style=\"text-align: center;\">2,01 USD<\/td>\n<td style=\"text-align: center;\">20,08 USD<\/td>\n<\/tr>\n<tr>\n<td>NZD\/USD<\/td>\n<td style=\"text-align: center;\">2,2<\/td>\n<td style=\"text-align: center;\">0 USD<\/td>\n<td style=\"text-align: center;\">2,20 USD<\/td>\n<td style=\"text-align: center;\">22,00 USD<\/td>\n<\/tr>\n<\/tbody>\n<\/table>\n<\/div>\n<h3><i class=\"ico ico--our-standards-and-rating-methodology\"><\/i>Costi di trading sul Forex per i conti Prime<\/h3>\n<p>Vediamo ora come si comportano i conti Prime di Swissquote in termini di spese di trading. Gli <strong>spread minimi su EUR\/USD per i conti Prime sono i pi\u00f9 bassi disponibili con questo livello<\/strong> e un lotto standard costa 6 USD in meno per lato rispetto ai conti Standard. I clienti pagano quindi 11 USD per lotto standard, perch\u00e9 gli spread per la coppia pi\u00f9 popolare <strong>partono da 1,1 pip con commissioni pari a zero<\/strong>.<\/p>\n<p>Per quanto degno di nota, tale riduzione non conferisce comunque a Swissquote un vantaggio competitivo rispetto a broker rivali come Fusion Markets. La <strong>barriera d\u2019ingresso elevata<\/strong> dei conti Prime peggiora ulteriormente la situazione, perch\u00e9 pochi clienti retail riescono a soddisfare il deposito minimo di 50.000 USD. La <strong>dimensione minima di trading \u00e8 di 100.000 unit\u00e0 di valuta<\/strong>, fatto che ci porta a concludere che i conti Prime sono pensati soprattutto per trader esperti e con volumi elevati.<\/p>\n<div class=\"table-responsive\">\n<table class=\"table table--colorful\">\n<thead>\n<tr>\n<th style=\"background-color: #fff;\" colspan=\"4\">Costi minimi di spread per i conti Prime di Swissquote<\/th>\n<\/tr>\n<tr>\n<th>Coppia Forex<\/th>\n<th>Spread (in pip)<\/th>\n<th>Commissione<\/th>\n<th>Costo per lotto standard<\/th>\n<\/tr>\n<\/thead>\n<tbody>\n<tr>\n<td>EUR\/USD<\/td>\n<td style=\"text-align: center;\">1,1<\/td>\n<td style=\"text-align: center;\">0 USD<\/td>\n<td style=\"text-align: center;\">11,00 USD<\/td>\n<\/tr>\n<tr>\n<td>USD\/JPY<\/td>\n<td style=\"text-align: center;\">1,2<\/td>\n<td style=\"text-align: center;\">0 USD<\/td>\n<td style=\"text-align: center;\">8,15 USD<\/td>\n<\/tr>\n<tr>\n<td>EUR\/GBP<\/td>\n<td style=\"text-align: center;\">1,2<\/td>\n<td style=\"text-align: center;\">0 USD<\/td>\n<td style=\"text-align: center;\">16,16 USD<\/td>\n<\/tr>\n<tr>\n<td>GBP\/USD<\/td>\n<td style=\"text-align: center;\">1,4<\/td>\n<td style=\"text-align: center;\">0 USD<\/td>\n<td style=\"text-align: center;\">14,00 USD<\/td>\n<\/tr>\n<tr>\n<td>AUD\/USD<\/td>\n<td style=\"text-align: center;\">1,2<\/td>\n<td style=\"text-align: center;\">0 USD<\/td>\n<td style=\"text-align: center;\">12,00 USD<\/td>\n<\/tr>\n<tr>\n<td>USD\/CAD<\/td>\n<td style=\"text-align: center;\">2,2<\/td>\n<td style=\"text-align: center;\">0 USD<\/td>\n<td style=\"text-align: center;\">16,06 USD<\/td>\n<\/tr>\n<tr>\n<td>USD\/CHF<\/td>\n<td style=\"text-align: center;\">1,6<\/td>\n<td style=\"text-align: center;\">0 USD<\/td>\n<td style=\"text-align: center;\">20,07 USD<\/td>\n<\/tr>\n<tr>\n<td>USD\/CNH<\/td>\n<td style=\"text-align: center;\">10,2<\/td>\n<td style=\"text-align: center;\">0 USD<\/td>\n<td style=\"text-align: center;\">14,22 USD<\/td>\n<\/tr>\n<tr>\n<td>NZD\/USD<\/td>\n<td style=\"text-align: center;\">1,8<\/td>\n<td style=\"text-align: center;\">0 USD<\/td>\n<td style=\"text-align: center;\">18,00 USD<\/td>\n<\/tr>\n<\/tbody>\n<\/table>\n<\/div>\n<p><strong>I conti Prime sono la scelta migliore se desideri ottenere gli spread pi\u00f9 bassi possibili<\/strong> quando operi con Swissquote. Le condizioni di trading restano tuttavia lontane dall\u2019ottimale, soprattutto se paragonate alle commissioni di spread richieste da broker discount come Fusion Markets. <strong>La soglia di cinque cifre prevista per i depositi minimi rappresenta un ostacolo rilevante<\/strong> per la maggior parte dei trader retail, che si vedono costretti ad aprire un conto Standard, dove gli spread minimi sono superiori di oltre mezzo pip.<\/p>\n<h3><i class=\"ico ico--tradingview\"><\/i>Costi di trading Forex per i conti Elite (clienti UE)<\/h3>\n<p>Swissquote non applica commissioni sulle operazioni Forex tramite la sua entit\u00e0 globale, ma i clienti che si registrano attraverso la versione del sito regolamentata dalla CySEC possono comunque scegliere un conto basato su commissioni. I clienti dell\u2019UE possono aprire un conto Elite per beneficiare di <strong>spread a partire da 0,00 pip<\/strong>. La dimensione minima di transazione per questo tipo di conto \u00e8 di 100.000 unit\u00e0 di valuta base, ossia un lotto standard.<\/p>\n<p>Il broker <strong>applica una commissione di 2,50 \u20ac per lato e di 5,00 \u20ac per operazione completa<\/strong>. Gli spread sono variabili e cambiano costantemente in base alla volatilit\u00e0 di mercato. Supponendo condizioni ottimali e volatilit\u00e0 minima, un lotto standard su EUR\/USD ti coster\u00e0 soltanto 5 \u20ac in totale se lo spread dovesse effettivamente scendere a zero pip.<\/p>\n<p>Si tratta comunque di un costo leggermente superiore rispetto ai conti a commissione di Fusion Markets, dove un lotto standard sulla stessa coppia comporta una commissione di 4,05 \u20ac a round-turn e uno spread medio di 0,11 pip. Nonostante ci\u00f2, i conti Elite di Swissquote offrono condizioni di trading che in generale <strong>si allineano a quelle della maggior parte dei broker che propongono conti a commissione<\/strong>.<\/p>\n<div class=\"table-responsive\">\n<table class=\"table table--orange\">\n<thead>\n<tr>\n<th colspan=\"2\">Costi minimi di trading per i conti Elite di Swissquote (solo UE)<\/th>\n<\/tr>\n<\/thead>\n<tbody>\n<tr>\n<td>Spread minimi<\/td>\n<td style=\"text-align: center;\">Da 0,00 pip (variabile)<\/td>\n<\/tr>\n<tr>\n<td>Commissione (acquisto)<\/td>\n<td style=\"text-align: center;\">2,50 \u20ac<\/td>\n<\/tr>\n<tr>\n<td>Commissione (vendita)<\/td>\n<td style=\"text-align: center;\">2,50 \u20ac<\/td>\n<\/tr>\n<tr>\n<td>Costi totali minimi<\/td>\n<td style=\"text-align: center;\">5,00 \u20ac (in condizioni di mercato ottimali con spread 0,00)<\/td>\n<\/tr>\n<\/tbody>\n<\/table>\n<\/div>\n<h2 id=\"overnight\"><i class=\"ico ico--clock\"><\/i>Costi di finanziamento overnight di Swissquote<\/h2>\n<p>I costi di finanziamento overnight, noti anche come commissioni di swap, rappresentano un altro aspetto importante da valutare prima di aprire un conto live con un broker online. Le commissioni di swap vengono <strong>addebitate o accreditate sul saldo quando si mantengono posizioni aperte durante la notte<\/strong>. Questi addebiti riflettono le differenze tra i tassi di interesse delle valute che compongono una coppia Forex. I tassi di swap sono soggetti a variazioni e sono elencati in modo chiaro sul sito di Swissquote.<\/p>\n<p><img decoding=\"async\" class=\"aligncenter\" src=\"https:\/\/www.bestbrokers.com\/wp-content\/uploads\/2025\/02\/swissquote-overnight-funding-costs.webp\" alt=\"Swissquote Overnight Funding Costs\" \/><\/p>\n<p>\u00c8 inoltre possibile <strong>consultarli nelle specifiche degli strumenti disponibili sulle piattaforme MetaTrader e CFXD<\/strong> supportate dal broker, come mostrato nello screenshot sopra. I tassi di swap riportati nella tabella sottostante sono stati ricavati da un conto live collegato a MetaTrader 4. I clienti possono calcolare il costo di mantenimento delle posizioni overnight utilizzando la formula fornita da Swissquote. Essa si applica alle commissioni di swap sugli ordini piazzati tramite la piattaforma MetaTrader.<\/p>\n<p><strong>OFC = PS x SR \/ ER<\/strong> dove:<\/p>\n<ul class=\"list-checks\">\n<li><strong>OFC<\/strong> \u00e8 il costo che sosterrai mantenendo posizioni overnight.<\/li>\n<li><strong>PS<\/strong> \u00e8 la tua <strong>dimensione della posizione<\/strong> (ad es. 100.000 unit\u00e0 di valuta base).<\/li>\n<li><strong>SR<\/strong> \u00e8 il <strong>tasso di swap<\/strong> in vendita o in acquisto indicato per la coppia di valute scelta.<\/li>\n<li><strong>ER<\/strong> \u00e8 il <strong>tasso di cambio<\/strong> corrente per la coppia Forex.<\/li>\n<\/ul>\n<p>Mettiamo in pratica la formula con un esempio in cui detieni una posizione short su GBP\/USD per una notte. La dimensione della posizione \u00e8 di un lotto standard. Il tasso di cambio corrente \u00e8 1,24659, con tassi di swap pari a -0,0000225 per le posizioni short sulla coppia. In questo caso pagherai costi di finanziamento overnight pari a 1,80 \u00a3 (100.000 \u00d7 -0,0000225 \/ 1,24659). La formula per calcolare gli swap sulle posizioni aperte tramite la piattaforma proprietaria CFXD \u00e8 pi\u00f9 semplice, perch\u00e9 occorre soltanto moltiplicare la dimensione della posizione per il relativo tasso di swap, come segue: 100.000 \u00d7 -0,0000225 = -2,25 USD.<\/p>\n<div class=\"table-responsive\">\n<table class=\"table table--colorful\">\n<thead>\n<tr>\n<th style=\"background-color: #fff;\" colspan=\"5\">Tassi di swap* di Swissquote per le principali coppie Forex<\/th>\n<\/tr>\n<tr>\n<th>Coppia Forex<\/th>\n<th>Valuta base<\/th>\n<th>Volume in lotti<\/th>\n<th>Swap long per lotto standard<\/th>\n<th>Swap short per lotto standard<\/th>\n<\/tr>\n<\/thead>\n<tbody>\n<tr>\n<td>EUR\/USD<\/td>\n<td style=\"text-align: center;\">USD<\/td>\n<td style=\"text-align: center;\">1<\/td>\n<td style=\"text-align: center;\">-8,138967<\/td>\n<td style=\"text-align: center;\">5,0006<\/td>\n<\/tr>\n<tr>\n<td>USD\/JPY<\/td>\n<td style=\"text-align: center;\">USD<\/td>\n<td style=\"text-align: center;\">1<\/td>\n<td style=\"text-align: center;\">9,293134<\/td>\n<td style=\"text-align: center;\">-12,407893<\/td>\n<\/tr>\n<tr>\n<td>EUR\/GBP<\/td>\n<td style=\"text-align: center;\">USD<\/td>\n<td style=\"text-align: center;\">1<\/td>\n<td style=\"text-align: center;\">-6,868233<\/td>\n<td style=\"text-align: center;\">3,636468<\/td>\n<\/tr>\n<tr>\n<td>GBP\/USD<\/td>\n<td style=\"text-align: center;\">USD<\/td>\n<td style=\"text-align: center;\">1<\/td>\n<td style=\"text-align: center;\">-2,824317<\/td>\n<td style=\"text-align: center;\">-0,295968<\/td>\n<\/tr>\n<tr>\n<td>AUD\/USD<\/td>\n<td style=\"text-align: center;\">USD<\/td>\n<td style=\"text-align: center;\">1<\/td>\n<td style=\"text-align: center;\">-3,495024<\/td>\n<td style=\"text-align: center;\">0,200905<\/td>\n<\/tr>\n<tr>\n<td>USD\/CAD<\/td>\n<td style=\"text-align: center;\">USD<\/td>\n<td style=\"text-align: center;\">1<\/td>\n<td style=\"text-align: center;\">3,22201<\/td>\n<td style=\"text-align: center;\">-6,353439<\/td>\n<\/tr>\n<tr>\n<td>USD\/CHF<\/td>\n<td style=\"text-align: center;\">USD<\/td>\n<td style=\"text-align: center;\">1<\/td>\n<td style=\"text-align: center;\">10,846706<\/td>\n<td style=\"text-align: center;\">-14,059482<\/td>\n<\/tr>\n<tr>\n<td>USD\/CNH<\/td>\n<td style=\"text-align: center;\">USD<\/td>\n<td style=\"text-align: center;\">1<\/td>\n<td style=\"text-align: center;\">6,402628<\/td>\n<td style=\"text-align: center;\">-12,054915<\/td>\n<\/tr>\n<tr>\n<td>NZD\/USD<\/td>\n<td style=\"text-align: center;\">USD<\/td>\n<td style=\"text-align: center;\">1<\/td>\n<td style=\"text-align: center;\">-5,828534<\/td>\n<td style=\"text-align: center;\">2,196286<\/td>\n<\/tr>\n<\/tbody>\n<\/table>\n<\/div>\n<p style=\"text-align: center; font-size: 13px;\"><em>*Questi sono i tassi di swap giornalieri riportati per i clienti Swissquote che utilizzano la piattaforma MetaTrader 4. I valori sono espressi in punti e si riferiscono a un lotto standard nella rispettiva coppia di valute.<\/em><\/p>\n<p>Il broker <strong>applica tassi di swap tripli il mercoled\u00ec alle 23:00 CET<\/strong>. Si tratta di un adeguamento standard che tiene conto dei roll-over del fine settimana. Alcune coppie, come USD\/CAD e OIL\/USD, prevedono swap tripli rispettivamente il gioved\u00ec e il venerd\u00ec.<\/p>\n<h2 id=\"other\"><i class=\"ico ico--administration-fees\"><\/i>Costi non di trading su Swissquote<\/h2>\n<p>Swissquote <strong>non offre servizi aggiuntivi come il copy trading o il social trading<\/strong> ai trader Forex retail. L\u2019entit\u00e0 internazionale consente depositi e prelievi esclusivamente tramite bonifico bancario. Ricaricare il saldo del conto live \u00e8 gratuito, ma potrebbero essere applicati costi da parte di istituti finanziari terzi. L\u2019apertura e il mantenimento di un conto live non comportano costi, a patto di rimanere attivi e di effettuare operazioni di tanto in tanto.<\/p>\n<p>I clienti che non accedono al proprio conto n\u00e9 effettuano operazioni per sei mesi consecutivi incorrono in <strong>commissioni di inattivit\u00e0 pari a 10 USD<\/strong>. Il broker detrarr\u00e0 tale importo ogni mese dai conti inattivi con saldo disponibile. Per quanto abbiamo potuto verificare, i trader retail non sono soggetti ad altri addebiti su Swissquote.<\/p>\n<div class=\"table-responsive\">\n<table class=\"table\">\n<thead>\n<tr>\n<th colspan=\"2\">Panoramica dei costi non di trading di Swissquote<\/th>\n<\/tr>\n<\/thead>\n<tbody>\n<tr>\n<td>Commissioni di deposito<\/td>\n<td>Gratuito (potrebbero applicarsi costi di terzi)<\/td>\n<\/tr>\n<tr>\n<td>Commissioni di prelievo<\/td>\n<td>Dipende dalla valuta base del conto<\/td>\n<\/tr>\n<tr>\n<td>Commissione di apertura conto<\/td>\n<td>Gratuito<\/td>\n<\/tr>\n<tr>\n<td>Commissione di inattivit\u00e0<\/td>\n<td>10 USD al mese<\/td>\n<\/tr>\n<tr>\n<td>Abbonamento VPS hosting<\/td>\n<td>N\/D<\/td>\n<\/tr>\n<tr>\n<td>Copy trading<\/td>\n<td>N\/D<\/td>\n<\/tr>\n<\/tbody>\n<\/table>\n<\/div>\n<h2 id=\"conclusion\"><i class=\"ico ico--pen\"><\/i>Considerazioni finali sui costi di Swissquote<\/h2>\n<p>La nostra analisi approfondita delle commissioni di questo broker ha evidenziato che Swissquote offre condizioni di trading leggermente meno vantaggiose rispetto a quelle di altri broker retail di primo livello. Gli <strong>spread minimi sono pi\u00f9 elevati, cos\u00ec come i requisiti di capitale minimo<\/strong>. Se puoi permetterti di depositare un importo a cinque cifre, aprire un conto Prime \u00e8 forse la soluzione migliore, perch\u00e9 offre gli spread pi\u00f9 bassi.<\/p>\n<p>In conclusione, Swissquote fornisce senza dubbio servizi di trading di alta qualit\u00e0, prezzi trasparenti e adeguate tutele per i clienti, come ci si aspetta da un broker con licenza bancaria FINMA. <strong>Se dai priorit\u00e0 a sicurezza, reputazione e qualit\u00e0 rispetto agli spread ridotti<\/strong>, dovresti certamente prendere in considerazione Swissquote. Nonostante ci\u00f2, ti consigliamo di orientarti altrove se la riduzione dei costi di trading \u00e8 la tua priorit\u00e0 principale.<\/p>\n","protected":false},"excerpt":{"rendered":"<p>Swissquote \u00e8 un broker online di primo piano con licenza bancaria FINMA che offre spread all-in senza commissioni su oltre 80 coppie di valute. I clienti di alcune nazioni possono ridurre ulteriormente i costi di trading aprendo conti a commissione con spread Forex grezzi a partire da zero pip. Il broker supporta i popolari software [&hellip;]<\/p>\n","protected":false},"author":2,"featured_media":0,"parent":6244,"menu_order":0,"comment_status":"closed","ping_status":"closed","template":"templates\/review.php","meta":{"footnotes":""},"class_list":["post-59694","page","type-page","status-publish","hentry"],"aioseo_notices":[],"_links":{"self":[{"href":"https:\/\/www.bestbrokers.com\/it\/wp-json\/wp\/v2\/pages\/59694","targetHints":{"allow":["GET"]}}],"collection":[{"href":"https:\/\/www.bestbrokers.com\/it\/wp-json\/wp\/v2\/pages"}],"about":[{"href":"https:\/\/www.bestbrokers.com\/it\/wp-json\/wp\/v2\/types\/page"}],"author":[{"embeddable":true,"href":"https:\/\/www.bestbrokers.com\/it\/wp-json\/wp\/v2\/users\/2"}],"replies":[{"embeddable":true,"href":"https:\/\/www.bestbrokers.com\/it\/wp-json\/wp\/v2\/comments?post=59694"}],"version-history":[{"count":6,"href":"https:\/\/www.bestbrokers.com\/it\/wp-json\/wp\/v2\/pages\/59694\/revisions"}],"predecessor-version":[{"id":71574,"href":"https:\/\/www.bestbrokers.com\/it\/wp-json\/wp\/v2\/pages\/59694\/revisions\/71574"}],"up":[{"embeddable":true,"href":"https:\/\/www.bestbrokers.com\/it\/wp-json\/wp\/v2\/pages\/6244"}],"wp:attachment":[{"href":"https:\/\/www.bestbrokers.com\/it\/wp-json\/wp\/v2\/media?parent=59694"}],"curies":[{"name":"wp","href":"https:\/\/api.w.org\/{rel}","templated":true}]}}