{"id":59695,"date":"2025-03-19T09:39:44","date_gmt":"2025-03-19T09:39:44","guid":{"rendered":"https:\/\/www.bestbrokers.com\/?page_id=59695"},"modified":"2026-03-11T09:48:42","modified_gmt":"2026-03-11T09:48:42","slug":"spreads-fees-and-commissions","status":"publish","type":"page","link":"https:\/\/www.bestbrokers.com\/it\/reviews\/vantage-markets\/spreads-fees-and-commissions\/","title":{"rendered":"Spread, costi e commissioni di Vantage"},"content":{"rendered":"<div class=\"author-line\">Scritto da <span class=\"author\">Naylyan Nazifova<div class=\"author-sub-box\"><div class=\"author-info-wrapper\"><div class=\"author-name\"><a href=\"https:\/\/www.bestbrokers.com\/it\/authors\/naylyan-nazifova\/\">Naylyan Nazifova<\/a><\/div><div class=\"author-bio\">Naylyan Nazifova \u00e8 un\u2019esperta riconosciuta nel campo del trading online. Ha molte pubblicazioni e analisi che coprono il trading forex, gli investimenti azionari e la finanza personale.<\/div><\/div><\/div><\/span>,  <a rel=\"nofollow\" target=\"_blank\" href=\"https:\/\/www.linkedin.com\/in\/naylian-nazifova-58562a272\/\"><img decoding=\"async\" class=\"social-icon\" src=\"https:\/\/www.bestbrokers.com\/wp-content\/themes\/best-brokers\/assets\/images\/icon-linkedin.svg\" data-no-lazy=\"1\"><\/a> <span class=\"sep\">|<\/span> Tradotto da <span class=\"author\">Luca Mele<div class=\"author-sub-box\"><div class=\"author-avatar\"><img decoding=\"async\" src=\"https:\/\/www.bestbrokers.com\/wp-content\/uploads\/2024\/09\/luca-mele.jpeg\" \/><\/div><div class=\"author-info-wrapper\"><div class=\"author-name\"><a href=\"https:\/\/www.bestbrokers.com\/it\/authors\/luca-mele\/\">Luca Mele<\/a><\/div><div class=\"author-bio\">Luca Mele \u00e8 un traduttore professionista specializzato in vari argomenti, tra cui investimenti e trading con diversi strumenti come forex, azioni, criptovalute e materie prime.<\/div><\/div><\/div><\/span>, <a rel=\"nofollow\" target=\"_blank\" href=\"https:\/\/www.linkedin.com\/in\/luca-mele\/?locale=it_IT\"><img decoding=\"async\" class=\"social-icon\" src=\"https:\/\/www.bestbrokers.com\/wp-content\/themes\/best-brokers\/assets\/images\/icon-linkedin.svg\" data-no-lazy=\"1\"><\/a> <span class=\"sep\">|<\/span> Aggiornato: <time class=\"entry-date\" datetime=\"2026-03-11T09:48:42+00:00\">Marzo 11, 2026<\/time><\/div>\n<p>Fondato nel 2009, Vantage \u00e8 un broker di CFD di livello mondiale con oltre 5 milioni di utenti registrati e un portafoglio di pi\u00f9 di 1.000 strumenti finanziari. Fare trading con questo marchio offre numerosi vantaggi, tra cui spread competitivi, strumenti e funzionalit\u00e0 di trading avanzati, esecuzione rapida e risorse didattiche gratuite. Inoltre, la struttura tariffaria trasparente del broker consente ai trader di comprendere chiaramente i costi associati alle loro operazioni. Questa guida fornisce informazioni dettagliate sui costi di trading e non di trading relativi ai tipi di conto pi\u00f9 popolari di Vantage.<\/p>\n<h2 id=\"costs\"><i class=\"ico ico--money-supply\"><\/i>Costi di trading su Vantage<\/h2>\n<p>Vantage offre diversi tipi di conto di trading pensati per trader di ogni livello di esperienza. Le opzioni includono un <strong>conto Standard STP <\/strong>destinato ai principianti, un <strong>conto Raw ECN <\/strong>adatto ai trader esperti e un <strong>conto Pro ECN<\/strong> creato per i professionisti. Inoltre, tutte le opzioni sopra menzionate possono essere convertite in un conto Swap-Free per i trader che, per motivi religiosi, non possono pagare o ricevere swap. I principianti possono anche iniziare con un conto demo e migliorare le proprie competenze operando con fondi virtuali.<\/p>\n<p>Vantage supporta diverse piattaforme di trading pensate per soddisfare le varie esigenze e preferenze dei trader. Gli utenti possono operare sulla Vantage app all-in-one, su MT4, MT5, ProTrader (basata su TradingView), Copy Trading o sulla piattaforma di trading demo.<\/p>\n<p>Indipendentemente dal tipo di conto scelto, i trader possono contare su condizioni competitive e su una totale trasparenza dei prezzi. Grazie una dimensione minima di trading di soli 0,01 lotti per operazione, oltre 1.000 asset per fare trading e diverse valute di base del conto, Vantage offre condizioni di trading eccellenti.<\/p>\n<p>In questa sezione ci concentreremo principalmente sulle caratteristiche dei conti Standard STP e Raw ECN del broker, calcolando i relativi costi di trading e fornendo ai potenziali clienti del marchio un\u2019idea chiara delle spese da sostenere.<\/p>\n<p>Iniziamo con le commissioni round-turn del conto Raw ECN in base alle valute di denominazione del conto disponibili per i clienti Vantage, con calcoli per il trading di lotti standard, mini e micro.<\/p>\n<div class=\"table-responsive\">\n<table class=\"table table--colorful\">\n<thead>\n<tr>\n<th style=\"background-color: #fff;\" colspan=\"4\">Commissioni round-turn del conto Raw ECN in base alla valuta del conto<\/th>\n<\/tr>\n<tr>\n<th>Valuta del conto di trading<\/th>\n<th>Per lotto standard<\/th>\n<th>Per lotto mini<\/th>\n<th>Per lotto micro<\/th>\n<\/tr>\n<\/thead>\n<tbody>\n<tr>\n<td>AUD<\/td>\n<td style=\"text-align: center;\">6,00 $<\/td>\n<td style=\"text-align: center;\">0,60 $<\/td>\n<td style=\"text-align: center;\">0,06 $<\/td>\n<\/tr>\n<tr>\n<td>USD<\/td>\n<td style=\"text-align: center;\">6,00 $<\/td>\n<td style=\"text-align: center;\">0,60 $<\/td>\n<td style=\"text-align: center;\">0,06 $<\/td>\n<\/tr>\n<tr>\n<td>GBP<\/td>\n<td style=\"text-align: center;\">4,00 \u00a3<\/td>\n<td style=\"text-align: center;\">0,40 \u00a3<\/td>\n<td style=\"text-align: center;\">0,04 \u00a3<\/td>\n<\/tr>\n<tr>\n<td>EUR<\/td>\n<td style=\"text-align: center;\">5,00 \u20ac<\/td>\n<td style=\"text-align: center;\">0,50 \u20ac<\/td>\n<td style=\"text-align: center;\">0,05 \u20ac<\/td>\n<\/tr>\n<tr>\n<td>SGD<\/td>\n<td style=\"text-align: center;\">7,00 $<\/td>\n<td style=\"text-align: center;\">0,70 $<\/td>\n<td style=\"text-align: center;\">0,07 $<\/td>\n<\/tr>\n<tr>\n<td>JPY<\/td>\n<td style=\"text-align: center;\">550,00 \u00a5<\/td>\n<td style=\"text-align: center;\">55 \u00a5<\/td>\n<td style=\"text-align: center;\">5,50 \u00a5<\/td>\n<\/tr>\n<tr>\n<td>NZD<\/td>\n<td style=\"text-align: center;\">6,50 $<\/td>\n<td style=\"text-align: center;\">0,65 $<\/td>\n<td style=\"text-align: center;\">0,065 $<\/td>\n<\/tr>\n<tr>\n<td>CAD<\/td>\n<td style=\"text-align: center;\">6,00 $<\/td>\n<td style=\"text-align: center;\">0,60 $<\/td>\n<td style=\"text-align: center;\">0,06 $<\/td>\n<\/tr>\n<tr>\n<td>PLN<\/td>\n<td style=\"text-align: center;\">30,00 z\u0142<\/td>\n<td style=\"text-align: center;\">3 z\u0142<\/td>\n<td style=\"text-align: center;\">0,30 z\u0142<\/td>\n<\/tr>\n<tr>\n<td>HKD<\/td>\n<td style=\"text-align: center;\">50,00 $<\/td>\n<td style=\"text-align: center;\">5 $<\/td>\n<td style=\"text-align: center;\">0,50 $<\/td>\n<\/tr>\n<tr>\n<td>INR<\/td>\n<td style=\"text-align: center;\">500,00 \u20b9<\/td>\n<td style=\"text-align: center;\">50 \u20b9<\/td>\n<td style=\"text-align: center;\">5 \u20b9<\/td>\n<\/tr>\n<\/tbody>\n<\/table>\n<\/div>\n<p>Ora illustreremo i costi di trading legati all\u2019operazione di 1 lotto standard sulla coppia GBP\/USD con i conti Standard STP e Raw ECN di Vantage Markets, assumendo che 1 pip equivalga a 10 $. Lo spread su GBP\/USD parte da 1,31 pip per il conto Standard STP e da 0,21 pip per il conto Raw ECN, a cui va aggiunta la commissione. Supponiamo che l\u2019operazione venga aperta e chiusa allo stesso prezzo.<\/p>\n<hr style=\"height: 2px; border-width: 0; color: #dee2e6; background-color: #dee2e6; clear: both;\" \/>\n<p><strong>Conto Standard STP di Vantage:<\/strong><\/p>\n<p>Spread: 1,31<br \/>\nCosto totale: 1,31 x 10 $ = 13,10 $ per lato o 26,20 $ per operazione round-trip di 1 lotto<\/p>\n<hr style=\"height: 2px; border-width: 0; color: #dee2e6; background-color: #dee2e6; clear: both;\" \/>\n<p><strong>Conto Raw ECN di Vantage:<\/strong><\/p>\n<p>Spread: 0,21<br \/>\nCosto spread: 0,21 x 10 $ = 2,10 $ per lato<br \/>\nCommissione: 3,00 $ per lato<br \/>\nCosto totale: (2,10 $)\u00d72 + (3,00 $)\u00d72 = 4,20 $ + 6,00 $ = 10,20 $ per operazione round-trip di 1 lotto<\/p>\n<hr style=\"height: 2px; border-width: 0; color: #dee2e6; background-color: #dee2e6; clear: both;\" \/>\n<p>Ora che abbiamo confrontato i costi di trading complessivi dei conti Standard STP e Raw ECN di Vantage, possiamo concludere che il secondo offre condizioni pi\u00f9 competitive.<\/p>\n<p>Di seguito puoi consultare i costi di trading di alcune coppie valutarie popolari con il conto Standard STP di Vantage, che applica un modello senza commissioni. Nota che i costi per lotto standard e micro si riferiscono a un solo lato dell\u2019operazione.<\/p>\n<div class=\"table-responsive\">\n<table class=\"table table--colorful\">\n<thead>\n<tr>\n<th style=\"background-color: #fff;\" colspan=\"5\">Costi medi di spread con il conto Standard di Vantage<\/th>\n<\/tr>\n<tr>\n<th>Coppia valutaria<\/th>\n<th>Spread (in pip)<\/th>\n<th>Commissione per lato<\/th>\n<th>Costo per lotto micro<\/th>\n<th>Costo per lotto standard<\/th>\n<\/tr>\n<\/thead>\n<tbody>\n<tr>\n<td>EUR\/USD<\/td>\n<td style=\"text-align: center;\">1,23<\/td>\n<td style=\"text-align: center;\">0 $<\/td>\n<td style=\"text-align: center;\">0,123 $<\/td>\n<td style=\"text-align: center;\">12,30 $<\/td>\n<\/tr>\n<tr>\n<td>USD\/JPY<\/td>\n<td style=\"text-align: center;\">1,36<\/td>\n<td style=\"text-align: center;\">0 $<\/td>\n<td style=\"text-align: center;\">0,092 $<\/td>\n<td style=\"text-align: center;\">9,17 $<\/td>\n<\/tr>\n<tr>\n<td>EUR\/GBP<\/td>\n<td style=\"text-align: center;\">1,29<\/td>\n<td style=\"text-align: center;\">0 $<\/td>\n<td style=\"text-align: center;\">0,174 $<\/td>\n<td style=\"text-align: center;\">17,35 $<\/td>\n<\/tr>\n<tr>\n<td>GBP\/USD<\/td>\n<td style=\"text-align: center;\">1,31<\/td>\n<td style=\"text-align: center;\">0 $<\/td>\n<td style=\"text-align: center;\">0,131 $<\/td>\n<td style=\"text-align: center;\">13,10 $<\/td>\n<\/tr>\n<tr>\n<td>AUD\/USD<\/td>\n<td style=\"text-align: center;\">1,45<\/td>\n<td style=\"text-align: center;\">0 $<\/td>\n<td style=\"text-align: center;\">0,145 $<\/td>\n<td style=\"text-align: center;\">14,50 $<\/td>\n<\/tr>\n<tr>\n<td>USD\/CAD<\/td>\n<td style=\"text-align: center;\">1,17<\/td>\n<td style=\"text-align: center;\">0 $<\/td>\n<td style=\"text-align: center;\">0,085 $<\/td>\n<td style=\"text-align: center;\">8,47 $<\/td>\n<\/tr>\n<tr>\n<td>USD\/CHF<\/td>\n<td style=\"text-align: center;\">1,84<\/td>\n<td style=\"text-align: center;\">0 $<\/td>\n<td style=\"text-align: center;\">0,229 $<\/td>\n<td style=\"text-align: center;\">22,86 $<\/td>\n<\/tr>\n<tr>\n<td>USD\/CNH<\/td>\n<td style=\"text-align: center;\">3,75<\/td>\n<td style=\"text-align: center;\">0 $<\/td>\n<td style=\"text-align: center;\">0,053 $<\/td>\n<td style=\"text-align: center;\">5,25 $<\/td>\n<\/tr>\n<tr>\n<td>NZD\/USD<\/td>\n<td style=\"text-align: center;\">1,41<\/td>\n<td style=\"text-align: center;\">0 $<\/td>\n<td style=\"text-align: center;\">0,141 $<\/td>\n<td style=\"text-align: center;\">14,10 $<\/td>\n<\/tr>\n<\/tbody>\n<\/table>\n<\/div>\n<p style=\"text-align: center; font-size: 13px;\"><em>*Il costo di trading delle coppie valutarie \u00e8 espresso in USD<\/em><\/p>\n<p>Utilizzeremo le stesse coppie valutarie per illustrare i costi di trading associati al conto Raw ECN di Vantage, che offre spread pi\u00f9 stretti e un modello di prezzo basato su commissioni. I costi per lotto micro e standard si riferiscono a un solo lato dell\u2019operazione.<\/p>\n<div class=\"table-responsive\">\n<table class=\"table table--colorful\">\n<thead>\n<tr>\n<th style=\"background-color: #fff;\" colspan=\"5\">Costi medi di spread con il conto Raw di Vantage<\/th>\n<\/tr>\n<tr>\n<th>Coppia valutaria<\/th>\n<th>Spread (in pip)<\/th>\n<th>Commissione per lato<\/th>\n<th>Costo per lotto micro<\/th>\n<th>Costo per lotto standard<\/th>\n<\/tr>\n<\/thead>\n<tbody>\n<tr>\n<td>EUR\/USD<\/td>\n<td style=\"text-align: center;\">0,13<\/td>\n<td style=\"text-align: center;\">0,03 $\/3,00 $<\/td>\n<td style=\"text-align: center;\">0,043 $<\/td>\n<td style=\"text-align: center;\">4,30 $<\/td>\n<\/tr>\n<tr>\n<td>USD\/JPY<\/td>\n<td style=\"text-align: center;\">0,26<\/td>\n<td style=\"text-align: center;\">0,03 $\/3,00 $<\/td>\n<td style=\"text-align: center;\">0,048 $<\/td>\n<td style=\"text-align: center;\">4,75 $<\/td>\n<\/tr>\n<tr>\n<td>EUR\/GBP<\/td>\n<td style=\"text-align: center;\">0,19<\/td>\n<td style=\"text-align: center;\">0,03 $\/3,00 $<\/td>\n<td style=\"text-align: center;\">0,056 $<\/td>\n<td style=\"text-align: center;\">5,56 $<\/td>\n<\/tr>\n<tr>\n<td>GBP\/USD<\/td>\n<td style=\"text-align: center;\">0,21<\/td>\n<td style=\"text-align: center;\">0,03 $\/3,00 $<\/td>\n<td style=\"text-align: center;\">0,051 $<\/td>\n<td style=\"text-align: center;\">5,10 $<\/td>\n<\/tr>\n<tr>\n<td>AUD\/USD<\/td>\n<td style=\"text-align: center;\">0,35<\/td>\n<td style=\"text-align: center;\">0,03 $\/3,00 $<\/td>\n<td style=\"text-align: center;\">0,065 $<\/td>\n<td style=\"text-align: center;\">6,50 $<\/td>\n<\/tr>\n<tr>\n<td>USD\/CAD<\/td>\n<td style=\"text-align: center;\">0,07<\/td>\n<td style=\"text-align: center;\">0,03 $\/3,00 $<\/td>\n<td style=\"text-align: center;\">0,035 $<\/td>\n<td style=\"text-align: center;\">3,51 $<\/td>\n<\/tr>\n<tr>\n<td>USD\/CHF<\/td>\n<td style=\"text-align: center;\">0,74<\/td>\n<td style=\"text-align: center;\">0,03 $\/3,00 $<\/td>\n<td style=\"text-align: center;\">0,122 $<\/td>\n<td style=\"text-align: center;\">12,19 $<\/td>\n<\/tr>\n<tr>\n<td>USD\/CNH<\/td>\n<td style=\"text-align: center;\">2,65<\/td>\n<td style=\"text-align: center;\">0,03 $\/3,00 $<\/td>\n<td style=\"text-align: center;\">0,067 $<\/td>\n<td style=\"text-align: center;\">6,71 $<\/td>\n<\/tr>\n<tr>\n<td>NZD\/USD<\/td>\n<td style=\"text-align: center;\">0,31<\/td>\n<td style=\"text-align: center;\">0,03 $\/3,00 $<\/td>\n<td style=\"text-align: center;\">0,061 $<\/td>\n<td style=\"text-align: center;\">6,10 $<\/td>\n<\/tr>\n<\/tbody>\n<\/table>\n<\/div>\n<p style=\"text-align: center; font-size: 13px;\"><em>*Il costo di trading delle coppie valutarie \u00e8 espresso in USD<\/em><\/p>\n<p>Gli spread dei conti Pro ECN di Vantage sono gli stessi del conto Raw ECN, con il vantaggio aggiuntivo di una commissione inferiore di 1,50 $ per lato, ovvero 3 $ per operazione round-trip. Inoltre, il deposito minimo richiesto per questo tipo di conto parte da 10.000 $.<\/p>\n<h2 id=\"overnight\"><i class=\"ico ico--clock\"><\/i>Costi di finanziamento overnight di Vantage<\/h2>\n<p>Oltre a spread e commissioni, i trader devono conoscere i costi di finanziamento overnight del broker, noti anche come tassi swap o tassi di rollover, addebitati per mantenere le posizioni aperte durante la notte.<\/p>\n<p>Alla chiusura della giornata di trading i trader possono decidere se chiudere le posizioni o lasciarle aperte, con conseguente maturazione di interessi. A seconda dello strumento Forex e della direzione dell\u2019operazione, il broker accredita o addebita il tasso swap sul conto del trader. Quando si acquista una valuta con un tasso d\u2019interesse superiore a quello della valuta venduta, il conto riceve un accredito sotto forma di swap. Al contrario, se il tasso della valuta acquistata \u00e8 inferiore, lo swap comporter\u00e0 un addebito.<\/p>\n<p>I trader possono verificare i tassi swap della coppia Forex di loro interesse accedendo alla piattaforma prescelta e facendo clic con il tasto destro sul relativo strumento. Nella sezione &#8220;<span>Market Specification<\/span>&#8221; troveranno i tassi swap applicabili alla coppia, espressi in punti.<\/p>\n<p>La tabella seguente riporta i tassi swap di Vantage per alcune coppie Forex popolari. I trader devono tenere presente che tali tassi dipendono dalle condizioni di mercato e possono quindi variare.<\/p>\n<div class=\"table-responsive\">\n<table class=\"table table--colorful\">\n<thead>\n<tr>\n<th style=\"background-color: #fff;\" colspan=\"4\">Tassi swap su coppie Forex popolari (lotto standard)<\/th>\n<\/tr>\n<tr>\n<th>Simbolo<\/th>\n<th>Valuta di base<\/th>\n<th>Volume in lotti<\/th>\n<th>Swap long della coppia, in punti<\/th>\n<th>Swap short della coppia, in punti<\/th>\n<\/tr>\n<\/thead>\n<tbody>\n<tr>\n<td>EUR\/USD<\/td>\n<td style=\"text-align: center;\">USD<\/td>\n<td style=\"text-align: center;\">1<\/td>\n<td style=\"text-align: center;\">-5,03<\/td>\n<td style=\"text-align: center;\">2,03<\/td>\n<\/tr>\n<tr>\n<td>USD\/JPY<\/td>\n<td style=\"text-align: center;\">USD<\/td>\n<td style=\"text-align: center;\">1<\/td>\n<td style=\"text-align: center;\">7,72<\/td>\n<td style=\"text-align: center;\">-22,14<\/td>\n<\/tr>\n<tr>\n<td>EUR\/GBP<\/td>\n<td style=\"text-align: center;\">USD<\/td>\n<td style=\"text-align: center;\">1<\/td>\n<td style=\"text-align: center;\">-7,76<\/td>\n<td style=\"text-align: center;\">1,12<\/td>\n<\/tr>\n<tr>\n<td>GBP\/USD<\/td>\n<td style=\"text-align: center;\">USD<\/td>\n<td style=\"text-align: center;\">1<\/td>\n<td style=\"text-align: center;\">0,36<\/td>\n<td style=\"text-align: center;\">-2,29<\/td>\n<\/tr>\n<tr>\n<td>AUD\/USD<\/td>\n<td style=\"text-align: center;\">USD<\/td>\n<td style=\"text-align: center;\">1<\/td>\n<td style=\"text-align: center;\">-0,81<\/td>\n<td style=\"text-align: center;\">-18<\/td>\n<\/tr>\n<tr>\n<td>USD\/CAD<\/td>\n<td style=\"text-align: center;\">USD<\/td>\n<td style=\"text-align: center;\">1<\/td>\n<td style=\"text-align: center;\">1,45<\/td>\n<td style=\"text-align: center;\">-7,26<\/td>\n<\/tr>\n<tr>\n<td>USD\/CHF<\/td>\n<td style=\"text-align: center;\">USD<\/td>\n<td style=\"text-align: center;\">1<\/td>\n<td style=\"text-align: center;\">6,45<\/td>\n<td style=\"text-align: center;\">-14,21<\/td>\n<\/tr>\n<tr>\n<td>USD\/CNH<\/td>\n<td style=\"text-align: center;\">USD<\/td>\n<td style=\"text-align: center;\">1<\/td>\n<td style=\"text-align: center;\">-0,22<\/td>\n<td style=\"text-align: center;\">-51,37<\/td>\n<\/tr>\n<tr>\n<td>NZD\/USD<\/td>\n<td style=\"text-align: center;\">USD<\/td>\n<td style=\"text-align: center;\">1<\/td>\n<td style=\"text-align: center;\">-0,67<\/td>\n<td style=\"text-align: center;\">-1,44<\/td>\n<\/tr>\n<\/tbody>\n<\/table>\n<\/div>\n<h2 id=\"swap\"><i class=\"ico ico--islamic-account\"><\/i>Costi di trading swap-free su Vantage<\/h2>\n<p>Vantage offre conti Swap-Free che consentono ai trader musulmani di mantenere posizioni overnight senza costi aggiuntivi, ossia senza le commissioni swap descritte nella sezione precedente. I conti Swap-Free sono pensati per i trader che, per motivi religiosi, non possono pagare o ricevere swap.<\/p>\n<p>I conti del broker conformi alla Sharia presentano spread a partire da 0,0 pip, un deposito minimo di 50 $ e nessuna commissione di deposito. Il numero di strumenti per fare trading, tra Forex, materie prime, azioni e obbligazioni, supera le 1.000 unit\u00e0. Per quanto riguarda la dimensione minima, le operazioni possono partire da 0,01 lotti.<\/p>\n<p>Al posto della commissione swap, il broker applica una commissione di amministrazione per il mantenimento delle posizioni overnight, detratta dal saldo del trader. La commissione di amministrazione include i costi dei fornitori di liquidit\u00e0 di Vantage e un costo interno di elaborazione di circa il 10%.<\/p>\n<h2 id=\"other\"><i class=\"ico ico--administration-fees\"><\/i>Costi non di trading su Vantage<\/h2>\n<p>Vantage non applica commissioni su depositi e prelievi. I trader devono tuttavia tenere presente che alcune transazioni, effettuate tramite determinati fornitori di pagamento, possono comportare costi non dipendenti dal broker. Inoltre, per depositi e prelievi la societ\u00e0 applica una politica &#8220;return to source&#8221;, che richiede ai clienti di utilizzare lo stesso metodo sia per il versamento sia per il prelievo.<\/p>\n<p>Vantage non addebita alcun costo per l\u2019apertura di nessuno dei conti supportati. I trader devono comunque rispettare il requisito di deposito minimo del broker, che parte da 50 $. Vantage si distingue da molti altri broker perch\u00e9 non applica commissioni di inattivit\u00e0, un vantaggio per i trader che non operano con regolarit\u00e0.<\/p>\n<p>Grazie ai server privati virtuali (VPS) Forex, i trader possono evitare potenziali interruzioni dovute a problemi di connessione o a mancanze di corrente. Vantage mette a disposizione un comodo video tutorial che spiega come attivare un VPS Forex direttamente dal proprio account MT4. Per ottenere il VPS Forex gratuito, i clienti devono soddisfare alcuni requisiti indicati nella tabella seguente.<\/p>\n<div class=\"table-responsive\">\n<table class=\"table\">\n<thead>\n<tr>\n<th colspan=\"2\">Costi non di trading su Vantage<\/th>\n<\/tr>\n<\/thead>\n<tbody>\n<tr>\n<td>Commissioni di deposito<\/td>\n<td>Gratuito<\/p>\n<ul class=\"list-checks\">\n<li>I depositi tramite Skrill e Neteller sono soggetti a commissioni<\/li>\n<li>I bonifici bancari internazionali possono comportare costi addebitati dagli istituti finanziari<\/li>\n<\/ul>\n<\/td>\n<\/tr>\n<tr>\n<td>Commissioni di prelievo<\/td>\n<td>Gratuito<\/p>\n<ul class=\"list-checks\">\n<li>Il broker non applica commissioni; tuttavia potrebbero essere previsti addebiti da parte di banche o intermediari finanziari<\/li>\n<\/ul>\n<\/td>\n<\/tr>\n<tr>\n<td>Costo di apertura del conto<\/td>\n<td>Gratuito<\/td>\n<\/tr>\n<tr>\n<td>Commissione di inattivit\u00e0<\/td>\n<td>Gratuita<\/td>\n<\/tr>\n<tr>\n<td>Forex VPS<\/td>\n<td>Fornito gratuitamente alle seguenti condizioni:<\/p>\n<ul class=\"list-checks\">\n<li>Deposito richiesto &#8211; 1.000 $<\/li>\n<li>Seleziona un fornitore VPS (NYCServers &#8211; fornitore VPS Forex preferito da Vantage) e attiva il conto<\/li>\n<li>Valore nozionale minimo mensile delle operazioni &#8211; 0,5 milioni USD \/ 1 milione USD su operazioni chiuse<\/li>\n<li>Rimborso della fattura VPS fino a 25 $\/50 $ direttamente sul conto di trading<\/li>\n<li>Limite di un VPS per cliente<\/li>\n<\/ul>\n<\/td>\n<\/tr>\n<\/tbody>\n<\/table>\n<\/div>\n<h2 id=\"conclusion\"><i class=\"ico ico--pen\"><\/i>Considerazioni finali sulle commissioni di Vantage<\/h2>\n<p>Dato che le commissioni di trading e non di trading possono incidere in modo significativo sulla performance, \u00e8 fondamentale scegliere un broker che offra prezzi competitivi. In questo senso, Vantage, broker Forex e CFD, si comporta in maniera eccellente. A prescindere che tu preferisca il conto Standard STP basato sugli spread o il conto Raw ECN basato sulle commissioni, potrai usufruire di condizioni di trading ottimali e di una tariffazione trasparente. Sono inoltre disponibili conti professionali e swap-free per i clienti idonei. In generale, queste opzioni consentono ai trader di ogni livello di esperienza di scegliere quella pi\u00f9 in linea con le proprie preferenze e con il proprio stile operativo.<\/p>\n","protected":false},"excerpt":{"rendered":"<p>Fondato nel 2009, Vantage \u00e8 un broker di CFD di livello mondiale con oltre 5 milioni di utenti registrati e un portafoglio di pi\u00f9 di 1.000 strumenti finanziari. Fare trading con questo marchio offre numerosi vantaggi, tra cui spread competitivi, strumenti e funzionalit\u00e0 di trading avanzati, esecuzione rapida e risorse didattiche gratuite. Inoltre, la struttura [&hellip;]<\/p>\n","protected":false},"author":2,"featured_media":0,"parent":6247,"menu_order":0,"comment_status":"closed","ping_status":"closed","template":"templates\/review.php","meta":{"footnotes":""},"class_list":["post-59695","page","type-page","status-publish","hentry"],"aioseo_notices":[],"_links":{"self":[{"href":"https:\/\/www.bestbrokers.com\/it\/wp-json\/wp\/v2\/pages\/59695","targetHints":{"allow":["GET"]}}],"collection":[{"href":"https:\/\/www.bestbrokers.com\/it\/wp-json\/wp\/v2\/pages"}],"about":[{"href":"https:\/\/www.bestbrokers.com\/it\/wp-json\/wp\/v2\/types\/page"}],"author":[{"embeddable":true,"href":"https:\/\/www.bestbrokers.com\/it\/wp-json\/wp\/v2\/users\/2"}],"replies":[{"embeddable":true,"href":"https:\/\/www.bestbrokers.com\/it\/wp-json\/wp\/v2\/comments?post=59695"}],"version-history":[{"count":9,"href":"https:\/\/www.bestbrokers.com\/it\/wp-json\/wp\/v2\/pages\/59695\/revisions"}],"predecessor-version":[{"id":82623,"href":"https:\/\/www.bestbrokers.com\/it\/wp-json\/wp\/v2\/pages\/59695\/revisions\/82623"}],"up":[{"embeddable":true,"href":"https:\/\/www.bestbrokers.com\/it\/wp-json\/wp\/v2\/pages\/6247"}],"wp:attachment":[{"href":"https:\/\/www.bestbrokers.com\/it\/wp-json\/wp\/v2\/media?parent=59695"}],"curies":[{"name":"wp","href":"https:\/\/api.w.org\/{rel}","templated":true}]}}