{"id":59696,"date":"2025-03-19T09:39:45","date_gmt":"2025-03-19T09:39:45","guid":{"rendered":"https:\/\/www.bestbrokers.com\/?page_id=59696"},"modified":"2025-10-21T13:35:52","modified_gmt":"2025-10-21T13:35:52","slug":"spreads-fees-and-commissions","status":"publish","type":"page","link":"https:\/\/www.bestbrokers.com\/it\/reviews\/xm\/spreads-fees-and-commissions\/","title":{"rendered":"Spread, costi e commissioni di XM"},"content":{"rendered":"<div class=\"author-line\">Scritto da <span class=\"author\">Naylyan Nazifova<div class=\"author-sub-box\"><div class=\"author-avatar\"><img decoding=\"async\" src=\"https:\/\/www.bestbrokers.com\/wp-content\/uploads\/2026\/04\/nnazifova.webp\" \/><\/div><div class=\"author-info-wrapper\"><div class=\"author-name\"><a href=\"https:\/\/www.bestbrokers.com\/it\/authors\/naylyan-nazifova\/\">Naylyan Nazifova<\/a><\/div><div class=\"author-bio\">Naylyan Nazifova \u00e8 un\u2019esperta riconosciuta nel campo del trading online. Ha molte pubblicazioni e analisi che coprono il trading forex, gli investimenti azionari e la finanza personale.<\/div><\/div><\/div><\/span>,  <a rel=\"nofollow\" target=\"_blank\" href=\"https:\/\/www.linkedin.com\/in\/naylian-nazifova-58562a272\/\"><img decoding=\"async\" class=\"social-icon\" src=\"https:\/\/www.bestbrokers.com\/wp-content\/themes\/best-brokers\/assets\/images\/icon-linkedin.svg\" width=\"22\" height=\"22\" data-no-lazy=\"1\"><\/a> <span class=\"sep\">|<\/span> Tradotto da <span class=\"author\">Luca Mele<div class=\"author-sub-box\"><div class=\"author-avatar\"><img decoding=\"async\" src=\"https:\/\/www.bestbrokers.com\/wp-content\/uploads\/2024\/09\/luca-mele.jpeg\" \/><\/div><div class=\"author-info-wrapper\"><div class=\"author-name\"><a href=\"https:\/\/www.bestbrokers.com\/it\/authors\/luca-mele\/\">Luca Mele<\/a><\/div><div class=\"author-bio\">Luca Mele \u00e8 un traduttore professionista specializzato in vari argomenti, tra cui investimenti e trading con diversi strumenti come forex, azioni, criptovalute e materie prime.<\/div><\/div><\/div><\/span>, <a rel=\"nofollow\" target=\"_blank\" href=\"https:\/\/www.linkedin.com\/in\/luca-mele\/?locale=it_IT\"><img decoding=\"async\" class=\"social-icon\" src=\"https:\/\/www.bestbrokers.com\/wp-content\/themes\/best-brokers\/assets\/images\/icon-linkedin.svg\" width=\"22\" height=\"22\" data-no-lazy=\"1\"><\/a> <span class=\"sep\">|<\/span> Aggiornato: <time class=\"entry-date\" datetime=\"2025-10-21T13:35:52+00:00\">Ottobre 21, 2025<\/time><\/div>\n<p>Per comprendere appieno l\u2019esperienza di trading complessiva su XM, consigliamo di prestare particolare attenzione ai costi di trading, perch\u00e9 tali costi aiutano a stabilire se il broker sia la scelta giusta per te. Spread, commissioni e altri oneri sono abbastanza rilevanti da consentire una valutazione adeguata del proprio budget di trading; per questo il nostro team di esperti ha analizzato tutti i <strong>supplementi legati al trading con XM<\/strong>.<\/p>\n<p>A causa di differenti restrizioni normative e offerte specifiche per certe aree geografiche, i <strong>tipi di conto XM possono variare a seconda dell\u2019entit\u00e0<\/strong> del broker. Detto ci\u00f2, abbiamo testato tutte le opzioni di conto disponibili per i trader, analizzandone i relativi costi di trading. Continua a leggere per una panoramica dei modelli di prezzo di XM e del loro impatto su ciascun tipo di conto.<\/p>\n<h2 id=\"costs\"><i class=\"ico ico--money-supply\"><\/i>Costi di trading su XM<\/h2>\n<p>Su XM i trader possono scegliere tra diversi tipi di conto adatti al proprio stile di trading. Le entit\u00e0 europee e australiane del broker offrono due principali tipologie di conto: Ultra Low e Zero. L\u2019entit\u00e0 regolamentata dalla FSC aggiunge anche il conto Standard alle opzioni disponibili per i clienti XM. Inoltre, i principianti che desiderano operare con dimensioni di posizione pi\u00f9 contenute possono aprire conti Standard Micro e Ultra Low Micro, che consentono operazioni con una <strong>dimensione minima del contratto pari a 0,01 lotti<\/strong>.<\/p>\n<p>Confrontando i conti Standard, Ultra Low e Zero di XM, si nota che la prima opzione presenta spread pi\u00f9 ampi, mentre i conti <strong>Ultra Low e Zero riducono il costo di trading grazie a spread pi\u00f9 stretti<\/strong>. In effetti, sul conto Zero gli spread partono da 0,0 pip su un\u2019ampia gamma di coppie Forex. Sebbene i conti Standard e Ultra Low non prevedano commissioni, il conto Zero applica una piccola commissione di 3,50 $, che viene addebitata su ciascun lato di un\u2019operazione da un lotto standard.<\/p>\n<div class=\"table-responsive\">\n<table class=\"table table--colorful\">\n<thead>\n<tr>\n<th style=\"background-color: #fff;\" colspan=\"4\">Commissioni round-turn di XM in base al tipo di conto<\/th>\n<\/tr>\n<tr>\n<th>Tipo di conto<\/th>\n<th>Per lotto standard<\/th>\n<th>Per lotto mini<\/th>\n<th>Per lotto micro<\/th>\n<\/tr>\n<\/thead>\n<tbody>\n<tr>\n<td>Conti Micro<\/td>\n<td style=\"text-align: center;\">0 $<\/td>\n<td style=\"text-align: center;\">0 $<\/td>\n<td style=\"text-align: center;\">0 $<\/td>\n<\/tr>\n<tr>\n<td>Conto Standard<\/td>\n<td style=\"text-align: center;\">0 $<\/td>\n<td style=\"text-align: center;\">0 $<\/td>\n<td style=\"text-align: center;\">0 $<\/td>\n<\/tr>\n<tr>\n<td>Conto Ultra Low<\/td>\n<td style=\"text-align: center;\">0 $<\/td>\n<td style=\"text-align: center;\">0 $<\/td>\n<td style=\"text-align: center;\">0 $<\/td>\n<\/tr>\n<tr>\n<td>Conto Zero<\/td>\n<td style=\"text-align: center;\">7 $<\/td>\n<td style=\"text-align: center;\">0,7 $<\/td>\n<td style=\"text-align: center;\">0,07 $<\/td>\n<\/tr>\n<\/tbody>\n<\/table>\n<\/div>\n<p>Sebbene il trading con i conti Standard o Ultra Low di XM non comporti commissioni, i <strong>spread pi\u00f9 stretti del conto Zero<\/strong> sono sufficientemente bassi da ridurre in modo significativo il costo complessivo delle operazioni, anche tenendo conto della commissione. Per mostrare la differenza nel prezzo complessivo tra i vari conti, confronteremo un\u2019operazione da un lotto su EUR\/USD con i tre tipi di conto di XM.<\/p>\n<p>Nel nostro esempio supporremo che l\u2019operazione si apra e si chiuda allo stesso prezzo e che venga scambiato un lotto (100.000 unit\u00e0), con un movimento di un pip pari a 10 $. Al momento della stesura di questa recensione, lo spread medio sulla coppia EUR\/USD \u00e8 pari a 2 pip, 1,1 pip e 0,2 pip rispettivamente sui conti Standard, Ultra Low e Zero.<\/p>\n<p>In tal caso, l\u2019operazione sulla coppia si presenterebbe cos\u00ec:<\/p>\n<hr style=\"height: 2px; border-width: 0; color: #dee2e6; background-color: #dee2e6; clear: both;\" \/>\n<p><strong>Conto Standard:<\/strong><\/p>\n<p>Spread: 2 pip<br \/>\nCommissione per lato: 0 $<br \/>\nCosto totale: 2 \u00d7 10 $ = 20 $ per lato e 40 $ per un\u2019operazione round-turn<\/p>\n<hr style=\"height: 2px; border-width: 0; color: #dee2e6; background-color: #dee2e6; clear: both;\" \/>\n<p><strong>Conto Ultra Low:<\/strong><\/p>\n<p>Spread: 1,1 pip<br \/>\nCommissione per lato: 0 $<br \/>\nCosto totale: 1,1 \u00d7 10 $ = 11 $ per lato e 22 $ per un\u2019operazione round-turn<\/p>\n<hr style=\"height: 2px; border-width: 0; color: #dee2e6; background-color: #dee2e6; clear: both;\" \/>\n<p><strong>Conto Zero:<\/strong><\/p>\n<p>Spread: 0,2 pip<br \/>\nCosto spread: 0,2 \u00d7 10 $ = 2 $<br \/>\nCommissione per lato: 3,50 $<br \/>\nCosto totale: (2 $ \u00d7 2) + (3,50 $ \u00d7 2) = 4 $ + 7 $ = 11 $ per un\u2019operazione round-turn<\/p>\n<hr style=\"height: 2px; border-width: 0; color: #dee2e6; background-color: #dee2e6; clear: both;\" \/>\n<p>Come si pu\u00f2 notare, il conto Zero offre il costo di trading pi\u00f9 basso anche applicando una commissione su entrambi i lati dell\u2019operazione.<\/p>\n<p>Di seguito riportiamo i valori minimi di spread sui tre tipi di conto che XM mette a disposizione dei clienti. In questo modo \u00e8 possibile stimare il costo finale per lotto di trading sulle coppie Forex pi\u00f9 popolari. Ricorda che il costo medio di trading per ciascuna coppia pu\u00f2 essere leggermente superiore, perch\u00e9 XM offre spread variabili che possono risultare pi\u00f9 ampi dei valori minimi indicati.<\/p>\n<div class=\"table-responsive\">\n<table class=\"table table--colorful\">\n<thead>\n<tr>\n<th style=\"background-color: #fff;\" colspan=\"5\">Costo minimo dello spread con i conti Standard<\/th>\n<\/tr>\n<tr>\n<th>Coppia valutaria<\/th>\n<th>Spread a partire da (in pip)<\/th>\n<th>Commissione per lato<\/th>\n<th>Costo per lotto micro<\/th>\n<th>Costo per lotto standard<\/th>\n<\/tr>\n<\/thead>\n<tbody>\n<tr>\n<td>EUR\/USD<\/td>\n<td style=\"text-align: center;\">1,6<\/td>\n<td style=\"text-align: center;\">0 $<\/td>\n<td style=\"text-align: center;\">0,16 $<\/td>\n<td style=\"text-align: center;\">16,00 $<\/td>\n<\/tr>\n<tr>\n<td>USD\/JPY<\/td>\n<td style=\"text-align: center;\">2,0<\/td>\n<td style=\"text-align: center;\">0 $<\/td>\n<td style=\"text-align: center;\">0,1357 $<\/td>\n<td style=\"text-align: center;\">13,57 $<\/td>\n<\/tr>\n<tr>\n<td>EUR\/GBP<\/td>\n<td style=\"text-align: center;\">1,8<\/td>\n<td style=\"text-align: center;\">0 $<\/td>\n<td style=\"text-align: center;\">0,2424 $<\/td>\n<td style=\"text-align: center;\">24,24 $<\/td>\n<\/tr>\n<tr>\n<td>GBP\/USD<\/td>\n<td style=\"text-align: center;\">1,8<\/td>\n<td style=\"text-align: center;\">0 $<\/td>\n<td style=\"text-align: center;\">0,18 $<\/td>\n<td style=\"text-align: center;\">18,00 $<\/td>\n<\/tr>\n<tr>\n<td>AUD\/USD<\/td>\n<td style=\"text-align: center;\">2,3<\/td>\n<td style=\"text-align: center;\">0 $<\/td>\n<td style=\"text-align: center;\">0,23 $<\/td>\n<td style=\"text-align: center;\">23,00 $<\/td>\n<\/tr>\n<tr>\n<td>USD\/CAD<\/td>\n<td style=\"text-align: center;\">2,3<\/td>\n<td style=\"text-align: center;\">0 $<\/td>\n<td style=\"text-align: center;\">0,1679 $<\/td>\n<td style=\"text-align: center;\">16,79 $<\/td>\n<\/tr>\n<tr>\n<td>USD\/CHF<\/td>\n<td style=\"text-align: center;\">1,9<\/td>\n<td style=\"text-align: center;\">0 $<\/td>\n<td style=\"text-align: center;\">0,2383 $<\/td>\n<td style=\"text-align: center;\">23,83 $<\/td>\n<\/tr>\n<tr>\n<td>USD\/CNH<\/td>\n<td style=\"text-align: center;\">3,6<\/td>\n<td style=\"text-align: center;\">0 $<\/td>\n<td style=\"text-align: center;\">0,0502 $<\/td>\n<td style=\"text-align: center;\">5,02 $<\/td>\n<\/tr>\n<tr>\n<td>NZD\/USD<\/td>\n<td style=\"text-align: center;\">2,8<\/td>\n<td style=\"text-align: center;\">0 $<\/td>\n<td style=\"text-align: center;\">0,28 $<\/td>\n<td style=\"text-align: center;\">28,00 $<\/td>\n<\/tr>\n<\/tbody>\n<\/table>\n<\/div>\n<p style=\"text-align: center; font-size: 13px;\"><em>*Tutti i costi di trading delle coppie sono espressi in USD<\/em><\/p>\n<div class=\"table-responsive\">\n<table class=\"table table--colorful\">\n<thead>\n<tr>\n<th style=\"background-color: #fff;\" colspan=\"5\">Costo minimo dello spread con i conti Ultra Low Standard<\/th>\n<\/tr>\n<tr>\n<th>Coppia valutaria<\/th>\n<th>Spread a partire da (in pip)<\/th>\n<th>Commissione per lato<\/th>\n<th>Costo per lotto micro<\/th>\n<th>Costo per lotto standard<\/th>\n<\/tr>\n<\/thead>\n<tbody>\n<tr>\n<td>EUR\/USD<\/td>\n<td style=\"text-align: center;\">0,8<\/td>\n<td style=\"text-align: center;\">0 $<\/td>\n<td style=\"text-align: center;\">0,08 $<\/td>\n<td style=\"text-align: center;\">8,00 $<\/td>\n<\/tr>\n<tr>\n<td>USD\/JPY<\/td>\n<td style=\"text-align: center;\">0,8<\/td>\n<td style=\"text-align: center;\">0 $<\/td>\n<td style=\"text-align: center;\">0,0543 $<\/td>\n<td style=\"text-align: center;\">5,43 $<\/td>\n<\/tr>\n<tr>\n<td>EUR\/GBP<\/td>\n<td style=\"text-align: center;\">1,7<\/td>\n<td style=\"text-align: center;\">0 $<\/td>\n<td style=\"text-align: center;\">0,2289 $<\/td>\n<td style=\"text-align: center;\">22,89 $<\/td>\n<\/tr>\n<tr>\n<td>GBP\/USD<\/td>\n<td style=\"text-align: center;\">0,8<\/td>\n<td style=\"text-align: center;\">0 $<\/td>\n<td style=\"text-align: center;\">0,08 $<\/td>\n<td style=\"text-align: center;\">8,00 $<\/td>\n<\/tr>\n<tr>\n<td>AUD\/USD<\/td>\n<td style=\"text-align: center;\">1,3<\/td>\n<td style=\"text-align: center;\">0 $<\/td>\n<td style=\"text-align: center;\">0,13 $<\/td>\n<td style=\"text-align: center;\">13,00 $<\/td>\n<\/tr>\n<tr>\n<td>USD\/CAD<\/td>\n<td style=\"text-align: center;\">1,9<\/td>\n<td style=\"text-align: center;\">0 $<\/td>\n<td style=\"text-align: center;\">0,1387 $<\/td>\n<td style=\"text-align: center;\">13,87 $<\/td>\n<\/tr>\n<tr>\n<td>USD\/CHF<\/td>\n<td style=\"text-align: center;\">1,1<\/td>\n<td style=\"text-align: center;\">0 $<\/td>\n<td style=\"text-align: center;\">0,1380 $<\/td>\n<td style=\"text-align: center;\">13,80 $<\/td>\n<\/tr>\n<tr>\n<td>USD\/CNH<\/td>\n<td style=\"text-align: center;\">3,1<\/td>\n<td style=\"text-align: center;\">0 $<\/td>\n<td style=\"text-align: center;\">0,0432 $<\/td>\n<td style=\"text-align: center;\">4,32 $<\/td>\n<\/tr>\n<tr>\n<td>NZD\/USD<\/td>\n<td style=\"text-align: center;\">2,0<\/td>\n<td style=\"text-align: center;\">0 $<\/td>\n<td style=\"text-align: center;\">0,20 $<\/td>\n<td style=\"text-align: center;\">20,00 $<\/td>\n<\/tr>\n<\/tbody>\n<\/table>\n<\/div>\n<p style=\"text-align: center; font-size: 13px;\"><em>*Tutti i costi di trading delle coppie sono espressi in USD<\/em><\/p>\n<div class=\"table-responsive\">\n<table class=\"table table--colorful\">\n<thead>\n<tr>\n<th style=\"background-color: #fff;\" colspan=\"5\">Costo minimo dello spread con i conti Zero<\/th>\n<\/tr>\n<tr>\n<th>Coppia valutaria<\/th>\n<th>Spread a partire da (in pip)<\/th>\n<th>Commissione per lato<\/th>\n<th>Costo per lotto micro<\/th>\n<th>Costo per lotto standard<\/th>\n<\/tr>\n<\/thead>\n<tbody>\n<tr>\n<td>EUR\/USD<\/td>\n<td style=\"text-align: center;\">0,0<\/td>\n<td style=\"text-align: center;\">3,50 $\/0,035 $<\/td>\n<td style=\"text-align: center;\">0,035 $<\/td>\n<td style=\"text-align: center;\">3,50 $<\/td>\n<\/tr>\n<tr>\n<td>USD\/JPY<\/td>\n<td style=\"text-align: center;\">0,0<\/td>\n<td style=\"text-align: center;\">3,50 $\/0,035 $<\/td>\n<td style=\"text-align: center;\">0,035 $<\/td>\n<td style=\"text-align: center;\">3,50 $<\/td>\n<\/tr>\n<tr>\n<td>EUR\/GBP<\/td>\n<td style=\"text-align: center;\">0,0<\/td>\n<td style=\"text-align: center;\">3,50 $\/0,035 $<\/td>\n<td style=\"text-align: center;\">0,035 $<\/td>\n<td style=\"text-align: center;\">3,50 $<\/td>\n<\/tr>\n<tr>\n<td>GBP\/USD<\/td>\n<td style=\"text-align: center;\">0,0<\/td>\n<td style=\"text-align: center;\">3,50 $\/0,035 $<\/td>\n<td style=\"text-align: center;\">0,035 $<\/td>\n<td style=\"text-align: center;\">3,50 $<\/td>\n<\/tr>\n<tr>\n<td>AUD\/USD<\/td>\n<td style=\"text-align: center;\">0,0<\/td>\n<td style=\"text-align: center;\">3,50 $\/0,035 $<\/td>\n<td style=\"text-align: center;\">0,035 $<\/td>\n<td style=\"text-align: center;\">3,50 $<\/td>\n<\/tr>\n<tr>\n<td>USD\/CAD<\/td>\n<td style=\"text-align: center;\">0,0<\/td>\n<td style=\"text-align: center;\">3,50 $\/0,035 $<\/td>\n<td style=\"text-align: center;\">0,035 $<\/td>\n<td style=\"text-align: center;\">3,50 $<\/td>\n<\/tr>\n<tr>\n<td>USD\/CHF<\/td>\n<td style=\"text-align: center;\">0,0<\/td>\n<td style=\"text-align: center;\">3,50 $\/0,035 $<\/td>\n<td style=\"text-align: center;\">0,035 $<\/td>\n<td style=\"text-align: center;\">3,50 $<\/td>\n<\/tr>\n<tr>\n<td>USD\/CNH<\/td>\n<td style=\"text-align: center;\">0,0<\/td>\n<td style=\"text-align: center;\">3,50 $\/0,035 $<\/td>\n<td style=\"text-align: center;\">0,035 $<\/td>\n<td style=\"text-align: center;\">3,50 $<\/td>\n<\/tr>\n<tr>\n<td>NZD\/USD<\/td>\n<td style=\"text-align: center;\">0,0<\/td>\n<td style=\"text-align: center;\">3,50 $\/0,035 $<\/td>\n<td style=\"text-align: center;\">0,035 $<\/td>\n<td style=\"text-align: center;\">3,50 $<\/td>\n<\/tr>\n<\/tbody>\n<\/table>\n<\/div>\n<p style=\"text-align: center; font-size: 13px;\"><em>*Tutti i costi di trading delle coppie sono espressi in USD<\/em><\/p>\n<h2 id=\"overnight\"><i class=\"ico ico--clock\"><\/i>Costi di finanziamento overnight su XM<\/h2>\n<p>Sebbene il trading intraday sia una strategia popolare che pu\u00f2 essere facilmente adottata con qualsiasi tipo di conto offerto da XM, i trader possono anche mantenere le proprie posizioni aperte durante la notte e ricevere o pagare interessi a seconda dell\u2019andamento del mercato. Il cosiddetto interesse \u00e8 noto anche come swap: i trader possono ricevere o pagare swap in base alla differenza tra le valute trattate.<\/p>\n<p>Per le operazioni su Forex e metalli, XM calcola i tassi swap in base al <strong>tasso tom-next pi\u00f9 un piccolo mark-up<\/strong>. I tassi tom-next possono essere negativi o positivi, a seconda del differenziale dei tassi di interesse tra le valute della coppia.<\/p>\n<p>Pur disponendo di uno strumento di calcolo che consente di visualizzare i tassi swap correnti applicabili a vari strumenti, vale la pena ricordare che XM applica la seguente formula per calcolare gli swap su Forex e metalli:<\/p>\n<blockquote><p>Dimensione dell\u2019operazione \u00d7 (+\/- tasso tom-next + mark-up)<\/p><\/blockquote>\n<div class=\"table-responsive\">\n<table class=\"table table--colorful\">\n<thead>\n<tr>\n<th style=\"background-color: #fff;\" colspan=\"4\">Tassi swap sulle principali coppie Forex (lotto standard)<\/th>\n<\/tr>\n<tr>\n<th>Simbolo<\/th>\n<th>Valuta di base<\/th>\n<th>Volume in lotti<\/th>\n<th>Swap long<\/th>\n<th>Swap short<\/th>\n<\/tr>\n<\/thead>\n<tbody>\n<tr>\n<td>EUR\/USD<\/td>\n<td style=\"text-align: center;\">USD<\/td>\n<td style=\"text-align: center;\">1<\/td>\n<td style=\"text-align: center;\">-6,84<\/td>\n<td style=\"text-align: center;\">1,06<\/td>\n<\/tr>\n<tr>\n<td>USD\/JPY<\/td>\n<td style=\"text-align: center;\">USD<\/td>\n<td style=\"text-align: center;\">1<\/td>\n<td style=\"text-align: center;\">4,31<\/td>\n<td style=\"text-align: center;\">-21,91<\/td>\n<\/tr>\n<tr>\n<td>EUR\/GBP<\/td>\n<td style=\"text-align: center;\">USD<\/td>\n<td style=\"text-align: center;\">1<\/td>\n<td style=\"text-align: center;\">-7,98<\/td>\n<td style=\"text-align: center;\">2,24<\/td>\n<\/tr>\n<tr>\n<td>GBP\/USD<\/td>\n<td style=\"text-align: center;\">USD<\/td>\n<td style=\"text-align: center;\">1<\/td>\n<td style=\"text-align: center;\">-1,99<\/td>\n<td style=\"text-align: center;\">-4,79<\/td>\n<\/tr>\n<tr>\n<td>AUD\/USD<\/td>\n<td style=\"text-align: center;\">USD<\/td>\n<td style=\"text-align: center;\">1<\/td>\n<td style=\"text-align: center;\">-1,98<\/td>\n<td style=\"text-align: center;\">-1,48<\/td>\n<\/tr>\n<tr>\n<td>USD\/CAD<\/td>\n<td style=\"text-align: center;\">USD<\/td>\n<td style=\"text-align: center;\">1<\/td>\n<td style=\"text-align: center;\">0,43<\/td>\n<td style=\"text-align: center;\">-7,32<\/td>\n<\/tr>\n<tr>\n<td>USD\/CHF<\/td>\n<td style=\"text-align: center;\">USD<\/td>\n<td style=\"text-align: center;\">1<\/td>\n<td style=\"text-align: center;\">5,01<\/td>\n<td style=\"text-align: center;\">-17,07<\/td>\n<\/tr>\n<tr>\n<td>USD\/CNH<\/td>\n<td style=\"text-align: center;\">USD<\/td>\n<td style=\"text-align: center;\">1<\/td>\n<td style=\"text-align: center;\">-14,47<\/td>\n<td style=\"text-align: center;\">-28,19<\/td>\n<\/tr>\n<tr>\n<td>NZD\/USD<\/td>\n<td style=\"text-align: center;\">USD<\/td>\n<td style=\"text-align: center;\">1<\/td>\n<td style=\"text-align: center;\">-2,44<\/td>\n<td style=\"text-align: center;\">-1,84<\/td>\n<\/tr>\n<\/tbody>\n<\/table>\n<\/div>\n<h2 id=\"swap\"><i class=\"ico ico--islamic-account\"><\/i>Costi di trading senza swap su XM<\/h2>\n<p>Dato che XM supporta l&#8217;inclusivit\u00e0, il broker offre ai trader musulmani la possibilit\u00e0 di aprire un conto islamico che elimina qualsiasi addebito di swap. Ci\u00f2 significa che le <strong>posizioni lasciate aperte durante la notte non genereranno interessi<\/strong>; di conseguenza, i conti islamici non pagheranno commissioni di finanziamento overnight n\u00e9 riceveranno swap sulle loro posizioni notturne.<\/p>\n<p>Il broker non menziona alcuna commissione amministrativa per il mantenimento di posizioni overnight per pi\u00f9 notti con un conto islamico. Nonostante ci\u00f2, secondo i termini e le condizioni di XM, se il broker ritiene che i trader stiano abusando dei vantaggi di un conto islamico, XM si riserva il diritto di revocare lo status senza swap di tali conti e iniziare ad addebitare tassi swap sulle posizioni overnight.<\/p>\n<h2 id=\"other\"><i class=\"ico ico--administration-fees\"><\/i>Costi non di trading su XM<\/h2>\n<p>Oltre ai costi di trading su XM, occorre considerare anche altre spese che possono applicarsi al proprio conto presso il broker. \u00c8 possibile <strong>creare un conto demo e uno live gratuitamente<\/strong>, ottenendo l\u2019accesso all\u2019intera gamma di strumenti per fare trading e alle piattaforme di trading. Quando sei pronto a fare trading con denaro reale, potrai effettuare un deposito scegliendo tra diverse opzioni comode, senza alcuna commissione. Anche i prelievi sono gratuiti, consentendo ai trader di gestire tutti i pagamenti da e verso XM senza costi aggiuntivi.<\/p>\n<p>Se il tuo conto dovesse rimanere <strong>inattivo per pi\u00f9 di 90 giorni<\/strong>, ti sar\u00e0 addebitata una <strong>commissione di inattivit\u00e0 di 15 $<\/strong>. Se l\u2019inattivit\u00e0 persiste, verranno applicati addebiti di 10 $ al mese. Se il saldo dovesse raggiungere 0 $ mentre il conto \u00e8 dormiente, il broker potrebbe chiuderlo.<\/p>\n<p>Per i trader che desiderano migliorare la propria esperienza tramite un servizio VPS, XM offre un VPS MT4, accessibile a chi abbia sottoscritto un <strong>abbonamento a pagamento di 28 $ al mese<\/strong>. In alternativa, i trader che mantengono un saldo minimo di 5.000 $ in tutti i propri conti presso il broker e che effettuano almeno 5 operazioni round-turn da un lotto standard al mese possono usufruire gratuitamente del servizio VPS MT4.<\/p>\n<div class=\"table-responsive\">\n<table class=\"table\">\n<thead>\n<tr>\n<th colspan=\"2\">Costi non di trading di XM<\/th>\n<\/tr>\n<\/thead>\n<tbody>\n<tr>\n<td>Commissioni di deposito<\/td>\n<td>Gratuite<\/td>\n<\/tr>\n<tr>\n<td>Commissioni di prelievo<\/td>\n<td>Gratuite<\/td>\n<\/tr>\n<tr>\n<td>Commissione di apertura conto<\/td>\n<td>Gratuita<\/td>\n<\/tr>\n<tr>\n<td>Commissione di inattivit\u00e0<\/td>\n<td>15 $ dopo 90 giorni di inattivit\u00e0 e poi 10 $ al mese<\/td>\n<\/tr>\n<tr>\n<td>Abbonamento VPS<\/td>\n<td>28 $ al mese<\/td>\n<\/tr>\n<\/tbody>\n<\/table>\n<\/div>\n<h2 id=\"conclusion\"><i class=\"ico ico--pen\"><\/i>Considerazioni finali sulle commissioni di XM<\/h2>\n<p>Il costo complessivo di trading su XM \u00e8 pi\u00f9 che accessibile, perch\u00e9 i trader possono scegliere tra vari tipi di conto che eliminano la commissione o riducono il prezzo di trading grazie a spread pi\u00f9 stretti. Inoltre, <strong>il broker non applica commissioni su depositi e prelievi<\/strong>, permettendo di gestire i fondi in modo conveniente. Va tuttavia ricordato che, dopo tre mesi di inattivit\u00e0, sul conto verr\u00e0 applicata una commissione di inattivit\u00e0, quindi \u00e8 consigliabile controllare regolarmente i propri conti XM. Sebbene l\u2019hosting VPS sia disponibile mediante abbonamento al costo di 28 $ al mese, <strong>i trader con volumi elevati possono beneficiare gratuitamente del servizio VPS MT4<\/strong>.<\/p>\n","protected":false},"excerpt":{"rendered":"<p>Per comprendere appieno l\u2019esperienza di trading complessiva su XM, consigliamo di prestare particolare attenzione ai costi di trading, perch\u00e9 tali costi aiutano a stabilire se il broker sia la scelta giusta per te. Spread, commissioni e altri oneri sono abbastanza rilevanti da consentire una valutazione adeguata del proprio budget di trading; per questo il nostro [&hellip;]<\/p>\n","protected":false},"author":2,"featured_media":0,"parent":2448,"menu_order":0,"comment_status":"closed","ping_status":"closed","template":"templates\/review.php","meta":{"footnotes":""},"class_list":["post-59696","page","type-page","status-publish","hentry"],"aioseo_notices":[],"_links":{"self":[{"href":"https:\/\/www.bestbrokers.com\/it\/wp-json\/wp\/v2\/pages\/59696","targetHints":{"allow":["GET"]}}],"collection":[{"href":"https:\/\/www.bestbrokers.com\/it\/wp-json\/wp\/v2\/pages"}],"about":[{"href":"https:\/\/www.bestbrokers.com\/it\/wp-json\/wp\/v2\/types\/page"}],"author":[{"embeddable":true,"href":"https:\/\/www.bestbrokers.com\/it\/wp-json\/wp\/v2\/users\/2"}],"replies":[{"embeddable":true,"href":"https:\/\/www.bestbrokers.com\/it\/wp-json\/wp\/v2\/comments?post=59696"}],"version-history":[{"count":11,"href":"https:\/\/www.bestbrokers.com\/it\/wp-json\/wp\/v2\/pages\/59696\/revisions"}],"predecessor-version":[{"id":71604,"href":"https:\/\/www.bestbrokers.com\/it\/wp-json\/wp\/v2\/pages\/59696\/revisions\/71604"}],"up":[{"embeddable":true,"href":"https:\/\/www.bestbrokers.com\/it\/wp-json\/wp\/v2\/pages\/2448"}],"wp:attachment":[{"href":"https:\/\/www.bestbrokers.com\/it\/wp-json\/wp\/v2\/media?parent=59696"}],"curies":[{"name":"wp","href":"https:\/\/api.w.org\/{rel}","templated":true}]}}