{"id":59697,"date":"2025-03-19T09:39:45","date_gmt":"2025-03-19T09:39:45","guid":{"rendered":"https:\/\/www.bestbrokers.com\/?page_id=59697"},"modified":"2025-10-21T13:35:43","modified_gmt":"2025-10-21T13:35:43","slug":"spreads-fees-and-commissions","status":"publish","type":"page","link":"https:\/\/www.bestbrokers.com\/it\/reviews\/fxtm\/spreads-fees-and-commissions\/","title":{"rendered":"Spread, costi e commissioni di FXTM"},"content":{"rendered":"<div class=\"author-line\">Scritto da <span class=\"author\">Zornitsa Stefanova<div class=\"author-sub-box\"><div class=\"author-avatar\"><img decoding=\"async\" src=\"https:\/\/www.bestbrokers.com\/wp-content\/uploads\/2024\/09\/zornica-stefanova.jpeg\" \/><\/div><div class=\"author-info-wrapper\"><div class=\"author-name\"><a href=\"https:\/\/www.bestbrokers.com\/it\/authors\/zornitsa-stefanova\/\">Zornitsa Stefanova<\/a><\/div><div class=\"author-bio\">Zornitsa Stefanova \u00e8 un\u2019analista esperta di forex e criptovalute. Copre anche vari argomenti finanziari come il trading di azioni e gli investimenti per la pensione.<\/div><\/div><\/div><\/span>,  <a rel=\"nofollow\" target=\"_blank\" href=\"https:\/\/www.linkedin.com\/in\/zornica-stefanova-73ab39287\/\"><img decoding=\"async\" class=\"social-icon\" src=\"https:\/\/www.bestbrokers.com\/wp-content\/themes\/best-brokers\/assets\/images\/icon-linkedin.svg\" data-no-lazy=\"1\"><\/a> <span class=\"sep\">|<\/span> Tradotto da <span class=\"author\">Luca Mele<div class=\"author-sub-box\"><div class=\"author-avatar\"><img decoding=\"async\" src=\"https:\/\/www.bestbrokers.com\/wp-content\/uploads\/2024\/09\/luca-mele.jpeg\" \/><\/div><div class=\"author-info-wrapper\"><div class=\"author-name\"><a href=\"https:\/\/www.bestbrokers.com\/it\/authors\/luca-mele\/\">Luca Mele<\/a><\/div><div class=\"author-bio\">Luca Mele \u00e8 un traduttore professionista specializzato in vari argomenti, tra cui investimenti e trading con diversi strumenti come forex, azioni, criptovalute e materie prime.<\/div><\/div><\/div><\/span>, <a rel=\"nofollow\" target=\"_blank\" href=\"https:\/\/www.linkedin.com\/in\/luca-mele\/?locale=it_IT\"><img decoding=\"async\" class=\"social-icon\" src=\"https:\/\/www.bestbrokers.com\/wp-content\/themes\/best-brokers\/assets\/images\/icon-linkedin.svg\" data-no-lazy=\"1\"><\/a> <span class=\"sep\">|<\/span> Aggiornato: <time class=\"entry-date\" datetime=\"2025-10-21T13:35:43+00:00\">Ottobre 21, 2025<\/time><\/div>\n<p>FXTM ha aperto le sue porte virtuali nel 2011 e oggi fornisce servizi a oltre un milione di clienti in decine di nazioni. Tra i mercati disponibili figurano Forex, azioni, criptovalute, indici e materie prime. Il broker \u00e8 anche flessibile sul fronte dei costi: i clienti FXTM possono operare senza commissioni con il conto Advantage Plus oppure beneficiare di spread pi\u00f9 stretti scegliendo il conto Advantage basato su commissioni. Il nostro team di esperti ha analizzato in profondit\u00e0 la struttura dei costi di FXTM aprendo un conto live; continuando a leggere troverai, oltre ai sovrapprezzi sopra menzionati, i dettagli sulle commissioni non legate al trading.<\/p>\n<p>Abbiamo inoltre testato le piattaforme disponibili presso FXTM. Sebbene il broker non offra un software proprietario per il trading da desktop, supporta le popolari piattaforme di terze parti MetaTrader 4 e MetaTrader 5. I trader in movimento sono ugualmente supportati, perch\u00e9 il broker \u00e8 compatibile con i dispositivi mobili.<\/p>\n<h2 id=\"costs\"><i class=\"ico ico--money-supply\"><\/i>Costi di trading su FXTM<\/h2>\n<p>FXTM mette a disposizione due tipologie di conti live pensate per soddisfare le diverse preferenze dei trader Forex e di coloro che desiderano operare su altri strumenti. Le opzioni sono Advantage e Advantage Plus. Il primo \u00e8 un conto a spread zero, fatto che significa che gli spread possono scendere fino a 0 pip, ma prevede una commissione di 3,5 USD per lotto standard sulle coppie valutarie. Advantage Plus, invece, \u00e8 perfetto per i trader che non vogliono pagare commissioni e preferiscono considerare lo spread come principale costo di negoziazione.<\/p>\n<p>Oltre alle opzioni sopra citate, FXTM offre altri due tipi di conto. Chi \u00e8 interessato esclusivamente alle azioni pu\u00f2 aprire un conto Advantage Stocks, che prevede spread a partire da 6 centesimi e nessuna commissione. I principianti, invece, possono iniziare il loro percorso con il conto demo di FXTM: gratuito e senza rischi, consente di operare senza mettere a repentaglio capitale reale.<\/p>\n<h3><i class=\"ico ico--pro-ecn-account\"><\/i>Conto Advantage Plus<\/h3>\n<p>Il primo conto disponibile su FXTM \u00e8 l\u2019Advantage Plus, che offre spread a partire da 1,5 pip. Garantisce operativit\u00e0 senza commissioni a chi predilige costi certi e trasparenti.<\/p>\n<p>Prendiamo la coppia AUD\/USD per mostrare come calcolare il costo medio di un\u2019operazione Forex. Per prima cosa occorre moltiplicare lo spread di 0,00021 per 100.000, ottenendo 21 USD per lotto standard. Per i micro lotti il costo scende a 0,21 USD, considerando le 1.000 unit\u00e0 che compongono il micro lotto. Di conseguenza pagherai 2,10 USD per un mini lotto, composto da 10.000 unit\u00e0 della valuta base. Di seguito trovi i costi di altre coppie molto popolari tra i trader:<\/p>\n<div class=\"table-responsive\">\n<table class=\"table table--colorful\">\n<thead>\n<tr>\n<th style=\"background-color: #fff;\" colspan=\"5\">Costi medi degli spread con il conto Advantage Plus<\/th>\n<\/tr>\n<tr>\n<th>Coppia valutaria<\/th>\n<th>Spread<\/th>\n<th>Commissione per lotto, per lato<\/th>\n<th>Costo per lotto micro<\/th>\n<th>Costo per lotto standard<\/th>\n<\/tr>\n<\/thead>\n<tbody>\n<tr>\n<td>AUD\/USD<\/td>\n<td style=\"text-align: center;\">2,1<\/td>\n<td style=\"text-align: center;\">0 USD<\/td>\n<td style=\"text-align: center;\">0,21 USD<\/td>\n<td style=\"text-align: center;\">21 USD<\/td>\n<\/tr>\n<tr>\n<td>EUR\/GBP<\/td>\n<td style=\"text-align: center;\">2,7<\/td>\n<td style=\"text-align: center;\">0 USD<\/td>\n<td style=\"text-align: center;\">0,364 USD<\/td>\n<td style=\"text-align: center;\">36,38 USD<\/td>\n<\/tr>\n<tr>\n<td>EUR\/JPY<\/td>\n<td style=\"text-align: center;\">2,5<\/td>\n<td style=\"text-align: center;\">0 USD<\/td>\n<td style=\"text-align: center;\">0,17 USD<\/td>\n<td style=\"text-align: center;\">17 USD<\/td>\n<\/tr>\n<tr>\n<td>EUR\/USD<\/td>\n<td style=\"text-align: center;\">2,1<\/td>\n<td style=\"text-align: center;\">0 USD<\/td>\n<td style=\"text-align: center;\">0,21 USD<\/td>\n<td style=\"text-align: center;\">21 USD<\/td>\n<\/tr>\n<tr>\n<td>GBP\/JPY<\/td>\n<td style=\"text-align: center;\">6,9<\/td>\n<td style=\"text-align: center;\">0 USD<\/td>\n<td style=\"text-align: center;\">0,469 USD<\/td>\n<td style=\"text-align: center;\">46,94 USD<\/td>\n<\/tr>\n<tr>\n<td>GBP\/USD<\/td>\n<td style=\"text-align: center;\">2,5<\/td>\n<td style=\"text-align: center;\">0 USD<\/td>\n<td style=\"text-align: center;\">0,25 USD<\/td>\n<td style=\"text-align: center;\">25 USD<\/td>\n<\/tr>\n<tr>\n<td>NZD\/USD<\/td>\n<td style=\"text-align: center;\">15<\/td>\n<td style=\"text-align: center;\">0 USD<\/td>\n<td style=\"text-align: center;\">1,5 USD<\/td>\n<td style=\"text-align: center;\">150 USD<\/td>\n<\/tr>\n<tr>\n<td>USD\/CAD<\/td>\n<td style=\"text-align: center;\">2,8<\/td>\n<td style=\"text-align: center;\">0 USD<\/td>\n<td style=\"text-align: center;\">0,204 USD<\/td>\n<td style=\"text-align: center;\">20,36 USD<\/td>\n<\/tr>\n<tr>\n<td>USD\/CHF<\/td>\n<td style=\"text-align: center;\">2,7<\/td>\n<td style=\"text-align: center;\">0 USD<\/td>\n<td style=\"text-align: center;\">0,337 USD<\/td>\n<td style=\"text-align: center;\">33,72 USD<\/td>\n<\/tr>\n<tr>\n<td>USD\/CNH<\/td>\n<td style=\"text-align: center;\">19,8<\/td>\n<td style=\"text-align: center;\">0 USD<\/td>\n<td style=\"text-align: center;\">0,278 USD<\/td>\n<td style=\"text-align: center;\">27,79 USD<\/td>\n<\/tr>\n<tr>\n<td>USD\/JPY<\/td>\n<td style=\"text-align: center;\">2,5<\/td>\n<td style=\"text-align: center;\">0 USD<\/td>\n<td style=\"text-align: center;\">0,17 USD<\/td>\n<td style=\"text-align: center;\">17 USD<\/td>\n<\/tr>\n<\/tbody>\n<\/table>\n<\/div>\n<h3><i class=\"ico ico--account\"><\/i>Conto Advantage<\/h3>\n<p>Analizziamo ora il conto denominato &#8220;Advantage&#8221;. Sebbene comporti una commissione di 3,5 USD, consente di operare con spread decisamente pi\u00f9 bassi. Per la maggior parte delle coppie che abbiamo esaminato, lo spread medio \u00e8 risultato inferiore a 1 pip, con un impatto complessivo sui costi piuttosto contenuto.<\/p>\n<p>Il metodo di calcolo del costo totale \u00e8 quasi identico a quello illustrato nella sezione precedente, con la differenza che dobbiamo includere la commissione. Sulla coppia AUD\/USD, il costo iniziale per lotto standard \u00e8 di 5 USD (0,00005 \u00d7 100.000 = 5 USD); aggiungendo la commissione di 3,5 USD otteniamo un costo totale di 8,5 USD. Per i microlotti la commissione \u00e8 di 0,035 USD; sommata allo spread iniziale (0,00005 \u00d7 1.000 = 0,05 USD) porta il costo complessivo a 0,085 USD.<\/p>\n<div class=\"table-responsive\">\n<table class=\"table table--colorful\">\n<thead>\n<tr>\n<th style=\"background-color: #fff;\" colspan=\"5\">Costi medi degli spread con il conto Advantage<\/th>\n<\/tr>\n<tr>\n<th>Coppia valutaria<\/th>\n<th>Spread<\/th>\n<th>Commissione per lotto, per lato<\/th>\n<th>Costo per lotto micro<\/th>\n<th>Costo per lotto standard<\/th>\n<\/tr>\n<\/thead>\n<tbody>\n<tr>\n<td>AUD\/USD<\/td>\n<td style=\"text-align: center;\">0,5<\/td>\n<td style=\"text-align: center;\">0,035\/3,5 USD<\/td>\n<td style=\"text-align: center;\">0,085 USD<\/td>\n<td style=\"text-align: center;\">8,5 USD<\/td>\n<\/tr>\n<tr>\n<td>EUR\/GBP<\/td>\n<td style=\"text-align: center;\">0,6<\/td>\n<td style=\"text-align: center;\">3,5 USD<\/td>\n<td style=\"text-align: center;\">0,11578 USD<\/td>\n<td style=\"text-align: center;\">11,57798 USD<\/td>\n<\/tr>\n<tr>\n<td>EUR\/JPY<\/td>\n<td style=\"text-align: center;\">0,4<\/td>\n<td style=\"text-align: center;\">3,5 USD<\/td>\n<td style=\"text-align: center;\">0,07573 USD<\/td>\n<td style=\"text-align: center;\">7,57268 USD<\/td>\n<\/tr>\n<tr>\n<td>EUR\/USD<\/td>\n<td style=\"text-align: center;\">0,1<\/td>\n<td style=\"text-align: center;\">3,5 USD<\/td>\n<td style=\"text-align: center;\">0,045 USD<\/td>\n<td style=\"text-align: center;\">4,5 USD<\/td>\n<\/tr>\n<tr>\n<td>GBP\/JPY<\/td>\n<td style=\"text-align: center;\">0,9<\/td>\n<td style=\"text-align: center;\">3,5 USD<\/td>\n<td style=\"text-align: center;\">0,09609 USD<\/td>\n<td style=\"text-align: center;\">9,60903 USD<\/td>\n<\/tr>\n<tr>\n<td>GBP\/USD<\/td>\n<td style=\"text-align: center;\">2<\/td>\n<td style=\"text-align: center;\">3,5 USD<\/td>\n<td style=\"text-align: center;\">0,235 USD<\/td>\n<td style=\"text-align: center;\">23,5 USD<\/td>\n<\/tr>\n<tr>\n<td>NZD\/USD<\/td>\n<td style=\"text-align: center;\">4<\/td>\n<td style=\"text-align: center;\">3,5 USD<\/td>\n<td style=\"text-align: center;\">0,435 USD<\/td>\n<td style=\"text-align: center;\">43,5 USD<\/td>\n<\/tr>\n<tr>\n<td>USD\/CAD<\/td>\n<td style=\"text-align: center;\">0,6<\/td>\n<td style=\"text-align: center;\">3,5 USD<\/td>\n<td style=\"text-align: center;\">0,07881 USD<\/td>\n<td style=\"text-align: center;\">7,88091 USD<\/td>\n<\/tr>\n<tr>\n<td>USD\/CHF<\/td>\n<td style=\"text-align: center;\">0,5<\/td>\n<td style=\"text-align: center;\">3,5 USD<\/td>\n<td style=\"text-align: center;\">0,09771 USD<\/td>\n<td style=\"text-align: center;\">9,77054 USD<\/td>\n<\/tr>\n<tr>\n<td>USD\/CNH<\/td>\n<td style=\"text-align: center;\">16,8<\/td>\n<td style=\"text-align: center;\">3,5 USD<\/td>\n<td style=\"text-align: center;\">0,26928 USD<\/td>\n<td style=\"text-align: center;\">26,92828 USD<\/td>\n<\/tr>\n<tr>\n<td>USD\/JPY<\/td>\n<td style=\"text-align: center;\">0,6<\/td>\n<td style=\"text-align: center;\">3,5 USD<\/td>\n<td style=\"text-align: center;\">0,07573 USD<\/td>\n<td style=\"text-align: center;\">7,57268 USD<\/td>\n<\/tr>\n<\/tbody>\n<\/table>\n<\/div>\n<p>Vale la pena sottolineare che le commissioni variano per i metalli spot (25 USD per milione di nozionale). I CFD su indici e materie prime prevedono invece 35 USD per milione di nozionale. Sui CFD azionari si applica una commissione di 0,02 USD per lato\/lotto di trading, con una commissione minima di 0,01 USD. Anche i trader di criptovalute sono soggetti a commissione con questo tipo di conto, attualmente pari allo 0,03% del valore nozionale.<\/p>\n<h2 id=\"overnight\"><i class=\"ico ico--clock\"><\/i>Costi di finanziamento overnight di FXTM<\/h2>\n<p>Se prevedi di fare trading su valute mantenendo posizioni long o short durante la notte, dovrai monitorare le commissioni swap, perch\u00e9 variano quotidianamente. A seguito degli swap puoi pagare oppure ricevere interessi; quest\u2019ultimo caso si verifica quando la valuta acquistata ha un tasso d\u2019interesse superiore a quello della valuta venduta. La tabella seguente riepiloga le aliquote in vigore al momento della stesura.<\/p>\n<div class=\"table-responsive\">\n<table class=\"table table--colorful\">\n<thead>\n<tr>\n<th style=\"background-color: #fff;\" colspan=\"3\">Commissioni swap FXTM (29 agosto 2025)<\/th>\n<\/tr>\n<tr>\n<th>Coppia valutaria<\/th>\n<th>Short (vendita)<\/th>\n<th>Long (acquisto)<\/th>\n<\/tr>\n<\/thead>\n<tbody>\n<tr>\n<td>AUD\/USD<\/td>\n<td style=\"text-align: center;\">-0,005<\/td>\n<td style=\"text-align: center;\">-0,0211<\/td>\n<\/tr>\n<tr>\n<td>EUR\/GBP<\/td>\n<td style=\"text-align: center;\">0,0093<\/td>\n<td style=\"text-align: center;\">-0,0977<\/td>\n<\/tr>\n<tr>\n<td>EUR\/JPY<\/td>\n<td style=\"text-align: center;\">-0,1671<\/td>\n<td style=\"text-align: center;\">0,0109<\/td>\n<\/tr>\n<tr>\n<td>EUR\/USD<\/td>\n<td style=\"text-align: center;\">0,0476<\/td>\n<td style=\"text-align: center;\">-0,1041<\/td>\n<\/tr>\n<tr>\n<td>GBP\/JPY<\/td>\n<td style=\"text-align: center;\">-0,3167<\/td>\n<td style=\"text-align: center;\">0,0883<\/td>\n<\/tr>\n<tr>\n<td>GBP\/USD<\/td>\n<td style=\"text-align: center;\">-0,0211<\/td>\n<td style=\"text-align: center;\">-0,0314<\/td>\n<\/tr>\n<tr>\n<td>NZD\/USD<\/td>\n<td style=\"text-align: center;\">0,0056<\/td>\n<td style=\"text-align: center;\">-0,0309<\/td>\n<\/tr>\n<tr>\n<td>USD\/CAD<\/td>\n<td style=\"text-align: center;\">-0,0982<\/td>\n<td style=\"text-align: center;\">0,0407<\/td>\n<\/tr>\n<tr>\n<td>USD\/CHF<\/td>\n<td style=\"text-align: center;\">-0,1321<\/td>\n<td style=\"text-align: center;\">0,0659<\/td>\n<\/tr>\n<tr>\n<td>USD\/CNH<\/td>\n<td style=\"text-align: center;\">-1,1748<\/td>\n<td style=\"text-align: center;\">0,0462<\/td>\n<\/tr>\n<tr>\n<td>USD\/JPY<\/td>\n<td style=\"text-align: center;\">-0,2204<\/td>\n<td style=\"text-align: center;\">0,0826<\/td>\n<\/tr>\n<\/tbody>\n<\/table>\n<\/div>\n<h2 id=\"swap\"><i class=\"ico ico--islamic-account\"><\/i>Costi di trading senza swap su FXTM<\/h2>\n<p>Il trading senza swap \u00e8 disponibile indipendentemente dal fatto che tu abbia un conto Advantage o Advantage Plus. In questo modo non paghi n\u00e9 ricevi interessi di rollover, ma ti viene addebitata una commissione giornaliera fissa, applicata solo se la posizione resta aperta dopo il periodo di grazia di sette giorni.<\/p>\n<p>Puoi attivare l\u2019opzione visitando la sezione &#8220;Account Overview&#8221; del pannello MyFXTM. Tieni presente che l\u2019attivazione potrebbe non essere immediata: FXTM potrebbe richiederti di dimostrare di essere musulmano inviando al team di supporto un documento idoneo. Secondo FXTM, si tratta generalmente di un certificato rilasciato da un\u2019autorit\u00e0 religiosa riconosciuta, ad esempio un imam.<\/p>\n<div class=\"table-responsive\">\n<table class=\"table table--colorful\">\n<thead>\n<tr>\n<th style=\"background-color: #fff;\" colspan=\"3\">Commissioni amministrative per il conto islamico FXTM<\/th>\n<\/tr>\n<tr>\n<th>Coppia<\/th>\n<th>Swap free (commissione giornaliera), USD per lotto<\/th>\n<th>Periodo senza swap (giorni)<\/th>\n<\/tr>\n<\/thead>\n<tbody>\n<tr>\n<td>AUD\/USD<\/td>\n<td style=\"text-align: center;\">-5<\/td>\n<td style=\"text-align: center;\">7<\/td>\n<\/tr>\n<tr>\n<td>EUR\/GBP<\/td>\n<td style=\"text-align: center;\">-5<\/td>\n<td style=\"text-align: center;\">7<\/td>\n<\/tr>\n<tr>\n<td>EUR\/JPY<\/td>\n<td style=\"text-align: center;\">-15<\/td>\n<td style=\"text-align: center;\">7<\/td>\n<\/tr>\n<tr>\n<td>EUR\/USD<\/td>\n<td style=\"text-align: center;\">-10<\/td>\n<td style=\"text-align: center;\">7<\/td>\n<\/tr>\n<tr>\n<td>GBP\/JPY<\/td>\n<td style=\"text-align: center;\">-15<\/td>\n<td style=\"text-align: center;\">7<\/td>\n<\/tr>\n<tr>\n<td>GBP\/USD<\/td>\n<td style=\"text-align: center;\">-5<\/td>\n<td style=\"text-align: center;\">7<\/td>\n<\/tr>\n<tr>\n<td>NZD\/USD<\/td>\n<td style=\"text-align: center;\">-1,5<\/td>\n<td style=\"text-align: center;\">7<\/td>\n<\/tr>\n<tr>\n<td>USD\/CAD<\/td>\n<td style=\"text-align: center;\">-5<\/td>\n<td style=\"text-align: center;\">7<\/td>\n<\/tr>\n<tr>\n<td>USD\/CHF<\/td>\n<td style=\"text-align: center;\">-10<\/td>\n<td style=\"text-align: center;\">7<\/td>\n<\/tr>\n<tr>\n<td>USD\/CNH<\/td>\n<td style=\"text-align: center;\">-50<\/td>\n<td style=\"text-align: center;\">7<\/td>\n<\/tr>\n<tr>\n<td>USD\/JPY<\/td>\n<td style=\"text-align: center;\">-20<\/td>\n<td style=\"text-align: center;\">7<\/td>\n<\/tr>\n<\/tbody>\n<\/table>\n<\/div>\n<h2 id=\"other\"><i class=\"ico ico--administration-fees\"><\/i>Costi non legati al trading di FXTM<\/h2>\n<p>FXTM ha introdotto una commissione fissa di 3 USD applicata ai depositi e prelievi pari o inferiori a 30 USD. A parte questa eccezione, i depositi sono gratuiti. Anche l\u2019apertura del conto non prevede costi, sebbene sia necessario rispettare il deposito minimo di 200 USD\/EUR\/GBP.<\/p>\n<div class=\"table-responsive\">\n<table class=\"table\">\n<thead>\n<tr>\n<th colspan=\"2\">Costi non di trading FXTM in sintesi<\/th>\n<\/tr>\n<\/thead>\n<tbody>\n<tr>\n<td>Commissioni sui depositi<\/td>\n<td>\n<ul class=\"list-checks\">\n<li>Depositi di 30 USD o meno: commissione di transazione di 3 USD<\/li>\n<li>Depositi superiori a 30 USD: gratuiti<\/li>\n<\/ul>\n<\/td>\n<\/tr>\n<tr>\n<td>Commissioni sui prelievi<\/td>\n<td>\n<ul class=\"list-checks\">\n<li>Prelievi di 30 USD o meno: commissione di transazione di 3 USD<\/li>\n<li>Prelievi superiori a 30 USD: potrebbero essere applicate commissioni<\/li>\n<\/ul>\n<\/td>\n<\/tr>\n<tr>\n<td>Commissioni di apertura conto<\/td>\n<td>Gratuito<\/td>\n<\/tr>\n<tr>\n<td>Commissioni di inattivit\u00e0<\/td>\n<td>10 USD al mese dopo 3 mesi di inattivit\u00e0<\/td>\n<\/tr>\n<tr>\n<td>Abbonamento VPS<\/td>\n<td>Il servizio VPS di FXTM \u00e8 gratuito se il trader mantiene un saldo di 3.000 USD. Gli utenti possono utilizzare servizi VPS esterni a proprio rischio.<\/td>\n<\/tr>\n<\/tbody>\n<\/table>\n<\/div>\n<p>FXTM non applica commissioni su numerosi metodi di prelievo purch\u00e9 l\u2019importo richiesto superi i 30 USD. Tra questi vi \u00e8 Perfect Money; altri metodi gratuiti includono Skrill, TC Pay Wallet, GlobePay e alcune soluzioni disponibili a livello regionale. Esistono tuttavia altri sistemi di pagamento che prevedono sovrapprezzi, i cui costi sono riportati di seguito:<\/p>\n<div class=\"table-responsive\">\n<table class=\"table table--orange\">\n<thead>\n<tr>\n<th style=\"background-color: #fff;\" colspan=\"2\">Commissioni di prelievo FXTM<\/th>\n<\/tr>\n<tr>\n<th>Metodo<\/th>\n<th>Commissioni<\/th>\n<\/tr>\n<\/thead>\n<tbody>\n<tr>\n<td>FasaPay<\/td>\n<td style=\"text-align: center;\">0,5%<\/td>\n<\/tr>\n<tr>\n<td>Soluzioni locali africane (C) (NGN)<\/td>\n<td style=\"text-align: center;\">1 USD<\/td>\n<\/tr>\n<tr>\n<td>Bonifico bancario vietnamita<\/td>\n<td style=\"text-align: center;\">4%<\/td>\n<\/tr>\n<tr>\n<td>Online banking Sud-est asiatico<\/td>\n<td style=\"text-align: center;\">1,4%<\/td>\n<\/tr>\n<tr>\n<td>Nganluong (e-wallet e canale bancario) (VND)<\/td>\n<td style=\"text-align: center;\">1,1% + 0,05 USD<\/td>\n<\/tr>\n<tr>\n<td>Visa<\/td>\n<td style=\"text-align: center;\">2 \u20ac \/ 3 USD \/ 2 \u00a3<\/td>\n<\/tr>\n<tr>\n<td>Mastercard<\/td>\n<td style=\"text-align: center;\">2 \u20ac \/ 3 USD \/ 2 \u00a3<\/td>\n<\/tr>\n<tr>\n<td>Maestro<\/td>\n<td style=\"text-align: center;\">2 \u20ac \/ 3 USD \/ 2 \u00a3<\/td>\n<\/tr>\n<tr>\n<td>WebMoney<\/td>\n<td style=\"text-align: center;\">2%<\/td>\n<\/tr>\n<tr>\n<td>Yandex.Money<\/td>\n<td style=\"text-align: center;\">1,5%<\/td>\n<\/tr>\n<tr>\n<td>QIWI<\/td>\n<td style=\"text-align: center;\">1,5%<\/td>\n<\/tr>\n<tr>\n<td>Konnexone<\/td>\n<td style=\"text-align: center;\">2%<\/td>\n<\/tr>\n<tr>\n<td>Bonifico bancario<\/td>\n<td style=\"text-align: center;\">30 \u20ac<\/td>\n<\/tr>\n<\/tbody>\n<\/table>\n<\/div>\n<p>I trader interessati a un server privato virtuale saranno lieti di sapere che possono usufruire di un VPS senza costi. Per scoprire come risultare idonei a un VPS gratuito, basta contattare il proprio Account Service Manager o il team di supporto.<\/p>\n<p>Di seguito le specifiche tecniche del VPS: 1 CPU (2,2 GHz), 1 GB di RAM, 30 GB di HDD, Windows Server 2008 R2. \u00c8 possibile scegliere un servizio VPS esterno, ma FXTM precisa che lo si fa a proprio rischio.<\/p>\n<p>Infine, si raccomanda di utilizzare il conto per fare trading o di disattivarlo qualora si decida di interrompere l\u2019attivit\u00e0 in via definitiva; in caso contrario, potrebbe essere addebitata una commissione di inattivit\u00e0. FXTM applica un costo di inattivit\u00e0 di 10 USD\/EUR\/GBP al mese se il conto rimane inattivo per 3 mesi consecutivi.<\/p>\n<h2 id=\"conclusion\"><i class=\"ico ico--pen\"><\/i>Considerazioni finali sui costi di FXTM<\/h2>\n<p>Per quanto riguarda i costi, FXTM si colloca in una fascia intermedia. Gli spread medi proposti agli utenti Advantage Plus non sono tra i pi\u00f9 bassi del settore, ma il broker offre comunque un conto a spread zero adatto a chi cerca costi ridotti. Il broker \u00e8 trasparente sia sulle commissioni di rollover sia sui costi amministrativi da valutare per i conti islamici. L\u2019assenza di commissioni di deposito rappresenta un ulteriore vantaggio, purch\u00e9 l\u2019importo versato sia superiore a 30 USD.<\/p>\n","protected":false},"excerpt":{"rendered":"<p>FXTM ha aperto le sue porte virtuali nel 2011 e oggi fornisce servizi a oltre un milione di clienti in decine di nazioni. Tra i mercati disponibili figurano Forex, azioni, criptovalute, indici e materie prime. Il broker \u00e8 anche flessibile sul fronte dei costi: i clienti FXTM possono operare senza commissioni con il conto Advantage [&hellip;]<\/p>\n","protected":false},"author":2,"featured_media":0,"parent":6250,"menu_order":0,"comment_status":"closed","ping_status":"closed","template":"templates\/review.php","meta":{"footnotes":""},"class_list":["post-59697","page","type-page","status-publish","hentry"],"aioseo_notices":[],"_links":{"self":[{"href":"https:\/\/www.bestbrokers.com\/it\/wp-json\/wp\/v2\/pages\/59697","targetHints":{"allow":["GET"]}}],"collection":[{"href":"https:\/\/www.bestbrokers.com\/it\/wp-json\/wp\/v2\/pages"}],"about":[{"href":"https:\/\/www.bestbrokers.com\/it\/wp-json\/wp\/v2\/types\/page"}],"author":[{"embeddable":true,"href":"https:\/\/www.bestbrokers.com\/it\/wp-json\/wp\/v2\/users\/2"}],"replies":[{"embeddable":true,"href":"https:\/\/www.bestbrokers.com\/it\/wp-json\/wp\/v2\/comments?post=59697"}],"version-history":[{"count":7,"href":"https:\/\/www.bestbrokers.com\/it\/wp-json\/wp\/v2\/pages\/59697\/revisions"}],"predecessor-version":[{"id":71566,"href":"https:\/\/www.bestbrokers.com\/it\/wp-json\/wp\/v2\/pages\/59697\/revisions\/71566"}],"up":[{"embeddable":true,"href":"https:\/\/www.bestbrokers.com\/it\/wp-json\/wp\/v2\/pages\/6250"}],"wp:attachment":[{"href":"https:\/\/www.bestbrokers.com\/it\/wp-json\/wp\/v2\/media?parent=59697"}],"curies":[{"name":"wp","href":"https:\/\/api.w.org\/{rel}","templated":true}]}}