{"id":87394,"date":"2026-04-01T13:54:54","date_gmt":"2026-04-01T13:54:54","guid":{"rendered":"https:\/\/www.bestbrokers.com\/?page_id=87394"},"modified":"2026-04-06T07:16:15","modified_gmt":"2026-04-06T07:16:15","slug":"how-we-rank-and-test-brokers","status":"publish","type":"page","link":"https:\/\/www.bestbrokers.com\/it\/how-we-rank-and-test-brokers\/","title":{"rendered":"Come classifichiamo e testiamo i broker"},"content":{"rendered":"<p>Abbiamo creato BestBrokers per aiutare i trader a prendere decisioni informate nella scelta delle piattaforme di trading. Le nostre classifiche mirano a rendere pi\u00f9 semplice il confronto e la selezione dei broker forex sia per i principianti sia per i trader esperti. Valutiamo broker forex e broker di azioni, criptovalute, CFD e materie prime utilizzando una metodologia che conferisce priorit\u00e0 all&#8217;accuratezza fattuale, all&#8217;obiettivit\u00e0 e all&#8217;offerta di valore pratico ai lettori.<\/p>\n<p>BestBrokers \u00e8 <strong>gestito da AFF MEDIA Ltd<\/strong>. Il nostro team \u00e8 guidato dal co-fondatore ed esperto di contenuti Miroslav Nikolov, dal co-fondatore e analista dei dati Ivaylo Nedev e dal CTO Pavel Stoychev.<\/p>\n<p>Sviluppiamo i nostri contenuti con il contributo di collaboratori in possesso della qualifica CFA, garantendo un alto livello di accuratezza tecnica. Eugene Lee, CFA, \u00e8 un esperto di investimenti e ricercatore quantitativo con oltre due decenni di esperienza nell&#8217;analisi dei mercati e nella gestione di portafogli da miliardi di dollari. Matthew Levy, CFA, \u00e8 specializzato in servizi finanziari, economia e analisi degli investimenti. Il loro background professionale ci aiuta a mantenere standard elevati per i nostri contenuti tecnici.<\/p>\n<section class=\"section-team\">\n<h2 id=\"our-team\"><i class=\"ico ico--pro-ecn-account\"><\/i>Il nostro team<\/h2>\n<ul class=\"list-team\">\n<li>\n<div class=\"member-card\">\n<div class=\"member-photo\"> <img decoding=\"async\" src=\"\/wp-content\/themes\/best-brokers\/assets\/images\/team\/miro-nikolov.jpg\" alt=\"Miro Nikolov\"> <\/div>\n<div class=\"member-info\">\n<div class=\"member-name\"> <span>Miro Nikolov<\/span> <a href=\"https:\/\/www.linkedin.com\/in\/miro-nikolov-1946b9141\/\" target=\"_blank\" class=\"member-link\" rel=\"noopener\"><i class=\"ico-linkedin\"><\/i><\/a> <\/div>\n<p class=\"member-title\"><b>Co-fondatore e CEO<\/b><\/p>\n<p class=\"member-resume\">Miro \u00e8 il co-fondatore e principale esperto di contenuti di BestBrokers.<\/p>\n<\/p><\/div>\n<\/p><\/div>\n<\/li>\n<li>\n<div class=\"member-card\">\n<div class=\"member-photo\"> <img decoding=\"async\" src=\"\/wp-content\/themes\/best-brokers\/assets\/images\/team\/ivo.jpg\" alt=\"Ivo Nedev\"> <\/div>\n<div class=\"member-info\">\n<div class=\"member-name\"> <span>Ivo Nedev<\/span> <a href=\"https:\/\/www.linkedin.com\/in\/ivo-nedev-23a3052aa\/\" target=\"_blank\" class=\"member-link\" rel=\"noopener\"><i class=\"ico-linkedin\"><\/i><\/a> <\/div>\n<p class=\"member-title\"><b>Co-fondatore e analista dei dati<\/b><\/p>\n<p class=\"member-resume\">Ivo ha co-fondato BestBrokers ed \u00e8 responsabile della costruzione del modello dati per le nostre analisi dei broker.<\/p>\n<\/p><\/div>\n<\/p><\/div>\n<\/li>\n<li>\n<div class=\"member-card\">\n<div class=\"member-photo\"> <img decoding=\"async\" src=\"\/wp-content\/themes\/best-brokers\/assets\/images\/team\/pavel.jpeg\" alt=\"Pavel Stoychev\"> <\/div>\n<div class=\"member-info\">\n<div class=\"member-name\"> <span>Pavel Stoychev<\/span> <\/div>\n<p class=\"member-title\"><b>CTO<\/b><\/p>\n<p class=\"member-resume\">Pavel si assicura che la complessa infrastruttura informatica alla base di BestBrokers funzioni sempre senza problemi.<\/p>\n<\/p><\/div>\n<\/p><\/div>\n<\/li>\n<li>\n<div class=\"member-card\">\n<div class=\"member-photo\"> <img decoding=\"async\" src=\"\/wp-content\/uploads\/2026\/03\/elee.webp\" alt=\"Eugene Lee, CFA\"> <\/div>\n<div class=\"member-info\">\n<div class=\"member-name\"> <span>Eugene Lee, CFA<\/span> <a href=\"https:\/\/www.linkedin.com\/in\/etlpro\" target=\"_blank\" class=\"member-link\" rel=\"noopener\"><i class=\"ico-linkedin\"><\/i><\/a><a href=\"https:\/\/credentials.cfainstitute.org\/54800944-5857-4ebf-9ffe-ecd57e54c8ac\" target=\"_blank\" class=\"member-link\" rel=\"noopener\"><i class=\"ico-cfa\"><\/i><\/a>\n                        <\/div>\n<p class=\"member-title\"><b>Autore<\/b><\/p>\n<p class=\"member-resume\">Eugene Lee, CFA, \u00e8 un esperto di investimenti e ricercatore quantitativo con oltre due decenni di esperienza nei mercati globali. Avendo lavorato in team di trading e gestione di portafogli multimiliardari che coprivano azioni, reddito fisso e derivati, \u00e8 specializzato nel trasformare complesse strategie sistematiche in analisi operative per investitori istituzionali e al dettaglio.<\/p>\n<\/p><\/div>\n<\/p><\/div>\n<\/li>\n<li>\n<div class=\"member-card\">\n<div class=\"member-photo\"> <img decoding=\"async\" src=\"\/wp-content\/uploads\/2026\/03\/mlevy.webp\" alt=\"Foto del profilo di Matthew Levy, CFA\"> <\/div>\n<div class=\"member-info\">\n<div class=\"member-name\"> <span>Matthew Levy, CFA<\/span> <a href=\"https:\/\/ca.linkedin.com\/in\/matthewlevycfa\" target=\"_blank\" class=\"member-link\" rel=\"noopener\"><i class=\"ico-linkedin\"><\/i><\/a><a href=\"https:\/\/credentials.corporatefinanceinstitute.com\/profile\/matthewlevy193646\/wallet\" target=\"_blank\" class=\"member-link\" rel=\"noopener\"><i class=\"ico-cfa\"><\/i><\/a>\n                        <\/div>\n<p class=\"member-title\"><b>Autore<\/b><\/p>\n<p class=\"member-resume\">Matthew Levy, CFA, \u00e8 un esperto autore finanziario e specialista di contenuti con una solida esperienza nei servizi finanziari, nell&#8217;economia e nell&#8217;analisi degli investimenti. Ha conseguito un Bachelor of Science in Economics con indirizzi in business e finanza ed \u00e8 CFA Charterholder, a conferma sia della sua competenza tecnica sia del suo impegno verso i pi\u00f9 elevati standard professionali.<\/p>\n<\/p><\/div>\n<\/p><\/div>\n<\/li>\n<li>\n<div class=\"member-card\">\n<div class=\"member-photo\"> <img decoding=\"async\" src=\"\/wp-content\/uploads\/2022\/03\/rperry-150x150.webp\" alt=\"Foto del profilo di Richard Perry\"> <\/div>\n<div class=\"member-info\">\n<div class=\"member-name\"> <span>Richard Perry<\/span> <a href=\"https:\/\/www.linkedin.com\/in\/richard-perry-5918921b\/\" target=\"_blank\" class=\"member-link\" rel=\"noopener\"><i class=\"ico-linkedin\"><\/i><\/a>\n                        <\/div>\n<p class=\"member-title\"><b>Autore<\/b><\/p>\n<p class=\"member-resume\">Richard \u00e8 un esperto riconosciuto di analisi tecnica e strategia di mercato, con una notevole esperienza nei mercati valutari e azionari. Ha fondato la propria attivit\u00e0, Perry Market Analysis, fornendo analisi e consulenze dei principali mercati, comprese ricerche tramite webinar, video e analisi scritte.<\/p>\n<\/p><\/div>\n<\/p><\/div>\n<\/li>\n<\/ul>\n<\/section>\n<h2><i class=\"ico ico--seasonality-analysis\"><\/i>Lo scopo della nostra metodologia<\/h2>\n<p>Non classifichiamo i broker soltanto in base alla popolarit\u00e0 o alla visibilit\u00e0 in termini di marketing. Li valutiamo in base a molteplici parametri, tra cui <strong>sicurezza, costi di trading, trasparenza dei prezzi e facilita d&#8217;uso<\/strong>. Andiamo oltre gli spread pubblicizzati e le promozioni per valutare l&#8217;effettiva esperienza di trading, come licenze, apertura del conto, qualit\u00e0 di esecuzione degli ordini, funzionalit\u00e0 della piattaforma e prelievi. Inoltre, esaminiamo il feedback degli utenti per individuare eventuali problemi ricorrenti segnalati da altri trader.<\/p>\n<h2><i class=\"ico ico--detecting-the-best-stocks-to-buy\"><\/i>Come raccogliamo le informazioni<\/h2>\n<p>Elaboriamo le nostre recensioni e classifiche sulla base di informazioni fornite dai broker, informazioni pubblicamente disponibili sui loro siti web e dati dei registri ufficiali delle autorit\u00e0 di regolamentazione. Analizziamo inoltre i loro termini di servizio, testiamo le loro piattaforme e leggiamo il feedback dei clienti per fornire una panoramica completa di ciascun broker. Le informazioni fornite dai broker vengono <strong>verificate incrociandole con i dati delle autorit\u00e0 di regolamentazione finanziaria e di fonti indipendenti<\/strong>. Nei casi in cui i dati siano incoerenti o non confermati, effettuiamo controlli aggiuntivi prima di aggiornare le nostre classifiche.<\/p>\n<h2><i class=\"ico ico--desktop\"><\/i>Come testiamo le piattaforme di trading<\/h2>\n<p>Quando testiamo i broker, copriamo tutti i fattori chiave coinvolti nella scelta di dove aprire un conto di trading live. Esaminiamo il software di trading del broker, le piattaforme disponibili, gli strumenti, le opzioni di conto, le commissioni, i metodi di finanziamento, le condizioni di prelievo e i requisiti di onboarding. Valutiamo inoltre quanto chiaramente vengano presentate queste informazioni e se la piattaforma offra <strong>usabilit\u00e0, strumenti e ambiente di trading<\/strong> adeguati a diversi tipi di trader.<\/p>\n<p>Testiamo la compatibilit\u00e0 della piattaforma su web, desktop e dispositivi mobili, valutando gli strumenti grafici disponibili, gli indicatori tecnici e i tipi di ordine per esaminarne la funzionalit\u00e0 complessiva. Verifichiamo inoltre se un broker supporti piattaforme di terze parti ampiamente utilizzate come MetaTrader 4, MetaTrader 5, cTrader e TradingView. Valutiamo anche il software proprietario del broker, se disponibile.<\/p>\n<h2><i class=\"ico ico--pros-cons\"><\/i>Come classifichiamo i broker<\/h2>\n<p>Il nostro punteggio finale si basa su un modello di valutazione ponderato. Esaminiamo ciascun broker in base a molteplici criteri e poi aggreghiamo i singoli punteggi in una valutazione complessiva. Durante il processo di classificazione, criteri diversi hanno pesi diversi. Sebbene diamo priorit\u00e0 a licenze, sicurezza e prezzi, analizziamo anche la qualit\u00e0 di esecuzione degli ordini, la velocit\u00e0 dei prelievi e l&#8217;usabilit\u00e0 complessiva della piattaforma.<\/p>\n<p>Inseriamo in elenco solo broker che <strong>soddisfano i nostri standard editoriali in termini di trasparenza e affidabilit\u00e0<\/strong>. Le licenze sono un fattore chiave durante il processo di classificazione, per cui presentiamo soltanto societ\u00e0 autorizzate in giurisdizioni regolamentari riconosciute. Qualsiasi broker che non soddisfi i nostri requisiti minimi viene escluso dalla classifica o valutato di conseguenza.<\/p>\n<h2><i class=\"ico ico--document\"><\/i>I principali fattori alla base dei nostri punteggi<\/h2>\n<ul class=\"list--steps\">\n<li>\n<h3><i class=\"ico ico--regulation\"><\/i>Regolamentazione e licenze<\/h3>\n<p>        Le licenze e la conformit\u00e0 normativa sono tra i primi aspetti che esaminiamo. Diamo priorit\u00e0 ai broker autorizzati da autorit\u00e0 di regolamentazione finanziaria di primo livello e prestiamo particolare attenzione alle giurisdizioni in cui i clienti vengono registrati. Riteniamo che le entit\u00e0 come <strong>FCA, ASIC, NFA, FINMA e CySEC<\/strong> siano le autorit\u00e0 principali del settore. La posizione regolamentare di un broker \u00e8 una componente chiave perch\u00e9 incide direttamente sul livello di tutela dei clienti, sugli standard operativi e sulla trasparenza complessiva.<\/p>\n<\/li>\n<li>\n<h3><i class=\"ico ico--administration-fees\"><\/i>Costi e commissioni di trading<\/h3>\n<p>        Per valutare l&#8217;efficienza complessiva dei costi di un broker, <strong>analizziamo spread, commissioni e costi non legati al trading<\/strong>, incluse eventuali commissioni di deposito, prelievo e inattivit\u00e0. Queste spese sono parte integrante del nostro sistema di classificazione perch\u00e9 incidono direttamente sul risultato economico dei trader.<\/p>\n<\/li>\n<li>\n<h3><i class=\"ico ico--exchange\"><\/i>Esecuzione degli ordini<\/h3>\n<p>        La qualit\u00e0 di esecuzione degli ordini \u00e8 un altro fattore chiave che consideriamo ed \u00e8 particolarmente importante per i trader attivi. Valutiamo <strong>la velocit\u00e0 di esecuzione e l&#8217;infrastruttura per determinare la capacita di un broker di ridurre al minimo slippage, riquotazioni e rifiuti degli ordini<\/strong>. Il team analizza l&#8217;ambiente tecnico e i protocolli di instradamento che un broker utilizza per elaborare gli ordini dei clienti, assegnando valutazioni pi\u00f9 alte alle societ\u00e0 con un&#8217;esecuzione affidabile in condizioni di mercato variabili.<\/p>\n<\/li>\n<li>\n<h3><i class=\"ico ico--hardware-wallets\"><\/i>Finanziamento del conto e prelievi<\/h3>\n<p>        La nostra valutazione va oltre la facilita del deposito dei fondi, perch\u00e9 analizziamo anche l&#8217;efficienza e la velocit\u00e0 del processo di prelievo. <strong>I broker che elaborano i prelievi senza ritardi inutili<\/strong> dopo la verifica KYC ricevono punteggi pi\u00f9 alti per questa metrica. Viene inoltre valutata attentamente la trasparenza dei broker in merito ai limiti delle transazioni, alle commissioni aggiuntive e alla gamma di metodi di pagamento.<\/p>\n<\/li>\n<li>\n<h3><i class=\"ico ico--account\"><\/i>Apertura del conto e procedura KYC<\/h3>\n<p>        Valutiamo il processo di onboarding per <strong>determinare quanto sia facile aprire un conto con ciascun broker<\/strong>. Durante questa fase, verifichiamo anche se il broker fornisca informazioni sufficienti sui documenti richiesti per completare la verifica KYC. Infine, confermiamo se il processo di onboarding sia allineato ai requisiti normativi della rispettiva giurisdizione.<\/p>\n<\/li>\n<li>\n<h3><i class=\"ico ico--forex-broker-software-platforms\"><\/i>Gamma di piattaforme di trading e strumenti di ricerca di mercato<\/h3>\n<p>        Analizziamo anche le piattaforme supportate, le loro <strong>caratteristiche e funzionalit\u00e0<\/strong>, perch\u00e9 questi fattori incidono direttamente sull&#8217;esperienza di trading complessiva. I broker con piattaforme intuitive e ricche di funzionalit\u00e0 ricevono punteggi pi\u00f9 alti per questa metrica, soprattutto se offrono un&#8217;ampia gamma di strumenti grafici e di analisi tecnica. Al contrario, piattaforme instabili o prive di funzionalit\u00e0 essenziali abbassano il punteggio, anche se il broker ottiene buoni risultati in altri ambiti.<\/p>\n<\/li>\n<li>\n<h3><i class=\"ico ico--announcing\"><\/i>Feedback dei clienti e reputazione<\/h3>\n<p>        Il nostro team valuta i broker nel contesto della pi\u00f9 ampia comunit\u00e0 di trading <strong>raccogliendo e analizzando recensioni e feedback degli utenti per garantire una valutazione equilibrata<\/strong>. Consideriamo anche i punteggi su Trustpilot, perch\u00e9 il sentiment dei clienti pu\u00f2 evidenziare problemi di servizio in corso o punti di forza che altrimenti non vengono menzionati nei materiali di marketing ufficiali.<\/p>\n<\/li>\n<li>\n<h3><i class=\"ico ico--forex-brokers-business-models\"><\/i>Gamma di mercati e offerta complessiva di prodotti<\/h3>\n<p>        Il punteggio di un broker \u00e8 influenzato anche dall&#8217;ampiezza della sua offerta di prodotti. Consideriamo la <strong>gamma di mercati disponibili per fare trading in varie classi di asset<\/strong>, tra cui forex, azioni, criptovalute e materie prime. Questo ci aiuta a determinare se il broker consenta un&#8217;adeguata diversificazione del portafoglio. Inoltre, valutiamo la variet\u00e0 di tipi di conto offerti per capire quanto bene un broker sia in grado di soddisfare diverse strategie di trading e livelli di esperienza.<\/p>\n<\/li>\n<\/ul>\n<h2><i class=\"ico ico--theory-of-purchasing-power-parity\"><\/i>Il ruolo dei nostri autori e analisti<\/h2>\n<p>Le nostre recensioni sono redatte da un team eterogeneo di specialisti con competenze in forex, azioni, criptovalute e analisi tecnica. La loro esperienza consente di offrire valutazioni fondate su una conoscenza pratica dei mercati.<\/p>\n<p>I <strong>collaboratori CFA<\/strong> con cui lavoriamo forniscono ulteriori approfondimenti su argomenti pi\u00f9 tecnici, come la costruzione del portafoglio, l&#8217;analisi qualitativa e la terminologia degli investimenti. Questo ci consente di offrire contenuti che risultano pertinenti sia per i trader avanzati sia per quelli principianti, trasformando informazioni pi\u00f9 complesse in articoli comprensibili senza compromettere l&#8217;accuratezza fattuale.<\/p>\n<h2><i class=\"ico ico--our-standards-and-rating-methodology\"><\/i>Indipendenza editoriale e come guadagniamo<\/h2>\n<p>BestBrokers \u00e8 gratuito da utilizzare e potrebbe guadagnare commissioni da alcune delle piattaforme di trading presenti, senza che ci\u00f2 incida sul nostro impegno verso l&#8217;imparzialit\u00e0. <strong>Obiettivit\u00e0 e accuratezza sono tra i nostri valori fondamentali<\/strong>, perch\u00e9 ci impegniamo a mantenere classifiche coerenti, trasparenti e basate su evidenze. Il punteggio di un broker non \u00e8 influenzato dalla sua visibilit\u00e0 in termini di marketing.<\/p>\n<h2><i class=\"ico ico--pen\"><\/i>Una nota finale sul rischio<\/h2>\n<p>Il trading di prodotti con leva comporta un rischio elevato e non \u00e8 adatto a tutti gli investitori. <strong>L&#8217;obiettivo principale di BestBrokers \u00e8 aiutare i lettori a prendere decisioni informate e ad apprendere le basi del trading, piuttosto che fornire consulenza finanziaria<\/strong>. Le nostre classifiche e recensioni dovrebbero pertanto essere utilizzate come strumenti di ricerca, non come raccomandazioni di investimento personalizzate.<\/p>\n","protected":false},"excerpt":{"rendered":"<p>Abbiamo creato BestBrokers per aiutare i trader a prendere decisioni informate nella scelta delle piattaforme di trading. Le nostre classifiche mirano a rendere pi\u00f9 semplice il confronto e la selezione dei broker forex sia per i principianti sia per i trader esperti. Valutiamo broker forex e broker di azioni, criptovalute, CFD e materie prime utilizzando [&hellip;]<\/p>\n","protected":false},"author":2,"featured_media":0,"parent":0,"menu_order":0,"comment_status":"closed","ping_status":"closed","template":"templates\/full-width.php","meta":{"footnotes":""},"class_list":["post-87394","page","type-page","status-publish","hentry"],"aioseo_notices":[],"_links":{"self":[{"href":"https:\/\/www.bestbrokers.com\/it\/wp-json\/wp\/v2\/pages\/87394","targetHints":{"allow":["GET"]}}],"collection":[{"href":"https:\/\/www.bestbrokers.com\/it\/wp-json\/wp\/v2\/pages"}],"about":[{"href":"https:\/\/www.bestbrokers.com\/it\/wp-json\/wp\/v2\/types\/page"}],"author":[{"embeddable":true,"href":"https:\/\/www.bestbrokers.com\/it\/wp-json\/wp\/v2\/users\/2"}],"replies":[{"embeddable":true,"href":"https:\/\/www.bestbrokers.com\/it\/wp-json\/wp\/v2\/comments?post=87394"}],"version-history":[{"count":4,"href":"https:\/\/www.bestbrokers.com\/it\/wp-json\/wp\/v2\/pages\/87394\/revisions"}],"predecessor-version":[{"id":87460,"href":"https:\/\/www.bestbrokers.com\/it\/wp-json\/wp\/v2\/pages\/87394\/revisions\/87460"}],"wp:attachment":[{"href":"https:\/\/www.bestbrokers.com\/it\/wp-json\/wp\/v2\/media?parent=87394"}],"curies":[{"name":"wp","href":"https:\/\/api.w.org\/{rel}","templated":true}]}}