{"id":47070,"date":"2024-11-28T12:24:15","date_gmt":"2024-11-28T12:24:15","guid":{"rendered":"https:\/\/www.bestbrokers.com\/?page_id=47070"},"modified":"2025-02-14T07:52:46","modified_gmt":"2025-02-14T07:52:46","slug":"about-us","status":"publish","type":"page","link":"https:\/\/www.bestbrokers.com\/nl\/about-us\/","title":{"rendered":"Over ons"},"content":{"rendered":"<h2 id=\"mission-statement\">Onze missie<\/h2>\n<p> Mijn naam is <a href=\"https:\/\/www.linkedin.com\/in\/miro-nikolov-1946b9141\/\" rel=\"nofollow noopener noreferrer\" target=\"_blank\">Miro Nikolov<\/a> en ik ben medeoprichter van <strong>BestBrokers.com<\/strong>. Onze missie als team is om handelaars te helpen goed ge\u00efnformeerde beslissingen te nemen bij het kiezen van een handelsplatform. Alle op BestBrokers vermelde brokers zijn gelicentieerd in tier-\u00e9\u00e9n jurisdicties (<a href=\"https:\/\/www.bestbrokers.com\/nl\/forex-brokers\/asic-regulated-forex-brokers\/\">Asic, Australi\u00eb<\/a>; <a href=\"https:\/\/www.bestbrokers.com\/nl\/forex-brokers\/fca-regulated-forex-brokers\/\">FCA, VK<\/a> of <a href=\"https:\/\/www.bestbrokers.com\/nl\/forex-brokers\/cysec-regulated-forex-brokers\/\">CYSEC, Cyprus<\/a>).<\/p>\n<p>Omdat onpartijdigheid en nauwkeurigheid tot onze kernwaarden behoren, hebben we een eigen methodologie ontwikkeld die ons in staat stelt om een onbevooroordeelde evaluatie van de brokers die we beoordelen te cre\u00ebren en aanbevelingen te geven. Onze uitgebreide methodologie omvat gebieden zoals licenties, feedback van de gemeenschap gebaseerd op <a href=\"https:\/\/www.trustpilot.com\/\" rel=\"nofollow noopener noreferrer\" target=\"_blank\">Trustpilotscores<\/a>, handelssoftware, portefeuillediversiteit, orderuitvoering en nog veel meer.<\/p>\n<p>Van <a href=\"https:\/\/www.bestbrokers.com\/nl\/forex-brokers\/best-low-cost-forex-brokers\/\">handelskosten<\/a> en betaalmethoden tot activaklassen en regelgeving, u krijgt eenvoudig alle details over de brokers in \u00e9\u00e9n oogopslag  te zien. Of u nu een beginner bent of een ervaren belegger, wij kunnen u helpen de juiste keuze te maken. We beperken ons echter niet tot <a href=\"https:\/\/www.bestbrokers.com\/nl\/reviews\/\">Brokerreviews<\/a>.<\/p>\n<p>Deze website biedt gedetailleerde gidsen over belangrijke financi\u00eble instrumenten zoals valutaparen, <a href=\"https:\/\/www.bestbrokers.com\/nl\/stock-brokers\/\">aandelen<\/a>, <a href=\"https:\/\/www.bestbrokers.com\/nl\/crypto-brokers\/\">cryptomunten<\/a> en grondstoffen. Hier kunt u de basis leren van <a href=\"https:\/\/www.bestbrokers.com\/nl\/technical-analysis-trading\/\">technische<\/a> en <a href=\"https:\/\/www.bestbrokers.com\/nl\/fundamental-analysis-trading\/\">fundamentele analyse<\/a>, en leren over de verschillende handelsstrategie\u00ebn die u kunnen helpen om te verbeteren.<\/p>\n<p>Onze voornaamste motivatie voor wat we doen is simpel \u2013 wij geloven sterk dat kennis op zichzelf macht is. Het verwerven ervan is de belangrijkste stap in het proces om een succesvolle handelaar te worden.<\/p>\n<section class=\"section-team\">\n<h2 id=\"our-team\">Ons Team<\/h2>\n<ul class=\"list-team\">\n<li>\n<div class=\"member-card\">\n<div class=\"member-photo\">\n      <img decoding=\"async\" src=\"\/wp-content\/themes\/best-brokers\/assets\/images\/team\/miro-nikolov.jpg\" alt=\"Miro Nikolov\">\n    <\/div>\n<div class=\"member-info\">\n<div class=\"member-name\">\n        <span>Miro Nikolov<\/span><br \/>\n        <a href=\"https:\/\/www.linkedin.com\/in\/miro-nikolov-1946b9141\/\" target=\"_blank\" class=\"member-link\" rel=\"noopener\"><i class=\"ico-linkedin\"><\/i><\/a>\n      <\/div>\n<p class=\"member-title\"><b>Co-Founder &amp; CEO<\/b><\/p>\n<p class=\"member-resume\">Miro is de medeoprichter en hoofd content-strateeg bij BestBrokers.<\/p>\n<\/p><\/div>\n<\/p><\/div>\n<\/li>\n<li>\n<div class=\"member-card\">\n<div class=\"member-photo\">\n      <img decoding=\"async\" src=\"\/wp-content\/themes\/best-brokers\/assets\/images\/team\/ivo.jpg\" alt=\"Ivo Nedev\">\n    <\/div>\n<div class=\"member-info\">\n<div class=\"member-name\">\n        <span>Ivo Nedev<\/span><br \/>\n        <a href=\"https:\/\/www.linkedin.com\/in\/ivo-nedev-23a3052aa\/\" target=\"_blank\" class=\"member-link\" rel=\"noopener\"><i class=\"ico-linkedin\"><\/i><\/a>\n      <\/div>\n<p class=\"member-title\"><b>Mede-oprichter &amp; Data-analist<\/b><\/p>\n<p class=\"member-resume\">Ivo heeft BestBrokers mee opgericht en is verantwoordelijk voor het bouwen van het datamodel voor onze brokeranalyses.<\/p>\n<\/p><\/div>\n<\/p><\/div>\n<\/li>\n<li>\n<div class=\"member-card\">\n<div class=\"member-photo\">\n      <img decoding=\"async\" src=\"\/wp-content\/themes\/best-brokers\/assets\/images\/team\/pavel.jpeg\" alt=\"Pavel Stoychev\">\n    <\/div>\n<div class=\"member-info\">\n<div class=\"member-name\">\n        <span>Pavel Stoychev<\/span>\n      <\/div>\n<p class=\"member-title\"><b>CTO<\/b><\/p>\n<p class=\"member-resume\">Pavel zorgt ervoor dat de complexe IT-infrastructuur van BestBrokers altijd vlot draait.<\/p>\n<\/p><\/div>\n<\/p><\/div>\n<\/li>\n<li>\n<div class=\"member-card\">\n<div class=\"member-photo\">\n      <img decoding=\"async\" src=\"\/wp-content\/themes\/best-brokers\/assets\/images\/team\/dennis.jpg\" alt=\"Denis\">\n    <\/div>\n<div class=\"member-info\">\n<div class=\"member-name\">\n        <span>Denis Dervishev<\/span><br \/>\n        <a href=\"https:\/\/www.linkedin.com\/in\/denis-dervishev\/\" target=\"_blank\" class=\"member-link\" rel=\"noopener\"><i class=\"ico-linkedin\"><\/i><\/a>\n      <\/div>\n<p class=\"member-title\"><b>Mediarelaties<\/b><\/p>\n<p class=\"member-resume\">Denis verzorgt de communicatie met de media en PR.<\/p>\n<\/p><\/div>\n<\/p><\/div>\n<\/li>\n<li>\n<div class=\"member-card\">\n<div class=\"member-photo\">\n      <img decoding=\"async\" src=\"\/wp-content\/themes\/best-brokers\/assets\/images\/team\/vicky.png\" alt=\"Vicky\">\n    <\/div>\n<div class=\"member-info\">\n<div class=\"member-name\">\n        <span>Veronica Hristova<\/span><br \/>\n        <a href=\"https:\/\/www.linkedin.com\/in\/veronica-hristova-4638841bb\/\" class=\"member-link\"><i class=\"ico-linkedin\"><\/i><\/a>\n      <\/div>\n<p class=\"member-title\"><b>Front-end Developer<\/b><\/p>\n<p class=\"member-resume\">Veronica is de front-end developer bij BestBrokers en zorgt voor de UX van onze website.<\/p>\n<\/p><\/div>\n<\/p><\/div>\n<\/li>\n<\/ul>\n<\/section>\n<section class=\"section-team\">\n<h2 id=\"authors\">Onze Auteurs<\/h2>\n<ul class=\"list-team\">\n<li>\n<div class=\"member-card\">\n<div class=\"member-photo\">\n        <img decoding=\"async\" src=\"\/wp-content\/themes\/best-brokers\/assets\/images\/team\/diliana.jpg\" alt=\"Profielfoto van Diliana Hristova\">\n      <\/div>\n<div class=\"member-info\">\n<div class=\"member-name\">\n          <span>Diliana Hristova<\/span>\n        <\/div>\n<p class=\"member-title\"><b>Hoofd van Content<\/b><\/p>\n<p class=\"member-resume\">Diliana is ons hoofd van Content bij BestBrokers en zij is verantwoordelijk voor een deel van het oorspronkelijke onderzoek dat we hier doen.<\/p>\n<\/p><\/div>\n<\/p><\/div>\n<\/li>\n<li>\n<div class=\"member-card\">\n<div class=\"member-photo\">\n        <img decoding=\"async\" src=\"\/wp-content\/uploads\/2022\/03\/eifeanyi-150x150.webp\" alt=\"Profielfoto van Emmanuel Ifeanyi Ekwomadu\">\n      <\/div>\n<div class=\"member-info\">\n<div class=\"member-name\">\n          <span>Emmanuel Ekwomadu<\/span><br \/>\n          <a href=\"https:\/\/www.linkedin.com\/in\/emmanuel-ifeanyi-e-309512182\/\" target=\"_blank\" class=\"member-link\" rel=\"noopener\"><i class=\"ico-linkedin\"><\/i><\/a>\n        <\/div>\n<p class=\"member-title\"><b>Auteur<\/b><\/p>\n<p class=\"member-resume\">Emmanuel is een financi\u00eble contentschrijver gespecialiseerd in Forex, Aandelen en Cryptohandel. Hij is de persoon achter de meeste brokerreviews die u op BestBrokers.com kunt vinden.<\/p>\n<\/p><\/div>\n<\/p><\/div>\n<\/li>\n<li>\n<div class=\"member-card\">\n<div class=\"member-photo\">\n        <img decoding=\"async\" src=\"\/wp-content\/uploads\/2024\/09\/zornica-stefanova-150x150.jpeg\" alt=\"Profielfoto van Zornitsa Stefanova\">\n      <\/div>\n<div class=\"member-info\">\n<div class=\"member-name\">\n          <span>Zornitsa Stefanova<\/span><br \/>\n          <a href=\"https:\/\/www.linkedin.com\/in\/zornica-stefanova-73ab39287\/\" target=\"_blank\" class=\"member-link\" rel=\"noopener\"><i class=\"ico-linkedin\"><\/i><\/a>\n        <\/div>\n<p class=\"member-title\"><b>Auteur<\/b><\/p>\n<p class=\"member-resume\">Zornitsa is een ervaren forex en crypto-analist. Ze behandelt ook verschillende financi\u00eble onderwerpen zoals aandelenhandel en pensioeninvesteringen.<\/p>\n<\/p><\/div>\n<\/p><\/div>\n<\/li>\n<li>\n<div class=\"member-card\">\n<div class=\"member-photo\">\n        <img decoding=\"async\" src=\"\/wp-content\/uploads\/2026\/04\/nnazifova.webp\" alt=\"Profielfoto van Naylyan Nazifova\">\n      <\/div>\n<div class=\"member-info\">\n<div class=\"member-name\">\n          <span>Naylyan Nazifova<\/span><br \/>\n          <a href=\"https:\/\/www.linkedin.com\/in\/naylian-nazifova-58562a272\/\" target=\"_blank\" class=\"member-link\" rel=\"noopener\"><i class=\"ico-linkedin\"><\/i><\/a>\n        <\/div>\n<p class=\"member-title\"><b>Auteur<\/b><\/p>\n<p class=\"member-resume\">Naylyan is een erkend expert op het gebied van online handel. Ze heeft veel publicaties en analyses over forex trading, aandelenbeleggingen en persoonlijke financi\u00ebn.<\/p>\n<\/p><\/div>\n<\/p><\/div>\n<\/li>\n<li>\n<div class=\"member-card\">\n<div class=\"member-photo\">\n        <img decoding=\"async\" src=\"\/wp-content\/uploads\/2022\/03\/rperry-150x150.webp\" alt=\"Profielfoto van Richard Perry\">\n      <\/div>\n<div class=\"member-info\">\n<div class=\"member-name\">\n          <span>Richard Perry<\/span><br \/>\n          <a href=\"https:\/\/www.linkedin.com\/in\/richard-perry-5918921b\/\" target=\"_blank\" class=\"member-link\" rel=\"noopener\"><i class=\"ico-linkedin\"><\/i><\/a>\n        <\/div>\n<p class=\"member-title\"><b>Auteur<\/b><\/p>\n<p class=\"member-resume\">Richard is een erkend expert in technische analyse en marktstrategie, met significante ervaring in valuta- en aandelenmarkten. Hij heeft zijn eigen bureau opgericht genaamd Perry Market Analysis, dat consultancies-analyse van grote markten biedt, inclusief onderzoek via webinars, video&#8217;s en geschreven analyses.<\/p>\n<\/p><\/div>\n<\/p><\/div>\n<\/li>\n<\/ul>\n<\/section>\n<section class=\"section-team\">\n<h2 id=\"translators\">Onze Vertalers<\/h2>\n<ul class=\"list-team\">\n<li>\n<div class=\"member-card\">\n<div class=\"member-photo\">\n          <img decoding=\"async\" src=\"\/wp-content\/themes\/best-brokers\/assets\/images\/team\/luca-mele.jpg\" alt=\"Profielfoto van Luca Mele\">\n        <\/div>\n<div class=\"member-info\">\n<div class=\"member-name\">\n              <span>Luca Mele<\/span><br \/>\n              <a href=\"https:\/\/www.linkedin.com\/in\/luca-mele\/?locale=it_IT\" target=\"_blank\" class=\"member-link\" rel=\"noopener\"><i class=\"ico-linkedin\"><\/i><\/a>\n            <\/div>\n<p class=\"member-title\"><b>Italiaanse Vertaler<\/b><\/p>\n<p class=\"member-resume\">Luca is verantwoordelijk voor de vertaling van onze inhoud in het Italiaans.<\/p>\n<\/p><\/div>\n<\/p><\/div>\n<\/li>\n<li>\n<div class=\"member-card\">\n<div class=\"member-photo\">\n          <img decoding=\"async\" src=\"\/wp-content\/themes\/best-brokers\/assets\/images\/team\/estrella-fernandez.jpg\" alt=\"Profielfoto van Estrella Fernandez\">\n        <\/div>\n<div class=\"member-info\">\n<div class=\"member-name\">\n              <span>Estrella Fernandez<\/span><br \/>\n              <a href=\"https:\/\/www.linkedin.com\/in\/estrella-fern%C3%A1ndez-gordillo-a54ab483\/?originalSubdomain=es\" target=\"_blank\" class=\"member-link\" rel=\"noopener\"><i class=\"ico-linkedin\"><\/i><\/a>\n            <\/div>\n<p class=\"member-title\"><b>Spaanse Vertaler<\/b><\/p>\n<p class=\"member-resume\">Estrella maakt deel uit van het Spaanse vertaalteam bij BestBrokers.<\/p>\n<\/p><\/div>\n<\/p><\/div>\n<\/li>\n<li>\n<div class=\"member-card\">\n<div class=\"member-photo\">\n          <img decoding=\"async\" src=\"\/wp-content\/themes\/best-brokers\/assets\/images\/team\/profile-avatar.webp\" alt=\"Profielfoto\">\n        <\/div>\n<div class=\"member-info\">\n<div class=\"member-name\">\n              <span>Raimon Moreno<\/span><br \/>\n              <a href=\"https:\/\/www.linkedin.com\/in\/raimon-moreno-ruiz-carrillo\/\" target=\"_blank\" class=\"member-link\" rel=\"noopener\"><i class=\"ico-linkedin\"><\/i><\/a>\n            <\/div>\n<p class=\"member-title\"><b>Spaanse Vertaler<\/b><\/p>\n<p class=\"member-resume\">Raimon maakt deel uit van het Spaanse vertaalteam bij BestBrokers.<\/p>\n<\/p><\/div>\n<\/p><\/div>\n<\/li>\n<\/ul>\n<\/section>\n<h2 id=\"in-the-media\">Citaten van ons werk in de media<\/h2>\n\n\t\t<section class=\"section-journalists\">\t<div class=\"module-team\">\n\t\t\t\t<div class=\"team\">\n\t\t\t\t\t<div class=\"team-cards\">\n\t\t\t\t\t\t<div class=\"j-container\">\n\t\t\t\t\t\t\t<div class=\"j-wrapper\">\n\t\n\t\t\t<div class=\"j-slide\">\n\t            <div class=\"card\">\n\t\t            <span class=\"bg\"><\/span>\n\n\t\t            <figure class=\"photo\"><img decoding=\"async\" src=\"https:\/\/www.bestbrokers.com\/wp-content\/themes\/best-brokers\/assets\/images\/resources\/section-journalists\/simon.webp\"\" alt=\"Simon Constable\"><\/figure>\n\n\t\t            <article class=\"text\">\n\t\t\t            <p class=\"name\">Simon Constable<\/p>\n\n\t\t\t            <a class=\"icon-brand\" href=\"https:\/\/www.forbes.com\/sites\/simonconstable\/2023\/08\/31\/new-data-shows-how-scotlands-economic-policies-snuff-out-entrepreneurialism\/\" target=\"_blank\" rel=\"nofollow\" data-index=\"0\"><img decoding=\"async\" src=\"https:\/\/www.bestbrokers.com\/wp-content\/themes\/best-brokers\/assets\/images\/resources\/section-journalists\/forbes-logo.webp\" alt=\"Logo of Forbes\"><i class=\"ico ico--click\"><\/i><\/a>\n\t\t            <\/article>\n\n\t\t\t        <div class=\"social\">\n\t\t\t            <div class=\"icons\">\n\t\t\t            <a class=\"icon\" href=\"https:\/\/www.linkedin.com\/in\/simonconstable\/\" target=\"_blank\" rel=\"nofollow\" data-index=\"2\"><img decoding=\"async\" src=\"https:\/\/www.bestbrokers.com\/wp-content\/themes\/best-brokers\/assets\/images\/resources\/section-journalists\/linkedin.svg\"><\/a>\n\t\t\t            <a class=\"icon\" href=\"https:\/\/x.com\/RealConstable\" target=\"_blank\" rel=\"nofollow\" data-index=\"3\"><img decoding=\"async\" src=\"https:\/\/www.bestbrokers.com\/wp-content\/themes\/best-brokers\/assets\/images\/resources\/section-journalists\/twitter-x.svg\"><\/a>            \n\t\t\t            <\/div>\n\t\t            <\/div>\n\t            <\/div>\n            <\/div>\n\t\t\n\t\t\t<div class=\"j-slide\">\n\t            <div class=\"card\">\n\t\t            <span class=\"bg\"><\/span>\n\n\t\t            <figure class=\"photo\"><img decoding=\"async\" src=\"https:\/\/www.bestbrokers.com\/wp-content\/themes\/best-brokers\/assets\/images\/resources\/section-journalists\/jessica.webp\"\" alt=\"Jessica Dickler\"><\/figure>\n\n\t\t            <article class=\"text\">\n\t\t\t            <p class=\"name\">Jessica Dickler<\/p>\n\n\t\t\t            <a class=\"icon-brand\" href=\"https:\/\/www.cnbc.com\/amp\/2024\/06\/02\/heres-whats-wrong-with-tiktoks-viral-money-hacks.html\" target=\"_blank\" rel=\"nofollow\" data-index=\"0\"><img decoding=\"async\" src=\"https:\/\/www.bestbrokers.com\/wp-content\/themes\/best-brokers\/assets\/images\/resources\/section-journalists\/cbnc-logo.webp\" alt=\"Logo of CNBC\"><i class=\"ico ico--click\"><\/i><\/a>\n\t\t            <\/article>\n\n\t\t\t        <div class=\"social\">\n\t\t\t            <div class=\"icons\">\n\t\t\t            <a class=\"icon\" href=\"https:\/\/www.linkedin.com\/in\/jessicadickler\/\" target=\"_blank\" rel=\"nofollow\" data-index=\"2\"><img decoding=\"async\" src=\"https:\/\/www.bestbrokers.com\/wp-content\/themes\/best-brokers\/assets\/images\/resources\/section-journalists\/linkedin.svg\"><\/a>\n\t\t\t            <a class=\"icon\" href=\"https:\/\/x.com\/jdickler\" target=\"_blank\" rel=\"nofollow\" data-index=\"3\"><img decoding=\"async\" src=\"https:\/\/www.bestbrokers.com\/wp-content\/themes\/best-brokers\/assets\/images\/resources\/section-journalists\/twitter-x.svg\"><\/a>            \n\t\t\t            <\/div>\n\t\t            <\/div>\n\t            <\/div>\n            <\/div>\n\t\t\n\t\t\t<div class=\"j-slide\">\n\t            <div class=\"card\">\n\t\t            <span class=\"bg\"><\/span>\n\n\t\t            <figure class=\"photo\"><img decoding=\"async\" src=\"https:\/\/www.bestbrokers.com\/wp-content\/themes\/best-brokers\/assets\/images\/resources\/section-journalists\/anna.webp\"\" alt=\"Anna Baydakova\"><\/figure>\n\n\t\t            <article class=\"text\">\n\t\t\t            <p class=\"name\">Anna Baydakova<\/p>\n\n\t\t\t            <a class=\"icon-brand\" href=\"https:\/\/www.coindesk.com\/consensus-magazine\/2023\/07\/13\/nexo-in-court-with-a-co-founder-over-12m-in-missing-assets\/\" target=\"_blank\" rel=\"nofollow\" data-index=\"0\"><img decoding=\"async\" src=\"https:\/\/www.bestbrokers.com\/wp-content\/themes\/best-brokers\/assets\/images\/resources\/section-journalists\/coindesk-logo.webp\" alt=\"Logo of Coindesk\"><i class=\"ico ico--click\"><\/i><\/a>\n\t\t            <\/article>\n\n\t\t\t        <div class=\"social\">\n\t\t\t            <div class=\"icons\">\n\t\t\t            <a class=\"icon\" href=\"https:\/\/www.linkedin.com\/in\/anna-baydakova\/\" target=\"_blank\" rel=\"nofollow\" data-index=\"2\"><img decoding=\"async\" src=\"https:\/\/www.bestbrokers.com\/wp-content\/themes\/best-brokers\/assets\/images\/resources\/section-journalists\/linkedin.svg\"><\/a>\n\t\t\t            <a class=\"icon\" href=\"https:\/\/x.com\/baidakova\" target=\"_blank\" rel=\"nofollow\" data-index=\"3\"><img decoding=\"async\" src=\"https:\/\/www.bestbrokers.com\/wp-content\/themes\/best-brokers\/assets\/images\/resources\/section-journalists\/twitter-x.svg\"><\/a>            \n\t\t\t            <\/div>\n\t\t            <\/div>\n\t            <\/div>\n            <\/div>\n\t\t\n\t\t\t<div class=\"j-slide\">\n\t            <div class=\"card\">\n\t\t            <span class=\"bg\"><\/span>\n\n\t\t            <figure class=\"photo\"><img decoding=\"async\" src=\"https:\/\/www.bestbrokers.com\/wp-content\/themes\/best-brokers\/assets\/images\/resources\/section-journalists\/chris.webp\"\" alt=\"Chris Matthews\"><\/figure>\n\n\t\t            <article class=\"text\">\n\t\t\t            <p class=\"name\">Chris Matthews<\/p>\n\n\t\t\t            <a class=\"icon-brand\" href=\"https:\/\/www.dailymail.co.uk\/news\/article-13379119\/Gen-Z-youngsters-rich-quick-hustles-jobs-ambitious-lazy-kids-moan-society-positively.html\" target=\"_blank\" rel=\"nofollow\" data-index=\"0\"><img decoding=\"async\" src=\"https:\/\/www.bestbrokers.com\/wp-content\/themes\/best-brokers\/assets\/images\/resources\/section-journalists\/mailonline-logo.webp\" alt=\"Logo of Daily Mail\"><i class=\"ico ico--click\"><\/i><\/a>\n\t\t            <\/article>\n\n\t\t\t        <div class=\"social\">\n\t\t\t            <div class=\"icons\">\n\t\t\t            <a class=\"icon\" href=\"https:\/\/www.linkedin.com\/in\/chris-matthews\/\" target=\"_blank\" rel=\"nofollow\" data-index=\"2\"><img decoding=\"async\" src=\"https:\/\/www.bestbrokers.com\/wp-content\/themes\/best-brokers\/assets\/images\/resources\/section-journalists\/linkedin.svg\"><\/a>\n\t\t\t            <a class=\"icon\" href=\"https:\/\/x.com\/bychrismatthews\" target=\"_blank\" rel=\"nofollow\" data-index=\"3\"><img decoding=\"async\" src=\"https:\/\/www.bestbrokers.com\/wp-content\/themes\/best-brokers\/assets\/images\/resources\/section-journalists\/twitter-x.svg\"><\/a>            \n\t\t\t            <\/div>\n\t\t            <\/div>\n\t            <\/div>\n            <\/div>\n\t\t\n\t\t\t<div class=\"j-slide\">\n\t            <div class=\"card\">\n\t\t            <span class=\"bg\"><\/span>\n\n\t\t            <figure class=\"photo\"><img decoding=\"async\" src=\"https:\/\/www.bestbrokers.com\/wp-content\/themes\/best-brokers\/assets\/images\/resources\/section-journalists\/kit.webp\"\" alt=\"Kit Eaton\"><\/figure>\n\n\t\t            <article class=\"text\">\n\t\t\t            <p class=\"name\">Kit Eaton<\/p>\n\n\t\t\t            <a class=\"icon-brand\" href=\"https:\/\/www.inc.com\/kit-eaton\/ai-companies-lead-2024-crop-of-new-unicorn-startups.html\" target=\"_blank\" rel=\"nofollow\" data-index=\"0\"><img decoding=\"async\" src=\"https:\/\/www.bestbrokers.com\/wp-content\/themes\/best-brokers\/assets\/images\/resources\/section-journalists\/inc-logo.webp\" alt=\"Logo of INC.com\"><i class=\"ico ico--click\"><\/i><\/a>\n\t\t            <\/article>\n\n\t\t\t        <div class=\"social\">\n\t\t\t            <div class=\"icons\">\n\t\t\t            <a class=\"icon\" href=\"https:\/\/www.linkedin.com\/in\/kit-eaton-26434926\/\" target=\"_blank\" rel=\"nofollow\" data-index=\"2\"><img decoding=\"async\" src=\"https:\/\/www.bestbrokers.com\/wp-content\/themes\/best-brokers\/assets\/images\/resources\/section-journalists\/linkedin.svg\"><\/a>\n\t\t\t            <a class=\"icon\" href=\"https:\/\/x.com\/kiteaton\" target=\"_blank\" rel=\"nofollow\" data-index=\"3\"><img decoding=\"async\" src=\"https:\/\/www.bestbrokers.com\/wp-content\/themes\/best-brokers\/assets\/images\/resources\/section-journalists\/twitter-x.svg\"><\/a>            \n\t\t\t            <\/div>\n\t\t            <\/div>\n\t            <\/div>\n            <\/div>\n\t\t\t\t\t\t\t\t\n\t\t\t\t\t\t\t<\/div>\n\t\t\t\t\t\t<\/div>\n\t\t\t\t\t<\/div>\n\t\t\t\t<\/div>\n\t\t\t<\/div>\n\n\t\t<\/section>\n\t\n<h2 id=\"contact-information\">Contactinformatie<\/h2>\n<p>Voor vragen kunt u mij gerust via e-mail contacteren op <a href=\"mailto:info@bestbrokers.com\">info@bestbrokers.com<\/a> of via <a href=\"https:\/\/www.linkedin.com\/in\/miro-nikolov-1946b9141\" rel=\"nofollow noopener noreferrer\" target=\"_blank\">LinkedIn<\/a>.<\/p>\n<div class=\"alert alert-primary\" role=\"alert\">\nBestBrokers.com wordt beheerd door AFF MEDIA Ltd.<br \/>\nBedrijfsadres: Strahil voyvoda 15, Varna 9000, Bulgarije<br \/>\nBedrijfsregistratienummer: 202678029.\n<\/div>\n","protected":false},"excerpt":{"rendered":"<p>Onze missie Mijn naam is Miro Nikolov en ik ben medeoprichter van BestBrokers.com. Onze missie als team is om handelaars te helpen goed ge\u00efnformeerde beslissingen te nemen bij het kiezen van een handelsplatform. Alle op BestBrokers vermelde brokers zijn gelicentieerd in tier-\u00e9\u00e9n jurisdicties (Asic, Australi\u00eb; FCA, VK of CYSEC, Cyprus). Omdat onpartijdigheid en nauwkeurigheid tot [&hellip;]<\/p>\n","protected":false},"author":2,"featured_media":0,"parent":0,"menu_order":0,"comment_status":"closed","ping_status":"closed","template":"templates\/full-width.php","meta":{"footnotes":""},"class_list":["post-47070","page","type-page","status-publish","hentry"],"aioseo_notices":[],"_links":{"self":[{"href":"https:\/\/www.bestbrokers.com\/nl\/wp-json\/wp\/v2\/pages\/47070","targetHints":{"allow":["GET"]}}],"collection":[{"href":"https:\/\/www.bestbrokers.com\/nl\/wp-json\/wp\/v2\/pages"}],"about":[{"href":"https:\/\/www.bestbrokers.com\/nl\/wp-json\/wp\/v2\/types\/page"}],"author":[{"embeddable":true,"href":"https:\/\/www.bestbrokers.com\/nl\/wp-json\/wp\/v2\/users\/2"}],"replies":[{"embeddable":true,"href":"https:\/\/www.bestbrokers.com\/nl\/wp-json\/wp\/v2\/comments?post=47070"}],"version-history":[{"count":7,"href":"https:\/\/www.bestbrokers.com\/nl\/wp-json\/wp\/v2\/pages\/47070\/revisions"}],"predecessor-version":[{"id":58646,"href":"https:\/\/www.bestbrokers.com\/nl\/wp-json\/wp\/v2\/pages\/47070\/revisions\/58646"}],"wp:attachment":[{"href":"https:\/\/www.bestbrokers.com\/nl\/wp-json\/wp\/v2\/media?parent=47070"}],"curies":[{"name":"wp","href":"https:\/\/api.w.org\/{rel}","templated":true}]}}